{"id":9714,"date":"2024-03-28T05:26:33","date_gmt":"2024-03-28T04:26:33","guid":{"rendered":"https:\/\/domkisauny.pl\/?post_type=product&#038;p=9714"},"modified":"2025-06-03T12:27:23","modified_gmt":"2025-06-03T10:27:23","slug":"bazen-premium-spa-s-protiprudom-485-x-235-cm","status":"publish","type":"product","link":"https:\/\/dev.domkisauny.pl\/sk\/produkt\/bazen-premium-spa-s-protiprudom-485-x-235-cm\/","title":{"rendered":"Baz\u00e9n Premium SPA s protipr\u00fadom 485 x 235 cm"},"content":{"rendered":"<p>\u010co by to bol za letn\u00fd relax bez tr\u00e1venia \u010dasu pri vode?<strong> V tomto ro\u010dnom obdob\u00ed n\u00e1s po\u010dasie samo nab\u00e1da k relaxu vonku a s dreven\u00fdm baz\u00e9nom si ho m\u00f4\u017eete u\u017ei\u0165 aj vo vlastnej z\u00e1hrade. <\/strong>Tak\u00e1to prest\u00e1vka v pr\u00e1ci je skvel\u00fd sp\u00f4sob, ako si skuto\u010dne odd\u00fdchnu\u0165.<\/p>\n<h3><strong>Vybavenie Baz\u00e9nu Premium<\/strong><\/h3>\n<h3>\u0160pecifik\u00e1cia baz\u00e9na<\/h3>\n<h4>Z\u00e1kladn\u00e9 vybavenie:<\/h4>\n<ul>\n<li><strong>Vlo\u017eka<\/strong> z polypropyl\u00e9novej dosky <strong>6 mm<\/strong><\/li>\n<li>Dreven\u00e9 <strong>schody<\/strong><\/li>\n<li>Nerezov\u00fd <strong>rebr\u00edk<\/strong><\/li>\n<li><strong>Protipr\u00fadov\u00fd syst\u00e9m<\/strong><\/li>\n<li><strong>Filtra\u010dn\u00fd skimmer<\/strong><\/li>\n<li><strong>Stena s prepadovou tryskou<\/strong><\/li>\n<li><strong>LED osvetlenie<\/strong><\/li>\n<li><strong>Invertorov\u00e9 tepeln\u00e9 \u010derpadlo 9 kW<\/strong><\/li>\n<li><strong>Pieskov\u00fd filter<\/strong> (s\u00fa\u010das\u0165ou balenia s vlo\u017ekou)<\/li>\n<li><strong>Gener\u00e1tor chl\u00f3ru<\/strong><\/li>\n<\/ul>\n<h4>Technick\u00e9 \u00fadaje:<\/h4>\n<ul>\n<li>Vonkaj\u0161ia \u0161\u00edrka:<strong> 235 cm<\/strong><\/li>\n<li>Vn\u00fatorn\u00e1 \u0161\u00edrka: <strong>191 cm<\/strong><\/li>\n<li>Vonkaj\u0161ia d\u013a\u017eka: <strong>485 cm<\/strong><\/li>\n<li>Vn\u00fatorn\u00e1 d\u013a\u017eka: <strong>360 cm<\/strong><\/li>\n<li>Vonkaj\u0161ia v\u00fd\u0161ka: <strong>110 cm<\/strong> (stena +73 cm)<\/li>\n<li>H\u013abka baz\u00e9na: <strong>100 cm<\/strong><\/li>\n<li>Kapacita: cca <strong>6840 L<\/strong><\/li>\n<li>Dreven\u00e1 r\u00e1mov\u00e1 kon\u0161trukcia, smrek<\/li>\n<li>Lamelov\u00e1 fas\u00e1da z thermo dreva &#8211; <strong>19 mm<\/strong><\/li>\n<li>Hmotnos\u0165: cca <strong>1100 kg<\/strong><\/li>\n<\/ul>\n<p>Pou\u017eit\u00edm overen\u00fdch rie\u0161en\u00ed garantujeme, \u017ee model spln\u00ed v\u0161etky o\u010dak\u00e1vania. Navy\u0161e sa m\u00f4\u017ee pochv\u00e1li\u0165 pomerne ve\u013ek\u00fdmi rozmermi. Jeho vonkaj\u0161ie rozmery s\u00fa: 485 \u00d7 235 cm a vn\u00fatorn\u00e9 360 \u00d7 190 cm. V\u00fd\u0161ka kade je 100 cm.<\/p>\n<h3><strong>Vysok\u00fd \u0161tandard kon\u0161trukcie z\u00e1hradn\u00e9ho baz\u00e9na s protipr\u00fadom<\/strong><\/h3>\n<p>Baz\u00e9n Premium SPA s protipr\u00fadom 4,85 \u00d7 2,35 m je spojen\u00edm modernej estetiky s nepochybne odolnou kon\u0161trukciou. <strong>Za jeho vonkaj\u0161\u00ed vzh\u013ead v\u010fa\u010d\u00ed elegantn\u00e9mu \u010dal\u00faneniu Thermo drevom, ktor\u00e9 dokonale dop\u013a\u0148a typick\u00fd \u0161kandin\u00e1vsky dizajn.<\/strong> Pou\u017eit\u00edm minimalistick\u00e9ho \u0161t\u00fdlu dokonale zapad\u00e1 do aktu\u00e1lnych trendov. Doplnen\u00edm baz\u00e9nu Premium je jeho interi\u00e9r, ktor\u00fd tvor\u00ed modr\u00e1 polypropyl\u00e9nov\u00e1 vlo\u017eka. Aj ke\u010f v\u00fdrazne ovplyv\u0148uje estetiku modelu, jeho najv\u00e4\u010d\u0161ou a najd\u00f4le\u017eitej\u0161ou v\u00fdhodou je jeho praktick\u00e1 str\u00e1nka. <strong>T\u00e1to n\u00e1pl\u0148 rob\u00ed proti pr\u00fadov\u00fd baz\u00e9n \u00faplne tesn\u00fdm. <\/strong>Navy\u0161e je pevn\u00fd aj preto, \u017ee cel\u00e1 kon\u0161trukcia je vystu\u017een\u00e1. V\u010faka tomu si m\u00f4\u017eeme by\u0165 ist\u00ed, \u017ee sa nedeformuje vplyvom v\u00e1hy vody alebo nepriazniv\u00fdch poveternostn\u00fdch podmienok. Pre pohodln\u00e9 pou\u017e\u00edvanie je navy\u0161e baz\u00e9n vybaven\u00fd dreven\u00fdmi schod\u00edkmi a kovov\u00fdm rebr\u00edkom.<\/p>\n<p>Nov\u00fd model baz\u00e9na SPA Premium zaru\u010duje uvo\u013enen\u00fd odpo\u010dinok. Pomocou pieskov\u00e9ho filtra v kombin\u00e1cii s prepadovou tryskou bude voda dokonale \u010dist\u00e1 po\u010das celej sez\u00f3ny. Pre bla\u017een\u00fd relax potrebujete aj spr\u00e1vnu teplotu. K tomu n\u00e1m pom\u00f4\u017ee \u00fa\u010dinn\u00e9 tepeln\u00e9 \u010derpadlo s v\u00fdkonom 7,6 kW.<\/p>\n<p>Nov\u00fd model baz\u00e9nu SPA Premium zaru\u010duje uvoln\u011bn\u00fd odpo\u010dinek. Pomoc\u00ed p\u00edskov\u00e9ho filtru v kombinaci s p\u0159epadovou tryskou bude voda dokonale \u010dist\u00e1 po celou sez\u00f3nu. Pro bla\u017een\u00fd relax pot\u0159ebujete tak\u00e9 spr\u00e1vnou teplotu. K tomu n\u00e1m pom\u016f\u017ee \u00fa\u010dinn\u00e9 tepeln\u00e9 \u010derpadlo o v\u00fdkonu 7,6 kW.<\/p>\n<p><img loading=\"lazy\" decoding=\"async\" class=\"aligncenter size-full wp-image-9600\" src=\"https:\/\/domkysauny.cz\/wp-content\/uploads\/2024\/03\/Basen-Premium-485x235-ze-scianka-wizualizacja.jpg\" alt=\"\" width=\"1500\" height=\"844\" srcset=\"https:\/\/dev.domkisauny.pl\/wp-content\/uploads\/2024\/03\/Basen-Premium-485x235-ze-scianka-wizualizacja.jpg 1500w, https:\/\/dev.domkisauny.pl\/wp-content\/uploads\/2024\/03\/Basen-Premium-485x235-ze-scianka-wizualizacja-300x169.jpg 300w, https:\/\/dev.domkisauny.pl\/wp-content\/uploads\/2024\/03\/Basen-Premium-485x235-ze-scianka-wizualizacja-768x432.jpg 768w, https:\/\/dev.domkisauny.pl\/wp-content\/uploads\/2024\/03\/Basen-Premium-485x235-ze-scianka-wizualizacja-1024x576.jpg 1024w, https:\/\/dev.domkisauny.pl\/wp-content\/uploads\/2024\/03\/Basen-Premium-485x235-ze-scianka-wizualizacja-1000x563.jpg 1000w\" sizes=\"auto, (max-width: 1500px) 100vw, 1500px\" \/><\/p>\n<h3><strong>Baz\u00e9n premium na dlh\u00e9 roky<\/strong><\/h3>\n<p>V\u010faka pou\u017eitiu ur\u010dit\u00fdch rie\u0161en\u00ed bude baz\u00e9n bez probl\u00e9mov sl\u00fa\u017ei\u0165 svojmu \u00fa\u010delu dlh\u00e9 roky. V\u010fa\u010d\u00edme za to ako odolnej kon\u0161trukcii, tak aj materi\u00e1lom, ktor\u00e9 s\u00fa odoln\u00e9 vo\u010di v\u0161etk\u00fdm podmienkam.<\/p>\n<p><img loading=\"lazy\" decoding=\"async\" class=\"aligncenter wp-image-20612 size-full\" src=\"https:\/\/domkysauny.sk\/wp-content\/uploads\/2024\/03\/basen-premium-przeciwprad.jpg\" alt=\"\" width=\"2000\" height=\"1600\" srcset=\"https:\/\/dev.domkisauny.pl\/wp-content\/uploads\/2024\/03\/basen-premium-przeciwprad.jpg 2000w, https:\/\/dev.domkisauny.pl\/wp-content\/uploads\/2024\/03\/basen-premium-przeciwprad-300x240.jpg 300w, https:\/\/dev.domkisauny.pl\/wp-content\/uploads\/2024\/03\/basen-premium-przeciwprad-1024x819.jpg 1024w, https:\/\/dev.domkisauny.pl\/wp-content\/uploads\/2024\/03\/basen-premium-przeciwprad-768x614.jpg 768w, https:\/\/dev.domkisauny.pl\/wp-content\/uploads\/2024\/03\/basen-premium-przeciwprad-1536x1229.jpg 1536w, https:\/\/dev.domkisauny.pl\/wp-content\/uploads\/2024\/03\/basen-premium-przeciwprad-1000x800.jpg 1000w\" sizes=\"auto, (max-width: 2000px) 100vw, 2000px\" \/><\/p>\n<h3><strong>Odpo\u010dinok a mo\u017enos\u0165 fyzickej aktivity v jednom<\/strong><\/h3>\n<p>Hoci leto nab\u00e1da k tomu, aby sme si dopriali viac oddychu, dobr\u00e9 po\u010dasie otv\u00e1ra mo\u017enosti na tr\u00e9ningy vonku. Ale v\u010faka <strong>Baz\u00e9nu Premium SPA s protipr\u00fadom si m\u00f4\u017eeme zabezpe\u010di\u0165 aktivitu aj odpo\u010dinok.<\/strong> Tento model je ide\u00e1lny na tr\u00e9ning pl\u00e1vania vo vlastnej z\u00e1hrade. In\u0161talovan\u00fd protipr\u00fadov\u00fd syst\u00e9m vytv\u00e1ra odpor podobn\u00fd vodn\u00fdm pr\u00fadom. <strong>V\u010faka takejto v\u00fdzve m\u00e1me skvel\u00fa pr\u00edle\u017eitos\u0165 postara\u0165 sa o svoju kond\u00edciu.<\/strong><\/p>\n<p>In\u0161talovan\u00e9 LED osvetlenie 260 n\u00e1m poskytne jedine\u010dn\u00fd z\u00e1\u017eitok pri n\u00e1slednom relaxe.<\/p>\n<h3><strong>SPA baz\u00e9n s protipr\u00fadom a ubytovacie objekty<\/strong><\/h3>\n<p>In\u0161tal\u00e1ciou baz\u00e9na vo vlastnej z\u00e1hrade si d\u00e1vate skvel\u00fa pr\u00edle\u017eitos\u0165 na oddych vonku. T\u00fato pr\u00edle\u017eitos\u0165 ocen\u00edte najm\u00e4 po\u010das pobytu na dovolenke. Preto ak prev\u00e1dzkujete ubytovac\u00ed objekt, obohat\u00edte svoju ponuku o baz\u00e9n a va\u0161i hostia v\u00e1m za to bud\u00fa ur\u010dite v\u010fa\u010dn\u00ed.<\/p>\n","protected":false},"excerpt":{"rendered":"<blockquote><p><strong><b>D\u00d4LE\u017dIT\u00c9!<\/b><\/strong><\/p>\n<p>Fotografie produktov rob\u00edme v najlep\u0161ej kvalite. Av\u0161ak kv\u00f4li sp\u00f4sobu reprodukcie farieb monitorom po\u010d\u00edta\u010da m\u00f4\u017ee farba produktov vidite\u013en\u00e1 na obrazovke mierne sa l\u00ed\u0161i\u0165 od skuto\u010dnosti.<\/p><\/blockquote>\n","protected":false},"featured_media":9603,"template":"","meta":{"_acf_changed":false},"product_brand":[],"product_cat":[153],"product_tag":[537],"class_list":{"0":"post-9714","1":"product","2":"type-product","3":"status-publish","4":"has-post-thumbnail","6":"product_cat-bazeny","7":"product_tag-premiove-bazeny-sk","8":"product_shipping_class-wysylka-grupa2-sk","10":"first","11":"instock","12":"shipping-taxable","13":"purchasable","14":"product-type-variable"},"acf":[],"yoast_head":"<!-- This site is optimized with the Yoast SEO plugin v27.4 - https:\/\/yoast.com\/product\/yoast-seo-wordpress\/ -->\n<title>Baz\u00e9n Premium SPA s protipr\u00fadom 485 x 235 cm | Dom\u010deky, Sauny<\/title>\n<meta name=\"robots\" content=\"noindex, follow, max-snippet:-1, max-image-preview:large, max-video-preview:-1\" \/>\n<meta property=\"og:locale\" content=\"sk_SK\" \/>\n<meta property=\"og:type\" content=\"article\" \/>\n<meta property=\"og:title\" content=\"Baz\u00e9n Premium SPA s protipr\u00fadom 485 x 235 cm | Dom\u010deky, Sauny\" \/>\n<meta property=\"og:description\" content=\"D\u00d4LE\u017dIT\u00c9!  Fotografie produktov rob\u00edme v najlep\u0161ej kvalite. Av\u0161ak kv\u00f4li sp\u00f4sobu reprodukcie farieb monitorom po\u010d\u00edta\u010da m\u00f4\u017ee farba produktov vidite\u013en\u00e1 na obrazovke mierne sa l\u00ed\u0161i\u0165 od skuto\u010dnosti.\" \/>\n<meta property=\"og:url\" content=\"https:\/\/dev.domkisauny.pl\/sk\/produkt\/bazen-premium-spa-s-protiprudom-485-x-235-cm\/\" \/>\n<meta property=\"og:site_name\" content=\"Dom\u010deky, Sauny\" \/>\n<meta property=\"article:publisher\" content=\"https:\/\/www.facebook.com\/DomkiSauny\" \/>\n<meta property=\"article:modified_time\" content=\"2025-06-03T10:27:23+00:00\" \/>\n<meta property=\"og:image\" content=\"https:\/\/dev.domkisauny.pl\/wp-content\/uploads\/2024\/03\/Basen-Premium-485x235-ze-scianka-wizualizacja.jpg\" \/>\n\t<meta property=\"og:image:width\" content=\"1500\" \/>\n\t<meta property=\"og:image:height\" content=\"844\" \/>\n\t<meta property=\"og:image:type\" content=\"image\/jpeg\" \/>\n<meta name=\"twitter:card\" content=\"summary_large_image\" \/>\n<meta name=\"twitter:label1\" content=\"Predpokladan\u00fd \u010das \u010d\u00edtania\" \/>\n\t<meta name=\"twitter:data1\" content=\"4 min\u00faty\" \/>\n<script type=\"application\/ld+json\" class=\"yoast-schema-graph\">{\"@context\":\"https:\\\/\\\/schema.org\",\"@graph\":[{\"@type\":\"WebPage\",\"@id\":\"https:\\\/\\\/dev.domkisauny.pl\\\/sk\\\/produkt\\\/bazen-premium-spa-s-protiprudom-485-x-235-cm\\\/\",\"url\":\"https:\\\/\\\/dev.domkisauny.pl\\\/sk\\\/produkt\\\/bazen-premium-spa-s-protiprudom-485-x-235-cm\\\/\",\"name\":\"Baz\u00e9n Premium SPA s protipr\u00fadom 485 x 235 cm | Dom\u010deky, Sauny\",\"isPartOf\":{\"@id\":\"https:\\\/\\\/dev.domkisauny.pl\\\/sk\\\/#website\"},\"primaryImageOfPage\":{\"@id\":\"https:\\\/\\\/dev.domkisauny.pl\\\/sk\\\/produkt\\\/bazen-premium-spa-s-protiprudom-485-x-235-cm\\\/#primaryimage\"},\"image\":{\"@id\":\"https:\\\/\\\/dev.domkisauny.pl\\\/sk\\\/produkt\\\/bazen-premium-spa-s-protiprudom-485-x-235-cm\\\/#primaryimage\"},\"thumbnailUrl\":\"https:\\\/\\\/dev.domkisauny.pl\\\/wp-content\\\/uploads\\\/2024\\\/03\\\/Basen-Premium-485x235-ze-scianka-wizualizacja.jpg\",\"datePublished\":\"2024-03-28T04:26:33+00:00\",\"dateModified\":\"2025-06-03T10:27:23+00:00\",\"breadcrumb\":{\"@id\":\"https:\\\/\\\/dev.domkisauny.pl\\\/sk\\\/produkt\\\/bazen-premium-spa-s-protiprudom-485-x-235-cm\\\/#breadcrumb\"},\"inLanguage\":\"sk-SK\",\"potentialAction\":[{\"@type\":\"ReadAction\",\"target\":[\"https:\\\/\\\/dev.domkisauny.pl\\\/sk\\\/produkt\\\/bazen-premium-spa-s-protiprudom-485-x-235-cm\\\/\"]}]},{\"@type\":\"ImageObject\",\"inLanguage\":\"sk-SK\",\"@id\":\"https:\\\/\\\/dev.domkisauny.pl\\\/sk\\\/produkt\\\/bazen-premium-spa-s-protiprudom-485-x-235-cm\\\/#primaryimage\",\"url\":\"https:\\\/\\\/dev.domkisauny.pl\\\/wp-content\\\/uploads\\\/2024\\\/03\\\/Basen-Premium-485x235-ze-scianka-wizualizacja.jpg\",\"contentUrl\":\"https:\\\/\\\/dev.domkisauny.pl\\\/wp-content\\\/uploads\\\/2024\\\/03\\\/Basen-Premium-485x235-ze-scianka-wizualizacja.jpg\",\"width\":1500,\"height\":844},{\"@type\":\"BreadcrumbList\",\"@id\":\"https:\\\/\\\/dev.domkisauny.pl\\\/sk\\\/produkt\\\/bazen-premium-spa-s-protiprudom-485-x-235-cm\\\/#breadcrumb\",\"itemListElement\":[{\"@type\":\"ListItem\",\"position\":1,\"name\":\"A&amp;M\",\"item\":\"https:\\\/\\\/dev.domkisauny.pl\\\/sk\\\/\"},{\"@type\":\"ListItem\",\"position\":2,\"name\":\"Produkty\",\"item\":\"https:\\\/\\\/dev.domkisauny.pl\\\/produkty\\\/\"},{\"@type\":\"ListItem\",\"position\":3,\"name\":\"Baz\u00e9ny\",\"item\":\"https:\\\/\\\/dev.domkisauny.pl\\\/sk\\\/kategoria-produktu\\\/bazeny\\\/\"},{\"@type\":\"ListItem\",\"position\":4,\"name\":\"Baz\u00e9n Premium SPA s protipr\u00fadom 485 x 235 cm\"}]},{\"@type\":\"WebSite\",\"@id\":\"https:\\\/\\\/dev.domkisauny.pl\\\/sk\\\/#website\",\"url\":\"https:\\\/\\\/dev.domkisauny.pl\\\/sk\\\/\",\"name\":\"Dom\u010deky, Sauny\",\"description\":\"\",\"publisher\":{\"@id\":\"https:\\\/\\\/dev.domkisauny.pl\\\/sk\\\/#organization\"},\"potentialAction\":[{\"@type\":\"SearchAction\",\"target\":{\"@type\":\"EntryPoint\",\"urlTemplate\":\"https:\\\/\\\/dev.domkisauny.pl\\\/sk\\\/?s={search_term_string}\"},\"query-input\":{\"@type\":\"PropertyValueSpecification\",\"valueRequired\":true,\"valueName\":\"search_term_string\"}}],\"inLanguage\":\"sk-SK\"},{\"@type\":\"Organization\",\"@id\":\"https:\\\/\\\/dev.domkisauny.pl\\\/sk\\\/#organization\",\"name\":\"Dom\u010deky, Sauny\",\"url\":\"https:\\\/\\\/dev.domkisauny.pl\\\/sk\\\/\",\"logo\":{\"@type\":\"ImageObject\",\"inLanguage\":\"sk-SK\",\"@id\":\"https:\\\/\\\/dev.domkisauny.pl\\\/sk\\\/#\\\/schema\\\/logo\\\/image\\\/\",\"url\":\"https:\\\/\\\/domkisauny.pl\\\/wp-content\\\/uploads\\\/2022\\\/09\\\/logo_03.png\",\"contentUrl\":\"https:\\\/\\\/domkisauny.pl\\\/wp-content\\\/uploads\\\/2022\\\/09\\\/logo_03.png\",\"width\":95,\"height\":81,\"caption\":\"Dom\u010deky, Sauny\"},\"image\":{\"@id\":\"https:\\\/\\\/dev.domkisauny.pl\\\/sk\\\/#\\\/schema\\\/logo\\\/image\\\/\"},\"sameAs\":[\"https:\\\/\\\/www.facebook.com\\\/DomkiSauny\"]}]}<\/script>\n<!-- \/ Yoast SEO plugin. -->","yoast_head_json":{"title":"Baz\u00e9n Premium SPA s protipr\u00fadom 485 x 235 cm | Dom\u010deky, Sauny","robots":{"index":"noindex","follow":"follow","max-snippet":"max-snippet:-1","max-image-preview":"max-image-preview:large","max-video-preview":"max-video-preview:-1"},"og_locale":"sk_SK","og_type":"article","og_title":"Baz\u00e9n Premium SPA s protipr\u00fadom 485 x 235 cm | Dom\u010deky, Sauny","og_description":"D\u00d4LE\u017dIT\u00c9!  Fotografie produktov rob\u00edme v najlep\u0161ej kvalite. Av\u0161ak kv\u00f4li sp\u00f4sobu reprodukcie farieb monitorom po\u010d\u00edta\u010da m\u00f4\u017ee farba produktov vidite\u013en\u00e1 na obrazovke mierne sa l\u00ed\u0161i\u0165 od skuto\u010dnosti.","og_url":"https:\/\/dev.domkisauny.pl\/sk\/produkt\/bazen-premium-spa-s-protiprudom-485-x-235-cm\/","og_site_name":"Dom\u010deky, Sauny","article_publisher":"https:\/\/www.facebook.com\/DomkiSauny","article_modified_time":"2025-06-03T10:27:23+00:00","og_image":[{"width":1500,"height":844,"url":"https:\/\/dev.domkisauny.pl\/wp-content\/uploads\/2024\/03\/Basen-Premium-485x235-ze-scianka-wizualizacja.jpg","type":"image\/jpeg"}],"twitter_card":"summary_large_image","twitter_misc":{"Predpokladan\u00fd \u010das \u010d\u00edtania":"4 min\u00faty"},"schema":{"@context":"https:\/\/schema.org","@graph":[{"@type":"WebPage","@id":"https:\/\/dev.domkisauny.pl\/sk\/produkt\/bazen-premium-spa-s-protiprudom-485-x-235-cm\/","url":"https:\/\/dev.domkisauny.pl\/sk\/produkt\/bazen-premium-spa-s-protiprudom-485-x-235-cm\/","name":"Baz\u00e9n Premium SPA s protipr\u00fadom 485 x 235 cm | Dom\u010deky, Sauny","isPartOf":{"@id":"https:\/\/dev.domkisauny.pl\/sk\/#website"},"primaryImageOfPage":{"@id":"https:\/\/dev.domkisauny.pl\/sk\/produkt\/bazen-premium-spa-s-protiprudom-485-x-235-cm\/#primaryimage"},"image":{"@id":"https:\/\/dev.domkisauny.pl\/sk\/produkt\/bazen-premium-spa-s-protiprudom-485-x-235-cm\/#primaryimage"},"thumbnailUrl":"https:\/\/dev.domkisauny.pl\/wp-content\/uploads\/2024\/03\/Basen-Premium-485x235-ze-scianka-wizualizacja.jpg","datePublished":"2024-03-28T04:26:33+00:00","dateModified":"2025-06-03T10:27:23+00:00","breadcrumb":{"@id":"https:\/\/dev.domkisauny.pl\/sk\/produkt\/bazen-premium-spa-s-protiprudom-485-x-235-cm\/#breadcrumb"},"inLanguage":"sk-SK","potentialAction":[{"@type":"ReadAction","target":["https:\/\/dev.domkisauny.pl\/sk\/produkt\/bazen-premium-spa-s-protiprudom-485-x-235-cm\/"]}]},{"@type":"ImageObject","inLanguage":"sk-SK","@id":"https:\/\/dev.domkisauny.pl\/sk\/produkt\/bazen-premium-spa-s-protiprudom-485-x-235-cm\/#primaryimage","url":"https:\/\/dev.domkisauny.pl\/wp-content\/uploads\/2024\/03\/Basen-Premium-485x235-ze-scianka-wizualizacja.jpg","contentUrl":"https:\/\/dev.domkisauny.pl\/wp-content\/uploads\/2024\/03\/Basen-Premium-485x235-ze-scianka-wizualizacja.jpg","width":1500,"height":844},{"@type":"BreadcrumbList","@id":"https:\/\/dev.domkisauny.pl\/sk\/produkt\/bazen-premium-spa-s-protiprudom-485-x-235-cm\/#breadcrumb","itemListElement":[{"@type":"ListItem","position":1,"name":"A&amp;M","item":"https:\/\/dev.domkisauny.pl\/sk\/"},{"@type":"ListItem","position":2,"name":"Produkty","item":"https:\/\/dev.domkisauny.pl\/produkty\/"},{"@type":"ListItem","position":3,"name":"Baz\u00e9ny","item":"https:\/\/dev.domkisauny.pl\/sk\/kategoria-produktu\/bazeny\/"},{"@type":"ListItem","position":4,"name":"Baz\u00e9n Premium SPA s protipr\u00fadom 485 x 235 cm"}]},{"@type":"WebSite","@id":"https:\/\/dev.domkisauny.pl\/sk\/#website","url":"https:\/\/dev.domkisauny.pl\/sk\/","name":"Dom\u010deky, Sauny","description":"","publisher":{"@id":"https:\/\/dev.domkisauny.pl\/sk\/#organization"},"potentialAction":[{"@type":"SearchAction","target":{"@type":"EntryPoint","urlTemplate":"https:\/\/dev.domkisauny.pl\/sk\/?s={search_term_string}"},"query-input":{"@type":"PropertyValueSpecification","valueRequired":true,"valueName":"search_term_string"}}],"inLanguage":"sk-SK"},{"@type":"Organization","@id":"https:\/\/dev.domkisauny.pl\/sk\/#organization","name":"Dom\u010deky, Sauny","url":"https:\/\/dev.domkisauny.pl\/sk\/","logo":{"@type":"ImageObject","inLanguage":"sk-SK","@id":"https:\/\/dev.domkisauny.pl\/sk\/#\/schema\/logo\/image\/","url":"https:\/\/domkisauny.pl\/wp-content\/uploads\/2022\/09\/logo_03.png","contentUrl":"https:\/\/domkisauny.pl\/wp-content\/uploads\/2022\/09\/logo_03.png","width":95,"height":81,"caption":"Dom\u010deky, Sauny"},"image":{"@id":"https:\/\/dev.domkisauny.pl\/sk\/#\/schema\/logo\/image\/"},"sameAs":["https:\/\/www.facebook.com\/DomkiSauny"]}]}},"_links":{"self":[{"href":"https:\/\/dev.domkisauny.pl\/sk\/wp-json\/wp\/v2\/product\/9714","targetHints":{"allow":["GET"]}}],"collection":[{"href":"https:\/\/dev.domkisauny.pl\/sk\/wp-json\/wp\/v2\/product"}],"about":[{"href":"https:\/\/dev.domkisauny.pl\/sk\/wp-json\/wp\/v2\/types\/product"}],"wp:featuredmedia":[{"embeddable":true,"href":"https:\/\/dev.domkisauny.pl\/sk\/wp-json\/wp\/v2\/media\/9603"}],"wp:attachment":[{"href":"https:\/\/dev.domkisauny.pl\/sk\/wp-json\/wp\/v2\/media?parent=9714"}],"wp:term":[{"taxonomy":"product_brand","embeddable":true,"href":"https:\/\/dev.domkisauny.pl\/sk\/wp-json\/wp\/v2\/product_brand?post=9714"},{"taxonomy":"product_cat","embeddable":true,"href":"https:\/\/dev.domkisauny.pl\/sk\/wp-json\/wp\/v2\/product_cat?post=9714"},{"taxonomy":"product_tag","embeddable":true,"href":"https:\/\/dev.domkisauny.pl\/sk\/wp-json\/wp\/v2\/product_tag?post=9714"}],"curies":[{"name":"wp","href":"https:\/\/api.w.org\/{rel}","templated":true}]}}