{"id":9701,"date":"2024-03-28T07:30:02","date_gmt":"2024-03-28T06:30:02","guid":{"rendered":"https:\/\/domkisauny.pl\/produkt\/bazen-premium-spa-s-jacuzzi-685-x-3-m\/"},"modified":"2025-04-25T15:39:20","modified_gmt":"2025-04-25T13:39:20","slug":"bazen-premium-spa-s-jacuzzi-685-x-300-cm","status":"publish","type":"product","link":"https:\/\/dev.domkisauny.pl\/sk\/produkt\/bazen-premium-spa-s-jacuzzi-685-x-300-cm\/","title":{"rendered":"Baz\u00e9n Premium SPA s jacuzzi 685 x 300 cm"},"content":{"rendered":"<p>Pr\u00e1zdninov\u00e1 sez\u00f3na je predov\u0161etk\u00fdm \u010dasom odpo\u010dinku. Letn\u00e9 po\u010dasie samo o sebe nab\u00e1da k tomu, aby sme ich vyu\u017eili a tr\u00e1vili viac \u010dasu vonku \u2013 predov\u0161etk\u00fdm pri vode. <strong>V\u010faka dreven\u00fdm baz\u00e9nom si tak\u00fa relax\u00e1ciu m\u00f4\u017eete u\u017ei\u0165 kedyko\u013evek budete chcie\u0165, na vlastnej z\u00e1hrade.<\/strong> Tak\u00e1to mo\u017enos\u0165 odpo\u010dinku je dokonal\u00fdm odpo\u010dinkom od ka\u017edodennej pr\u00e1ce a po\u010detn\u00fdch povinnost\u00ed.<\/p>\n<h3><strong>Vybavenie v Baz\u00e9ne Premium SPA s jacuzzi<\/strong><\/h3>\n<h3>\u0160pecifik\u00e1cia baz\u00e9na<\/h3>\n<h4>Z\u00e1kladn\u00e9 vybavenie:<\/h4>\n<ul>\n<li><strong>Vlo\u017eka<\/strong> z polypropyl\u00e9novej dosky <strong>6 mm<\/strong><\/li>\n<li>Dreven\u00e9 <strong>schody<\/strong><\/li>\n<li>Nerezov\u00fd <strong>rebr\u00edk<\/strong><\/li>\n<li><strong>Vodno-vzduchov\u00e9 trysky<\/strong> (6 ks)<\/li>\n<li><strong>Filtra\u010dn\u00fd skimmer<\/strong><\/li>\n<li><strong>LED osvetlenie<\/strong><\/li>\n<li><strong>Invertorov\u00e9 tepeln\u00e9 \u010derpadlo 9 kW<\/strong><\/li>\n<li><strong>Pieskov\u00fd filter<\/strong> (s\u00fa\u010das\u0165ou balenia s vlo\u017ekou)<\/li>\n<li><strong>Gener\u00e1tor chl\u00f3ru<\/strong><\/li>\n<\/ul>\n<h4>Technick\u00e9 \u00fadaje:<\/h4>\n<ul>\n<li>Vonkaj\u0161ia \u0161\u00edrka: <strong>300 cm<\/strong><\/li>\n<li>Vn\u00fatorn\u00e1 \u0161\u00edrka: <strong>246 cm<\/strong><\/li>\n<li>Vonkaj\u0161ia d\u013a\u017eka: <strong>685 cm<\/strong><\/li>\n<li>Vn\u00fatorn\u00e1 d\u013a\u017eka: <strong>560 cm<\/strong><\/li>\n<li>Vonkaj\u0161ia v\u00fd\u0161ka: <strong>110 cm<\/strong><\/li>\n<li>H\u013abka baz\u00e9na: <strong>100 cm<\/strong><\/li>\n<li>Kapacita: cca <strong>14 000 L<\/strong><\/li>\n<li>Dreven\u00e1 r\u00e1mov\u00e1 kon\u0161trukcia, smrek<\/li>\n<li>Lamelov\u00e1 fas\u00e1da z thermo dreva &#8211; <strong>19 mm<\/strong><\/li>\n<li>Hmotnos\u0165: cca <strong>1800 kg<\/strong><\/li>\n<\/ul>\n<p>V\u010faka pou\u017eit\u00fdm sol\u00eddnym rie\u0161eniam m\u00e1me istotu, \u017ee Baz\u00e9n Premium SPA spln\u00ed v\u0161etky o\u010dak\u00e1vania. <strong>Navy\u0161e sa m\u00f4\u017ee pochv\u00e1li\u0165 obzvl\u00e1\u0161\u0165 ve\u013ek\u00fdmi rozmermi. <\/strong>Jeho rozmery zvonku s\u00fa: 685 \u00d7 300 cm a vo vn\u00fatri 560 \u00d7 254 cm. V\u00fd\u0161ka kade je 100 cm.<\/p>\n<p><img loading=\"lazy\" decoding=\"async\" class=\"aligncenter wp-image-9649 size-full\" src=\"https:\/\/domkysauny.sk\/wp-content\/uploads\/2024\/03\/Basen-Premium-6.jpg\" alt=\"\" width=\"1500\" height=\"844\" srcset=\"https:\/\/dev.domkisauny.pl\/wp-content\/uploads\/2024\/03\/Basen-Premium-6.jpg 1500w, https:\/\/dev.domkisauny.pl\/wp-content\/uploads\/2024\/03\/Basen-Premium-6-300x169.jpg 300w, https:\/\/dev.domkisauny.pl\/wp-content\/uploads\/2024\/03\/Basen-Premium-6-768x432.jpg 768w, https:\/\/dev.domkisauny.pl\/wp-content\/uploads\/2024\/03\/Basen-Premium-6-1024x576.jpg 1024w, https:\/\/dev.domkisauny.pl\/wp-content\/uploads\/2024\/03\/Basen-Premium-6-1000x563.jpg 1000w\" sizes=\"auto, (max-width: 1500px) 100vw, 1500px\" \/><\/p>\n<h3><strong>Sol\u00eddny dreven\u00fd baz\u00e9n na z\u00e1hradu &#8211; najvy\u0161\u0161ia kvalita vykonania<\/strong><\/h3>\n<p>Baz\u00e9n Premium SPA s jacuzzi 6,85 x 3 m dokonale sn\u00fabi modern\u00fd \u0161t\u00fdl a pou\u017eitie sol\u00eddnych rie\u0161en\u00ed. V\u010faka tomu, \u017ee je vyroben\u00fd v \u0161t\u00fdle typickom pre \u0161kandin\u00e1vsku architekt\u00faru, zapad\u00e1 do aktu\u00e1lne ob\u013e\u00faben\u00e9ho minimalizmu. Oblo\u017eenie baz\u00e9na Thermo drevom dokonale lad\u00ed s modr\u00fdm vkladom z polypropyl\u00e9nov\u00e9ho vl\u00e1kna a p\u00f4sob\u00ed tak elegantne. Navy\u0161e tak\u00fdto interi\u00e9r zaru\u010duje \u00fapln\u00fa tesnos\u0165 baz\u00e9na. <strong>Sol\u00eddnos\u0165 tohto modelu je v\u0161ak ovplyvnen\u00e1 t\u00fdm, \u017ee je navy\u0161e vystu\u017een\u00fd.<\/strong> V\u010faka tomu nedoch\u00e1dza k \u017eiadnej deform\u00e1cii kon\u0161trukcie, napr. vplyvom hmotnosti vody alebo nepriazniv\u00fdch poveternostn\u00fdch podmienok. Na zaistenie \u00fapln\u00e9ho komfortu pri pou\u017e\u00edvan\u00ed je navy\u0161e baz\u00e9n SPA vybaven\u00fd dreven\u00fdmi schod\u00edkmi a kovov\u00fdm rebr\u00edkom.<\/p>\n<p>Z\u00e1hradn\u00fd baz\u00e9n s jacuzzi je skuto\u010dnou z\u00e1rukou odpo\u010dinku. <strong>In\u0161talovan\u00fd pieskov\u00fd filter zais\u0165uje perfektn\u00fd stav vody po cel\u00fa sez\u00f3nu. <\/strong>Zodpovedaj\u00facu teplotu v\u0161ak zais\u0165uje pripojen\u00e9 tepeln\u00e9 \u010derpadlo s v\u00fdkonom 7,6 kW.<\/p>\n<h3><strong>Baz\u00e9n s jacuzzi &#8211; dlhodob\u00e1 invest\u00edcia<\/strong><\/h3>\n<p>Pou\u017eitie sol\u00eddnych rie\u0161en\u00ed zais\u0165uje, \u017ee baz\u00e9n m\u00f4\u017ee plni\u0165 svoj \u00fa\u010del po ve\u013ea rokov. V\u010faka zodpovedaj\u00facej kon\u0161trukcii a odoln\u00fdm materi\u00e1lom odol\u00e1va v\u0161etk\u00fdm podmienkam.<\/p>\n<p><img loading=\"lazy\" decoding=\"async\" class=\"aligncenter wp-image-20604 size-full\" src=\"https:\/\/en.domkisauny.pl\/wp-content\/uploads\/2024\/03\/basen-premium-685x3-www.jpg\" alt=\"\" width=\"2000\" height=\"1600\" srcset=\"https:\/\/dev.domkisauny.pl\/wp-content\/uploads\/2024\/03\/basen-premium-685x3-www.jpg 2000w, https:\/\/dev.domkisauny.pl\/wp-content\/uploads\/2024\/03\/basen-premium-685x3-www-300x240.jpg 300w, https:\/\/dev.domkisauny.pl\/wp-content\/uploads\/2024\/03\/basen-premium-685x3-www-1024x819.jpg 1024w, https:\/\/dev.domkisauny.pl\/wp-content\/uploads\/2024\/03\/basen-premium-685x3-www-768x614.jpg 768w, https:\/\/dev.domkisauny.pl\/wp-content\/uploads\/2024\/03\/basen-premium-685x3-www-1536x1229.jpg 1536w, https:\/\/dev.domkisauny.pl\/wp-content\/uploads\/2024\/03\/basen-premium-685x3-www-1000x800.jpg 1000w\" sizes=\"auto, (max-width: 2000px) 100vw, 2000px\" \/><\/p>\n<h3><strong>Perfektn\u00e9 podmienky v baz\u00e9ne s jacuzzi<\/strong><\/h3>\n<p>Baz\u00e9nov\u00e9 sedenie s jacuzzi s\u00fa osved\u010den\u00fdm receptom na ka\u017edodenn\u00fd reset. Tak\u00fdto v\u00fdsledok je v\u0161ak zaisten\u00fd pou\u017eit\u00edm zodpovedaj\u00facich rie\u0161en\u00ed. Medzi ne patr\u00ed okrem in\u00e9ho 6 d\u00fdz voda-vzduch. <strong>V\u010faka hydromas\u00e1\u017ei sme schopn\u00ed zabudn\u00fa\u0165 na boles\u0165 a nap\u00e4tie, ktor\u00e9 n\u00e1s sprev\u00e1dza. <\/strong>Patri\u010dn\u00fa atmosf\u00e9ru, ktor\u00e1 z\u00e1\u017eitok umocn\u00ed, v\u0161ak vytvor\u00ed in\u0161talovan\u00e9 LED osvetlenie, prin\u00e1\u0161aj\u00face pocit luxusu.<\/p>\n<p>V\u010faka n\u00e1\u0161mu nov\u00e9mu baz\u00e9nu s jacuzzi na z\u00e1hrade si m\u00f4\u017eete odd\u00fdchnu\u0165 pod\u013ea vlastn\u00fdch pravidiel. Ke\u010f\u017ee jeho rozmery s\u00fa 6,85 x 3 m, ni\u010d nebr\u00e1ni tr\u00e1vi\u0165 \u010das osamote aj so svojimi bl\u00edzkymi.<\/p>\n<h3><strong>Baz\u00e9n s jacuzzi Premium a ubytovacie zariadenie<\/strong><\/h3>\n<p>Baz\u00e9n na va\u0161ej z\u00e1hrade je skvelou pr\u00edle\u017eitos\u0165ou na relax\u00e1ciu na \u010derstvom vzduchu. T\u00fato pr\u00edle\u017eitos\u0165 ocenia najm\u00e4 na dovolenke. Pokia\u013e teda prev\u00e1dzkujete ubytovacie zariadenie, s baz\u00e9nom SPA ur\u010dite obohat\u00edte svoju ponuku.<\/p>\n","protected":false},"excerpt":{"rendered":"<blockquote><p><strong><b>D\u00d4LE\u017dIT\u00c9!<\/b><\/strong><\/p>\n<p>Fotografie produktov rob\u00edme v najlep\u0161ej kvalite. Av\u0161ak kv\u00f4li sp\u00f4sobu reprodukcie farieb monitorom po\u010d\u00edta\u010da m\u00f4\u017ee farba produktov vidite\u013en\u00e1 na obrazovke mierne sa l\u00ed\u0161i\u0165 od skuto\u010dnosti.<\/p><\/blockquote>\n","protected":false},"featured_media":9652,"template":"","meta":{"_acf_changed":false},"product_brand":[],"product_cat":[153],"product_tag":[537],"class_list":{"0":"post-9701","1":"product","2":"type-product","3":"status-publish","4":"has-post-thumbnail","6":"product_cat-bazeny","7":"product_tag-premiove-bazeny-sk","8":"product_shipping_class-wysylka-grupa3-sk","10":"first","11":"instock","12":"shipping-taxable","13":"purchasable","14":"product-type-variable"},"acf":[],"yoast_head":"<!-- This site is optimized with the Yoast SEO plugin v27.4 - https:\/\/yoast.com\/product\/yoast-seo-wordpress\/ -->\n<title>Baz\u00e9n Premium SPA s jacuzzi 685 x 300 cm | Dom\u010deky, Sauny<\/title>\n<meta name=\"robots\" content=\"noindex, follow, max-snippet:-1, max-image-preview:large, max-video-preview:-1\" \/>\n<meta property=\"og:locale\" content=\"sk_SK\" \/>\n<meta property=\"og:type\" content=\"article\" \/>\n<meta property=\"og:title\" content=\"Baz\u00e9n Premium SPA s jacuzzi 685 x 300 cm | Dom\u010deky, Sauny\" \/>\n<meta property=\"og:description\" content=\"D\u00d4LE\u017dIT\u00c9!  Fotografie produktov rob\u00edme v najlep\u0161ej kvalite. Av\u0161ak kv\u00f4li sp\u00f4sobu reprodukcie farieb monitorom po\u010d\u00edta\u010da m\u00f4\u017ee farba produktov vidite\u013en\u00e1 na obrazovke mierne sa l\u00ed\u0161i\u0165 od skuto\u010dnosti.\" \/>\n<meta property=\"og:url\" content=\"https:\/\/dev.domkisauny.pl\/sk\/produkt\/bazen-premium-spa-s-jacuzzi-685-x-300-cm\/\" \/>\n<meta property=\"og:site_name\" content=\"Dom\u010deky, Sauny\" \/>\n<meta property=\"article:publisher\" content=\"https:\/\/www.facebook.com\/DomkiSauny\" \/>\n<meta property=\"article:modified_time\" content=\"2025-04-25T13:39:20+00:00\" \/>\n<meta property=\"og:image\" content=\"https:\/\/dev.domkisauny.pl\/wp-content\/uploads\/2024\/03\/Basen-Premium-6.jpg\" \/>\n\t<meta property=\"og:image:width\" content=\"1500\" \/>\n\t<meta property=\"og:image:height\" content=\"844\" \/>\n\t<meta property=\"og:image:type\" content=\"image\/jpeg\" \/>\n<meta name=\"twitter:card\" content=\"summary_large_image\" \/>\n<meta name=\"twitter:label1\" content=\"Predpokladan\u00fd \u010das \u010d\u00edtania\" \/>\n\t<meta name=\"twitter:data1\" content=\"4 min\u00faty\" \/>\n<script type=\"application\/ld+json\" class=\"yoast-schema-graph\">{\"@context\":\"https:\\\/\\\/schema.org\",\"@graph\":[{\"@type\":\"WebPage\",\"@id\":\"https:\\\/\\\/dev.domkisauny.pl\\\/sk\\\/produkt\\\/bazen-premium-spa-s-jacuzzi-685-x-300-cm\\\/\",\"url\":\"https:\\\/\\\/dev.domkisauny.pl\\\/sk\\\/produkt\\\/bazen-premium-spa-s-jacuzzi-685-x-300-cm\\\/\",\"name\":\"Baz\u00e9n Premium SPA s jacuzzi 685 x 300 cm | Dom\u010deky, Sauny\",\"isPartOf\":{\"@id\":\"https:\\\/\\\/dev.domkisauny.pl\\\/sk\\\/#website\"},\"primaryImageOfPage\":{\"@id\":\"https:\\\/\\\/dev.domkisauny.pl\\\/sk\\\/produkt\\\/bazen-premium-spa-s-jacuzzi-685-x-300-cm\\\/#primaryimage\"},\"image\":{\"@id\":\"https:\\\/\\\/dev.domkisauny.pl\\\/sk\\\/produkt\\\/bazen-premium-spa-s-jacuzzi-685-x-300-cm\\\/#primaryimage\"},\"thumbnailUrl\":\"https:\\\/\\\/dev.domkisauny.pl\\\/wp-content\\\/uploads\\\/2024\\\/03\\\/Basen-Premium-6.jpg\",\"datePublished\":\"2024-03-28T06:30:02+00:00\",\"dateModified\":\"2025-04-25T13:39:20+00:00\",\"breadcrumb\":{\"@id\":\"https:\\\/\\\/dev.domkisauny.pl\\\/sk\\\/produkt\\\/bazen-premium-spa-s-jacuzzi-685-x-300-cm\\\/#breadcrumb\"},\"inLanguage\":\"sk-SK\",\"potentialAction\":[{\"@type\":\"ReadAction\",\"target\":[\"https:\\\/\\\/dev.domkisauny.pl\\\/sk\\\/produkt\\\/bazen-premium-spa-s-jacuzzi-685-x-300-cm\\\/\"]}]},{\"@type\":\"ImageObject\",\"inLanguage\":\"sk-SK\",\"@id\":\"https:\\\/\\\/dev.domkisauny.pl\\\/sk\\\/produkt\\\/bazen-premium-spa-s-jacuzzi-685-x-300-cm\\\/#primaryimage\",\"url\":\"https:\\\/\\\/dev.domkisauny.pl\\\/wp-content\\\/uploads\\\/2024\\\/03\\\/Basen-Premium-6.jpg\",\"contentUrl\":\"https:\\\/\\\/dev.domkisauny.pl\\\/wp-content\\\/uploads\\\/2024\\\/03\\\/Basen-Premium-6.jpg\",\"width\":1500,\"height\":844},{\"@type\":\"BreadcrumbList\",\"@id\":\"https:\\\/\\\/dev.domkisauny.pl\\\/sk\\\/produkt\\\/bazen-premium-spa-s-jacuzzi-685-x-300-cm\\\/#breadcrumb\",\"itemListElement\":[{\"@type\":\"ListItem\",\"position\":1,\"name\":\"A&amp;M\",\"item\":\"https:\\\/\\\/dev.domkisauny.pl\\\/sk\\\/\"},{\"@type\":\"ListItem\",\"position\":2,\"name\":\"Produkty\",\"item\":\"https:\\\/\\\/dev.domkisauny.pl\\\/produkty\\\/\"},{\"@type\":\"ListItem\",\"position\":3,\"name\":\"Baz\u00e9ny\",\"item\":\"https:\\\/\\\/dev.domkisauny.pl\\\/sk\\\/kategoria-produktu\\\/bazeny\\\/\"},{\"@type\":\"ListItem\",\"position\":4,\"name\":\"Baz\u00e9n Premium SPA s jacuzzi 685 x 300 cm\"}]},{\"@type\":\"WebSite\",\"@id\":\"https:\\\/\\\/dev.domkisauny.pl\\\/sk\\\/#website\",\"url\":\"https:\\\/\\\/dev.domkisauny.pl\\\/sk\\\/\",\"name\":\"Dom\u010deky, Sauny\",\"description\":\"\",\"publisher\":{\"@id\":\"https:\\\/\\\/dev.domkisauny.pl\\\/sk\\\/#organization\"},\"potentialAction\":[{\"@type\":\"SearchAction\",\"target\":{\"@type\":\"EntryPoint\",\"urlTemplate\":\"https:\\\/\\\/dev.domkisauny.pl\\\/sk\\\/?s={search_term_string}\"},\"query-input\":{\"@type\":\"PropertyValueSpecification\",\"valueRequired\":true,\"valueName\":\"search_term_string\"}}],\"inLanguage\":\"sk-SK\"},{\"@type\":\"Organization\",\"@id\":\"https:\\\/\\\/dev.domkisauny.pl\\\/sk\\\/#organization\",\"name\":\"Dom\u010deky, Sauny\",\"url\":\"https:\\\/\\\/dev.domkisauny.pl\\\/sk\\\/\",\"logo\":{\"@type\":\"ImageObject\",\"inLanguage\":\"sk-SK\",\"@id\":\"https:\\\/\\\/dev.domkisauny.pl\\\/sk\\\/#\\\/schema\\\/logo\\\/image\\\/\",\"url\":\"https:\\\/\\\/domkisauny.pl\\\/wp-content\\\/uploads\\\/2022\\\/09\\\/logo_03.png\",\"contentUrl\":\"https:\\\/\\\/domkisauny.pl\\\/wp-content\\\/uploads\\\/2022\\\/09\\\/logo_03.png\",\"width\":95,\"height\":81,\"caption\":\"Dom\u010deky, Sauny\"},\"image\":{\"@id\":\"https:\\\/\\\/dev.domkisauny.pl\\\/sk\\\/#\\\/schema\\\/logo\\\/image\\\/\"},\"sameAs\":[\"https:\\\/\\\/www.facebook.com\\\/DomkiSauny\"]}]}<\/script>\n<!-- \/ Yoast SEO plugin. -->","yoast_head_json":{"title":"Baz\u00e9n Premium SPA s jacuzzi 685 x 300 cm | Dom\u010deky, Sauny","robots":{"index":"noindex","follow":"follow","max-snippet":"max-snippet:-1","max-image-preview":"max-image-preview:large","max-video-preview":"max-video-preview:-1"},"og_locale":"sk_SK","og_type":"article","og_title":"Baz\u00e9n Premium SPA s jacuzzi 685 x 300 cm | Dom\u010deky, Sauny","og_description":"D\u00d4LE\u017dIT\u00c9!  Fotografie produktov rob\u00edme v najlep\u0161ej kvalite. Av\u0161ak kv\u00f4li sp\u00f4sobu reprodukcie farieb monitorom po\u010d\u00edta\u010da m\u00f4\u017ee farba produktov vidite\u013en\u00e1 na obrazovke mierne sa l\u00ed\u0161i\u0165 od skuto\u010dnosti.","og_url":"https:\/\/dev.domkisauny.pl\/sk\/produkt\/bazen-premium-spa-s-jacuzzi-685-x-300-cm\/","og_site_name":"Dom\u010deky, Sauny","article_publisher":"https:\/\/www.facebook.com\/DomkiSauny","article_modified_time":"2025-04-25T13:39:20+00:00","og_image":[{"width":1500,"height":844,"url":"https:\/\/dev.domkisauny.pl\/wp-content\/uploads\/2024\/03\/Basen-Premium-6.jpg","type":"image\/jpeg"}],"twitter_card":"summary_large_image","twitter_misc":{"Predpokladan\u00fd \u010das \u010d\u00edtania":"4 min\u00faty"},"schema":{"@context":"https:\/\/schema.org","@graph":[{"@type":"WebPage","@id":"https:\/\/dev.domkisauny.pl\/sk\/produkt\/bazen-premium-spa-s-jacuzzi-685-x-300-cm\/","url":"https:\/\/dev.domkisauny.pl\/sk\/produkt\/bazen-premium-spa-s-jacuzzi-685-x-300-cm\/","name":"Baz\u00e9n Premium SPA s jacuzzi 685 x 300 cm | Dom\u010deky, Sauny","isPartOf":{"@id":"https:\/\/dev.domkisauny.pl\/sk\/#website"},"primaryImageOfPage":{"@id":"https:\/\/dev.domkisauny.pl\/sk\/produkt\/bazen-premium-spa-s-jacuzzi-685-x-300-cm\/#primaryimage"},"image":{"@id":"https:\/\/dev.domkisauny.pl\/sk\/produkt\/bazen-premium-spa-s-jacuzzi-685-x-300-cm\/#primaryimage"},"thumbnailUrl":"https:\/\/dev.domkisauny.pl\/wp-content\/uploads\/2024\/03\/Basen-Premium-6.jpg","datePublished":"2024-03-28T06:30:02+00:00","dateModified":"2025-04-25T13:39:20+00:00","breadcrumb":{"@id":"https:\/\/dev.domkisauny.pl\/sk\/produkt\/bazen-premium-spa-s-jacuzzi-685-x-300-cm\/#breadcrumb"},"inLanguage":"sk-SK","potentialAction":[{"@type":"ReadAction","target":["https:\/\/dev.domkisauny.pl\/sk\/produkt\/bazen-premium-spa-s-jacuzzi-685-x-300-cm\/"]}]},{"@type":"ImageObject","inLanguage":"sk-SK","@id":"https:\/\/dev.domkisauny.pl\/sk\/produkt\/bazen-premium-spa-s-jacuzzi-685-x-300-cm\/#primaryimage","url":"https:\/\/dev.domkisauny.pl\/wp-content\/uploads\/2024\/03\/Basen-Premium-6.jpg","contentUrl":"https:\/\/dev.domkisauny.pl\/wp-content\/uploads\/2024\/03\/Basen-Premium-6.jpg","width":1500,"height":844},{"@type":"BreadcrumbList","@id":"https:\/\/dev.domkisauny.pl\/sk\/produkt\/bazen-premium-spa-s-jacuzzi-685-x-300-cm\/#breadcrumb","itemListElement":[{"@type":"ListItem","position":1,"name":"A&amp;M","item":"https:\/\/dev.domkisauny.pl\/sk\/"},{"@type":"ListItem","position":2,"name":"Produkty","item":"https:\/\/dev.domkisauny.pl\/produkty\/"},{"@type":"ListItem","position":3,"name":"Baz\u00e9ny","item":"https:\/\/dev.domkisauny.pl\/sk\/kategoria-produktu\/bazeny\/"},{"@type":"ListItem","position":4,"name":"Baz\u00e9n Premium SPA s jacuzzi 685 x 300 cm"}]},{"@type":"WebSite","@id":"https:\/\/dev.domkisauny.pl\/sk\/#website","url":"https:\/\/dev.domkisauny.pl\/sk\/","name":"Dom\u010deky, Sauny","description":"","publisher":{"@id":"https:\/\/dev.domkisauny.pl\/sk\/#organization"},"potentialAction":[{"@type":"SearchAction","target":{"@type":"EntryPoint","urlTemplate":"https:\/\/dev.domkisauny.pl\/sk\/?s={search_term_string}"},"query-input":{"@type":"PropertyValueSpecification","valueRequired":true,"valueName":"search_term_string"}}],"inLanguage":"sk-SK"},{"@type":"Organization","@id":"https:\/\/dev.domkisauny.pl\/sk\/#organization","name":"Dom\u010deky, Sauny","url":"https:\/\/dev.domkisauny.pl\/sk\/","logo":{"@type":"ImageObject","inLanguage":"sk-SK","@id":"https:\/\/dev.domkisauny.pl\/sk\/#\/schema\/logo\/image\/","url":"https:\/\/domkisauny.pl\/wp-content\/uploads\/2022\/09\/logo_03.png","contentUrl":"https:\/\/domkisauny.pl\/wp-content\/uploads\/2022\/09\/logo_03.png","width":95,"height":81,"caption":"Dom\u010deky, Sauny"},"image":{"@id":"https:\/\/dev.domkisauny.pl\/sk\/#\/schema\/logo\/image\/"},"sameAs":["https:\/\/www.facebook.com\/DomkiSauny"]}]}},"_links":{"self":[{"href":"https:\/\/dev.domkisauny.pl\/sk\/wp-json\/wp\/v2\/product\/9701","targetHints":{"allow":["GET"]}}],"collection":[{"href":"https:\/\/dev.domkisauny.pl\/sk\/wp-json\/wp\/v2\/product"}],"about":[{"href":"https:\/\/dev.domkisauny.pl\/sk\/wp-json\/wp\/v2\/types\/product"}],"wp:featuredmedia":[{"embeddable":true,"href":"https:\/\/dev.domkisauny.pl\/sk\/wp-json\/wp\/v2\/media\/9652"}],"wp:attachment":[{"href":"https:\/\/dev.domkisauny.pl\/sk\/wp-json\/wp\/v2\/media?parent=9701"}],"wp:term":[{"taxonomy":"product_brand","embeddable":true,"href":"https:\/\/dev.domkisauny.pl\/sk\/wp-json\/wp\/v2\/product_brand?post=9701"},{"taxonomy":"product_cat","embeddable":true,"href":"https:\/\/dev.domkisauny.pl\/sk\/wp-json\/wp\/v2\/product_cat?post=9701"},{"taxonomy":"product_tag","embeddable":true,"href":"https:\/\/dev.domkisauny.pl\/sk\/wp-json\/wp\/v2\/product_tag?post=9701"}],"curies":[{"name":"wp","href":"https:\/\/api.w.org\/{rel}","templated":true}]}}