{"id":9178,"date":"2024-01-22T06:47:35","date_gmt":"2024-01-22T05:47:35","guid":{"rendered":"https:\/\/domkisauny.pl\/?post_type=product&#038;p=9178"},"modified":"2025-01-26T16:45:08","modified_gmt":"2025-01-26T15:45:08","slug":"elektricke-kachle-huum-drop-s-ovladacom-wifi-9kw","status":"publish","type":"product","link":"https:\/\/dev.domkisauny.pl\/sk\/produkt\/elektricke-kachle-huum-drop-s-ovladacom-wifi-9kw\/","title":{"rendered":"Elektrick\u00e9 kachle Huum Drop s ovl\u00e1da\u010dom WiFi 9kW"},"content":{"rendered":"<h3><strong>\u0160pecifik\u00e1cia:<\/strong><\/h3>\n<ul>\n<li><strong>V\u00fdkon <\/strong>kachl\u00ed: 9 kW<\/li>\n<li><strong>Ur\u010den\u00e9 <\/strong>do sauny s kubat\u00farou: 8-15 m3<\/li>\n<li><strong>Nap\u00e1janie<\/strong>: trojf\u00e1zov\u00e9 400 V 3N<\/li>\n<li><strong>Model <\/strong>na zavesenie na stene<\/li>\n<li><strong>Mno\u017estvo <\/strong>kame\u0148ov: 55 kg<\/li>\n<li><strong>Cena <\/strong>nezah\u0155\u0148a ovl\u00e1da\u010d a kamene.<\/li>\n<\/ul>\n<p>Ergonomick\u00e9 kachle Huum Drop 9 kW s\u00fa osved\u010den\u00fdm sp\u00f4sobom pohodln\u00e9ho odpo\u010dinku, v s\u00falade s modern\u00fdmi \u0161tandardmi.<\/p>\n<ul>\n<li>Elektrick\u00e9 ohrieva\u010de v sudov\u00fdch saun\u00e1ch LEN PRE VLASTN\u00da MONT\u00c1\u017d<\/li>\n<li>Elektrick\u00e9 ohrieva\u010de v saun\u00e1ch PREMIUM s\u00fa DOD\u00c1VAN\u00c9 V MONT\u00c1\u017dI<\/li>\n<li>DO KA\u017dDEJ sauny DOD\u00c1VAME MONTOVAN\u00c9 kachle na drevo<\/li>\n<\/ul>\n<h3><strong>Elektrick\u00e9 saunov\u00e9 kachle s takmer neobmedzen\u00fdm v\u00fdkonom<\/strong><\/h3>\n<p>Tento model kachl\u00ed sa vyzna\u010duje predov\u0161etk\u00fdm obzvl\u00e1\u0161\u0165 ve\u013ek\u00fdm odparovac\u00edm priestorom. <strong>Ve\u013ek\u00fa z\u00e1sluhu na tom m\u00e1 pou\u017eitie t\u00fdch najkvalitnej\u0161\u00edch komponentov, ktor\u00e9 zaru\u010duj\u00fa perfektn\u00fd chod a v\u010faka tomu aj rovnako dokonal\u00e9 saunovanie.<\/strong> Okrem nastavenia sily pary si m\u00f4\u017eete prisp\u00f4sobi\u0165 aj jej charakter. Ak sa voda naleje zo strany, stane sa m\u00e4kkou a jemnou. Ak to v\u0161ak urob\u00edme zhora, efekt je ove\u013ea ostrej\u0161\u00ed. T\u00fdmto sp\u00f4sobom je \u013eahk\u00e9 n\u00e1js\u0165 si ide\u00e1lne podmienky.<\/p>\n<p><strong>Dodato\u010dn\u00fd komfort je ovplyvnen\u00fd aj t\u00fdm, \u017ee Huum Drop 9 kW je in\u0161talovan\u00fd spolo\u010dne s extern\u00fdm WiFi ovl\u00e1da\u010dom. <\/strong>V\u010faka nemu sa st\u00e1va pobyt v saune z na\u0161ej strany e\u0161te menej n\u00e1ro\u010dn\u00fd.<\/p>\n<h3><strong>Jedine\u010dn\u00e1 estetika odkazuj\u00faca k pr\u00edrode<\/strong><\/h3>\n<p>Saunov\u00e9 kachle Huum Drop 9 kW to je elegancia sama v sebe. <strong>Ich jemn\u00fd, ale charakteristick\u00fd tvar kvapky vn\u00e1\u0161a do miestnosti nov\u00fa estetiku.<\/strong> Umiestnen\u00edm na stenu sa sauna st\u00e1va \u017eiv\u0161ou, stimuluj\u00fac jej hranat\u00e9 steny. Navy\u0161e dokonale odkazuje k pr\u00edrode a jej naj\u010distej\u0161iemu \u017eivlu &#8211; vode. Nov\u00fd dizajn tak v\u00fdrazne ovplyv\u0148uje atmosf\u00e9ru panuj\u00facu vo vn\u00fatri. V\u010faka modernej estetike s\u00fa kachle Huum ide\u00e1lne pre pr\u00e9miov\u00e9 sauny.<\/p>\n<p>&nbsp;<\/p>\n","protected":false},"excerpt":{"rendered":"<p>\u0160pecifik\u00e1cia: V\u00fdkon kachl\u00ed: 9 kW Ur\u010den\u00e9 do sauny s kubat\u00farou: 8-15 m3 Nap\u00e1janie: trojf\u00e1zov\u00e9 400 V 3N Model na zavesenie<\/p>\n","protected":false},"featured_media":7818,"template":"","meta":{"_acf_changed":false},"product_brand":[],"product_cat":[315],"product_tag":[],"class_list":{"0":"post-9178","1":"product","2":"type-product","3":"status-publish","4":"has-post-thumbnail","6":"product_cat-elektricke-kachle-do-sauny","8":"first","9":"instock","10":"shipping-taxable","11":"purchasable","12":"product-type-simple"},"acf":[],"yoast_head":"<!-- This site is optimized with the Yoast SEO plugin v27.4 - https:\/\/yoast.com\/product\/yoast-seo-wordpress\/ -->\n<title>Elektrick\u00e9 kachle Huum Drop s ovl\u00e1da\u010dom WiFi 9kW | Dom\u010deky, Sauny<\/title>\n<meta name=\"robots\" content=\"noindex, follow, max-snippet:-1, max-image-preview:large, max-video-preview:-1\" \/>\n<meta property=\"og:locale\" content=\"sk_SK\" \/>\n<meta property=\"og:type\" content=\"article\" \/>\n<meta property=\"og:title\" content=\"Elektrick\u00e9 kachle Huum Drop s ovl\u00e1da\u010dom WiFi 9kW | Dom\u010deky, Sauny\" \/>\n<meta property=\"og:description\" content=\"\u0160pecifik\u00e1cia: V\u00fdkon kachl\u00ed: 9 kW Ur\u010den\u00e9 do sauny s kubat\u00farou: 8-15 m3 Nap\u00e1janie: trojf\u00e1zov\u00e9 400 V 3N Model na zavesenie\" \/>\n<meta property=\"og:url\" content=\"https:\/\/dev.domkisauny.pl\/sk\/produkt\/elektricke-kachle-huum-drop-s-ovladacom-wifi-9kw\/\" \/>\n<meta property=\"og:site_name\" content=\"Dom\u010deky, Sauny\" \/>\n<meta property=\"article:publisher\" content=\"https:\/\/www.facebook.com\/DomkiSauny\" \/>\n<meta property=\"article:modified_time\" content=\"2025-01-26T15:45:08+00:00\" \/>\n<meta property=\"og:image\" content=\"https:\/\/dev.domkisauny.pl\/wp-content\/uploads\/2024\/01\/Huum-Drop-9-kW-1.jpg\" \/>\n\t<meta property=\"og:image:width\" content=\"2000\" \/>\n\t<meta property=\"og:image:height\" content=\"1600\" \/>\n\t<meta property=\"og:image:type\" content=\"image\/jpeg\" \/>\n<meta name=\"twitter:card\" content=\"summary_large_image\" \/>\n<meta name=\"twitter:label1\" content=\"Predpokladan\u00fd \u010das \u010d\u00edtania\" \/>\n\t<meta name=\"twitter:data1\" content=\"2 min\u00faty\" \/>\n<script type=\"application\/ld+json\" class=\"yoast-schema-graph\">{\"@context\":\"https:\\\/\\\/schema.org\",\"@graph\":[{\"@type\":\"WebPage\",\"@id\":\"https:\\\/\\\/dev.domkisauny.pl\\\/sk\\\/produkt\\\/elektricke-kachle-huum-drop-s-ovladacom-wifi-9kw\\\/\",\"url\":\"https:\\\/\\\/dev.domkisauny.pl\\\/sk\\\/produkt\\\/elektricke-kachle-huum-drop-s-ovladacom-wifi-9kw\\\/\",\"name\":\"Elektrick\u00e9 kachle Huum Drop s ovl\u00e1da\u010dom WiFi 9kW | Dom\u010deky, Sauny\",\"isPartOf\":{\"@id\":\"https:\\\/\\\/dev.domkisauny.pl\\\/sk\\\/#website\"},\"primaryImageOfPage\":{\"@id\":\"https:\\\/\\\/dev.domkisauny.pl\\\/sk\\\/produkt\\\/elektricke-kachle-huum-drop-s-ovladacom-wifi-9kw\\\/#primaryimage\"},\"image\":{\"@id\":\"https:\\\/\\\/dev.domkisauny.pl\\\/sk\\\/produkt\\\/elektricke-kachle-huum-drop-s-ovladacom-wifi-9kw\\\/#primaryimage\"},\"thumbnailUrl\":\"https:\\\/\\\/dev.domkisauny.pl\\\/wp-content\\\/uploads\\\/2024\\\/01\\\/Huum-Drop-9-kW-1.jpg\",\"datePublished\":\"2024-01-22T05:47:35+00:00\",\"dateModified\":\"2025-01-26T15:45:08+00:00\",\"breadcrumb\":{\"@id\":\"https:\\\/\\\/dev.domkisauny.pl\\\/sk\\\/produkt\\\/elektricke-kachle-huum-drop-s-ovladacom-wifi-9kw\\\/#breadcrumb\"},\"inLanguage\":\"sk-SK\",\"potentialAction\":[{\"@type\":\"ReadAction\",\"target\":[\"https:\\\/\\\/dev.domkisauny.pl\\\/sk\\\/produkt\\\/elektricke-kachle-huum-drop-s-ovladacom-wifi-9kw\\\/\"]}]},{\"@type\":\"ImageObject\",\"inLanguage\":\"sk-SK\",\"@id\":\"https:\\\/\\\/dev.domkisauny.pl\\\/sk\\\/produkt\\\/elektricke-kachle-huum-drop-s-ovladacom-wifi-9kw\\\/#primaryimage\",\"url\":\"https:\\\/\\\/dev.domkisauny.pl\\\/wp-content\\\/uploads\\\/2024\\\/01\\\/Huum-Drop-9-kW-1.jpg\",\"contentUrl\":\"https:\\\/\\\/dev.domkisauny.pl\\\/wp-content\\\/uploads\\\/2024\\\/01\\\/Huum-Drop-9-kW-1.jpg\",\"width\":2000,\"height\":1600,\"caption\":\"Piec elektryczny Huum Drop ze sterownikiem WiFi 9kW\"},{\"@type\":\"BreadcrumbList\",\"@id\":\"https:\\\/\\\/dev.domkisauny.pl\\\/sk\\\/produkt\\\/elektricke-kachle-huum-drop-s-ovladacom-wifi-9kw\\\/#breadcrumb\",\"itemListElement\":[{\"@type\":\"ListItem\",\"position\":1,\"name\":\"A&amp;M\",\"item\":\"https:\\\/\\\/dev.domkisauny.pl\\\/sk\\\/\"},{\"@type\":\"ListItem\",\"position\":2,\"name\":\"Produkty\",\"item\":\"https:\\\/\\\/dev.domkisauny.pl\\\/produkty\\\/\"},{\"@type\":\"ListItem\",\"position\":3,\"name\":\"Vybavenie\",\"item\":\"https:\\\/\\\/dev.domkisauny.pl\\\/sk\\\/kategoria-produktu\\\/vybavenie\\\/\"},{\"@type\":\"ListItem\",\"position\":4,\"name\":\"Pec do sauny\",\"item\":\"https:\\\/\\\/dev.domkisauny.pl\\\/sk\\\/kategoria-produktu\\\/vybavenie\\\/pec-do-sauny\\\/\"},{\"@type\":\"ListItem\",\"position\":5,\"name\":\"Elektrick\u00e9 kachle do sauny\",\"item\":\"https:\\\/\\\/dev.domkisauny.pl\\\/sk\\\/kategoria-produktu\\\/vybavenie\\\/pec-do-sauny\\\/elektricke-kachle-do-sauny\\\/\"},{\"@type\":\"ListItem\",\"position\":6,\"name\":\"Elektrick\u00e9 kachle Huum Drop s ovl\u00e1da\u010dom WiFi 9kW\"}]},{\"@type\":\"WebSite\",\"@id\":\"https:\\\/\\\/dev.domkisauny.pl\\\/sk\\\/#website\",\"url\":\"https:\\\/\\\/dev.domkisauny.pl\\\/sk\\\/\",\"name\":\"Dom\u010deky, Sauny\",\"description\":\"\",\"publisher\":{\"@id\":\"https:\\\/\\\/dev.domkisauny.pl\\\/sk\\\/#organization\"},\"potentialAction\":[{\"@type\":\"SearchAction\",\"target\":{\"@type\":\"EntryPoint\",\"urlTemplate\":\"https:\\\/\\\/dev.domkisauny.pl\\\/sk\\\/?s={search_term_string}\"},\"query-input\":{\"@type\":\"PropertyValueSpecification\",\"valueRequired\":true,\"valueName\":\"search_term_string\"}}],\"inLanguage\":\"sk-SK\"},{\"@type\":\"Organization\",\"@id\":\"https:\\\/\\\/dev.domkisauny.pl\\\/sk\\\/#organization\",\"name\":\"Dom\u010deky, Sauny\",\"url\":\"https:\\\/\\\/dev.domkisauny.pl\\\/sk\\\/\",\"logo\":{\"@type\":\"ImageObject\",\"inLanguage\":\"sk-SK\",\"@id\":\"https:\\\/\\\/dev.domkisauny.pl\\\/sk\\\/#\\\/schema\\\/logo\\\/image\\\/\",\"url\":\"https:\\\/\\\/domkisauny.pl\\\/wp-content\\\/uploads\\\/2022\\\/09\\\/logo_03.png\",\"contentUrl\":\"https:\\\/\\\/domkisauny.pl\\\/wp-content\\\/uploads\\\/2022\\\/09\\\/logo_03.png\",\"width\":95,\"height\":81,\"caption\":\"Dom\u010deky, Sauny\"},\"image\":{\"@id\":\"https:\\\/\\\/dev.domkisauny.pl\\\/sk\\\/#\\\/schema\\\/logo\\\/image\\\/\"},\"sameAs\":[\"https:\\\/\\\/www.facebook.com\\\/DomkiSauny\"]}]}<\/script>\n<!-- \/ Yoast SEO plugin. -->","yoast_head_json":{"title":"Elektrick\u00e9 kachle Huum Drop s ovl\u00e1da\u010dom WiFi 9kW | Dom\u010deky, Sauny","robots":{"index":"noindex","follow":"follow","max-snippet":"max-snippet:-1","max-image-preview":"max-image-preview:large","max-video-preview":"max-video-preview:-1"},"og_locale":"sk_SK","og_type":"article","og_title":"Elektrick\u00e9 kachle Huum Drop s ovl\u00e1da\u010dom WiFi 9kW | Dom\u010deky, Sauny","og_description":"\u0160pecifik\u00e1cia: V\u00fdkon kachl\u00ed: 9 kW Ur\u010den\u00e9 do sauny s kubat\u00farou: 8-15 m3 Nap\u00e1janie: trojf\u00e1zov\u00e9 400 V 3N Model na zavesenie","og_url":"https:\/\/dev.domkisauny.pl\/sk\/produkt\/elektricke-kachle-huum-drop-s-ovladacom-wifi-9kw\/","og_site_name":"Dom\u010deky, Sauny","article_publisher":"https:\/\/www.facebook.com\/DomkiSauny","article_modified_time":"2025-01-26T15:45:08+00:00","og_image":[{"width":2000,"height":1600,"url":"https:\/\/dev.domkisauny.pl\/wp-content\/uploads\/2024\/01\/Huum-Drop-9-kW-1.jpg","type":"image\/jpeg"}],"twitter_card":"summary_large_image","twitter_misc":{"Predpokladan\u00fd \u010das \u010d\u00edtania":"2 min\u00faty"},"schema":{"@context":"https:\/\/schema.org","@graph":[{"@type":"WebPage","@id":"https:\/\/dev.domkisauny.pl\/sk\/produkt\/elektricke-kachle-huum-drop-s-ovladacom-wifi-9kw\/","url":"https:\/\/dev.domkisauny.pl\/sk\/produkt\/elektricke-kachle-huum-drop-s-ovladacom-wifi-9kw\/","name":"Elektrick\u00e9 kachle Huum Drop s ovl\u00e1da\u010dom WiFi 9kW | Dom\u010deky, Sauny","isPartOf":{"@id":"https:\/\/dev.domkisauny.pl\/sk\/#website"},"primaryImageOfPage":{"@id":"https:\/\/dev.domkisauny.pl\/sk\/produkt\/elektricke-kachle-huum-drop-s-ovladacom-wifi-9kw\/#primaryimage"},"image":{"@id":"https:\/\/dev.domkisauny.pl\/sk\/produkt\/elektricke-kachle-huum-drop-s-ovladacom-wifi-9kw\/#primaryimage"},"thumbnailUrl":"https:\/\/dev.domkisauny.pl\/wp-content\/uploads\/2024\/01\/Huum-Drop-9-kW-1.jpg","datePublished":"2024-01-22T05:47:35+00:00","dateModified":"2025-01-26T15:45:08+00:00","breadcrumb":{"@id":"https:\/\/dev.domkisauny.pl\/sk\/produkt\/elektricke-kachle-huum-drop-s-ovladacom-wifi-9kw\/#breadcrumb"},"inLanguage":"sk-SK","potentialAction":[{"@type":"ReadAction","target":["https:\/\/dev.domkisauny.pl\/sk\/produkt\/elektricke-kachle-huum-drop-s-ovladacom-wifi-9kw\/"]}]},{"@type":"ImageObject","inLanguage":"sk-SK","@id":"https:\/\/dev.domkisauny.pl\/sk\/produkt\/elektricke-kachle-huum-drop-s-ovladacom-wifi-9kw\/#primaryimage","url":"https:\/\/dev.domkisauny.pl\/wp-content\/uploads\/2024\/01\/Huum-Drop-9-kW-1.jpg","contentUrl":"https:\/\/dev.domkisauny.pl\/wp-content\/uploads\/2024\/01\/Huum-Drop-9-kW-1.jpg","width":2000,"height":1600,"caption":"Piec elektryczny Huum Drop ze sterownikiem WiFi 9kW"},{"@type":"BreadcrumbList","@id":"https:\/\/dev.domkisauny.pl\/sk\/produkt\/elektricke-kachle-huum-drop-s-ovladacom-wifi-9kw\/#breadcrumb","itemListElement":[{"@type":"ListItem","position":1,"name":"A&amp;M","item":"https:\/\/dev.domkisauny.pl\/sk\/"},{"@type":"ListItem","position":2,"name":"Produkty","item":"https:\/\/dev.domkisauny.pl\/produkty\/"},{"@type":"ListItem","position":3,"name":"Vybavenie","item":"https:\/\/dev.domkisauny.pl\/sk\/kategoria-produktu\/vybavenie\/"},{"@type":"ListItem","position":4,"name":"Pec do sauny","item":"https:\/\/dev.domkisauny.pl\/sk\/kategoria-produktu\/vybavenie\/pec-do-sauny\/"},{"@type":"ListItem","position":5,"name":"Elektrick\u00e9 kachle do sauny","item":"https:\/\/dev.domkisauny.pl\/sk\/kategoria-produktu\/vybavenie\/pec-do-sauny\/elektricke-kachle-do-sauny\/"},{"@type":"ListItem","position":6,"name":"Elektrick\u00e9 kachle Huum Drop s ovl\u00e1da\u010dom WiFi 9kW"}]},{"@type":"WebSite","@id":"https:\/\/dev.domkisauny.pl\/sk\/#website","url":"https:\/\/dev.domkisauny.pl\/sk\/","name":"Dom\u010deky, Sauny","description":"","publisher":{"@id":"https:\/\/dev.domkisauny.pl\/sk\/#organization"},"potentialAction":[{"@type":"SearchAction","target":{"@type":"EntryPoint","urlTemplate":"https:\/\/dev.domkisauny.pl\/sk\/?s={search_term_string}"},"query-input":{"@type":"PropertyValueSpecification","valueRequired":true,"valueName":"search_term_string"}}],"inLanguage":"sk-SK"},{"@type":"Organization","@id":"https:\/\/dev.domkisauny.pl\/sk\/#organization","name":"Dom\u010deky, Sauny","url":"https:\/\/dev.domkisauny.pl\/sk\/","logo":{"@type":"ImageObject","inLanguage":"sk-SK","@id":"https:\/\/dev.domkisauny.pl\/sk\/#\/schema\/logo\/image\/","url":"https:\/\/domkisauny.pl\/wp-content\/uploads\/2022\/09\/logo_03.png","contentUrl":"https:\/\/domkisauny.pl\/wp-content\/uploads\/2022\/09\/logo_03.png","width":95,"height":81,"caption":"Dom\u010deky, Sauny"},"image":{"@id":"https:\/\/dev.domkisauny.pl\/sk\/#\/schema\/logo\/image\/"},"sameAs":["https:\/\/www.facebook.com\/DomkiSauny"]}]}},"_links":{"self":[{"href":"https:\/\/dev.domkisauny.pl\/sk\/wp-json\/wp\/v2\/product\/9178","targetHints":{"allow":["GET"]}}],"collection":[{"href":"https:\/\/dev.domkisauny.pl\/sk\/wp-json\/wp\/v2\/product"}],"about":[{"href":"https:\/\/dev.domkisauny.pl\/sk\/wp-json\/wp\/v2\/types\/product"}],"wp:featuredmedia":[{"embeddable":true,"href":"https:\/\/dev.domkisauny.pl\/sk\/wp-json\/wp\/v2\/media\/7818"}],"wp:attachment":[{"href":"https:\/\/dev.domkisauny.pl\/sk\/wp-json\/wp\/v2\/media?parent=9178"}],"wp:term":[{"taxonomy":"product_brand","embeddable":true,"href":"https:\/\/dev.domkisauny.pl\/sk\/wp-json\/wp\/v2\/product_brand?post=9178"},{"taxonomy":"product_cat","embeddable":true,"href":"https:\/\/dev.domkisauny.pl\/sk\/wp-json\/wp\/v2\/product_cat?post=9178"},{"taxonomy":"product_tag","embeddable":true,"href":"https:\/\/dev.domkisauny.pl\/sk\/wp-json\/wp\/v2\/product_tag?post=9178"}],"curies":[{"name":"wp","href":"https:\/\/api.w.org\/{rel}","templated":true}]}}