{"id":9174,"date":"2024-01-22T12:48:24","date_gmt":"2024-01-22T11:48:24","guid":{"rendered":"https:\/\/domkisauny.pl\/?post_type=product&#038;p=9174"},"modified":"2025-01-26T16:51:16","modified_gmt":"2025-01-26T15:51:16","slug":"kachle-na-drevo-harvia-m3-komin-v-streche-165-kw","status":"publish","type":"product","link":"https:\/\/dev.domkisauny.pl\/sk\/produkt\/kachle-na-drevo-harvia-m3-komin-v-streche-165-kw\/","title":{"rendered":"Kachle na drevo Harvia M3 &#8211; kom\u00edn v streche, 16,5 kW"},"content":{"rendered":"<h3><strong>\u0160pecifik\u00e1cia:<\/strong><\/h3>\n<ul>\n<li><strong>Rozmery<\/strong>: \u0160\u00edrka 390 mm \/ H\u013abka 430 mm \/ V\u00fd\u0161ka 710 mm<\/li>\n<li><strong>Hmotnos\u0165<\/strong>: 45 kg<\/li>\n<li><strong>V\u00fdkon <\/strong>kachl\u00ed: 16,5 kW<\/li>\n<li><strong>Ur\u010den\u00e9 <\/strong>do saunu s kubat\u00farou 6-13 m3<\/li>\n<li><strong>Cena <\/strong>zah\u0155\u0148a: 30 kg kame\u0148ov.<\/li>\n<\/ul>\n<p>Kombin\u00e1cia neocenite\u013en\u00e9ho v\u00fdkonu a schopnosti z\u00edska\u0165 dokonal\u00e9 podmienky, to v\u0161etko ukryt\u00e9 v estetickom puzdre. \u010co sa skr\u00fdva vo vn\u00fatri Harvia M3?<\/p>\n<ul>\n<li>Elektrick\u00e9 ohrieva\u010de v sudov\u00fdch saun\u00e1ch LEN PRE VLASTN\u00da MONT\u00c1\u017d<\/li>\n<li>Elektrick\u00e9 ohrieva\u010de v saun\u00e1ch PREMIUM s\u00fa DOD\u00c1VAN\u00c9 V MONT\u00c1\u017dI<\/li>\n<li>DO KA\u017dDEJ sauny DOD\u00c1VAME MONTOVAN\u00c9 kachle na drevo<\/li>\n<\/ul>\n<h3><strong>Estetika a praktika v men\u0161\u00edch saun\u00e1ch<\/strong><\/h3>\n<p>Klasika a minimalizmus. Saunov\u00e9 kachle Harvia M3 s\u00fa k dispoz\u00edcii v grafitovo \u010diernej farbe. Na ich hornej strane je nerezov\u00e1 pr\u00edruba a cez presklen\u00e9 dvierka je mo\u017en\u00e9 pozorova\u0165 teplo vznikaj\u00face vo vn\u00fatri. Tieto kachle maj\u00fa navy\u0161e nain\u0161talovan\u00fa n\u00e1dr\u017e na vodu pre pohodlie po\u010das pou\u017e\u00edvania.<\/p>\n<p>Tento nad\u010dasov\u00fd vzh\u013ead zapadne nielen do estetiky, ale vytvor\u00ed aj ide\u00e1lne podmienky aj v men\u0161\u00edch saun\u00e1ch. <strong>Svoju \u00falohu pln\u00ed perfektne v modeloch s kubat\u00farou od 6 m3 &#8211; 13 m3.<\/strong> Ich maxim\u00e1lny po\u010det kame\u0148ov, ktor\u00e9 naraz pojm\u00fa, je 30 kg, pri\u010dom s kach\u013eami je dod\u00e1van\u00fdch a\u017e 40 kg. V\u010faka tomu s\u00fa mimoriadne efekt\u00edvne a r\u00fdchlo vytvoria priazniv\u00e9 podmienky.<\/p>\n<h3><strong>Jedine\u010dn\u00e1 atmosf\u00e9ra so saunov\u00fdmi kach\u013eami na drevo<\/strong><\/h3>\n<p>Kachle na drevo s\u00fa klasick\u00fdm rie\u0161en\u00edm, ktor\u00e9 je tu s nami u\u017e dlho. <strong>Aj ke\u010f si zvyk\u00e1me na s\u00fa\u010dasn\u00e9 elektrick\u00e9 rie\u0161enia, s\u00fa st\u00e1le jedine\u010dn\u00e9. <\/strong>Ich umiestnen\u00edm do sauny si m\u00f4\u017eete by\u0165 ist\u00ed, \u017ee atmosf\u00e9ra vo vn\u00fatri bude neporovnate\u013ene pr\u00edjemn\u00e1, tepl\u00e1 a prirodzen\u00e1.<\/p>\n<h3><strong>Harvia M3 v dvoch variantoch<\/strong><\/h3>\n<p>Kachle na drevo Harvia M3 s\u00fa k dispoz\u00edcii v dvoch variantoch. Aj ke\u010f sa v nich k\u00fari zvn\u00fatra miestnosti, ich kom\u00edn m\u00f4\u017ee by\u0165 umiestnen\u00fd na streche alebo na zadnej stene.<\/p>\n<p>Harvia M3 maj\u00fa klasick\u00fd vzh\u013ead a s\u00fa ur\u010den\u00e9 pre mal\u00e9 sauny vykurovan\u00e9 drevom. V\u010faka nej m\u00f4\u017eeme za\u017ei\u0165 nezabudnute\u013en\u00e9 z\u00e1\u017eitky a poc\u00edti\u0165 tradi\u010dn\u00fa atmosf\u00e9ru sauny pri saunovan\u00ed.<\/p>\n<p>&nbsp;<\/p>\n","protected":false},"excerpt":{"rendered":"<p>\u0160pecifik\u00e1cia: Rozmery: \u0160\u00edrka 390 mm \/ H\u013abka 430 mm \/ V\u00fd\u0161ka 710 mm Hmotnos\u0165: 45 kg V\u00fdkon kachl\u00ed: 16,5 kW<\/p>\n","protected":false},"featured_media":7799,"template":"","meta":{"_acf_changed":false},"product_brand":[],"product_cat":[312],"product_tag":[],"class_list":{"0":"post-9174","1":"product","2":"type-product","3":"status-publish","4":"has-post-thumbnail","6":"product_cat-kachle-do-sauny-na-drevo","8":"first","9":"instock","10":"shipping-taxable","11":"purchasable","12":"product-type-simple"},"acf":[],"yoast_head":"<!-- This site is optimized with the Yoast SEO plugin v27.4 - https:\/\/yoast.com\/product\/yoast-seo-wordpress\/ -->\n<title>Kachle na drevo Harvia M3 - kom\u00edn v streche, 16,5 kW | Dom\u010deky, Sauny<\/title>\n<meta name=\"robots\" content=\"noindex, follow, max-snippet:-1, max-image-preview:large, max-video-preview:-1\" \/>\n<meta property=\"og:locale\" content=\"sk_SK\" \/>\n<meta property=\"og:type\" content=\"article\" \/>\n<meta property=\"og:title\" content=\"Kachle na drevo Harvia M3 - kom\u00edn v streche, 16,5 kW | Dom\u010deky, Sauny\" \/>\n<meta property=\"og:description\" content=\"\u0160pecifik\u00e1cia: Rozmery: \u0160\u00edrka 390 mm \/ H\u013abka 430 mm \/ V\u00fd\u0161ka 710 mm Hmotnos\u0165: 45 kg V\u00fdkon kachl\u00ed: 16,5 kW\" \/>\n<meta property=\"og:url\" content=\"https:\/\/dev.domkisauny.pl\/sk\/produkt\/kachle-na-drevo-harvia-m3-komin-v-streche-165-kw\/\" \/>\n<meta property=\"og:site_name\" content=\"Dom\u010deky, Sauny\" \/>\n<meta property=\"article:publisher\" content=\"https:\/\/www.facebook.com\/DomkiSauny\" \/>\n<meta property=\"article:modified_time\" content=\"2025-01-26T15:51:16+00:00\" \/>\n<meta property=\"og:image\" content=\"https:\/\/dev.domkisauny.pl\/wp-content\/uploads\/2024\/01\/Piec-Harvia-M3.jpg\" \/>\n\t<meta property=\"og:image:width\" content=\"2000\" \/>\n\t<meta property=\"og:image:height\" content=\"1600\" \/>\n\t<meta property=\"og:image:type\" content=\"image\/jpeg\" \/>\n<meta name=\"twitter:card\" content=\"summary_large_image\" \/>\n<meta name=\"twitter:label1\" content=\"Predpokladan\u00fd \u010das \u010d\u00edtania\" \/>\n\t<meta name=\"twitter:data1\" content=\"2 min\u00faty\" \/>\n<script type=\"application\/ld+json\" class=\"yoast-schema-graph\">{\"@context\":\"https:\\\/\\\/schema.org\",\"@graph\":[{\"@type\":\"WebPage\",\"@id\":\"https:\\\/\\\/dev.domkisauny.pl\\\/sk\\\/produkt\\\/kachle-na-drevo-harvia-m3-komin-v-streche-165-kw\\\/\",\"url\":\"https:\\\/\\\/dev.domkisauny.pl\\\/sk\\\/produkt\\\/kachle-na-drevo-harvia-m3-komin-v-streche-165-kw\\\/\",\"name\":\"Kachle na drevo Harvia M3 - kom\u00edn v streche, 16,5 kW | Dom\u010deky, Sauny\",\"isPartOf\":{\"@id\":\"https:\\\/\\\/dev.domkisauny.pl\\\/sk\\\/#website\"},\"primaryImageOfPage\":{\"@id\":\"https:\\\/\\\/dev.domkisauny.pl\\\/sk\\\/produkt\\\/kachle-na-drevo-harvia-m3-komin-v-streche-165-kw\\\/#primaryimage\"},\"image\":{\"@id\":\"https:\\\/\\\/dev.domkisauny.pl\\\/sk\\\/produkt\\\/kachle-na-drevo-harvia-m3-komin-v-streche-165-kw\\\/#primaryimage\"},\"thumbnailUrl\":\"https:\\\/\\\/dev.domkisauny.pl\\\/wp-content\\\/uploads\\\/2024\\\/01\\\/Piec-Harvia-M3.jpg\",\"datePublished\":\"2024-01-22T11:48:24+00:00\",\"dateModified\":\"2025-01-26T15:51:16+00:00\",\"breadcrumb\":{\"@id\":\"https:\\\/\\\/dev.domkisauny.pl\\\/sk\\\/produkt\\\/kachle-na-drevo-harvia-m3-komin-v-streche-165-kw\\\/#breadcrumb\"},\"inLanguage\":\"sk-SK\",\"potentialAction\":[{\"@type\":\"ReadAction\",\"target\":[\"https:\\\/\\\/dev.domkisauny.pl\\\/sk\\\/produkt\\\/kachle-na-drevo-harvia-m3-komin-v-streche-165-kw\\\/\"]}]},{\"@type\":\"ImageObject\",\"inLanguage\":\"sk-SK\",\"@id\":\"https:\\\/\\\/dev.domkisauny.pl\\\/sk\\\/produkt\\\/kachle-na-drevo-harvia-m3-komin-v-streche-165-kw\\\/#primaryimage\",\"url\":\"https:\\\/\\\/dev.domkisauny.pl\\\/wp-content\\\/uploads\\\/2024\\\/01\\\/Piec-Harvia-M3.jpg\",\"contentUrl\":\"https:\\\/\\\/dev.domkisauny.pl\\\/wp-content\\\/uploads\\\/2024\\\/01\\\/Piec-Harvia-M3.jpg\",\"width\":2000,\"height\":1600,\"caption\":\"Piec Harvia M3\"},{\"@type\":\"BreadcrumbList\",\"@id\":\"https:\\\/\\\/dev.domkisauny.pl\\\/sk\\\/produkt\\\/kachle-na-drevo-harvia-m3-komin-v-streche-165-kw\\\/#breadcrumb\",\"itemListElement\":[{\"@type\":\"ListItem\",\"position\":1,\"name\":\"A&amp;M\",\"item\":\"https:\\\/\\\/dev.domkisauny.pl\\\/sk\\\/\"},{\"@type\":\"ListItem\",\"position\":2,\"name\":\"Produkty\",\"item\":\"https:\\\/\\\/dev.domkisauny.pl\\\/produkty\\\/\"},{\"@type\":\"ListItem\",\"position\":3,\"name\":\"Vybavenie\",\"item\":\"https:\\\/\\\/dev.domkisauny.pl\\\/sk\\\/kategoria-produktu\\\/vybavenie\\\/\"},{\"@type\":\"ListItem\",\"position\":4,\"name\":\"Pec do sauny\",\"item\":\"https:\\\/\\\/dev.domkisauny.pl\\\/sk\\\/kategoria-produktu\\\/vybavenie\\\/pec-do-sauny\\\/\"},{\"@type\":\"ListItem\",\"position\":5,\"name\":\"Kachle do sauny na drevo\",\"item\":\"https:\\\/\\\/dev.domkisauny.pl\\\/sk\\\/kategoria-produktu\\\/vybavenie\\\/pec-do-sauny\\\/kachle-do-sauny-na-drevo\\\/\"},{\"@type\":\"ListItem\",\"position\":6,\"name\":\"Kachle na drevo Harvia M3 &#8211; kom\u00edn v streche, 16,5 kW\"}]},{\"@type\":\"WebSite\",\"@id\":\"https:\\\/\\\/dev.domkisauny.pl\\\/sk\\\/#website\",\"url\":\"https:\\\/\\\/dev.domkisauny.pl\\\/sk\\\/\",\"name\":\"Dom\u010deky, Sauny\",\"description\":\"\",\"publisher\":{\"@id\":\"https:\\\/\\\/dev.domkisauny.pl\\\/sk\\\/#organization\"},\"potentialAction\":[{\"@type\":\"SearchAction\",\"target\":{\"@type\":\"EntryPoint\",\"urlTemplate\":\"https:\\\/\\\/dev.domkisauny.pl\\\/sk\\\/?s={search_term_string}\"},\"query-input\":{\"@type\":\"PropertyValueSpecification\",\"valueRequired\":true,\"valueName\":\"search_term_string\"}}],\"inLanguage\":\"sk-SK\"},{\"@type\":\"Organization\",\"@id\":\"https:\\\/\\\/dev.domkisauny.pl\\\/sk\\\/#organization\",\"name\":\"Dom\u010deky, Sauny\",\"url\":\"https:\\\/\\\/dev.domkisauny.pl\\\/sk\\\/\",\"logo\":{\"@type\":\"ImageObject\",\"inLanguage\":\"sk-SK\",\"@id\":\"https:\\\/\\\/dev.domkisauny.pl\\\/sk\\\/#\\\/schema\\\/logo\\\/image\\\/\",\"url\":\"https:\\\/\\\/domkisauny.pl\\\/wp-content\\\/uploads\\\/2022\\\/09\\\/logo_03.png\",\"contentUrl\":\"https:\\\/\\\/domkisauny.pl\\\/wp-content\\\/uploads\\\/2022\\\/09\\\/logo_03.png\",\"width\":95,\"height\":81,\"caption\":\"Dom\u010deky, Sauny\"},\"image\":{\"@id\":\"https:\\\/\\\/dev.domkisauny.pl\\\/sk\\\/#\\\/schema\\\/logo\\\/image\\\/\"},\"sameAs\":[\"https:\\\/\\\/www.facebook.com\\\/DomkiSauny\"]}]}<\/script>\n<!-- \/ Yoast SEO plugin. -->","yoast_head_json":{"title":"Kachle na drevo Harvia M3 - kom\u00edn v streche, 16,5 kW | Dom\u010deky, Sauny","robots":{"index":"noindex","follow":"follow","max-snippet":"max-snippet:-1","max-image-preview":"max-image-preview:large","max-video-preview":"max-video-preview:-1"},"og_locale":"sk_SK","og_type":"article","og_title":"Kachle na drevo Harvia M3 - kom\u00edn v streche, 16,5 kW | Dom\u010deky, Sauny","og_description":"\u0160pecifik\u00e1cia: Rozmery: \u0160\u00edrka 390 mm \/ H\u013abka 430 mm \/ V\u00fd\u0161ka 710 mm Hmotnos\u0165: 45 kg V\u00fdkon kachl\u00ed: 16,5 kW","og_url":"https:\/\/dev.domkisauny.pl\/sk\/produkt\/kachle-na-drevo-harvia-m3-komin-v-streche-165-kw\/","og_site_name":"Dom\u010deky, Sauny","article_publisher":"https:\/\/www.facebook.com\/DomkiSauny","article_modified_time":"2025-01-26T15:51:16+00:00","og_image":[{"width":2000,"height":1600,"url":"https:\/\/dev.domkisauny.pl\/wp-content\/uploads\/2024\/01\/Piec-Harvia-M3.jpg","type":"image\/jpeg"}],"twitter_card":"summary_large_image","twitter_misc":{"Predpokladan\u00fd \u010das \u010d\u00edtania":"2 min\u00faty"},"schema":{"@context":"https:\/\/schema.org","@graph":[{"@type":"WebPage","@id":"https:\/\/dev.domkisauny.pl\/sk\/produkt\/kachle-na-drevo-harvia-m3-komin-v-streche-165-kw\/","url":"https:\/\/dev.domkisauny.pl\/sk\/produkt\/kachle-na-drevo-harvia-m3-komin-v-streche-165-kw\/","name":"Kachle na drevo Harvia M3 - kom\u00edn v streche, 16,5 kW | Dom\u010deky, Sauny","isPartOf":{"@id":"https:\/\/dev.domkisauny.pl\/sk\/#website"},"primaryImageOfPage":{"@id":"https:\/\/dev.domkisauny.pl\/sk\/produkt\/kachle-na-drevo-harvia-m3-komin-v-streche-165-kw\/#primaryimage"},"image":{"@id":"https:\/\/dev.domkisauny.pl\/sk\/produkt\/kachle-na-drevo-harvia-m3-komin-v-streche-165-kw\/#primaryimage"},"thumbnailUrl":"https:\/\/dev.domkisauny.pl\/wp-content\/uploads\/2024\/01\/Piec-Harvia-M3.jpg","datePublished":"2024-01-22T11:48:24+00:00","dateModified":"2025-01-26T15:51:16+00:00","breadcrumb":{"@id":"https:\/\/dev.domkisauny.pl\/sk\/produkt\/kachle-na-drevo-harvia-m3-komin-v-streche-165-kw\/#breadcrumb"},"inLanguage":"sk-SK","potentialAction":[{"@type":"ReadAction","target":["https:\/\/dev.domkisauny.pl\/sk\/produkt\/kachle-na-drevo-harvia-m3-komin-v-streche-165-kw\/"]}]},{"@type":"ImageObject","inLanguage":"sk-SK","@id":"https:\/\/dev.domkisauny.pl\/sk\/produkt\/kachle-na-drevo-harvia-m3-komin-v-streche-165-kw\/#primaryimage","url":"https:\/\/dev.domkisauny.pl\/wp-content\/uploads\/2024\/01\/Piec-Harvia-M3.jpg","contentUrl":"https:\/\/dev.domkisauny.pl\/wp-content\/uploads\/2024\/01\/Piec-Harvia-M3.jpg","width":2000,"height":1600,"caption":"Piec Harvia M3"},{"@type":"BreadcrumbList","@id":"https:\/\/dev.domkisauny.pl\/sk\/produkt\/kachle-na-drevo-harvia-m3-komin-v-streche-165-kw\/#breadcrumb","itemListElement":[{"@type":"ListItem","position":1,"name":"A&amp;M","item":"https:\/\/dev.domkisauny.pl\/sk\/"},{"@type":"ListItem","position":2,"name":"Produkty","item":"https:\/\/dev.domkisauny.pl\/produkty\/"},{"@type":"ListItem","position":3,"name":"Vybavenie","item":"https:\/\/dev.domkisauny.pl\/sk\/kategoria-produktu\/vybavenie\/"},{"@type":"ListItem","position":4,"name":"Pec do sauny","item":"https:\/\/dev.domkisauny.pl\/sk\/kategoria-produktu\/vybavenie\/pec-do-sauny\/"},{"@type":"ListItem","position":5,"name":"Kachle do sauny na drevo","item":"https:\/\/dev.domkisauny.pl\/sk\/kategoria-produktu\/vybavenie\/pec-do-sauny\/kachle-do-sauny-na-drevo\/"},{"@type":"ListItem","position":6,"name":"Kachle na drevo Harvia M3 &#8211; kom\u00edn v streche, 16,5 kW"}]},{"@type":"WebSite","@id":"https:\/\/dev.domkisauny.pl\/sk\/#website","url":"https:\/\/dev.domkisauny.pl\/sk\/","name":"Dom\u010deky, Sauny","description":"","publisher":{"@id":"https:\/\/dev.domkisauny.pl\/sk\/#organization"},"potentialAction":[{"@type":"SearchAction","target":{"@type":"EntryPoint","urlTemplate":"https:\/\/dev.domkisauny.pl\/sk\/?s={search_term_string}"},"query-input":{"@type":"PropertyValueSpecification","valueRequired":true,"valueName":"search_term_string"}}],"inLanguage":"sk-SK"},{"@type":"Organization","@id":"https:\/\/dev.domkisauny.pl\/sk\/#organization","name":"Dom\u010deky, Sauny","url":"https:\/\/dev.domkisauny.pl\/sk\/","logo":{"@type":"ImageObject","inLanguage":"sk-SK","@id":"https:\/\/dev.domkisauny.pl\/sk\/#\/schema\/logo\/image\/","url":"https:\/\/domkisauny.pl\/wp-content\/uploads\/2022\/09\/logo_03.png","contentUrl":"https:\/\/domkisauny.pl\/wp-content\/uploads\/2022\/09\/logo_03.png","width":95,"height":81,"caption":"Dom\u010deky, Sauny"},"image":{"@id":"https:\/\/dev.domkisauny.pl\/sk\/#\/schema\/logo\/image\/"},"sameAs":["https:\/\/www.facebook.com\/DomkiSauny"]}]}},"_links":{"self":[{"href":"https:\/\/dev.domkisauny.pl\/sk\/wp-json\/wp\/v2\/product\/9174","targetHints":{"allow":["GET"]}}],"collection":[{"href":"https:\/\/dev.domkisauny.pl\/sk\/wp-json\/wp\/v2\/product"}],"about":[{"href":"https:\/\/dev.domkisauny.pl\/sk\/wp-json\/wp\/v2\/types\/product"}],"wp:featuredmedia":[{"embeddable":true,"href":"https:\/\/dev.domkisauny.pl\/sk\/wp-json\/wp\/v2\/media\/7799"}],"wp:attachment":[{"href":"https:\/\/dev.domkisauny.pl\/sk\/wp-json\/wp\/v2\/media?parent=9174"}],"wp:term":[{"taxonomy":"product_brand","embeddable":true,"href":"https:\/\/dev.domkisauny.pl\/sk\/wp-json\/wp\/v2\/product_brand?post=9174"},{"taxonomy":"product_cat","embeddable":true,"href":"https:\/\/dev.domkisauny.pl\/sk\/wp-json\/wp\/v2\/product_cat?post=9174"},{"taxonomy":"product_tag","embeddable":true,"href":"https:\/\/dev.domkisauny.pl\/sk\/wp-json\/wp\/v2\/product_tag?post=9174"}],"curies":[{"name":"wp","href":"https:\/\/api.w.org\/{rel}","templated":true}]}}