{"id":9158,"date":"2024-01-22T06:43:18","date_gmt":"2024-01-22T05:43:18","guid":{"rendered":"https:\/\/domkisauny.pl\/?post_type=product&#038;p=9158"},"modified":"2025-01-26T16:40:49","modified_gmt":"2025-01-26T15:40:49","slug":"elektricke-kachle-harvia-cilindro-pc90-9kw","status":"publish","type":"product","link":"https:\/\/dev.domkisauny.pl\/sk\/produkt\/elektricke-kachle-harvia-cilindro-pc90-9kw\/","title":{"rendered":"Elektrick\u00e9 kachle Harvia Cilindro PC90 9kW"},"content":{"rendered":"<h3><strong>\u0160pecifik\u00e1cia:<\/strong><\/h3>\n<ul>\n<li><strong>Rozmery<\/strong>: \u0160\u00edrka 360 mm \/ H\u013abka 340mm \/ V\u00fd\u0161ka 930mm<\/li>\n<li><strong>Hmotnos\u0165<\/strong>: 10 kg<\/li>\n<li><strong>V\u00fdkon <\/strong>kachl\u00ed: 9 kW<\/li>\n<li><strong>Ur\u010den\u00e9 <\/strong>do sauny s kubat\u00farou: 8-14 m3<\/li>\n<li><strong>Nap\u00e1janie<\/strong>: 3-f\u00e1zov\u00e9 nap\u00e1jacie nap\u00e4tie 400 V 3N, k\u00e1bel 5 x 2,5 mm\u00b2, poistka 3 x 16.<\/li>\n<li><strong>Cena zah\u0155\u0148a<\/strong>: 80 kg kame\u0148ov<\/li>\n<\/ul>\n<p>Ve\u013ek\u00e9 mno\u017estvo kame\u0148ov je skuto\u010dn\u00fdm receptom na pr\u00edjemnej\u0161\u00ed z\u00e1\u017eitok pri saunovan\u00ed.<\/p>\n<ul>\n<li>Elektrick\u00e9 ohrieva\u010de v sudov\u00fdch saun\u00e1ch LEN PRE VLASTN\u00da MONT\u00c1\u017d<\/li>\n<li>Elektrick\u00e9 ohrieva\u010de v saun\u00e1ch PREMIUM s\u00fa DOD\u00c1VAN\u00c9 V MONT\u00c1\u017dI<\/li>\n<li>DO KA\u017dDEJ sauny DOD\u00c1VAME MONTOVAN\u00c9 kachle na drevo<\/li>\n<\/ul>\n<h3><strong>Ide\u00e1lne podmienky so st\u013apov\u00fdmi kach\u013eami<\/strong><\/h3>\n<p>Kachle s ve\u013ek\u00fdm mno\u017estvom kame\u0148ov \u013eah\u0161ie zaistia ide\u00e1lne podmienky v saune a navy\u0161e r\u00fdchlej\u0161ie. <strong>Medzi tak\u00e9 modely patr\u00ed Harvia CILINDRO PC90, do ktor\u00fdch sa ich zmest\u00ed a\u017e 80 kg, ktor\u00e9 s\u00fa s\u00fa\u010das\u0165ou sady.<\/strong> Zvl\u00e1\u0161tne uznanie si zasl\u00fa\u017ei aj a\u017e\u00farov\u00fd kryt namontovan\u00fd na vonkaj\u0161ej strane cel\u00e9ho st\u013apa. <strong>V\u010faka nemu sme schopn\u00ed \u013eubovo\u013ene regulova\u0165 parametre pary.<\/strong> Ak chceme, aby bola mierna, m\u00e4kk\u00e1 a jemn\u00e1, mali by sme kamene polieva\u0165 z boku. Ak v\u0161ak chceme, aby vnemy boli silnej\u0161ie a para tvrd\u0161ia a ostrej\u0161ia, odpor\u00fa\u010da sa to robi\u0165 zhora.<\/p>\n<h3><strong>Zvl\u00e1\u0161\u0165 v\u00fdkonn\u00e9 kachle pre stredne ve\u013ek\u00e9 sauny<\/strong><\/h3>\n<p>Umiestnen\u00edm <strong>kachl\u00ed CILINDRO<\/strong> na podlahu m\u00f4\u017eeme po\u010d\u00edta\u0165 s t\u00fdm, \u017ee dokonale a d\u00f4kladne vyk\u00fari ka\u017ed\u00fa stredne ve\u013ek\u00fa saunu. <strong>S\u00fa toti\u017e ide\u00e1lne pre tie, kde je plocha od 8 m3 a\u017e do 14 m3.<\/strong> V\u010faka nerezovej kon\u0161trukcii si navy\u0161e m\u00f4\u017eeme by\u0165 ist\u00ed, \u017ee n\u00e1s ich optim\u00e1lna prev\u00e1dzka bude sprev\u00e1dza\u0165 mnoho rokov.<\/p>\n<p>&nbsp;<\/p>\n","protected":false},"excerpt":{"rendered":"<p>\u0160pecifik\u00e1cia: Rozmery: \u0160\u00edrka 360 mm \/ H\u013abka 340mm \/ V\u00fd\u0161ka 930mm Hmotnos\u0165: 10 kg V\u00fdkon kachl\u00ed: 9 kW Ur\u010den\u00e9 do<\/p>\n","protected":false},"featured_media":7777,"template":"","meta":{"_acf_changed":false},"product_brand":[],"product_cat":[315],"product_tag":[],"class_list":{"0":"post-9158","1":"product","2":"type-product","3":"status-publish","4":"has-post-thumbnail","6":"product_cat-elektricke-kachle-do-sauny","8":"first","9":"instock","10":"shipping-taxable","11":"purchasable","12":"product-type-simple"},"acf":[],"yoast_head":"<!-- This site is optimized with the Yoast SEO plugin v27.4 - https:\/\/yoast.com\/product\/yoast-seo-wordpress\/ -->\n<title>Elektrick\u00e9 kachle Harvia Cilindro PC90 9kW | Dom\u010deky, Sauny<\/title>\n<meta name=\"robots\" content=\"noindex, follow, max-snippet:-1, max-image-preview:large, max-video-preview:-1\" \/>\n<meta property=\"og:locale\" content=\"sk_SK\" \/>\n<meta property=\"og:type\" content=\"article\" \/>\n<meta property=\"og:title\" content=\"Elektrick\u00e9 kachle Harvia Cilindro PC90 9kW | Dom\u010deky, Sauny\" \/>\n<meta property=\"og:description\" content=\"\u0160pecifik\u00e1cia: Rozmery: \u0160\u00edrka 360 mm \/ H\u013abka 340mm \/ V\u00fd\u0161ka 930mm Hmotnos\u0165: 10 kg V\u00fdkon kachl\u00ed: 9 kW Ur\u010den\u00e9 do\" \/>\n<meta property=\"og:url\" content=\"https:\/\/dev.domkisauny.pl\/sk\/produkt\/elektricke-kachle-harvia-cilindro-pc90-9kw\/\" \/>\n<meta property=\"og:site_name\" content=\"Dom\u010deky, Sauny\" \/>\n<meta property=\"article:publisher\" content=\"https:\/\/www.facebook.com\/DomkiSauny\" \/>\n<meta property=\"article:modified_time\" content=\"2025-01-26T15:40:49+00:00\" \/>\n<meta property=\"og:image\" content=\"https:\/\/dev.domkisauny.pl\/wp-content\/uploads\/2024\/01\/CILINDRO-PC90.jpg\" \/>\n\t<meta property=\"og:image:width\" content=\"2000\" \/>\n\t<meta property=\"og:image:height\" content=\"1600\" \/>\n\t<meta property=\"og:image:type\" content=\"image\/jpeg\" \/>\n<meta name=\"twitter:card\" content=\"summary_large_image\" \/>\n<meta name=\"twitter:label1\" content=\"Predpokladan\u00fd \u010das \u010d\u00edtania\" \/>\n\t<meta name=\"twitter:data1\" content=\"2 min\u00faty\" \/>\n<script type=\"application\/ld+json\" class=\"yoast-schema-graph\">{\"@context\":\"https:\\\/\\\/schema.org\",\"@graph\":[{\"@type\":\"WebPage\",\"@id\":\"https:\\\/\\\/dev.domkisauny.pl\\\/sk\\\/produkt\\\/elektricke-kachle-harvia-cilindro-pc90-9kw\\\/\",\"url\":\"https:\\\/\\\/dev.domkisauny.pl\\\/sk\\\/produkt\\\/elektricke-kachle-harvia-cilindro-pc90-9kw\\\/\",\"name\":\"Elektrick\u00e9 kachle Harvia Cilindro PC90 9kW | Dom\u010deky, Sauny\",\"isPartOf\":{\"@id\":\"https:\\\/\\\/dev.domkisauny.pl\\\/sk\\\/#website\"},\"primaryImageOfPage\":{\"@id\":\"https:\\\/\\\/dev.domkisauny.pl\\\/sk\\\/produkt\\\/elektricke-kachle-harvia-cilindro-pc90-9kw\\\/#primaryimage\"},\"image\":{\"@id\":\"https:\\\/\\\/dev.domkisauny.pl\\\/sk\\\/produkt\\\/elektricke-kachle-harvia-cilindro-pc90-9kw\\\/#primaryimage\"},\"thumbnailUrl\":\"https:\\\/\\\/dev.domkisauny.pl\\\/wp-content\\\/uploads\\\/2024\\\/01\\\/CILINDRO-PC90.jpg\",\"datePublished\":\"2024-01-22T05:43:18+00:00\",\"dateModified\":\"2025-01-26T15:40:49+00:00\",\"breadcrumb\":{\"@id\":\"https:\\\/\\\/dev.domkisauny.pl\\\/sk\\\/produkt\\\/elektricke-kachle-harvia-cilindro-pc90-9kw\\\/#breadcrumb\"},\"inLanguage\":\"sk-SK\",\"potentialAction\":[{\"@type\":\"ReadAction\",\"target\":[\"https:\\\/\\\/dev.domkisauny.pl\\\/sk\\\/produkt\\\/elektricke-kachle-harvia-cilindro-pc90-9kw\\\/\"]}]},{\"@type\":\"ImageObject\",\"inLanguage\":\"sk-SK\",\"@id\":\"https:\\\/\\\/dev.domkisauny.pl\\\/sk\\\/produkt\\\/elektricke-kachle-harvia-cilindro-pc90-9kw\\\/#primaryimage\",\"url\":\"https:\\\/\\\/dev.domkisauny.pl\\\/wp-content\\\/uploads\\\/2024\\\/01\\\/CILINDRO-PC90.jpg\",\"contentUrl\":\"https:\\\/\\\/dev.domkisauny.pl\\\/wp-content\\\/uploads\\\/2024\\\/01\\\/CILINDRO-PC90.jpg\",\"width\":2000,\"height\":1600},{\"@type\":\"BreadcrumbList\",\"@id\":\"https:\\\/\\\/dev.domkisauny.pl\\\/sk\\\/produkt\\\/elektricke-kachle-harvia-cilindro-pc90-9kw\\\/#breadcrumb\",\"itemListElement\":[{\"@type\":\"ListItem\",\"position\":1,\"name\":\"A&amp;M\",\"item\":\"https:\\\/\\\/dev.domkisauny.pl\\\/sk\\\/\"},{\"@type\":\"ListItem\",\"position\":2,\"name\":\"Produkty\",\"item\":\"https:\\\/\\\/dev.domkisauny.pl\\\/produkty\\\/\"},{\"@type\":\"ListItem\",\"position\":3,\"name\":\"Vybavenie\",\"item\":\"https:\\\/\\\/dev.domkisauny.pl\\\/sk\\\/kategoria-produktu\\\/vybavenie\\\/\"},{\"@type\":\"ListItem\",\"position\":4,\"name\":\"Pec do sauny\",\"item\":\"https:\\\/\\\/dev.domkisauny.pl\\\/sk\\\/kategoria-produktu\\\/vybavenie\\\/pec-do-sauny\\\/\"},{\"@type\":\"ListItem\",\"position\":5,\"name\":\"Elektrick\u00e9 kachle do sauny\",\"item\":\"https:\\\/\\\/dev.domkisauny.pl\\\/sk\\\/kategoria-produktu\\\/vybavenie\\\/pec-do-sauny\\\/elektricke-kachle-do-sauny\\\/\"},{\"@type\":\"ListItem\",\"position\":6,\"name\":\"Elektrick\u00e9 kachle Harvia Cilindro PC90 9kW\"}]},{\"@type\":\"WebSite\",\"@id\":\"https:\\\/\\\/dev.domkisauny.pl\\\/sk\\\/#website\",\"url\":\"https:\\\/\\\/dev.domkisauny.pl\\\/sk\\\/\",\"name\":\"Dom\u010deky, Sauny\",\"description\":\"\",\"publisher\":{\"@id\":\"https:\\\/\\\/dev.domkisauny.pl\\\/sk\\\/#organization\"},\"potentialAction\":[{\"@type\":\"SearchAction\",\"target\":{\"@type\":\"EntryPoint\",\"urlTemplate\":\"https:\\\/\\\/dev.domkisauny.pl\\\/sk\\\/?s={search_term_string}\"},\"query-input\":{\"@type\":\"PropertyValueSpecification\",\"valueRequired\":true,\"valueName\":\"search_term_string\"}}],\"inLanguage\":\"sk-SK\"},{\"@type\":\"Organization\",\"@id\":\"https:\\\/\\\/dev.domkisauny.pl\\\/sk\\\/#organization\",\"name\":\"Dom\u010deky, Sauny\",\"url\":\"https:\\\/\\\/dev.domkisauny.pl\\\/sk\\\/\",\"logo\":{\"@type\":\"ImageObject\",\"inLanguage\":\"sk-SK\",\"@id\":\"https:\\\/\\\/dev.domkisauny.pl\\\/sk\\\/#\\\/schema\\\/logo\\\/image\\\/\",\"url\":\"https:\\\/\\\/domkisauny.pl\\\/wp-content\\\/uploads\\\/2022\\\/09\\\/logo_03.png\",\"contentUrl\":\"https:\\\/\\\/domkisauny.pl\\\/wp-content\\\/uploads\\\/2022\\\/09\\\/logo_03.png\",\"width\":95,\"height\":81,\"caption\":\"Dom\u010deky, Sauny\"},\"image\":{\"@id\":\"https:\\\/\\\/dev.domkisauny.pl\\\/sk\\\/#\\\/schema\\\/logo\\\/image\\\/\"},\"sameAs\":[\"https:\\\/\\\/www.facebook.com\\\/DomkiSauny\"]}]}<\/script>\n<!-- \/ Yoast SEO plugin. -->","yoast_head_json":{"title":"Elektrick\u00e9 kachle Harvia Cilindro PC90 9kW | Dom\u010deky, Sauny","robots":{"index":"noindex","follow":"follow","max-snippet":"max-snippet:-1","max-image-preview":"max-image-preview:large","max-video-preview":"max-video-preview:-1"},"og_locale":"sk_SK","og_type":"article","og_title":"Elektrick\u00e9 kachle Harvia Cilindro PC90 9kW | Dom\u010deky, Sauny","og_description":"\u0160pecifik\u00e1cia: Rozmery: \u0160\u00edrka 360 mm \/ H\u013abka 340mm \/ V\u00fd\u0161ka 930mm Hmotnos\u0165: 10 kg V\u00fdkon kachl\u00ed: 9 kW Ur\u010den\u00e9 do","og_url":"https:\/\/dev.domkisauny.pl\/sk\/produkt\/elektricke-kachle-harvia-cilindro-pc90-9kw\/","og_site_name":"Dom\u010deky, Sauny","article_publisher":"https:\/\/www.facebook.com\/DomkiSauny","article_modified_time":"2025-01-26T15:40:49+00:00","og_image":[{"width":2000,"height":1600,"url":"https:\/\/dev.domkisauny.pl\/wp-content\/uploads\/2024\/01\/CILINDRO-PC90.jpg","type":"image\/jpeg"}],"twitter_card":"summary_large_image","twitter_misc":{"Predpokladan\u00fd \u010das \u010d\u00edtania":"2 min\u00faty"},"schema":{"@context":"https:\/\/schema.org","@graph":[{"@type":"WebPage","@id":"https:\/\/dev.domkisauny.pl\/sk\/produkt\/elektricke-kachle-harvia-cilindro-pc90-9kw\/","url":"https:\/\/dev.domkisauny.pl\/sk\/produkt\/elektricke-kachle-harvia-cilindro-pc90-9kw\/","name":"Elektrick\u00e9 kachle Harvia Cilindro PC90 9kW | Dom\u010deky, Sauny","isPartOf":{"@id":"https:\/\/dev.domkisauny.pl\/sk\/#website"},"primaryImageOfPage":{"@id":"https:\/\/dev.domkisauny.pl\/sk\/produkt\/elektricke-kachle-harvia-cilindro-pc90-9kw\/#primaryimage"},"image":{"@id":"https:\/\/dev.domkisauny.pl\/sk\/produkt\/elektricke-kachle-harvia-cilindro-pc90-9kw\/#primaryimage"},"thumbnailUrl":"https:\/\/dev.domkisauny.pl\/wp-content\/uploads\/2024\/01\/CILINDRO-PC90.jpg","datePublished":"2024-01-22T05:43:18+00:00","dateModified":"2025-01-26T15:40:49+00:00","breadcrumb":{"@id":"https:\/\/dev.domkisauny.pl\/sk\/produkt\/elektricke-kachle-harvia-cilindro-pc90-9kw\/#breadcrumb"},"inLanguage":"sk-SK","potentialAction":[{"@type":"ReadAction","target":["https:\/\/dev.domkisauny.pl\/sk\/produkt\/elektricke-kachle-harvia-cilindro-pc90-9kw\/"]}]},{"@type":"ImageObject","inLanguage":"sk-SK","@id":"https:\/\/dev.domkisauny.pl\/sk\/produkt\/elektricke-kachle-harvia-cilindro-pc90-9kw\/#primaryimage","url":"https:\/\/dev.domkisauny.pl\/wp-content\/uploads\/2024\/01\/CILINDRO-PC90.jpg","contentUrl":"https:\/\/dev.domkisauny.pl\/wp-content\/uploads\/2024\/01\/CILINDRO-PC90.jpg","width":2000,"height":1600},{"@type":"BreadcrumbList","@id":"https:\/\/dev.domkisauny.pl\/sk\/produkt\/elektricke-kachle-harvia-cilindro-pc90-9kw\/#breadcrumb","itemListElement":[{"@type":"ListItem","position":1,"name":"A&amp;M","item":"https:\/\/dev.domkisauny.pl\/sk\/"},{"@type":"ListItem","position":2,"name":"Produkty","item":"https:\/\/dev.domkisauny.pl\/produkty\/"},{"@type":"ListItem","position":3,"name":"Vybavenie","item":"https:\/\/dev.domkisauny.pl\/sk\/kategoria-produktu\/vybavenie\/"},{"@type":"ListItem","position":4,"name":"Pec do sauny","item":"https:\/\/dev.domkisauny.pl\/sk\/kategoria-produktu\/vybavenie\/pec-do-sauny\/"},{"@type":"ListItem","position":5,"name":"Elektrick\u00e9 kachle do sauny","item":"https:\/\/dev.domkisauny.pl\/sk\/kategoria-produktu\/vybavenie\/pec-do-sauny\/elektricke-kachle-do-sauny\/"},{"@type":"ListItem","position":6,"name":"Elektrick\u00e9 kachle Harvia Cilindro PC90 9kW"}]},{"@type":"WebSite","@id":"https:\/\/dev.domkisauny.pl\/sk\/#website","url":"https:\/\/dev.domkisauny.pl\/sk\/","name":"Dom\u010deky, Sauny","description":"","publisher":{"@id":"https:\/\/dev.domkisauny.pl\/sk\/#organization"},"potentialAction":[{"@type":"SearchAction","target":{"@type":"EntryPoint","urlTemplate":"https:\/\/dev.domkisauny.pl\/sk\/?s={search_term_string}"},"query-input":{"@type":"PropertyValueSpecification","valueRequired":true,"valueName":"search_term_string"}}],"inLanguage":"sk-SK"},{"@type":"Organization","@id":"https:\/\/dev.domkisauny.pl\/sk\/#organization","name":"Dom\u010deky, Sauny","url":"https:\/\/dev.domkisauny.pl\/sk\/","logo":{"@type":"ImageObject","inLanguage":"sk-SK","@id":"https:\/\/dev.domkisauny.pl\/sk\/#\/schema\/logo\/image\/","url":"https:\/\/domkisauny.pl\/wp-content\/uploads\/2022\/09\/logo_03.png","contentUrl":"https:\/\/domkisauny.pl\/wp-content\/uploads\/2022\/09\/logo_03.png","width":95,"height":81,"caption":"Dom\u010deky, Sauny"},"image":{"@id":"https:\/\/dev.domkisauny.pl\/sk\/#\/schema\/logo\/image\/"},"sameAs":["https:\/\/www.facebook.com\/DomkiSauny"]}]}},"_links":{"self":[{"href":"https:\/\/dev.domkisauny.pl\/sk\/wp-json\/wp\/v2\/product\/9158","targetHints":{"allow":["GET"]}}],"collection":[{"href":"https:\/\/dev.domkisauny.pl\/sk\/wp-json\/wp\/v2\/product"}],"about":[{"href":"https:\/\/dev.domkisauny.pl\/sk\/wp-json\/wp\/v2\/types\/product"}],"wp:featuredmedia":[{"embeddable":true,"href":"https:\/\/dev.domkisauny.pl\/sk\/wp-json\/wp\/v2\/media\/7777"}],"wp:attachment":[{"href":"https:\/\/dev.domkisauny.pl\/sk\/wp-json\/wp\/v2\/media?parent=9158"}],"wp:term":[{"taxonomy":"product_brand","embeddable":true,"href":"https:\/\/dev.domkisauny.pl\/sk\/wp-json\/wp\/v2\/product_brand?post=9158"},{"taxonomy":"product_cat","embeddable":true,"href":"https:\/\/dev.domkisauny.pl\/sk\/wp-json\/wp\/v2\/product_cat?post=9158"},{"taxonomy":"product_tag","embeddable":true,"href":"https:\/\/dev.domkisauny.pl\/sk\/wp-json\/wp\/v2\/product_tag?post=9158"}],"curies":[{"name":"wp","href":"https:\/\/api.w.org\/{rel}","templated":true}]}}