{"id":8647,"date":"2024-01-23T21:33:00","date_gmt":"2024-01-23T20:33:00","guid":{"rendered":"https:\/\/domkisauny.pl\/?post_type=product&#038;p=8647"},"modified":"2025-01-26T16:56:55","modified_gmt":"2025-01-26T15:56:55","slug":"cozy-12tw","status":"publish","type":"product","link":"https:\/\/dev.domkisauny.pl\/sk\/produkt\/cozy-12tw\/","title":{"rendered":"Cozy 12TW"},"content":{"rendered":"<h3 class=\"elementor-heading-title elementor-size-default\"><strong>\u0160pecifik\u00e1cie<\/strong>:<\/h3>\n<ul>\n<li><strong>Kachle<\/strong>\u00a0na drevo s nakladan\u00edm zvonku sauny.<\/li>\n<li><strong>Kapacita kame\u0148ov:<\/strong>\u00a0120 kg<\/li>\n<li><strong>Ur\u010den\u00e1<\/strong>\u00a0pre sauny s objemom 6-13m3<\/li>\n<li><strong>V\u00fdkon pece:\u00a0<\/strong>12 kW<\/li>\n<\/ul>\n<p>Z\u00e1ruka ide\u00e1lnych podmienok v saune. \u010c\u00edm sa kachle Cozy 12TW odli\u0161uj\u00fa od ostatn\u00fdch?<\/p>\n<ul>\n<li>Elektrick\u00e9 ohrieva\u010de v sudov\u00fdch saun\u00e1ch LEN PRE VLASTN\u00da MONT\u00c1\u017d<\/li>\n<li>Elektrick\u00e9 ohrieva\u010de v saun\u00e1ch PREMIUM s\u00fa DOD\u00c1VAN\u00c9 V MONT\u00c1\u017dI<\/li>\n<li>DO KA\u017dDEJ sauny DOD\u00c1VAME MONTOVAN\u00c9 kachle na drevo<\/li>\n<\/ul>\n<h3><strong>Praktick\u00e9 a minimalistick\u00e9 kachle do sauny<\/strong><\/h3>\n<p>Vlastnos\u0165ou, v\u010faka ktorej s\u00fa kachle Cozy 12TW tak unik\u00e1tne, je okrem in\u00e9ho aj to, \u017ee sa v nich k\u00fari z vonkaj\u0161ej strany sauny. <strong>V\u010faka tomu zost\u00e1va vo vn\u00fatri sauny ove\u013ea viac miesta. <\/strong>Tak\u00e9to rie\u0161enie umo\u017e\u0148uje ove\u013ea lep\u0161ie vyu\u017eitie priestoru sauny. A tak, namiesto skladovania napr\u00edklad materi\u00e1lu potrebn\u00e9ho na ohrev kame\u0148ov m\u00f4\u017eeme prida\u0165 \u010fal\u0161iu lavicu. To sa vyplat\u00ed najm\u00e4 v pr\u00edpade men\u0161\u00edch modelov s\u00e1un, ktor\u00fdch priestor je trochu obmedzen\u00fd. <strong>Napriek tomu tieto kachle najlep\u0161ie funguj\u00fa v priestoroch v rozmedz\u00ed 6 &#8211; 13 m<sup>3<\/sup>.<\/strong> Vypl\u00fdva to z ich v\u00fdkonu 12 kW. Kachle Cozy navy\u0161e pojm\u00fa a\u017e 120 kg kame\u0148ov, \u010do znamen\u00e1, \u017ee r\u00fdchlo zv\u00fd\u0161i teplotu a napln\u00ed cel\u00fa miestnos\u0165 pr\u00edjemnou parou.<\/p>\n<p>Za zmienku stoj\u00ed aj to, \u017ee zodpovedaj\u00fa nemeckej norme pre ohrieva\u010de ohrievan\u00e9 drevom &#8211; BimSchV II.<\/p>\n<h3><strong>Prirodzen\u00e1 kl\u00edma, v\u010faka kachliam ohrievan\u00fdm drevom<\/strong><\/h3>\n<p>Hoci modern\u00e9 elektrick\u00e9 kachle z\u00edskavaj\u00fa na ob\u013eube, klasick\u00e9 modely a modely na drevo maj\u00fa st\u00e1le obrovsk\u00e9 mno\u017estvo priaznivcov. Je to predov\u0161etk\u00fdm v\u010faka jedine\u010dnej atmosf\u00e9re, ktor\u00fa dok\u00e1\u017eu vytvori\u0165. <strong>Prirodzen\u00e9 teplo a v\u00fdsledn\u00fd pocit komfortu s\u00fa jedine\u010dn\u00e9.<\/strong><\/p>\n<p>Ohrieva\u010d sp\u013a\u0148a normu BimSchV II, nemeck\u00fd \u0161tandard pre pece s ohrevom na drevo.<\/p>\n","protected":false},"excerpt":{"rendered":"<p>\u0160pecifik\u00e1cie: Kachle\u00a0na drevo s nakladan\u00edm zvonku sauny. Kapacita kame\u0148ov:\u00a0120 kg Ur\u010den\u00e1\u00a0pre sauny s objemom 6-13m3 V\u00fdkon pece:\u00a012 kW Z\u00e1ruka ide\u00e1lnych<\/p>\n","protected":false},"featured_media":8075,"template":"","meta":{"_acf_changed":false},"product_brand":[],"product_cat":[312],"product_tag":[],"class_list":{"0":"post-8647","1":"product","2":"type-product","3":"status-publish","4":"has-post-thumbnail","6":"product_cat-kachle-do-sauny-na-drevo","8":"first","9":"instock","10":"shipping-taxable","11":"purchasable","12":"product-type-simple"},"acf":[],"yoast_head":"<!-- This site is optimized with the Yoast SEO plugin v27.4 - https:\/\/yoast.com\/product\/yoast-seo-wordpress\/ -->\n<title>Cozy 12TW | Dom\u010deky, Sauny<\/title>\n<meta name=\"robots\" content=\"noindex, follow, max-snippet:-1, max-image-preview:large, max-video-preview:-1\" \/>\n<meta property=\"og:locale\" content=\"sk_SK\" \/>\n<meta property=\"og:type\" content=\"article\" \/>\n<meta property=\"og:title\" content=\"Cozy 12TW | Dom\u010deky, Sauny\" \/>\n<meta property=\"og:description\" content=\"\u0160pecifik\u00e1cie: Kachle\u00a0na drevo s nakladan\u00edm zvonku sauny. Kapacita kame\u0148ov:\u00a0120 kg Ur\u010den\u00e1\u00a0pre sauny s objemom 6-13m3 V\u00fdkon pece:\u00a012 kW Z\u00e1ruka ide\u00e1lnych\" \/>\n<meta property=\"og:url\" content=\"https:\/\/dev.domkisauny.pl\/sk\/produkt\/cozy-12tw\/\" \/>\n<meta property=\"og:site_name\" content=\"Dom\u010deky, Sauny\" \/>\n<meta property=\"article:publisher\" content=\"https:\/\/www.facebook.com\/DomkiSauny\" \/>\n<meta property=\"article:modified_time\" content=\"2025-01-26T15:56:55+00:00\" \/>\n<meta property=\"og:image\" content=\"https:\/\/dev.domkisauny.pl\/wp-content\/uploads\/2024\/01\/Cozy-12TW-1.jpg\" \/>\n\t<meta property=\"og:image:width\" content=\"2000\" \/>\n\t<meta property=\"og:image:height\" content=\"1600\" \/>\n\t<meta property=\"og:image:type\" content=\"image\/jpeg\" \/>\n<meta name=\"twitter:card\" content=\"summary_large_image\" \/>\n<meta name=\"twitter:label1\" content=\"Predpokladan\u00fd \u010das \u010d\u00edtania\" \/>\n\t<meta name=\"twitter:data1\" content=\"2 min\u00faty\" \/>\n<script type=\"application\/ld+json\" class=\"yoast-schema-graph\">{\"@context\":\"https:\\\/\\\/schema.org\",\"@graph\":[{\"@type\":\"WebPage\",\"@id\":\"https:\\\/\\\/dev.domkisauny.pl\\\/sk\\\/produkt\\\/cozy-12tw\\\/\",\"url\":\"https:\\\/\\\/dev.domkisauny.pl\\\/sk\\\/produkt\\\/cozy-12tw\\\/\",\"name\":\"Cozy 12TW | Dom\u010deky, Sauny\",\"isPartOf\":{\"@id\":\"https:\\\/\\\/dev.domkisauny.pl\\\/sk\\\/#website\"},\"primaryImageOfPage\":{\"@id\":\"https:\\\/\\\/dev.domkisauny.pl\\\/sk\\\/produkt\\\/cozy-12tw\\\/#primaryimage\"},\"image\":{\"@id\":\"https:\\\/\\\/dev.domkisauny.pl\\\/sk\\\/produkt\\\/cozy-12tw\\\/#primaryimage\"},\"thumbnailUrl\":\"https:\\\/\\\/dev.domkisauny.pl\\\/wp-content\\\/uploads\\\/2024\\\/01\\\/Cozy-12TW-1.jpg\",\"datePublished\":\"2024-01-23T20:33:00+00:00\",\"dateModified\":\"2025-01-26T15:56:55+00:00\",\"breadcrumb\":{\"@id\":\"https:\\\/\\\/dev.domkisauny.pl\\\/sk\\\/produkt\\\/cozy-12tw\\\/#breadcrumb\"},\"inLanguage\":\"sk-SK\",\"potentialAction\":[{\"@type\":\"ReadAction\",\"target\":[\"https:\\\/\\\/dev.domkisauny.pl\\\/sk\\\/produkt\\\/cozy-12tw\\\/\"]}]},{\"@type\":\"ImageObject\",\"inLanguage\":\"sk-SK\",\"@id\":\"https:\\\/\\\/dev.domkisauny.pl\\\/sk\\\/produkt\\\/cozy-12tw\\\/#primaryimage\",\"url\":\"https:\\\/\\\/dev.domkisauny.pl\\\/wp-content\\\/uploads\\\/2024\\\/01\\\/Cozy-12TW-1.jpg\",\"contentUrl\":\"https:\\\/\\\/dev.domkisauny.pl\\\/wp-content\\\/uploads\\\/2024\\\/01\\\/Cozy-12TW-1.jpg\",\"width\":2000,\"height\":1600,\"caption\":\"Piec na drewno Cozy 12TW 12kW\"},{\"@type\":\"BreadcrumbList\",\"@id\":\"https:\\\/\\\/dev.domkisauny.pl\\\/sk\\\/produkt\\\/cozy-12tw\\\/#breadcrumb\",\"itemListElement\":[{\"@type\":\"ListItem\",\"position\":1,\"name\":\"A&amp;M\",\"item\":\"https:\\\/\\\/dev.domkisauny.pl\\\/sk\\\/\"},{\"@type\":\"ListItem\",\"position\":2,\"name\":\"Produkty\",\"item\":\"https:\\\/\\\/dev.domkisauny.pl\\\/produkty\\\/\"},{\"@type\":\"ListItem\",\"position\":3,\"name\":\"Vybavenie\",\"item\":\"https:\\\/\\\/dev.domkisauny.pl\\\/sk\\\/kategoria-produktu\\\/vybavenie\\\/\"},{\"@type\":\"ListItem\",\"position\":4,\"name\":\"Pec do sauny\",\"item\":\"https:\\\/\\\/dev.domkisauny.pl\\\/sk\\\/kategoria-produktu\\\/vybavenie\\\/pec-do-sauny\\\/\"},{\"@type\":\"ListItem\",\"position\":5,\"name\":\"Kachle do sauny na drevo\",\"item\":\"https:\\\/\\\/dev.domkisauny.pl\\\/sk\\\/kategoria-produktu\\\/vybavenie\\\/pec-do-sauny\\\/kachle-do-sauny-na-drevo\\\/\"},{\"@type\":\"ListItem\",\"position\":6,\"name\":\"Cozy 12TW\"}]},{\"@type\":\"WebSite\",\"@id\":\"https:\\\/\\\/dev.domkisauny.pl\\\/sk\\\/#website\",\"url\":\"https:\\\/\\\/dev.domkisauny.pl\\\/sk\\\/\",\"name\":\"Dom\u010deky, Sauny\",\"description\":\"\",\"publisher\":{\"@id\":\"https:\\\/\\\/dev.domkisauny.pl\\\/sk\\\/#organization\"},\"potentialAction\":[{\"@type\":\"SearchAction\",\"target\":{\"@type\":\"EntryPoint\",\"urlTemplate\":\"https:\\\/\\\/dev.domkisauny.pl\\\/sk\\\/?s={search_term_string}\"},\"query-input\":{\"@type\":\"PropertyValueSpecification\",\"valueRequired\":true,\"valueName\":\"search_term_string\"}}],\"inLanguage\":\"sk-SK\"},{\"@type\":\"Organization\",\"@id\":\"https:\\\/\\\/dev.domkisauny.pl\\\/sk\\\/#organization\",\"name\":\"Dom\u010deky, Sauny\",\"url\":\"https:\\\/\\\/dev.domkisauny.pl\\\/sk\\\/\",\"logo\":{\"@type\":\"ImageObject\",\"inLanguage\":\"sk-SK\",\"@id\":\"https:\\\/\\\/dev.domkisauny.pl\\\/sk\\\/#\\\/schema\\\/logo\\\/image\\\/\",\"url\":\"https:\\\/\\\/domkisauny.pl\\\/wp-content\\\/uploads\\\/2022\\\/09\\\/logo_03.png\",\"contentUrl\":\"https:\\\/\\\/domkisauny.pl\\\/wp-content\\\/uploads\\\/2022\\\/09\\\/logo_03.png\",\"width\":95,\"height\":81,\"caption\":\"Dom\u010deky, Sauny\"},\"image\":{\"@id\":\"https:\\\/\\\/dev.domkisauny.pl\\\/sk\\\/#\\\/schema\\\/logo\\\/image\\\/\"},\"sameAs\":[\"https:\\\/\\\/www.facebook.com\\\/DomkiSauny\"]}]}<\/script>\n<!-- \/ Yoast SEO plugin. -->","yoast_head_json":{"title":"Cozy 12TW | Dom\u010deky, Sauny","robots":{"index":"noindex","follow":"follow","max-snippet":"max-snippet:-1","max-image-preview":"max-image-preview:large","max-video-preview":"max-video-preview:-1"},"og_locale":"sk_SK","og_type":"article","og_title":"Cozy 12TW | Dom\u010deky, Sauny","og_description":"\u0160pecifik\u00e1cie: Kachle\u00a0na drevo s nakladan\u00edm zvonku sauny. Kapacita kame\u0148ov:\u00a0120 kg Ur\u010den\u00e1\u00a0pre sauny s objemom 6-13m3 V\u00fdkon pece:\u00a012 kW Z\u00e1ruka ide\u00e1lnych","og_url":"https:\/\/dev.domkisauny.pl\/sk\/produkt\/cozy-12tw\/","og_site_name":"Dom\u010deky, Sauny","article_publisher":"https:\/\/www.facebook.com\/DomkiSauny","article_modified_time":"2025-01-26T15:56:55+00:00","og_image":[{"width":2000,"height":1600,"url":"https:\/\/dev.domkisauny.pl\/wp-content\/uploads\/2024\/01\/Cozy-12TW-1.jpg","type":"image\/jpeg"}],"twitter_card":"summary_large_image","twitter_misc":{"Predpokladan\u00fd \u010das \u010d\u00edtania":"2 min\u00faty"},"schema":{"@context":"https:\/\/schema.org","@graph":[{"@type":"WebPage","@id":"https:\/\/dev.domkisauny.pl\/sk\/produkt\/cozy-12tw\/","url":"https:\/\/dev.domkisauny.pl\/sk\/produkt\/cozy-12tw\/","name":"Cozy 12TW | Dom\u010deky, Sauny","isPartOf":{"@id":"https:\/\/dev.domkisauny.pl\/sk\/#website"},"primaryImageOfPage":{"@id":"https:\/\/dev.domkisauny.pl\/sk\/produkt\/cozy-12tw\/#primaryimage"},"image":{"@id":"https:\/\/dev.domkisauny.pl\/sk\/produkt\/cozy-12tw\/#primaryimage"},"thumbnailUrl":"https:\/\/dev.domkisauny.pl\/wp-content\/uploads\/2024\/01\/Cozy-12TW-1.jpg","datePublished":"2024-01-23T20:33:00+00:00","dateModified":"2025-01-26T15:56:55+00:00","breadcrumb":{"@id":"https:\/\/dev.domkisauny.pl\/sk\/produkt\/cozy-12tw\/#breadcrumb"},"inLanguage":"sk-SK","potentialAction":[{"@type":"ReadAction","target":["https:\/\/dev.domkisauny.pl\/sk\/produkt\/cozy-12tw\/"]}]},{"@type":"ImageObject","inLanguage":"sk-SK","@id":"https:\/\/dev.domkisauny.pl\/sk\/produkt\/cozy-12tw\/#primaryimage","url":"https:\/\/dev.domkisauny.pl\/wp-content\/uploads\/2024\/01\/Cozy-12TW-1.jpg","contentUrl":"https:\/\/dev.domkisauny.pl\/wp-content\/uploads\/2024\/01\/Cozy-12TW-1.jpg","width":2000,"height":1600,"caption":"Piec na drewno Cozy 12TW 12kW"},{"@type":"BreadcrumbList","@id":"https:\/\/dev.domkisauny.pl\/sk\/produkt\/cozy-12tw\/#breadcrumb","itemListElement":[{"@type":"ListItem","position":1,"name":"A&amp;M","item":"https:\/\/dev.domkisauny.pl\/sk\/"},{"@type":"ListItem","position":2,"name":"Produkty","item":"https:\/\/dev.domkisauny.pl\/produkty\/"},{"@type":"ListItem","position":3,"name":"Vybavenie","item":"https:\/\/dev.domkisauny.pl\/sk\/kategoria-produktu\/vybavenie\/"},{"@type":"ListItem","position":4,"name":"Pec do sauny","item":"https:\/\/dev.domkisauny.pl\/sk\/kategoria-produktu\/vybavenie\/pec-do-sauny\/"},{"@type":"ListItem","position":5,"name":"Kachle do sauny na drevo","item":"https:\/\/dev.domkisauny.pl\/sk\/kategoria-produktu\/vybavenie\/pec-do-sauny\/kachle-do-sauny-na-drevo\/"},{"@type":"ListItem","position":6,"name":"Cozy 12TW"}]},{"@type":"WebSite","@id":"https:\/\/dev.domkisauny.pl\/sk\/#website","url":"https:\/\/dev.domkisauny.pl\/sk\/","name":"Dom\u010deky, Sauny","description":"","publisher":{"@id":"https:\/\/dev.domkisauny.pl\/sk\/#organization"},"potentialAction":[{"@type":"SearchAction","target":{"@type":"EntryPoint","urlTemplate":"https:\/\/dev.domkisauny.pl\/sk\/?s={search_term_string}"},"query-input":{"@type":"PropertyValueSpecification","valueRequired":true,"valueName":"search_term_string"}}],"inLanguage":"sk-SK"},{"@type":"Organization","@id":"https:\/\/dev.domkisauny.pl\/sk\/#organization","name":"Dom\u010deky, Sauny","url":"https:\/\/dev.domkisauny.pl\/sk\/","logo":{"@type":"ImageObject","inLanguage":"sk-SK","@id":"https:\/\/dev.domkisauny.pl\/sk\/#\/schema\/logo\/image\/","url":"https:\/\/domkisauny.pl\/wp-content\/uploads\/2022\/09\/logo_03.png","contentUrl":"https:\/\/domkisauny.pl\/wp-content\/uploads\/2022\/09\/logo_03.png","width":95,"height":81,"caption":"Dom\u010deky, Sauny"},"image":{"@id":"https:\/\/dev.domkisauny.pl\/sk\/#\/schema\/logo\/image\/"},"sameAs":["https:\/\/www.facebook.com\/DomkiSauny"]}]}},"_links":{"self":[{"href":"https:\/\/dev.domkisauny.pl\/sk\/wp-json\/wp\/v2\/product\/8647","targetHints":{"allow":["GET"]}}],"collection":[{"href":"https:\/\/dev.domkisauny.pl\/sk\/wp-json\/wp\/v2\/product"}],"about":[{"href":"https:\/\/dev.domkisauny.pl\/sk\/wp-json\/wp\/v2\/types\/product"}],"wp:featuredmedia":[{"embeddable":true,"href":"https:\/\/dev.domkisauny.pl\/sk\/wp-json\/wp\/v2\/media\/8075"}],"wp:attachment":[{"href":"https:\/\/dev.domkisauny.pl\/sk\/wp-json\/wp\/v2\/media?parent=8647"}],"wp:term":[{"taxonomy":"product_brand","embeddable":true,"href":"https:\/\/dev.domkisauny.pl\/sk\/wp-json\/wp\/v2\/product_brand?post=8647"},{"taxonomy":"product_cat","embeddable":true,"href":"https:\/\/dev.domkisauny.pl\/sk\/wp-json\/wp\/v2\/product_cat?post=8647"},{"taxonomy":"product_tag","embeddable":true,"href":"https:\/\/dev.domkisauny.pl\/sk\/wp-json\/wp\/v2\/product_tag?post=8647"}],"curies":[{"name":"wp","href":"https:\/\/api.w.org\/{rel}","templated":true}]}}