{"id":7838,"date":"2024-01-14T15:04:35","date_gmt":"2024-01-14T14:04:35","guid":{"rendered":"https:\/\/domkisauny.pl\/?post_type=product&#038;p=7838"},"modified":"2025-05-29T15:57:26","modified_gmt":"2025-05-29T13:57:26","slug":"zahradna-sauna-sude-350-cm-thermo-s-predsienou","status":"publish","type":"product","link":"https:\/\/dev.domkisauny.pl\/sk\/produkt\/zahradna-sauna-sude-350-cm-thermo-s-predsienou\/","title":{"rendered":"Z\u00e1hradn\u00e1 sauna sude 350 cm THERMO s predsie\u0148ou"},"content":{"rendered":"<p>Mo\u017enos\u0165 relax\u00e1cie na konci d\u0148a m\u00e1 v dne\u0161nej dobe cenu zlata. R\u00fdchle tempo \u017eivota s\u0165a\u017euje n\u00e1jdenie tohto \u010dasu. Ako si ho teda zaisti\u0165? Skvel\u00fdm rie\u0161en\u00edm je tu Z\u00e1hradn\u00e1 sauna THERMO s predsie\u0148ou. \u010co ale skr\u00fdva vo vn\u00fatri?<\/p>\n<p><img loading=\"lazy\" decoding=\"async\" class=\"aligncenter wp-image-8680 size-full\" src=\"https:\/\/domkysauny.sk\/wp-content\/uploads\/2024\/01\/574522675-sauna-ogrodowa-beczka-3-5m-z-przedsionkiem-wizualizacja-thermo.jpg\" alt=\"\" width=\"2300\" height=\"1294\" \/><\/p>\n<h3><strong>Odpo\u010dinok a otu\u017eovanie v jednom &#8211; Z\u00e1hradn\u00e1 sauna THERMO<\/strong><\/h3>\n<p>Zd\u00e1 sa, \u017ee mno\u017estvo povinnost\u00ed a nedostatok \u010dasu na vlastn\u00e9 pote\u0161enie je pre n\u00e1s \u00faplnou normou. Ka\u017ed\u00fd de\u0148 n\u00e1s ovl\u00e1daj\u00fa po\u010detn\u00e9 povinnosti, ktor\u00e9 len zvy\u0161uj\u00fa n\u00e1\u0161 stres a jedin\u00e9, o \u010dom sn\u00edvame, je skuto\u010dn\u00e1 relax\u00e1cia. <strong>No pr\u00e1ve to n\u00e1m m\u00f4\u017ee poskytn\u00fa\u0165 z\u00e1hradn\u00e1 sudov\u00e1 sauna THERMO 3,5 m s predsie\u0148ou. <\/strong>T\u00e1to odpove\u010f r\u00fdchlo odstr\u00e1ni v\u0161etok stres a povinnosti z na\u0161ej mysle. <strong>\u010cas str\u00e1ven\u00fd v nej je \u00fa\u010dinn\u00fdm sp\u00f4sobom, ako sa zbavi\u0165 v\u0161etk\u00fdch nervov a zlep\u0161i\u0165 si n\u00e1ladu.<\/strong> V\u010faka tomu na to v\u0161etko r\u00fdchlo zabudnete. Navy\u0161e je to tie\u017e skvel\u00fd sp\u00f4sob, ako sa stara\u0165 o svoje zdravie a posil\u0148ova\u0165 ho. V\u010faka tomu sa m\u00f4\u017eete stara\u0165 o svoju myse\u013e aj telo z\u00e1rove\u0148.<\/p>\n<p><img loading=\"lazy\" decoding=\"async\" class=\"aligncenter size-full wp-image-7627\" src=\"https:\/\/domkysauny.sk\/wp-content\/uploads\/2024\/01\/Sauna-ogrodowa-beczka-35-m-z-przedsionkiem-rzut.jpg\" alt=\"\" width=\"2000\" height=\"1600\" srcset=\"https:\/\/dev.domkisauny.pl\/wp-content\/uploads\/2024\/01\/Sauna-ogrodowa-beczka-35-m-z-przedsionkiem-rzut.jpg 2000w, https:\/\/dev.domkisauny.pl\/wp-content\/uploads\/2024\/01\/Sauna-ogrodowa-beczka-35-m-z-przedsionkiem-rzut-300x240.jpg 300w, https:\/\/dev.domkisauny.pl\/wp-content\/uploads\/2024\/01\/Sauna-ogrodowa-beczka-35-m-z-przedsionkiem-rzut-768x614.jpg 768w, https:\/\/dev.domkisauny.pl\/wp-content\/uploads\/2024\/01\/Sauna-ogrodowa-beczka-35-m-z-przedsionkiem-rzut-1024x819.jpg 1024w, https:\/\/dev.domkisauny.pl\/wp-content\/uploads\/2024\/01\/Sauna-ogrodowa-beczka-35-m-z-przedsionkiem-rzut-1536x1229.jpg 1536w, https:\/\/dev.domkisauny.pl\/wp-content\/uploads\/2024\/01\/Sauna-ogrodowa-beczka-35-m-z-przedsionkiem-rzut-1000x800.jpg 1000w\" sizes=\"auto, (max-width: 2000px) 100vw, 2000px\" \/><\/p>\n<h3><strong>THERMO materi\u00e1ly vo spojen\u00ed s pr\u00edrodn\u00fdm drevom<\/strong><\/h3>\n<p>Sudov\u00e1 z\u00e1hradn\u00e1 sauna 3,5 m THERMO s predsie\u0148ou je model navrhnut\u00fd skupinou nad\u0161encov a skuto\u010dn\u00fdch profesion\u00e1lov z firmy Domki Sauny.<strong> S oh\u013eadom na tie najmen\u0161ie detaily a pou\u017eitie ur\u010dit\u00fdch materi\u00e1lov je to obzvl\u00e1\u0161\u0165 sol\u00eddna kon\u0161trukcia.<\/strong> Jej steny boli postaven\u00e9 zo smrekov\u00fdch dosiek o sile 45 mm. Poch\u00e1dza z lesov, \u010do znamen\u00e1, \u017ee je plne organick\u00e9 a bez ak\u00fdchko\u013evek \u0161kodliv\u00fdch l\u00e1tok.<strong> Napriek tomu v\u0161ak hlavn\u00fa \u00falohu odohr\u00e1va pou\u017eitie THERMO dreva. <\/strong>V\u010faka nemu s\u00fa sauny odoln\u00e9 vo\u010di v\u0161etk\u00fdm druhom po\u0161kodenia a deform\u00e1ci\u00ed sp\u00f4soben\u00fdm napr\u00edklad vlhkos\u0165ou. Ochranu pred nepriazniv\u00fdmi poveternostn\u00fdmi vplyvmi zais\u0165uje aj strecha zabezpe\u010den\u00e1 \u017eivi\u010dn\u00fdm \u0161ind\u013eom. <strong>Samotn\u00e1 kon\u0161trukcia je nesen\u00e1 4 kovov\u00fdmi konzolami.<\/strong> Napriek tomu, \u017ee je nepochybne stabiln\u00e1, odpor\u00fa\u010da sa umiestni\u0165 ju na tvrden\u00fd povrch.<\/p>\n<p>Vn\u00fatri sa nach\u00e1dza predsie\u0148 vybaven\u00e1 lavi\u010dkou. Spolo\u010dne s \u0148ou mo\u017eno sedenie organizova\u0165 osamote, ale aj s bl\u00edzkymi. To v\u0161etko uzatv\u00e1raj\u00fa sol\u00eddne dvere z tvrden\u00e9ho skla.<\/p>\n<p><img loading=\"lazy\" decoding=\"async\" class=\"aligncenter size-full wp-image-7631\" src=\"https:\/\/domkysauny.sk\/wp-content\/uploads\/2024\/01\/Sauna-ogrodowa-beczka-35-m-z-przedsionkiem-rysunek.jpg\" alt=\"\" width=\"2000\" height=\"1600\" srcset=\"https:\/\/dev.domkisauny.pl\/wp-content\/uploads\/2024\/01\/Sauna-ogrodowa-beczka-35-m-z-przedsionkiem-rysunek.jpg 2000w, https:\/\/dev.domkisauny.pl\/wp-content\/uploads\/2024\/01\/Sauna-ogrodowa-beczka-35-m-z-przedsionkiem-rysunek-300x240.jpg 300w, https:\/\/dev.domkisauny.pl\/wp-content\/uploads\/2024\/01\/Sauna-ogrodowa-beczka-35-m-z-przedsionkiem-rysunek-768x614.jpg 768w, https:\/\/dev.domkisauny.pl\/wp-content\/uploads\/2024\/01\/Sauna-ogrodowa-beczka-35-m-z-przedsionkiem-rysunek-1024x819.jpg 1024w, https:\/\/dev.domkisauny.pl\/wp-content\/uploads\/2024\/01\/Sauna-ogrodowa-beczka-35-m-z-przedsionkiem-rysunek-1536x1229.jpg 1536w, https:\/\/dev.domkisauny.pl\/wp-content\/uploads\/2024\/01\/Sauna-ogrodowa-beczka-35-m-z-przedsionkiem-rysunek-1000x800.jpg 1000w\" sizes=\"auto, (max-width: 2000px) 100vw, 2000px\" \/><\/p>\n<h3><strong>Z\u00e1hradn\u00e1 sauna THERMO dostupn\u00e1 v dvoch variantoch<\/strong><\/h3>\n<p>Napriek tomu, \u017ee hlavnou dom\u00e9nou Sudovej z\u00e1hradnej sauny 3,5 m THERMO s predsie\u0148ou s\u00fa jej praktick\u00e9 aspekty umo\u017e\u0148uj\u00face vysn\u00edvan\u00e9 sedenie, t\u00edm Domki Sauny sa postaral aj o jej jedine\u010dn\u00fa estetiku. <strong>Cel\u00e1 kon\u0161trukcia bola vyroben\u00e1 s d\u00f4razom na najmen\u0161ie detaily a vn\u00e1\u0161a tak do Va\u0161ej z\u00e1hrady pr\u00edjemn\u00fd pocit.<\/strong> Aby perfektne pasovala, s\u00fa k dispoz\u00edcii 2 farebn\u00e9 varianty: antracitov\u00e1 a pr\u00edrodn\u00e1 bezfarebn\u00e1.<\/p>\n<p>Sauna je skvel\u00fd n\u00e1pad, ako urobi\u0165 Va\u0161u terasu o nie\u010do zauj\u00edmavej\u0161iu. T\u00e1to kombin\u00e1cia vytv\u00e1ra nielen estetick\u00e9, ale aj praktick\u00e9 miesto, kde je relax\u00e1cia nevyhnutn\u00e1. Zavedenie z\u00e1hradnej sauny bude tie\u017e dobre fungova\u0165, ak prev\u00e1dzkujeme ubytovacie zariadenia. Dodato\u010dn\u00e1 mo\u017enos\u0165 relax\u00e1cie n\u00e1v\u0161tevn\u00edkov ur\u010dite zv\u00fd\u0161i jeho atraktivitu.<\/p>\n","protected":false},"excerpt":{"rendered":"<blockquote><p><strong><b>D\u00d4LE\u017dIT\u00c9!<\/b><\/strong><\/p>\n<p>Fotografie produktov rob\u00edme v najlep\u0161ej kvalite. Av\u0161ak kv\u00f4li sp\u00f4sobu reprodukcie farieb monitorom po\u010d\u00edta\u010da m\u00f4\u017ee farba produktov vidite\u013en\u00e1 na obrazovke mierne sa l\u00ed\u0161i\u0165 od skuto\u010dnosti.<\/p>\n<p>Sauna je dod\u00e1van\u00e1 v celej svojej podobe.<\/p>\n<p>V pr\u00edpade z\u00e1kladnej mo\u017enosti dod\u00e1vky zabezpe\u010duje vykl\u00e1dku na mieste objedn\u00e1vate\u013e.<\/p><\/blockquote>\n","protected":false},"featured_media":8683,"template":"","meta":{"_acf_changed":false},"product_brand":[],"product_cat":[157,233],"product_tag":[],"class_list":{"0":"post-7838","1":"product","2":"type-product","3":"status-publish","4":"has-post-thumbnail","6":"product_cat-zahradne-sauny","7":"product_cat-zahradne-thermo-sauny","8":"product_shipping_class-wysylka-grupa0-sk","9":"pa_dodatki-sauny-s-predsienou","10":"pa_ksztalt-sudy-sauny","12":"first","13":"instock","14":"shipping-taxable","15":"purchasable","16":"product-type-variable"},"acf":[],"yoast_head":"<!-- This site is optimized with the Yoast SEO plugin v27.4 - https:\/\/yoast.com\/product\/yoast-seo-wordpress\/ -->\n<title>Odoln\u00e1 sudov\u00e1 z\u00e1hradn\u00e1 sauna 350 cm TERMO s predsie\u0148ou<\/title>\n<meta name=\"description\" content=\"V dob\u00e1ch, kedy n\u00e1s st\u00e1le viac sprev\u00e1dza r\u00fdchle tempo \u017eivota, m\u00e1 relax\u00e1cia cenu zlata. Ide\u00e1lnym rie\u0161en\u00edm je jej dlhodob\u00e1 z\u00e1ruka spolu so saunou THERMO.\" \/>\n<meta name=\"robots\" content=\"noindex, follow, max-snippet:-1, max-image-preview:large, max-video-preview:-1\" \/>\n<meta property=\"og:locale\" content=\"sk_SK\" \/>\n<meta property=\"og:type\" content=\"article\" \/>\n<meta property=\"og:title\" content=\"Odoln\u00e1 sudov\u00e1 z\u00e1hradn\u00e1 sauna 350 cm TERMO s predsie\u0148ou\" \/>\n<meta property=\"og:description\" content=\"V dob\u00e1ch, kedy n\u00e1s st\u00e1le viac sprev\u00e1dza r\u00fdchle tempo \u017eivota, m\u00e1 relax\u00e1cia cenu zlata. Ide\u00e1lnym rie\u0161en\u00edm je jej dlhodob\u00e1 z\u00e1ruka spolu so saunou THERMO.\" \/>\n<meta property=\"og:url\" content=\"https:\/\/dev.domkisauny.pl\/sk\/produkt\/zahradna-sauna-sude-350-cm-thermo-s-predsienou\/\" \/>\n<meta property=\"og:site_name\" content=\"Dom\u010deky, Sauny\" \/>\n<meta property=\"article:publisher\" content=\"https:\/\/www.facebook.com\/DomkiSauny\" \/>\n<meta property=\"article:modified_time\" content=\"2025-05-29T13:57:26+00:00\" \/>\n<meta property=\"og:image\" content=\"https:\/\/dev.domkisauny.pl\/wp-content\/uploads\/2024\/01\/574522675-sauna-ogrodowa-beczka-3-5m-z-przedsionkiem-wizualizacja-thermo.jpg\" \/>\n\t<meta property=\"og:image:width\" content=\"2300\" \/>\n\t<meta property=\"og:image:height\" content=\"1294\" \/>\n\t<meta property=\"og:image:type\" content=\"image\/jpeg\" \/>\n<meta name=\"twitter:card\" content=\"summary_large_image\" \/>\n<meta name=\"twitter:label1\" content=\"Predpokladan\u00fd \u010das \u010d\u00edtania\" \/>\n\t<meta name=\"twitter:data1\" content=\"4 min\u00faty\" \/>\n<script type=\"application\/ld+json\" class=\"yoast-schema-graph\">{\"@context\":\"https:\\\/\\\/schema.org\",\"@graph\":[{\"@type\":\"WebPage\",\"@id\":\"https:\\\/\\\/dev.domkisauny.pl\\\/sk\\\/produkt\\\/zahradna-sauna-sude-350-cm-thermo-s-predsienou\\\/\",\"url\":\"https:\\\/\\\/dev.domkisauny.pl\\\/sk\\\/produkt\\\/zahradna-sauna-sude-350-cm-thermo-s-predsienou\\\/\",\"name\":\"Odoln\u00e1 sudov\u00e1 z\u00e1hradn\u00e1 sauna 350 cm TERMO s predsie\u0148ou\",\"isPartOf\":{\"@id\":\"https:\\\/\\\/dev.domkisauny.pl\\\/sk\\\/#website\"},\"primaryImageOfPage\":{\"@id\":\"https:\\\/\\\/dev.domkisauny.pl\\\/sk\\\/produkt\\\/zahradna-sauna-sude-350-cm-thermo-s-predsienou\\\/#primaryimage\"},\"image\":{\"@id\":\"https:\\\/\\\/dev.domkisauny.pl\\\/sk\\\/produkt\\\/zahradna-sauna-sude-350-cm-thermo-s-predsienou\\\/#primaryimage\"},\"thumbnailUrl\":\"https:\\\/\\\/dev.domkisauny.pl\\\/wp-content\\\/uploads\\\/2024\\\/01\\\/574522675-sauna-ogrodowa-beczka-3-5m-z-przedsionkiem-wizualizacja-thermo.jpg\",\"datePublished\":\"2024-01-14T14:04:35+00:00\",\"dateModified\":\"2025-05-29T13:57:26+00:00\",\"description\":\"V dob\u00e1ch, kedy n\u00e1s st\u00e1le viac sprev\u00e1dza r\u00fdchle tempo \u017eivota, m\u00e1 relax\u00e1cia cenu zlata. Ide\u00e1lnym rie\u0161en\u00edm je jej dlhodob\u00e1 z\u00e1ruka spolu so saunou THERMO.\",\"breadcrumb\":{\"@id\":\"https:\\\/\\\/dev.domkisauny.pl\\\/sk\\\/produkt\\\/zahradna-sauna-sude-350-cm-thermo-s-predsienou\\\/#breadcrumb\"},\"inLanguage\":\"sk-SK\",\"potentialAction\":[{\"@type\":\"ReadAction\",\"target\":[\"https:\\\/\\\/dev.domkisauny.pl\\\/sk\\\/produkt\\\/zahradna-sauna-sude-350-cm-thermo-s-predsienou\\\/\"]}]},{\"@type\":\"ImageObject\",\"inLanguage\":\"sk-SK\",\"@id\":\"https:\\\/\\\/dev.domkisauny.pl\\\/sk\\\/produkt\\\/zahradna-sauna-sude-350-cm-thermo-s-predsienou\\\/#primaryimage\",\"url\":\"https:\\\/\\\/dev.domkisauny.pl\\\/wp-content\\\/uploads\\\/2024\\\/01\\\/574522675-sauna-ogrodowa-beczka-3-5m-z-przedsionkiem-wizualizacja-thermo.jpg\",\"contentUrl\":\"https:\\\/\\\/dev.domkisauny.pl\\\/wp-content\\\/uploads\\\/2024\\\/01\\\/574522675-sauna-ogrodowa-beczka-3-5m-z-przedsionkiem-wizualizacja-thermo.jpg\",\"width\":2300,\"height\":1294},{\"@type\":\"BreadcrumbList\",\"@id\":\"https:\\\/\\\/dev.domkisauny.pl\\\/sk\\\/produkt\\\/zahradna-sauna-sude-350-cm-thermo-s-predsienou\\\/#breadcrumb\",\"itemListElement\":[{\"@type\":\"ListItem\",\"position\":1,\"name\":\"A&amp;M\",\"item\":\"https:\\\/\\\/dev.domkisauny.pl\\\/sk\\\/\"},{\"@type\":\"ListItem\",\"position\":2,\"name\":\"Produkty\",\"item\":\"https:\\\/\\\/dev.domkisauny.pl\\\/produkty\\\/\"},{\"@type\":\"ListItem\",\"position\":3,\"name\":\"Sauny\",\"item\":\"https:\\\/\\\/dev.domkisauny.pl\\\/sk\\\/kategoria-produktu\\\/sauny\\\/\"},{\"@type\":\"ListItem\",\"position\":4,\"name\":\"Z\u00e1hradn\u00e9 sauny\",\"item\":\"https:\\\/\\\/dev.domkisauny.pl\\\/sk\\\/kategoria-produktu\\\/sauny\\\/zahradne-sauny\\\/\"},{\"@type\":\"ListItem\",\"position\":5,\"name\":\"Z\u00e1hradn\u00e1 sauna sude 350 cm THERMO s predsie\u0148ou\"}]},{\"@type\":\"WebSite\",\"@id\":\"https:\\\/\\\/dev.domkisauny.pl\\\/sk\\\/#website\",\"url\":\"https:\\\/\\\/dev.domkisauny.pl\\\/sk\\\/\",\"name\":\"Dom\u010deky, Sauny\",\"description\":\"\",\"publisher\":{\"@id\":\"https:\\\/\\\/dev.domkisauny.pl\\\/sk\\\/#organization\"},\"potentialAction\":[{\"@type\":\"SearchAction\",\"target\":{\"@type\":\"EntryPoint\",\"urlTemplate\":\"https:\\\/\\\/dev.domkisauny.pl\\\/sk\\\/?s={search_term_string}\"},\"query-input\":{\"@type\":\"PropertyValueSpecification\",\"valueRequired\":true,\"valueName\":\"search_term_string\"}}],\"inLanguage\":\"sk-SK\"},{\"@type\":\"Organization\",\"@id\":\"https:\\\/\\\/dev.domkisauny.pl\\\/sk\\\/#organization\",\"name\":\"Dom\u010deky, Sauny\",\"url\":\"https:\\\/\\\/dev.domkisauny.pl\\\/sk\\\/\",\"logo\":{\"@type\":\"ImageObject\",\"inLanguage\":\"sk-SK\",\"@id\":\"https:\\\/\\\/dev.domkisauny.pl\\\/sk\\\/#\\\/schema\\\/logo\\\/image\\\/\",\"url\":\"https:\\\/\\\/domkisauny.pl\\\/wp-content\\\/uploads\\\/2022\\\/09\\\/logo_03.png\",\"contentUrl\":\"https:\\\/\\\/domkisauny.pl\\\/wp-content\\\/uploads\\\/2022\\\/09\\\/logo_03.png\",\"width\":95,\"height\":81,\"caption\":\"Dom\u010deky, Sauny\"},\"image\":{\"@id\":\"https:\\\/\\\/dev.domkisauny.pl\\\/sk\\\/#\\\/schema\\\/logo\\\/image\\\/\"},\"sameAs\":[\"https:\\\/\\\/www.facebook.com\\\/DomkiSauny\"]}]}<\/script>\n<!-- \/ Yoast SEO plugin. -->","yoast_head_json":{"title":"Odoln\u00e1 sudov\u00e1 z\u00e1hradn\u00e1 sauna 350 cm TERMO s predsie\u0148ou","description":"V dob\u00e1ch, kedy n\u00e1s st\u00e1le viac sprev\u00e1dza r\u00fdchle tempo \u017eivota, m\u00e1 relax\u00e1cia cenu zlata. Ide\u00e1lnym rie\u0161en\u00edm je jej dlhodob\u00e1 z\u00e1ruka spolu so saunou THERMO.","robots":{"index":"noindex","follow":"follow","max-snippet":"max-snippet:-1","max-image-preview":"max-image-preview:large","max-video-preview":"max-video-preview:-1"},"og_locale":"sk_SK","og_type":"article","og_title":"Odoln\u00e1 sudov\u00e1 z\u00e1hradn\u00e1 sauna 350 cm TERMO s predsie\u0148ou","og_description":"V dob\u00e1ch, kedy n\u00e1s st\u00e1le viac sprev\u00e1dza r\u00fdchle tempo \u017eivota, m\u00e1 relax\u00e1cia cenu zlata. Ide\u00e1lnym rie\u0161en\u00edm je jej dlhodob\u00e1 z\u00e1ruka spolu so saunou THERMO.","og_url":"https:\/\/dev.domkisauny.pl\/sk\/produkt\/zahradna-sauna-sude-350-cm-thermo-s-predsienou\/","og_site_name":"Dom\u010deky, Sauny","article_publisher":"https:\/\/www.facebook.com\/DomkiSauny","article_modified_time":"2025-05-29T13:57:26+00:00","og_image":[{"width":2300,"height":1294,"url":"https:\/\/dev.domkisauny.pl\/wp-content\/uploads\/2024\/01\/574522675-sauna-ogrodowa-beczka-3-5m-z-przedsionkiem-wizualizacja-thermo.jpg","type":"image\/jpeg"}],"twitter_card":"summary_large_image","twitter_misc":{"Predpokladan\u00fd \u010das \u010d\u00edtania":"4 min\u00faty"},"schema":{"@context":"https:\/\/schema.org","@graph":[{"@type":"WebPage","@id":"https:\/\/dev.domkisauny.pl\/sk\/produkt\/zahradna-sauna-sude-350-cm-thermo-s-predsienou\/","url":"https:\/\/dev.domkisauny.pl\/sk\/produkt\/zahradna-sauna-sude-350-cm-thermo-s-predsienou\/","name":"Odoln\u00e1 sudov\u00e1 z\u00e1hradn\u00e1 sauna 350 cm TERMO s predsie\u0148ou","isPartOf":{"@id":"https:\/\/dev.domkisauny.pl\/sk\/#website"},"primaryImageOfPage":{"@id":"https:\/\/dev.domkisauny.pl\/sk\/produkt\/zahradna-sauna-sude-350-cm-thermo-s-predsienou\/#primaryimage"},"image":{"@id":"https:\/\/dev.domkisauny.pl\/sk\/produkt\/zahradna-sauna-sude-350-cm-thermo-s-predsienou\/#primaryimage"},"thumbnailUrl":"https:\/\/dev.domkisauny.pl\/wp-content\/uploads\/2024\/01\/574522675-sauna-ogrodowa-beczka-3-5m-z-przedsionkiem-wizualizacja-thermo.jpg","datePublished":"2024-01-14T14:04:35+00:00","dateModified":"2025-05-29T13:57:26+00:00","description":"V dob\u00e1ch, kedy n\u00e1s st\u00e1le viac sprev\u00e1dza r\u00fdchle tempo \u017eivota, m\u00e1 relax\u00e1cia cenu zlata. Ide\u00e1lnym rie\u0161en\u00edm je jej dlhodob\u00e1 z\u00e1ruka spolu so saunou THERMO.","breadcrumb":{"@id":"https:\/\/dev.domkisauny.pl\/sk\/produkt\/zahradna-sauna-sude-350-cm-thermo-s-predsienou\/#breadcrumb"},"inLanguage":"sk-SK","potentialAction":[{"@type":"ReadAction","target":["https:\/\/dev.domkisauny.pl\/sk\/produkt\/zahradna-sauna-sude-350-cm-thermo-s-predsienou\/"]}]},{"@type":"ImageObject","inLanguage":"sk-SK","@id":"https:\/\/dev.domkisauny.pl\/sk\/produkt\/zahradna-sauna-sude-350-cm-thermo-s-predsienou\/#primaryimage","url":"https:\/\/dev.domkisauny.pl\/wp-content\/uploads\/2024\/01\/574522675-sauna-ogrodowa-beczka-3-5m-z-przedsionkiem-wizualizacja-thermo.jpg","contentUrl":"https:\/\/dev.domkisauny.pl\/wp-content\/uploads\/2024\/01\/574522675-sauna-ogrodowa-beczka-3-5m-z-przedsionkiem-wizualizacja-thermo.jpg","width":2300,"height":1294},{"@type":"BreadcrumbList","@id":"https:\/\/dev.domkisauny.pl\/sk\/produkt\/zahradna-sauna-sude-350-cm-thermo-s-predsienou\/#breadcrumb","itemListElement":[{"@type":"ListItem","position":1,"name":"A&amp;M","item":"https:\/\/dev.domkisauny.pl\/sk\/"},{"@type":"ListItem","position":2,"name":"Produkty","item":"https:\/\/dev.domkisauny.pl\/produkty\/"},{"@type":"ListItem","position":3,"name":"Sauny","item":"https:\/\/dev.domkisauny.pl\/sk\/kategoria-produktu\/sauny\/"},{"@type":"ListItem","position":4,"name":"Z\u00e1hradn\u00e9 sauny","item":"https:\/\/dev.domkisauny.pl\/sk\/kategoria-produktu\/sauny\/zahradne-sauny\/"},{"@type":"ListItem","position":5,"name":"Z\u00e1hradn\u00e1 sauna sude 350 cm THERMO s predsie\u0148ou"}]},{"@type":"WebSite","@id":"https:\/\/dev.domkisauny.pl\/sk\/#website","url":"https:\/\/dev.domkisauny.pl\/sk\/","name":"Dom\u010deky, Sauny","description":"","publisher":{"@id":"https:\/\/dev.domkisauny.pl\/sk\/#organization"},"potentialAction":[{"@type":"SearchAction","target":{"@type":"EntryPoint","urlTemplate":"https:\/\/dev.domkisauny.pl\/sk\/?s={search_term_string}"},"query-input":{"@type":"PropertyValueSpecification","valueRequired":true,"valueName":"search_term_string"}}],"inLanguage":"sk-SK"},{"@type":"Organization","@id":"https:\/\/dev.domkisauny.pl\/sk\/#organization","name":"Dom\u010deky, Sauny","url":"https:\/\/dev.domkisauny.pl\/sk\/","logo":{"@type":"ImageObject","inLanguage":"sk-SK","@id":"https:\/\/dev.domkisauny.pl\/sk\/#\/schema\/logo\/image\/","url":"https:\/\/domkisauny.pl\/wp-content\/uploads\/2022\/09\/logo_03.png","contentUrl":"https:\/\/domkisauny.pl\/wp-content\/uploads\/2022\/09\/logo_03.png","width":95,"height":81,"caption":"Dom\u010deky, Sauny"},"image":{"@id":"https:\/\/dev.domkisauny.pl\/sk\/#\/schema\/logo\/image\/"},"sameAs":["https:\/\/www.facebook.com\/DomkiSauny"]}]}},"_links":{"self":[{"href":"https:\/\/dev.domkisauny.pl\/sk\/wp-json\/wp\/v2\/product\/7838","targetHints":{"allow":["GET"]}}],"collection":[{"href":"https:\/\/dev.domkisauny.pl\/sk\/wp-json\/wp\/v2\/product"}],"about":[{"href":"https:\/\/dev.domkisauny.pl\/sk\/wp-json\/wp\/v2\/types\/product"}],"wp:featuredmedia":[{"embeddable":true,"href":"https:\/\/dev.domkisauny.pl\/sk\/wp-json\/wp\/v2\/media\/8683"}],"wp:attachment":[{"href":"https:\/\/dev.domkisauny.pl\/sk\/wp-json\/wp\/v2\/media?parent=7838"}],"wp:term":[{"taxonomy":"product_brand","embeddable":true,"href":"https:\/\/dev.domkisauny.pl\/sk\/wp-json\/wp\/v2\/product_brand?post=7838"},{"taxonomy":"product_cat","embeddable":true,"href":"https:\/\/dev.domkisauny.pl\/sk\/wp-json\/wp\/v2\/product_cat?post=7838"},{"taxonomy":"product_tag","embeddable":true,"href":"https:\/\/dev.domkisauny.pl\/sk\/wp-json\/wp\/v2\/product_tag?post=7838"}],"curies":[{"name":"wp","href":"https:\/\/api.w.org\/{rel}","templated":true}]}}