{"id":7682,"date":"2024-01-14T15:17:55","date_gmt":"2024-01-14T14:17:55","guid":{"rendered":"https:\/\/domkisauny.pl\/?post_type=product&#038;p=7682"},"modified":"2025-06-02T15:19:09","modified_gmt":"2025-06-02T13:19:09","slug":"sudova-zahradna-sauna-280-cm-s-balkonom","status":"publish","type":"product","link":"https:\/\/dev.domkisauny.pl\/sk\/produkt\/sudova-zahradna-sauna-280-cm-s-balkonom\/","title":{"rendered":"Sudov\u00e1 z\u00e1hradn\u00e1 sauna 280 cm s balk\u00f3nom"},"content":{"rendered":"<p>Z\u00e1hradn\u00e1 sauna je bezpochyby skvel\u00fd sp\u00f4sob relax\u00e1cie. Vo svojej estetickej podobe v\u0161ak m\u00f4\u017ee by\u0165 aj zauj\u00edmav\u00fdm doplnkom Va\u0161ej z\u00e1hrady. \u010co pon\u00faka sudov\u00e1 z\u00e1hradn\u00e1 sauna s balk\u00f3nom a predsie\u0148ou?<\/p>\n<p><strong><img loading=\"lazy\" decoding=\"async\" class=\"aligncenter wp-image-8101 size-full\" src=\"https:\/\/domkysauny.sk\/wp-content\/uploads\/2024\/01\/574482502-sauna-ogrodowa-beczka-2-8m-z-balkonem-wizualizacja.jpg\" alt=\"Sauna ogrodowa beczka 2,8 m z balkonem\" width=\"2000\" height=\"1125\" srcset=\"https:\/\/dev.domkisauny.pl\/wp-content\/uploads\/2024\/01\/574482502-sauna-ogrodowa-beczka-2-8m-z-balkonem-wizualizacja.jpg 2000w, https:\/\/dev.domkisauny.pl\/wp-content\/uploads\/2024\/01\/574482502-sauna-ogrodowa-beczka-2-8m-z-balkonem-wizualizacja-300x169.jpg 300w, https:\/\/dev.domkisauny.pl\/wp-content\/uploads\/2024\/01\/574482502-sauna-ogrodowa-beczka-2-8m-z-balkonem-wizualizacja-768x432.jpg 768w, https:\/\/dev.domkisauny.pl\/wp-content\/uploads\/2024\/01\/574482502-sauna-ogrodowa-beczka-2-8m-z-balkonem-wizualizacja-1024x576.jpg 1024w, https:\/\/dev.domkisauny.pl\/wp-content\/uploads\/2024\/01\/574482502-sauna-ogrodowa-beczka-2-8m-z-balkonem-wizualizacja-1536x864.jpg 1536w, https:\/\/dev.domkisauny.pl\/wp-content\/uploads\/2024\/01\/574482502-sauna-ogrodowa-beczka-2-8m-z-balkonem-wizualizacja-1000x563.jpg 1000w\" sizes=\"auto, (max-width: 2000px) 100vw, 2000px\" \/><\/strong><\/p>\n<h3><strong>Pr\u00edjemn\u00e9 s u\u017eito\u010dn\u00fdm ka\u017ed\u00e9ho d\u0148a<\/strong><\/h3>\n<p>Vy\u010derp\u00e1vaj\u00face dni pln\u00e9 stresu, nervov a plnenia najr\u00f4znej\u0161\u00edch povinnost\u00ed sa v dne\u0161nej dobe stali \u00faplne norm\u00e1lne. Pri tak r\u00fdchlom tempe je \u0165a\u017ek\u00e9 n\u00e1js\u0165 si pre seba \u010das na odpo\u010dinok. <strong>V tak\u00fdch chv\u00ed\u013each prich\u00e1dza na pomoc z\u00e1hradn\u00e1 sauna, ktor\u00e1 zlep\u0161\u00ed Va\u0161u n\u00e1ladu ka\u017ed\u00e9ho d\u0148a. V\u010faka tak\u00fdm seden\u00edm ur\u010dite poc\u00edtite \u00fa\u013eavu.<\/strong> Okrem toho n\u00e1m z\u00e1hradn\u00e1 sauna poskytuje aj lie\u010debn\u00e9 \u00fa\u010dinky.<strong> Pobyt v nej m\u00f4\u017ee n\u00e1\u0161mu zdraviu prinies\u0165 po\u010detn\u00e9 v\u00fdhody a v d\u00f4sledku n\u00e1s otu\u017e\u00ed.<\/strong> Je to \u00fa\u013eava nielen pre Va\u0161u myse\u013e, ale aj pre Va\u0161e telo. To v\u0161etko m\u00f4\u017eete praktikova\u0165 v ide\u00e1lnych podmienkach \u2013 \u010di u\u017e sami alebo so svojimi bl\u00edzkymi.<\/p>\n<p><strong><img loading=\"lazy\" decoding=\"async\" class=\"aligncenter size-full wp-image-7606\" src=\"https:\/\/domkysauny.sk\/wp-content\/uploads\/2024\/01\/Sauna-ogrodowa-beczka-28-m-z-balkonem-rzut.jpg\" alt=\"\" width=\"2000\" height=\"1600\" srcset=\"https:\/\/dev.domkisauny.pl\/wp-content\/uploads\/2024\/01\/Sauna-ogrodowa-beczka-28-m-z-balkonem-rzut.jpg 2000w, https:\/\/dev.domkisauny.pl\/wp-content\/uploads\/2024\/01\/Sauna-ogrodowa-beczka-28-m-z-balkonem-rzut-300x240.jpg 300w, https:\/\/dev.domkisauny.pl\/wp-content\/uploads\/2024\/01\/Sauna-ogrodowa-beczka-28-m-z-balkonem-rzut-768x614.jpg 768w, https:\/\/dev.domkisauny.pl\/wp-content\/uploads\/2024\/01\/Sauna-ogrodowa-beczka-28-m-z-balkonem-rzut-1024x819.jpg 1024w, https:\/\/dev.domkisauny.pl\/wp-content\/uploads\/2024\/01\/Sauna-ogrodowa-beczka-28-m-z-balkonem-rzut-1536x1229.jpg 1536w, https:\/\/dev.domkisauny.pl\/wp-content\/uploads\/2024\/01\/Sauna-ogrodowa-beczka-28-m-z-balkonem-rzut-1000x800.jpg 1000w\" sizes=\"auto, (max-width: 2000px) 100vw, 2000px\" \/><\/strong><\/p>\n<h3><strong>Sol\u00eddna kon\u0161trukcia na b\u00e1ze pr\u00edrodn\u00fdch materi\u00e1lov<\/strong><\/h3>\n<p>Z\u00e1hradn\u00e1 sudov\u00e1 sauna s balk\u00f3nom a predsie\u0148ou bola navrhnut\u00e1 t\u00edmom ozajstn\u00fdch profesion\u00e1lov a nad\u0161encov. Jej steny boli vyroben\u00e9 zo siln\u00fdch, 45 mm dosiek zo smrekov\u00e9ho dreva.<strong> Organick\u00fd materi\u00e1l neobsahuje \u017eiadne \u0161kodliv\u00e9 l\u00e1tky, \u010do navy\u0161e ovplyv\u0148uje pr\u00edrodn\u00fa atmosf\u00e9ru. <\/strong>Vn\u00fatri z\u00e1hradnej sauny sa nach\u00e1dza praktick\u00e9 z\u00e1dverie s lavi\u010dkami, v\u010faka ktor\u00e9mu m\u00f4\u017eete jednoducho sedie\u0165 so svojimi bl\u00edzkymi. <strong>To v\u0161etko uzatv\u00e1raj\u00fa dvere z tvrden\u00e9ho skla<\/strong>. Za tesnos\u0165 a ochranu sauny pred nepriazniv\u00fdmi poveternostn\u00fdmi vplyvmi m\u00f4\u017eeme po\u010fakova\u0165 streche, ktor\u00e1 je navy\u0161e chr\u00e1nen\u00e1 \u017eivi\u010dn\u00fdm \u0161ind\u013eom. Pevnos\u0165 celej kon\u0161trukcie je navy\u0161e zaisten\u00e1 t\u00fdm, \u017ee stoj\u00ed na 3vrstvovom podstavci a je zaisten\u00e1 4 kovov\u00fdmi konzolami. Aj napriek jej nepochybnej stabilite sa odpor\u00fa\u010da ulo\u017ei\u0165 saunu na tvrden\u00fd povrch.<\/p>\n<p><strong><img loading=\"lazy\" decoding=\"async\" class=\"aligncenter wp-image-7610 size-full\" src=\"https:\/\/domkysauny.sk\/wp-content\/uploads\/2024\/01\/Sauna-ogrodowa-beczka-28-m-z-balkonem-rysunek.jpg\" alt=\"\" width=\"2000\" height=\"1600\" srcset=\"https:\/\/dev.domkisauny.pl\/wp-content\/uploads\/2024\/01\/Sauna-ogrodowa-beczka-28-m-z-balkonem-rysunek.jpg 2000w, https:\/\/dev.domkisauny.pl\/wp-content\/uploads\/2024\/01\/Sauna-ogrodowa-beczka-28-m-z-balkonem-rysunek-300x240.jpg 300w, https:\/\/dev.domkisauny.pl\/wp-content\/uploads\/2024\/01\/Sauna-ogrodowa-beczka-28-m-z-balkonem-rysunek-768x614.jpg 768w, https:\/\/dev.domkisauny.pl\/wp-content\/uploads\/2024\/01\/Sauna-ogrodowa-beczka-28-m-z-balkonem-rysunek-1024x819.jpg 1024w, https:\/\/dev.domkisauny.pl\/wp-content\/uploads\/2024\/01\/Sauna-ogrodowa-beczka-28-m-z-balkonem-rysunek-1536x1229.jpg 1536w, https:\/\/dev.domkisauny.pl\/wp-content\/uploads\/2024\/01\/Sauna-ogrodowa-beczka-28-m-z-balkonem-rysunek-1000x800.jpg 1000w\" sizes=\"auto, (max-width: 2000px) 100vw, 2000px\" \/><\/strong><\/p>\n<h3><strong>Jedine\u010dn\u00e1 estetika z\u00e1hradnej sauny<\/strong><\/h3>\n<p>T\u00edm Domki Sauny sa okrem poskytovania dojmov postaral aj o estetiku. Bola vyroben\u00e1 starostlivo, s oh\u013eadom na najmen\u0161ie detaily. Navy\u0161e sa d\u00e1 \u013eubovo\u013ene personalizova\u0165. <strong>Je mo\u017en\u00e9 ju zak\u00fapi\u0165 v r\u00f4znych farebn\u00fdch variantoch impregn\u00e1cie dreva. <\/strong>Okrem toho sa tie\u017e m\u00f4\u017eete rozhodn\u00fa\u0165, \u010di d\u00e1te prednos\u0165 panoramatick\u00e9mu alebo polopanoramatick\u00e9mu zaskleniu zadnej steny. Nie inak je tomu v ot\u00e1zke kachl\u00ed, kde si m\u00f4\u017eete vybra\u0165 z t\u00fdch najkvalitnej\u0161\u00edch, ergonomick\u00fdch modelov.<\/p>\n<p>Sauna s balk\u00f3nom je skvel\u00fd sp\u00f4sob, ako urobi\u0165 Va\u0161u terasu o nie\u010do zauj\u00edmavej\u0161iu. T\u00e1to kombin\u00e1cia vytv\u00e1ra nielen \u00fatuln\u00e9, ale aj funk\u010dn\u00e9 miesto, kde je relax zaru\u010den\u00fd. Pridanie sauny bude skvel\u00e9 aj v pr\u00edpade, \u017ee prev\u00e1dzkujeme ubytovacie zariadenia. Tak\u00e1to mo\u017enos\u0165 odpo\u010dinku pre va\u0161ich host\u00ed ur\u010dite zv\u00fd\u0161i jeho atraktivitu<\/p>\n","protected":false},"excerpt":{"rendered":"<blockquote><p><strong><b>D\u00d4LE\u017dIT\u00c9!<\/b><\/strong><\/p>\n<p>Fotografie produktov rob\u00edme v najlep\u0161ej kvalite. Av\u0161ak kv\u00f4li sp\u00f4sobu reprodukcie farieb monitorom po\u010d\u00edta\u010da m\u00f4\u017ee farba produktov vidite\u013en\u00e1 na obrazovke mierne sa l\u00ed\u0161i\u0165 od skuto\u010dnosti.<\/p>\n<p>Sauna je dod\u00e1van\u00e1 v celej svojej podobe.<\/p>\n<p>V pr\u00edpade z\u00e1kladnej mo\u017enosti dod\u00e1vky zabezpe\u010duje vykl\u00e1dku na mieste objedn\u00e1vate\u013e.<\/p><\/blockquote>\n","protected":false},"featured_media":8104,"template":"","meta":{"_acf_changed":false},"product_brand":[],"product_cat":[157],"product_tag":[],"class_list":{"0":"post-7682","1":"product","2":"type-product","3":"status-publish","4":"has-post-thumbnail","6":"product_cat-zahradne-sauny","7":"product_shipping_class-wysylka-grupa0-sk","8":"pa_dodatki-sauny-s-balkonmi","9":"pa_ksztalt-sudy-sauny","11":"first","12":"instock","13":"shipping-taxable","14":"purchasable","15":"product-type-variable"},"acf":[],"yoast_head":"<!-- This site is optimized with the Yoast SEO plugin v27.4 - https:\/\/yoast.com\/product\/yoast-seo-wordpress\/ -->\n<title>Pr\u00edrodn\u00e1 sudov\u00e1 z\u00e1hradn\u00e1 sauna s predsie\u0148ou a balk\u00f3nom 280cm<\/title>\n<meta name=\"description\" content=\"Denn\u00e9 povinnosti V\u00e1m nedovo\u013euj\u00fa relaxova\u0165? Z\u00e1hradn\u00e1 sauna je dokonal\u00fdm rie\u0161en\u00edm, ktor\u00e9 nielen ozdob\u00ed Va\u0161u z\u00e1hradu, ale taktie\u017e zaist\u00ed lep\u0161iu n\u00e1ladu a zdravie.\" \/>\n<meta name=\"robots\" content=\"noindex, follow, max-snippet:-1, max-image-preview:large, max-video-preview:-1\" \/>\n<meta property=\"og:locale\" content=\"sk_SK\" \/>\n<meta property=\"og:type\" content=\"article\" \/>\n<meta property=\"og:title\" content=\"Pr\u00edrodn\u00e1 sudov\u00e1 z\u00e1hradn\u00e1 sauna s predsie\u0148ou a balk\u00f3nom 280cm\" \/>\n<meta property=\"og:description\" content=\"Denn\u00e9 povinnosti V\u00e1m nedovo\u013euj\u00fa relaxova\u0165? Z\u00e1hradn\u00e1 sauna je dokonal\u00fdm rie\u0161en\u00edm, ktor\u00e9 nielen ozdob\u00ed Va\u0161u z\u00e1hradu, ale taktie\u017e zaist\u00ed lep\u0161iu n\u00e1ladu a zdravie.\" \/>\n<meta property=\"og:url\" content=\"https:\/\/dev.domkisauny.pl\/sk\/produkt\/sudova-zahradna-sauna-280-cm-s-balkonom\/\" \/>\n<meta property=\"og:site_name\" content=\"Dom\u010deky, Sauny\" \/>\n<meta property=\"article:publisher\" content=\"https:\/\/www.facebook.com\/DomkiSauny\" \/>\n<meta property=\"article:modified_time\" content=\"2025-06-02T13:19:09+00:00\" \/>\n<meta property=\"og:image\" content=\"https:\/\/dev.domkisauny.pl\/wp-content\/uploads\/2024\/01\/574482502-sauna-ogrodowa-beczka-2-8m-z-balkonem-wizualizacja.jpg\" \/>\n\t<meta property=\"og:image:width\" content=\"2000\" \/>\n\t<meta property=\"og:image:height\" content=\"1125\" \/>\n\t<meta property=\"og:image:type\" content=\"image\/jpeg\" \/>\n<meta name=\"twitter:card\" content=\"summary_large_image\" \/>\n<meta name=\"twitter:label1\" content=\"Predpokladan\u00fd \u010das \u010d\u00edtania\" \/>\n\t<meta name=\"twitter:data1\" content=\"3 min\u00faty\" \/>\n<script type=\"application\/ld+json\" class=\"yoast-schema-graph\">{\"@context\":\"https:\\\/\\\/schema.org\",\"@graph\":[{\"@type\":\"WebPage\",\"@id\":\"https:\\\/\\\/dev.domkisauny.pl\\\/sk\\\/produkt\\\/sudova-zahradna-sauna-280-cm-s-balkonom\\\/\",\"url\":\"https:\\\/\\\/dev.domkisauny.pl\\\/sk\\\/produkt\\\/sudova-zahradna-sauna-280-cm-s-balkonom\\\/\",\"name\":\"Pr\u00edrodn\u00e1 sudov\u00e1 z\u00e1hradn\u00e1 sauna s predsie\u0148ou a balk\u00f3nom 280cm\",\"isPartOf\":{\"@id\":\"https:\\\/\\\/dev.domkisauny.pl\\\/sk\\\/#website\"},\"primaryImageOfPage\":{\"@id\":\"https:\\\/\\\/dev.domkisauny.pl\\\/sk\\\/produkt\\\/sudova-zahradna-sauna-280-cm-s-balkonom\\\/#primaryimage\"},\"image\":{\"@id\":\"https:\\\/\\\/dev.domkisauny.pl\\\/sk\\\/produkt\\\/sudova-zahradna-sauna-280-cm-s-balkonom\\\/#primaryimage\"},\"thumbnailUrl\":\"https:\\\/\\\/dev.domkisauny.pl\\\/wp-content\\\/uploads\\\/2024\\\/01\\\/574482502-sauna-ogrodowa-beczka-2-8m-z-balkonem-wizualizacja.jpg\",\"datePublished\":\"2024-01-14T14:17:55+00:00\",\"dateModified\":\"2025-06-02T13:19:09+00:00\",\"description\":\"Denn\u00e9 povinnosti V\u00e1m nedovo\u013euj\u00fa relaxova\u0165? Z\u00e1hradn\u00e1 sauna je dokonal\u00fdm rie\u0161en\u00edm, ktor\u00e9 nielen ozdob\u00ed Va\u0161u z\u00e1hradu, ale taktie\u017e zaist\u00ed lep\u0161iu n\u00e1ladu a zdravie.\",\"breadcrumb\":{\"@id\":\"https:\\\/\\\/dev.domkisauny.pl\\\/sk\\\/produkt\\\/sudova-zahradna-sauna-280-cm-s-balkonom\\\/#breadcrumb\"},\"inLanguage\":\"sk-SK\",\"potentialAction\":[{\"@type\":\"ReadAction\",\"target\":[\"https:\\\/\\\/dev.domkisauny.pl\\\/sk\\\/produkt\\\/sudova-zahradna-sauna-280-cm-s-balkonom\\\/\"]}]},{\"@type\":\"ImageObject\",\"inLanguage\":\"sk-SK\",\"@id\":\"https:\\\/\\\/dev.domkisauny.pl\\\/sk\\\/produkt\\\/sudova-zahradna-sauna-280-cm-s-balkonom\\\/#primaryimage\",\"url\":\"https:\\\/\\\/dev.domkisauny.pl\\\/wp-content\\\/uploads\\\/2024\\\/01\\\/574482502-sauna-ogrodowa-beczka-2-8m-z-balkonem-wizualizacja.jpg\",\"contentUrl\":\"https:\\\/\\\/dev.domkisauny.pl\\\/wp-content\\\/uploads\\\/2024\\\/01\\\/574482502-sauna-ogrodowa-beczka-2-8m-z-balkonem-wizualizacja.jpg\",\"width\":2000,\"height\":1125,\"caption\":\"Sauna ogrodowa beczka 2,8 m z balkonem\"},{\"@type\":\"BreadcrumbList\",\"@id\":\"https:\\\/\\\/dev.domkisauny.pl\\\/sk\\\/produkt\\\/sudova-zahradna-sauna-280-cm-s-balkonom\\\/#breadcrumb\",\"itemListElement\":[{\"@type\":\"ListItem\",\"position\":1,\"name\":\"A&amp;M\",\"item\":\"https:\\\/\\\/dev.domkisauny.pl\\\/sk\\\/\"},{\"@type\":\"ListItem\",\"position\":2,\"name\":\"Produkty\",\"item\":\"https:\\\/\\\/dev.domkisauny.pl\\\/produkty\\\/\"},{\"@type\":\"ListItem\",\"position\":3,\"name\":\"Sauny\",\"item\":\"https:\\\/\\\/dev.domkisauny.pl\\\/sk\\\/kategoria-produktu\\\/sauny\\\/\"},{\"@type\":\"ListItem\",\"position\":4,\"name\":\"Z\u00e1hradn\u00e9 sauny\",\"item\":\"https:\\\/\\\/dev.domkisauny.pl\\\/sk\\\/kategoria-produktu\\\/sauny\\\/zahradne-sauny\\\/\"},{\"@type\":\"ListItem\",\"position\":5,\"name\":\"Sudov\u00e1 z\u00e1hradn\u00e1 sauna 280 cm s balk\u00f3nom\"}]},{\"@type\":\"WebSite\",\"@id\":\"https:\\\/\\\/dev.domkisauny.pl\\\/sk\\\/#website\",\"url\":\"https:\\\/\\\/dev.domkisauny.pl\\\/sk\\\/\",\"name\":\"Dom\u010deky, Sauny\",\"description\":\"\",\"publisher\":{\"@id\":\"https:\\\/\\\/dev.domkisauny.pl\\\/sk\\\/#organization\"},\"potentialAction\":[{\"@type\":\"SearchAction\",\"target\":{\"@type\":\"EntryPoint\",\"urlTemplate\":\"https:\\\/\\\/dev.domkisauny.pl\\\/sk\\\/?s={search_term_string}\"},\"query-input\":{\"@type\":\"PropertyValueSpecification\",\"valueRequired\":true,\"valueName\":\"search_term_string\"}}],\"inLanguage\":\"sk-SK\"},{\"@type\":\"Organization\",\"@id\":\"https:\\\/\\\/dev.domkisauny.pl\\\/sk\\\/#organization\",\"name\":\"Dom\u010deky, Sauny\",\"url\":\"https:\\\/\\\/dev.domkisauny.pl\\\/sk\\\/\",\"logo\":{\"@type\":\"ImageObject\",\"inLanguage\":\"sk-SK\",\"@id\":\"https:\\\/\\\/dev.domkisauny.pl\\\/sk\\\/#\\\/schema\\\/logo\\\/image\\\/\",\"url\":\"https:\\\/\\\/domkisauny.pl\\\/wp-content\\\/uploads\\\/2022\\\/09\\\/logo_03.png\",\"contentUrl\":\"https:\\\/\\\/domkisauny.pl\\\/wp-content\\\/uploads\\\/2022\\\/09\\\/logo_03.png\",\"width\":95,\"height\":81,\"caption\":\"Dom\u010deky, Sauny\"},\"image\":{\"@id\":\"https:\\\/\\\/dev.domkisauny.pl\\\/sk\\\/#\\\/schema\\\/logo\\\/image\\\/\"},\"sameAs\":[\"https:\\\/\\\/www.facebook.com\\\/DomkiSauny\"]}]}<\/script>\n<!-- \/ Yoast SEO plugin. -->","yoast_head_json":{"title":"Pr\u00edrodn\u00e1 sudov\u00e1 z\u00e1hradn\u00e1 sauna s predsie\u0148ou a balk\u00f3nom 280cm","description":"Denn\u00e9 povinnosti V\u00e1m nedovo\u013euj\u00fa relaxova\u0165? Z\u00e1hradn\u00e1 sauna je dokonal\u00fdm rie\u0161en\u00edm, ktor\u00e9 nielen ozdob\u00ed Va\u0161u z\u00e1hradu, ale taktie\u017e zaist\u00ed lep\u0161iu n\u00e1ladu a zdravie.","robots":{"index":"noindex","follow":"follow","max-snippet":"max-snippet:-1","max-image-preview":"max-image-preview:large","max-video-preview":"max-video-preview:-1"},"og_locale":"sk_SK","og_type":"article","og_title":"Pr\u00edrodn\u00e1 sudov\u00e1 z\u00e1hradn\u00e1 sauna s predsie\u0148ou a balk\u00f3nom 280cm","og_description":"Denn\u00e9 povinnosti V\u00e1m nedovo\u013euj\u00fa relaxova\u0165? Z\u00e1hradn\u00e1 sauna je dokonal\u00fdm rie\u0161en\u00edm, ktor\u00e9 nielen ozdob\u00ed Va\u0161u z\u00e1hradu, ale taktie\u017e zaist\u00ed lep\u0161iu n\u00e1ladu a zdravie.","og_url":"https:\/\/dev.domkisauny.pl\/sk\/produkt\/sudova-zahradna-sauna-280-cm-s-balkonom\/","og_site_name":"Dom\u010deky, Sauny","article_publisher":"https:\/\/www.facebook.com\/DomkiSauny","article_modified_time":"2025-06-02T13:19:09+00:00","og_image":[{"width":2000,"height":1125,"url":"https:\/\/dev.domkisauny.pl\/wp-content\/uploads\/2024\/01\/574482502-sauna-ogrodowa-beczka-2-8m-z-balkonem-wizualizacja.jpg","type":"image\/jpeg"}],"twitter_card":"summary_large_image","twitter_misc":{"Predpokladan\u00fd \u010das \u010d\u00edtania":"3 min\u00faty"},"schema":{"@context":"https:\/\/schema.org","@graph":[{"@type":"WebPage","@id":"https:\/\/dev.domkisauny.pl\/sk\/produkt\/sudova-zahradna-sauna-280-cm-s-balkonom\/","url":"https:\/\/dev.domkisauny.pl\/sk\/produkt\/sudova-zahradna-sauna-280-cm-s-balkonom\/","name":"Pr\u00edrodn\u00e1 sudov\u00e1 z\u00e1hradn\u00e1 sauna s predsie\u0148ou a balk\u00f3nom 280cm","isPartOf":{"@id":"https:\/\/dev.domkisauny.pl\/sk\/#website"},"primaryImageOfPage":{"@id":"https:\/\/dev.domkisauny.pl\/sk\/produkt\/sudova-zahradna-sauna-280-cm-s-balkonom\/#primaryimage"},"image":{"@id":"https:\/\/dev.domkisauny.pl\/sk\/produkt\/sudova-zahradna-sauna-280-cm-s-balkonom\/#primaryimage"},"thumbnailUrl":"https:\/\/dev.domkisauny.pl\/wp-content\/uploads\/2024\/01\/574482502-sauna-ogrodowa-beczka-2-8m-z-balkonem-wizualizacja.jpg","datePublished":"2024-01-14T14:17:55+00:00","dateModified":"2025-06-02T13:19:09+00:00","description":"Denn\u00e9 povinnosti V\u00e1m nedovo\u013euj\u00fa relaxova\u0165? Z\u00e1hradn\u00e1 sauna je dokonal\u00fdm rie\u0161en\u00edm, ktor\u00e9 nielen ozdob\u00ed Va\u0161u z\u00e1hradu, ale taktie\u017e zaist\u00ed lep\u0161iu n\u00e1ladu a zdravie.","breadcrumb":{"@id":"https:\/\/dev.domkisauny.pl\/sk\/produkt\/sudova-zahradna-sauna-280-cm-s-balkonom\/#breadcrumb"},"inLanguage":"sk-SK","potentialAction":[{"@type":"ReadAction","target":["https:\/\/dev.domkisauny.pl\/sk\/produkt\/sudova-zahradna-sauna-280-cm-s-balkonom\/"]}]},{"@type":"ImageObject","inLanguage":"sk-SK","@id":"https:\/\/dev.domkisauny.pl\/sk\/produkt\/sudova-zahradna-sauna-280-cm-s-balkonom\/#primaryimage","url":"https:\/\/dev.domkisauny.pl\/wp-content\/uploads\/2024\/01\/574482502-sauna-ogrodowa-beczka-2-8m-z-balkonem-wizualizacja.jpg","contentUrl":"https:\/\/dev.domkisauny.pl\/wp-content\/uploads\/2024\/01\/574482502-sauna-ogrodowa-beczka-2-8m-z-balkonem-wizualizacja.jpg","width":2000,"height":1125,"caption":"Sauna ogrodowa beczka 2,8 m z balkonem"},{"@type":"BreadcrumbList","@id":"https:\/\/dev.domkisauny.pl\/sk\/produkt\/sudova-zahradna-sauna-280-cm-s-balkonom\/#breadcrumb","itemListElement":[{"@type":"ListItem","position":1,"name":"A&amp;M","item":"https:\/\/dev.domkisauny.pl\/sk\/"},{"@type":"ListItem","position":2,"name":"Produkty","item":"https:\/\/dev.domkisauny.pl\/produkty\/"},{"@type":"ListItem","position":3,"name":"Sauny","item":"https:\/\/dev.domkisauny.pl\/sk\/kategoria-produktu\/sauny\/"},{"@type":"ListItem","position":4,"name":"Z\u00e1hradn\u00e9 sauny","item":"https:\/\/dev.domkisauny.pl\/sk\/kategoria-produktu\/sauny\/zahradne-sauny\/"},{"@type":"ListItem","position":5,"name":"Sudov\u00e1 z\u00e1hradn\u00e1 sauna 280 cm s balk\u00f3nom"}]},{"@type":"WebSite","@id":"https:\/\/dev.domkisauny.pl\/sk\/#website","url":"https:\/\/dev.domkisauny.pl\/sk\/","name":"Dom\u010deky, Sauny","description":"","publisher":{"@id":"https:\/\/dev.domkisauny.pl\/sk\/#organization"},"potentialAction":[{"@type":"SearchAction","target":{"@type":"EntryPoint","urlTemplate":"https:\/\/dev.domkisauny.pl\/sk\/?s={search_term_string}"},"query-input":{"@type":"PropertyValueSpecification","valueRequired":true,"valueName":"search_term_string"}}],"inLanguage":"sk-SK"},{"@type":"Organization","@id":"https:\/\/dev.domkisauny.pl\/sk\/#organization","name":"Dom\u010deky, Sauny","url":"https:\/\/dev.domkisauny.pl\/sk\/","logo":{"@type":"ImageObject","inLanguage":"sk-SK","@id":"https:\/\/dev.domkisauny.pl\/sk\/#\/schema\/logo\/image\/","url":"https:\/\/domkisauny.pl\/wp-content\/uploads\/2022\/09\/logo_03.png","contentUrl":"https:\/\/domkisauny.pl\/wp-content\/uploads\/2022\/09\/logo_03.png","width":95,"height":81,"caption":"Dom\u010deky, Sauny"},"image":{"@id":"https:\/\/dev.domkisauny.pl\/sk\/#\/schema\/logo\/image\/"},"sameAs":["https:\/\/www.facebook.com\/DomkiSauny"]}]}},"_links":{"self":[{"href":"https:\/\/dev.domkisauny.pl\/sk\/wp-json\/wp\/v2\/product\/7682","targetHints":{"allow":["GET"]}}],"collection":[{"href":"https:\/\/dev.domkisauny.pl\/sk\/wp-json\/wp\/v2\/product"}],"about":[{"href":"https:\/\/dev.domkisauny.pl\/sk\/wp-json\/wp\/v2\/types\/product"}],"wp:featuredmedia":[{"embeddable":true,"href":"https:\/\/dev.domkisauny.pl\/sk\/wp-json\/wp\/v2\/media\/8104"}],"wp:attachment":[{"href":"https:\/\/dev.domkisauny.pl\/sk\/wp-json\/wp\/v2\/media?parent=7682"}],"wp:term":[{"taxonomy":"product_brand","embeddable":true,"href":"https:\/\/dev.domkisauny.pl\/sk\/wp-json\/wp\/v2\/product_brand?post=7682"},{"taxonomy":"product_cat","embeddable":true,"href":"https:\/\/dev.domkisauny.pl\/sk\/wp-json\/wp\/v2\/product_cat?post=7682"},{"taxonomy":"product_tag","embeddable":true,"href":"https:\/\/dev.domkisauny.pl\/sk\/wp-json\/wp\/v2\/product_tag?post=7682"}],"curies":[{"name":"wp","href":"https:\/\/api.w.org\/{rel}","templated":true}]}}