{"id":7664,"date":"2024-01-16T04:11:28","date_gmt":"2024-01-16T03:11:28","guid":{"rendered":"https:\/\/domkisauny.pl\/?post_type=product&#038;p=7664"},"modified":"2025-06-27T17:20:02","modified_gmt":"2025-06-27T15:20:02","slug":"sudova-zahradna-sauna-280-cm-termo-s-balkonom","status":"publish","type":"product","link":"https:\/\/dev.domkisauny.pl\/sk\/produkt\/sudova-zahradna-sauna-280-cm-termo-s-balkonom\/","title":{"rendered":"Sudov\u00e1 z\u00e1hradn\u00e1 sauna 280 cm TERMO s balk\u00f3nom"},"content":{"rendered":"<p>Mo\u017enos\u0165 ka\u017edodennej relax\u00e1cie v skvel\u00fdch podmienkach m\u00e1 v dne\u0161nej dobe cenu zlata. Ak je navy\u0161e prezentovan\u00e1 v\u00fdnimo\u010dne estetick\u00fdm sp\u00f4sobom, m\u00f4\u017ee by\u0165 zauj\u00edmav\u00fdm doplnkom Va\u0161ej z\u00e1hrady. \u010co v sebe skr\u00fdva Sudov\u00e1 z\u00e1hradn\u00e1 sauna THERMO 2,8 m s balk\u00f3nom?<\/p>\n<p><img loading=\"lazy\" decoding=\"async\" class=\"aligncenter wp-image-8676 size-full\" src=\"https:\/\/domkysauny.sk\/wp-content\/uploads\/2024\/01\/574482502-sauna-ogrodowa-beczka-2-8m-z-balkonem-wizualizacja-thermo.jpg\" alt=\"\" width=\"2300\" height=\"1294\" srcset=\"https:\/\/dev.domkisauny.pl\/wp-content\/uploads\/2024\/01\/574482502-sauna-ogrodowa-beczka-2-8m-z-balkonem-wizualizacja-thermo.jpg 2300w, https:\/\/dev.domkisauny.pl\/wp-content\/uploads\/2024\/01\/574482502-sauna-ogrodowa-beczka-2-8m-z-balkonem-wizualizacja-thermo-300x169.jpg 300w, https:\/\/dev.domkisauny.pl\/wp-content\/uploads\/2024\/01\/574482502-sauna-ogrodowa-beczka-2-8m-z-balkonem-wizualizacja-thermo-768x432.jpg 768w, https:\/\/dev.domkisauny.pl\/wp-content\/uploads\/2024\/01\/574482502-sauna-ogrodowa-beczka-2-8m-z-balkonem-wizualizacja-thermo-1024x576.jpg 1024w, https:\/\/dev.domkisauny.pl\/wp-content\/uploads\/2024\/01\/574482502-sauna-ogrodowa-beczka-2-8m-z-balkonem-wizualizacja-thermo-1536x864.jpg 1536w, https:\/\/dev.domkisauny.pl\/wp-content\/uploads\/2024\/01\/574482502-sauna-ogrodowa-beczka-2-8m-z-balkonem-wizualizacja-thermo-2048x1152.jpg 2048w, https:\/\/dev.domkisauny.pl\/wp-content\/uploads\/2024\/01\/574482502-sauna-ogrodowa-beczka-2-8m-z-balkonem-wizualizacja-thermo-1000x563.jpg 1000w\" sizes=\"auto, (max-width: 2300px) 100vw, 2300px\" \/><\/p>\n<h3><strong>Lie\u010debn\u00fd relax so z\u00e1hradnou saunou THERMO<\/strong><\/h3>\n<p>St\u00e1le \u010dastej\u0161ie si zvyk\u00e1me na dni, ke\u010f na ni\u010d nem\u00e1me \u010das a zo v\u0161etk\u00fdch str\u00e1n sa na n\u00e1s valia po\u010detn\u00e9 povinnosti, nervy a stres. V tak\u00fdch chv\u00ed\u013each to jedin\u00e9, o \u010dom naj\u010dastej\u0161ie sn\u00edvame, je chv\u00ed\u013eka relax\u00e1cie. Ako si ju ale zaisti\u0165? <strong>Odpove\u010fou na tak\u00e9to situ\u00e1cie je z\u00e1hradn\u00e1 sauna, ktor\u00e1 V\u00e1m umo\u017en\u00ed na chv\u00ed\u013eu zabudn\u00fa\u0165 na ka\u017edodenn\u00e9 r\u00fdchle tempo. <\/strong>Pri pobyte v nej m\u00f4\u017eeme bez probl\u00e9mov relaxova\u0165 a c\u00edti\u0165 \u00fa\u013eavu. Okrem toho, \u017ee v\u00fdrazne zlep\u0161uj\u00fa Va\u0161u n\u00e1ladu, pobyty v saune maj\u00fa blahodarn\u00fd vplyv na na\u0161e zdravie a posil\u0148uj\u00fa n\u00e1s. Je to skuto\u010dn\u00e1 sp\u00e1sa rovnako pre na\u0161u myse\u013e, ako aj pre cel\u00e9 telo.<\/p>\n<p><strong><img loading=\"lazy\" decoding=\"async\" class=\"aligncenter wp-image-7606 size-full\" src=\"https:\/\/domkysauny.sk\/wp-content\/uploads\/2024\/01\/Sauna-ogrodowa-beczka-28-m-z-balkonem-rzut.jpg\" alt=\"\" width=\"2000\" height=\"1600\" srcset=\"https:\/\/dev.domkisauny.pl\/wp-content\/uploads\/2024\/01\/Sauna-ogrodowa-beczka-28-m-z-balkonem-rzut.jpg 2000w, https:\/\/dev.domkisauny.pl\/wp-content\/uploads\/2024\/01\/Sauna-ogrodowa-beczka-28-m-z-balkonem-rzut-300x240.jpg 300w, https:\/\/dev.domkisauny.pl\/wp-content\/uploads\/2024\/01\/Sauna-ogrodowa-beczka-28-m-z-balkonem-rzut-768x614.jpg 768w, https:\/\/dev.domkisauny.pl\/wp-content\/uploads\/2024\/01\/Sauna-ogrodowa-beczka-28-m-z-balkonem-rzut-1024x819.jpg 1024w, https:\/\/dev.domkisauny.pl\/wp-content\/uploads\/2024\/01\/Sauna-ogrodowa-beczka-28-m-z-balkonem-rzut-1536x1229.jpg 1536w, https:\/\/dev.domkisauny.pl\/wp-content\/uploads\/2024\/01\/Sauna-ogrodowa-beczka-28-m-z-balkonem-rzut-1000x800.jpg 1000w\" sizes=\"auto, (max-width: 2000px) 100vw, 2000px\" \/><\/strong><\/p>\n<h3><strong>Sol\u00eddne materi\u00e1ly z\u00e1hradnej sauny THERMO<\/strong><\/h3>\n<p>Sudov\u00e1 z\u00e1hradn\u00e1 sauna 2,8 m THERMO s balk\u00f3nom je umeleck\u00fdm dielom navrhnut\u00fdm t\u00edmom Domki Sauny s d\u00f4razom na najmen\u0161ie detaily. V\u010faka tomu je tento model skuto\u010dne sol\u00eddny. Kon\u0161trukcia bola vyroben\u00e1 z dosiek hrub\u00fdch 45 mm. Pou\u017eit\u00e9 drevo poch\u00e1dza zo smrekov. V\u010faka tomu s\u00fa pou\u017eit\u00e9 materi\u00e1ly organick\u00e9 a bez ak\u00fdchko\u013evek \u0161kodliv\u00fdch l\u00e1tok. <strong>Hlavn\u00fa \u00falohu v z\u00e1hradnej saune v\u0161ak zohr\u00e1va tituln\u00fd materi\u00e1l THERMO<\/strong>. Je oce\u0148ovan\u00fd najm\u00e4 v\u010faka svojej nenahradite\u013enej odolnosti vo\u010di v\u0161etk\u00fdm deform\u00e1ci\u00e1m a de\u0161trukcii.<\/p>\n<p>Vn\u00fatri sauny sa nach\u00e1dza z\u00e1dverie s lavicami, v\u010faka ktor\u00fdm je mo\u017en\u00e9 saunova\u0165 aj vo viacer\u00fdch osob\u00e1ch. Cel\u00fa miestnos\u0165 uzatv\u00e1raj\u00fa mas\u00edvne dvere z tvrden\u00e9ho skla. Ot\u00e1zku odolnosti rie\u0161i aj strecha, navy\u0161e chr\u00e1nen\u00e1 \u017eivi\u010dn\u00fdm \u0161ind\u013eom, ktor\u00e1 saunu ochr\u00e1ni pred nepriazniv\u00fdmi poveternostn\u00fdmi vplyvmi.<strong> To v\u0161etko je navy\u0161e podporen\u00e9 4 kovov\u00fdmi obj\u00edmkami. <\/strong>Aj napriek jej mimoriadnej odolnosti sa odpor\u00fa\u010da ju ulo\u017ei\u0165 na tvrden\u00fd povrch.<\/p>\n<p><strong><img loading=\"lazy\" decoding=\"async\" class=\"aligncenter wp-image-7610 size-full\" src=\"https:\/\/domkysauny.sk\/wp-content\/uploads\/2024\/01\/Sauna-ogrodowa-beczka-28-m-z-balkonem-rysunek.jpg\" alt=\"\" width=\"2000\" height=\"1600\" srcset=\"https:\/\/dev.domkisauny.pl\/wp-content\/uploads\/2024\/01\/Sauna-ogrodowa-beczka-28-m-z-balkonem-rysunek.jpg 2000w, https:\/\/dev.domkisauny.pl\/wp-content\/uploads\/2024\/01\/Sauna-ogrodowa-beczka-28-m-z-balkonem-rysunek-300x240.jpg 300w, https:\/\/dev.domkisauny.pl\/wp-content\/uploads\/2024\/01\/Sauna-ogrodowa-beczka-28-m-z-balkonem-rysunek-768x614.jpg 768w, https:\/\/dev.domkisauny.pl\/wp-content\/uploads\/2024\/01\/Sauna-ogrodowa-beczka-28-m-z-balkonem-rysunek-1024x819.jpg 1024w, https:\/\/dev.domkisauny.pl\/wp-content\/uploads\/2024\/01\/Sauna-ogrodowa-beczka-28-m-z-balkonem-rysunek-1536x1229.jpg 1536w, https:\/\/dev.domkisauny.pl\/wp-content\/uploads\/2024\/01\/Sauna-ogrodowa-beczka-28-m-z-balkonem-rysunek-1000x800.jpg 1000w\" sizes=\"auto, (max-width: 2000px) 100vw, 2000px\" \/><\/strong><\/p>\n<h3><strong>Z\u00e1hradn\u00e1 sauna v dvoch variantoch<\/strong><\/h3>\n<p>Pri navrhovan\u00ed Sudovej z\u00e1hradnej sauny THERMO 2,8 m s balk\u00f3nom bolo dban\u00e9 nielen na praktick\u00e9 ot\u00e1zky ovplyv\u0148uj\u00face kvalitu sedenia, ale aj na vizu\u00e1lnu str\u00e1nku. <strong>Je tak nielen miestom na oddych a otu\u017eovanie, ale aj zauj\u00edmavou dekor\u00e1ciou na z\u00e1hrade.<\/strong> Aby sauna dokonale vyhovovala v\u00e1\u0161mu vkusu, je k dispoz\u00edcii v dvoch farebn\u00fdch variantoch: ma\u013eovanie v antracitovej farbe a pr\u00edrodn\u00e1 bezfarebn\u00e1.<\/p>\n<p>Pridanie sauny do Va\u0161ej z\u00e1hrady je perfektn\u00fd sp\u00f4sob, ako urobi\u0165 Va\u0161u terasu zauj\u00edmavej\u0161ou. T\u00e1to kombin\u00e1cia vytv\u00e1ra nielen estetick\u00e9, ale aj praktick\u00e9 miesto, kde je relax\u00e1cia zaisten\u00e1. Pridanie sudovej sauny bude skvel\u00e9 aj v pr\u00edpade, \u017ee prev\u00e1dzkujeme ubytovacie zariadenia. Pr\u00edle\u017eitos\u0165 na odpo\u010dinok pre n\u00e1v\u0161tevn\u00edkov ur\u010dite zv\u00fd\u0161i jeho atraktivitu.<\/p>\n","protected":false},"excerpt":{"rendered":"<blockquote><p><strong><b>D\u00d4LE\u017dIT\u00c9!<\/b><\/strong><\/p>\n<p>Fotografie produktov rob\u00edme v najlep\u0161ej kvalite. Av\u0161ak kv\u00f4li sp\u00f4sobu reprodukcie farieb monitorom po\u010d\u00edta\u010da m\u00f4\u017ee farba produktov vidite\u013en\u00e1 na obrazovke mierne sa l\u00ed\u0161i\u0165 od skuto\u010dnosti.<\/p>\n<p>Sauna je dod\u00e1van\u00e1 v celej svojej podobe.<\/p>\n<p>V pr\u00edpade z\u00e1kladnej mo\u017enosti dod\u00e1vky zabezpe\u010duje vykl\u00e1dku na mieste objedn\u00e1vate\u013e.<\/p><\/blockquote>\n","protected":false},"featured_media":8679,"template":"","meta":{"_acf_changed":false},"product_brand":[],"product_cat":[157,233],"product_tag":[],"class_list":{"0":"post-7664","1":"product","2":"type-product","3":"status-publish","4":"has-post-thumbnail","6":"product_cat-zahradne-sauny","7":"product_cat-zahradne-thermo-sauny","8":"product_shipping_class-wysylka-grupa0-sk","9":"pa_dodatki-sauny-s-balkonmi","10":"pa_ksztalt-sudy-sauny","12":"first","13":"instock","14":"shipping-taxable","15":"purchasable","16":"product-type-variable"},"acf":[],"yoast_head":"<!-- This site is optimized with the Yoast SEO plugin v27.4 - https:\/\/yoast.com\/product\/yoast-seo-wordpress\/ -->\n<title>Sol\u00eddna sudov\u00e1 z\u00e1hradn\u00e1 sauna 280cm THERMO s balk\u00f3nom<\/title>\n<meta name=\"description\" content=\"Pri r\u00fdchlom \u017eivotnom tempe je \u0165a\u017ek\u00e9 n\u00e1js\u0165 si \u010das na relax\u00e1ciu. Odpove\u010fou na to je z\u00e1hradn\u00e1 sauna THERMO. S \u0148ou si ju zaist\u00edte ka\u017ed\u00fd de\u0148 a v\u010faka sol\u00eddnym materi\u00e1lom vydr\u017eia roky.\" \/>\n<meta name=\"robots\" content=\"noindex, follow, max-snippet:-1, max-image-preview:large, max-video-preview:-1\" \/>\n<meta property=\"og:locale\" content=\"sk_SK\" \/>\n<meta property=\"og:type\" content=\"article\" \/>\n<meta property=\"og:title\" content=\"Sol\u00eddna sudov\u00e1 z\u00e1hradn\u00e1 sauna 280cm THERMO s balk\u00f3nom\" \/>\n<meta property=\"og:description\" content=\"Pri r\u00fdchlom \u017eivotnom tempe je \u0165a\u017ek\u00e9 n\u00e1js\u0165 si \u010das na relax\u00e1ciu. Odpove\u010fou na to je z\u00e1hradn\u00e1 sauna THERMO. S \u0148ou si ju zaist\u00edte ka\u017ed\u00fd de\u0148 a v\u010faka sol\u00eddnym materi\u00e1lom vydr\u017eia roky.\" \/>\n<meta property=\"og:url\" content=\"https:\/\/dev.domkisauny.pl\/sk\/produkt\/sudova-zahradna-sauna-280-cm-termo-s-balkonom\/\" \/>\n<meta property=\"og:site_name\" content=\"Dom\u010deky, Sauny\" \/>\n<meta property=\"article:publisher\" content=\"https:\/\/www.facebook.com\/DomkiSauny\" \/>\n<meta property=\"article:modified_time\" content=\"2025-06-27T15:20:02+00:00\" \/>\n<meta property=\"og:image\" content=\"https:\/\/dev.domkisauny.pl\/wp-content\/uploads\/2024\/01\/574482502-sauna-ogrodowa-beczka-2-8m-z-balkonem-wizualizacja-thermo-1024x576.jpg\" \/>\n\t<meta property=\"og:image:width\" content=\"1024\" \/>\n\t<meta property=\"og:image:height\" content=\"576\" \/>\n\t<meta property=\"og:image:type\" content=\"image\/jpeg\" \/>\n<meta name=\"twitter:card\" content=\"summary_large_image\" \/>\n<meta name=\"twitter:label1\" content=\"Predpokladan\u00fd \u010das \u010d\u00edtania\" \/>\n\t<meta name=\"twitter:data1\" content=\"4 min\u00faty\" \/>\n<script type=\"application\/ld+json\" class=\"yoast-schema-graph\">{\"@context\":\"https:\\\/\\\/schema.org\",\"@graph\":[{\"@type\":\"WebPage\",\"@id\":\"https:\\\/\\\/dev.domkisauny.pl\\\/sk\\\/produkt\\\/sudova-zahradna-sauna-280-cm-termo-s-balkonom\\\/\",\"url\":\"https:\\\/\\\/dev.domkisauny.pl\\\/sk\\\/produkt\\\/sudova-zahradna-sauna-280-cm-termo-s-balkonom\\\/\",\"name\":\"Sol\u00eddna sudov\u00e1 z\u00e1hradn\u00e1 sauna 280cm THERMO s balk\u00f3nom\",\"isPartOf\":{\"@id\":\"https:\\\/\\\/dev.domkisauny.pl\\\/sk\\\/#website\"},\"primaryImageOfPage\":{\"@id\":\"https:\\\/\\\/dev.domkisauny.pl\\\/sk\\\/produkt\\\/sudova-zahradna-sauna-280-cm-termo-s-balkonom\\\/#primaryimage\"},\"image\":{\"@id\":\"https:\\\/\\\/dev.domkisauny.pl\\\/sk\\\/produkt\\\/sudova-zahradna-sauna-280-cm-termo-s-balkonom\\\/#primaryimage\"},\"thumbnailUrl\":\"https:\\\/\\\/dev.domkisauny.pl\\\/wp-content\\\/uploads\\\/2024\\\/01\\\/574482502-sauna-ogrodowa-beczka-2-8m-z-balkonem-wizualizacja-thermo.jpg\",\"datePublished\":\"2024-01-16T03:11:28+00:00\",\"dateModified\":\"2025-06-27T15:20:02+00:00\",\"description\":\"Pri r\u00fdchlom \u017eivotnom tempe je \u0165a\u017ek\u00e9 n\u00e1js\u0165 si \u010das na relax\u00e1ciu. Odpove\u010fou na to je z\u00e1hradn\u00e1 sauna THERMO. S \u0148ou si ju zaist\u00edte ka\u017ed\u00fd de\u0148 a v\u010faka sol\u00eddnym materi\u00e1lom vydr\u017eia roky.\",\"breadcrumb\":{\"@id\":\"https:\\\/\\\/dev.domkisauny.pl\\\/sk\\\/produkt\\\/sudova-zahradna-sauna-280-cm-termo-s-balkonom\\\/#breadcrumb\"},\"inLanguage\":\"sk-SK\",\"potentialAction\":[{\"@type\":\"ReadAction\",\"target\":[\"https:\\\/\\\/dev.domkisauny.pl\\\/sk\\\/produkt\\\/sudova-zahradna-sauna-280-cm-termo-s-balkonom\\\/\"]}]},{\"@type\":\"ImageObject\",\"inLanguage\":\"sk-SK\",\"@id\":\"https:\\\/\\\/dev.domkisauny.pl\\\/sk\\\/produkt\\\/sudova-zahradna-sauna-280-cm-termo-s-balkonom\\\/#primaryimage\",\"url\":\"https:\\\/\\\/dev.domkisauny.pl\\\/wp-content\\\/uploads\\\/2024\\\/01\\\/574482502-sauna-ogrodowa-beczka-2-8m-z-balkonem-wizualizacja-thermo.jpg\",\"contentUrl\":\"https:\\\/\\\/dev.domkisauny.pl\\\/wp-content\\\/uploads\\\/2024\\\/01\\\/574482502-sauna-ogrodowa-beczka-2-8m-z-balkonem-wizualizacja-thermo.jpg\",\"width\":2300,\"height\":1294},{\"@type\":\"BreadcrumbList\",\"@id\":\"https:\\\/\\\/dev.domkisauny.pl\\\/sk\\\/produkt\\\/sudova-zahradna-sauna-280-cm-termo-s-balkonom\\\/#breadcrumb\",\"itemListElement\":[{\"@type\":\"ListItem\",\"position\":1,\"name\":\"A&amp;M\",\"item\":\"https:\\\/\\\/dev.domkisauny.pl\\\/sk\\\/\"},{\"@type\":\"ListItem\",\"position\":2,\"name\":\"Produkty\",\"item\":\"https:\\\/\\\/dev.domkisauny.pl\\\/produkty\\\/\"},{\"@type\":\"ListItem\",\"position\":3,\"name\":\"Sauny\",\"item\":\"https:\\\/\\\/dev.domkisauny.pl\\\/sk\\\/kategoria-produktu\\\/sauny\\\/\"},{\"@type\":\"ListItem\",\"position\":4,\"name\":\"Z\u00e1hradn\u00e9 sauny\",\"item\":\"https:\\\/\\\/dev.domkisauny.pl\\\/sk\\\/kategoria-produktu\\\/sauny\\\/zahradne-sauny\\\/\"},{\"@type\":\"ListItem\",\"position\":5,\"name\":\"Sudov\u00e1 z\u00e1hradn\u00e1 sauna 280 cm TERMO s balk\u00f3nom\"}]},{\"@type\":\"WebSite\",\"@id\":\"https:\\\/\\\/dev.domkisauny.pl\\\/sk\\\/#website\",\"url\":\"https:\\\/\\\/dev.domkisauny.pl\\\/sk\\\/\",\"name\":\"Dom\u010deky, Sauny\",\"description\":\"\",\"publisher\":{\"@id\":\"https:\\\/\\\/dev.domkisauny.pl\\\/sk\\\/#organization\"},\"potentialAction\":[{\"@type\":\"SearchAction\",\"target\":{\"@type\":\"EntryPoint\",\"urlTemplate\":\"https:\\\/\\\/dev.domkisauny.pl\\\/sk\\\/?s={search_term_string}\"},\"query-input\":{\"@type\":\"PropertyValueSpecification\",\"valueRequired\":true,\"valueName\":\"search_term_string\"}}],\"inLanguage\":\"sk-SK\"},{\"@type\":\"Organization\",\"@id\":\"https:\\\/\\\/dev.domkisauny.pl\\\/sk\\\/#organization\",\"name\":\"Dom\u010deky, Sauny\",\"url\":\"https:\\\/\\\/dev.domkisauny.pl\\\/sk\\\/\",\"logo\":{\"@type\":\"ImageObject\",\"inLanguage\":\"sk-SK\",\"@id\":\"https:\\\/\\\/dev.domkisauny.pl\\\/sk\\\/#\\\/schema\\\/logo\\\/image\\\/\",\"url\":\"https:\\\/\\\/domkisauny.pl\\\/wp-content\\\/uploads\\\/2022\\\/09\\\/logo_03.png\",\"contentUrl\":\"https:\\\/\\\/domkisauny.pl\\\/wp-content\\\/uploads\\\/2022\\\/09\\\/logo_03.png\",\"width\":95,\"height\":81,\"caption\":\"Dom\u010deky, Sauny\"},\"image\":{\"@id\":\"https:\\\/\\\/dev.domkisauny.pl\\\/sk\\\/#\\\/schema\\\/logo\\\/image\\\/\"},\"sameAs\":[\"https:\\\/\\\/www.facebook.com\\\/DomkiSauny\"]}]}<\/script>\n<!-- \/ Yoast SEO plugin. -->","yoast_head_json":{"title":"Sol\u00eddna sudov\u00e1 z\u00e1hradn\u00e1 sauna 280cm THERMO s balk\u00f3nom","description":"Pri r\u00fdchlom \u017eivotnom tempe je \u0165a\u017ek\u00e9 n\u00e1js\u0165 si \u010das na relax\u00e1ciu. Odpove\u010fou na to je z\u00e1hradn\u00e1 sauna THERMO. S \u0148ou si ju zaist\u00edte ka\u017ed\u00fd de\u0148 a v\u010faka sol\u00eddnym materi\u00e1lom vydr\u017eia roky.","robots":{"index":"noindex","follow":"follow","max-snippet":"max-snippet:-1","max-image-preview":"max-image-preview:large","max-video-preview":"max-video-preview:-1"},"og_locale":"sk_SK","og_type":"article","og_title":"Sol\u00eddna sudov\u00e1 z\u00e1hradn\u00e1 sauna 280cm THERMO s balk\u00f3nom","og_description":"Pri r\u00fdchlom \u017eivotnom tempe je \u0165a\u017ek\u00e9 n\u00e1js\u0165 si \u010das na relax\u00e1ciu. Odpove\u010fou na to je z\u00e1hradn\u00e1 sauna THERMO. S \u0148ou si ju zaist\u00edte ka\u017ed\u00fd de\u0148 a v\u010faka sol\u00eddnym materi\u00e1lom vydr\u017eia roky.","og_url":"https:\/\/dev.domkisauny.pl\/sk\/produkt\/sudova-zahradna-sauna-280-cm-termo-s-balkonom\/","og_site_name":"Dom\u010deky, Sauny","article_publisher":"https:\/\/www.facebook.com\/DomkiSauny","article_modified_time":"2025-06-27T15:20:02+00:00","og_image":[{"width":1024,"height":576,"url":"https:\/\/dev.domkisauny.pl\/wp-content\/uploads\/2024\/01\/574482502-sauna-ogrodowa-beczka-2-8m-z-balkonem-wizualizacja-thermo-1024x576.jpg","type":"image\/jpeg"}],"twitter_card":"summary_large_image","twitter_misc":{"Predpokladan\u00fd \u010das \u010d\u00edtania":"4 min\u00faty"},"schema":{"@context":"https:\/\/schema.org","@graph":[{"@type":"WebPage","@id":"https:\/\/dev.domkisauny.pl\/sk\/produkt\/sudova-zahradna-sauna-280-cm-termo-s-balkonom\/","url":"https:\/\/dev.domkisauny.pl\/sk\/produkt\/sudova-zahradna-sauna-280-cm-termo-s-balkonom\/","name":"Sol\u00eddna sudov\u00e1 z\u00e1hradn\u00e1 sauna 280cm THERMO s balk\u00f3nom","isPartOf":{"@id":"https:\/\/dev.domkisauny.pl\/sk\/#website"},"primaryImageOfPage":{"@id":"https:\/\/dev.domkisauny.pl\/sk\/produkt\/sudova-zahradna-sauna-280-cm-termo-s-balkonom\/#primaryimage"},"image":{"@id":"https:\/\/dev.domkisauny.pl\/sk\/produkt\/sudova-zahradna-sauna-280-cm-termo-s-balkonom\/#primaryimage"},"thumbnailUrl":"https:\/\/dev.domkisauny.pl\/wp-content\/uploads\/2024\/01\/574482502-sauna-ogrodowa-beczka-2-8m-z-balkonem-wizualizacja-thermo.jpg","datePublished":"2024-01-16T03:11:28+00:00","dateModified":"2025-06-27T15:20:02+00:00","description":"Pri r\u00fdchlom \u017eivotnom tempe je \u0165a\u017ek\u00e9 n\u00e1js\u0165 si \u010das na relax\u00e1ciu. Odpove\u010fou na to je z\u00e1hradn\u00e1 sauna THERMO. S \u0148ou si ju zaist\u00edte ka\u017ed\u00fd de\u0148 a v\u010faka sol\u00eddnym materi\u00e1lom vydr\u017eia roky.","breadcrumb":{"@id":"https:\/\/dev.domkisauny.pl\/sk\/produkt\/sudova-zahradna-sauna-280-cm-termo-s-balkonom\/#breadcrumb"},"inLanguage":"sk-SK","potentialAction":[{"@type":"ReadAction","target":["https:\/\/dev.domkisauny.pl\/sk\/produkt\/sudova-zahradna-sauna-280-cm-termo-s-balkonom\/"]}]},{"@type":"ImageObject","inLanguage":"sk-SK","@id":"https:\/\/dev.domkisauny.pl\/sk\/produkt\/sudova-zahradna-sauna-280-cm-termo-s-balkonom\/#primaryimage","url":"https:\/\/dev.domkisauny.pl\/wp-content\/uploads\/2024\/01\/574482502-sauna-ogrodowa-beczka-2-8m-z-balkonem-wizualizacja-thermo.jpg","contentUrl":"https:\/\/dev.domkisauny.pl\/wp-content\/uploads\/2024\/01\/574482502-sauna-ogrodowa-beczka-2-8m-z-balkonem-wizualizacja-thermo.jpg","width":2300,"height":1294},{"@type":"BreadcrumbList","@id":"https:\/\/dev.domkisauny.pl\/sk\/produkt\/sudova-zahradna-sauna-280-cm-termo-s-balkonom\/#breadcrumb","itemListElement":[{"@type":"ListItem","position":1,"name":"A&amp;M","item":"https:\/\/dev.domkisauny.pl\/sk\/"},{"@type":"ListItem","position":2,"name":"Produkty","item":"https:\/\/dev.domkisauny.pl\/produkty\/"},{"@type":"ListItem","position":3,"name":"Sauny","item":"https:\/\/dev.domkisauny.pl\/sk\/kategoria-produktu\/sauny\/"},{"@type":"ListItem","position":4,"name":"Z\u00e1hradn\u00e9 sauny","item":"https:\/\/dev.domkisauny.pl\/sk\/kategoria-produktu\/sauny\/zahradne-sauny\/"},{"@type":"ListItem","position":5,"name":"Sudov\u00e1 z\u00e1hradn\u00e1 sauna 280 cm TERMO s balk\u00f3nom"}]},{"@type":"WebSite","@id":"https:\/\/dev.domkisauny.pl\/sk\/#website","url":"https:\/\/dev.domkisauny.pl\/sk\/","name":"Dom\u010deky, Sauny","description":"","publisher":{"@id":"https:\/\/dev.domkisauny.pl\/sk\/#organization"},"potentialAction":[{"@type":"SearchAction","target":{"@type":"EntryPoint","urlTemplate":"https:\/\/dev.domkisauny.pl\/sk\/?s={search_term_string}"},"query-input":{"@type":"PropertyValueSpecification","valueRequired":true,"valueName":"search_term_string"}}],"inLanguage":"sk-SK"},{"@type":"Organization","@id":"https:\/\/dev.domkisauny.pl\/sk\/#organization","name":"Dom\u010deky, Sauny","url":"https:\/\/dev.domkisauny.pl\/sk\/","logo":{"@type":"ImageObject","inLanguage":"sk-SK","@id":"https:\/\/dev.domkisauny.pl\/sk\/#\/schema\/logo\/image\/","url":"https:\/\/domkisauny.pl\/wp-content\/uploads\/2022\/09\/logo_03.png","contentUrl":"https:\/\/domkisauny.pl\/wp-content\/uploads\/2022\/09\/logo_03.png","width":95,"height":81,"caption":"Dom\u010deky, Sauny"},"image":{"@id":"https:\/\/dev.domkisauny.pl\/sk\/#\/schema\/logo\/image\/"},"sameAs":["https:\/\/www.facebook.com\/DomkiSauny"]}]}},"_links":{"self":[{"href":"https:\/\/dev.domkisauny.pl\/sk\/wp-json\/wp\/v2\/product\/7664","targetHints":{"allow":["GET"]}}],"collection":[{"href":"https:\/\/dev.domkisauny.pl\/sk\/wp-json\/wp\/v2\/product"}],"about":[{"href":"https:\/\/dev.domkisauny.pl\/sk\/wp-json\/wp\/v2\/types\/product"}],"wp:featuredmedia":[{"embeddable":true,"href":"https:\/\/dev.domkisauny.pl\/sk\/wp-json\/wp\/v2\/media\/8679"}],"wp:attachment":[{"href":"https:\/\/dev.domkisauny.pl\/sk\/wp-json\/wp\/v2\/media?parent=7664"}],"wp:term":[{"taxonomy":"product_brand","embeddable":true,"href":"https:\/\/dev.domkisauny.pl\/sk\/wp-json\/wp\/v2\/product_brand?post=7664"},{"taxonomy":"product_cat","embeddable":true,"href":"https:\/\/dev.domkisauny.pl\/sk\/wp-json\/wp\/v2\/product_cat?post=7664"},{"taxonomy":"product_tag","embeddable":true,"href":"https:\/\/dev.domkisauny.pl\/sk\/wp-json\/wp\/v2\/product_tag?post=7664"}],"curies":[{"name":"wp","href":"https:\/\/api.w.org\/{rel}","templated":true}]}}