{"id":7335,"date":"2024-01-14T12:44:26","date_gmt":"2024-01-14T11:44:26","guid":{"rendered":"https:\/\/domkisauny.pl\/?post_type=product&#038;p=7335"},"modified":"2025-05-29T15:22:48","modified_gmt":"2025-05-29T13:22:48","slug":"premiova-sauna-500-x-220-cm-s-terasou-a-virivkou","status":"publish","type":"product","link":"https:\/\/dev.domkisauny.pl\/sk\/produkt\/premiova-sauna-500-x-220-cm-s-terasou-a-virivkou\/","title":{"rendered":"Pr\u00e9miov\u00e1 sauna 500 x 220 cm s terasou a v\u00edrivkou"},"content":{"rendered":"<h3>\u0160pecifik\u00e1cia:<\/h3>\n<p>&nbsp;<\/p>\n<h4><\/h4>\n<h4>Cena sauny zah\u0155\u0148a:<\/h4>\n<ul>\n<li><strong>Z\u00e1hradn\u00fa v\u00edrivku SIMPLE 160<\/strong><\/li>\n<li><strong>Ambientn\u00e9 osvetlenie LED<\/strong> vo vn\u00fatri<\/li>\n<li><strong>Vonkaj\u0161ie<\/strong> osvetlenie<\/li>\n<li><strong>Dvojposchodov\u00fa<\/strong> lavi\u010dku<\/li>\n<li>Kompletne zmontovan\u00fa a zabezpe\u010den\u00fa piecku pod\u013ea objedn\u00e1vky.<\/li>\n<li><strong>Komplet kame\u0148ov<\/strong> do piecky<\/li>\n<\/ul>\n<h4>Technick\u00e9 \u00fadaje:<\/h4>\n<ul>\n<li><strong>Rozmery:<\/strong> 220 cm x 220 cm.<\/li>\n<li><strong>Hmotnos\u0165:<\/strong> cca 2000 kg + v\u00edrivka 160 kg<\/li>\n<li><strong>Zateplenie<\/strong> tvrdou miner\u00e1lnou vlnou 50 mm (strecha &#8211; m\u00e4kk\u00e1 100 mm)<\/li>\n<li><strong>Obklad strechy a zadnej steny dr\u00e1\u017ekovan\u00fdm plechom<\/strong>, odtie\u0148 antracit<\/li>\n<li><strong>Fas\u00e1da<\/strong> z thermo dreva, lamely 26 mm<\/li>\n<li><strong>Interi\u00e9r<\/strong> s povrchovou \u00fapravou z thermo dreva 19 mm<\/li>\n<li><strong>Sklenen\u00e9 dvere<\/strong>, tvrden\u00e9 t\u00f3novan\u00e9 sklo 8 mm<\/li>\n<li><strong>Panoramatick\u00e9 presklenie<\/strong>, tvrden\u00e9 t\u00f3novan\u00e9 sklo 8 mm<\/li>\n<li><strong>Podlaha<\/strong> &#8211; prie\u010dne ulo\u017een\u00e9 podlahov\u00e9 tr\u00e1my 70&#215;30, OSB doska, izol\u00e1cia, tepeln\u00e1 izol\u00e1cia a podlahov\u00e9 dosky 32 mm<\/li>\n<\/ul>\n<p>&nbsp;<\/p>\n<h4>V\u00edrivka:<\/h4>\n<h5>Vybavenie:<\/h5>\n<ul>\n<li><strong>Elektrick\u00fd ohrieva\u010d<\/strong> 3 kW<\/li>\n<li><strong>Osvetlenie<\/strong> LED<\/li>\n<li><strong>Dreven\u00e9 <\/strong>schod\u00edky<\/li>\n<li><strong>Ochrann\u00fd dreven\u00fd kryt<\/strong><\/li>\n<\/ul>\n<h5><strong>Rozmery:<\/strong><\/h5>\n<ul>\n<li><strong>VONKAJ\u0160\u00cd<\/strong> <strong>priemer<\/strong> \u2013 160 cm<\/li>\n<li><strong>VN\u00daTORN\u00dd<\/strong> <strong>priemer<\/strong> \u2013 150 cm<\/li>\n<li><strong>V\u00fd\u0161ka<\/strong> \u2013 95 cm<\/li>\n<li><strong>Objem<\/strong> \u2013 cca 1000 L<\/li>\n<li><strong>Telo v\u00edrivky <\/strong>\u2013\u00a0Thermo drevo 44 mm<\/li>\n<li><strong>Trysky <\/strong>\u2013 Vodno-vzduchov\u00e9 10 ks<\/li>\n<li><strong>Vlo\u017eka <\/strong>\u2013\u00a0Polypropyl\u00e9n<\/li>\n<\/ul>\n<p>&nbsp;<\/p>\n<h4><strong>Viac o saun\u00e1ch Premium<\/strong>:<\/h4>\n<p>V dne\u0161nej dobe n\u00e1s \u010doraz \u010dastej\u0161ie sprev\u00e1dza r\u00fdchle \u017eivotn\u00e9 tempo a neust\u00e1ly n\u00e1val povinnost\u00ed. <strong>Jedin\u00e9 po \u010dom teda naozaj t\u00fa\u017eime, je relax\u00e1cia. Ako si ju v\u0161ak zaisti\u0165?<\/strong> Ide\u00e1lnou odpove\u010fou je saunov\u00fd set s va\u0148ou. Pre\u010do by ste mali zvoli\u0165 tak\u00e9to spojenie?<\/p>\n<p><strong><img loading=\"lazy\" decoding=\"async\" class=\"aligncenter wp-image-18658 size-full\" src=\"https:\/\/domkysauny.cz\/wp-content\/uploads\/2024\/01\/zestaw-sauna-500-x-220-z-balia.jpg\" alt=\"\" width=\"2000\" height=\"1600\" srcset=\"https:\/\/dev.domkisauny.pl\/wp-content\/uploads\/2024\/01\/zestaw-sauna-500-x-220-z-balia.jpg 2000w, https:\/\/dev.domkisauny.pl\/wp-content\/uploads\/2024\/01\/zestaw-sauna-500-x-220-z-balia-300x240.jpg 300w, https:\/\/dev.domkisauny.pl\/wp-content\/uploads\/2024\/01\/zestaw-sauna-500-x-220-z-balia-1024x819.jpg 1024w, https:\/\/dev.domkisauny.pl\/wp-content\/uploads\/2024\/01\/zestaw-sauna-500-x-220-z-balia-768x614.jpg 768w, https:\/\/dev.domkisauny.pl\/wp-content\/uploads\/2024\/01\/zestaw-sauna-500-x-220-z-balia-1536x1229.jpg 1536w, https:\/\/dev.domkisauny.pl\/wp-content\/uploads\/2024\/01\/zestaw-sauna-500-x-220-z-balia-1000x800.jpg 1000w\" sizes=\"auto, (max-width: 2000px) 100vw, 2000px\" \/><\/strong><\/p>\n<h3><strong>Lie\u010debn\u00fd komfort vo Va\u0161ej z\u00e1hrade<\/strong><\/h3>\n<p>Pri h\u013eadan\u00ed komfortu sa oplat\u00ed zamera\u0165 na zaru\u010den\u00e9 rie\u0161enia, ktor\u00e9 dok\u00e1\u017eu zaru\u010di\u0165 jedine\u010dn\u00e9 z\u00e1\u017eitky. Patr\u00ed medzi ne z\u00e1hradn\u00e1 sauna a va\u0148a. <strong>Pri ich pou\u017e\u00edvan\u00ed m\u00f4\u017eeme zabudn\u00fa\u0165 na to, \u010do n\u00e1s sprev\u00e1dza ka\u017ed\u00fd de\u0148 a prepadn\u00fa\u0165 dan\u00e9mu okamihu.<\/strong> Po\u010das sedenia m\u00f4\u017eeme oslobodi\u0165 svoju myse\u013e od ka\u017edodenn\u00fdch, \u010dasovo n\u00e1ro\u010dn\u00fdch povinnost\u00ed a venova\u0165 sa chv\u00ed\u013eu sami sebe. Okrem toho, \u017ee poskytuje \u00fa\u013eavu na\u0161ej mysli, je tie\u017e vynikaj\u00facim liekom pre n\u00e1\u0161 organizmus. Pou\u017e\u00edvanie sauny a vane toti\u017e prin\u00e1\u0161a lie\u010div\u00e9 \u00fa\u010dinky. V\u010faka tak\u00fdm seden\u00edm si zvy\u0161ujeme imunitu a otu\u017eujeme sa.<\/p>\n<p><strong><img loading=\"lazy\" decoding=\"async\" class=\"aligncenter wp-image-18662 size-full\" src=\"https:\/\/en.domkisauny.pl\/wp-content\/uploads\/2024\/01\/zestaw-sauna-500-x-220-z-balia-wymiary.jpg\" alt=\"\" width=\"2000\" height=\"1600\" srcset=\"https:\/\/dev.domkisauny.pl\/wp-content\/uploads\/2024\/01\/zestaw-sauna-500-x-220-z-balia-wymiary.jpg 2000w, https:\/\/dev.domkisauny.pl\/wp-content\/uploads\/2024\/01\/zestaw-sauna-500-x-220-z-balia-wymiary-300x240.jpg 300w, https:\/\/dev.domkisauny.pl\/wp-content\/uploads\/2024\/01\/zestaw-sauna-500-x-220-z-balia-wymiary-1024x819.jpg 1024w, https:\/\/dev.domkisauny.pl\/wp-content\/uploads\/2024\/01\/zestaw-sauna-500-x-220-z-balia-wymiary-768x614.jpg 768w, https:\/\/dev.domkisauny.pl\/wp-content\/uploads\/2024\/01\/zestaw-sauna-500-x-220-z-balia-wymiary-1536x1229.jpg 1536w, https:\/\/dev.domkisauny.pl\/wp-content\/uploads\/2024\/01\/zestaw-sauna-500-x-220-z-balia-wymiary-1000x800.jpg 1000w\" sizes=\"auto, (max-width: 2000px) 100vw, 2000px\" \/><\/strong><\/p>\n<h3><strong>Sada Sauna s va\u0148ou &#8211; recept na relax\u00e1ciu vonku<\/strong><\/h3>\n<p>Saunov\u00fd dom\u010dek je ide\u00e1lnym doplnkom Va\u0161ej z\u00e1hrady. <strong>Sada obsahuj\u00faca saunu a v\u00edrivku n\u00e1m m\u00f4\u017ee poskytn\u00fa\u0165 nezabudnute\u013en\u00fd z\u00e1\u017eitok a efekt\u00edvnu relax\u00e1ciu na konci d\u0148a. <\/strong>Vyrobil ho t\u00edm nad\u0161encov a profesion\u00e1lov z firmy Domki Sauny s d\u00f4razom na tie najmen\u0161ie detaily. Medzi doskami zo smrekov\u00e9ho dreva sa nach\u00e1dza v\u00fdpl\u0148 z lisovanej vlny o sile 50 mm. Pr\u00e1ve to zabra\u0148uje \u00faniku tepla. Zatia\u013e \u010do vstavan\u00fd LED p\u00e1sik pom\u00e1ha vytvori\u0165 nezabudnute\u013en\u00fa atmosf\u00e9ru vo vn\u00fatri. V\u010faka tomu je nielen praktick\u00e1, ale aj ve\u013emi estetick\u00e1. V\u010faka tomu m\u00f4\u017ee by\u0165 aj zauj\u00edmav\u00fdm doplnkom va\u0161ej z\u00e1hrady.<\/p>\n<p><strong>Kade s hydromas\u00e1\u017eou<\/strong> s\u00fa skvel\u00fdm sp\u00f4sobom, ako relaxova\u0165 a oddychova\u0165 v <strong>pr\u00edjemnej atmosf\u00e9re va\u0161ej z\u00e1hrady<\/strong>. Tento <strong>elegantn\u00fd a funk\u010dn\u00fd<\/strong> dizajn zaru\u010duje nezabudnute\u013en\u00fd z\u00e1\u017eitok v\u010faka kombin\u00e1cii p\u00f4\u017eitku z <strong>hor\u00faceho vodn\u00e9ho k\u00fape\u013ea<\/strong> s <strong>terapeutickou mas\u00e1\u017eou<\/strong>.<\/p>\n<p>Je to skvel\u00fd sp\u00f4sob, ako urobi\u0165 svoju terasu o nie\u010do zauj\u00edmavej\u0161iu. T\u00e1to kombin\u00e1cia vytv\u00e1ra nielen estetick\u00e9, ale aj praktick\u00e9 miesto, kde je relax zaru\u010den\u00fd. Pridanie sauny s va\u0148ou bude tie\u017e skvel\u00fdm prvkom, pokia\u013e prev\u00e1dzkujeme ubytovacie zariadenie. Tak\u00e1to mo\u017enos\u0165 odpo\u010dinku pre n\u00e1v\u0161tevn\u00edkov ur\u010dite zv\u00fd\u0161i jeho atraktivitu.<img loading=\"lazy\" decoding=\"async\" class=\"aligncenter wp-image-17110 size-full\" src=\"https:\/\/domkysauny.sk\/wp-content\/uploads\/2024\/01\/zestaw-sauna-i-jacuzzi-sk.png\" alt=\"\" width=\"2000\" height=\"1600\" srcset=\"https:\/\/dev.domkisauny.pl\/wp-content\/uploads\/2024\/01\/zestaw-sauna-i-jacuzzi-sk.png 2000w, https:\/\/dev.domkisauny.pl\/wp-content\/uploads\/2024\/01\/zestaw-sauna-i-jacuzzi-sk-300x240.png 300w, https:\/\/dev.domkisauny.pl\/wp-content\/uploads\/2024\/01\/zestaw-sauna-i-jacuzzi-sk-1000x800.png 1000w, https:\/\/dev.domkisauny.pl\/wp-content\/uploads\/2024\/01\/zestaw-sauna-i-jacuzzi-sk-1024x819.png 1024w, https:\/\/dev.domkisauny.pl\/wp-content\/uploads\/2024\/01\/zestaw-sauna-i-jacuzzi-sk-768x614.png 768w, https:\/\/dev.domkisauny.pl\/wp-content\/uploads\/2024\/01\/zestaw-sauna-i-jacuzzi-sk-1536x1229.png 1536w\" sizes=\"auto, (max-width: 2000px) 100vw, 2000px\" \/><\/p>\n<p>&nbsp;<\/p>\n","protected":false},"excerpt":{"rendered":"<blockquote><p><strong><b>D\u00d4LE\u017dIT\u00c9!<\/b><\/strong><\/p>\n<p>Fotografie produktov rob\u00edme v najlep\u0161ej kvalite. Av\u0161ak kv\u00f4li sp\u00f4sobu reprodukcie farieb monitorom po\u010d\u00edta\u010da m\u00f4\u017ee farba produktov vidite\u013en\u00e1 na obrazovke mierne sa l\u00ed\u0161i\u0165 od skuto\u010dnosti.<\/p>\n<p>Sauna je dod\u00e1van\u00e1 v celej svojej podobe.<\/p>\n<p>V pr\u00edpade z\u00e1kladnej mo\u017enosti dod\u00e1vky zabezpe\u010duje vykl\u00e1dku na mieste objedn\u00e1vate\u013e.<\/p><\/blockquote>\n","protected":false},"featured_media":18658,"template":"","meta":{"_acf_changed":false},"product_brand":[],"product_cat":[239,157,236,233],"product_tag":[],"class_list":{"0":"post-7335","1":"product","2":"type-product","3":"status-publish","4":"has-post-thumbnail","6":"product_cat-spa-supravy","7":"product_cat-zahradne-sauny","8":"product_cat-sauny-premium-sk","9":"product_cat-zahradne-thermo-sauny","10":"product_shipping_class-wysylka-grupa2-sk","11":"pa_dodatki-sauny-s-predsienou","12":"pa_ksztalt-obdlznikove-sauny","14":"first","15":"instock","16":"shipping-taxable","17":"purchasable","18":"product-type-variable"},"acf":[],"yoast_head":"<!-- This site is optimized with the Yoast SEO plugin v27.4 - https:\/\/yoast.com\/product\/yoast-seo-wordpress\/ -->\n<title>Pr\u00e9miov\u00e1 sauna 500 x 220 cm s terasou a v\u00edrivkou<\/title>\n<meta name=\"description\" content=\"Pri r\u00fdchlom \u017eivotnom tempe je \u010dasto jedinou vecou, o ktorej sn\u00edvame, relax\u00e1cia. Aby bola efekt\u00edvna, stoj\u00ed za to pou\u017ei\u0165 zaru\u010den\u00e9 rie\u0161enia. Patr\u00ed medzi ne z\u00e1hradn\u00fd dom\u010dek so saunou a va\u0148ou.\" \/>\n<meta name=\"robots\" content=\"noindex, follow, max-snippet:-1, max-image-preview:large, max-video-preview:-1\" \/>\n<meta property=\"og:locale\" content=\"sk_SK\" \/>\n<meta property=\"og:type\" content=\"article\" \/>\n<meta property=\"og:title\" content=\"Pr\u00e9miov\u00e1 sauna 500 x 220 cm s terasou a v\u00edrivkou\" \/>\n<meta property=\"og:description\" content=\"Pri r\u00fdchlom \u017eivotnom tempe je \u010dasto jedinou vecou, o ktorej sn\u00edvame, relax\u00e1cia. Aby bola efekt\u00edvna, stoj\u00ed za to pou\u017ei\u0165 zaru\u010den\u00e9 rie\u0161enia. Patr\u00ed medzi ne z\u00e1hradn\u00fd dom\u010dek so saunou a va\u0148ou.\" \/>\n<meta property=\"og:url\" content=\"https:\/\/dev.domkisauny.pl\/sk\/produkt\/premiova-sauna-500-x-220-cm-s-terasou-a-virivkou\/\" \/>\n<meta property=\"og:site_name\" content=\"Dom\u010deky, Sauny\" \/>\n<meta property=\"article:publisher\" content=\"https:\/\/www.facebook.com\/DomkiSauny\" \/>\n<meta property=\"article:modified_time\" content=\"2025-05-29T13:22:48+00:00\" \/>\n<meta property=\"og:image\" content=\"https:\/\/dev.domkisauny.pl\/wp-content\/uploads\/2024\/01\/zestaw-sauna-500-x-220-z-balia.jpg\" \/>\n\t<meta property=\"og:image:width\" content=\"2000\" \/>\n\t<meta property=\"og:image:height\" content=\"1600\" \/>\n\t<meta property=\"og:image:type\" content=\"image\/jpeg\" \/>\n<meta name=\"twitter:card\" content=\"summary_large_image\" \/>\n<meta name=\"twitter:label1\" content=\"Predpokladan\u00fd \u010das \u010d\u00edtania\" \/>\n\t<meta name=\"twitter:data1\" content=\"4 min\u00faty\" \/>\n<script type=\"application\/ld+json\" class=\"yoast-schema-graph\">{\"@context\":\"https:\\\/\\\/schema.org\",\"@graph\":[{\"@type\":\"WebPage\",\"@id\":\"https:\\\/\\\/dev.domkisauny.pl\\\/sk\\\/produkt\\\/premiova-sauna-500-x-220-cm-s-terasou-a-virivkou\\\/\",\"url\":\"https:\\\/\\\/dev.domkisauny.pl\\\/sk\\\/produkt\\\/premiova-sauna-500-x-220-cm-s-terasou-a-virivkou\\\/\",\"name\":\"Pr\u00e9miov\u00e1 sauna 500 x 220 cm s terasou a v\u00edrivkou\",\"isPartOf\":{\"@id\":\"https:\\\/\\\/dev.domkisauny.pl\\\/sk\\\/#website\"},\"primaryImageOfPage\":{\"@id\":\"https:\\\/\\\/dev.domkisauny.pl\\\/sk\\\/produkt\\\/premiova-sauna-500-x-220-cm-s-terasou-a-virivkou\\\/#primaryimage\"},\"image\":{\"@id\":\"https:\\\/\\\/dev.domkisauny.pl\\\/sk\\\/produkt\\\/premiova-sauna-500-x-220-cm-s-terasou-a-virivkou\\\/#primaryimage\"},\"thumbnailUrl\":\"https:\\\/\\\/dev.domkisauny.pl\\\/wp-content\\\/uploads\\\/2024\\\/01\\\/zestaw-sauna-500-x-220-z-balia.jpg\",\"datePublished\":\"2024-01-14T11:44:26+00:00\",\"dateModified\":\"2025-05-29T13:22:48+00:00\",\"description\":\"Pri r\u00fdchlom \u017eivotnom tempe je \u010dasto jedinou vecou, o ktorej sn\u00edvame, relax\u00e1cia. Aby bola efekt\u00edvna, stoj\u00ed za to pou\u017ei\u0165 zaru\u010den\u00e9 rie\u0161enia. Patr\u00ed medzi ne z\u00e1hradn\u00fd dom\u010dek so saunou a va\u0148ou.\",\"breadcrumb\":{\"@id\":\"https:\\\/\\\/dev.domkisauny.pl\\\/sk\\\/produkt\\\/premiova-sauna-500-x-220-cm-s-terasou-a-virivkou\\\/#breadcrumb\"},\"inLanguage\":\"sk-SK\",\"potentialAction\":[{\"@type\":\"ReadAction\",\"target\":[\"https:\\\/\\\/dev.domkisauny.pl\\\/sk\\\/produkt\\\/premiova-sauna-500-x-220-cm-s-terasou-a-virivkou\\\/\"]}]},{\"@type\":\"ImageObject\",\"inLanguage\":\"sk-SK\",\"@id\":\"https:\\\/\\\/dev.domkisauny.pl\\\/sk\\\/produkt\\\/premiova-sauna-500-x-220-cm-s-terasou-a-virivkou\\\/#primaryimage\",\"url\":\"https:\\\/\\\/dev.domkisauny.pl\\\/wp-content\\\/uploads\\\/2024\\\/01\\\/zestaw-sauna-500-x-220-z-balia.jpg\",\"contentUrl\":\"https:\\\/\\\/dev.domkisauny.pl\\\/wp-content\\\/uploads\\\/2024\\\/01\\\/zestaw-sauna-500-x-220-z-balia.jpg\",\"width\":2000,\"height\":1600},{\"@type\":\"BreadcrumbList\",\"@id\":\"https:\\\/\\\/dev.domkisauny.pl\\\/sk\\\/produkt\\\/premiova-sauna-500-x-220-cm-s-terasou-a-virivkou\\\/#breadcrumb\",\"itemListElement\":[{\"@type\":\"ListItem\",\"position\":1,\"name\":\"A&amp;M\",\"item\":\"https:\\\/\\\/dev.domkisauny.pl\\\/sk\\\/\"},{\"@type\":\"ListItem\",\"position\":2,\"name\":\"Produkty\",\"item\":\"https:\\\/\\\/dev.domkisauny.pl\\\/produkty\\\/\"},{\"@type\":\"ListItem\",\"position\":3,\"name\":\"Sauny\",\"item\":\"https:\\\/\\\/dev.domkisauny.pl\\\/sk\\\/kategoria-produktu\\\/sauny\\\/\"},{\"@type\":\"ListItem\",\"position\":4,\"name\":\"Z\u00e1hradn\u00e9 sauny\",\"item\":\"https:\\\/\\\/dev.domkisauny.pl\\\/sk\\\/kategoria-produktu\\\/sauny\\\/zahradne-sauny\\\/\"},{\"@type\":\"ListItem\",\"position\":5,\"name\":\"Pr\u00e9miov\u00e1 sauna 500 x 220 cm s terasou a v\u00edrivkou\"}]},{\"@type\":\"WebSite\",\"@id\":\"https:\\\/\\\/dev.domkisauny.pl\\\/sk\\\/#website\",\"url\":\"https:\\\/\\\/dev.domkisauny.pl\\\/sk\\\/\",\"name\":\"Dom\u010deky, Sauny\",\"description\":\"\",\"publisher\":{\"@id\":\"https:\\\/\\\/dev.domkisauny.pl\\\/sk\\\/#organization\"},\"potentialAction\":[{\"@type\":\"SearchAction\",\"target\":{\"@type\":\"EntryPoint\",\"urlTemplate\":\"https:\\\/\\\/dev.domkisauny.pl\\\/sk\\\/?s={search_term_string}\"},\"query-input\":{\"@type\":\"PropertyValueSpecification\",\"valueRequired\":true,\"valueName\":\"search_term_string\"}}],\"inLanguage\":\"sk-SK\"},{\"@type\":\"Organization\",\"@id\":\"https:\\\/\\\/dev.domkisauny.pl\\\/sk\\\/#organization\",\"name\":\"Dom\u010deky, Sauny\",\"url\":\"https:\\\/\\\/dev.domkisauny.pl\\\/sk\\\/\",\"logo\":{\"@type\":\"ImageObject\",\"inLanguage\":\"sk-SK\",\"@id\":\"https:\\\/\\\/dev.domkisauny.pl\\\/sk\\\/#\\\/schema\\\/logo\\\/image\\\/\",\"url\":\"https:\\\/\\\/domkisauny.pl\\\/wp-content\\\/uploads\\\/2022\\\/09\\\/logo_03.png\",\"contentUrl\":\"https:\\\/\\\/domkisauny.pl\\\/wp-content\\\/uploads\\\/2022\\\/09\\\/logo_03.png\",\"width\":95,\"height\":81,\"caption\":\"Dom\u010deky, Sauny\"},\"image\":{\"@id\":\"https:\\\/\\\/dev.domkisauny.pl\\\/sk\\\/#\\\/schema\\\/logo\\\/image\\\/\"},\"sameAs\":[\"https:\\\/\\\/www.facebook.com\\\/DomkiSauny\"]}]}<\/script>\n<!-- \/ Yoast SEO plugin. -->","yoast_head_json":{"title":"Pr\u00e9miov\u00e1 sauna 500 x 220 cm s terasou a v\u00edrivkou","description":"Pri r\u00fdchlom \u017eivotnom tempe je \u010dasto jedinou vecou, o ktorej sn\u00edvame, relax\u00e1cia. Aby bola efekt\u00edvna, stoj\u00ed za to pou\u017ei\u0165 zaru\u010den\u00e9 rie\u0161enia. Patr\u00ed medzi ne z\u00e1hradn\u00fd dom\u010dek so saunou a va\u0148ou.","robots":{"index":"noindex","follow":"follow","max-snippet":"max-snippet:-1","max-image-preview":"max-image-preview:large","max-video-preview":"max-video-preview:-1"},"og_locale":"sk_SK","og_type":"article","og_title":"Pr\u00e9miov\u00e1 sauna 500 x 220 cm s terasou a v\u00edrivkou","og_description":"Pri r\u00fdchlom \u017eivotnom tempe je \u010dasto jedinou vecou, o ktorej sn\u00edvame, relax\u00e1cia. Aby bola efekt\u00edvna, stoj\u00ed za to pou\u017ei\u0165 zaru\u010den\u00e9 rie\u0161enia. Patr\u00ed medzi ne z\u00e1hradn\u00fd dom\u010dek so saunou a va\u0148ou.","og_url":"https:\/\/dev.domkisauny.pl\/sk\/produkt\/premiova-sauna-500-x-220-cm-s-terasou-a-virivkou\/","og_site_name":"Dom\u010deky, Sauny","article_publisher":"https:\/\/www.facebook.com\/DomkiSauny","article_modified_time":"2025-05-29T13:22:48+00:00","og_image":[{"width":2000,"height":1600,"url":"https:\/\/dev.domkisauny.pl\/wp-content\/uploads\/2024\/01\/zestaw-sauna-500-x-220-z-balia.jpg","type":"image\/jpeg"}],"twitter_card":"summary_large_image","twitter_misc":{"Predpokladan\u00fd \u010das \u010d\u00edtania":"4 min\u00faty"},"schema":{"@context":"https:\/\/schema.org","@graph":[{"@type":"WebPage","@id":"https:\/\/dev.domkisauny.pl\/sk\/produkt\/premiova-sauna-500-x-220-cm-s-terasou-a-virivkou\/","url":"https:\/\/dev.domkisauny.pl\/sk\/produkt\/premiova-sauna-500-x-220-cm-s-terasou-a-virivkou\/","name":"Pr\u00e9miov\u00e1 sauna 500 x 220 cm s terasou a v\u00edrivkou","isPartOf":{"@id":"https:\/\/dev.domkisauny.pl\/sk\/#website"},"primaryImageOfPage":{"@id":"https:\/\/dev.domkisauny.pl\/sk\/produkt\/premiova-sauna-500-x-220-cm-s-terasou-a-virivkou\/#primaryimage"},"image":{"@id":"https:\/\/dev.domkisauny.pl\/sk\/produkt\/premiova-sauna-500-x-220-cm-s-terasou-a-virivkou\/#primaryimage"},"thumbnailUrl":"https:\/\/dev.domkisauny.pl\/wp-content\/uploads\/2024\/01\/zestaw-sauna-500-x-220-z-balia.jpg","datePublished":"2024-01-14T11:44:26+00:00","dateModified":"2025-05-29T13:22:48+00:00","description":"Pri r\u00fdchlom \u017eivotnom tempe je \u010dasto jedinou vecou, o ktorej sn\u00edvame, relax\u00e1cia. Aby bola efekt\u00edvna, stoj\u00ed za to pou\u017ei\u0165 zaru\u010den\u00e9 rie\u0161enia. Patr\u00ed medzi ne z\u00e1hradn\u00fd dom\u010dek so saunou a va\u0148ou.","breadcrumb":{"@id":"https:\/\/dev.domkisauny.pl\/sk\/produkt\/premiova-sauna-500-x-220-cm-s-terasou-a-virivkou\/#breadcrumb"},"inLanguage":"sk-SK","potentialAction":[{"@type":"ReadAction","target":["https:\/\/dev.domkisauny.pl\/sk\/produkt\/premiova-sauna-500-x-220-cm-s-terasou-a-virivkou\/"]}]},{"@type":"ImageObject","inLanguage":"sk-SK","@id":"https:\/\/dev.domkisauny.pl\/sk\/produkt\/premiova-sauna-500-x-220-cm-s-terasou-a-virivkou\/#primaryimage","url":"https:\/\/dev.domkisauny.pl\/wp-content\/uploads\/2024\/01\/zestaw-sauna-500-x-220-z-balia.jpg","contentUrl":"https:\/\/dev.domkisauny.pl\/wp-content\/uploads\/2024\/01\/zestaw-sauna-500-x-220-z-balia.jpg","width":2000,"height":1600},{"@type":"BreadcrumbList","@id":"https:\/\/dev.domkisauny.pl\/sk\/produkt\/premiova-sauna-500-x-220-cm-s-terasou-a-virivkou\/#breadcrumb","itemListElement":[{"@type":"ListItem","position":1,"name":"A&amp;M","item":"https:\/\/dev.domkisauny.pl\/sk\/"},{"@type":"ListItem","position":2,"name":"Produkty","item":"https:\/\/dev.domkisauny.pl\/produkty\/"},{"@type":"ListItem","position":3,"name":"Sauny","item":"https:\/\/dev.domkisauny.pl\/sk\/kategoria-produktu\/sauny\/"},{"@type":"ListItem","position":4,"name":"Z\u00e1hradn\u00e9 sauny","item":"https:\/\/dev.domkisauny.pl\/sk\/kategoria-produktu\/sauny\/zahradne-sauny\/"},{"@type":"ListItem","position":5,"name":"Pr\u00e9miov\u00e1 sauna 500 x 220 cm s terasou a v\u00edrivkou"}]},{"@type":"WebSite","@id":"https:\/\/dev.domkisauny.pl\/sk\/#website","url":"https:\/\/dev.domkisauny.pl\/sk\/","name":"Dom\u010deky, Sauny","description":"","publisher":{"@id":"https:\/\/dev.domkisauny.pl\/sk\/#organization"},"potentialAction":[{"@type":"SearchAction","target":{"@type":"EntryPoint","urlTemplate":"https:\/\/dev.domkisauny.pl\/sk\/?s={search_term_string}"},"query-input":{"@type":"PropertyValueSpecification","valueRequired":true,"valueName":"search_term_string"}}],"inLanguage":"sk-SK"},{"@type":"Organization","@id":"https:\/\/dev.domkisauny.pl\/sk\/#organization","name":"Dom\u010deky, Sauny","url":"https:\/\/dev.domkisauny.pl\/sk\/","logo":{"@type":"ImageObject","inLanguage":"sk-SK","@id":"https:\/\/dev.domkisauny.pl\/sk\/#\/schema\/logo\/image\/","url":"https:\/\/domkisauny.pl\/wp-content\/uploads\/2022\/09\/logo_03.png","contentUrl":"https:\/\/domkisauny.pl\/wp-content\/uploads\/2022\/09\/logo_03.png","width":95,"height":81,"caption":"Dom\u010deky, Sauny"},"image":{"@id":"https:\/\/dev.domkisauny.pl\/sk\/#\/schema\/logo\/image\/"},"sameAs":["https:\/\/www.facebook.com\/DomkiSauny"]}]}},"_links":{"self":[{"href":"https:\/\/dev.domkisauny.pl\/sk\/wp-json\/wp\/v2\/product\/7335","targetHints":{"allow":["GET"]}}],"collection":[{"href":"https:\/\/dev.domkisauny.pl\/sk\/wp-json\/wp\/v2\/product"}],"about":[{"href":"https:\/\/dev.domkisauny.pl\/sk\/wp-json\/wp\/v2\/types\/product"}],"wp:featuredmedia":[{"embeddable":true,"href":"https:\/\/dev.domkisauny.pl\/sk\/wp-json\/wp\/v2\/media\/18658"}],"wp:attachment":[{"href":"https:\/\/dev.domkisauny.pl\/sk\/wp-json\/wp\/v2\/media?parent=7335"}],"wp:term":[{"taxonomy":"product_brand","embeddable":true,"href":"https:\/\/dev.domkisauny.pl\/sk\/wp-json\/wp\/v2\/product_brand?post=7335"},{"taxonomy":"product_cat","embeddable":true,"href":"https:\/\/dev.domkisauny.pl\/sk\/wp-json\/wp\/v2\/product_cat?post=7335"},{"taxonomy":"product_tag","embeddable":true,"href":"https:\/\/dev.domkisauny.pl\/sk\/wp-json\/wp\/v2\/product_tag?post=7335"}],"curies":[{"name":"wp","href":"https:\/\/api.w.org\/{rel}","templated":true}]}}