{"id":5391,"date":"2023-09-28T08:43:11","date_gmt":"2023-09-28T06:43:11","guid":{"rendered":"https:\/\/domkisauny.pl\/produkt\/sauna-thermo-mini\/"},"modified":"2025-05-24T08:39:34","modified_gmt":"2025-05-24T06:39:34","slug":"sauna-premium-mini-165-x-125-cm-elektricky-pec","status":"publish","type":"product","link":"https:\/\/dev.domkisauny.pl\/sk\/produkt\/sauna-premium-mini-165-x-125-cm-elektricky-pec\/","title":{"rendered":"Sauna Premium MINI 165 x 125 cm + elektrick\u00fd pec"},"content":{"rendered":"<h3>Technick\u00e9 \u0161pecifik\u00e1cie:<\/h3>\n<ul>\n<li><strong>Materi\u00e1l:<\/strong> termo borovica<\/li>\n<li><strong>Hr\u00fabka dosky:<\/strong> 44 mm<\/li>\n<li><strong>Impregn\u00e1cia:<\/strong> bezfarebn\u00e1<\/li>\n<li><strong>Rozmery:<\/strong> \u0161\u00edrka 160 cm, d\u013a\u017eka 125 cm<\/li>\n<li><strong>Lavi\u010dka:<\/strong> 1 ks D\u013a\u017eka: 105 cm<\/li>\n<li><strong>Krytina:<\/strong> \u010dierny bit\u00famenov\u00fd \u0161inde\u013e<\/li>\n<li>Dve nerezov\u00e9 obj\u00edmky<\/li>\n<li>Dreven\u00e9 dvere s tvrden\u00fdm sklom<\/li>\n<li><strong>Kachle:<\/strong> <em>SENTIOTEC 136 Black (3,6kW)<\/em><\/li>\n<li><strong>Hmotnos\u0165:<\/strong> 500 kg<\/li>\n<li>LED osvetlenie pod lavicou<\/li>\n<\/ul>\n<p>F\u00ednska sauna v podobe elegantn\u00e9ho suda pre dve osoby je dokonal\u00fdm spojen\u00edm tradi\u010dnej f\u00ednskej sauny s modern\u00fdm \u0161t\u00fdlom a inovat\u00edvnym kon\u0161truk\u010dn\u00fdm rie\u0161en\u00edm. T\u00e1to kompaktn\u00e1 sauna poskytuje int\u00edmny a relaxa\u010dn\u00fd z\u00e1\u017eitok, ide\u00e1lny pre dve osoby.<\/p>\n<p><img loading=\"lazy\" decoding=\"async\" class=\"aligncenter wp-image-19183 size-full\" src=\"https:\/\/en.domkisauny.pl\/wp-content\/uploads\/2023\/09\/sauna-thermo-premium-main.jpg\" alt=\"\" width=\"2000\" height=\"1600\" srcset=\"https:\/\/dev.domkisauny.pl\/wp-content\/uploads\/2023\/09\/sauna-thermo-premium-main.jpg 2000w, https:\/\/dev.domkisauny.pl\/wp-content\/uploads\/2023\/09\/sauna-thermo-premium-main-300x240.jpg 300w, https:\/\/dev.domkisauny.pl\/wp-content\/uploads\/2023\/09\/sauna-thermo-premium-main-1024x819.jpg 1024w, https:\/\/dev.domkisauny.pl\/wp-content\/uploads\/2023\/09\/sauna-thermo-premium-main-768x614.jpg 768w, https:\/\/dev.domkisauny.pl\/wp-content\/uploads\/2023\/09\/sauna-thermo-premium-main-1536x1229.jpg 1536w, https:\/\/dev.domkisauny.pl\/wp-content\/uploads\/2023\/09\/sauna-thermo-premium-main-1000x800.jpg 1000w\" sizes=\"auto, (max-width: 2000px) 100vw, 2000px\" \/><\/p>\n<p>Kon\u0161trukcia sudovej sauny je vyroben\u00e1 z najkvalitnej\u0161ieho termo dreva, ktor\u00e9 zais\u0165uje vynikaj\u00facu tepeln\u00fa izol\u00e1ciu. Thermo drevo je tie\u017e odoln\u00e9 vo\u010di vlhkosti a zmen\u00e1m tepl\u00f4t, \u010do z neho rob\u00ed ide\u00e1lny materi\u00e1l do sauny. Sauna je vybaven\u00e1 \u00fa\u010dinn\u00fdmi saunov\u00fdmi kach\u013eami SENTIOTEC 136 Black\u00a0(3,6kW), ktor\u00e9 generuj\u00fa vysok\u00fa teplotu. Umo\u017e\u0148uje regul\u00e1ciu, \u010do umo\u017en\u00ed upravi\u0165 podmienky vlastn\u00fdm preferenci\u00e1m.<\/p>\n<p>Dvere sauny s\u00fa vyroben\u00e9 z mierne t\u00f3novan\u00e9ho, tvrden\u00e9ho skla, ktor\u00e9 umo\u017e\u0148uje pozorova\u0165 okolie pri zachovan\u00ed s\u00fakromia po\u010das sedenia.<\/p>\n<p>F\u00ednska sauna vo forme suda je nielen dokonal\u00fdm miestom na relax\u00e1ciu a o\u010distu tela, ale aj estetick\u00fdm prvkom z\u00e1hrady \u010di rekrea\u010dn\u00e9ho are\u00e1lu. Jeho elegantn\u00fd dizajn, \u00fa\u010dinn\u00e9 kachle a termo drevo z nej robia vynikaj\u00facu vo\u013ebu pre \u013eud\u00ed, ktor\u00ed si chc\u00fa u\u017ei\u0165 tradi\u010dn\u00e9 saunovanie.<\/p>\n<p><img loading=\"lazy\" decoding=\"async\" class=\"aligncenter wp-image-19187 size-full\" src=\"https:\/\/en.domkisauny.pl\/wp-content\/uploads\/2023\/09\/sauna-thermo-premium-przekroj.jpg\" alt=\"\" width=\"2000\" height=\"1600\" srcset=\"https:\/\/dev.domkisauny.pl\/wp-content\/uploads\/2023\/09\/sauna-thermo-premium-przekroj.jpg 2000w, https:\/\/dev.domkisauny.pl\/wp-content\/uploads\/2023\/09\/sauna-thermo-premium-przekroj-300x240.jpg 300w, https:\/\/dev.domkisauny.pl\/wp-content\/uploads\/2023\/09\/sauna-thermo-premium-przekroj-1024x819.jpg 1024w, https:\/\/dev.domkisauny.pl\/wp-content\/uploads\/2023\/09\/sauna-thermo-premium-przekroj-768x614.jpg 768w, https:\/\/dev.domkisauny.pl\/wp-content\/uploads\/2023\/09\/sauna-thermo-premium-przekroj-1536x1229.jpg 1536w, https:\/\/dev.domkisauny.pl\/wp-content\/uploads\/2023\/09\/sauna-thermo-premium-przekroj-1000x800.jpg 1000w\" sizes=\"auto, (max-width: 2000px) 100vw, 2000px\" \/><\/p>\n<p><img loading=\"lazy\" decoding=\"async\" class=\"aligncenter wp-image-19191 size-full\" src=\"https:\/\/en.domkisauny.pl\/wp-content\/uploads\/2023\/09\/sauna-thermo-premium-rysunek.jpg\" alt=\"\" width=\"2000\" height=\"1600\" srcset=\"https:\/\/dev.domkisauny.pl\/wp-content\/uploads\/2023\/09\/sauna-thermo-premium-rysunek.jpg 2000w, https:\/\/dev.domkisauny.pl\/wp-content\/uploads\/2023\/09\/sauna-thermo-premium-rysunek-300x240.jpg 300w, https:\/\/dev.domkisauny.pl\/wp-content\/uploads\/2023\/09\/sauna-thermo-premium-rysunek-1024x819.jpg 1024w, https:\/\/dev.domkisauny.pl\/wp-content\/uploads\/2023\/09\/sauna-thermo-premium-rysunek-768x614.jpg 768w, https:\/\/dev.domkisauny.pl\/wp-content\/uploads\/2023\/09\/sauna-thermo-premium-rysunek-1536x1229.jpg 1536w, https:\/\/dev.domkisauny.pl\/wp-content\/uploads\/2023\/09\/sauna-thermo-premium-rysunek-1000x800.jpg 1000w\" sizes=\"auto, (max-width: 2000px) 100vw, 2000px\" \/><\/p>\n","protected":false},"excerpt":{"rendered":"<blockquote><p><strong><b>D\u00d4LE\u017dIT\u00c9!<\/b><\/strong><\/p>\n<p>Fotografie produktov rob\u00edme v najlep\u0161ej kvalite. Av\u0161ak kv\u00f4li sp\u00f4sobu reprodukcie farieb monitorom po\u010d\u00edta\u010da m\u00f4\u017ee farba produktov vidite\u013en\u00e1 na obrazovke mierne sa l\u00ed\u0161i\u0165 od skuto\u010dnosti.<\/p>\n<p>Sauna je dod\u00e1van\u00e1 v celej svojej podobe.<\/p>\n<p>V pr\u00edpade z\u00e1kladnej mo\u017enosti dod\u00e1vky zabezpe\u010duje vykl\u00e1dku na mieste objedn\u00e1vate\u013e.<\/p><\/blockquote>\n","protected":false},"featured_media":19183,"template":"","meta":{"_acf_changed":false},"product_brand":[],"product_cat":[157,233],"product_tag":[],"class_list":{"0":"post-5391","1":"product","2":"type-product","3":"status-publish","4":"has-post-thumbnail","6":"product_cat-zahradne-sauny","7":"product_cat-zahradne-thermo-sauny","8":"product_shipping_class-wysylka-grupa0-sk","9":"pa_ksztalt-obdlznikove-sauny","11":"first","12":"instock","13":"shipping-taxable","14":"purchasable","15":"product-type-variable"},"acf":[],"yoast_head":"<!-- This site is optimized with the Yoast SEO plugin v27.4 - https:\/\/yoast.com\/product\/yoast-seo-wordpress\/ -->\n<title>Sauna Premium MINI 165 x 125 cm + elektrick\u00fd pec | Dom\u010deky, Sauny<\/title>\n<meta name=\"robots\" content=\"noindex, follow, max-snippet:-1, max-image-preview:large, max-video-preview:-1\" \/>\n<meta property=\"og:locale\" content=\"sk_SK\" \/>\n<meta property=\"og:type\" content=\"article\" \/>\n<meta property=\"og:title\" content=\"Sauna Premium MINI 165 x 125 cm + elektrick\u00fd pec | Dom\u010deky, Sauny\" \/>\n<meta property=\"og:description\" content=\"D\u00d4LE\u017dIT\u00c9!  Fotografie produktov rob\u00edme v najlep\u0161ej kvalite. Av\u0161ak kv\u00f4li sp\u00f4sobu reprodukcie farieb monitorom po\u010d\u00edta\u010da m\u00f4\u017ee farba produktov vidite\u013en\u00e1 na obrazovke mierne sa l\u00ed\u0161i\u0165 od skuto\u010dnosti.  Sauna je dod\u00e1van\u00e1 v celej svojej podobe.  V pr\u00edpade z\u00e1kladnej mo\u017enosti dod\u00e1vky zabezpe\u010duje vykl\u00e1dku na mieste objedn\u00e1vate\u013e.\" \/>\n<meta property=\"og:url\" content=\"https:\/\/dev.domkisauny.pl\/sk\/produkt\/sauna-premium-mini-165-x-125-cm-elektricky-pec\/\" \/>\n<meta property=\"og:site_name\" content=\"Dom\u010deky, Sauny\" \/>\n<meta property=\"article:publisher\" content=\"https:\/\/www.facebook.com\/DomkiSauny\" \/>\n<meta property=\"article:modified_time\" content=\"2025-05-24T06:39:34+00:00\" \/>\n<meta property=\"og:image\" content=\"https:\/\/dev.domkisauny.pl\/wp-content\/uploads\/2023\/09\/sauna-thermo-premium-main.jpg\" \/>\n\t<meta property=\"og:image:width\" content=\"2000\" \/>\n\t<meta property=\"og:image:height\" content=\"1600\" \/>\n\t<meta property=\"og:image:type\" content=\"image\/jpeg\" \/>\n<meta name=\"twitter:card\" content=\"summary_large_image\" \/>\n<meta name=\"twitter:label1\" content=\"Predpokladan\u00fd \u010das \u010d\u00edtania\" \/>\n\t<meta name=\"twitter:data1\" content=\"2 min\u00faty\" \/>\n<script type=\"application\/ld+json\" class=\"yoast-schema-graph\">{\"@context\":\"https:\\\/\\\/schema.org\",\"@graph\":[{\"@type\":\"WebPage\",\"@id\":\"https:\\\/\\\/dev.domkisauny.pl\\\/sk\\\/produkt\\\/sauna-premium-mini-165-x-125-cm-elektricky-pec\\\/\",\"url\":\"https:\\\/\\\/dev.domkisauny.pl\\\/sk\\\/produkt\\\/sauna-premium-mini-165-x-125-cm-elektricky-pec\\\/\",\"name\":\"Sauna Premium MINI 165 x 125 cm + elektrick\u00fd pec | Dom\u010deky, Sauny\",\"isPartOf\":{\"@id\":\"https:\\\/\\\/dev.domkisauny.pl\\\/sk\\\/#website\"},\"primaryImageOfPage\":{\"@id\":\"https:\\\/\\\/dev.domkisauny.pl\\\/sk\\\/produkt\\\/sauna-premium-mini-165-x-125-cm-elektricky-pec\\\/#primaryimage\"},\"image\":{\"@id\":\"https:\\\/\\\/dev.domkisauny.pl\\\/sk\\\/produkt\\\/sauna-premium-mini-165-x-125-cm-elektricky-pec\\\/#primaryimage\"},\"thumbnailUrl\":\"https:\\\/\\\/dev.domkisauny.pl\\\/wp-content\\\/uploads\\\/2023\\\/09\\\/sauna-thermo-premium-main.jpg\",\"datePublished\":\"2023-09-28T06:43:11+00:00\",\"dateModified\":\"2025-05-24T06:39:34+00:00\",\"breadcrumb\":{\"@id\":\"https:\\\/\\\/dev.domkisauny.pl\\\/sk\\\/produkt\\\/sauna-premium-mini-165-x-125-cm-elektricky-pec\\\/#breadcrumb\"},\"inLanguage\":\"sk-SK\",\"potentialAction\":[{\"@type\":\"ReadAction\",\"target\":[\"https:\\\/\\\/dev.domkisauny.pl\\\/sk\\\/produkt\\\/sauna-premium-mini-165-x-125-cm-elektricky-pec\\\/\"]}]},{\"@type\":\"ImageObject\",\"inLanguage\":\"sk-SK\",\"@id\":\"https:\\\/\\\/dev.domkisauny.pl\\\/sk\\\/produkt\\\/sauna-premium-mini-165-x-125-cm-elektricky-pec\\\/#primaryimage\",\"url\":\"https:\\\/\\\/dev.domkisauny.pl\\\/wp-content\\\/uploads\\\/2023\\\/09\\\/sauna-thermo-premium-main.jpg\",\"contentUrl\":\"https:\\\/\\\/dev.domkisauny.pl\\\/wp-content\\\/uploads\\\/2023\\\/09\\\/sauna-thermo-premium-main.jpg\",\"width\":2000,\"height\":1600},{\"@type\":\"BreadcrumbList\",\"@id\":\"https:\\\/\\\/dev.domkisauny.pl\\\/sk\\\/produkt\\\/sauna-premium-mini-165-x-125-cm-elektricky-pec\\\/#breadcrumb\",\"itemListElement\":[{\"@type\":\"ListItem\",\"position\":1,\"name\":\"A&amp;M\",\"item\":\"https:\\\/\\\/dev.domkisauny.pl\\\/sk\\\/\"},{\"@type\":\"ListItem\",\"position\":2,\"name\":\"Produkty\",\"item\":\"https:\\\/\\\/dev.domkisauny.pl\\\/produkty\\\/\"},{\"@type\":\"ListItem\",\"position\":3,\"name\":\"Sauny\",\"item\":\"https:\\\/\\\/dev.domkisauny.pl\\\/sk\\\/kategoria-produktu\\\/sauny\\\/\"},{\"@type\":\"ListItem\",\"position\":4,\"name\":\"Z\u00e1hradn\u00e9 THERMO sauny\",\"item\":\"https:\\\/\\\/dev.domkisauny.pl\\\/sk\\\/kategoria-produktu\\\/sauny\\\/zahradne-thermo-sauny\\\/\"},{\"@type\":\"ListItem\",\"position\":5,\"name\":\"Sauna Premium MINI 165 x 125 cm + elektrick\u00fd pec\"}]},{\"@type\":\"WebSite\",\"@id\":\"https:\\\/\\\/dev.domkisauny.pl\\\/sk\\\/#website\",\"url\":\"https:\\\/\\\/dev.domkisauny.pl\\\/sk\\\/\",\"name\":\"Dom\u010deky, Sauny\",\"description\":\"\",\"publisher\":{\"@id\":\"https:\\\/\\\/dev.domkisauny.pl\\\/sk\\\/#organization\"},\"potentialAction\":[{\"@type\":\"SearchAction\",\"target\":{\"@type\":\"EntryPoint\",\"urlTemplate\":\"https:\\\/\\\/dev.domkisauny.pl\\\/sk\\\/?s={search_term_string}\"},\"query-input\":{\"@type\":\"PropertyValueSpecification\",\"valueRequired\":true,\"valueName\":\"search_term_string\"}}],\"inLanguage\":\"sk-SK\"},{\"@type\":\"Organization\",\"@id\":\"https:\\\/\\\/dev.domkisauny.pl\\\/sk\\\/#organization\",\"name\":\"Dom\u010deky, Sauny\",\"url\":\"https:\\\/\\\/dev.domkisauny.pl\\\/sk\\\/\",\"logo\":{\"@type\":\"ImageObject\",\"inLanguage\":\"sk-SK\",\"@id\":\"https:\\\/\\\/dev.domkisauny.pl\\\/sk\\\/#\\\/schema\\\/logo\\\/image\\\/\",\"url\":\"https:\\\/\\\/domkisauny.pl\\\/wp-content\\\/uploads\\\/2022\\\/09\\\/logo_03.png\",\"contentUrl\":\"https:\\\/\\\/domkisauny.pl\\\/wp-content\\\/uploads\\\/2022\\\/09\\\/logo_03.png\",\"width\":95,\"height\":81,\"caption\":\"Dom\u010deky, Sauny\"},\"image\":{\"@id\":\"https:\\\/\\\/dev.domkisauny.pl\\\/sk\\\/#\\\/schema\\\/logo\\\/image\\\/\"},\"sameAs\":[\"https:\\\/\\\/www.facebook.com\\\/DomkiSauny\"]}]}<\/script>\n<!-- \/ Yoast SEO plugin. -->","yoast_head_json":{"title":"Sauna Premium MINI 165 x 125 cm + elektrick\u00fd pec | Dom\u010deky, Sauny","robots":{"index":"noindex","follow":"follow","max-snippet":"max-snippet:-1","max-image-preview":"max-image-preview:large","max-video-preview":"max-video-preview:-1"},"og_locale":"sk_SK","og_type":"article","og_title":"Sauna Premium MINI 165 x 125 cm + elektrick\u00fd pec | Dom\u010deky, Sauny","og_description":"D\u00d4LE\u017dIT\u00c9!  Fotografie produktov rob\u00edme v najlep\u0161ej kvalite. Av\u0161ak kv\u00f4li sp\u00f4sobu reprodukcie farieb monitorom po\u010d\u00edta\u010da m\u00f4\u017ee farba produktov vidite\u013en\u00e1 na obrazovke mierne sa l\u00ed\u0161i\u0165 od skuto\u010dnosti.  Sauna je dod\u00e1van\u00e1 v celej svojej podobe.  V pr\u00edpade z\u00e1kladnej mo\u017enosti dod\u00e1vky zabezpe\u010duje vykl\u00e1dku na mieste objedn\u00e1vate\u013e.","og_url":"https:\/\/dev.domkisauny.pl\/sk\/produkt\/sauna-premium-mini-165-x-125-cm-elektricky-pec\/","og_site_name":"Dom\u010deky, Sauny","article_publisher":"https:\/\/www.facebook.com\/DomkiSauny","article_modified_time":"2025-05-24T06:39:34+00:00","og_image":[{"width":2000,"height":1600,"url":"https:\/\/dev.domkisauny.pl\/wp-content\/uploads\/2023\/09\/sauna-thermo-premium-main.jpg","type":"image\/jpeg"}],"twitter_card":"summary_large_image","twitter_misc":{"Predpokladan\u00fd \u010das \u010d\u00edtania":"2 min\u00faty"},"schema":{"@context":"https:\/\/schema.org","@graph":[{"@type":"WebPage","@id":"https:\/\/dev.domkisauny.pl\/sk\/produkt\/sauna-premium-mini-165-x-125-cm-elektricky-pec\/","url":"https:\/\/dev.domkisauny.pl\/sk\/produkt\/sauna-premium-mini-165-x-125-cm-elektricky-pec\/","name":"Sauna Premium MINI 165 x 125 cm + elektrick\u00fd pec | Dom\u010deky, Sauny","isPartOf":{"@id":"https:\/\/dev.domkisauny.pl\/sk\/#website"},"primaryImageOfPage":{"@id":"https:\/\/dev.domkisauny.pl\/sk\/produkt\/sauna-premium-mini-165-x-125-cm-elektricky-pec\/#primaryimage"},"image":{"@id":"https:\/\/dev.domkisauny.pl\/sk\/produkt\/sauna-premium-mini-165-x-125-cm-elektricky-pec\/#primaryimage"},"thumbnailUrl":"https:\/\/dev.domkisauny.pl\/wp-content\/uploads\/2023\/09\/sauna-thermo-premium-main.jpg","datePublished":"2023-09-28T06:43:11+00:00","dateModified":"2025-05-24T06:39:34+00:00","breadcrumb":{"@id":"https:\/\/dev.domkisauny.pl\/sk\/produkt\/sauna-premium-mini-165-x-125-cm-elektricky-pec\/#breadcrumb"},"inLanguage":"sk-SK","potentialAction":[{"@type":"ReadAction","target":["https:\/\/dev.domkisauny.pl\/sk\/produkt\/sauna-premium-mini-165-x-125-cm-elektricky-pec\/"]}]},{"@type":"ImageObject","inLanguage":"sk-SK","@id":"https:\/\/dev.domkisauny.pl\/sk\/produkt\/sauna-premium-mini-165-x-125-cm-elektricky-pec\/#primaryimage","url":"https:\/\/dev.domkisauny.pl\/wp-content\/uploads\/2023\/09\/sauna-thermo-premium-main.jpg","contentUrl":"https:\/\/dev.domkisauny.pl\/wp-content\/uploads\/2023\/09\/sauna-thermo-premium-main.jpg","width":2000,"height":1600},{"@type":"BreadcrumbList","@id":"https:\/\/dev.domkisauny.pl\/sk\/produkt\/sauna-premium-mini-165-x-125-cm-elektricky-pec\/#breadcrumb","itemListElement":[{"@type":"ListItem","position":1,"name":"A&amp;M","item":"https:\/\/dev.domkisauny.pl\/sk\/"},{"@type":"ListItem","position":2,"name":"Produkty","item":"https:\/\/dev.domkisauny.pl\/produkty\/"},{"@type":"ListItem","position":3,"name":"Sauny","item":"https:\/\/dev.domkisauny.pl\/sk\/kategoria-produktu\/sauny\/"},{"@type":"ListItem","position":4,"name":"Z\u00e1hradn\u00e9 THERMO sauny","item":"https:\/\/dev.domkisauny.pl\/sk\/kategoria-produktu\/sauny\/zahradne-thermo-sauny\/"},{"@type":"ListItem","position":5,"name":"Sauna Premium MINI 165 x 125 cm + elektrick\u00fd pec"}]},{"@type":"WebSite","@id":"https:\/\/dev.domkisauny.pl\/sk\/#website","url":"https:\/\/dev.domkisauny.pl\/sk\/","name":"Dom\u010deky, Sauny","description":"","publisher":{"@id":"https:\/\/dev.domkisauny.pl\/sk\/#organization"},"potentialAction":[{"@type":"SearchAction","target":{"@type":"EntryPoint","urlTemplate":"https:\/\/dev.domkisauny.pl\/sk\/?s={search_term_string}"},"query-input":{"@type":"PropertyValueSpecification","valueRequired":true,"valueName":"search_term_string"}}],"inLanguage":"sk-SK"},{"@type":"Organization","@id":"https:\/\/dev.domkisauny.pl\/sk\/#organization","name":"Dom\u010deky, Sauny","url":"https:\/\/dev.domkisauny.pl\/sk\/","logo":{"@type":"ImageObject","inLanguage":"sk-SK","@id":"https:\/\/dev.domkisauny.pl\/sk\/#\/schema\/logo\/image\/","url":"https:\/\/domkisauny.pl\/wp-content\/uploads\/2022\/09\/logo_03.png","contentUrl":"https:\/\/domkisauny.pl\/wp-content\/uploads\/2022\/09\/logo_03.png","width":95,"height":81,"caption":"Dom\u010deky, Sauny"},"image":{"@id":"https:\/\/dev.domkisauny.pl\/sk\/#\/schema\/logo\/image\/"},"sameAs":["https:\/\/www.facebook.com\/DomkiSauny"]}]}},"_links":{"self":[{"href":"https:\/\/dev.domkisauny.pl\/sk\/wp-json\/wp\/v2\/product\/5391","targetHints":{"allow":["GET"]}}],"collection":[{"href":"https:\/\/dev.domkisauny.pl\/sk\/wp-json\/wp\/v2\/product"}],"about":[{"href":"https:\/\/dev.domkisauny.pl\/sk\/wp-json\/wp\/v2\/types\/product"}],"wp:featuredmedia":[{"embeddable":true,"href":"https:\/\/dev.domkisauny.pl\/sk\/wp-json\/wp\/v2\/media\/19183"}],"wp:attachment":[{"href":"https:\/\/dev.domkisauny.pl\/sk\/wp-json\/wp\/v2\/media?parent=5391"}],"wp:term":[{"taxonomy":"product_brand","embeddable":true,"href":"https:\/\/dev.domkisauny.pl\/sk\/wp-json\/wp\/v2\/product_brand?post=5391"},{"taxonomy":"product_cat","embeddable":true,"href":"https:\/\/dev.domkisauny.pl\/sk\/wp-json\/wp\/v2\/product_cat?post=5391"},{"taxonomy":"product_tag","embeddable":true,"href":"https:\/\/dev.domkisauny.pl\/sk\/wp-json\/wp\/v2\/product_tag?post=5391"}],"curies":[{"name":"wp","href":"https:\/\/api.w.org\/{rel}","templated":true}]}}