{"id":3915,"date":"2023-05-19T22:41:24","date_gmt":"2023-05-19T20:41:24","guid":{"rendered":"https:\/\/domkisauny.pl\/?post_type=product&#038;p=3915"},"modified":"2025-05-22T12:18:13","modified_gmt":"2025-05-22T10:18:13","slug":"dreveny-bazen-580-x-240-cm-s-polypropylenovym-vlozkom","status":"publish","type":"product","link":"https:\/\/dev.domkisauny.pl\/sk\/produkt\/dreveny-bazen-580-x-240-cm-s-polypropylenovym-vlozkom\/","title":{"rendered":"Dreven\u00fd baz\u00e9n 580 x 240 cm s polypropyl\u00e9nov\u00fdm vlo\u017ekom"},"content":{"rendered":"<h3>\u0160pecifik\u00e1cia baz\u00e9na<\/h3>\n<h4>Z\u00e1kladn\u00e9 vybavenie:<\/h4>\n<ul>\n<li><strong>Vlo\u017eka z 6mm<\/strong> polypropyl\u00e9novej dosky<\/li>\n<li>Dreven\u00e9 <strong>schody<\/strong><\/li>\n<li>Nerezov\u00fd<strong> rebr\u00edk<\/strong><\/li>\n<li><strong>Pieskov\u00fd filter<\/strong> s \u010derpadlom<\/li>\n<li><strong>N\u00e1pl\u0148<\/strong> do pieskov\u00e9ho filtra<\/li>\n<li>Zvisl\u00e9 v\u00fdstu\u017en\u00e9 st\u013apy<\/li>\n<li>Kovov\u00fd prie\u010dny profil<\/li>\n<\/ul>\n<h4>Technick\u00e9 \u00fadaje:<\/h4>\n<ul>\n<li>Vonkaj\u0161ia \u0161\u00edrka:<strong> 240 cm<\/strong><\/li>\n<li>Vn\u00fatorn\u00e1 \u0161\u00edrka: <strong>190 cm<\/strong><\/li>\n<li>Vonkaj\u0161ia d\u013a\u017eka:<strong> 580 cm<\/strong><\/li>\n<li>Vn\u00fatorn\u00e1 d\u013a\u017eka: <strong>462 cm<\/strong><\/li>\n<li>Vonkaj\u0161ia v\u00fd\u0161ka: <strong>112 cm<\/strong><\/li>\n<li>H\u013abka baz\u00e9na: <strong>100 cm<\/strong><\/li>\n<li>Objem: cca <strong>8740L<\/strong><\/li>\n<li>Oblo\u017eenie: <strong>44mm<\/strong> smrekov\u00e9 dosky<\/li>\n<li>Hmotnos\u0165: cca <strong>1100kg<\/strong><\/li>\n<\/ul>\n<p>K <strong>d\u013a\u017eke baz\u00e9na<\/strong> je potrebn\u00e9 pripo\u010d\u00edta\u0165 aj<strong> integrovan\u00fa skrinku na vybavenie<\/strong> s d\u013a\u017ekou<strong> 70 cm!<\/strong><\/p>\n<p><strong><b>Slu\u017eba doru\u010denia nezah\u0155\u0148a vylo\u017eenie a zostavenie produktu u z\u00e1kazn\u00edka.<\/b><\/strong><\/p>\n<p><img loading=\"lazy\" decoding=\"async\" class=\"aligncenter wp-image-20881 size-full\" src=\"https:\/\/domkysauny.sk\/wp-content\/uploads\/2023\/05\/basen-580-main.webp\" alt=\"\" width=\"2000\" height=\"1600\" srcset=\"https:\/\/dev.domkisauny.pl\/wp-content\/uploads\/2023\/05\/basen-580-main.webp 2000w, https:\/\/dev.domkisauny.pl\/wp-content\/uploads\/2023\/05\/basen-580-main-300x240.webp 300w, https:\/\/dev.domkisauny.pl\/wp-content\/uploads\/2023\/05\/basen-580-main-1024x819.webp 1024w, https:\/\/dev.domkisauny.pl\/wp-content\/uploads\/2023\/05\/basen-580-main-768x614.webp 768w, https:\/\/dev.domkisauny.pl\/wp-content\/uploads\/2023\/05\/basen-580-main-1536x1229.webp 1536w, https:\/\/dev.domkisauny.pl\/wp-content\/uploads\/2023\/05\/basen-580-main-1000x800.webp 1000w\" sizes=\"auto, (max-width: 2000px) 100vw, 2000px\" \/><\/p>\n<p>Priestrann\u00fd baz\u00e9n s rozmermi 580 x 240 cm a objemom 10 000 litrov je dobr\u00fdm n\u00e1padom na skr\u00e1\u0161lenie z\u00e1hrady, terasy a jedine\u010dnou atrakciou pre host\u00ed ubytovac\u00edch zariaden\u00ed.<\/p>\n<p>Luxusn\u00fd baz\u00e9n od spolo\u010dnosti A&amp;M je v\u00fdrobok navrhnut\u00fd v \u0161kandin\u00e1vskom \u0161t\u00fdle, ru\u010dne vyroben\u00fd z mas\u00edvneho smrekov\u00e9ho dreva. Vn\u00fatro baz\u00e9na obsahuje robustn\u00fa a estetick\u00fa vlo\u017eku z polypropyl\u00e9nov\u00fdch vl\u00e1kien. \u0160krupina sa sklad\u00e1 z dosiek s hr\u00fabkou 44 mm. Drevo pou\u017eit\u00e9 na v\u00fdrobu bolo komorovo su\u0161en\u00e9. Baz\u00e9nov\u00e1 sada obsahuje schod\u00edky, rebr\u00edk a \u00fa\u010dinn\u00fa pieskov\u00fa filtr\u00e1ciu.<\/p>\n<p>Dreven\u00fa \u0161krupinu by ste mali sami naimpregnova\u0165 \u0161peci\u00e1lnym lakom. Mo\u017enos\u0165 in\u0161tal\u00e1cie ohrieva\u010da, tepeln\u00e9ho \u010derpadla alebo vonkaj\u0161ej pece na drevo. Volite\u013en\u00e9: LED osvetlenie, kryt, Thermo Wood, skimmer, protipr\u00fad a solin\u00e1tor. Dod\u00e1vka zah\u0155\u0148a u\u017e zmontovan\u00fd v\u00fdrobok &#8211; do v\u00e1\u0161ho domu, pozemku alebo firmy.<\/p>\n<p><img loading=\"lazy\" decoding=\"async\" class=\"aligncenter wp-image-20876 size-full\" src=\"https:\/\/domkysauny.sk\/wp-content\/uploads\/2023\/05\/basen-580-second-vis.webp\" alt=\"\" width=\"2000\" height=\"1600\" srcset=\"https:\/\/dev.domkisauny.pl\/wp-content\/uploads\/2023\/05\/basen-580-second-vis.webp 2000w, https:\/\/dev.domkisauny.pl\/wp-content\/uploads\/2023\/05\/basen-580-second-vis-300x240.webp 300w, https:\/\/dev.domkisauny.pl\/wp-content\/uploads\/2023\/05\/basen-580-second-vis-1024x819.webp 1024w, https:\/\/dev.domkisauny.pl\/wp-content\/uploads\/2023\/05\/basen-580-second-vis-768x614.webp 768w, https:\/\/dev.domkisauny.pl\/wp-content\/uploads\/2023\/05\/basen-580-second-vis-1536x1229.webp 1536w, https:\/\/dev.domkisauny.pl\/wp-content\/uploads\/2023\/05\/basen-580-second-vis-1000x800.webp 1000w\" sizes=\"auto, (max-width: 2000px) 100vw, 2000px\" \/><\/p>\n<h2>Dreven\u00fd baz\u00e9n 580 x 240 cm s vlo\u017ekou<\/h2>\n<h3><strong><b><img loading=\"lazy\" decoding=\"async\" class=\"alignright size-full wp-image-3907\" src=\"https:\/\/domkysauny.sk\/wp-content\/uploads\/2022\/10\/wlokno.png\" alt=\"\" width=\"300\" height=\"300\" srcset=\"https:\/\/dev.domkisauny.pl\/wp-content\/uploads\/2022\/10\/wlokno.png 300w, https:\/\/dev.domkisauny.pl\/wp-content\/uploads\/2022\/10\/wlokno-150x150.png 150w\" sizes=\"auto, (max-width: 300px) 100vw, 300px\" \/><\/b><\/strong><\/h3>\n<h3><strong><b>Luxus a relax v z\u00e1hradnom priestore<\/b><\/strong><\/h3>\n<p>Odpo\u010dinok v z\u00e1hrade m\u00f4\u017ee by\u0165 jedine\u010dn\u00fdm z\u00e1\u017eitkom. Sta\u010d\u00ed, ak v nej postav\u00edte dreven\u00fd z\u00e1hradn\u00fd baz\u00e9n vybaven\u00fd elegantnou vlo\u017ekou z odoln\u00e9ho polypropyl\u00e9nov\u00e9ho vl\u00e1kna. \u0160kandin\u00e1vsky minimalizmus a dostatok priestoru poskytne ve\u013ea d\u00f4vodov na rados\u0165 pri relaxa\u010dnom k\u00fapeli a umo\u017en\u00ed oddych od ka\u017edodenn\u00fdch povinnost\u00ed. Pr\u00edtomnos\u0165 baz\u00e9na v z\u00e1hrade domu znamen\u00e1 spolo\u010dn\u00e9 chv\u00edle s rodinou a komorn\u00e9 miesto na stretnutia s priate\u013emi. Produkt ocenia aj majitelia ubytovac\u00edch zariaden\u00ed, preto\u017ee zv\u00fd\u0161i \u0161tandard a obohat\u00ed ich ponuku.<\/p>\n<h2>Vysok\u00e1 kvalita dreva<\/h2>\n<p>Na kon\u0161trukciu baz\u00e9na boli pou\u017eit\u00e9 44 mm hrub\u00e9 dosky z mas\u00edvneho smrekov\u00e9ho dreva. Baz\u00e9n je trvanliv\u00fd a odoln\u00fd vo\u010di vlhkosti, ako aj nepriazniv\u00fdm poveternostn\u00fdm podmienkam alebo deform\u00e1cii, a to v\u0161etko v\u010faka jedine\u010dnej technol\u00f3gii su\u0161enia dreva v komore. Rozmery produktu s\u00fa 580 x 240 cm, \u010do predstavuje a\u017e 10 000 litrov objemu na chv\u00edle oddychu pre nieko\u013eko os\u00f4b. Vo vn\u00fatri kon\u0161trukcie sa nach\u00e1dza estetick\u00e1 vlo\u017eka na b\u00e1ze polypropyl\u00e9nov\u00fdch vl\u00e1kien, v\u010faka ktorej je baz\u00e9n vzduchotesn\u00fd a odoln\u00fd.<\/p>\n<p>Vybavenie zah\u0155\u0148a: kovov\u00fd rebr\u00edk, dreven\u00e9 schod\u00edky, pieskov\u00fa filtr\u00e1ciu s kapacitou 6 m\u00b3\/h. Za pr\u00edplatok m\u00f4\u017eete svoju baz\u00e9nov\u00fa sadu roz\u0161\u00edri\u0165 o: dreven\u00fd kryt, ohrev vody (ohrieva\u010d, tepeln\u00e9 \u010derpadlo, vonkaj\u0161ia pec), LED osvetlenie, impregn\u00e1ciu vo farb\u00e1ch Remmers alebo \u010fal\u0161ie pr\u00edslu\u0161enstvo, ako je v\u00fdkonn\u00fd skimmer, protipr\u00fad alebo solin\u00e1tor. Pr\u00edpadne posilni\u0165 kon\u0161trukciu v\u00fdberom Thermo Wood. Dod\u00e1vka zah\u0155\u0148a prepravu zmontovan\u00e9ho baz\u00e9na na ur\u010den\u00e9 miesto, t. j. do v\u00e1\u0161ho domu, pozemku alebo firmy.<\/p>\n<p><img loading=\"lazy\" decoding=\"async\" class=\"aligncenter size-full wp-image-20863\" src=\"https:\/\/domkysauny.sk\/wp-content\/uploads\/2023\/05\/basen-580-rzut.webp\" alt=\"\" width=\"2000\" height=\"1600\" srcset=\"https:\/\/dev.domkisauny.pl\/wp-content\/uploads\/2023\/05\/basen-580-rzut.webp 2000w, https:\/\/dev.domkisauny.pl\/wp-content\/uploads\/2023\/05\/basen-580-rzut-300x240.webp 300w, https:\/\/dev.domkisauny.pl\/wp-content\/uploads\/2023\/05\/basen-580-rzut-1024x819.webp 1024w, https:\/\/dev.domkisauny.pl\/wp-content\/uploads\/2023\/05\/basen-580-rzut-768x614.webp 768w, https:\/\/dev.domkisauny.pl\/wp-content\/uploads\/2023\/05\/basen-580-rzut-1536x1229.webp 1536w, https:\/\/dev.domkisauny.pl\/wp-content\/uploads\/2023\/05\/basen-580-rzut-1000x800.webp 1000w\" sizes=\"auto, (max-width: 2000px) 100vw, 2000px\" \/><\/p>\n<p><img loading=\"lazy\" decoding=\"async\" class=\"aligncenter size-full wp-image-20867\" src=\"https:\/\/domkysauny.sk\/wp-content\/uploads\/2023\/05\/basen-580-rzut-2.webp\" alt=\"\" width=\"2000\" height=\"1600\" srcset=\"https:\/\/dev.domkisauny.pl\/wp-content\/uploads\/2023\/05\/basen-580-rzut-2.webp 2000w, https:\/\/dev.domkisauny.pl\/wp-content\/uploads\/2023\/05\/basen-580-rzut-2-300x240.webp 300w, https:\/\/dev.domkisauny.pl\/wp-content\/uploads\/2023\/05\/basen-580-rzut-2-1024x819.webp 1024w, https:\/\/dev.domkisauny.pl\/wp-content\/uploads\/2023\/05\/basen-580-rzut-2-768x614.webp 768w, https:\/\/dev.domkisauny.pl\/wp-content\/uploads\/2023\/05\/basen-580-rzut-2-1536x1229.webp 1536w, https:\/\/dev.domkisauny.pl\/wp-content\/uploads\/2023\/05\/basen-580-rzut-2-1000x800.webp 1000w\" sizes=\"auto, (max-width: 2000px) 100vw, 2000px\" \/><\/p>\n<h3><strong><b>Pote\u0161enie pre telo a du\u0161u<\/b><\/strong><\/h3>\n<p>U\u017e cel\u00e9 st\u00e1ro\u010dia je zn\u00e1me, \u017ee pre telo nie je ni\u010d lep\u0161ie ako regenera\u010dn\u00fd k\u00fape\u013e. V s\u00fa\u010dasnosti tak\u00fato mo\u017enos\u0165 poskytuje z\u00e1hradn\u00fd baz\u00e9n, ktor\u00fd v\u00e1m poskytne nielen chv\u00edle bla\u017een\u00e9ho relaxu, ale udr\u017e\u00ed v\u00e1s aj v dobrej zdravotnej a psychickej kond\u00edcii. Pr\u00edrodn\u00e9 materi\u00e1ly a minimalistick\u00fd dizajn s\u00fa hodnotou samy osebe, tak\u017ee ka\u017ed\u00fd pobyt v baz\u00e9ne bude n\u00e1dhern\u00fdm z\u00e1\u017eitkom, najm\u00e4 v obklopen\u00ed z\u00e1hradnej zelene. V\u00fdhradn\u00fd baz\u00e9n je luxus, v\u010faka ktor\u00e9mu sa budete c\u00edti\u0165 v\u00fdnimo\u010dne bez oh\u013eadu na to, kto ste alebo kde b\u00fdvate. V\u00fdhody baz\u00e9na ocenia aj majitelia ubytovac\u00edch zariaden\u00ed, ktor\u00fdch cie\u013eom je pril\u00e1ka\u0165 viac host\u00ed.*<\/p>\n<p><img loading=\"lazy\" decoding=\"async\" class=\"aligncenter size-full wp-image-20871\" src=\"https:\/\/domkysauny.sk\/wp-content\/uploads\/2023\/05\/basen-580-rys.webp\" alt=\"\" width=\"2000\" height=\"1600\" srcset=\"https:\/\/dev.domkisauny.pl\/wp-content\/uploads\/2023\/05\/basen-580-rys.webp 2000w, https:\/\/dev.domkisauny.pl\/wp-content\/uploads\/2023\/05\/basen-580-rys-300x240.webp 300w, https:\/\/dev.domkisauny.pl\/wp-content\/uploads\/2023\/05\/basen-580-rys-1024x819.webp 1024w, https:\/\/dev.domkisauny.pl\/wp-content\/uploads\/2023\/05\/basen-580-rys-768x614.webp 768w, https:\/\/dev.domkisauny.pl\/wp-content\/uploads\/2023\/05\/basen-580-rys-1536x1229.webp 1536w, https:\/\/dev.domkisauny.pl\/wp-content\/uploads\/2023\/05\/basen-580-rys-1000x800.webp 1000w\" sizes=\"auto, (max-width: 2000px) 100vw, 2000px\" \/><\/p>\n<h3><strong><b>Thermo Wood &#8211; modern\u00e1 technol\u00f3gia<\/b><\/strong><\/h3>\n<p>Ponuka A&amp;M zah\u0155\u0148a okrem in\u00e9ho v\u00fdrobky z pr\u00edrodn\u00e9ho dreva Thermo Wood, ktor\u00e9 je vynikaj\u00facou ochranou proti deform\u00e1ci\u00e1m, vlhkosti a teplotn\u00fdm v\u00fdkyvom. Tento typ dreva sa vyr\u00e1ba tvrden\u00edm, ktor\u00e9 zvy\u0161uje jeho odolnos\u0165 a trvanlivos\u0165. Preto je vhodn\u00fdm materi\u00e1lom na stavbu baz\u00e9nov, k\u00fapac\u00edch sudov, s\u00e1un alebo v\u00edriviek.<\/p>\n<p>V\u010faka implement\u00e1cii inovat\u00edvnej met\u00f3dy tepelnej modifik\u00e1cie pr\u00edrodn\u00e9ho dreva vznik\u00e1 Thermo Wood. Po vytvrdnut\u00ed v \u0161peci\u00e1lnych komor\u00e1ch s pou\u017eit\u00edm pary a vysok\u00fdch tepl\u00f4t 190-215 \u00b0C sa oby\u010dajn\u00e9 smrekov\u00e9 drevo sfarb\u00ed do tmavohneda a z\u00edska vlastnosti typick\u00e9 pre exotick\u00e9 drevo. \u0160pecifick\u00e9 podmienky v procese tvrdenia umo\u017e\u0148uj\u00fa \u00fapln\u00e9 odstr\u00e1nenie vlhkosti a \u017eivice, zatia\u013e \u010do zvy\u0161ky cukrov kry\u0161talizuj\u00fa. V\u00fdsledkom tohto procesu je drevo Thermo Wood, ktor\u00e9 neabsorbuje vodu a z\u00e1rove\u0148 vytv\u00e1ra bari\u00e9ru proti rastu h\u00fab alebo plesn\u00ed. Okrem toho sa zvy\u0161uje tepeln\u00e1 izol\u00e1cia a odolnos\u0165 vo\u010di pr\u00edpadn\u00fdm deform\u00e1ci\u00e1m sp\u00f4soben\u00fdm teplotou a vlhkos\u0165ou. Okrem toho drevo nepodlieha hnilobe ani rozkladu.<\/p>\n<p>S\u00fahrnne povedan\u00e9, Thermo Wood je jedine\u010dn\u00fd materi\u00e1l, ktor\u00fd sa ide\u00e1lne hod\u00ed do podmienok k\u00fapac\u00edch sudov alebo s\u00e1un, kde je d\u00f4le\u017eit\u00e1 ochrana pred mikroorganizmami, teplotou a vlhkos\u0165ou. Produkty z Thermo Wood sa vyzna\u010duj\u00fa vysokou kvalitou a v\u00fdnimo\u010dn\u00fdmi vlastnos\u0165ami, ktor\u00e9 ocenia pou\u017e\u00edvatelia, ktor\u00ed chc\u00fa komfort a bezprobl\u00e9mov\u00e9 dlhodob\u00e9 pou\u017e\u00edvanie.<b><\/b><\/p>\n<p>&nbsp;<\/p>\n<p><iframe loading=\"lazy\" title=\"Drewniany basen ogrodowy w Twoim ogrodzie!\" width=\"500\" height=\"281\" src=\"https:\/\/www.youtube.com\/embed\/zlAo1wdXvMM?feature=oembed&#038;enablejsapi=1&#038;origin=https:\/\/domkisauny.pl\" frameborder=\"0\" allow=\"accelerometer; autoplay; clipboard-write; encrypted-media; gyroscope; picture-in-picture; web-share\" referrerpolicy=\"strict-origin-when-cross-origin\" allowfullscreen><\/iframe><\/p>\n<div id=\"gtx-trans\" style=\"position: absolute; left: 619px; top: 1250.2px;\">\n<div class=\"gtx-trans-icon\"><\/div>\n<\/div>\n","protected":false},"excerpt":{"rendered":"<blockquote>\n<p style=\"text-align: center;\">V\u0161etok pr\u00edslu\u0161enstvo sa nach\u00e1dza v skrinke<br \/>\nprisp\u00f4sobenej celej kon\u0161trukcii baz\u00e9na [html_block id=\"10020\"]<\/p>\n<p>Fotografie produktov rob\u00edme v najlep\u0161ej kvalite. Av\u0161ak kv\u00f4li sp\u00f4sobu reprodukcie farieb monitorom po\u010d\u00edta\u010da m\u00f4\u017ee farba produktov vidite\u013en\u00e1 na obrazovke mierne sa l\u00ed\u0161i\u0165 od skuto\u010dnosti.<\/p><\/blockquote>\n","protected":false},"featured_media":20884,"template":"","meta":{"_acf_changed":false},"product_brand":[],"product_cat":[153],"product_tag":[530],"class_list":{"0":"post-3915","1":"product","2":"type-product","3":"status-publish","4":"has-post-thumbnail","6":"product_cat-bazeny","7":"product_tag-standardny-bazen","8":"product_shipping_class-wysylka-grupa2-sk","10":"first","11":"instock","12":"shipping-taxable","13":"purchasable","14":"product-type-variable"},"acf":[],"yoast_head":"<!-- This site is optimized with the Yoast SEO plugin v27.4 - https:\/\/yoast.com\/product\/yoast-seo-wordpress\/ -->\n<title>Baz\u00e9n 580 x 240 cm s vlo\u017ekou | A&amp;M Przecisz\u00f3w<\/title>\n<meta name=\"description\" content=\"Baz\u00e9n 580 x 240 cm s vlo\u017ekou od spolo\u010dnosti A&amp;M Przecisz\u00f3w. Baz\u00e9n 10000 l z po\u013esk\u00e9ho, mas\u00edvneho smrekov\u00e9ho dreva. Schod\u00edky, rebr\u00edk, filter, ohrieva\u010d, kryt. Doru\u010denie.\" \/>\n<meta name=\"robots\" content=\"noindex, follow, max-snippet:-1, max-image-preview:large, max-video-preview:-1\" \/>\n<meta property=\"og:locale\" content=\"sk_SK\" \/>\n<meta property=\"og:type\" content=\"article\" \/>\n<meta property=\"og:title\" content=\"Baz\u00e9n 580 x 240 cm s vlo\u017ekou | A&amp;M Przecisz\u00f3w\" \/>\n<meta property=\"og:description\" content=\"Baz\u00e9n 580 x 240 cm s vlo\u017ekou od spolo\u010dnosti A&amp;M Przecisz\u00f3w. Baz\u00e9n 10000 l z po\u013esk\u00e9ho, mas\u00edvneho smrekov\u00e9ho dreva. Schod\u00edky, rebr\u00edk, filter, ohrieva\u010d, kryt. Doru\u010denie.\" \/>\n<meta property=\"og:url\" content=\"https:\/\/dev.domkisauny.pl\/sk\/produkt\/dreveny-bazen-580-x-240-cm-s-polypropylenovym-vlozkom\/\" \/>\n<meta property=\"og:site_name\" content=\"Dom\u010deky, Sauny\" \/>\n<meta property=\"article:publisher\" content=\"https:\/\/www.facebook.com\/DomkiSauny\" \/>\n<meta property=\"article:modified_time\" content=\"2025-05-22T10:18:13+00:00\" \/>\n<meta property=\"og:image\" content=\"https:\/\/dev.domkisauny.pl\/wp-content\/uploads\/2023\/05\/basen-580-main.webp\" \/>\n\t<meta property=\"og:image:width\" content=\"2000\" \/>\n\t<meta property=\"og:image:height\" content=\"1600\" \/>\n\t<meta property=\"og:image:type\" content=\"image\/webp\" \/>\n<meta name=\"twitter:card\" content=\"summary_large_image\" \/>\n<meta name=\"twitter:label1\" content=\"Predpokladan\u00fd \u010das \u010d\u00edtania\" \/>\n\t<meta name=\"twitter:data1\" content=\"6 min\u00fat\" \/>\n<script type=\"application\/ld+json\" class=\"yoast-schema-graph\">{\"@context\":\"https:\\\/\\\/schema.org\",\"@graph\":[{\"@type\":\"WebPage\",\"@id\":\"https:\\\/\\\/dev.domkisauny.pl\\\/sk\\\/produkt\\\/dreveny-bazen-580-x-240-cm-s-polypropylenovym-vlozkom\\\/\",\"url\":\"https:\\\/\\\/dev.domkisauny.pl\\\/sk\\\/produkt\\\/dreveny-bazen-580-x-240-cm-s-polypropylenovym-vlozkom\\\/\",\"name\":\"Baz\u00e9n 580 x 240 cm s vlo\u017ekou | A&M Przecisz\u00f3w\",\"isPartOf\":{\"@id\":\"https:\\\/\\\/dev.domkisauny.pl\\\/sk\\\/#website\"},\"primaryImageOfPage\":{\"@id\":\"https:\\\/\\\/dev.domkisauny.pl\\\/sk\\\/produkt\\\/dreveny-bazen-580-x-240-cm-s-polypropylenovym-vlozkom\\\/#primaryimage\"},\"image\":{\"@id\":\"https:\\\/\\\/dev.domkisauny.pl\\\/sk\\\/produkt\\\/dreveny-bazen-580-x-240-cm-s-polypropylenovym-vlozkom\\\/#primaryimage\"},\"thumbnailUrl\":\"https:\\\/\\\/dev.domkisauny.pl\\\/wp-content\\\/uploads\\\/2023\\\/05\\\/basen-580-main.webp\",\"datePublished\":\"2023-05-19T20:41:24+00:00\",\"dateModified\":\"2025-05-22T10:18:13+00:00\",\"description\":\"Baz\u00e9n 580 x 240 cm s vlo\u017ekou od spolo\u010dnosti A&M Przecisz\u00f3w. Baz\u00e9n 10000 l z po\u013esk\u00e9ho, mas\u00edvneho smrekov\u00e9ho dreva. Schod\u00edky, rebr\u00edk, filter, ohrieva\u010d, kryt. Doru\u010denie.\",\"breadcrumb\":{\"@id\":\"https:\\\/\\\/dev.domkisauny.pl\\\/sk\\\/produkt\\\/dreveny-bazen-580-x-240-cm-s-polypropylenovym-vlozkom\\\/#breadcrumb\"},\"inLanguage\":\"sk-SK\",\"potentialAction\":[{\"@type\":\"ReadAction\",\"target\":[\"https:\\\/\\\/dev.domkisauny.pl\\\/sk\\\/produkt\\\/dreveny-bazen-580-x-240-cm-s-polypropylenovym-vlozkom\\\/\"]}]},{\"@type\":\"ImageObject\",\"inLanguage\":\"sk-SK\",\"@id\":\"https:\\\/\\\/dev.domkisauny.pl\\\/sk\\\/produkt\\\/dreveny-bazen-580-x-240-cm-s-polypropylenovym-vlozkom\\\/#primaryimage\",\"url\":\"https:\\\/\\\/dev.domkisauny.pl\\\/wp-content\\\/uploads\\\/2023\\\/05\\\/basen-580-main.webp\",\"contentUrl\":\"https:\\\/\\\/dev.domkisauny.pl\\\/wp-content\\\/uploads\\\/2023\\\/05\\\/basen-580-main.webp\",\"width\":2000,\"height\":1600},{\"@type\":\"BreadcrumbList\",\"@id\":\"https:\\\/\\\/dev.domkisauny.pl\\\/sk\\\/produkt\\\/dreveny-bazen-580-x-240-cm-s-polypropylenovym-vlozkom\\\/#breadcrumb\",\"itemListElement\":[{\"@type\":\"ListItem\",\"position\":1,\"name\":\"A&amp;M\",\"item\":\"https:\\\/\\\/dev.domkisauny.pl\\\/sk\\\/\"},{\"@type\":\"ListItem\",\"position\":2,\"name\":\"Produkty\",\"item\":\"https:\\\/\\\/dev.domkisauny.pl\\\/produkty\\\/\"},{\"@type\":\"ListItem\",\"position\":3,\"name\":\"Baz\u00e9ny\",\"item\":\"https:\\\/\\\/dev.domkisauny.pl\\\/sk\\\/kategoria-produktu\\\/bazeny\\\/\"},{\"@type\":\"ListItem\",\"position\":4,\"name\":\"Dreven\u00fd baz\u00e9n 580 x 240 cm s polypropyl\u00e9nov\u00fdm vlo\u017ekom\"}]},{\"@type\":\"WebSite\",\"@id\":\"https:\\\/\\\/dev.domkisauny.pl\\\/sk\\\/#website\",\"url\":\"https:\\\/\\\/dev.domkisauny.pl\\\/sk\\\/\",\"name\":\"Dom\u010deky, Sauny\",\"description\":\"\",\"publisher\":{\"@id\":\"https:\\\/\\\/dev.domkisauny.pl\\\/sk\\\/#organization\"},\"potentialAction\":[{\"@type\":\"SearchAction\",\"target\":{\"@type\":\"EntryPoint\",\"urlTemplate\":\"https:\\\/\\\/dev.domkisauny.pl\\\/sk\\\/?s={search_term_string}\"},\"query-input\":{\"@type\":\"PropertyValueSpecification\",\"valueRequired\":true,\"valueName\":\"search_term_string\"}}],\"inLanguage\":\"sk-SK\"},{\"@type\":\"Organization\",\"@id\":\"https:\\\/\\\/dev.domkisauny.pl\\\/sk\\\/#organization\",\"name\":\"Dom\u010deky, Sauny\",\"url\":\"https:\\\/\\\/dev.domkisauny.pl\\\/sk\\\/\",\"logo\":{\"@type\":\"ImageObject\",\"inLanguage\":\"sk-SK\",\"@id\":\"https:\\\/\\\/dev.domkisauny.pl\\\/sk\\\/#\\\/schema\\\/logo\\\/image\\\/\",\"url\":\"https:\\\/\\\/domkisauny.pl\\\/wp-content\\\/uploads\\\/2022\\\/09\\\/logo_03.png\",\"contentUrl\":\"https:\\\/\\\/domkisauny.pl\\\/wp-content\\\/uploads\\\/2022\\\/09\\\/logo_03.png\",\"width\":95,\"height\":81,\"caption\":\"Dom\u010deky, Sauny\"},\"image\":{\"@id\":\"https:\\\/\\\/dev.domkisauny.pl\\\/sk\\\/#\\\/schema\\\/logo\\\/image\\\/\"},\"sameAs\":[\"https:\\\/\\\/www.facebook.com\\\/DomkiSauny\"]}]}<\/script>\n<!-- \/ Yoast SEO plugin. -->","yoast_head_json":{"title":"Baz\u00e9n 580 x 240 cm s vlo\u017ekou | A&M Przecisz\u00f3w","description":"Baz\u00e9n 580 x 240 cm s vlo\u017ekou od spolo\u010dnosti A&M Przecisz\u00f3w. Baz\u00e9n 10000 l z po\u013esk\u00e9ho, mas\u00edvneho smrekov\u00e9ho dreva. Schod\u00edky, rebr\u00edk, filter, ohrieva\u010d, kryt. Doru\u010denie.","robots":{"index":"noindex","follow":"follow","max-snippet":"max-snippet:-1","max-image-preview":"max-image-preview:large","max-video-preview":"max-video-preview:-1"},"og_locale":"sk_SK","og_type":"article","og_title":"Baz\u00e9n 580 x 240 cm s vlo\u017ekou | A&M Przecisz\u00f3w","og_description":"Baz\u00e9n 580 x 240 cm s vlo\u017ekou od spolo\u010dnosti A&M Przecisz\u00f3w. Baz\u00e9n 10000 l z po\u013esk\u00e9ho, mas\u00edvneho smrekov\u00e9ho dreva. Schod\u00edky, rebr\u00edk, filter, ohrieva\u010d, kryt. Doru\u010denie.","og_url":"https:\/\/dev.domkisauny.pl\/sk\/produkt\/dreveny-bazen-580-x-240-cm-s-polypropylenovym-vlozkom\/","og_site_name":"Dom\u010deky, Sauny","article_publisher":"https:\/\/www.facebook.com\/DomkiSauny","article_modified_time":"2025-05-22T10:18:13+00:00","og_image":[{"width":2000,"height":1600,"url":"https:\/\/dev.domkisauny.pl\/wp-content\/uploads\/2023\/05\/basen-580-main.webp","type":"image\/webp"}],"twitter_card":"summary_large_image","twitter_misc":{"Predpokladan\u00fd \u010das \u010d\u00edtania":"6 min\u00fat"},"schema":{"@context":"https:\/\/schema.org","@graph":[{"@type":"WebPage","@id":"https:\/\/dev.domkisauny.pl\/sk\/produkt\/dreveny-bazen-580-x-240-cm-s-polypropylenovym-vlozkom\/","url":"https:\/\/dev.domkisauny.pl\/sk\/produkt\/dreveny-bazen-580-x-240-cm-s-polypropylenovym-vlozkom\/","name":"Baz\u00e9n 580 x 240 cm s vlo\u017ekou | A&M Przecisz\u00f3w","isPartOf":{"@id":"https:\/\/dev.domkisauny.pl\/sk\/#website"},"primaryImageOfPage":{"@id":"https:\/\/dev.domkisauny.pl\/sk\/produkt\/dreveny-bazen-580-x-240-cm-s-polypropylenovym-vlozkom\/#primaryimage"},"image":{"@id":"https:\/\/dev.domkisauny.pl\/sk\/produkt\/dreveny-bazen-580-x-240-cm-s-polypropylenovym-vlozkom\/#primaryimage"},"thumbnailUrl":"https:\/\/dev.domkisauny.pl\/wp-content\/uploads\/2023\/05\/basen-580-main.webp","datePublished":"2023-05-19T20:41:24+00:00","dateModified":"2025-05-22T10:18:13+00:00","description":"Baz\u00e9n 580 x 240 cm s vlo\u017ekou od spolo\u010dnosti A&M Przecisz\u00f3w. Baz\u00e9n 10000 l z po\u013esk\u00e9ho, mas\u00edvneho smrekov\u00e9ho dreva. Schod\u00edky, rebr\u00edk, filter, ohrieva\u010d, kryt. Doru\u010denie.","breadcrumb":{"@id":"https:\/\/dev.domkisauny.pl\/sk\/produkt\/dreveny-bazen-580-x-240-cm-s-polypropylenovym-vlozkom\/#breadcrumb"},"inLanguage":"sk-SK","potentialAction":[{"@type":"ReadAction","target":["https:\/\/dev.domkisauny.pl\/sk\/produkt\/dreveny-bazen-580-x-240-cm-s-polypropylenovym-vlozkom\/"]}]},{"@type":"ImageObject","inLanguage":"sk-SK","@id":"https:\/\/dev.domkisauny.pl\/sk\/produkt\/dreveny-bazen-580-x-240-cm-s-polypropylenovym-vlozkom\/#primaryimage","url":"https:\/\/dev.domkisauny.pl\/wp-content\/uploads\/2023\/05\/basen-580-main.webp","contentUrl":"https:\/\/dev.domkisauny.pl\/wp-content\/uploads\/2023\/05\/basen-580-main.webp","width":2000,"height":1600},{"@type":"BreadcrumbList","@id":"https:\/\/dev.domkisauny.pl\/sk\/produkt\/dreveny-bazen-580-x-240-cm-s-polypropylenovym-vlozkom\/#breadcrumb","itemListElement":[{"@type":"ListItem","position":1,"name":"A&amp;M","item":"https:\/\/dev.domkisauny.pl\/sk\/"},{"@type":"ListItem","position":2,"name":"Produkty","item":"https:\/\/dev.domkisauny.pl\/produkty\/"},{"@type":"ListItem","position":3,"name":"Baz\u00e9ny","item":"https:\/\/dev.domkisauny.pl\/sk\/kategoria-produktu\/bazeny\/"},{"@type":"ListItem","position":4,"name":"Dreven\u00fd baz\u00e9n 580 x 240 cm s polypropyl\u00e9nov\u00fdm vlo\u017ekom"}]},{"@type":"WebSite","@id":"https:\/\/dev.domkisauny.pl\/sk\/#website","url":"https:\/\/dev.domkisauny.pl\/sk\/","name":"Dom\u010deky, Sauny","description":"","publisher":{"@id":"https:\/\/dev.domkisauny.pl\/sk\/#organization"},"potentialAction":[{"@type":"SearchAction","target":{"@type":"EntryPoint","urlTemplate":"https:\/\/dev.domkisauny.pl\/sk\/?s={search_term_string}"},"query-input":{"@type":"PropertyValueSpecification","valueRequired":true,"valueName":"search_term_string"}}],"inLanguage":"sk-SK"},{"@type":"Organization","@id":"https:\/\/dev.domkisauny.pl\/sk\/#organization","name":"Dom\u010deky, Sauny","url":"https:\/\/dev.domkisauny.pl\/sk\/","logo":{"@type":"ImageObject","inLanguage":"sk-SK","@id":"https:\/\/dev.domkisauny.pl\/sk\/#\/schema\/logo\/image\/","url":"https:\/\/domkisauny.pl\/wp-content\/uploads\/2022\/09\/logo_03.png","contentUrl":"https:\/\/domkisauny.pl\/wp-content\/uploads\/2022\/09\/logo_03.png","width":95,"height":81,"caption":"Dom\u010deky, Sauny"},"image":{"@id":"https:\/\/dev.domkisauny.pl\/sk\/#\/schema\/logo\/image\/"},"sameAs":["https:\/\/www.facebook.com\/DomkiSauny"]}]}},"_links":{"self":[{"href":"https:\/\/dev.domkisauny.pl\/sk\/wp-json\/wp\/v2\/product\/3915","targetHints":{"allow":["GET"]}}],"collection":[{"href":"https:\/\/dev.domkisauny.pl\/sk\/wp-json\/wp\/v2\/product"}],"about":[{"href":"https:\/\/dev.domkisauny.pl\/sk\/wp-json\/wp\/v2\/types\/product"}],"wp:featuredmedia":[{"embeddable":true,"href":"https:\/\/dev.domkisauny.pl\/sk\/wp-json\/wp\/v2\/media\/20884"}],"wp:attachment":[{"href":"https:\/\/dev.domkisauny.pl\/sk\/wp-json\/wp\/v2\/media?parent=3915"}],"wp:term":[{"taxonomy":"product_brand","embeddable":true,"href":"https:\/\/dev.domkisauny.pl\/sk\/wp-json\/wp\/v2\/product_brand?post=3915"},{"taxonomy":"product_cat","embeddable":true,"href":"https:\/\/dev.domkisauny.pl\/sk\/wp-json\/wp\/v2\/product_cat?post=3915"},{"taxonomy":"product_tag","embeddable":true,"href":"https:\/\/dev.domkisauny.pl\/sk\/wp-json\/wp\/v2\/product_tag?post=3915"}],"curies":[{"name":"wp","href":"https:\/\/api.w.org\/{rel}","templated":true}]}}