{"id":2494,"date":"2022-10-05T09:29:25","date_gmt":"2022-10-05T07:29:25","guid":{"rendered":"https:\/\/domkisauny.pl\/produkt\/sauna-35m-z-przedsionkiem\/"},"modified":"2025-05-21T15:26:57","modified_gmt":"2025-05-21T13:26:57","slug":"zahradna-sauna-sude-350-cm-s-balkonom-a-predsienou","status":"publish","type":"product","link":"https:\/\/dev.domkisauny.pl\/sk\/produkt\/zahradna-sauna-sude-350-cm-s-balkonom-a-predsienou\/","title":{"rendered":"Z\u00e1hradn\u00e1 sauna sude 350 cm s balk\u00f3nom a predsie\u0148ou"},"content":{"rendered":"<h3><strong><b>\u0160pecifik\u00e1cia:<\/b><\/strong><\/h3>\n<ul>\n<li><b><\/b><strong><b>vonkaj\u0161ie rozmery: <\/b><\/strong>d\u013a\u017eka 350 cm, v\u00fd\u0161ka 2 m<\/li>\n<li>predsie\u0148 vpredu<\/li>\n<li><b><\/b><strong><b>hr\u00fabka steny:<\/b><\/strong>45 mm<\/li>\n<li><b><\/b><strong><b>drevo: <\/b><\/strong>smrek<\/li>\n<li>siv\u00e1 asfaltov\u00e1 \u0161ind\u013eov\u00e1 strecha<\/li>\n<li>tri skru\u017ee na spevnenie sauny<\/li>\n<li>dreven\u00e9 dvere s tvrden\u00fdm sklom<\/li>\n<li>dva dreven\u00e9 podstavce na umiestnenie na zem<\/li>\n<li><strong><b>dreven\u00e9: <\/b><\/strong>podlaha a lavice<\/li>\n<\/ul>\n<p><strong><b>Pr\u00edrodn\u00e1 dreven\u00e1 kon\u0161trukcia <\/b><\/strong>pre saunovanie vo vysokej teplote. Bude origin\u00e1lnou ozdobou va\u0161ej z\u00e1hrady alebo terasy. Dobre posl\u00fa\u017ei aj ako <strong><b>atrakcia pre rekrea\u010dn\u00e9 chaty<\/b><\/strong>.<\/p>\n<p><strong><b>Z\u00e1hradn\u00e1 sauna od spolo\u010dnosti A&amp;M je <\/b><\/strong>ve\u013ek\u00e1 stavba dlh\u00e1 <strong><b>350 cm <\/b><\/strong>a vysok\u00e1 <strong><b>200 cm <\/b><\/strong>s praktickou <strong><b>predsie\u0148ou s <\/b><\/strong>lavi\u010dkami. Sauna je vyroben\u00e1 z <strong><b>pr\u00edrodn\u00e9ho po\u013esk\u00e9ho smrekov\u00e9ho dreva<\/b><\/strong>. Kon\u0161trukcia pozost\u00e1va zo <strong><b>45 mm <\/b><\/strong>hrub\u00fdch <strong><b>dosiek<\/b><\/strong>. Kon\u0161trukcia je vystu\u017een\u00e1 <strong><b>4 kovov\u00fdmi skru\u017eami <\/b><\/strong>a umiestnen\u00e1 na <strong><b>3 dreven\u00fdch podstavcoch<\/b><\/strong>. Interi\u00e9r vybaven\u00fd <strong><b>lavicami <\/b><\/strong>a <strong><b>podlahou<\/b><\/strong>. Dreven\u00e9 dvere s\u00a0presklen\u00edm z <strong><b>tvrden\u00e9ho skla<\/b><\/strong>. Strecha pokryt\u00e1 \u0161ed\u00fdm <strong><b>asfaltov\u00fdm \u0161ind\u013eom.<\/b><\/strong><\/p>\n<p><strong><b>Preprava <\/b><\/strong>zmontovan\u00e9ho v\u00fdrobku do domu\/z\u00e1hrady\/firmy. Mo\u017enos\u0165 objedna\u0165 <strong><b>impregn\u00e1ciu <\/b><\/strong>lakom, in\u0161tal\u00e1ciu <strong><b>pece <\/b><\/strong>alebo <strong><b>presklenie <\/b><\/strong>zadnej steny.<\/p>\n<p><img loading=\"lazy\" decoding=\"async\" class=\"aligncenter wp-image-8109 size-full\" src=\"https:\/\/domkysauny.sk\/wp-content\/uploads\/2022\/10\/sauna-ogrodowa-beczka-35m-z-balkonem-i-przedsionkiem-wizualizacja.jpg\" alt=\"Sauna ogrodowa beczka 3,5m z balkonem i przedsionkiem\" width=\"2000\" height=\"1125\" srcset=\"https:\/\/dev.domkisauny.pl\/wp-content\/uploads\/2022\/10\/sauna-ogrodowa-beczka-35m-z-balkonem-i-przedsionkiem-wizualizacja.jpg 2000w, https:\/\/dev.domkisauny.pl\/wp-content\/uploads\/2022\/10\/sauna-ogrodowa-beczka-35m-z-balkonem-i-przedsionkiem-wizualizacja-300x169.jpg 300w, https:\/\/dev.domkisauny.pl\/wp-content\/uploads\/2022\/10\/sauna-ogrodowa-beczka-35m-z-balkonem-i-przedsionkiem-wizualizacja-768x432.jpg 768w, https:\/\/dev.domkisauny.pl\/wp-content\/uploads\/2022\/10\/sauna-ogrodowa-beczka-35m-z-balkonem-i-przedsionkiem-wizualizacja-1024x576.jpg 1024w, https:\/\/dev.domkisauny.pl\/wp-content\/uploads\/2022\/10\/sauna-ogrodowa-beczka-35m-z-balkonem-i-przedsionkiem-wizualizacja-1536x864.jpg 1536w, https:\/\/dev.domkisauny.pl\/wp-content\/uploads\/2022\/10\/sauna-ogrodowa-beczka-35m-z-balkonem-i-przedsionkiem-wizualizacja-1000x563.jpg 1000w\" sizes=\"auto, (max-width: 2000px) 100vw, 2000px\" \/><\/p>\n<h3><strong><b>Zregenerujte sa a\u00a0spevnite sa<\/b><\/strong><\/h3>\n<p>Vy\u010derp\u00e1vaj\u00faca a stresuj\u00faca pr\u00e1ca je v dne\u0161nej dobe normou. Po t\u00fd\u017edni plnom negat\u00edvnych em\u00f3ci\u00ed sa oplat\u00ed resetova\u0165 cel\u00e9 telo. Dobr\u00fdm n\u00e1padom by bolo zriadi\u0165 si na z\u00e1hrade saunu od A&amp;M, ktor\u00e1 v\u00e1m umo\u017en\u00ed zregenerova\u0165 a posilni\u0165 sa. Kr\u00e1tky pobyt vo vysokej teplote prospeje fungovaniu v\u00e1\u0161ho tela, zbav\u00ed v\u00e1s starost\u00ed a zn\u00ed\u017ei stres. Je to aj odpo\u010dinok pre du\u0161u a jedine\u010dn\u00e1 relax\u00e1cia, z ktorej budete ma\u0165 \u00fa\u017eitok vy, va\u0161a rodina a dokonca aj priatelia a zn\u00e1mi. Ak ste majite\u013eom chaty, m\u00f4\u017eete svojim hos\u0165om pon\u00faknu\u0165 jedine\u010dn\u00fa atrakciu v podobe sauny.<\/p>\n<h3><strong><b>Pr\u00edrodn\u00e9 materi\u00e1ly<\/b><\/strong><\/h3>\n<p>Saunu vytvorili nad\u0161enci a vyrobili ju z vybran\u00fdch 45 mm hrub\u00fdch dosiek zo smrekov\u00e9ho dreva, ktor\u00e9 sa \u0165a\u017e\u00ed v\u00fdlu\u010dne z p\u00f4vodn\u00fdch po\u013esk\u00fdch lesov. Ide o pr\u00edrodn\u00fd materi\u00e1l, ktor\u00fd neobsahuje \u0161kodliv\u00e9 l\u00e1tky. Stavba je ve\u013ek\u00e1, preto\u017ee je 350 cm dlh\u00e1 a 200 cm vysok\u00e1 a m\u00e1 funk\u010dn\u00fa predsie\u0148 s lavi\u010dkami. To umo\u017e\u0148uje pohodln\u00e9 saunovanie viacer\u00fdch os\u00f4b. Do interi\u00e9ru ved\u00fa dreven\u00e9 dvere s presklen\u00edm z tvrden\u00e9ho skla. Vo vn\u00fatri s\u00fa pohodln\u00e9 lavice a \u0161peci\u00e1lna podlaha, v\u0161etko z dreva. Cel\u00fa stavbu zasa pokr\u00fdva dreven\u00e1 strecha pokryt\u00e1 siv\u00fdmi asfaltov\u00fdmi \u0161ind\u013eami. Kon\u0161trukcia stoj\u00ed na 3 dreven\u00fdch podstavcoch a je upevnen\u00e1 4 kovov\u00fdmi skru\u017eami. V\u010faka nim mo\u017eno saunu umiestni\u0165 na ak\u00fdko\u013evek povrch &#8211; m\u00e4kk\u00fd alebo tvrd\u00fd.<\/p>\n<p><img loading=\"lazy\" decoding=\"async\" class=\"aligncenter size-full wp-image-7643\" src=\"https:\/\/domkysauny.sk\/wp-content\/uploads\/2022\/10\/sauna-ogrodowa-beczka-35m-z-balkonem-i-przedsionkiem-przekroj-2.jpg\" alt=\"sauna-ogrodowa-beczka-3,5m-z-balkonem-i-przedsionkiem---przekroj\" width=\"2000\" height=\"1600\" srcset=\"https:\/\/dev.domkisauny.pl\/wp-content\/uploads\/2022\/10\/sauna-ogrodowa-beczka-35m-z-balkonem-i-przedsionkiem-przekroj-2.jpg 2000w, https:\/\/dev.domkisauny.pl\/wp-content\/uploads\/2022\/10\/sauna-ogrodowa-beczka-35m-z-balkonem-i-przedsionkiem-przekroj-2-300x240.jpg 300w, https:\/\/dev.domkisauny.pl\/wp-content\/uploads\/2022\/10\/sauna-ogrodowa-beczka-35m-z-balkonem-i-przedsionkiem-przekroj-2-768x614.jpg 768w, https:\/\/dev.domkisauny.pl\/wp-content\/uploads\/2022\/10\/sauna-ogrodowa-beczka-35m-z-balkonem-i-przedsionkiem-przekroj-2-1024x819.jpg 1024w, https:\/\/dev.domkisauny.pl\/wp-content\/uploads\/2022\/10\/sauna-ogrodowa-beczka-35m-z-balkonem-i-przedsionkiem-przekroj-2-1536x1229.jpg 1536w, https:\/\/dev.domkisauny.pl\/wp-content\/uploads\/2022\/10\/sauna-ogrodowa-beczka-35m-z-balkonem-i-przedsionkiem-przekroj-2-1000x800.jpg 1000w\" sizes=\"auto, (max-width: 2000px) 100vw, 2000px\" \/><\/p>\n<h3><strong><b>Usporiadanie pod\u013ea svojich predst\u00e1v<\/b><\/strong><\/h3>\n<p>Sauna od spolo\u010dnosti A&amp;M je nielen zauj\u00edmavou dekor\u00e1ciou va\u0161ej z\u00e1hrady, ktor\u00e1 vzbud\u00ed z\u00e1ujem, ale aj pr\u00edle\u017eitos\u0165ou na relax\u00e1ciu a otu\u017eovanie tela. Navy\u0161e si za pr\u00edplatok m\u00f4\u017eete prisp\u00f4sobi\u0165 vybavenie kon\u0161trukcie pod\u013ea svojich predst\u00e1v. V\u010faka tomu m\u00e1te na v\u00fdber z desiatich farieb impregna\u010dn\u00e9ho laku na drevo. Okrem toho m\u00e1te mo\u017enos\u0165 prida\u0165 polopanoramatick\u00e9 alebo panoramatick\u00e9 presklenie zadnej steny. Samozrejme, m\u00f4\u017eete si vybra\u0165 aj kvalitn\u00fa pec Harvia &#8211; elektrick\u00fa alebo na drevo s\u00a0potrebn\u00fdm vybaven\u00edm. Dod\u00e1vka zmontovanej sauny sa vykon\u00e1va na objedn\u00e1vku priamo k v\u00e1m domov, na z\u00e1hradu alebo do ubytovacieho zariadenia.<\/p>\n<p><img loading=\"lazy\" decoding=\"async\" class=\"aligncenter wp-image-7227 size-large\" src=\"https:\/\/domkysauny.sk\/wp-content\/uploads\/2022\/10\/sauna-ogrodowa-beczka-35m-z-balkonem-i-przedsionkiem-rzut-1-1024x819.jpg\" alt=\"\" width=\"1024\" height=\"819\" srcset=\"https:\/\/dev.domkisauny.pl\/wp-content\/uploads\/2022\/10\/sauna-ogrodowa-beczka-35m-z-balkonem-i-przedsionkiem-rzut-1-1024x819.jpg 1024w, https:\/\/dev.domkisauny.pl\/wp-content\/uploads\/2022\/10\/sauna-ogrodowa-beczka-35m-z-balkonem-i-przedsionkiem-rzut-1-300x240.jpg 300w, https:\/\/dev.domkisauny.pl\/wp-content\/uploads\/2022\/10\/sauna-ogrodowa-beczka-35m-z-balkonem-i-przedsionkiem-rzut-1-768x614.jpg 768w, https:\/\/dev.domkisauny.pl\/wp-content\/uploads\/2022\/10\/sauna-ogrodowa-beczka-35m-z-balkonem-i-przedsionkiem-rzut-1-1536x1229.jpg 1536w, https:\/\/dev.domkisauny.pl\/wp-content\/uploads\/2022\/10\/sauna-ogrodowa-beczka-35m-z-balkonem-i-przedsionkiem-rzut-1-1000x800.jpg 1000w, https:\/\/dev.domkisauny.pl\/wp-content\/uploads\/2022\/10\/sauna-ogrodowa-beczka-35m-z-balkonem-i-przedsionkiem-rzut-1.jpg 2000w\" sizes=\"auto, (max-width: 1024px) 100vw, 1024px\" \/><\/p>\n<blockquote>\n<h3><strong><b>O spor\u00e1koch Harvia<\/b><\/strong><\/h3>\n<p><img loading=\"lazy\" decoding=\"async\" class=\"alignright wp-image-972\" src=\"https:\/\/domkysauny.sk\/wp-content\/uploads\/2022\/09\/Harvia_Vega_BC45-90_p1-669x1024.png\" alt=\"\" width=\"360\" height=\"551\" srcset=\"https:\/\/dev.domkisauny.pl\/wp-content\/uploads\/2022\/09\/Harvia_Vega_BC45-90_p1-669x1024.png 669w, https:\/\/dev.domkisauny.pl\/wp-content\/uploads\/2022\/09\/Harvia_Vega_BC45-90_p1-196x300.png 196w, https:\/\/dev.domkisauny.pl\/wp-content\/uploads\/2022\/09\/Harvia_Vega_BC45-90_p1-768x1175.png 768w, https:\/\/dev.domkisauny.pl\/wp-content\/uploads\/2022\/09\/Harvia_Vega_BC45-90_p1-1004x1536.png 1004w, https:\/\/dev.domkisauny.pl\/wp-content\/uploads\/2022\/09\/Harvia_Vega_BC45-90_p1-1000x1530.png 1000w, https:\/\/dev.domkisauny.pl\/wp-content\/uploads\/2022\/09\/Harvia_Vega_BC45-90_p1-300x459.png 300w, https:\/\/dev.domkisauny.pl\/wp-content\/uploads\/2022\/09\/Harvia_Vega_BC45-90_p1.png 1158w\" sizes=\"auto, (max-width: 360px) 100vw, 360px\" \/>Sauny, ktor\u00e9 pon\u00faka <strong><b>spolo\u010dnos\u0165 A&amp;M, s\u00fa <\/b><\/strong>vybaven\u00e9 <strong><b>modern\u00fdmi a ekologick\u00fdmi pecmi na drevo Harvia<\/b><\/strong>. Tieto zariadenia sa vyzna\u010duj\u00fa nielen vysokou energetickou \u00fa\u010dinnos\u0165ou, ale aj elegantn\u00fdm dizajnom. Hlavnou v\u00fdhodou <strong><b>pec\u00ed Harvia je <\/b><\/strong>skuto\u010dnos\u0165, \u017ee poskytuj\u00fa spr\u00e1vnu teplotu na zdrav\u00e9 a\u00a0bezpe\u010dn\u00e9 saunovanie, presne tak, ako to robili obyvatelia F\u00ednska po st\u00e1ro\u010dia.<\/p>\n<p>Typick\u00e1 pec, ktor\u00e1 je s\u00fa\u010das\u0165ou s\u00fapravy, m\u00e1 <strong><b>v\u00fdkon 16,5 kW, <\/b><\/strong>\u010do umo\u017e\u0148uje r\u00fdchle zohriatie a\u017e <strong><b>30 kg kame\u0148ov <\/b><\/strong>na peci a zv\u00fd\u0161enie teploty na po\u017eadovan\u00fa hodnotu. Pec je vyroben\u00e1 z <strong><b>nehrdzavej\u00facej ocele, <\/b><\/strong>tak\u017ee bude \u00faspe\u0161ne sl\u00fa\u017ei\u0165 mnoho rokov a ne\u00fanavne poskytova\u0165 teplo. <strong><b>Sklenen\u00e9 dvierka <\/b><\/strong>s\u00fa funk\u010dn\u00fdm prvkom, ktor\u00fd umo\u017e\u0148uje sledova\u0165 proces spa\u013eovania dreva a spolu s tlmenou grafitovou farbou pece zvy\u0161uje estetiku interi\u00e9ru. Nesporn\u00fdm pr\u00ednosom je aj <strong><b>kom\u00ednov\u00e1 n\u00e1dr\u017e na vodu<\/b><\/strong>. Na druhej strane <strong><b>prirodzen\u00e1 cirkul\u00e1cia vzduchu <\/b><\/strong>umo\u017e\u0148uje rovnomern\u00fa cirkul\u00e1ciu tepla v ka\u017edom k\u00fate sauny.<\/p>\n<p>Stoj\u00ed za zmienku, \u017ee kompaktn\u00e9 rozmery zariadenia poskytuj\u00fa <strong><b>maxim\u00e1lny priestor pre <\/b><\/strong>\u013eud\u00ed, ktor\u00ed sa z\u00fa\u010dast\u0148uj\u00fa saunovania. Pr\u00edtomnos\u0165 pece na drevo v saune je tie\u017e z\u00e1rukou <strong><b>\u00fa\u017easnej atmosf\u00e9ry <\/b><\/strong>a mo\u017enosti spojenia s ve\u010dn\u00fdm \u017eivlom pr\u00edrody, ktor\u00fdm je ohe\u0148. V\u0161etky sauny vybaven\u00e9 <strong><b>pecmi Harvia tak <\/b><\/strong>poskytuj\u00fa pocit <strong><b>v\u00fdnimo\u010dn\u00e9ho pohodlia a <\/b><\/strong>umo\u017e\u0148uj\u00fa v\u00e1m uvo\u013eni\u0165 telo a myse\u013e v \u010darovnej atmosf\u00e9re.<\/p><\/blockquote>\n","protected":false},"excerpt":{"rendered":"<blockquote><p><strong><b>D\u00d4LE\u017dIT\u00c9!<\/b><\/strong><\/p>\n<p>Fotografie produktov rob\u00edme v najlep\u0161ej kvalite. Av\u0161ak kv\u00f4li sp\u00f4sobu reprodukcie farieb monitorom po\u010d\u00edta\u010da m\u00f4\u017ee farba produktov vidite\u013en\u00e1 na obrazovke mierne sa l\u00ed\u0161i\u0165 od skuto\u010dnosti.<\/p>\n<p>Sauna je dod\u00e1van\u00e1 v celej svojej podobe.<\/p>\n<p>V pr\u00edpade z\u00e1kladnej mo\u017enosti dod\u00e1vky zabezpe\u010duje vykl\u00e1dku na mieste objedn\u00e1vate\u013e.<\/p><\/blockquote>\n","protected":false},"featured_media":8112,"template":"","meta":{"_acf_changed":false},"product_brand":[],"product_cat":[157],"product_tag":[],"class_list":{"0":"post-2494","1":"product","2":"type-product","3":"status-publish","4":"has-post-thumbnail","6":"product_cat-zahradne-sauny","7":"product_shipping_class-wysylka-grupa0-sk","8":"pa_dodatki-sauny-s-balkonmi","9":"pa_dodatki-sauny-s-predsienou","10":"pa_ksztalt-sudy-sauny","12":"first","13":"instock","14":"shipping-taxable","15":"purchasable","16":"product-type-variable"},"acf":[],"yoast_head":"<!-- This site is optimized with the Yoast SEO plugin v27.4 - https:\/\/yoast.com\/product\/yoast-seo-wordpress\/ -->\n<title>Z\u00e1hradn\u00e1 sauna sude 350 cm s balk\u00f3nom a predsie\u0148ou | Dom\u010deky, Sauny<\/title>\n<meta name=\"robots\" content=\"noindex, follow, max-snippet:-1, max-image-preview:large, max-video-preview:-1\" \/>\n<meta property=\"og:locale\" content=\"sk_SK\" \/>\n<meta property=\"og:type\" content=\"article\" \/>\n<meta property=\"og:title\" content=\"Z\u00e1hradn\u00e1 sauna sude 350 cm s balk\u00f3nom a predsie\u0148ou | Dom\u010deky, Sauny\" \/>\n<meta property=\"og:description\" content=\"D\u00d4LE\u017dIT\u00c9!  Fotografie produktov rob\u00edme v najlep\u0161ej kvalite. Av\u0161ak kv\u00f4li sp\u00f4sobu reprodukcie farieb monitorom po\u010d\u00edta\u010da m\u00f4\u017ee farba produktov vidite\u013en\u00e1 na obrazovke mierne sa l\u00ed\u0161i\u0165 od skuto\u010dnosti.  Sauna je dod\u00e1van\u00e1 v celej svojej podobe.  V pr\u00edpade z\u00e1kladnej mo\u017enosti dod\u00e1vky zabezpe\u010duje vykl\u00e1dku na mieste objedn\u00e1vate\u013e.\" \/>\n<meta property=\"og:url\" content=\"https:\/\/dev.domkisauny.pl\/sk\/produkt\/zahradna-sauna-sude-350-cm-s-balkonom-a-predsienou\/\" \/>\n<meta property=\"og:site_name\" content=\"Dom\u010deky, Sauny\" \/>\n<meta property=\"article:publisher\" content=\"https:\/\/www.facebook.com\/DomkiSauny\" \/>\n<meta property=\"article:modified_time\" content=\"2025-05-21T13:26:57+00:00\" \/>\n<meta property=\"og:image\" content=\"https:\/\/dev.domkisauny.pl\/wp-content\/uploads\/2022\/10\/sauna-ogrodowa-beczka-35m-z-balkonem-i-przedsionkiem-wizualizacja.jpg\" \/>\n\t<meta property=\"og:image:width\" content=\"2000\" \/>\n\t<meta property=\"og:image:height\" content=\"1125\" \/>\n\t<meta property=\"og:image:type\" content=\"image\/jpeg\" \/>\n<meta name=\"twitter:card\" content=\"summary_large_image\" \/>\n<meta name=\"twitter:label1\" content=\"Predpokladan\u00fd \u010das \u010d\u00edtania\" \/>\n\t<meta name=\"twitter:data1\" content=\"4 min\u00faty\" \/>\n<script type=\"application\/ld+json\" class=\"yoast-schema-graph\">{\"@context\":\"https:\\\/\\\/schema.org\",\"@graph\":[{\"@type\":\"WebPage\",\"@id\":\"https:\\\/\\\/dev.domkisauny.pl\\\/sk\\\/produkt\\\/zahradna-sauna-sude-350-cm-s-balkonom-a-predsienou\\\/\",\"url\":\"https:\\\/\\\/dev.domkisauny.pl\\\/sk\\\/produkt\\\/zahradna-sauna-sude-350-cm-s-balkonom-a-predsienou\\\/\",\"name\":\"Z\u00e1hradn\u00e1 sauna sude 350 cm s balk\u00f3nom a predsie\u0148ou | Dom\u010deky, Sauny\",\"isPartOf\":{\"@id\":\"https:\\\/\\\/dev.domkisauny.pl\\\/sk\\\/#website\"},\"primaryImageOfPage\":{\"@id\":\"https:\\\/\\\/dev.domkisauny.pl\\\/sk\\\/produkt\\\/zahradna-sauna-sude-350-cm-s-balkonom-a-predsienou\\\/#primaryimage\"},\"image\":{\"@id\":\"https:\\\/\\\/dev.domkisauny.pl\\\/sk\\\/produkt\\\/zahradna-sauna-sude-350-cm-s-balkonom-a-predsienou\\\/#primaryimage\"},\"thumbnailUrl\":\"https:\\\/\\\/dev.domkisauny.pl\\\/wp-content\\\/uploads\\\/2022\\\/10\\\/sauna-ogrodowa-beczka-35m-z-balkonem-i-przedsionkiem-wizualizacja.jpg\",\"datePublished\":\"2022-10-05T07:29:25+00:00\",\"dateModified\":\"2025-05-21T13:26:57+00:00\",\"breadcrumb\":{\"@id\":\"https:\\\/\\\/dev.domkisauny.pl\\\/sk\\\/produkt\\\/zahradna-sauna-sude-350-cm-s-balkonom-a-predsienou\\\/#breadcrumb\"},\"inLanguage\":\"sk-SK\",\"potentialAction\":[{\"@type\":\"ReadAction\",\"target\":[\"https:\\\/\\\/dev.domkisauny.pl\\\/sk\\\/produkt\\\/zahradna-sauna-sude-350-cm-s-balkonom-a-predsienou\\\/\"]}]},{\"@type\":\"ImageObject\",\"inLanguage\":\"sk-SK\",\"@id\":\"https:\\\/\\\/dev.domkisauny.pl\\\/sk\\\/produkt\\\/zahradna-sauna-sude-350-cm-s-balkonom-a-predsienou\\\/#primaryimage\",\"url\":\"https:\\\/\\\/dev.domkisauny.pl\\\/wp-content\\\/uploads\\\/2022\\\/10\\\/sauna-ogrodowa-beczka-35m-z-balkonem-i-przedsionkiem-wizualizacja.jpg\",\"contentUrl\":\"https:\\\/\\\/dev.domkisauny.pl\\\/wp-content\\\/uploads\\\/2022\\\/10\\\/sauna-ogrodowa-beczka-35m-z-balkonem-i-przedsionkiem-wizualizacja.jpg\",\"width\":2000,\"height\":1125,\"caption\":\"Sauna ogrodowa beczka 3,5m z balkonem i przedsionkiem\"},{\"@type\":\"BreadcrumbList\",\"@id\":\"https:\\\/\\\/dev.domkisauny.pl\\\/sk\\\/produkt\\\/zahradna-sauna-sude-350-cm-s-balkonom-a-predsienou\\\/#breadcrumb\",\"itemListElement\":[{\"@type\":\"ListItem\",\"position\":1,\"name\":\"A&amp;M\",\"item\":\"https:\\\/\\\/dev.domkisauny.pl\\\/sk\\\/\"},{\"@type\":\"ListItem\",\"position\":2,\"name\":\"Produkty\",\"item\":\"https:\\\/\\\/dev.domkisauny.pl\\\/produkty\\\/\"},{\"@type\":\"ListItem\",\"position\":3,\"name\":\"Sauny\",\"item\":\"https:\\\/\\\/dev.domkisauny.pl\\\/sk\\\/kategoria-produktu\\\/sauny\\\/\"},{\"@type\":\"ListItem\",\"position\":4,\"name\":\"Z\u00e1hradn\u00e9 sauny\",\"item\":\"https:\\\/\\\/dev.domkisauny.pl\\\/sk\\\/kategoria-produktu\\\/sauny\\\/zahradne-sauny\\\/\"},{\"@type\":\"ListItem\",\"position\":5,\"name\":\"Z\u00e1hradn\u00e1 sauna sude 350 cm s balk\u00f3nom a predsie\u0148ou\"}]},{\"@type\":\"WebSite\",\"@id\":\"https:\\\/\\\/dev.domkisauny.pl\\\/sk\\\/#website\",\"url\":\"https:\\\/\\\/dev.domkisauny.pl\\\/sk\\\/\",\"name\":\"Dom\u010deky, Sauny\",\"description\":\"\",\"publisher\":{\"@id\":\"https:\\\/\\\/dev.domkisauny.pl\\\/sk\\\/#organization\"},\"potentialAction\":[{\"@type\":\"SearchAction\",\"target\":{\"@type\":\"EntryPoint\",\"urlTemplate\":\"https:\\\/\\\/dev.domkisauny.pl\\\/sk\\\/?s={search_term_string}\"},\"query-input\":{\"@type\":\"PropertyValueSpecification\",\"valueRequired\":true,\"valueName\":\"search_term_string\"}}],\"inLanguage\":\"sk-SK\"},{\"@type\":\"Organization\",\"@id\":\"https:\\\/\\\/dev.domkisauny.pl\\\/sk\\\/#organization\",\"name\":\"Dom\u010deky, Sauny\",\"url\":\"https:\\\/\\\/dev.domkisauny.pl\\\/sk\\\/\",\"logo\":{\"@type\":\"ImageObject\",\"inLanguage\":\"sk-SK\",\"@id\":\"https:\\\/\\\/dev.domkisauny.pl\\\/sk\\\/#\\\/schema\\\/logo\\\/image\\\/\",\"url\":\"https:\\\/\\\/domkisauny.pl\\\/wp-content\\\/uploads\\\/2022\\\/09\\\/logo_03.png\",\"contentUrl\":\"https:\\\/\\\/domkisauny.pl\\\/wp-content\\\/uploads\\\/2022\\\/09\\\/logo_03.png\",\"width\":95,\"height\":81,\"caption\":\"Dom\u010deky, Sauny\"},\"image\":{\"@id\":\"https:\\\/\\\/dev.domkisauny.pl\\\/sk\\\/#\\\/schema\\\/logo\\\/image\\\/\"},\"sameAs\":[\"https:\\\/\\\/www.facebook.com\\\/DomkiSauny\"]}]}<\/script>\n<!-- \/ Yoast SEO plugin. -->","yoast_head_json":{"title":"Z\u00e1hradn\u00e1 sauna sude 350 cm s balk\u00f3nom a predsie\u0148ou | Dom\u010deky, Sauny","robots":{"index":"noindex","follow":"follow","max-snippet":"max-snippet:-1","max-image-preview":"max-image-preview:large","max-video-preview":"max-video-preview:-1"},"og_locale":"sk_SK","og_type":"article","og_title":"Z\u00e1hradn\u00e1 sauna sude 350 cm s balk\u00f3nom a predsie\u0148ou | Dom\u010deky, Sauny","og_description":"D\u00d4LE\u017dIT\u00c9!  Fotografie produktov rob\u00edme v najlep\u0161ej kvalite. Av\u0161ak kv\u00f4li sp\u00f4sobu reprodukcie farieb monitorom po\u010d\u00edta\u010da m\u00f4\u017ee farba produktov vidite\u013en\u00e1 na obrazovke mierne sa l\u00ed\u0161i\u0165 od skuto\u010dnosti.  Sauna je dod\u00e1van\u00e1 v celej svojej podobe.  V pr\u00edpade z\u00e1kladnej mo\u017enosti dod\u00e1vky zabezpe\u010duje vykl\u00e1dku na mieste objedn\u00e1vate\u013e.","og_url":"https:\/\/dev.domkisauny.pl\/sk\/produkt\/zahradna-sauna-sude-350-cm-s-balkonom-a-predsienou\/","og_site_name":"Dom\u010deky, Sauny","article_publisher":"https:\/\/www.facebook.com\/DomkiSauny","article_modified_time":"2025-05-21T13:26:57+00:00","og_image":[{"width":2000,"height":1125,"url":"https:\/\/dev.domkisauny.pl\/wp-content\/uploads\/2022\/10\/sauna-ogrodowa-beczka-35m-z-balkonem-i-przedsionkiem-wizualizacja.jpg","type":"image\/jpeg"}],"twitter_card":"summary_large_image","twitter_misc":{"Predpokladan\u00fd \u010das \u010d\u00edtania":"4 min\u00faty"},"schema":{"@context":"https:\/\/schema.org","@graph":[{"@type":"WebPage","@id":"https:\/\/dev.domkisauny.pl\/sk\/produkt\/zahradna-sauna-sude-350-cm-s-balkonom-a-predsienou\/","url":"https:\/\/dev.domkisauny.pl\/sk\/produkt\/zahradna-sauna-sude-350-cm-s-balkonom-a-predsienou\/","name":"Z\u00e1hradn\u00e1 sauna sude 350 cm s balk\u00f3nom a predsie\u0148ou | Dom\u010deky, Sauny","isPartOf":{"@id":"https:\/\/dev.domkisauny.pl\/sk\/#website"},"primaryImageOfPage":{"@id":"https:\/\/dev.domkisauny.pl\/sk\/produkt\/zahradna-sauna-sude-350-cm-s-balkonom-a-predsienou\/#primaryimage"},"image":{"@id":"https:\/\/dev.domkisauny.pl\/sk\/produkt\/zahradna-sauna-sude-350-cm-s-balkonom-a-predsienou\/#primaryimage"},"thumbnailUrl":"https:\/\/dev.domkisauny.pl\/wp-content\/uploads\/2022\/10\/sauna-ogrodowa-beczka-35m-z-balkonem-i-przedsionkiem-wizualizacja.jpg","datePublished":"2022-10-05T07:29:25+00:00","dateModified":"2025-05-21T13:26:57+00:00","breadcrumb":{"@id":"https:\/\/dev.domkisauny.pl\/sk\/produkt\/zahradna-sauna-sude-350-cm-s-balkonom-a-predsienou\/#breadcrumb"},"inLanguage":"sk-SK","potentialAction":[{"@type":"ReadAction","target":["https:\/\/dev.domkisauny.pl\/sk\/produkt\/zahradna-sauna-sude-350-cm-s-balkonom-a-predsienou\/"]}]},{"@type":"ImageObject","inLanguage":"sk-SK","@id":"https:\/\/dev.domkisauny.pl\/sk\/produkt\/zahradna-sauna-sude-350-cm-s-balkonom-a-predsienou\/#primaryimage","url":"https:\/\/dev.domkisauny.pl\/wp-content\/uploads\/2022\/10\/sauna-ogrodowa-beczka-35m-z-balkonem-i-przedsionkiem-wizualizacja.jpg","contentUrl":"https:\/\/dev.domkisauny.pl\/wp-content\/uploads\/2022\/10\/sauna-ogrodowa-beczka-35m-z-balkonem-i-przedsionkiem-wizualizacja.jpg","width":2000,"height":1125,"caption":"Sauna ogrodowa beczka 3,5m z balkonem i przedsionkiem"},{"@type":"BreadcrumbList","@id":"https:\/\/dev.domkisauny.pl\/sk\/produkt\/zahradna-sauna-sude-350-cm-s-balkonom-a-predsienou\/#breadcrumb","itemListElement":[{"@type":"ListItem","position":1,"name":"A&amp;M","item":"https:\/\/dev.domkisauny.pl\/sk\/"},{"@type":"ListItem","position":2,"name":"Produkty","item":"https:\/\/dev.domkisauny.pl\/produkty\/"},{"@type":"ListItem","position":3,"name":"Sauny","item":"https:\/\/dev.domkisauny.pl\/sk\/kategoria-produktu\/sauny\/"},{"@type":"ListItem","position":4,"name":"Z\u00e1hradn\u00e9 sauny","item":"https:\/\/dev.domkisauny.pl\/sk\/kategoria-produktu\/sauny\/zahradne-sauny\/"},{"@type":"ListItem","position":5,"name":"Z\u00e1hradn\u00e1 sauna sude 350 cm s balk\u00f3nom a predsie\u0148ou"}]},{"@type":"WebSite","@id":"https:\/\/dev.domkisauny.pl\/sk\/#website","url":"https:\/\/dev.domkisauny.pl\/sk\/","name":"Dom\u010deky, Sauny","description":"","publisher":{"@id":"https:\/\/dev.domkisauny.pl\/sk\/#organization"},"potentialAction":[{"@type":"SearchAction","target":{"@type":"EntryPoint","urlTemplate":"https:\/\/dev.domkisauny.pl\/sk\/?s={search_term_string}"},"query-input":{"@type":"PropertyValueSpecification","valueRequired":true,"valueName":"search_term_string"}}],"inLanguage":"sk-SK"},{"@type":"Organization","@id":"https:\/\/dev.domkisauny.pl\/sk\/#organization","name":"Dom\u010deky, Sauny","url":"https:\/\/dev.domkisauny.pl\/sk\/","logo":{"@type":"ImageObject","inLanguage":"sk-SK","@id":"https:\/\/dev.domkisauny.pl\/sk\/#\/schema\/logo\/image\/","url":"https:\/\/domkisauny.pl\/wp-content\/uploads\/2022\/09\/logo_03.png","contentUrl":"https:\/\/domkisauny.pl\/wp-content\/uploads\/2022\/09\/logo_03.png","width":95,"height":81,"caption":"Dom\u010deky, Sauny"},"image":{"@id":"https:\/\/dev.domkisauny.pl\/sk\/#\/schema\/logo\/image\/"},"sameAs":["https:\/\/www.facebook.com\/DomkiSauny"]}]}},"_links":{"self":[{"href":"https:\/\/dev.domkisauny.pl\/sk\/wp-json\/wp\/v2\/product\/2494","targetHints":{"allow":["GET"]}}],"collection":[{"href":"https:\/\/dev.domkisauny.pl\/sk\/wp-json\/wp\/v2\/product"}],"about":[{"href":"https:\/\/dev.domkisauny.pl\/sk\/wp-json\/wp\/v2\/types\/product"}],"wp:featuredmedia":[{"embeddable":true,"href":"https:\/\/dev.domkisauny.pl\/sk\/wp-json\/wp\/v2\/media\/8112"}],"wp:attachment":[{"href":"https:\/\/dev.domkisauny.pl\/sk\/wp-json\/wp\/v2\/media?parent=2494"}],"wp:term":[{"taxonomy":"product_brand","embeddable":true,"href":"https:\/\/dev.domkisauny.pl\/sk\/wp-json\/wp\/v2\/product_brand?post=2494"},{"taxonomy":"product_cat","embeddable":true,"href":"https:\/\/dev.domkisauny.pl\/sk\/wp-json\/wp\/v2\/product_cat?post=2494"},{"taxonomy":"product_tag","embeddable":true,"href":"https:\/\/dev.domkisauny.pl\/sk\/wp-json\/wp\/v2\/product_tag?post=2494"}],"curies":[{"name":"wp","href":"https:\/\/api.w.org\/{rel}","templated":true}]}}