{"id":2469,"date":"2022-10-05T09:24:43","date_gmt":"2022-10-05T07:24:43","guid":{"rendered":"https:\/\/domkisauny.pl\/produkt\/sauna-25m-z-przedsionkiem\/"},"modified":"2025-05-21T15:04:57","modified_gmt":"2025-05-21T13:04:57","slug":"zahradna-sauna-sude-250-cm-s-balkonom","status":"publish","type":"product","link":"https:\/\/dev.domkisauny.pl\/sk\/produkt\/zahradna-sauna-sude-250-cm-s-balkonom\/","title":{"rendered":"Z\u00e1hradn\u00e1 sauna sude 250 cm s balk\u00f3nom"},"content":{"rendered":"<h3><strong><b>\u0160pecifik\u00e1cia:<\/b><\/strong><\/h3>\n<ul>\n<li><b><\/b><strong><b>vonkaj\u0161ie rozmery: d\u013a\u017eka <\/b><\/strong>245 cm, v\u00fd\u0161ka 2 m<\/li>\n<li>predsie\u0148 vpredu<\/li>\n<li><b><\/b><strong><b>hr\u00fabka steny:<\/b><\/strong>45 mm<\/li>\n<li><b><\/b><strong><b>drevo: <\/b><\/strong>smrek<\/li>\n<li>siv\u00e1 asfaltov\u00e1 \u0161ind\u013eov\u00e1 strecha<\/li>\n<li>tri skru\u017ee na spevnenie sauny<\/li>\n<li>dreven\u00e9 dvere s tvrden\u00fdm sklom<\/li>\n<li>dva dreven\u00e9 podstavce na umiestnenie na zem<\/li>\n<li><strong><b>dreven\u00e9: <\/b><\/strong>podlaha a lavice<\/li>\n<\/ul>\n<p><strong><b>Pr\u00edrodn\u00fd <\/b><\/strong>produkt ur\u010den\u00fd na umiestnenie v <strong><b>z\u00e1hrade<\/b><\/strong>, na <strong><b>pozemku <\/b><\/strong>alebo pri <strong><b>ubytovac\u00edch zariadeniach <\/b><\/strong>ako oddychov\u00e1 z\u00f3na.<\/p>\n<p><strong><b>Z\u00e1hradn\u00e1 sauna od spolo\u010dnosti A&amp;M je vybaven\u00e1 <\/b><\/strong>funk\u010dnou <strong><b>predsie\u0148ou s lavi\u010dkami<\/b><\/strong>. Vyroben\u00e1 z <strong><b>po\u013esk\u00e9ho smrekov\u00e9ho dreva<\/b><\/strong>. Sauna je dlh\u00e1 <strong><b>245 cm <\/b><\/strong>a vysok\u00e1 <strong><b>200 cm <\/b><\/strong>a jej kon\u0161truk\u010dn\u00e9 dosky maj\u00fa hr\u00fabku <strong><b>45 mm<\/b><\/strong>. Interi\u00e9r m\u00e1 dreven\u00e9 <strong><b>lavice <\/b><\/strong>a <strong><b>podlahu<\/b><\/strong>. Dreven\u00e9 vchodov\u00e9 dvere s <strong><b>tvrden\u00fdm sklom<\/b><\/strong>. Strecha pokryt\u00e1 <strong><b>\u0161ed\u00fdm asfaltov\u00fdm \u0161ind\u013eom<\/b><\/strong>. Z\u00e1klad\u0148a s <strong><b>2 podstavcami <\/b><\/strong>a\u00a0kon\u0161trukcia spevnen\u00e1 <strong><b>3 kovov\u00fdmi skru\u017eami<\/b><\/strong>.<\/p>\n<p><strong><b>Sauna sa dod\u00e1va v<\/b><\/strong>\u00a0<strong>celku<\/strong>. Mo\u017enos\u0165 <strong><b>zak\u00fapenia pece<\/b><\/strong>, <strong><b>zasklenia <\/b><\/strong>zadnej steny a <strong><b>impregn\u00e1cie <\/b><\/strong>lakom.<\/p>\n<p><img loading=\"lazy\" decoding=\"async\" class=\"aligncenter wp-image-8096 size-full\" src=\"https:\/\/domkysauny.sk\/wp-content\/uploads\/2022\/10\/Sauna-25m-z-balkonem-wizualizacja.jpg\" alt=\"Sauna ogrodowa beczka 2,5m z balkonem\" width=\"2000\" height=\"1125\" srcset=\"https:\/\/dev.domkisauny.pl\/wp-content\/uploads\/2022\/10\/Sauna-25m-z-balkonem-wizualizacja.jpg 2000w, https:\/\/dev.domkisauny.pl\/wp-content\/uploads\/2022\/10\/Sauna-25m-z-balkonem-wizualizacja-300x169.jpg 300w, https:\/\/dev.domkisauny.pl\/wp-content\/uploads\/2022\/10\/Sauna-25m-z-balkonem-wizualizacja-768x432.jpg 768w, https:\/\/dev.domkisauny.pl\/wp-content\/uploads\/2022\/10\/Sauna-25m-z-balkonem-wizualizacja-1024x576.jpg 1024w, https:\/\/dev.domkisauny.pl\/wp-content\/uploads\/2022\/10\/Sauna-25m-z-balkonem-wizualizacja-1536x864.jpg 1536w, https:\/\/dev.domkisauny.pl\/wp-content\/uploads\/2022\/10\/Sauna-25m-z-balkonem-wizualizacja-1000x563.jpg 1000w\" sizes=\"auto, (max-width: 2000px) 100vw, 2000px\" \/><\/p>\n<h3><strong><b>Starovek\u00e1 cesta k dobr\u00e9mu zdraviu<\/b><\/strong><\/h3>\n<p>Z\u00e1hradn\u00e1 sauna, ktor\u00fa pon\u00faka spolo\u010dnos\u0165 A&amp;M, je vynikaj\u00facim sp\u00f4sobom, ako zve\u013eadi\u0165 z\u00e1hradu, terasu, pozemok alebo dokonca relaxa\u010dn\u00fa \u010das\u0165 ubytovacieho zariadenia. Saunovanie prispieva k dobr\u00e9mu zdraviu, o \u010dom sved\u010d\u00ed aj jeho rast\u00faca popularita. Umo\u017e\u0148uje o\u010disti\u0165 telo od tox\u00ednov, a t\u00fdm posil\u0148uje imunitn\u00fd syst\u00e9m. Z tohto d\u00f4vodu by mala by\u0165 sauna nain\u0161talovan\u00e1 aj vo va\u0161ej z\u00e1hrade, kde bude zauj\u00edmavou dekor\u00e1ciou a miestom int\u00edmnej relax\u00e1cie pre myse\u013e a telo.<\/p>\n<h3><strong><b>Bli\u017e\u0161ie k pr\u00edrode &#8211; po\u013esk\u00e9 smrekov\u00e9 drevo<\/b><\/strong><\/h3>\n<p>Na stavbu sauny sa pou\u017e\u00edva pr\u00edrodn\u00e9 stavebn\u00e9 drevo, ktor\u00e9 poch\u00e1dza v\u00fdlu\u010dne z po\u013esk\u00fdch lesov. Cel\u00e1 kon\u0161trukcia je vyroben\u00e1 ru\u010dne &#8211; v s\u00falade s tradi\u010dn\u00fdm umen\u00edm spracovania dreva. Sauna je vyroben\u00e1 zo 45 mm hrub\u00fdch dosiek, \u010do zaru\u010duje optim\u00e1lne tepeln\u00e9 parametre. Rozmery 245 cm na d\u013a\u017eku a 200 cm na v\u00fd\u0161ku s\u00fa ide\u00e1lne na spolo\u010dn\u00e9 saunovanie s pr\u00edbuzn\u00fdmi a priate\u013emi. Ve\u013emi praktick\u00fdm prvkom je predsie\u0148, ktor\u00e1 pozost\u00e1va zo strie\u0161ky a dvoch pohodln\u00fdch lavi\u010diek. Do interi\u00e9ru ved\u00fa dvere so \u0161peci\u00e1lnym presklen\u00edm z tvrden\u00e9ho skla. Vo vn\u00fatri sauny je dreven\u00e1 podlaha a lavi\u010dky, ktor\u00e9 zabezpe\u010duj\u00fa pohodlie po\u010das saunovania. Sauna je pokryt\u00e1 strechou zo siv\u00e9ho asfaltov\u00e9ho \u0161ind\u013ea. Stabilitu a odolnos\u0165 sauny zais\u0165uj\u00fa 2 podstavce a 3 kovov\u00e9 skru\u017ee. Saunu mo\u017eno umiestni\u0165 na tr\u00e1vnik, zem, terasu alebo dla\u017ebu.<\/p>\n<h3><strong><b>Sauna pod\u013ea va\u0161ich potrieb<\/b><\/strong><\/h3>\n<p>\u010ci u\u017e h\u013ead\u00e1te zauj\u00edmav\u00fd sp\u00f4sob relax\u00e1cie, alebo prev\u00e1dzkujete penzi\u00f3n s ra\u0148ajkami a chcete obohati\u0165 svoju ponuku &#8211; ak sa rozhodnete pre saunu od spolo\u010dnosti A&amp;M, z\u00edskate produkt, o ktor\u00fd bude ve\u013ek\u00fd z\u00e1ujem. D\u00f4le\u017eit\u00e9 je, \u017ee m\u00e1te mo\u017enos\u0165 konfigurova\u0165 kon\u0161trukciu a vybavenie pod\u013ea svojich predst\u00e1v. Po prv\u00e9, m\u00f4\u017eete si vybra\u0165 dodato\u010dn\u00fa impregn\u00e1ciu dosiek lakom v 1 z 10 farieb. Po druh\u00e9, namiesto drevenej zadnej steny m\u00f4\u017eeme prida\u0165 polopanoramatick\u00e9 alebo panoramatick\u00e9 presklenie. A po tretie, m\u00f4\u017eete si vybra\u0165 a\u017e z 3 vykurovac\u00edch pec\u00ed Harvia &#8211; 1 elektrick\u00fa a 2 na drevo. Zmontovan\u00e1 sauna bude dodan\u00e1 do va\u0161ej z\u00e1hrady alebo firmy v celku.<\/p>\n<p><img loading=\"lazy\" decoding=\"async\" class=\"aligncenter size-full wp-image-7256\" src=\"https:\/\/domkysauny.sk\/wp-content\/uploads\/2022\/10\/Sauna-25m-z-balkonem-przekroj-1.jpg\" alt=\"\" width=\"2000\" height=\"1600\" srcset=\"https:\/\/dev.domkisauny.pl\/wp-content\/uploads\/2022\/10\/Sauna-25m-z-balkonem-przekroj-1.jpg 2000w, https:\/\/dev.domkisauny.pl\/wp-content\/uploads\/2022\/10\/Sauna-25m-z-balkonem-przekroj-1-300x240.jpg 300w, https:\/\/dev.domkisauny.pl\/wp-content\/uploads\/2022\/10\/Sauna-25m-z-balkonem-przekroj-1-768x614.jpg 768w, https:\/\/dev.domkisauny.pl\/wp-content\/uploads\/2022\/10\/Sauna-25m-z-balkonem-przekroj-1-1024x819.jpg 1024w, https:\/\/dev.domkisauny.pl\/wp-content\/uploads\/2022\/10\/Sauna-25m-z-balkonem-przekroj-1-1536x1229.jpg 1536w, https:\/\/dev.domkisauny.pl\/wp-content\/uploads\/2022\/10\/Sauna-25m-z-balkonem-przekroj-1-1000x800.jpg 1000w\" sizes=\"auto, (max-width: 2000px) 100vw, 2000px\" \/><\/p>\n<p><img loading=\"lazy\" decoding=\"async\" class=\"aligncenter wp-image-7252 size-large\" src=\"https:\/\/domkysauny.cz\/wp-content\/uploads\/2022\/10\/Sauna-25m-z-balkonem-rzuty-1-1024x819.jpg\" alt=\"\" width=\"1024\" height=\"819\" srcset=\"https:\/\/dev.domkisauny.pl\/wp-content\/uploads\/2022\/10\/Sauna-25m-z-balkonem-rzuty-1-1024x819.jpg 1024w, https:\/\/dev.domkisauny.pl\/wp-content\/uploads\/2022\/10\/Sauna-25m-z-balkonem-rzuty-1-300x240.jpg 300w, https:\/\/dev.domkisauny.pl\/wp-content\/uploads\/2022\/10\/Sauna-25m-z-balkonem-rzuty-1-768x614.jpg 768w, https:\/\/dev.domkisauny.pl\/wp-content\/uploads\/2022\/10\/Sauna-25m-z-balkonem-rzuty-1-1536x1229.jpg 1536w, https:\/\/dev.domkisauny.pl\/wp-content\/uploads\/2022\/10\/Sauna-25m-z-balkonem-rzuty-1-1000x800.jpg 1000w, https:\/\/dev.domkisauny.pl\/wp-content\/uploads\/2022\/10\/Sauna-25m-z-balkonem-rzuty-1.jpg 2000w\" sizes=\"auto, (max-width: 1024px) 100vw, 1024px\" \/><\/p>\n<blockquote>\n<h3><strong><b>O spor\u00e1koch Harvia<\/b><\/strong><\/h3>\n<p><img loading=\"lazy\" decoding=\"async\" class=\"alignright wp-image-972\" src=\"https:\/\/domkysauny.sk\/wp-content\/uploads\/2022\/09\/Harvia_Vega_BC45-90_p1-669x1024.png\" alt=\"\" width=\"360\" height=\"551\" srcset=\"https:\/\/dev.domkisauny.pl\/wp-content\/uploads\/2022\/09\/Harvia_Vega_BC45-90_p1-669x1024.png 669w, https:\/\/dev.domkisauny.pl\/wp-content\/uploads\/2022\/09\/Harvia_Vega_BC45-90_p1-196x300.png 196w, https:\/\/dev.domkisauny.pl\/wp-content\/uploads\/2022\/09\/Harvia_Vega_BC45-90_p1-768x1175.png 768w, https:\/\/dev.domkisauny.pl\/wp-content\/uploads\/2022\/09\/Harvia_Vega_BC45-90_p1-1004x1536.png 1004w, https:\/\/dev.domkisauny.pl\/wp-content\/uploads\/2022\/09\/Harvia_Vega_BC45-90_p1-1000x1530.png 1000w, https:\/\/dev.domkisauny.pl\/wp-content\/uploads\/2022\/09\/Harvia_Vega_BC45-90_p1-300x459.png 300w, https:\/\/dev.domkisauny.pl\/wp-content\/uploads\/2022\/09\/Harvia_Vega_BC45-90_p1.png 1158w\" sizes=\"auto, (max-width: 360px) 100vw, 360px\" \/>Sauny, ktor\u00e9 pon\u00faka <strong><b>spolo\u010dnos\u0165 A&amp;M, s\u00fa <\/b><\/strong>vybaven\u00e9 <strong><b>modern\u00fdmi a ekologick\u00fdmi pecmi na drevo Harvia<\/b><\/strong>. Tieto zariadenia sa vyzna\u010duj\u00fa nielen vysokou energetickou \u00fa\u010dinnos\u0165ou, ale aj elegantn\u00fdm dizajnom. Hlavnou v\u00fdhodou <strong><b>pec\u00ed Harvia je <\/b><\/strong>skuto\u010dnos\u0165, \u017ee poskytuj\u00fa spr\u00e1vnu teplotu na zdrav\u00e9 a\u00a0bezpe\u010dn\u00e9 saunovanie, presne tak, ako to robili obyvatelia F\u00ednska po st\u00e1ro\u010dia.<\/p>\n<p>Typick\u00e1 pec, ktor\u00e1 je s\u00fa\u010das\u0165ou s\u00fapravy, m\u00e1 <strong><b>v\u00fdkon 16,5 kW, <\/b><\/strong>\u010do umo\u017e\u0148uje r\u00fdchle zohriatie a\u017e <strong><b>30 kg kame\u0148ov <\/b><\/strong>na peci a zv\u00fd\u0161enie teploty na po\u017eadovan\u00fa hodnotu. Pec je vyroben\u00e1 z <strong><b>nehrdzavej\u00facej ocele, <\/b><\/strong>tak\u017ee bude \u00faspe\u0161ne sl\u00fa\u017ei\u0165 mnoho rokov a ne\u00fanavne poskytova\u0165 teplo. <strong><b>Sklenen\u00e9 dvierka <\/b><\/strong>s\u00fa funk\u010dn\u00fdm prvkom, ktor\u00fd umo\u017e\u0148uje sledova\u0165 proces spa\u013eovania dreva a spolu s tlmenou grafitovou farbou pece zvy\u0161uje estetiku interi\u00e9ru. Nesporn\u00fdm pr\u00ednosom je aj <strong><b>kom\u00ednov\u00e1 n\u00e1dr\u017e na vodu<\/b><\/strong>. Na druhej strane <strong><b>prirodzen\u00e1 cirkul\u00e1cia vzduchu <\/b><\/strong>umo\u017e\u0148uje rovnomern\u00fa cirkul\u00e1ciu tepla v ka\u017edom k\u00fate sauny.<\/p>\n<p>Stoj\u00ed za zmienku, \u017ee kompaktn\u00e9 rozmery zariadenia poskytuj\u00fa <strong><b>maxim\u00e1lny priestor pre <\/b><\/strong>\u013eud\u00ed, ktor\u00ed sa z\u00fa\u010dast\u0148uj\u00fa saunovania. Pr\u00edtomnos\u0165 pece na drevo v saune je tie\u017e z\u00e1rukou <strong><b>\u00fa\u017easnej atmosf\u00e9ry <\/b><\/strong>a mo\u017enosti spojenia s ve\u010dn\u00fdm \u017eivlom pr\u00edrody, ktor\u00fdm je ohe\u0148. V\u0161etky sauny vybaven\u00e9 <strong><b>pecmi Harvia tak <\/b><\/strong>poskytuj\u00fa pocit <strong><b>v\u00fdnimo\u010dn\u00e9ho pohodlia a <\/b><\/strong>umo\u017e\u0148uj\u00fa v\u00e1m uvo\u013eni\u0165 telo a myse\u013e v \u010darovnej atmosf\u00e9re.<\/p><\/blockquote>\n","protected":false},"excerpt":{"rendered":"<blockquote><p><strong><b>D\u00d4LE\u017dIT\u00c9!<\/b><\/strong><\/p>\n<p>Fotografie produktov rob\u00edme v najlep\u0161ej kvalite. Av\u0161ak kv\u00f4li sp\u00f4sobu reprodukcie farieb monitorom po\u010d\u00edta\u010da m\u00f4\u017ee farba produktov vidite\u013en\u00e1 na obrazovke mierne sa l\u00ed\u0161i\u0165 od skuto\u010dnosti.<\/p>\n<p>Sauna je dod\u00e1van\u00e1 v celej svojej podobe.<\/p>\n<p>V pr\u00edpade z\u00e1kladnej mo\u017enosti dod\u00e1vky zabezpe\u010duje vykl\u00e1dku na mieste objedn\u00e1vate\u013e.<\/p><\/blockquote>\n","protected":false},"featured_media":8099,"template":"","meta":{"_acf_changed":false},"product_brand":[],"product_cat":[157],"product_tag":[],"class_list":{"0":"post-2469","1":"product","2":"type-product","3":"status-publish","4":"has-post-thumbnail","6":"product_cat-zahradne-sauny","7":"product_shipping_class-wysylka-grupa0-sk","8":"pa_dodatki-sauny-s-balkonmi","9":"pa_ksztalt-sudy-sauny","11":"first","12":"instock","13":"shipping-taxable","14":"purchasable","15":"product-type-variable"},"acf":[],"yoast_head":"<!-- This site is optimized with the Yoast SEO plugin v27.4 - https:\/\/yoast.com\/product\/yoast-seo-wordpress\/ -->\n<title>Z\u00e1hradn\u00e1 sauna sude 250 cm s balk\u00f3nom | Dom\u010deky, Sauny<\/title>\n<meta name=\"robots\" content=\"noindex, follow, max-snippet:-1, max-image-preview:large, max-video-preview:-1\" \/>\n<meta property=\"og:locale\" content=\"sk_SK\" \/>\n<meta property=\"og:type\" content=\"article\" \/>\n<meta property=\"og:title\" content=\"Z\u00e1hradn\u00e1 sauna sude 250 cm s balk\u00f3nom | Dom\u010deky, Sauny\" \/>\n<meta property=\"og:description\" content=\"D\u00d4LE\u017dIT\u00c9!  Fotografie produktov rob\u00edme v najlep\u0161ej kvalite. Av\u0161ak kv\u00f4li sp\u00f4sobu reprodukcie farieb monitorom po\u010d\u00edta\u010da m\u00f4\u017ee farba produktov vidite\u013en\u00e1 na obrazovke mierne sa l\u00ed\u0161i\u0165 od skuto\u010dnosti.  Sauna je dod\u00e1van\u00e1 v celej svojej podobe.  V pr\u00edpade z\u00e1kladnej mo\u017enosti dod\u00e1vky zabezpe\u010duje vykl\u00e1dku na mieste objedn\u00e1vate\u013e.\" \/>\n<meta property=\"og:url\" content=\"https:\/\/dev.domkisauny.pl\/sk\/produkt\/zahradna-sauna-sude-250-cm-s-balkonom\/\" \/>\n<meta property=\"og:site_name\" content=\"Dom\u010deky, Sauny\" \/>\n<meta property=\"article:publisher\" content=\"https:\/\/www.facebook.com\/DomkiSauny\" \/>\n<meta property=\"article:modified_time\" content=\"2025-05-21T13:04:57+00:00\" \/>\n<meta property=\"og:image\" content=\"https:\/\/dev.domkisauny.pl\/wp-content\/uploads\/2022\/10\/Sauna-25m-z-balkonem-wizualizacja.jpg\" \/>\n\t<meta property=\"og:image:width\" content=\"2000\" \/>\n\t<meta property=\"og:image:height\" content=\"1125\" \/>\n\t<meta property=\"og:image:type\" content=\"image\/jpeg\" \/>\n<meta name=\"twitter:card\" content=\"summary_large_image\" \/>\n<meta name=\"twitter:label1\" content=\"Predpokladan\u00fd \u010das \u010d\u00edtania\" \/>\n\t<meta name=\"twitter:data1\" content=\"4 min\u00faty\" \/>\n<script type=\"application\/ld+json\" class=\"yoast-schema-graph\">{\"@context\":\"https:\\\/\\\/schema.org\",\"@graph\":[{\"@type\":\"WebPage\",\"@id\":\"https:\\\/\\\/dev.domkisauny.pl\\\/sk\\\/produkt\\\/zahradna-sauna-sude-250-cm-s-balkonom\\\/\",\"url\":\"https:\\\/\\\/dev.domkisauny.pl\\\/sk\\\/produkt\\\/zahradna-sauna-sude-250-cm-s-balkonom\\\/\",\"name\":\"Z\u00e1hradn\u00e1 sauna sude 250 cm s balk\u00f3nom | Dom\u010deky, Sauny\",\"isPartOf\":{\"@id\":\"https:\\\/\\\/dev.domkisauny.pl\\\/sk\\\/#website\"},\"primaryImageOfPage\":{\"@id\":\"https:\\\/\\\/dev.domkisauny.pl\\\/sk\\\/produkt\\\/zahradna-sauna-sude-250-cm-s-balkonom\\\/#primaryimage\"},\"image\":{\"@id\":\"https:\\\/\\\/dev.domkisauny.pl\\\/sk\\\/produkt\\\/zahradna-sauna-sude-250-cm-s-balkonom\\\/#primaryimage\"},\"thumbnailUrl\":\"https:\\\/\\\/dev.domkisauny.pl\\\/wp-content\\\/uploads\\\/2022\\\/10\\\/Sauna-25m-z-balkonem-wizualizacja.jpg\",\"datePublished\":\"2022-10-05T07:24:43+00:00\",\"dateModified\":\"2025-05-21T13:04:57+00:00\",\"breadcrumb\":{\"@id\":\"https:\\\/\\\/dev.domkisauny.pl\\\/sk\\\/produkt\\\/zahradna-sauna-sude-250-cm-s-balkonom\\\/#breadcrumb\"},\"inLanguage\":\"sk-SK\",\"potentialAction\":[{\"@type\":\"ReadAction\",\"target\":[\"https:\\\/\\\/dev.domkisauny.pl\\\/sk\\\/produkt\\\/zahradna-sauna-sude-250-cm-s-balkonom\\\/\"]}]},{\"@type\":\"ImageObject\",\"inLanguage\":\"sk-SK\",\"@id\":\"https:\\\/\\\/dev.domkisauny.pl\\\/sk\\\/produkt\\\/zahradna-sauna-sude-250-cm-s-balkonom\\\/#primaryimage\",\"url\":\"https:\\\/\\\/dev.domkisauny.pl\\\/wp-content\\\/uploads\\\/2022\\\/10\\\/Sauna-25m-z-balkonem-wizualizacja.jpg\",\"contentUrl\":\"https:\\\/\\\/dev.domkisauny.pl\\\/wp-content\\\/uploads\\\/2022\\\/10\\\/Sauna-25m-z-balkonem-wizualizacja.jpg\",\"width\":2000,\"height\":1125,\"caption\":\"Sauna ogrodowa beczka 2,5m z balkonem\"},{\"@type\":\"BreadcrumbList\",\"@id\":\"https:\\\/\\\/dev.domkisauny.pl\\\/sk\\\/produkt\\\/zahradna-sauna-sude-250-cm-s-balkonom\\\/#breadcrumb\",\"itemListElement\":[{\"@type\":\"ListItem\",\"position\":1,\"name\":\"A&amp;M\",\"item\":\"https:\\\/\\\/dev.domkisauny.pl\\\/sk\\\/\"},{\"@type\":\"ListItem\",\"position\":2,\"name\":\"Produkty\",\"item\":\"https:\\\/\\\/dev.domkisauny.pl\\\/produkty\\\/\"},{\"@type\":\"ListItem\",\"position\":3,\"name\":\"Sauny\",\"item\":\"https:\\\/\\\/dev.domkisauny.pl\\\/sk\\\/kategoria-produktu\\\/sauny\\\/\"},{\"@type\":\"ListItem\",\"position\":4,\"name\":\"Z\u00e1hradn\u00e9 sauny\",\"item\":\"https:\\\/\\\/dev.domkisauny.pl\\\/sk\\\/kategoria-produktu\\\/sauny\\\/zahradne-sauny\\\/\"},{\"@type\":\"ListItem\",\"position\":5,\"name\":\"Z\u00e1hradn\u00e1 sauna sude 250 cm s balk\u00f3nom\"}]},{\"@type\":\"WebSite\",\"@id\":\"https:\\\/\\\/dev.domkisauny.pl\\\/sk\\\/#website\",\"url\":\"https:\\\/\\\/dev.domkisauny.pl\\\/sk\\\/\",\"name\":\"Dom\u010deky, Sauny\",\"description\":\"\",\"publisher\":{\"@id\":\"https:\\\/\\\/dev.domkisauny.pl\\\/sk\\\/#organization\"},\"potentialAction\":[{\"@type\":\"SearchAction\",\"target\":{\"@type\":\"EntryPoint\",\"urlTemplate\":\"https:\\\/\\\/dev.domkisauny.pl\\\/sk\\\/?s={search_term_string}\"},\"query-input\":{\"@type\":\"PropertyValueSpecification\",\"valueRequired\":true,\"valueName\":\"search_term_string\"}}],\"inLanguage\":\"sk-SK\"},{\"@type\":\"Organization\",\"@id\":\"https:\\\/\\\/dev.domkisauny.pl\\\/sk\\\/#organization\",\"name\":\"Dom\u010deky, Sauny\",\"url\":\"https:\\\/\\\/dev.domkisauny.pl\\\/sk\\\/\",\"logo\":{\"@type\":\"ImageObject\",\"inLanguage\":\"sk-SK\",\"@id\":\"https:\\\/\\\/dev.domkisauny.pl\\\/sk\\\/#\\\/schema\\\/logo\\\/image\\\/\",\"url\":\"https:\\\/\\\/domkisauny.pl\\\/wp-content\\\/uploads\\\/2022\\\/09\\\/logo_03.png\",\"contentUrl\":\"https:\\\/\\\/domkisauny.pl\\\/wp-content\\\/uploads\\\/2022\\\/09\\\/logo_03.png\",\"width\":95,\"height\":81,\"caption\":\"Dom\u010deky, Sauny\"},\"image\":{\"@id\":\"https:\\\/\\\/dev.domkisauny.pl\\\/sk\\\/#\\\/schema\\\/logo\\\/image\\\/\"},\"sameAs\":[\"https:\\\/\\\/www.facebook.com\\\/DomkiSauny\"]}]}<\/script>\n<!-- \/ Yoast SEO plugin. -->","yoast_head_json":{"title":"Z\u00e1hradn\u00e1 sauna sude 250 cm s balk\u00f3nom | Dom\u010deky, Sauny","robots":{"index":"noindex","follow":"follow","max-snippet":"max-snippet:-1","max-image-preview":"max-image-preview:large","max-video-preview":"max-video-preview:-1"},"og_locale":"sk_SK","og_type":"article","og_title":"Z\u00e1hradn\u00e1 sauna sude 250 cm s balk\u00f3nom | Dom\u010deky, Sauny","og_description":"D\u00d4LE\u017dIT\u00c9!  Fotografie produktov rob\u00edme v najlep\u0161ej kvalite. Av\u0161ak kv\u00f4li sp\u00f4sobu reprodukcie farieb monitorom po\u010d\u00edta\u010da m\u00f4\u017ee farba produktov vidite\u013en\u00e1 na obrazovke mierne sa l\u00ed\u0161i\u0165 od skuto\u010dnosti.  Sauna je dod\u00e1van\u00e1 v celej svojej podobe.  V pr\u00edpade z\u00e1kladnej mo\u017enosti dod\u00e1vky zabezpe\u010duje vykl\u00e1dku na mieste objedn\u00e1vate\u013e.","og_url":"https:\/\/dev.domkisauny.pl\/sk\/produkt\/zahradna-sauna-sude-250-cm-s-balkonom\/","og_site_name":"Dom\u010deky, Sauny","article_publisher":"https:\/\/www.facebook.com\/DomkiSauny","article_modified_time":"2025-05-21T13:04:57+00:00","og_image":[{"width":2000,"height":1125,"url":"https:\/\/dev.domkisauny.pl\/wp-content\/uploads\/2022\/10\/Sauna-25m-z-balkonem-wizualizacja.jpg","type":"image\/jpeg"}],"twitter_card":"summary_large_image","twitter_misc":{"Predpokladan\u00fd \u010das \u010d\u00edtania":"4 min\u00faty"},"schema":{"@context":"https:\/\/schema.org","@graph":[{"@type":"WebPage","@id":"https:\/\/dev.domkisauny.pl\/sk\/produkt\/zahradna-sauna-sude-250-cm-s-balkonom\/","url":"https:\/\/dev.domkisauny.pl\/sk\/produkt\/zahradna-sauna-sude-250-cm-s-balkonom\/","name":"Z\u00e1hradn\u00e1 sauna sude 250 cm s balk\u00f3nom | Dom\u010deky, Sauny","isPartOf":{"@id":"https:\/\/dev.domkisauny.pl\/sk\/#website"},"primaryImageOfPage":{"@id":"https:\/\/dev.domkisauny.pl\/sk\/produkt\/zahradna-sauna-sude-250-cm-s-balkonom\/#primaryimage"},"image":{"@id":"https:\/\/dev.domkisauny.pl\/sk\/produkt\/zahradna-sauna-sude-250-cm-s-balkonom\/#primaryimage"},"thumbnailUrl":"https:\/\/dev.domkisauny.pl\/wp-content\/uploads\/2022\/10\/Sauna-25m-z-balkonem-wizualizacja.jpg","datePublished":"2022-10-05T07:24:43+00:00","dateModified":"2025-05-21T13:04:57+00:00","breadcrumb":{"@id":"https:\/\/dev.domkisauny.pl\/sk\/produkt\/zahradna-sauna-sude-250-cm-s-balkonom\/#breadcrumb"},"inLanguage":"sk-SK","potentialAction":[{"@type":"ReadAction","target":["https:\/\/dev.domkisauny.pl\/sk\/produkt\/zahradna-sauna-sude-250-cm-s-balkonom\/"]}]},{"@type":"ImageObject","inLanguage":"sk-SK","@id":"https:\/\/dev.domkisauny.pl\/sk\/produkt\/zahradna-sauna-sude-250-cm-s-balkonom\/#primaryimage","url":"https:\/\/dev.domkisauny.pl\/wp-content\/uploads\/2022\/10\/Sauna-25m-z-balkonem-wizualizacja.jpg","contentUrl":"https:\/\/dev.domkisauny.pl\/wp-content\/uploads\/2022\/10\/Sauna-25m-z-balkonem-wizualizacja.jpg","width":2000,"height":1125,"caption":"Sauna ogrodowa beczka 2,5m z balkonem"},{"@type":"BreadcrumbList","@id":"https:\/\/dev.domkisauny.pl\/sk\/produkt\/zahradna-sauna-sude-250-cm-s-balkonom\/#breadcrumb","itemListElement":[{"@type":"ListItem","position":1,"name":"A&amp;M","item":"https:\/\/dev.domkisauny.pl\/sk\/"},{"@type":"ListItem","position":2,"name":"Produkty","item":"https:\/\/dev.domkisauny.pl\/produkty\/"},{"@type":"ListItem","position":3,"name":"Sauny","item":"https:\/\/dev.domkisauny.pl\/sk\/kategoria-produktu\/sauny\/"},{"@type":"ListItem","position":4,"name":"Z\u00e1hradn\u00e9 sauny","item":"https:\/\/dev.domkisauny.pl\/sk\/kategoria-produktu\/sauny\/zahradne-sauny\/"},{"@type":"ListItem","position":5,"name":"Z\u00e1hradn\u00e1 sauna sude 250 cm s balk\u00f3nom"}]},{"@type":"WebSite","@id":"https:\/\/dev.domkisauny.pl\/sk\/#website","url":"https:\/\/dev.domkisauny.pl\/sk\/","name":"Dom\u010deky, Sauny","description":"","publisher":{"@id":"https:\/\/dev.domkisauny.pl\/sk\/#organization"},"potentialAction":[{"@type":"SearchAction","target":{"@type":"EntryPoint","urlTemplate":"https:\/\/dev.domkisauny.pl\/sk\/?s={search_term_string}"},"query-input":{"@type":"PropertyValueSpecification","valueRequired":true,"valueName":"search_term_string"}}],"inLanguage":"sk-SK"},{"@type":"Organization","@id":"https:\/\/dev.domkisauny.pl\/sk\/#organization","name":"Dom\u010deky, Sauny","url":"https:\/\/dev.domkisauny.pl\/sk\/","logo":{"@type":"ImageObject","inLanguage":"sk-SK","@id":"https:\/\/dev.domkisauny.pl\/sk\/#\/schema\/logo\/image\/","url":"https:\/\/domkisauny.pl\/wp-content\/uploads\/2022\/09\/logo_03.png","contentUrl":"https:\/\/domkisauny.pl\/wp-content\/uploads\/2022\/09\/logo_03.png","width":95,"height":81,"caption":"Dom\u010deky, Sauny"},"image":{"@id":"https:\/\/dev.domkisauny.pl\/sk\/#\/schema\/logo\/image\/"},"sameAs":["https:\/\/www.facebook.com\/DomkiSauny"]}]}},"_links":{"self":[{"href":"https:\/\/dev.domkisauny.pl\/sk\/wp-json\/wp\/v2\/product\/2469","targetHints":{"allow":["GET"]}}],"collection":[{"href":"https:\/\/dev.domkisauny.pl\/sk\/wp-json\/wp\/v2\/product"}],"about":[{"href":"https:\/\/dev.domkisauny.pl\/sk\/wp-json\/wp\/v2\/types\/product"}],"wp:featuredmedia":[{"embeddable":true,"href":"https:\/\/dev.domkisauny.pl\/sk\/wp-json\/wp\/v2\/media\/8099"}],"wp:attachment":[{"href":"https:\/\/dev.domkisauny.pl\/sk\/wp-json\/wp\/v2\/media?parent=2469"}],"wp:term":[{"taxonomy":"product_brand","embeddable":true,"href":"https:\/\/dev.domkisauny.pl\/sk\/wp-json\/wp\/v2\/product_brand?post=2469"},{"taxonomy":"product_cat","embeddable":true,"href":"https:\/\/dev.domkisauny.pl\/sk\/wp-json\/wp\/v2\/product_cat?post=2469"},{"taxonomy":"product_tag","embeddable":true,"href":"https:\/\/dev.domkisauny.pl\/sk\/wp-json\/wp\/v2\/product_tag?post=2469"}],"curies":[{"name":"wp","href":"https:\/\/api.w.org\/{rel}","templated":true}]}}