{"id":2421,"date":"2022-10-04T15:19:37","date_gmt":"2022-10-04T13:19:37","guid":{"rendered":"https:\/\/domkisauny.pl\/produkt\/zuzia-2-4-x-5m\/"},"modified":"2025-05-19T16:31:22","modified_gmt":"2025-05-19T14:31:22","slug":"dreveny-domcek-s-terasou-zuzia-ii-400cm-x-500cm","status":"publish","type":"product","link":"https:\/\/dev.domkisauny.pl\/sk\/produkt\/dreveny-domcek-s-terasou-zuzia-ii-400cm-x-500cm\/","title":{"rendered":"Dreven\u00fd dom\u010dek s terasou ZUZIA II 400cm x 500cm"},"content":{"rendered":"<h3><strong><b>\u0160pecifik\u00e1cia dom\u010deka:<\/b><\/strong><\/h3>\n<ul>\n<li>Vonkaj\u0161ie rozmery: 4 m x 5 m<\/li>\n<li>Rozmery domu: 4 m x 3 m<\/li>\n<li>Rozmer terasy: 4 m x 2 m<\/li>\n<li>\u0160ikm\u00e1 do\u0161ten\u00e1 strecha<\/li>\n<li>Drevo: pr\u00edrodn\u00fd smrek, \u0161tvorstranne hob\u013eovan\u00fd, br\u00fasen\u00fd<\/li>\n<li>vlhkos\u0165 dreva: 18 %<\/li>\n<li>v\u00fd\u0161ka steny: 2,07m<\/li>\n<li>hr\u00fabka dosky v stene: 34 mm<\/li>\n<li>hr\u00fabka stre\u0161nej dosky: 18 mm<\/li>\n<li>hr\u00fabka podlahovej dosky dom\u010deka: 18 mm<\/li>\n<li>hr\u00fabka palubovej dosky: 18 mm<\/li>\n<li>dvojkr\u00eddlov\u00e9 dvere s jednoduch\u00fdm presklen\u00edm, z\u00e1mok, k\u013eu\u010dka<\/li>\n<li>rozmery dver\u00ed: 725 mm x 1800 mm<\/li>\n<li>rozmer okna: 1150 mm x 800 mm<\/li>\n<li>okenn\u00e9 sklo: 3 mm<\/li>\n<li>hmotnos\u0165 domu: 1000 kg<\/li>\n<li><span style=\"text-decoration: underline;\">Dom\u010dek dod\u00e1van\u00fd bez podlahy<\/span><\/li>\n<\/ul>\n<p><strong><b>Ru\u010dne <\/b><\/strong>vyroben\u00fd zo <strong><b>smrekov\u00e9ho<\/b><\/strong>\u00a0dreva z <strong><b>po\u013esk\u00fdch lesov, <\/b><\/strong>vlhkos\u0165 dreva <strong><b>18 %<\/b><\/strong>. S\u00fa\u010das\u0165ou stavby je <strong><b>terasa <\/b><\/strong>a z\u00e1kladn\u00e9 vybavenie. <strong><b>Dom\u010dek od spolo\u010dnosti A&amp;M <\/b><\/strong>bude vhodn\u00fd na pozemky, z\u00e1hrady a prenocovanie.<\/p>\n<p>Rozmery dom\u010deka s\u00fa <strong><b>4 x 5 m, <\/b><\/strong>vr\u00e1tane interi\u00e9ru <strong><b>4 x 3 m <\/b><\/strong>a terasy <strong><b>4 x 2 m. <\/b><\/strong>Kon\u0161trukcia je vyroben\u00e1 zo \u0161tvorstranne hob\u013eovan\u00fdch a <strong><b>br\u00fasen\u00fdch <\/b><\/strong>dosiek. Strecha je sedlov\u00e1 a terasa m\u00e1 z\u00e1bradlie. Dvojit\u00e9 vchodov\u00e9 dvere s <strong><b>k\u013eu\u010dkou <\/b><\/strong>a <strong><b>z\u00e1mkom <\/b><\/strong>a jednoduch\u00fdm zasklen\u00edm. Dvojkr\u00eddlov\u00e9 okno s <strong><b>3 mm <\/b><\/strong>sklom. Hr\u00fabka dosiek na podlahe, terase a streche <strong><b>18 mm a 34 mm <\/b><\/strong>na sten\u00e1ch.<\/p>\n<p><strong><b>Zuzia 2 <\/b><\/strong>si vy\u017eaduje vlastn\u00fa mont\u00e1\u017e. Stre\u0161n\u00fa krytinu a impregn\u00e1ciu z\u00e1kazn\u00edk rob\u00ed vo vlastnej r\u00e9\u017eii. <strong><b>Dod\u00e1vka na <\/b><\/strong>prepravnej <strong><b>palete.<\/b><\/strong><\/p>\n<h2><strong><b>Terasov\u00fd dom, Zuzia 2, 4 x 5 m<\/b><\/strong><\/h2>\n<p><a href=\"https:\/\/domkysauny.cz\/wp-content\/uploads\/2022\/10\/zuzia2-wizualizacja.jpg\"><img loading=\"lazy\" decoding=\"async\" class=\"aligncenter wp-image-19930 size-full\" src=\"https:\/\/domkysauny.cz\/wp-content\/uploads\/2022\/10\/zuzia2-wizualizacja.jpg\" alt=\"\" width=\"2000\" height=\"1600\" srcset=\"https:\/\/dev.domkisauny.pl\/wp-content\/uploads\/2022\/10\/zuzia2-wizualizacja.jpg 2000w, https:\/\/dev.domkisauny.pl\/wp-content\/uploads\/2022\/10\/zuzia2-wizualizacja-300x240.jpg 300w, https:\/\/dev.domkisauny.pl\/wp-content\/uploads\/2022\/10\/zuzia2-wizualizacja-1024x819.jpg 1024w, https:\/\/dev.domkisauny.pl\/wp-content\/uploads\/2022\/10\/zuzia2-wizualizacja-768x614.jpg 768w, https:\/\/dev.domkisauny.pl\/wp-content\/uploads\/2022\/10\/zuzia2-wizualizacja-1536x1229.jpg 1536w, https:\/\/dev.domkisauny.pl\/wp-content\/uploads\/2022\/10\/zuzia2-wizualizacja-1000x800.jpg 1000w\" sizes=\"auto, (max-width: 2000px) 100vw, 2000px\" \/><\/a><\/p>\n<h3><strong><b>Dreven\u00fd dom\u010dek &#8211; va\u0161a o\u00e1za relaxu<\/b><\/strong><\/h3>\n<p>Ak chcete svoju dovolenku na pozemku vyu\u017ei\u0165 naplno, vyberte si letoviskov\u00fd dom\u010dek Zuzia 2, ktor\u00fd vynik\u00e1 svojou funk\u010dnos\u0165ou a pon\u00faka dostatok priestoru. Dovolenka v drevenom dome je pr\u00edjemn\u00e1 v\u010faka ergonomick\u00e9mu dizajnu a pr\u00edrodn\u00fdm materi\u00e1lom. Nespornou v\u00fdhodou je kryt\u00e1 terasa &#8211; ide\u00e1lne miesto napr\u00edklad na grilovanie. Priestrann\u00e9 interi\u00e9ry poskytuj\u00fa pohodlie a relax. Dom\u010dek od A&amp;M je vhodnou vo\u013ebou aj pre podnikate\u013eov, ktor\u00ed prev\u00e1dzkuj\u00fa kemping alebo ubytovacie zariadenia.<\/p>\n<h3><strong><b>Ru\u010dne vyroben\u00fd z po\u013esk\u00e9ho dreva<\/b><\/strong><\/h3>\n<p>Dom\u010dek Zuzia 2 je ekologick\u00fd v\u00fdrobok vyr\u00e1ban\u00fd ru\u010dne. Stavebn\u00fdm materi\u00e1lom je pr\u00edrodn\u00e9 po\u013esk\u00e9 smrekov\u00e9 drevo s optim\u00e1lnou vlhkos\u0165ou 18 %. Kon\u0161trukcia je vyroben\u00e1 z br\u00fasen\u00fdch dosiek, \u0161tvorstranne hob\u013eovan\u00fdch s premenlivou hr\u00fabkou &#8211; stenov\u00e9 dosky maj\u00fa hr\u00fabku 34 mm, podlaha, terasa a strecha 18 mm. Do chaty sa vch\u00e1dza cez dreven\u00e9 dvojkr\u00eddlov\u00e9 dvere s jednoduch\u00fdm zasklen\u00edm, k\u013eu\u010dkou a z\u00e1mkom. Pr\u00edstup prirodzen\u00e9ho svetla zabezpe\u010duje dvojkr\u00eddlov\u00e9 okno s 3 mm sklom. Strecha je \u0161ikm\u00e1 a do\u0161ten\u00e1 a chr\u00e1ni dom\u010dek a terasu.<\/p>\n<p>Dom\u010dek si m\u00f4\u017eete zostavi\u0165 sami pomocou jednoduch\u00e9ho n\u00e1radia a s pomocou inej osoby. Dom\u010dek v\u00e1\u017ei 1 tonu, preto s\u00fa komponenty zabalen\u00e9 a ulo\u017een\u00e9 na prepravnej palete, aby sa dali bezpe\u010dne doru\u010di\u0165.<\/p>\n<p><img loading=\"lazy\" decoding=\"async\" class=\"aligncenter wp-image-20483 size-full\" src=\"https:\/\/en.domkisauny.pl\/wp-content\/uploads\/2022\/10\/zuzia2-wymiary.jpg\" alt=\"\" width=\"2000\" height=\"1600\" srcset=\"https:\/\/dev.domkisauny.pl\/wp-content\/uploads\/2022\/10\/zuzia2-wymiary.jpg 2000w, https:\/\/dev.domkisauny.pl\/wp-content\/uploads\/2022\/10\/zuzia2-wymiary-300x240.jpg 300w, https:\/\/dev.domkisauny.pl\/wp-content\/uploads\/2022\/10\/zuzia2-wymiary-1024x819.jpg 1024w, https:\/\/dev.domkisauny.pl\/wp-content\/uploads\/2022\/10\/zuzia2-wymiary-768x614.jpg 768w, https:\/\/dev.domkisauny.pl\/wp-content\/uploads\/2022\/10\/zuzia2-wymiary-1536x1229.jpg 1536w, https:\/\/dev.domkisauny.pl\/wp-content\/uploads\/2022\/10\/zuzia2-wymiary-1000x800.jpg 1000w\" sizes=\"auto, (max-width: 2000px) 100vw, 2000px\" \/><\/p>\n<h3><strong><b>Vytvorte si svoj priestor a relaxujte<\/b><\/strong><\/h3>\n<p>Dom\u010dek Zuzia 2 je \u00faplne pr\u00edrodn\u00fd a m\u00f4\u017ee plni\u0165 mnoho funkci\u00ed v z\u00e1vislosti od va\u0161ich potrieb. A \u010do je najd\u00f4le\u017eitej\u0161ie, vlastn\u00e1 mont\u00e1\u017e podnieti va\u0161u kreativitu a predstavivos\u0165, preto\u017ee kon\u0161trukcia si vy\u017eaduje aj impregn\u00e1ciu lakom a in\u0161tal\u00e1ciu stre\u0161nej krytiny. M\u00f4\u017eete sa tak zabavi\u0165 spolu so svojimi bl\u00edzkymi a u\u017ei\u0165 si akt\u00edvnu dovolenku uprostred pr\u00edrody. Letn\u00fd dom\u010dek je nielen funk\u010dn\u00fd, ale aj origin\u00e1lna dekor\u00e1cia va\u0161ej z\u00e1hrady alebo pozemku. A ak ste majite\u013eom ubytovacieho zariadenia, z\u00edskate pohodln\u00fd dom\u010dek, ktor\u00fd sp\u013a\u0148a o\u010dak\u00e1vania dovolenk\u00e1rov.<\/p>\n<p><img loading=\"lazy\" decoding=\"async\" class=\"aligncenter size-full wp-image-345\" src=\"https:\/\/domkysauny.sk\/wp-content\/uploads\/2022\/10\/zuzia2-1.jpg\" alt=\"\" width=\"2560\" height=\"1810\" srcset=\"https:\/\/dev.domkisauny.pl\/wp-content\/uploads\/2022\/10\/zuzia2-1.jpg 2560w, https:\/\/dev.domkisauny.pl\/wp-content\/uploads\/2022\/10\/zuzia2-1-300x212.jpg 300w, https:\/\/dev.domkisauny.pl\/wp-content\/uploads\/2022\/10\/zuzia2-1-768x543.jpg 768w, https:\/\/dev.domkisauny.pl\/wp-content\/uploads\/2022\/10\/zuzia2-1-1024x724.jpg 1024w, https:\/\/dev.domkisauny.pl\/wp-content\/uploads\/2022\/10\/zuzia2-1-1536x1086.jpg 1536w, https:\/\/dev.domkisauny.pl\/wp-content\/uploads\/2022\/10\/zuzia2-1-2048x1448.jpg 2048w, https:\/\/dev.domkisauny.pl\/wp-content\/uploads\/2022\/10\/zuzia2-1-1000x707.jpg 1000w\" sizes=\"auto, (max-width: 2560px) 100vw, 2560px\" \/> <img loading=\"lazy\" decoding=\"async\" class=\"aligncenter size-full wp-image-346\" src=\"https:\/\/domkysauny.sk\/wp-content\/uploads\/2022\/10\/zuzia3-1.png\" alt=\"\" width=\"376\" height=\"379\" srcset=\"https:\/\/dev.domkisauny.pl\/wp-content\/uploads\/2022\/10\/zuzia3-1.png 376w, https:\/\/dev.domkisauny.pl\/wp-content\/uploads\/2022\/10\/zuzia3-1-150x150.png 150w, https:\/\/dev.domkisauny.pl\/wp-content\/uploads\/2022\/10\/zuzia3-1-298x300.png 298w, https:\/\/dev.domkisauny.pl\/wp-content\/uploads\/2022\/10\/zuzia3-1-300x302.png 300w\" sizes=\"auto, (max-width: 376px) 100vw, 376px\" \/><\/p>\n","protected":false},"excerpt":{"rendered":"<p>\u0160pecifik\u00e1cia dom\u010deka: Vonkaj\u0161ie rozmery: 4 m x 5 m Rozmery domu: 4 m x 3 m Rozmer terasy: 4 m<\/p>\n","protected":false},"featured_media":19930,"template":"","meta":{"_acf_changed":false},"product_brand":[],"product_cat":[155],"product_tag":[],"class_list":{"0":"post-2421","1":"product","2":"type-product","3":"status-publish","4":"has-post-thumbnail","6":"product_cat-domceky","7":"product_shipping_class-wysylka-grupa1-sk","9":"first","10":"instock","11":"shipping-taxable","12":"purchasable","13":"product-type-simple"},"acf":[],"yoast_head":"<!-- This site is optimized with the Yoast SEO plugin v27.4 - https:\/\/yoast.com\/product\/yoast-seo-wordpress\/ -->\n<title>Dreven\u00fd dom\u010dek s terasou ZUZIA II 400cm x 500cm | Dom\u010deky, Sauny<\/title>\n<meta name=\"robots\" content=\"noindex, follow, max-snippet:-1, max-image-preview:large, max-video-preview:-1\" \/>\n<meta property=\"og:locale\" content=\"sk_SK\" \/>\n<meta property=\"og:type\" content=\"article\" \/>\n<meta property=\"og:title\" content=\"Dreven\u00fd dom\u010dek s terasou ZUZIA II 400cm x 500cm | Dom\u010deky, Sauny\" \/>\n<meta property=\"og:description\" content=\"\u0160pecifik\u00e1cia dom\u010deka: Vonkaj\u0161ie rozmery: 4 m x 5 m Rozmery domu: 4 m x 3 m Rozmer terasy: 4 m\" \/>\n<meta property=\"og:url\" content=\"https:\/\/dev.domkisauny.pl\/sk\/produkt\/dreveny-domcek-s-terasou-zuzia-ii-400cm-x-500cm\/\" \/>\n<meta property=\"og:site_name\" content=\"Dom\u010deky, Sauny\" \/>\n<meta property=\"article:publisher\" content=\"https:\/\/www.facebook.com\/DomkiSauny\" \/>\n<meta property=\"article:modified_time\" content=\"2025-05-19T14:31:22+00:00\" \/>\n<meta property=\"og:image\" content=\"https:\/\/dev.domkisauny.pl\/wp-content\/uploads\/2022\/10\/zuzia2-wizualizacja-1024x819.jpg\" \/>\n\t<meta property=\"og:image:width\" content=\"1024\" \/>\n\t<meta property=\"og:image:height\" content=\"819\" \/>\n\t<meta property=\"og:image:type\" content=\"image\/jpeg\" \/>\n<meta name=\"twitter:card\" content=\"summary_large_image\" \/>\n<meta name=\"twitter:label1\" content=\"Predpokladan\u00fd \u010das \u010d\u00edtania\" \/>\n\t<meta name=\"twitter:data1\" content=\"4 min\u00faty\" \/>\n<script type=\"application\/ld+json\" class=\"yoast-schema-graph\">{\"@context\":\"https:\\\/\\\/schema.org\",\"@graph\":[{\"@type\":\"WebPage\",\"@id\":\"https:\\\/\\\/dev.domkisauny.pl\\\/sk\\\/produkt\\\/dreveny-domcek-s-terasou-zuzia-ii-400cm-x-500cm\\\/\",\"url\":\"https:\\\/\\\/dev.domkisauny.pl\\\/sk\\\/produkt\\\/dreveny-domcek-s-terasou-zuzia-ii-400cm-x-500cm\\\/\",\"name\":\"Dreven\u00fd dom\u010dek s terasou ZUZIA II 400cm x 500cm | Dom\u010deky, Sauny\",\"isPartOf\":{\"@id\":\"https:\\\/\\\/dev.domkisauny.pl\\\/sk\\\/#website\"},\"primaryImageOfPage\":{\"@id\":\"https:\\\/\\\/dev.domkisauny.pl\\\/sk\\\/produkt\\\/dreveny-domcek-s-terasou-zuzia-ii-400cm-x-500cm\\\/#primaryimage\"},\"image\":{\"@id\":\"https:\\\/\\\/dev.domkisauny.pl\\\/sk\\\/produkt\\\/dreveny-domcek-s-terasou-zuzia-ii-400cm-x-500cm\\\/#primaryimage\"},\"thumbnailUrl\":\"https:\\\/\\\/dev.domkisauny.pl\\\/wp-content\\\/uploads\\\/2022\\\/10\\\/zuzia2-wizualizacja.jpg\",\"datePublished\":\"2022-10-04T13:19:37+00:00\",\"dateModified\":\"2025-05-19T14:31:22+00:00\",\"breadcrumb\":{\"@id\":\"https:\\\/\\\/dev.domkisauny.pl\\\/sk\\\/produkt\\\/dreveny-domcek-s-terasou-zuzia-ii-400cm-x-500cm\\\/#breadcrumb\"},\"inLanguage\":\"sk-SK\",\"potentialAction\":[{\"@type\":\"ReadAction\",\"target\":[\"https:\\\/\\\/dev.domkisauny.pl\\\/sk\\\/produkt\\\/dreveny-domcek-s-terasou-zuzia-ii-400cm-x-500cm\\\/\"]}]},{\"@type\":\"ImageObject\",\"inLanguage\":\"sk-SK\",\"@id\":\"https:\\\/\\\/dev.domkisauny.pl\\\/sk\\\/produkt\\\/dreveny-domcek-s-terasou-zuzia-ii-400cm-x-500cm\\\/#primaryimage\",\"url\":\"https:\\\/\\\/dev.domkisauny.pl\\\/wp-content\\\/uploads\\\/2022\\\/10\\\/zuzia2-wizualizacja.jpg\",\"contentUrl\":\"https:\\\/\\\/dev.domkisauny.pl\\\/wp-content\\\/uploads\\\/2022\\\/10\\\/zuzia2-wizualizacja.jpg\",\"width\":2000,\"height\":1600},{\"@type\":\"BreadcrumbList\",\"@id\":\"https:\\\/\\\/dev.domkisauny.pl\\\/sk\\\/produkt\\\/dreveny-domcek-s-terasou-zuzia-ii-400cm-x-500cm\\\/#breadcrumb\",\"itemListElement\":[{\"@type\":\"ListItem\",\"position\":1,\"name\":\"A&amp;M\",\"item\":\"https:\\\/\\\/dev.domkisauny.pl\\\/sk\\\/\"},{\"@type\":\"ListItem\",\"position\":2,\"name\":\"Produkty\",\"item\":\"https:\\\/\\\/dev.domkisauny.pl\\\/produkty\\\/\"},{\"@type\":\"ListItem\",\"position\":3,\"name\":\"Domy\",\"item\":\"https:\\\/\\\/dev.domkisauny.pl\\\/sk\\\/kategoria-produktu\\\/domy-sk\\\/\"},{\"@type\":\"ListItem\",\"position\":4,\"name\":\"Dom\u010deky\",\"item\":\"https:\\\/\\\/dev.domkisauny.pl\\\/sk\\\/kategoria-produktu\\\/domy-sk\\\/domceky\\\/\"},{\"@type\":\"ListItem\",\"position\":5,\"name\":\"Dreven\u00fd dom\u010dek s terasou ZUZIA II 400cm x 500cm\"}]},{\"@type\":\"WebSite\",\"@id\":\"https:\\\/\\\/dev.domkisauny.pl\\\/sk\\\/#website\",\"url\":\"https:\\\/\\\/dev.domkisauny.pl\\\/sk\\\/\",\"name\":\"Dom\u010deky, Sauny\",\"description\":\"\",\"publisher\":{\"@id\":\"https:\\\/\\\/dev.domkisauny.pl\\\/sk\\\/#organization\"},\"potentialAction\":[{\"@type\":\"SearchAction\",\"target\":{\"@type\":\"EntryPoint\",\"urlTemplate\":\"https:\\\/\\\/dev.domkisauny.pl\\\/sk\\\/?s={search_term_string}\"},\"query-input\":{\"@type\":\"PropertyValueSpecification\",\"valueRequired\":true,\"valueName\":\"search_term_string\"}}],\"inLanguage\":\"sk-SK\"},{\"@type\":\"Organization\",\"@id\":\"https:\\\/\\\/dev.domkisauny.pl\\\/sk\\\/#organization\",\"name\":\"Dom\u010deky, Sauny\",\"url\":\"https:\\\/\\\/dev.domkisauny.pl\\\/sk\\\/\",\"logo\":{\"@type\":\"ImageObject\",\"inLanguage\":\"sk-SK\",\"@id\":\"https:\\\/\\\/dev.domkisauny.pl\\\/sk\\\/#\\\/schema\\\/logo\\\/image\\\/\",\"url\":\"https:\\\/\\\/domkisauny.pl\\\/wp-content\\\/uploads\\\/2022\\\/09\\\/logo_03.png\",\"contentUrl\":\"https:\\\/\\\/domkisauny.pl\\\/wp-content\\\/uploads\\\/2022\\\/09\\\/logo_03.png\",\"width\":95,\"height\":81,\"caption\":\"Dom\u010deky, Sauny\"},\"image\":{\"@id\":\"https:\\\/\\\/dev.domkisauny.pl\\\/sk\\\/#\\\/schema\\\/logo\\\/image\\\/\"},\"sameAs\":[\"https:\\\/\\\/www.facebook.com\\\/DomkiSauny\"]}]}<\/script>\n<!-- \/ Yoast SEO plugin. -->","yoast_head_json":{"title":"Dreven\u00fd dom\u010dek s terasou ZUZIA II 400cm x 500cm | Dom\u010deky, Sauny","robots":{"index":"noindex","follow":"follow","max-snippet":"max-snippet:-1","max-image-preview":"max-image-preview:large","max-video-preview":"max-video-preview:-1"},"og_locale":"sk_SK","og_type":"article","og_title":"Dreven\u00fd dom\u010dek s terasou ZUZIA II 400cm x 500cm | Dom\u010deky, Sauny","og_description":"\u0160pecifik\u00e1cia dom\u010deka: Vonkaj\u0161ie rozmery: 4 m x 5 m Rozmery domu: 4 m x 3 m Rozmer terasy: 4 m","og_url":"https:\/\/dev.domkisauny.pl\/sk\/produkt\/dreveny-domcek-s-terasou-zuzia-ii-400cm-x-500cm\/","og_site_name":"Dom\u010deky, Sauny","article_publisher":"https:\/\/www.facebook.com\/DomkiSauny","article_modified_time":"2025-05-19T14:31:22+00:00","og_image":[{"width":1024,"height":819,"url":"https:\/\/dev.domkisauny.pl\/wp-content\/uploads\/2022\/10\/zuzia2-wizualizacja-1024x819.jpg","type":"image\/jpeg"}],"twitter_card":"summary_large_image","twitter_misc":{"Predpokladan\u00fd \u010das \u010d\u00edtania":"4 min\u00faty"},"schema":{"@context":"https:\/\/schema.org","@graph":[{"@type":"WebPage","@id":"https:\/\/dev.domkisauny.pl\/sk\/produkt\/dreveny-domcek-s-terasou-zuzia-ii-400cm-x-500cm\/","url":"https:\/\/dev.domkisauny.pl\/sk\/produkt\/dreveny-domcek-s-terasou-zuzia-ii-400cm-x-500cm\/","name":"Dreven\u00fd dom\u010dek s terasou ZUZIA II 400cm x 500cm | Dom\u010deky, Sauny","isPartOf":{"@id":"https:\/\/dev.domkisauny.pl\/sk\/#website"},"primaryImageOfPage":{"@id":"https:\/\/dev.domkisauny.pl\/sk\/produkt\/dreveny-domcek-s-terasou-zuzia-ii-400cm-x-500cm\/#primaryimage"},"image":{"@id":"https:\/\/dev.domkisauny.pl\/sk\/produkt\/dreveny-domcek-s-terasou-zuzia-ii-400cm-x-500cm\/#primaryimage"},"thumbnailUrl":"https:\/\/dev.domkisauny.pl\/wp-content\/uploads\/2022\/10\/zuzia2-wizualizacja.jpg","datePublished":"2022-10-04T13:19:37+00:00","dateModified":"2025-05-19T14:31:22+00:00","breadcrumb":{"@id":"https:\/\/dev.domkisauny.pl\/sk\/produkt\/dreveny-domcek-s-terasou-zuzia-ii-400cm-x-500cm\/#breadcrumb"},"inLanguage":"sk-SK","potentialAction":[{"@type":"ReadAction","target":["https:\/\/dev.domkisauny.pl\/sk\/produkt\/dreveny-domcek-s-terasou-zuzia-ii-400cm-x-500cm\/"]}]},{"@type":"ImageObject","inLanguage":"sk-SK","@id":"https:\/\/dev.domkisauny.pl\/sk\/produkt\/dreveny-domcek-s-terasou-zuzia-ii-400cm-x-500cm\/#primaryimage","url":"https:\/\/dev.domkisauny.pl\/wp-content\/uploads\/2022\/10\/zuzia2-wizualizacja.jpg","contentUrl":"https:\/\/dev.domkisauny.pl\/wp-content\/uploads\/2022\/10\/zuzia2-wizualizacja.jpg","width":2000,"height":1600},{"@type":"BreadcrumbList","@id":"https:\/\/dev.domkisauny.pl\/sk\/produkt\/dreveny-domcek-s-terasou-zuzia-ii-400cm-x-500cm\/#breadcrumb","itemListElement":[{"@type":"ListItem","position":1,"name":"A&amp;M","item":"https:\/\/dev.domkisauny.pl\/sk\/"},{"@type":"ListItem","position":2,"name":"Produkty","item":"https:\/\/dev.domkisauny.pl\/produkty\/"},{"@type":"ListItem","position":3,"name":"Domy","item":"https:\/\/dev.domkisauny.pl\/sk\/kategoria-produktu\/domy-sk\/"},{"@type":"ListItem","position":4,"name":"Dom\u010deky","item":"https:\/\/dev.domkisauny.pl\/sk\/kategoria-produktu\/domy-sk\/domceky\/"},{"@type":"ListItem","position":5,"name":"Dreven\u00fd dom\u010dek s terasou ZUZIA II 400cm x 500cm"}]},{"@type":"WebSite","@id":"https:\/\/dev.domkisauny.pl\/sk\/#website","url":"https:\/\/dev.domkisauny.pl\/sk\/","name":"Dom\u010deky, Sauny","description":"","publisher":{"@id":"https:\/\/dev.domkisauny.pl\/sk\/#organization"},"potentialAction":[{"@type":"SearchAction","target":{"@type":"EntryPoint","urlTemplate":"https:\/\/dev.domkisauny.pl\/sk\/?s={search_term_string}"},"query-input":{"@type":"PropertyValueSpecification","valueRequired":true,"valueName":"search_term_string"}}],"inLanguage":"sk-SK"},{"@type":"Organization","@id":"https:\/\/dev.domkisauny.pl\/sk\/#organization","name":"Dom\u010deky, Sauny","url":"https:\/\/dev.domkisauny.pl\/sk\/","logo":{"@type":"ImageObject","inLanguage":"sk-SK","@id":"https:\/\/dev.domkisauny.pl\/sk\/#\/schema\/logo\/image\/","url":"https:\/\/domkisauny.pl\/wp-content\/uploads\/2022\/09\/logo_03.png","contentUrl":"https:\/\/domkisauny.pl\/wp-content\/uploads\/2022\/09\/logo_03.png","width":95,"height":81,"caption":"Dom\u010deky, Sauny"},"image":{"@id":"https:\/\/dev.domkisauny.pl\/sk\/#\/schema\/logo\/image\/"},"sameAs":["https:\/\/www.facebook.com\/DomkiSauny"]}]}},"_links":{"self":[{"href":"https:\/\/dev.domkisauny.pl\/sk\/wp-json\/wp\/v2\/product\/2421","targetHints":{"allow":["GET"]}}],"collection":[{"href":"https:\/\/dev.domkisauny.pl\/sk\/wp-json\/wp\/v2\/product"}],"about":[{"href":"https:\/\/dev.domkisauny.pl\/sk\/wp-json\/wp\/v2\/types\/product"}],"wp:featuredmedia":[{"embeddable":true,"href":"https:\/\/dev.domkisauny.pl\/sk\/wp-json\/wp\/v2\/media\/19930"}],"wp:attachment":[{"href":"https:\/\/dev.domkisauny.pl\/sk\/wp-json\/wp\/v2\/media?parent=2421"}],"wp:term":[{"taxonomy":"product_brand","embeddable":true,"href":"https:\/\/dev.domkisauny.pl\/sk\/wp-json\/wp\/v2\/product_brand?post=2421"},{"taxonomy":"product_cat","embeddable":true,"href":"https:\/\/dev.domkisauny.pl\/sk\/wp-json\/wp\/v2\/product_cat?post=2421"},{"taxonomy":"product_tag","embeddable":true,"href":"https:\/\/dev.domkisauny.pl\/sk\/wp-json\/wp\/v2\/product_tag?post=2421"}],"curies":[{"name":"wp","href":"https:\/\/api.w.org\/{rel}","templated":true}]}}