{"id":2419,"date":"2022-10-04T15:17:37","date_gmt":"2022-10-04T13:17:37","guid":{"rendered":"https:\/\/domkisauny.pl\/produkt\/zuzia-i-3-x-5m\/"},"modified":"2025-05-15T15:54:11","modified_gmt":"2025-05-15T13:54:11","slug":"dreveny-domcek-s-terasou-zuzia-300cm-x-500cm","status":"publish","type":"product","link":"https:\/\/dev.domkisauny.pl\/sk\/produkt\/dreveny-domcek-s-terasou-zuzia-300cm-x-500cm\/","title":{"rendered":"Dreven\u00fd dom\u010dek s terasou ZUZIA 300cm x 500cm"},"content":{"rendered":"<h3><strong><b>\u0160pecifik\u00e1cia dom\u010deka:<\/b><\/strong><\/h3>\n<ul>\n<li>Vonkaj\u0161ie rozmery: 3 m x 5 m<\/li>\n<li>Rozmery domu: 3 m x 3 m<\/li>\n<li>Rozmer terasy: 3 m x 2 m<\/li>\n<li>\u0160ikm\u00e1 do\u0161ten\u00e1 strecha<\/li>\n<li>Drevo: pr\u00edrodn\u00fd smrek, \u0161tvorstranne hob\u013eovan\u00fd, br\u00fasen\u00fd<\/li>\n<li>vlhkos\u0165 dreva: 18 %<\/li>\n<li>v\u00fd\u0161ka steny: 2,07m<\/li>\n<li>hr\u00fabka dosky v stene: 34 mm<\/li>\n<li>hr\u00fabka stre\u0161nej dosky: 18 mm<\/li>\n<li>hr\u00fabka podlahovej dosky chaty: 18 mm<\/li>\n<li>hr\u00fabka palubovej dosky: 18 mm<\/li>\n<li>dvojkr\u00eddlov\u00e9 dvere s jednoduch\u00fdm zasklen\u00edm, z\u00e1mok, k\u013eu\u010dka<\/li>\n<li>rozmery dver\u00ed: 725 mm x 1800 mm<\/li>\n<li>ve\u013ekos\u0165 okna: 600 mm x 800 mm<\/li>\n<li>okenn\u00e9 sklo: 3 mm<\/li>\n<li>hmotnos\u0165 domu: 800 kg<\/li>\n<li><span style=\"text-decoration: underline;\">Dom\u010dek dod\u00e1van\u00fd bez podlahy<\/span><\/li>\n<\/ul>\n<p>Dreven\u00fd <strong><b>letoviskov\u00fd dom\u010dek Zuzia 1 je <\/b><\/strong>stavba s <strong><b>terasou, <\/b><\/strong>tradi\u010dne vyroben\u00e1 z <strong><b>po\u013esk\u00e9ho smrekov\u00e9ho dreva<\/b><\/strong>. Hod\u00ed sa do z\u00e1hrady, na pozemok alebo do kempu.<\/p>\n<p>Dom\u010dek Zuzia 1 s <strong><b>rozmermi 3 x 5 m <\/b><\/strong>m\u00e1 priestrann\u00fa <strong><b>zastre\u0161en\u00fa terasu <\/b><\/strong>a jeho kon\u0161trukcia je vyroben\u00e1 z br\u00fasen\u00fdch dosiek, \u0161tvorstranne hob\u013eovan\u00fdch z dreva s vlhkos\u0165ou <strong><b>18 %<\/b><\/strong>. Stenov\u00e9 dosky maj\u00fa hr\u00fabku <strong><b>34 mm <\/b><\/strong>a podlahov\u00e9 a stre\u0161n\u00e9 dosky maj\u00fa <strong><b>hr\u00fabku 18 mm<\/b><\/strong>. M\u00e1 do\u0161ten\u00fa sedlov\u00fa strechu a <strong><b>dvojkr\u00eddlov\u00e9 dvere <\/b><\/strong>s jednoduch\u00fdm zasklen\u00edm, k\u013eu\u010dkou a z\u00e1mkom a <strong><b>jednokr\u00eddlov\u00e9 okno <\/b><\/strong>s <strong><b>3 mm sklom<\/b><\/strong>.<\/p>\n<p>V\u00fdrobok na <strong><b>vlastn\u00fa mont\u00e1\u017e <\/b><\/strong>kon\u0161trukcie, stre\u0161n\u00e9ho pl\u00e1\u0161\u0165a a impregn\u00e1cie. Hmotnos\u0165 <strong><b>800 kg, <\/b><\/strong>dod\u00e1vka na palete.<\/p>\n<h2><strong><b>Dom\u010dek 3 x 5 m Zuzia 1 s terasou<\/b><\/strong><\/h2>\n<p data-wp-editing=\"1\"><a href=\"https:\/\/en.domkisauny.pl\/wp-content\/uploads\/2022\/10\/zuzia1-wizualizcja.jpg\"><img loading=\"lazy\" decoding=\"async\" class=\"aligncenter wp-image-19923 size-full\" src=\"https:\/\/en.domkisauny.pl\/wp-content\/uploads\/2022\/10\/zuzia1-wizualizcja.jpg\" alt=\"\" width=\"2000\" height=\"1600\" srcset=\"https:\/\/dev.domkisauny.pl\/wp-content\/uploads\/2022\/10\/zuzia1-wizualizcja.jpg 2000w, https:\/\/dev.domkisauny.pl\/wp-content\/uploads\/2022\/10\/zuzia1-wizualizcja-300x240.jpg 300w, https:\/\/dev.domkisauny.pl\/wp-content\/uploads\/2022\/10\/zuzia1-wizualizcja-1024x819.jpg 1024w, https:\/\/dev.domkisauny.pl\/wp-content\/uploads\/2022\/10\/zuzia1-wizualizcja-768x614.jpg 768w, https:\/\/dev.domkisauny.pl\/wp-content\/uploads\/2022\/10\/zuzia1-wizualizcja-1536x1229.jpg 1536w, https:\/\/dev.domkisauny.pl\/wp-content\/uploads\/2022\/10\/zuzia1-wizualizcja-1000x800.jpg 1000w\" sizes=\"auto, (max-width: 2000px) 100vw, 2000px\" \/><\/a><\/p>\n<h3><strong><b>Letoviskov\u00fd dom\u010dek Zuzia 1 &#8211; \u00fato\u010disko pre zanepr\u00e1zdnen\u00fdch<\/b><\/strong><\/h3>\n<p>Ke\u010f v\u00e1s pr\u00e1ca zahlt\u00ed nato\u013eko, \u017ee si nem\u00f4\u017eete odd\u00fdchnu\u0165, a pr\u00e1zdny pozemok si priam \u017eiada o zastavanie, vyberte si dreven\u00fd terasov\u00fd dom\u010dek. Umo\u017en\u00ed v\u00e1m kone\u010dne poc\u00edti\u0165 \u00fa\u013eavu a relaxova\u0165 v prirodzenom prostred\u00ed, zabudn\u00fa\u0165 na pr\u00e1cu a rutinu. Kon\u0161trukcie od spolo\u010dnosti A&amp;M s\u00fa vyroben\u00e9 z pr\u00edrodn\u00e9ho dreva, s\u00fa ergonomicky navrhnut\u00e9 a umo\u017e\u0148uj\u00fa v\u00e1m vytvori\u0165 si vlastn\u00e9 \u00fato\u010disko. Pr\u00e1ve v\u010das na dovolenku alebo na v\u00edkend, aby ste za\u017eili relax a uvo\u013enenie. Na druhej strane majitelia ubytovac\u00edch zariaden\u00ed ocenia dom\u010dek Zuzia 1 pre jeho kompaktn\u00e9 rozmery a\u00a0funk\u010dnos\u0165. Tento dom\u010dek bude ide\u00e1lnym pohodln\u00fdm ubytovac\u00edm priestorom pre turistov.<\/p>\n<h3><strong><b>Trad\u00edcia a po\u013esk\u00e9 pr\u00edrodn\u00e9 drevo<\/b><\/strong><\/h3>\n<p>Letoviskov\u00e9 dom\u010deky od spolo\u010dnosti A&amp;M sa vyr\u00e1baj\u00fa tradi\u010dn\u00fdm sp\u00f4sobom &#8211; ru\u010dne. Surovinou s\u00fa br\u00fasen\u00e9 a hob\u013eovan\u00e9 \u0161tvorstrann\u00e9 dosky z po\u013esk\u00e9ho pr\u00edrodn\u00e9ho smrekov\u00e9ho dreva s vlhkos\u0165ou 18 %. Ve\u013ekou v\u00fdhodou je kryt\u00e1 terasa s rozlohou 6 m\u00b2 a \u00fatuln\u00fd interi\u00e9r s rozmermi 3 x 3 m. Stavba je zastre\u0161en\u00e1 \u0161ikmou do\u0161tenou strechou a pr\u00edstup k slne\u010dn\u00e9mu \u017eiareniu zabezpe\u010duje jedno okno s 3 mm sklom a pr\u00edstup do interi\u00e9ru dvojkr\u00eddlov\u00e9 dvere s jedn\u00fdm sklom, z\u00e1mkom a k\u013eu\u010dkou. Podlaha, terasa a strecha s\u00fa vyroben\u00e9 z dosiek s hr\u00fabkou 18 mm a steny maj\u00fa hr\u00fabku 34 mm. Ergon\u00f3mia a prirodzenos\u0165 kon\u0161trukcie s\u00fa pozoruhodn\u00e9. Dom\u010dek sa dod\u00e1va na prepravnej palete. Cel\u00fa kon\u0161trukciu mo\u017eno zostavi\u0165 s pomocou druhej osoby a z\u00e1kladn\u00e9ho n\u00e1radia.<\/p>\n<p><img loading=\"lazy\" decoding=\"async\" class=\"aligncenter wp-image-20450 size-full\" src=\"https:\/\/en.domkisauny.pl\/wp-content\/uploads\/2022\/10\/zuzia-wymiary.jpg\" alt=\"\" width=\"2000\" height=\"1600\" srcset=\"https:\/\/dev.domkisauny.pl\/wp-content\/uploads\/2022\/10\/zuzia-wymiary.jpg 2000w, https:\/\/dev.domkisauny.pl\/wp-content\/uploads\/2022\/10\/zuzia-wymiary-300x240.jpg 300w, https:\/\/dev.domkisauny.pl\/wp-content\/uploads\/2022\/10\/zuzia-wymiary-1024x819.jpg 1024w, https:\/\/dev.domkisauny.pl\/wp-content\/uploads\/2022\/10\/zuzia-wymiary-768x614.jpg 768w, https:\/\/dev.domkisauny.pl\/wp-content\/uploads\/2022\/10\/zuzia-wymiary-1536x1229.jpg 1536w, https:\/\/dev.domkisauny.pl\/wp-content\/uploads\/2022\/10\/zuzia-wymiary-1000x800.jpg 1000w\" sizes=\"auto, (max-width: 2000px) 100vw, 2000px\" \/><\/p>\n<h3><strong><b>Realizujte svoje vlastn\u00e9 n\u00e1pady<\/b><\/strong><\/h3>\n<p>Jedn\u00fdm z cie\u013eov drevostavieb, ktor\u00e9 vytv\u00e1rame, bolo, aby ste mali mo\u017enos\u0165 prispie\u0165 k dotvoreniu svojho dovolenkov\u00e9ho domu. Preto si veci, ako je pokr\u00fdvanie strechy alebo impregn\u00e1cia farbou, m\u00f4\u017eete urobi\u0165 sami alebo s pomocou rodiny \u010di priate\u013eov. Bude to nielen skvel\u00e1 z\u00e1bava, ale aj pr\u00edle\u017eitos\u0165 uk\u00e1za\u0165 svoju kreativitu. Koniec koncov, ni\u010d tak nespoj\u00ed \u013eud\u00ed ako spolo\u010dn\u00e1 pr\u00e1ca na projekte, ktorej \u00fa\u010dinky s\u00fa vidite\u013en\u00e9 okam\u017eite. Dom\u010dek Zuzia 1 je skvelou pr\u00edle\u017eitos\u0165ou na realiz\u00e1ciu vlastn\u00fdch n\u00e1padov a organizovanie stretnut\u00ed s najbli\u017e\u0161\u00edmi. Okrem toho majitelia ubytovania ocenia mo\u017enos\u0165 usporiadania vybran\u00fdch prvkov stavby, v\u010faka \u010domu bud\u00fa m\u00f4c\u0165 realizova\u0165 svoju vlastn\u00fa v\u00edziu.<\/p>\n<h3><img loading=\"lazy\" decoding=\"async\" class=\"aligncenter size-full wp-image-341\" style=\"color: #333333; font-size: 16px;\" src=\"https:\/\/domkysauny.sk\/wp-content\/uploads\/2022\/10\/zuzia2.jpg\" alt=\"\" width=\"2560\" height=\"1810\" srcset=\"https:\/\/dev.domkisauny.pl\/wp-content\/uploads\/2022\/10\/zuzia2.jpg 2560w, https:\/\/dev.domkisauny.pl\/wp-content\/uploads\/2022\/10\/zuzia2-300x212.jpg 300w, https:\/\/dev.domkisauny.pl\/wp-content\/uploads\/2022\/10\/zuzia2-768x543.jpg 768w, https:\/\/dev.domkisauny.pl\/wp-content\/uploads\/2022\/10\/zuzia2-1024x724.jpg 1024w, https:\/\/dev.domkisauny.pl\/wp-content\/uploads\/2022\/10\/zuzia2-1536x1086.jpg 1536w, https:\/\/dev.domkisauny.pl\/wp-content\/uploads\/2022\/10\/zuzia2-2048x1448.jpg 2048w, https:\/\/dev.domkisauny.pl\/wp-content\/uploads\/2022\/10\/zuzia2-1000x707.jpg 1000w\" sizes=\"auto, (max-width: 2560px) 100vw, 2560px\" \/><\/h3>\n<p><img loading=\"lazy\" decoding=\"async\" class=\"aligncenter size-full wp-image-342\" src=\"https:\/\/domkysauny.sk\/wp-content\/uploads\/2022\/10\/zuzia3.png\" alt=\"\" width=\"353\" height=\"393\" srcset=\"https:\/\/dev.domkisauny.pl\/wp-content\/uploads\/2022\/10\/zuzia3.png 353w, https:\/\/dev.domkisauny.pl\/wp-content\/uploads\/2022\/10\/zuzia3-269x300.png 269w, https:\/\/dev.domkisauny.pl\/wp-content\/uploads\/2022\/10\/zuzia3-300x334.png 300w\" sizes=\"auto, (max-width: 353px) 100vw, 353px\" \/><\/p>\n","protected":false},"excerpt":{"rendered":"<p>\u0160pecifik\u00e1cia dom\u010deka: Vonkaj\u0161ie rozmery: 3 m x 5 m Rozmery domu: 3 m x 3 m Rozmer terasy: 3 m<\/p>\n","protected":false},"featured_media":19923,"template":"","meta":{"_acf_changed":false},"product_brand":[],"product_cat":[155],"product_tag":[],"class_list":{"0":"post-2419","1":"product","2":"type-product","3":"status-publish","4":"has-post-thumbnail","6":"product_cat-domceky","7":"product_shipping_class-wysylka-grupa1-sk","9":"first","10":"instock","11":"shipping-taxable","12":"purchasable","13":"product-type-simple"},"acf":[],"yoast_head":"<!-- This site is optimized with the Yoast SEO plugin v27.4 - https:\/\/yoast.com\/product\/yoast-seo-wordpress\/ -->\n<title>Dreven\u00fd dom\u010dek s terasou ZUZIA 300cm x 500cm | Dom\u010deky, Sauny<\/title>\n<meta name=\"robots\" content=\"noindex, follow, max-snippet:-1, max-image-preview:large, max-video-preview:-1\" \/>\n<meta property=\"og:locale\" content=\"sk_SK\" \/>\n<meta property=\"og:type\" content=\"article\" \/>\n<meta property=\"og:title\" content=\"Dreven\u00fd dom\u010dek s terasou ZUZIA 300cm x 500cm | Dom\u010deky, Sauny\" \/>\n<meta property=\"og:description\" content=\"\u0160pecifik\u00e1cia dom\u010deka: Vonkaj\u0161ie rozmery: 3 m x 5 m Rozmery domu: 3 m x 3 m Rozmer terasy: 3 m\" \/>\n<meta property=\"og:url\" content=\"https:\/\/dev.domkisauny.pl\/sk\/produkt\/dreveny-domcek-s-terasou-zuzia-300cm-x-500cm\/\" \/>\n<meta property=\"og:site_name\" content=\"Dom\u010deky, Sauny\" \/>\n<meta property=\"article:publisher\" content=\"https:\/\/www.facebook.com\/DomkiSauny\" \/>\n<meta property=\"article:modified_time\" content=\"2025-05-15T13:54:11+00:00\" \/>\n<meta property=\"og:image\" content=\"https:\/\/dev.domkisauny.pl\/wp-content\/uploads\/2022\/10\/zuzia1-wizualizcja-1024x819.jpg\" \/>\n\t<meta property=\"og:image:width\" content=\"1024\" \/>\n\t<meta property=\"og:image:height\" content=\"819\" \/>\n\t<meta property=\"og:image:type\" content=\"image\/jpeg\" \/>\n<meta name=\"twitter:card\" content=\"summary_large_image\" \/>\n<meta name=\"twitter:label1\" content=\"Predpokladan\u00fd \u010das \u010d\u00edtania\" \/>\n\t<meta name=\"twitter:data1\" content=\"5 min\u00fat\" \/>\n<script type=\"application\/ld+json\" class=\"yoast-schema-graph\">{\"@context\":\"https:\\\/\\\/schema.org\",\"@graph\":[{\"@type\":\"WebPage\",\"@id\":\"https:\\\/\\\/dev.domkisauny.pl\\\/sk\\\/produkt\\\/dreveny-domcek-s-terasou-zuzia-300cm-x-500cm\\\/\",\"url\":\"https:\\\/\\\/dev.domkisauny.pl\\\/sk\\\/produkt\\\/dreveny-domcek-s-terasou-zuzia-300cm-x-500cm\\\/\",\"name\":\"Dreven\u00fd dom\u010dek s terasou ZUZIA 300cm x 500cm | Dom\u010deky, Sauny\",\"isPartOf\":{\"@id\":\"https:\\\/\\\/dev.domkisauny.pl\\\/sk\\\/#website\"},\"primaryImageOfPage\":{\"@id\":\"https:\\\/\\\/dev.domkisauny.pl\\\/sk\\\/produkt\\\/dreveny-domcek-s-terasou-zuzia-300cm-x-500cm\\\/#primaryimage\"},\"image\":{\"@id\":\"https:\\\/\\\/dev.domkisauny.pl\\\/sk\\\/produkt\\\/dreveny-domcek-s-terasou-zuzia-300cm-x-500cm\\\/#primaryimage\"},\"thumbnailUrl\":\"https:\\\/\\\/dev.domkisauny.pl\\\/wp-content\\\/uploads\\\/2022\\\/10\\\/zuzia1-wizualizcja.jpg\",\"datePublished\":\"2022-10-04T13:17:37+00:00\",\"dateModified\":\"2025-05-15T13:54:11+00:00\",\"breadcrumb\":{\"@id\":\"https:\\\/\\\/dev.domkisauny.pl\\\/sk\\\/produkt\\\/dreveny-domcek-s-terasou-zuzia-300cm-x-500cm\\\/#breadcrumb\"},\"inLanguage\":\"sk-SK\",\"potentialAction\":[{\"@type\":\"ReadAction\",\"target\":[\"https:\\\/\\\/dev.domkisauny.pl\\\/sk\\\/produkt\\\/dreveny-domcek-s-terasou-zuzia-300cm-x-500cm\\\/\"]}]},{\"@type\":\"ImageObject\",\"inLanguage\":\"sk-SK\",\"@id\":\"https:\\\/\\\/dev.domkisauny.pl\\\/sk\\\/produkt\\\/dreveny-domcek-s-terasou-zuzia-300cm-x-500cm\\\/#primaryimage\",\"url\":\"https:\\\/\\\/dev.domkisauny.pl\\\/wp-content\\\/uploads\\\/2022\\\/10\\\/zuzia1-wizualizcja.jpg\",\"contentUrl\":\"https:\\\/\\\/dev.domkisauny.pl\\\/wp-content\\\/uploads\\\/2022\\\/10\\\/zuzia1-wizualizcja.jpg\",\"width\":2000,\"height\":1600},{\"@type\":\"BreadcrumbList\",\"@id\":\"https:\\\/\\\/dev.domkisauny.pl\\\/sk\\\/produkt\\\/dreveny-domcek-s-terasou-zuzia-300cm-x-500cm\\\/#breadcrumb\",\"itemListElement\":[{\"@type\":\"ListItem\",\"position\":1,\"name\":\"A&amp;M\",\"item\":\"https:\\\/\\\/dev.domkisauny.pl\\\/sk\\\/\"},{\"@type\":\"ListItem\",\"position\":2,\"name\":\"Produkty\",\"item\":\"https:\\\/\\\/dev.domkisauny.pl\\\/produkty\\\/\"},{\"@type\":\"ListItem\",\"position\":3,\"name\":\"Domy\",\"item\":\"https:\\\/\\\/dev.domkisauny.pl\\\/sk\\\/kategoria-produktu\\\/domy-sk\\\/\"},{\"@type\":\"ListItem\",\"position\":4,\"name\":\"Dom\u010deky\",\"item\":\"https:\\\/\\\/dev.domkisauny.pl\\\/sk\\\/kategoria-produktu\\\/domy-sk\\\/domceky\\\/\"},{\"@type\":\"ListItem\",\"position\":5,\"name\":\"Dreven\u00fd dom\u010dek s terasou ZUZIA 300cm x 500cm\"}]},{\"@type\":\"WebSite\",\"@id\":\"https:\\\/\\\/dev.domkisauny.pl\\\/sk\\\/#website\",\"url\":\"https:\\\/\\\/dev.domkisauny.pl\\\/sk\\\/\",\"name\":\"Dom\u010deky, Sauny\",\"description\":\"\",\"publisher\":{\"@id\":\"https:\\\/\\\/dev.domkisauny.pl\\\/sk\\\/#organization\"},\"potentialAction\":[{\"@type\":\"SearchAction\",\"target\":{\"@type\":\"EntryPoint\",\"urlTemplate\":\"https:\\\/\\\/dev.domkisauny.pl\\\/sk\\\/?s={search_term_string}\"},\"query-input\":{\"@type\":\"PropertyValueSpecification\",\"valueRequired\":true,\"valueName\":\"search_term_string\"}}],\"inLanguage\":\"sk-SK\"},{\"@type\":\"Organization\",\"@id\":\"https:\\\/\\\/dev.domkisauny.pl\\\/sk\\\/#organization\",\"name\":\"Dom\u010deky, Sauny\",\"url\":\"https:\\\/\\\/dev.domkisauny.pl\\\/sk\\\/\",\"logo\":{\"@type\":\"ImageObject\",\"inLanguage\":\"sk-SK\",\"@id\":\"https:\\\/\\\/dev.domkisauny.pl\\\/sk\\\/#\\\/schema\\\/logo\\\/image\\\/\",\"url\":\"https:\\\/\\\/domkisauny.pl\\\/wp-content\\\/uploads\\\/2022\\\/09\\\/logo_03.png\",\"contentUrl\":\"https:\\\/\\\/domkisauny.pl\\\/wp-content\\\/uploads\\\/2022\\\/09\\\/logo_03.png\",\"width\":95,\"height\":81,\"caption\":\"Dom\u010deky, Sauny\"},\"image\":{\"@id\":\"https:\\\/\\\/dev.domkisauny.pl\\\/sk\\\/#\\\/schema\\\/logo\\\/image\\\/\"},\"sameAs\":[\"https:\\\/\\\/www.facebook.com\\\/DomkiSauny\"]}]}<\/script>\n<!-- \/ Yoast SEO plugin. -->","yoast_head_json":{"title":"Dreven\u00fd dom\u010dek s terasou ZUZIA 300cm x 500cm | Dom\u010deky, Sauny","robots":{"index":"noindex","follow":"follow","max-snippet":"max-snippet:-1","max-image-preview":"max-image-preview:large","max-video-preview":"max-video-preview:-1"},"og_locale":"sk_SK","og_type":"article","og_title":"Dreven\u00fd dom\u010dek s terasou ZUZIA 300cm x 500cm | Dom\u010deky, Sauny","og_description":"\u0160pecifik\u00e1cia dom\u010deka: Vonkaj\u0161ie rozmery: 3 m x 5 m Rozmery domu: 3 m x 3 m Rozmer terasy: 3 m","og_url":"https:\/\/dev.domkisauny.pl\/sk\/produkt\/dreveny-domcek-s-terasou-zuzia-300cm-x-500cm\/","og_site_name":"Dom\u010deky, Sauny","article_publisher":"https:\/\/www.facebook.com\/DomkiSauny","article_modified_time":"2025-05-15T13:54:11+00:00","og_image":[{"width":1024,"height":819,"url":"https:\/\/dev.domkisauny.pl\/wp-content\/uploads\/2022\/10\/zuzia1-wizualizcja-1024x819.jpg","type":"image\/jpeg"}],"twitter_card":"summary_large_image","twitter_misc":{"Predpokladan\u00fd \u010das \u010d\u00edtania":"5 min\u00fat"},"schema":{"@context":"https:\/\/schema.org","@graph":[{"@type":"WebPage","@id":"https:\/\/dev.domkisauny.pl\/sk\/produkt\/dreveny-domcek-s-terasou-zuzia-300cm-x-500cm\/","url":"https:\/\/dev.domkisauny.pl\/sk\/produkt\/dreveny-domcek-s-terasou-zuzia-300cm-x-500cm\/","name":"Dreven\u00fd dom\u010dek s terasou ZUZIA 300cm x 500cm | Dom\u010deky, Sauny","isPartOf":{"@id":"https:\/\/dev.domkisauny.pl\/sk\/#website"},"primaryImageOfPage":{"@id":"https:\/\/dev.domkisauny.pl\/sk\/produkt\/dreveny-domcek-s-terasou-zuzia-300cm-x-500cm\/#primaryimage"},"image":{"@id":"https:\/\/dev.domkisauny.pl\/sk\/produkt\/dreveny-domcek-s-terasou-zuzia-300cm-x-500cm\/#primaryimage"},"thumbnailUrl":"https:\/\/dev.domkisauny.pl\/wp-content\/uploads\/2022\/10\/zuzia1-wizualizcja.jpg","datePublished":"2022-10-04T13:17:37+00:00","dateModified":"2025-05-15T13:54:11+00:00","breadcrumb":{"@id":"https:\/\/dev.domkisauny.pl\/sk\/produkt\/dreveny-domcek-s-terasou-zuzia-300cm-x-500cm\/#breadcrumb"},"inLanguage":"sk-SK","potentialAction":[{"@type":"ReadAction","target":["https:\/\/dev.domkisauny.pl\/sk\/produkt\/dreveny-domcek-s-terasou-zuzia-300cm-x-500cm\/"]}]},{"@type":"ImageObject","inLanguage":"sk-SK","@id":"https:\/\/dev.domkisauny.pl\/sk\/produkt\/dreveny-domcek-s-terasou-zuzia-300cm-x-500cm\/#primaryimage","url":"https:\/\/dev.domkisauny.pl\/wp-content\/uploads\/2022\/10\/zuzia1-wizualizcja.jpg","contentUrl":"https:\/\/dev.domkisauny.pl\/wp-content\/uploads\/2022\/10\/zuzia1-wizualizcja.jpg","width":2000,"height":1600},{"@type":"BreadcrumbList","@id":"https:\/\/dev.domkisauny.pl\/sk\/produkt\/dreveny-domcek-s-terasou-zuzia-300cm-x-500cm\/#breadcrumb","itemListElement":[{"@type":"ListItem","position":1,"name":"A&amp;M","item":"https:\/\/dev.domkisauny.pl\/sk\/"},{"@type":"ListItem","position":2,"name":"Produkty","item":"https:\/\/dev.domkisauny.pl\/produkty\/"},{"@type":"ListItem","position":3,"name":"Domy","item":"https:\/\/dev.domkisauny.pl\/sk\/kategoria-produktu\/domy-sk\/"},{"@type":"ListItem","position":4,"name":"Dom\u010deky","item":"https:\/\/dev.domkisauny.pl\/sk\/kategoria-produktu\/domy-sk\/domceky\/"},{"@type":"ListItem","position":5,"name":"Dreven\u00fd dom\u010dek s terasou ZUZIA 300cm x 500cm"}]},{"@type":"WebSite","@id":"https:\/\/dev.domkisauny.pl\/sk\/#website","url":"https:\/\/dev.domkisauny.pl\/sk\/","name":"Dom\u010deky, Sauny","description":"","publisher":{"@id":"https:\/\/dev.domkisauny.pl\/sk\/#organization"},"potentialAction":[{"@type":"SearchAction","target":{"@type":"EntryPoint","urlTemplate":"https:\/\/dev.domkisauny.pl\/sk\/?s={search_term_string}"},"query-input":{"@type":"PropertyValueSpecification","valueRequired":true,"valueName":"search_term_string"}}],"inLanguage":"sk-SK"},{"@type":"Organization","@id":"https:\/\/dev.domkisauny.pl\/sk\/#organization","name":"Dom\u010deky, Sauny","url":"https:\/\/dev.domkisauny.pl\/sk\/","logo":{"@type":"ImageObject","inLanguage":"sk-SK","@id":"https:\/\/dev.domkisauny.pl\/sk\/#\/schema\/logo\/image\/","url":"https:\/\/domkisauny.pl\/wp-content\/uploads\/2022\/09\/logo_03.png","contentUrl":"https:\/\/domkisauny.pl\/wp-content\/uploads\/2022\/09\/logo_03.png","width":95,"height":81,"caption":"Dom\u010deky, Sauny"},"image":{"@id":"https:\/\/dev.domkisauny.pl\/sk\/#\/schema\/logo\/image\/"},"sameAs":["https:\/\/www.facebook.com\/DomkiSauny"]}]}},"_links":{"self":[{"href":"https:\/\/dev.domkisauny.pl\/sk\/wp-json\/wp\/v2\/product\/2419","targetHints":{"allow":["GET"]}}],"collection":[{"href":"https:\/\/dev.domkisauny.pl\/sk\/wp-json\/wp\/v2\/product"}],"about":[{"href":"https:\/\/dev.domkisauny.pl\/sk\/wp-json\/wp\/v2\/types\/product"}],"wp:featuredmedia":[{"embeddable":true,"href":"https:\/\/dev.domkisauny.pl\/sk\/wp-json\/wp\/v2\/media\/19923"}],"wp:attachment":[{"href":"https:\/\/dev.domkisauny.pl\/sk\/wp-json\/wp\/v2\/media?parent=2419"}],"wp:term":[{"taxonomy":"product_brand","embeddable":true,"href":"https:\/\/dev.domkisauny.pl\/sk\/wp-json\/wp\/v2\/product_brand?post=2419"},{"taxonomy":"product_cat","embeddable":true,"href":"https:\/\/dev.domkisauny.pl\/sk\/wp-json\/wp\/v2\/product_cat?post=2419"},{"taxonomy":"product_tag","embeddable":true,"href":"https:\/\/dev.domkisauny.pl\/sk\/wp-json\/wp\/v2\/product_tag?post=2419"}],"curies":[{"name":"wp","href":"https:\/\/api.w.org\/{rel}","templated":true}]}}