{"id":2416,"date":"2022-10-04T15:11:06","date_gmt":"2022-10-04T13:11:06","guid":{"rendered":"https:\/\/domkisauny.pl\/produkt\/heidi-4-x-6m\/"},"modified":"2025-05-14T22:28:44","modified_gmt":"2025-05-14T20:28:44","slug":"dreveny-domcek-s-terasou-heidi-400cm-x-600cm","status":"publish","type":"product","link":"https:\/\/dev.domkisauny.pl\/sk\/produkt\/dreveny-domcek-s-terasou-heidi-400cm-x-600cm\/","title":{"rendered":"Dreven\u00fd dom\u010dek s terasou HEIDI 400cm x 600cm"},"content":{"rendered":"<h3><strong><b>\u0160pecifik\u00e1cia dom\u010deka:<\/b><\/strong><\/h3>\n<ul>\n<li>Vonkaj\u0161ie rozmery: 4 m x 6 m<\/li>\n<li>Rozmery domu: 4 m x 4 m<\/li>\n<li>Rozmer terasy: 4 m x 2 m<\/li>\n<li>\u0160ikm\u00e1 do\u0161ten\u00e1 strecha<\/li>\n<li>Drevo: pr\u00edrodn\u00fd smrek, \u0161tvorstranne hob\u013eovan\u00fd, br\u00fasen\u00fd<\/li>\n<li>vlhkos\u0165 dreva: 18 %<\/li>\n<li>v\u00fd\u0161ka steny: 2,07m<\/li>\n<li>hr\u00fabka dosky v stene: 34 mm<\/li>\n<li>hr\u00fabka stre\u0161nej dosky: 18 mm<\/li>\n<li>hr\u00fabka podlahovej dosky chaty: 18 mm<\/li>\n<li>hr\u00fabka palubovej dosky: 18 mm<\/li>\n<li>dvojkr\u00eddlov\u00e9 dvere s jednoduch\u00fdm zasklen\u00edm, z\u00e1mok, k\u013eu\u010dka<\/li>\n<li>rozmery dver\u00ed: 725 mm x 1800 mm<\/li>\n<li>rozmer okna: 1150 mm x 800 mm<\/li>\n<li>okenn\u00e9 sklo: 3 mm<\/li>\n<li>Hmotnos\u0165 domu: 1200 kg<\/li>\n<li><span style=\"text-decoration: underline;\">Dom\u010dek dod\u00e1van\u00fd bez podlahy<\/span><\/li>\n<\/ul>\n<p><strong><b>Letoviskov\u00fd dom\u010dek Heidi s terasou <\/b><\/strong>je v\u00fdrobok vyroben\u00fd z <strong><b>po\u013esk\u00e9ho smrekov\u00e9ho dreva<\/b><\/strong>. Uplatn\u00ed sa v z\u00e1hrade, na pozemku, v kempe alebo ako ubytovacie zariadenie.<\/p>\n<p>Jednopodla\u017en\u00fd dom\u010dek Heidi s <strong><b>rozmermi 4 x 6 m je <\/b><\/strong>postaven\u00fd z br\u00fasen\u00fdch \u0161tvorstranne hob\u013eovan\u00fdch dosiek s <strong><b>18 % <\/b><\/strong>vlhkos\u0165ou a hr\u00fabkou <strong><b>18 &#8211; 34 mm<\/b><\/strong>. Letoviskov\u00fd dom\u010dek m\u00e1 <strong><b>terasu s rozmermi 4 x 2 m<\/b><\/strong>, jednu miestnos\u0165 a dreven\u00e9 dvojkr\u00eddlov\u00e9 <strong><b>dvere so presklen\u00edm <\/b><\/strong>a <strong><b>dvojit\u00e9 okno s 3 mm <\/b><\/strong>sklom. <strong><b>Sedlov\u00e1 strecha s <\/b><\/strong>doskami je pevn\u00e1 kon\u0161trukcia, ktor\u00e1 sa m\u00e1 zakry\u0165 vo vn\u00fatri.<\/p>\n<p>Dom\u010dek je bez impregn\u00e1cie a \u013eahko sa montuje. Hmotnos\u0165 1200 kg, <strong><b>dod\u00e1va sa na palete<\/b><\/strong>.<\/p>\n<p><a href=\"https:\/\/domkysauny.cz\/wp-content\/uploads\/2022\/10\/heidi-wizualizacja-2.jpg\"><img loading=\"lazy\" decoding=\"async\" class=\"aligncenter wp-image-19936 size-full\" src=\"https:\/\/domkysauny.cz\/wp-content\/uploads\/2022\/10\/heidi-wizualizacja-2.jpg\" alt=\"\" width=\"2000\" height=\"1600\" srcset=\"https:\/\/dev.domkisauny.pl\/wp-content\/uploads\/2022\/10\/heidi-wizualizacja-2.jpg 2000w, https:\/\/dev.domkisauny.pl\/wp-content\/uploads\/2022\/10\/heidi-wizualizacja-2-300x240.jpg 300w, https:\/\/dev.domkisauny.pl\/wp-content\/uploads\/2022\/10\/heidi-wizualizacja-2-1024x819.jpg 1024w, https:\/\/dev.domkisauny.pl\/wp-content\/uploads\/2022\/10\/heidi-wizualizacja-2-768x614.jpg 768w, https:\/\/dev.domkisauny.pl\/wp-content\/uploads\/2022\/10\/heidi-wizualizacja-2-1536x1229.jpg 1536w, https:\/\/dev.domkisauny.pl\/wp-content\/uploads\/2022\/10\/heidi-wizualizacja-2-1000x800.jpg 1000w\" sizes=\"auto, (max-width: 2000px) 100vw, 2000px\" \/><\/a><\/p>\n<h3><strong><b>Dreven\u00fd dom\u010dek Heidi &#8211; spl\u0148te si sny<\/b><\/strong><\/h3>\n<p>Sn\u00edvate o vlastnom \u00fatulnom dovolenkovom ubytovan\u00ed? V\u010faka dreven\u00e9mu dovolenkov\u00e9mu domu Heidi je to mo\u017en\u00e9! U\u017e nemus\u00edte vyu\u017e\u00edva\u0165 drah\u00e9 ubytovanie. Objednajte a zostavte si sami dom\u010dek, v ktorom budete tr\u00e1vi\u0165 ka\u017ed\u00fa dovolenku a v\u00edkend. Chata s priestrannou terasou je skvelou vo\u013ebou pre rodiny a stretnutia s priate\u013emi. Ve\u013ekorys\u00fd priestor, pr\u00edrodn\u00e9 materi\u00e1ly a kvalitn\u00e9 \u0161tandardn\u00e9 vybavenie v\u00e1m umo\u017enia zariadi\u0165 si interi\u00e9r pod\u013ea vlastn\u00fdch predst\u00e1v. V\u010faka dom\u010deku bud\u00fa stretnutia, grilovanie alebo presp\u00e1vanie \u010dist\u00fdm pote\u0161en\u00edm bez obet\u00ed. Je to aj estetick\u00e1 dekor\u00e1cia va\u0161ej z\u00e1hrady alebo pozemku, ktor\u00e1 dokonale splynie so zelen\u00fdm okol\u00edm.<\/p>\n<h3><strong><b>Pr\u00edrodn\u00e9 drevo z Po\u013eska<\/b><\/strong><\/h3>\n<p>Jednopodla\u017en\u00fd dom\u010dek Heidi s terasou bol ru\u010dne vyroben\u00fd z pr\u00edrodn\u00e9ho smrekov\u00e9ho dreva s 18 % vlhkos\u0165ou z Po\u013eska. Kon\u0161trukcia dom\u010deka je pevn\u00e1 a pozost\u00e1va zo \u0161tvorstranne hob\u013eovan\u00fdch a br\u00fasen\u00fdch dosiek s hr\u00fabkou 18 mm na podlahe a 34 mm na stene. Strecha je \u0161ikm\u00e1 a doskov\u00e1 &#8211; m\u00f4\u017eete ju pokry\u0165 \u013eubovo\u013enou krytinou. K dispoz\u00edcii s\u00fa aj dreven\u00e9 dvojkr\u00eddlov\u00e9 dvere s jedn\u00fdm sklom, pevn\u00fdm z\u00e1mkom a k\u013eu\u010dkou a dvojit\u00e9 okno s 3 mm sklom. Bungalov Heidi je kompaktn\u00e1 stavba s rozmermi 4 x 6 m a interi\u00e9rom s rozlohou a\u017e 16 m\u00b2 a terasa m\u00e1 \u010fal\u0161\u00edch 8 m\u00b2 \u00fatuln\u00e9ho polootvoren\u00e9ho priestoru s miestom na z\u00e1hradn\u00fd n\u00e1bytok. Upozor\u0148ujeme, \u017ee jednopodla\u017en\u00fd dreven\u00fd dom Heidi v\u00e1m bude doru\u010den\u00fd na bezpe\u010dnej prepravnej palete (1200 kg), tak\u017ee budete potrebova\u0165 jednoduch\u00e9 n\u00e1radie a druh\u00fa osobu, ktor\u00e1 v\u00e1m pom\u00f4\u017ee s jeho mont\u00e1\u017eou. Dosky si kr\u00e1tko po mont\u00e1\u017ei vy\u017eaduj\u00fa impregn\u00e1ciu.<\/p>\n<p data-wp-editing=\"1\"><img loading=\"lazy\" decoding=\"async\" class=\"aligncenter wp-image-20393 size-full\" src=\"https:\/\/en.domkisauny.pl\/wp-content\/uploads\/2022\/10\/heidi-wymiary.jpg\" alt=\"\" width=\"2000\" height=\"1600\" srcset=\"https:\/\/dev.domkisauny.pl\/wp-content\/uploads\/2022\/10\/heidi-wymiary.jpg 2000w, https:\/\/dev.domkisauny.pl\/wp-content\/uploads\/2022\/10\/heidi-wymiary-300x240.jpg 300w, https:\/\/dev.domkisauny.pl\/wp-content\/uploads\/2022\/10\/heidi-wymiary-1024x819.jpg 1024w, https:\/\/dev.domkisauny.pl\/wp-content\/uploads\/2022\/10\/heidi-wymiary-768x614.jpg 768w, https:\/\/dev.domkisauny.pl\/wp-content\/uploads\/2022\/10\/heidi-wymiary-1536x1229.jpg 1536w, https:\/\/dev.domkisauny.pl\/wp-content\/uploads\/2022\/10\/heidi-wymiary-1000x800.jpg 1000w\" sizes=\"auto, (max-width: 2000px) 100vw, 2000px\" \/><\/p>\n<h3><strong><b>Jeden dom\u010dek, mnoho sp\u00f4sobov vyu\u017eitia<\/b><\/strong><\/h3>\n<p>Ma\u0165 vlastn\u00e9 \u0161tyri steny je neuverite\u013en\u00e9 pohodlie a sloboda, najm\u00e4 v lete. Ak si chcete odd\u00fdchnu\u0165 pod\u013ea vlastn\u00fdch predst\u00e1v a podmienok, vyberte si jednopodla\u017en\u00fd dom\u010dek Heidi, ktor\u00fd spln\u00ed va\u0161e po\u017eiadavky a umo\u017en\u00ed v\u00e1m pr\u00edjemn\u00fa dovolenku, grilova\u010dku alebo rodinn\u00fa oslavu. Dom\u010dek je mo\u017en\u00e9 \u00faspe\u0161ne vyu\u017e\u00edva\u0165 ako ubytovanie na pren\u00e1jom, ako aj v\u0161ade tam, kde s\u00fa turisti.<\/p>\n<p><img loading=\"lazy\" decoding=\"async\" class=\"aligncenter size-full wp-image-334\" src=\"https:\/\/domkysauny.sk\/wp-content\/uploads\/2022\/10\/HEIDI-rzuty-elewacji-scaled-1.jpg\" alt=\"Domek HEIDI 2\" width=\"2560\" height=\"1810\" srcset=\"https:\/\/dev.domkisauny.pl\/wp-content\/uploads\/2022\/10\/HEIDI-rzuty-elewacji-scaled-1.jpg 2560w, https:\/\/dev.domkisauny.pl\/wp-content\/uploads\/2022\/10\/HEIDI-rzuty-elewacji-scaled-1-300x212.jpg 300w, https:\/\/dev.domkisauny.pl\/wp-content\/uploads\/2022\/10\/HEIDI-rzuty-elewacji-scaled-1-768x543.jpg 768w, https:\/\/dev.domkisauny.pl\/wp-content\/uploads\/2022\/10\/HEIDI-rzuty-elewacji-scaled-1-1024x724.jpg 1024w, https:\/\/dev.domkisauny.pl\/wp-content\/uploads\/2022\/10\/HEIDI-rzuty-elewacji-scaled-1-1536x1086.jpg 1536w, https:\/\/dev.domkisauny.pl\/wp-content\/uploads\/2022\/10\/HEIDI-rzuty-elewacji-scaled-1-2048x1448.jpg 2048w, https:\/\/dev.domkisauny.pl\/wp-content\/uploads\/2022\/10\/HEIDI-rzuty-elewacji-scaled-1-1000x707.jpg 1000w\" sizes=\"auto, (max-width: 2560px) 100vw, 2560px\" \/><\/p>\n<p><img loading=\"lazy\" decoding=\"async\" class=\"aligncenter size-full wp-image-335\" src=\"https:\/\/domkysauny.sk\/wp-content\/uploads\/2022\/10\/rzut_heidi.png\" alt=\"\" width=\"512\" height=\"438\" srcset=\"https:\/\/dev.domkisauny.pl\/wp-content\/uploads\/2022\/10\/rzut_heidi.png 512w, https:\/\/dev.domkisauny.pl\/wp-content\/uploads\/2022\/10\/rzut_heidi-300x257.png 300w\" sizes=\"auto, (max-width: 512px) 100vw, 512px\" \/><\/p>\n<p style=\"text-align: center;\"><iframe loading=\"lazy\" title=\"YouTube video player\" src=\"https:\/\/www.youtube.com\/embed\/vhBc_LSKE60?si=OJsYw9g72v2krJ_K\" width=\"900\" height=\"500\" frameborder=\"0\" allowfullscreen=\"allowfullscreen\"><span style=\"display: inline-block; width: 0px; overflow: hidden; line-height: 0;\" data-mce-type=\"bookmark\" class=\"mce_SELRES_start\">\ufeff<\/span>&nbsp;<\/p>\n<p><\/iframe><\/p>\n","protected":false},"excerpt":{"rendered":"<p>\u0160pecifik\u00e1cia dom\u010deka: Vonkaj\u0161ie rozmery: 4 m x 6 m Rozmery domu: 4 m x 4 m Rozmer terasy: 4 m<\/p>\n","protected":false},"featured_media":19936,"template":"","meta":{"_acf_changed":false},"product_brand":[],"product_cat":[155],"product_tag":[],"class_list":{"0":"post-2416","1":"product","2":"type-product","3":"status-publish","4":"has-post-thumbnail","6":"product_cat-domceky","7":"product_shipping_class-wysylka-grupa1-sk","9":"first","10":"instock","11":"shipping-taxable","12":"purchasable","13":"product-type-simple"},"acf":[],"yoast_head":"<!-- This site is optimized with the Yoast SEO plugin v27.4 - https:\/\/yoast.com\/product\/yoast-seo-wordpress\/ -->\n<title>Dreven\u00fd dom\u010dek s terasou HEIDI 400cm x 600cm | Dom\u010deky, Sauny<\/title>\n<meta name=\"robots\" content=\"noindex, follow, max-snippet:-1, max-image-preview:large, max-video-preview:-1\" \/>\n<meta property=\"og:locale\" content=\"sk_SK\" \/>\n<meta property=\"og:type\" content=\"article\" \/>\n<meta property=\"og:title\" content=\"Dreven\u00fd dom\u010dek s terasou HEIDI 400cm x 600cm | Dom\u010deky, Sauny\" \/>\n<meta property=\"og:description\" content=\"\u0160pecifik\u00e1cia dom\u010deka: Vonkaj\u0161ie rozmery: 4 m x 6 m Rozmery domu: 4 m x 4 m Rozmer terasy: 4 m\" \/>\n<meta property=\"og:url\" content=\"https:\/\/dev.domkisauny.pl\/sk\/produkt\/dreveny-domcek-s-terasou-heidi-400cm-x-600cm\/\" \/>\n<meta property=\"og:site_name\" content=\"Dom\u010deky, Sauny\" \/>\n<meta property=\"article:publisher\" content=\"https:\/\/www.facebook.com\/DomkiSauny\" \/>\n<meta property=\"article:modified_time\" content=\"2025-05-14T20:28:44+00:00\" \/>\n<meta property=\"og:image\" content=\"https:\/\/dev.domkisauny.pl\/wp-content\/uploads\/2022\/10\/heidi-wizualizacja-2-1024x819.jpg\" \/>\n\t<meta property=\"og:image:width\" content=\"1024\" \/>\n\t<meta property=\"og:image:height\" content=\"819\" \/>\n\t<meta property=\"og:image:type\" content=\"image\/jpeg\" \/>\n<meta name=\"twitter:card\" content=\"summary_large_image\" \/>\n<meta name=\"twitter:label1\" content=\"Predpokladan\u00fd \u010das \u010d\u00edtania\" \/>\n\t<meta name=\"twitter:data1\" content=\"4 min\u00faty\" \/>\n<script type=\"application\/ld+json\" class=\"yoast-schema-graph\">{\"@context\":\"https:\\\/\\\/schema.org\",\"@graph\":[{\"@type\":\"WebPage\",\"@id\":\"https:\\\/\\\/dev.domkisauny.pl\\\/sk\\\/produkt\\\/dreveny-domcek-s-terasou-heidi-400cm-x-600cm\\\/\",\"url\":\"https:\\\/\\\/dev.domkisauny.pl\\\/sk\\\/produkt\\\/dreveny-domcek-s-terasou-heidi-400cm-x-600cm\\\/\",\"name\":\"Dreven\u00fd dom\u010dek s terasou HEIDI 400cm x 600cm | Dom\u010deky, Sauny\",\"isPartOf\":{\"@id\":\"https:\\\/\\\/dev.domkisauny.pl\\\/sk\\\/#website\"},\"primaryImageOfPage\":{\"@id\":\"https:\\\/\\\/dev.domkisauny.pl\\\/sk\\\/produkt\\\/dreveny-domcek-s-terasou-heidi-400cm-x-600cm\\\/#primaryimage\"},\"image\":{\"@id\":\"https:\\\/\\\/dev.domkisauny.pl\\\/sk\\\/produkt\\\/dreveny-domcek-s-terasou-heidi-400cm-x-600cm\\\/#primaryimage\"},\"thumbnailUrl\":\"https:\\\/\\\/dev.domkisauny.pl\\\/wp-content\\\/uploads\\\/2022\\\/10\\\/heidi-wizualizacja-2.jpg\",\"datePublished\":\"2022-10-04T13:11:06+00:00\",\"dateModified\":\"2025-05-14T20:28:44+00:00\",\"breadcrumb\":{\"@id\":\"https:\\\/\\\/dev.domkisauny.pl\\\/sk\\\/produkt\\\/dreveny-domcek-s-terasou-heidi-400cm-x-600cm\\\/#breadcrumb\"},\"inLanguage\":\"sk-SK\",\"potentialAction\":[{\"@type\":\"ReadAction\",\"target\":[\"https:\\\/\\\/dev.domkisauny.pl\\\/sk\\\/produkt\\\/dreveny-domcek-s-terasou-heidi-400cm-x-600cm\\\/\"]}]},{\"@type\":\"ImageObject\",\"inLanguage\":\"sk-SK\",\"@id\":\"https:\\\/\\\/dev.domkisauny.pl\\\/sk\\\/produkt\\\/dreveny-domcek-s-terasou-heidi-400cm-x-600cm\\\/#primaryimage\",\"url\":\"https:\\\/\\\/dev.domkisauny.pl\\\/wp-content\\\/uploads\\\/2022\\\/10\\\/heidi-wizualizacja-2.jpg\",\"contentUrl\":\"https:\\\/\\\/dev.domkisauny.pl\\\/wp-content\\\/uploads\\\/2022\\\/10\\\/heidi-wizualizacja-2.jpg\",\"width\":2000,\"height\":1600},{\"@type\":\"BreadcrumbList\",\"@id\":\"https:\\\/\\\/dev.domkisauny.pl\\\/sk\\\/produkt\\\/dreveny-domcek-s-terasou-heidi-400cm-x-600cm\\\/#breadcrumb\",\"itemListElement\":[{\"@type\":\"ListItem\",\"position\":1,\"name\":\"A&amp;M\",\"item\":\"https:\\\/\\\/dev.domkisauny.pl\\\/sk\\\/\"},{\"@type\":\"ListItem\",\"position\":2,\"name\":\"Produkty\",\"item\":\"https:\\\/\\\/dev.domkisauny.pl\\\/produkty\\\/\"},{\"@type\":\"ListItem\",\"position\":3,\"name\":\"Domy\",\"item\":\"https:\\\/\\\/dev.domkisauny.pl\\\/sk\\\/kategoria-produktu\\\/domy-sk\\\/\"},{\"@type\":\"ListItem\",\"position\":4,\"name\":\"Dom\u010deky\",\"item\":\"https:\\\/\\\/dev.domkisauny.pl\\\/sk\\\/kategoria-produktu\\\/domy-sk\\\/domceky\\\/\"},{\"@type\":\"ListItem\",\"position\":5,\"name\":\"Dreven\u00fd dom\u010dek s terasou HEIDI 400cm x 600cm\"}]},{\"@type\":\"WebSite\",\"@id\":\"https:\\\/\\\/dev.domkisauny.pl\\\/sk\\\/#website\",\"url\":\"https:\\\/\\\/dev.domkisauny.pl\\\/sk\\\/\",\"name\":\"Dom\u010deky, Sauny\",\"description\":\"\",\"publisher\":{\"@id\":\"https:\\\/\\\/dev.domkisauny.pl\\\/sk\\\/#organization\"},\"potentialAction\":[{\"@type\":\"SearchAction\",\"target\":{\"@type\":\"EntryPoint\",\"urlTemplate\":\"https:\\\/\\\/dev.domkisauny.pl\\\/sk\\\/?s={search_term_string}\"},\"query-input\":{\"@type\":\"PropertyValueSpecification\",\"valueRequired\":true,\"valueName\":\"search_term_string\"}}],\"inLanguage\":\"sk-SK\"},{\"@type\":\"Organization\",\"@id\":\"https:\\\/\\\/dev.domkisauny.pl\\\/sk\\\/#organization\",\"name\":\"Dom\u010deky, Sauny\",\"url\":\"https:\\\/\\\/dev.domkisauny.pl\\\/sk\\\/\",\"logo\":{\"@type\":\"ImageObject\",\"inLanguage\":\"sk-SK\",\"@id\":\"https:\\\/\\\/dev.domkisauny.pl\\\/sk\\\/#\\\/schema\\\/logo\\\/image\\\/\",\"url\":\"https:\\\/\\\/domkisauny.pl\\\/wp-content\\\/uploads\\\/2022\\\/09\\\/logo_03.png\",\"contentUrl\":\"https:\\\/\\\/domkisauny.pl\\\/wp-content\\\/uploads\\\/2022\\\/09\\\/logo_03.png\",\"width\":95,\"height\":81,\"caption\":\"Dom\u010deky, Sauny\"},\"image\":{\"@id\":\"https:\\\/\\\/dev.domkisauny.pl\\\/sk\\\/#\\\/schema\\\/logo\\\/image\\\/\"},\"sameAs\":[\"https:\\\/\\\/www.facebook.com\\\/DomkiSauny\"]}]}<\/script>\n<!-- \/ Yoast SEO plugin. -->","yoast_head_json":{"title":"Dreven\u00fd dom\u010dek s terasou HEIDI 400cm x 600cm | Dom\u010deky, Sauny","robots":{"index":"noindex","follow":"follow","max-snippet":"max-snippet:-1","max-image-preview":"max-image-preview:large","max-video-preview":"max-video-preview:-1"},"og_locale":"sk_SK","og_type":"article","og_title":"Dreven\u00fd dom\u010dek s terasou HEIDI 400cm x 600cm | Dom\u010deky, Sauny","og_description":"\u0160pecifik\u00e1cia dom\u010deka: Vonkaj\u0161ie rozmery: 4 m x 6 m Rozmery domu: 4 m x 4 m Rozmer terasy: 4 m","og_url":"https:\/\/dev.domkisauny.pl\/sk\/produkt\/dreveny-domcek-s-terasou-heidi-400cm-x-600cm\/","og_site_name":"Dom\u010deky, Sauny","article_publisher":"https:\/\/www.facebook.com\/DomkiSauny","article_modified_time":"2025-05-14T20:28:44+00:00","og_image":[{"width":1024,"height":819,"url":"https:\/\/dev.domkisauny.pl\/wp-content\/uploads\/2022\/10\/heidi-wizualizacja-2-1024x819.jpg","type":"image\/jpeg"}],"twitter_card":"summary_large_image","twitter_misc":{"Predpokladan\u00fd \u010das \u010d\u00edtania":"4 min\u00faty"},"schema":{"@context":"https:\/\/schema.org","@graph":[{"@type":"WebPage","@id":"https:\/\/dev.domkisauny.pl\/sk\/produkt\/dreveny-domcek-s-terasou-heidi-400cm-x-600cm\/","url":"https:\/\/dev.domkisauny.pl\/sk\/produkt\/dreveny-domcek-s-terasou-heidi-400cm-x-600cm\/","name":"Dreven\u00fd dom\u010dek s terasou HEIDI 400cm x 600cm | Dom\u010deky, Sauny","isPartOf":{"@id":"https:\/\/dev.domkisauny.pl\/sk\/#website"},"primaryImageOfPage":{"@id":"https:\/\/dev.domkisauny.pl\/sk\/produkt\/dreveny-domcek-s-terasou-heidi-400cm-x-600cm\/#primaryimage"},"image":{"@id":"https:\/\/dev.domkisauny.pl\/sk\/produkt\/dreveny-domcek-s-terasou-heidi-400cm-x-600cm\/#primaryimage"},"thumbnailUrl":"https:\/\/dev.domkisauny.pl\/wp-content\/uploads\/2022\/10\/heidi-wizualizacja-2.jpg","datePublished":"2022-10-04T13:11:06+00:00","dateModified":"2025-05-14T20:28:44+00:00","breadcrumb":{"@id":"https:\/\/dev.domkisauny.pl\/sk\/produkt\/dreveny-domcek-s-terasou-heidi-400cm-x-600cm\/#breadcrumb"},"inLanguage":"sk-SK","potentialAction":[{"@type":"ReadAction","target":["https:\/\/dev.domkisauny.pl\/sk\/produkt\/dreveny-domcek-s-terasou-heidi-400cm-x-600cm\/"]}]},{"@type":"ImageObject","inLanguage":"sk-SK","@id":"https:\/\/dev.domkisauny.pl\/sk\/produkt\/dreveny-domcek-s-terasou-heidi-400cm-x-600cm\/#primaryimage","url":"https:\/\/dev.domkisauny.pl\/wp-content\/uploads\/2022\/10\/heidi-wizualizacja-2.jpg","contentUrl":"https:\/\/dev.domkisauny.pl\/wp-content\/uploads\/2022\/10\/heidi-wizualizacja-2.jpg","width":2000,"height":1600},{"@type":"BreadcrumbList","@id":"https:\/\/dev.domkisauny.pl\/sk\/produkt\/dreveny-domcek-s-terasou-heidi-400cm-x-600cm\/#breadcrumb","itemListElement":[{"@type":"ListItem","position":1,"name":"A&amp;M","item":"https:\/\/dev.domkisauny.pl\/sk\/"},{"@type":"ListItem","position":2,"name":"Produkty","item":"https:\/\/dev.domkisauny.pl\/produkty\/"},{"@type":"ListItem","position":3,"name":"Domy","item":"https:\/\/dev.domkisauny.pl\/sk\/kategoria-produktu\/domy-sk\/"},{"@type":"ListItem","position":4,"name":"Dom\u010deky","item":"https:\/\/dev.domkisauny.pl\/sk\/kategoria-produktu\/domy-sk\/domceky\/"},{"@type":"ListItem","position":5,"name":"Dreven\u00fd dom\u010dek s terasou HEIDI 400cm x 600cm"}]},{"@type":"WebSite","@id":"https:\/\/dev.domkisauny.pl\/sk\/#website","url":"https:\/\/dev.domkisauny.pl\/sk\/","name":"Dom\u010deky, Sauny","description":"","publisher":{"@id":"https:\/\/dev.domkisauny.pl\/sk\/#organization"},"potentialAction":[{"@type":"SearchAction","target":{"@type":"EntryPoint","urlTemplate":"https:\/\/dev.domkisauny.pl\/sk\/?s={search_term_string}"},"query-input":{"@type":"PropertyValueSpecification","valueRequired":true,"valueName":"search_term_string"}}],"inLanguage":"sk-SK"},{"@type":"Organization","@id":"https:\/\/dev.domkisauny.pl\/sk\/#organization","name":"Dom\u010deky, Sauny","url":"https:\/\/dev.domkisauny.pl\/sk\/","logo":{"@type":"ImageObject","inLanguage":"sk-SK","@id":"https:\/\/dev.domkisauny.pl\/sk\/#\/schema\/logo\/image\/","url":"https:\/\/domkisauny.pl\/wp-content\/uploads\/2022\/09\/logo_03.png","contentUrl":"https:\/\/domkisauny.pl\/wp-content\/uploads\/2022\/09\/logo_03.png","width":95,"height":81,"caption":"Dom\u010deky, Sauny"},"image":{"@id":"https:\/\/dev.domkisauny.pl\/sk\/#\/schema\/logo\/image\/"},"sameAs":["https:\/\/www.facebook.com\/DomkiSauny"]}]}},"_links":{"self":[{"href":"https:\/\/dev.domkisauny.pl\/sk\/wp-json\/wp\/v2\/product\/2416","targetHints":{"allow":["GET"]}}],"collection":[{"href":"https:\/\/dev.domkisauny.pl\/sk\/wp-json\/wp\/v2\/product"}],"about":[{"href":"https:\/\/dev.domkisauny.pl\/sk\/wp-json\/wp\/v2\/types\/product"}],"wp:featuredmedia":[{"embeddable":true,"href":"https:\/\/dev.domkisauny.pl\/sk\/wp-json\/wp\/v2\/media\/19936"}],"wp:attachment":[{"href":"https:\/\/dev.domkisauny.pl\/sk\/wp-json\/wp\/v2\/media?parent=2416"}],"wp:term":[{"taxonomy":"product_brand","embeddable":true,"href":"https:\/\/dev.domkisauny.pl\/sk\/wp-json\/wp\/v2\/product_brand?post=2416"},{"taxonomy":"product_cat","embeddable":true,"href":"https:\/\/dev.domkisauny.pl\/sk\/wp-json\/wp\/v2\/product_cat?post=2416"},{"taxonomy":"product_tag","embeddable":true,"href":"https:\/\/dev.domkisauny.pl\/sk\/wp-json\/wp\/v2\/product_tag?post=2416"}],"curies":[{"name":"wp","href":"https:\/\/api.w.org\/{rel}","templated":true}]}}