{"id":2413,"date":"2022-10-04T14:54:48","date_gmt":"2022-10-04T12:54:48","guid":{"rendered":"https:\/\/domkisauny.pl\/produkt\/altana-i-3m-x-3m\/"},"modified":"2025-05-23T14:07:09","modified_gmt":"2025-05-23T12:07:09","slug":"altanok-i-300-x-300-cm","status":"publish","type":"product","link":"https:\/\/dev.domkisauny.pl\/sk\/produkt\/altanok-i-300-x-300-cm\/","title":{"rendered":"Alt\u00e1nok I &#8211; 300 x 300 cm"},"content":{"rendered":"<p>Je to kompaktn\u00e1 kon\u0161trukcia vhodn\u00e1 do z\u00e1hrady alebo na pozemok. Vyroben\u00fd z po\u013esk\u00e9ho smrekov\u00e9ho dreva.<\/p>\n<p>Alt\u00e1nok 1 m\u00e1 rozmery 3 x 3 m a 3 zabudovan\u00e9 dreven\u00e9 a\u017e\u00farov\u00e9 panely. Kon\u0161trukcia je zalo\u017een\u00e1 na 4 nosn\u00fdch st\u013apikoch s prierezom 9 x 9 cm. Stre\u0161n\u00e9 dosky maj\u00fa hr\u00fabku 18 mm, v\u00fd\u0161ka alt\u00e1nku 268 cm. Drevo pou\u017eit\u00e9 na kon\u0161trukciu je vysu\u0161en\u00e9 a zo \u0161tyroch str\u00e1n ohob\u013eovan\u00e9.<\/p>\n<p>Z\u00e1hradn\u00fd alt\u00e1nok je rozdelen\u00fd na moduly, zabalen\u00fd a dodan\u00fd na prepravnej palete. Vy\u017eaduje si vlastn\u00fa mont\u00e1\u017e a doplnenie stre\u0161n\u00e9ho pl\u00e1\u0161\u0165a.<\/p>\n<h3>Alt\u00e1nok 1 s a\u017e\u00farmi, 3 x 3 m<\/h3>\n<p><img loading=\"lazy\" decoding=\"async\" class=\"aligncenter size-large wp-image-10997\" src=\"https:\/\/domkysauny.sk\/wp-content\/uploads\/2022\/10\/611701386-altana_i-1024x576.jpg\" alt=\"\" width=\"1024\" height=\"576\" srcset=\"https:\/\/dev.domkisauny.pl\/wp-content\/uploads\/2022\/10\/611701386-altana_i-1024x576.jpg 1024w, https:\/\/dev.domkisauny.pl\/wp-content\/uploads\/2022\/10\/611701386-altana_i-300x169.jpg 300w, https:\/\/dev.domkisauny.pl\/wp-content\/uploads\/2022\/10\/611701386-altana_i-768x432.jpg 768w, https:\/\/dev.domkisauny.pl\/wp-content\/uploads\/2022\/10\/611701386-altana_i-1536x864.jpg 1536w, https:\/\/dev.domkisauny.pl\/wp-content\/uploads\/2022\/10\/611701386-altana_i-1000x563.jpg 1000w, https:\/\/dev.domkisauny.pl\/wp-content\/uploads\/2022\/10\/611701386-altana_i-1320x743.jpg 1320w, https:\/\/dev.domkisauny.pl\/wp-content\/uploads\/2022\/10\/611701386-altana_i.jpg 2000w\" sizes=\"auto, (max-width: 1024px) 100vw, 1024px\" \/><\/p>\n<h3>Z\u00e1hradn\u00fd alt\u00e1nok &#8211; vyu\u017eite ho naplno<\/h3>\n<p>Relax po pr\u00e1ci alebo na dovolenke je samozrejmos\u0165ou, ale aby ste si ho \u010do najviac u\u017eili, vyberte si Alt\u00e1nok 1 od spolo\u010dnosti A&amp;M. T\u00e1to zdanlivo jednoduch\u00e1 \u0161trukt\u00fara v sebe skr\u00fdva mno\u017estvo v\u00fdhod a umo\u017e\u0148uje v\u00e1m vychutna\u0165 si relax\u00e1ciu r\u00f4znymi sp\u00f4sobmi. Alt\u00e1nok v z\u00e1hrade je tie\u017e origin\u00e1lnou dekor\u00e1ciou, ktor\u00e1 pom\u00e1ha organizova\u0165 rodinn\u00e9 oslavy, v\u00edkendov\u00e9 stretnutia s priate\u013emi alebo sladk\u00e9 le\u0148o\u0161enie osamote. Vlastn\u00fd alt\u00e1nok znamen\u00e1 aj grilovanie, spievanie a spolo\u010dn\u00e9 tr\u00e1venie \u010dasu obklopen\u00e9 pr\u00edrodou, ale pod strechou.<\/p>\n<h3>Tradi\u010dne vyroben\u00e9 z po\u013esk\u00e9ho dreva<\/h3>\n<p>Alt\u00e1nok 1 od spolo\u010dnosti A&amp;M je pr\u00edrodn\u00fd produkt, ru\u010dne vyr\u00e1ban\u00fd len zo su\u0161en\u00e9ho smrekov\u00e9ho dreva z po\u013esk\u00fdch lesov. Hob\u013eovan\u00e9 dosky na \u0161tyroch stran\u00e1ch dod\u00e1vaj\u00fa alt\u00e1nku jedine\u010dn\u00fd \u0161t\u00fdl. Kon\u0161trukcia sa vyzna\u010duje stabilitou a m\u00e1 3 dreven\u00e9 a\u017e\u00farov\u00e9 mre\u017ee, ktor\u00e9 nielen chr\u00e1nia s\u00fakromie, ale m\u00f4\u017eu by\u0165 ide\u00e1lne pre pop\u00ednav\u00e9 rastliny. Okrem toho s\u00fa tu z\u00e1bradlia, ktor\u00e9 zabezpe\u010duj\u00fa stabilitu. Z\u00e1klad alt\u00e1nku tvoria 2 m vysok\u00e9 tr\u00e1my 9 x 9 cm &#8211; podopieraj\u00fa strechu z 18 mm hrub\u00fdch dosiek a zjednocuj\u00fa cel\u00fa kon\u0161trukciu (v\u00fd\u0161ka 268 cm). V\u010faka tomu m\u00e1te k dispoz\u00edcii 9 m\u00b2 priestoru, ktor\u00fd si m\u00f4\u017eete zariadi\u0165 pod\u013ea svojich predst\u00e1v. Objednajte si alt\u00e1nok s bezpe\u010dn\u00fdm dodan\u00edm &#8211; prvky s\u00fa zabalen\u00e9 na prepravnej palete.<\/p>\n<p><img loading=\"lazy\" decoding=\"async\" class=\"aligncenter size-large wp-image-11001\" src=\"https:\/\/domkysauny.sk\/wp-content\/uploads\/2022\/10\/Altana-I-3x3m-rzuty-1024x819.jpg\" alt=\"\" width=\"1024\" height=\"819\" srcset=\"https:\/\/dev.domkisauny.pl\/wp-content\/uploads\/2022\/10\/Altana-I-3x3m-rzuty-1024x819.jpg 1024w, https:\/\/dev.domkisauny.pl\/wp-content\/uploads\/2022\/10\/Altana-I-3x3m-rzuty-300x240.jpg 300w, https:\/\/dev.domkisauny.pl\/wp-content\/uploads\/2022\/10\/Altana-I-3x3m-rzuty-768x614.jpg 768w, https:\/\/dev.domkisauny.pl\/wp-content\/uploads\/2022\/10\/Altana-I-3x3m-rzuty-1536x1229.jpg 1536w, https:\/\/dev.domkisauny.pl\/wp-content\/uploads\/2022\/10\/Altana-I-3x3m-rzuty-1000x800.jpg 1000w, https:\/\/dev.domkisauny.pl\/wp-content\/uploads\/2022\/10\/Altana-I-3x3m-rzuty-1320x1056.jpg 1320w, https:\/\/dev.domkisauny.pl\/wp-content\/uploads\/2022\/10\/Altana-I-3x3m-rzuty.jpg 2000w\" sizes=\"auto, (max-width: 1024px) 100vw, 1024px\" \/><\/p>\n<h3>Spl\u0148te si svoje sny, sami<\/h3>\n<p>Ak nem\u00e1te n\u00e1pad pre svoju z\u00e1hradu, objednajte si dreven\u00fd alt\u00e1nok, ktor\u00fd dokonale splynie so zelen\u00fdm okol\u00edm a vy sa budete ma\u0165 \u010d\u00edm pochv\u00e1li\u0165. Predt\u00fdm, ako si postav\u00edte gril, v\u00e1s v\u0161ak \u010dak\u00e1 n\u00e1ro\u010dn\u00e1 \u00faloha zostavi\u0165 kon\u0161trukciu svojpomocne, vybra\u0165 a polo\u017ei\u0165 stre\u0161n\u00fa krytinu a polo\u017ei\u0165 podlahu alebo tvrden\u00fa plochu, na ktorej bude alt\u00e1nok st\u00e1\u0165. Nemajte v\u0161ak obavy, pr\u00e1ca je jednoduch\u00e1 a na jej vykonanie budete potrebova\u0165 jednoduch\u00e9 n\u00e1stroje a pomocn\u00edka. Je to dobr\u00fd sp\u00f4sob, ako zabi\u0165 nudu a stimulova\u0165 svoju predstavivos\u0165. Okrem toho je spolo\u010dn\u00e1 pr\u00e1ca z\u00e1bavn\u00e1 a poskytne ve\u013ea t\u00e9m na rozhovor, ke\u010f bude alt\u00e1nok hotov\u00fd a vybaven\u00fd. Potom u\u017e zost\u00e1va len relaxova\u0165 a pr\u00edjemne si odd\u00fdchnu\u0165 v bl\u00edzkosti pr\u00edrody.<\/p>\n<p><img loading=\"lazy\" decoding=\"async\" class=\"aligncenter size-full wp-image-320\" src=\"https:\/\/domkysauny.sk\/wp-content\/uploads\/2022\/10\/4.png\" alt=\"\" width=\"478\" height=\"780\" srcset=\"https:\/\/dev.domkisauny.pl\/wp-content\/uploads\/2022\/10\/4.png 478w, https:\/\/dev.domkisauny.pl\/wp-content\/uploads\/2022\/10\/4-184x300.png 184w, https:\/\/dev.domkisauny.pl\/wp-content\/uploads\/2022\/10\/4-300x490.png 300w\" sizes=\"auto, (max-width: 478px) 100vw, 478px\" \/><\/p>\n","protected":false},"excerpt":{"rendered":"<p>Je to kompaktn\u00e1 kon\u0161trukcia vhodn\u00e1 do z\u00e1hrady alebo na pozemok. Vyroben\u00fd z po\u013esk\u00e9ho smrekov\u00e9ho dreva. Alt\u00e1nok 1 m\u00e1 rozmery 3<\/p>\n","protected":false},"featured_media":11000,"template":"","meta":{"_acf_changed":false},"product_brand":[],"product_cat":[151],"product_tag":[],"class_list":{"0":"post-2413","1":"product","2":"type-product","3":"status-publish","4":"has-post-thumbnail","6":"product_cat-altanky","7":"product_shipping_class-wysylka-grupa1-sk","9":"first","10":"instock","11":"shipping-taxable","12":"purchasable","13":"product-type-simple"},"acf":[],"yoast_head":"<!-- This site is optimized with the Yoast SEO plugin v27.4 - https:\/\/yoast.com\/product\/yoast-seo-wordpress\/ -->\n<title>Alt\u00e1nok I - 300 x 300 cm | Dom\u010deky, Sauny<\/title>\n<meta name=\"robots\" content=\"noindex, follow, max-snippet:-1, max-image-preview:large, max-video-preview:-1\" \/>\n<meta property=\"og:locale\" content=\"sk_SK\" \/>\n<meta property=\"og:type\" content=\"article\" \/>\n<meta property=\"og:title\" content=\"Alt\u00e1nok I - 300 x 300 cm | Dom\u010deky, Sauny\" \/>\n<meta property=\"og:description\" content=\"Je to kompaktn\u00e1 kon\u0161trukcia vhodn\u00e1 do z\u00e1hrady alebo na pozemok. Vyroben\u00fd z po\u013esk\u00e9ho smrekov\u00e9ho dreva. Alt\u00e1nok 1 m\u00e1 rozmery 3\" \/>\n<meta property=\"og:url\" content=\"https:\/\/dev.domkisauny.pl\/sk\/produkt\/altanok-i-300-x-300-cm\/\" \/>\n<meta property=\"og:site_name\" content=\"Dom\u010deky, Sauny\" \/>\n<meta property=\"article:publisher\" content=\"https:\/\/www.facebook.com\/DomkiSauny\" \/>\n<meta property=\"article:modified_time\" content=\"2025-05-23T12:07:09+00:00\" \/>\n<meta property=\"og:image\" content=\"https:\/\/dev.domkisauny.pl\/wp-content\/uploads\/2022\/10\/611701386-altana_i.jpg\" \/>\n\t<meta property=\"og:image:width\" content=\"2000\" \/>\n\t<meta property=\"og:image:height\" content=\"1125\" \/>\n\t<meta property=\"og:image:type\" content=\"image\/jpeg\" \/>\n<meta name=\"twitter:card\" content=\"summary_large_image\" \/>\n<meta name=\"twitter:label1\" content=\"Predpokladan\u00fd \u010das \u010d\u00edtania\" \/>\n\t<meta name=\"twitter:data1\" content=\"4 min\u00faty\" \/>\n<script type=\"application\/ld+json\" class=\"yoast-schema-graph\">{\"@context\":\"https:\\\/\\\/schema.org\",\"@graph\":[{\"@type\":\"WebPage\",\"@id\":\"https:\\\/\\\/dev.domkisauny.pl\\\/sk\\\/produkt\\\/altanok-i-300-x-300-cm\\\/\",\"url\":\"https:\\\/\\\/dev.domkisauny.pl\\\/sk\\\/produkt\\\/altanok-i-300-x-300-cm\\\/\",\"name\":\"Alt\u00e1nok I - 300 x 300 cm | Dom\u010deky, Sauny\",\"isPartOf\":{\"@id\":\"https:\\\/\\\/dev.domkisauny.pl\\\/sk\\\/#website\"},\"primaryImageOfPage\":{\"@id\":\"https:\\\/\\\/dev.domkisauny.pl\\\/sk\\\/produkt\\\/altanok-i-300-x-300-cm\\\/#primaryimage\"},\"image\":{\"@id\":\"https:\\\/\\\/dev.domkisauny.pl\\\/sk\\\/produkt\\\/altanok-i-300-x-300-cm\\\/#primaryimage\"},\"thumbnailUrl\":\"https:\\\/\\\/dev.domkisauny.pl\\\/wp-content\\\/uploads\\\/2022\\\/10\\\/611701386-altana_i.jpg\",\"datePublished\":\"2022-10-04T12:54:48+00:00\",\"dateModified\":\"2025-05-23T12:07:09+00:00\",\"breadcrumb\":{\"@id\":\"https:\\\/\\\/dev.domkisauny.pl\\\/sk\\\/produkt\\\/altanok-i-300-x-300-cm\\\/#breadcrumb\"},\"inLanguage\":\"sk-SK\",\"potentialAction\":[{\"@type\":\"ReadAction\",\"target\":[\"https:\\\/\\\/dev.domkisauny.pl\\\/sk\\\/produkt\\\/altanok-i-300-x-300-cm\\\/\"]}]},{\"@type\":\"ImageObject\",\"inLanguage\":\"sk-SK\",\"@id\":\"https:\\\/\\\/dev.domkisauny.pl\\\/sk\\\/produkt\\\/altanok-i-300-x-300-cm\\\/#primaryimage\",\"url\":\"https:\\\/\\\/dev.domkisauny.pl\\\/wp-content\\\/uploads\\\/2022\\\/10\\\/611701386-altana_i.jpg\",\"contentUrl\":\"https:\\\/\\\/dev.domkisauny.pl\\\/wp-content\\\/uploads\\\/2022\\\/10\\\/611701386-altana_i.jpg\",\"width\":2000,\"height\":1125},{\"@type\":\"BreadcrumbList\",\"@id\":\"https:\\\/\\\/dev.domkisauny.pl\\\/sk\\\/produkt\\\/altanok-i-300-x-300-cm\\\/#breadcrumb\",\"itemListElement\":[{\"@type\":\"ListItem\",\"position\":1,\"name\":\"A&amp;M\",\"item\":\"https:\\\/\\\/dev.domkisauny.pl\\\/sk\\\/\"},{\"@type\":\"ListItem\",\"position\":2,\"name\":\"Produkty\",\"item\":\"https:\\\/\\\/dev.domkisauny.pl\\\/produkty\\\/\"},{\"@type\":\"ListItem\",\"position\":3,\"name\":\"Alt\u00e1nky\",\"item\":\"https:\\\/\\\/dev.domkisauny.pl\\\/sk\\\/kategoria-produktu\\\/altanky\\\/\"},{\"@type\":\"ListItem\",\"position\":4,\"name\":\"Alt\u00e1nok I &#8211; 300 x 300 cm\"}]},{\"@type\":\"WebSite\",\"@id\":\"https:\\\/\\\/dev.domkisauny.pl\\\/sk\\\/#website\",\"url\":\"https:\\\/\\\/dev.domkisauny.pl\\\/sk\\\/\",\"name\":\"Dom\u010deky, Sauny\",\"description\":\"\",\"publisher\":{\"@id\":\"https:\\\/\\\/dev.domkisauny.pl\\\/sk\\\/#organization\"},\"potentialAction\":[{\"@type\":\"SearchAction\",\"target\":{\"@type\":\"EntryPoint\",\"urlTemplate\":\"https:\\\/\\\/dev.domkisauny.pl\\\/sk\\\/?s={search_term_string}\"},\"query-input\":{\"@type\":\"PropertyValueSpecification\",\"valueRequired\":true,\"valueName\":\"search_term_string\"}}],\"inLanguage\":\"sk-SK\"},{\"@type\":\"Organization\",\"@id\":\"https:\\\/\\\/dev.domkisauny.pl\\\/sk\\\/#organization\",\"name\":\"Dom\u010deky, Sauny\",\"url\":\"https:\\\/\\\/dev.domkisauny.pl\\\/sk\\\/\",\"logo\":{\"@type\":\"ImageObject\",\"inLanguage\":\"sk-SK\",\"@id\":\"https:\\\/\\\/dev.domkisauny.pl\\\/sk\\\/#\\\/schema\\\/logo\\\/image\\\/\",\"url\":\"https:\\\/\\\/domkisauny.pl\\\/wp-content\\\/uploads\\\/2022\\\/09\\\/logo_03.png\",\"contentUrl\":\"https:\\\/\\\/domkisauny.pl\\\/wp-content\\\/uploads\\\/2022\\\/09\\\/logo_03.png\",\"width\":95,\"height\":81,\"caption\":\"Dom\u010deky, Sauny\"},\"image\":{\"@id\":\"https:\\\/\\\/dev.domkisauny.pl\\\/sk\\\/#\\\/schema\\\/logo\\\/image\\\/\"},\"sameAs\":[\"https:\\\/\\\/www.facebook.com\\\/DomkiSauny\"]}]}<\/script>\n<!-- \/ Yoast SEO plugin. -->","yoast_head_json":{"title":"Alt\u00e1nok I - 300 x 300 cm | Dom\u010deky, Sauny","robots":{"index":"noindex","follow":"follow","max-snippet":"max-snippet:-1","max-image-preview":"max-image-preview:large","max-video-preview":"max-video-preview:-1"},"og_locale":"sk_SK","og_type":"article","og_title":"Alt\u00e1nok I - 300 x 300 cm | Dom\u010deky, Sauny","og_description":"Je to kompaktn\u00e1 kon\u0161trukcia vhodn\u00e1 do z\u00e1hrady alebo na pozemok. Vyroben\u00fd z po\u013esk\u00e9ho smrekov\u00e9ho dreva. Alt\u00e1nok 1 m\u00e1 rozmery 3","og_url":"https:\/\/dev.domkisauny.pl\/sk\/produkt\/altanok-i-300-x-300-cm\/","og_site_name":"Dom\u010deky, Sauny","article_publisher":"https:\/\/www.facebook.com\/DomkiSauny","article_modified_time":"2025-05-23T12:07:09+00:00","og_image":[{"width":2000,"height":1125,"url":"https:\/\/dev.domkisauny.pl\/wp-content\/uploads\/2022\/10\/611701386-altana_i.jpg","type":"image\/jpeg"}],"twitter_card":"summary_large_image","twitter_misc":{"Predpokladan\u00fd \u010das \u010d\u00edtania":"4 min\u00faty"},"schema":{"@context":"https:\/\/schema.org","@graph":[{"@type":"WebPage","@id":"https:\/\/dev.domkisauny.pl\/sk\/produkt\/altanok-i-300-x-300-cm\/","url":"https:\/\/dev.domkisauny.pl\/sk\/produkt\/altanok-i-300-x-300-cm\/","name":"Alt\u00e1nok I - 300 x 300 cm | Dom\u010deky, Sauny","isPartOf":{"@id":"https:\/\/dev.domkisauny.pl\/sk\/#website"},"primaryImageOfPage":{"@id":"https:\/\/dev.domkisauny.pl\/sk\/produkt\/altanok-i-300-x-300-cm\/#primaryimage"},"image":{"@id":"https:\/\/dev.domkisauny.pl\/sk\/produkt\/altanok-i-300-x-300-cm\/#primaryimage"},"thumbnailUrl":"https:\/\/dev.domkisauny.pl\/wp-content\/uploads\/2022\/10\/611701386-altana_i.jpg","datePublished":"2022-10-04T12:54:48+00:00","dateModified":"2025-05-23T12:07:09+00:00","breadcrumb":{"@id":"https:\/\/dev.domkisauny.pl\/sk\/produkt\/altanok-i-300-x-300-cm\/#breadcrumb"},"inLanguage":"sk-SK","potentialAction":[{"@type":"ReadAction","target":["https:\/\/dev.domkisauny.pl\/sk\/produkt\/altanok-i-300-x-300-cm\/"]}]},{"@type":"ImageObject","inLanguage":"sk-SK","@id":"https:\/\/dev.domkisauny.pl\/sk\/produkt\/altanok-i-300-x-300-cm\/#primaryimage","url":"https:\/\/dev.domkisauny.pl\/wp-content\/uploads\/2022\/10\/611701386-altana_i.jpg","contentUrl":"https:\/\/dev.domkisauny.pl\/wp-content\/uploads\/2022\/10\/611701386-altana_i.jpg","width":2000,"height":1125},{"@type":"BreadcrumbList","@id":"https:\/\/dev.domkisauny.pl\/sk\/produkt\/altanok-i-300-x-300-cm\/#breadcrumb","itemListElement":[{"@type":"ListItem","position":1,"name":"A&amp;M","item":"https:\/\/dev.domkisauny.pl\/sk\/"},{"@type":"ListItem","position":2,"name":"Produkty","item":"https:\/\/dev.domkisauny.pl\/produkty\/"},{"@type":"ListItem","position":3,"name":"Alt\u00e1nky","item":"https:\/\/dev.domkisauny.pl\/sk\/kategoria-produktu\/altanky\/"},{"@type":"ListItem","position":4,"name":"Alt\u00e1nok I &#8211; 300 x 300 cm"}]},{"@type":"WebSite","@id":"https:\/\/dev.domkisauny.pl\/sk\/#website","url":"https:\/\/dev.domkisauny.pl\/sk\/","name":"Dom\u010deky, Sauny","description":"","publisher":{"@id":"https:\/\/dev.domkisauny.pl\/sk\/#organization"},"potentialAction":[{"@type":"SearchAction","target":{"@type":"EntryPoint","urlTemplate":"https:\/\/dev.domkisauny.pl\/sk\/?s={search_term_string}"},"query-input":{"@type":"PropertyValueSpecification","valueRequired":true,"valueName":"search_term_string"}}],"inLanguage":"sk-SK"},{"@type":"Organization","@id":"https:\/\/dev.domkisauny.pl\/sk\/#organization","name":"Dom\u010deky, Sauny","url":"https:\/\/dev.domkisauny.pl\/sk\/","logo":{"@type":"ImageObject","inLanguage":"sk-SK","@id":"https:\/\/dev.domkisauny.pl\/sk\/#\/schema\/logo\/image\/","url":"https:\/\/domkisauny.pl\/wp-content\/uploads\/2022\/09\/logo_03.png","contentUrl":"https:\/\/domkisauny.pl\/wp-content\/uploads\/2022\/09\/logo_03.png","width":95,"height":81,"caption":"Dom\u010deky, Sauny"},"image":{"@id":"https:\/\/dev.domkisauny.pl\/sk\/#\/schema\/logo\/image\/"},"sameAs":["https:\/\/www.facebook.com\/DomkiSauny"]}]}},"_links":{"self":[{"href":"https:\/\/dev.domkisauny.pl\/sk\/wp-json\/wp\/v2\/product\/2413","targetHints":{"allow":["GET"]}}],"collection":[{"href":"https:\/\/dev.domkisauny.pl\/sk\/wp-json\/wp\/v2\/product"}],"about":[{"href":"https:\/\/dev.domkisauny.pl\/sk\/wp-json\/wp\/v2\/types\/product"}],"wp:featuredmedia":[{"embeddable":true,"href":"https:\/\/dev.domkisauny.pl\/sk\/wp-json\/wp\/v2\/media\/11000"}],"wp:attachment":[{"href":"https:\/\/dev.domkisauny.pl\/sk\/wp-json\/wp\/v2\/media?parent=2413"}],"wp:term":[{"taxonomy":"product_brand","embeddable":true,"href":"https:\/\/dev.domkisauny.pl\/sk\/wp-json\/wp\/v2\/product_brand?post=2413"},{"taxonomy":"product_cat","embeddable":true,"href":"https:\/\/dev.domkisauny.pl\/sk\/wp-json\/wp\/v2\/product_cat?post=2413"},{"taxonomy":"product_tag","embeddable":true,"href":"https:\/\/dev.domkisauny.pl\/sk\/wp-json\/wp\/v2\/product_tag?post=2413"}],"curies":[{"name":"wp","href":"https:\/\/api.w.org\/{rel}","templated":true}]}}