{"id":2380,"date":"2022-09-21T11:53:30","date_gmt":"2022-09-21T09:53:30","guid":{"rendered":"https:\/\/domkisauny.pl\/produkt\/sauna-2m-bez-przedsionka\/"},"modified":"2025-05-21T16:40:55","modified_gmt":"2025-05-21T14:40:55","slug":"zahradna-sauna-sud-200-cm","status":"publish","type":"product","link":"https:\/\/dev.domkisauny.pl\/sk\/produkt\/zahradna-sauna-sud-200-cm\/","title":{"rendered":"Z\u00e1hradn\u00e1 sauna sud 200 cm"},"content":{"rendered":"<h3><strong><b>\u0160pecifik\u00e1cia:<\/b><\/strong><\/h3>\n<ul>\n<li><b><\/b><strong><b>Vonkaj\u0161ie rozmery: <\/b><\/strong>d\u013a\u017eka 2 m, v\u00fd\u0161ka 2 m<\/li>\n<li><b><\/b><strong><b>hr\u00fabka steny:<\/b><\/strong>45 mm<\/li>\n<li><b><\/b><strong><b>drevo: <\/b><\/strong>smrek<\/li>\n<li><b><\/b><strong><b>strecha: <\/b><\/strong>asfaltov\u00fd \u0161inde\u013e v sivej farbe<\/li>\n<li><b><\/b><strong><b>dvere: <\/b><\/strong>dreven\u00e9 s tvrden\u00fdm sklom<\/li>\n<li><b><\/b><strong><b>dreven\u00e9: <\/b><\/strong>podlaha a lavice<\/li>\n<li>dve skru\u017ee na spevnenie sauny<\/li>\n<li>dva dreven\u00e9 podstavce na umiestnenie na zem<\/li>\n<\/ul>\n<p>Je to robustn\u00fd v\u00fdrobok z <strong><b>dreva<\/b><\/strong>. Umo\u017e\u0148uje v\u00e1m posilni\u0165 telo a myse\u013e. Ide\u00e1lna do <strong><b>z\u00e1hrady <\/b><\/strong>alebo ako atrakcia v <strong><b>ubytovac\u00edch zariadeniach<\/b><\/strong>.<\/p>\n<p><strong><b>Z\u00e1hradn\u00e1 sauna od spolo\u010dnosti A&amp;M je 2 m <\/b><\/strong>dlh\u00e1 a <strong><b>2 m vysok\u00e1, <\/b><\/strong>ru\u010dne vyroben\u00e1 z <strong><b>pr\u00edrodn\u00e9ho smrekov\u00e9ho dreva z po\u013esk\u00fdch lesov<\/b><\/strong>. Dosky maj\u00fa hr\u00fabku <strong><b>45 mm, <\/b><\/strong>podlahu a stabiln\u00e9 dreven\u00e9 podstavce a <strong><b>skru\u017ee na spevnenie <\/b><\/strong>kon\u0161trukcie. Stre\u0161n\u00e1 krytina je z asfaltov\u00fdch <strong><b>\u0161ind\u013eov sivej <\/b><\/strong>farby. Dreven\u00e9 dvere s <strong><b>tvrden\u00fdm sklom<\/b><\/strong>.<\/p>\n<p><strong><b>Dod\u00e1vka <\/b><\/strong>sauny ako celku. Mo\u017enosti za pr\u00edplatok: <strong><b>impregn\u00e1cia <\/b><\/strong>lakom, in\u0161tal\u00e1cia <strong><b>pece<\/b><\/strong>, realiz\u00e1cia <strong><b>zasklenia<\/b><\/strong>.<\/p>\n<p><strong><b><img loading=\"lazy\" decoding=\"async\" class=\"aligncenter wp-image-8080 size-full\" src=\"https:\/\/domkysauny.sk\/wp-content\/uploads\/2022\/09\/Sauna-ogrodowa-beczka-2m-bez-przedsionka-wizualizacja.jpg\" alt=\"Sauna-ogrodowa-beczka-2m-bez-przedsionka---bez-impregnacji\" width=\"2000\" height=\"1125\" srcset=\"https:\/\/dev.domkisauny.pl\/wp-content\/uploads\/2022\/09\/Sauna-ogrodowa-beczka-2m-bez-przedsionka-wizualizacja.jpg 2000w, https:\/\/dev.domkisauny.pl\/wp-content\/uploads\/2022\/09\/Sauna-ogrodowa-beczka-2m-bez-przedsionka-wizualizacja-300x169.jpg 300w, https:\/\/dev.domkisauny.pl\/wp-content\/uploads\/2022\/09\/Sauna-ogrodowa-beczka-2m-bez-przedsionka-wizualizacja-768x432.jpg 768w, https:\/\/dev.domkisauny.pl\/wp-content\/uploads\/2022\/09\/Sauna-ogrodowa-beczka-2m-bez-przedsionka-wizualizacja-1024x576.jpg 1024w, https:\/\/dev.domkisauny.pl\/wp-content\/uploads\/2022\/09\/Sauna-ogrodowa-beczka-2m-bez-przedsionka-wizualizacja-1536x864.jpg 1536w, https:\/\/dev.domkisauny.pl\/wp-content\/uploads\/2022\/09\/Sauna-ogrodowa-beczka-2m-bez-przedsionka-wizualizacja-1000x563.jpg 1000w\" sizes=\"auto, (max-width: 2000px) 100vw, 2000px\" \/><\/b><\/strong><\/p>\n<h3><strong><b>F\u00ednska trad\u00edcia<\/b><\/strong><\/h3>\n<p>Z\u00e1hradn\u00e1 sauna je u n\u00e1rodov \u010falek\u00e9ho severu zn\u00e1ma u\u017e po cel\u00e9 gener\u00e1cie &#8211; je symbolom o\u010disty a praktick\u00fdm sp\u00f4sobom, ako posilni\u0165 telo. Zria\u010fte si na z\u00e1hrade f\u00ednsku saunu a z\u00edskajte prirodzen\u00fa silu, ktor\u00fa poskytuje saunovanie. S vlastnou saunou m\u00f4\u017eete spoji\u0165 pr\u00edjemn\u00e9 s u\u017eito\u010dn\u00fdm: na jednej strane za\u017eijete bla\u017een\u00fd relax v \u010darovnom interi\u00e9ri drevenej sauny a na druhej strane sa postar\u00e1te o svoje zdravie. A ak m\u00e1te ubytovacie zariadenie, zriaden\u00edm sauny vytvor\u00edte pre svojich host\u00ed zauj\u00edmav\u00fa atrakciu, ktor\u00fa bud\u00fa po\u010das svojho pobytu radi vyu\u017e\u00edva\u0165.<\/p>\n<h3><strong><b>Ru\u010dne vyroben\u00e9 z po\u013esk\u00e9ho smrekov\u00e9ho dreva<\/b><\/strong><\/h3>\n<p>Sauna s d\u013a\u017ekou 2 m bez predsiene je jedine\u010dn\u00fd v\u00fdrobok, ktor\u00fd bol vyroben\u00fd tradi\u010dn\u00fdm sp\u00f4sobom, t. j. ru\u010dne z pr\u00edrodn\u00e9ho smrekov\u00e9ho dreva poch\u00e1dzaj\u00faceho v\u00fdlu\u010dne z po\u013esk\u00fdch lesov. Kon\u0161trukcia sauny je ve\u013emi stabiln\u00e1 v\u010faka dvom pevn\u00fdm podstavcom &#8211; celok dr\u017eia pohromade spojovacie skru\u017ee. Dosky pou\u017eit\u00e9 na kon\u0161trukciu maj\u00fa hr\u00fabku 45 mm a dreven\u00e9 vchodov\u00e9 dvere maj\u00fa okno z tvrden\u00e9ho skla. Vo vn\u00fatri sauny je \u0161peci\u00e1lna podlaha a lavice &#8211; v\u0161etko z dreva. Stre\u0161n\u00e1 krytina je z asfaltov\u00e9ho \u0161ind\u013ea v sivej farbe, tak\u017ee dokonale chr\u00e1ni stavbu pred da\u017e\u010fom a snehom. Rozmery sauny s\u00fa kompaktn\u00e9, t. j. 2 m dlh\u00e1 a 2 m vysok\u00e1, \u010do umo\u017e\u0148uje jej postavenie kdeko\u013evek v z\u00e1hrade alebo na pozemku. M\u00f4\u017eete si objedna\u0165 impregn\u00e1ciu lakom v 1 z 10 farieb a zak\u00fapi\u0165 si elektrick\u00fa pec alebo pec na drevo, pr\u00edpadne aj presklenie zadnej steny. Dod\u00e1vka sauny sa uskuto\u010d\u0148uje v\u00a0jednom kuse do v\u00e1\u0161ho domu\/firmy.<\/p>\n<p><strong><b><img loading=\"lazy\" decoding=\"async\" class=\"aligncenter size-full wp-image-7057\" src=\"https:\/\/domkysauny.sk\/wp-content\/uploads\/2022\/09\/Sauna-kwadratowa-2-x-2m-przekroj.jpg\" alt=\"\" width=\"2000\" height=\"1600\" srcset=\"https:\/\/dev.domkisauny.pl\/wp-content\/uploads\/2022\/09\/Sauna-kwadratowa-2-x-2m-przekroj.jpg 2000w, https:\/\/dev.domkisauny.pl\/wp-content\/uploads\/2022\/09\/Sauna-kwadratowa-2-x-2m-przekroj-300x240.jpg 300w, https:\/\/dev.domkisauny.pl\/wp-content\/uploads\/2022\/09\/Sauna-kwadratowa-2-x-2m-przekroj-768x614.jpg 768w, https:\/\/dev.domkisauny.pl\/wp-content\/uploads\/2022\/09\/Sauna-kwadratowa-2-x-2m-przekroj-1024x819.jpg 1024w, https:\/\/dev.domkisauny.pl\/wp-content\/uploads\/2022\/09\/Sauna-kwadratowa-2-x-2m-przekroj-1536x1229.jpg 1536w, https:\/\/dev.domkisauny.pl\/wp-content\/uploads\/2022\/09\/Sauna-kwadratowa-2-x-2m-przekroj-1000x800.jpg 1000w\" sizes=\"auto, (max-width: 2000px) 100vw, 2000px\" \/><\/b><\/strong><\/p>\n<h3><strong><b>Relaxujte a zotavte sa<\/b><\/strong><\/h3>\n<p>Z\u00e1hradn\u00e1 sauna je skvel\u00fdm n\u00e1padom na atrakt\u00edvnu z\u00e1bavu a z\u00e1rove\u0148 relax\u00e1ciu s pr\u00edbuzn\u00fdmi alebo priate\u013emi. Regenera\u010dn\u00e9 saunovanie je zdrojom blahodarn\u00fdch \u00fa\u010dinkov na va\u0161e zdravie. Je to aj nie\u010do pre myse\u013e, preto\u017ee v\u00e1m umo\u017en\u00ed zabudn\u00fa\u0165 na va\u0161e probl\u00e9my a starosti, \u010d\u00edm sa zni\u017euje stres. Je ide\u00e1lne po n\u00e1ro\u010dnom pracovnom t\u00fd\u017edni a obnov\u00ed va\u0161u silu a pohodu. A majite\u013eom ubytovac\u00edch zariaden\u00ed umo\u017en\u00ed roz\u0161\u00edri\u0165 svoju ponuku o jedine\u010dn\u00fa atrakciu pre dovolenk\u00e1rov, ktor\u00ed t\u00fa\u017eia po nov\u00fdch a origin\u00e1lnych form\u00e1ch tr\u00e1venia vo\u013en\u00e9ho \u010dasu.<\/p>\n<p><img loading=\"lazy\" decoding=\"async\" class=\"aligncenter size-full wp-image-7061\" src=\"https:\/\/domkysauny.sk\/wp-content\/uploads\/2022\/09\/Sauna-kwadratowa-2-x-2m-rzuty.jpg\" alt=\"\" width=\"2000\" height=\"1600\" srcset=\"https:\/\/dev.domkisauny.pl\/wp-content\/uploads\/2022\/09\/Sauna-kwadratowa-2-x-2m-rzuty.jpg 2000w, https:\/\/dev.domkisauny.pl\/wp-content\/uploads\/2022\/09\/Sauna-kwadratowa-2-x-2m-rzuty-300x240.jpg 300w, https:\/\/dev.domkisauny.pl\/wp-content\/uploads\/2022\/09\/Sauna-kwadratowa-2-x-2m-rzuty-768x614.jpg 768w, https:\/\/dev.domkisauny.pl\/wp-content\/uploads\/2022\/09\/Sauna-kwadratowa-2-x-2m-rzuty-1024x819.jpg 1024w, https:\/\/dev.domkisauny.pl\/wp-content\/uploads\/2022\/09\/Sauna-kwadratowa-2-x-2m-rzuty-1536x1229.jpg 1536w, https:\/\/dev.domkisauny.pl\/wp-content\/uploads\/2022\/09\/Sauna-kwadratowa-2-x-2m-rzuty-1000x800.jpg 1000w\" sizes=\"auto, (max-width: 2000px) 100vw, 2000px\" \/><\/p>\n<blockquote>\n<h3><strong><b>O spor\u00e1koch Harvia<\/b><\/strong><\/h3>\n<p><img loading=\"lazy\" decoding=\"async\" class=\"alignright wp-image-972\" src=\"https:\/\/domkysauny.sk\/wp-content\/uploads\/2022\/09\/Harvia_Vega_BC45-90_p1-669x1024.png\" alt=\"\" width=\"360\" height=\"551\" srcset=\"https:\/\/dev.domkisauny.pl\/wp-content\/uploads\/2022\/09\/Harvia_Vega_BC45-90_p1-669x1024.png 669w, https:\/\/dev.domkisauny.pl\/wp-content\/uploads\/2022\/09\/Harvia_Vega_BC45-90_p1-196x300.png 196w, https:\/\/dev.domkisauny.pl\/wp-content\/uploads\/2022\/09\/Harvia_Vega_BC45-90_p1-768x1175.png 768w, https:\/\/dev.domkisauny.pl\/wp-content\/uploads\/2022\/09\/Harvia_Vega_BC45-90_p1-1004x1536.png 1004w, https:\/\/dev.domkisauny.pl\/wp-content\/uploads\/2022\/09\/Harvia_Vega_BC45-90_p1-1000x1530.png 1000w, https:\/\/dev.domkisauny.pl\/wp-content\/uploads\/2022\/09\/Harvia_Vega_BC45-90_p1-300x459.png 300w, https:\/\/dev.domkisauny.pl\/wp-content\/uploads\/2022\/09\/Harvia_Vega_BC45-90_p1.png 1158w\" sizes=\"auto, (max-width: 360px) 100vw, 360px\" \/>Sauny, ktor\u00e9 pon\u00faka <strong><b>spolo\u010dnos\u0165 A&amp;M, s\u00fa <\/b><\/strong>vybaven\u00e9 <strong><b>modern\u00fdmi a ekologick\u00fdmi pecmi na drevo Harvia<\/b><\/strong>. Tieto zariadenia sa vyzna\u010duj\u00fa nielen vysokou energetickou \u00fa\u010dinnos\u0165ou, ale aj elegantn\u00fdm dizajnom. Hlavnou v\u00fdhodou <strong><b>pec\u00ed Harvia je <\/b><\/strong>skuto\u010dnos\u0165, \u017ee poskytuj\u00fa spr\u00e1vnu teplotu na zdrav\u00e9 a\u00a0bezpe\u010dn\u00e9 saunovanie, presne tak, ako to robili obyvatelia F\u00ednska po st\u00e1ro\u010dia.<\/p>\n<p>Typick\u00e1 pec, ktor\u00e1 je s\u00fa\u010das\u0165ou s\u00fapravy, m\u00e1 <strong><b>v\u00fdkon 16,5 kW, <\/b><\/strong>\u010do umo\u017e\u0148uje r\u00fdchle zohriatie a\u017e <strong><b>30 kg kame\u0148ov <\/b><\/strong>na peci a zv\u00fd\u0161enie teploty na po\u017eadovan\u00fa hodnotu. Pec je vyroben\u00e1 z <strong><b>nehrdzavej\u00facej ocele, <\/b><\/strong>tak\u017ee bude \u00faspe\u0161ne sl\u00fa\u017ei\u0165 mnoho rokov a ne\u00fanavne poskytova\u0165 teplo. <strong><b>Sklenen\u00e9 dvierka <\/b><\/strong>s\u00fa funk\u010dn\u00fdm prvkom, ktor\u00fd umo\u017e\u0148uje sledova\u0165 proces spa\u013eovania dreva a spolu s tlmenou grafitovou farbou pece zvy\u0161uje estetiku interi\u00e9ru. Nesporn\u00fdm pr\u00ednosom je aj <strong><b>kom\u00ednov\u00e1 n\u00e1dr\u017e na vodu<\/b><\/strong>. Na druhej strane <strong><b>prirodzen\u00e1 cirkul\u00e1cia vzduchu <\/b><\/strong>umo\u017e\u0148uje rovnomern\u00fa cirkul\u00e1ciu tepla v ka\u017edom k\u00fate sauny.<\/p>\n<p>Stoj\u00ed za zmienku, \u017ee kompaktn\u00e9 rozmery zariadenia poskytuj\u00fa <strong><b>maxim\u00e1lny priestor pre <\/b><\/strong>\u013eud\u00ed, ktor\u00ed sa z\u00fa\u010dast\u0148uj\u00fa saunovania. Pr\u00edtomnos\u0165 pece na drevo v saune je tie\u017e z\u00e1rukou <strong><b>\u00fa\u017easnej atmosf\u00e9ry <\/b><\/strong>a mo\u017enosti spojenia s ve\u010dn\u00fdm \u017eivlom pr\u00edrody, ktor\u00fdm je ohe\u0148. V\u0161etky sauny vybaven\u00e9 <strong><b>pecmi Harvia tak <\/b><\/strong>poskytuj\u00fa pocit <strong><b>v\u00fdnimo\u010dn\u00e9ho pohodlia a <\/b><\/strong>umo\u017e\u0148uj\u00fa v\u00e1m uvo\u013eni\u0165 telo a myse\u013e v \u010darovnej atmosf\u00e9re.<\/p><\/blockquote>\n","protected":false},"excerpt":{"rendered":"<blockquote><p><strong><b>D\u00d4LE\u017dIT\u00c9!<\/b><\/strong><\/p>\n<p>Fotografie produktov rob\u00edme v najlep\u0161ej kvalite. Av\u0161ak kv\u00f4li sp\u00f4sobu reprodukcie farieb monitorom po\u010d\u00edta\u010da m\u00f4\u017ee farba produktov vidite\u013en\u00e1 na obrazovke mierne sa l\u00ed\u0161i\u0165 od skuto\u010dnosti.<\/p>\n<p>Sauna je dod\u00e1van\u00e1 v celej svojej podobe.<\/p>\n<p>V pr\u00edpade z\u00e1kladnej mo\u017enosti dod\u00e1vky zabezpe\u010duje vykl\u00e1dku na mieste objedn\u00e1vate\u013e.<\/p><\/blockquote>\n","protected":false},"featured_media":8083,"template":"","meta":{"_acf_changed":false},"product_brand":[],"product_cat":[157],"product_tag":[],"class_list":{"0":"post-2380","1":"product","2":"type-product","3":"status-publish","4":"has-post-thumbnail","6":"product_cat-zahradne-sauny","7":"product_shipping_class-wysylka-grupa0-sk","8":"pa_ksztalt-sudy-sauny","10":"first","11":"instock","12":"shipping-taxable","13":"purchasable","14":"product-type-variable"},"acf":[],"yoast_head":"<!-- This site is optimized with the Yoast SEO plugin v27.4 - https:\/\/yoast.com\/product\/yoast-seo-wordpress\/ -->\n<title>Z\u00e1hradn\u00e1 sauna sud 200 cm | Dom\u010deky, Sauny<\/title>\n<meta name=\"robots\" content=\"noindex, follow, max-snippet:-1, max-image-preview:large, max-video-preview:-1\" \/>\n<meta property=\"og:locale\" content=\"sk_SK\" \/>\n<meta property=\"og:type\" content=\"article\" \/>\n<meta property=\"og:title\" content=\"Z\u00e1hradn\u00e1 sauna sud 200 cm | Dom\u010deky, Sauny\" \/>\n<meta property=\"og:description\" content=\"D\u00d4LE\u017dIT\u00c9!  Fotografie produktov rob\u00edme v najlep\u0161ej kvalite. Av\u0161ak kv\u00f4li sp\u00f4sobu reprodukcie farieb monitorom po\u010d\u00edta\u010da m\u00f4\u017ee farba produktov vidite\u013en\u00e1 na obrazovke mierne sa l\u00ed\u0161i\u0165 od skuto\u010dnosti.  Sauna je dod\u00e1van\u00e1 v celej svojej podobe.  V pr\u00edpade z\u00e1kladnej mo\u017enosti dod\u00e1vky zabezpe\u010duje vykl\u00e1dku na mieste objedn\u00e1vate\u013e.\" \/>\n<meta property=\"og:url\" content=\"https:\/\/dev.domkisauny.pl\/sk\/produkt\/zahradna-sauna-sud-200-cm\/\" \/>\n<meta property=\"og:site_name\" content=\"Dom\u010deky, Sauny\" \/>\n<meta property=\"article:publisher\" content=\"https:\/\/www.facebook.com\/DomkiSauny\" \/>\n<meta property=\"article:modified_time\" content=\"2025-05-21T14:40:55+00:00\" \/>\n<meta property=\"og:image\" content=\"https:\/\/dev.domkisauny.pl\/wp-content\/uploads\/2022\/09\/Sauna-ogrodowa-beczka-2m-bez-przedsionka-wizualizacja.jpg\" \/>\n\t<meta property=\"og:image:width\" content=\"2000\" \/>\n\t<meta property=\"og:image:height\" content=\"1125\" \/>\n\t<meta property=\"og:image:type\" content=\"image\/jpeg\" \/>\n<meta name=\"twitter:card\" content=\"summary_large_image\" \/>\n<meta name=\"twitter:label1\" content=\"Predpokladan\u00fd \u010das \u010d\u00edtania\" \/>\n\t<meta name=\"twitter:data1\" content=\"4 min\u00faty\" \/>\n<script type=\"application\/ld+json\" class=\"yoast-schema-graph\">{\"@context\":\"https:\\\/\\\/schema.org\",\"@graph\":[{\"@type\":\"WebPage\",\"@id\":\"https:\\\/\\\/dev.domkisauny.pl\\\/sk\\\/produkt\\\/zahradna-sauna-sud-200-cm\\\/\",\"url\":\"https:\\\/\\\/dev.domkisauny.pl\\\/sk\\\/produkt\\\/zahradna-sauna-sud-200-cm\\\/\",\"name\":\"Z\u00e1hradn\u00e1 sauna sud 200 cm | Dom\u010deky, Sauny\",\"isPartOf\":{\"@id\":\"https:\\\/\\\/dev.domkisauny.pl\\\/sk\\\/#website\"},\"primaryImageOfPage\":{\"@id\":\"https:\\\/\\\/dev.domkisauny.pl\\\/sk\\\/produkt\\\/zahradna-sauna-sud-200-cm\\\/#primaryimage\"},\"image\":{\"@id\":\"https:\\\/\\\/dev.domkisauny.pl\\\/sk\\\/produkt\\\/zahradna-sauna-sud-200-cm\\\/#primaryimage\"},\"thumbnailUrl\":\"https:\\\/\\\/dev.domkisauny.pl\\\/wp-content\\\/uploads\\\/2022\\\/09\\\/Sauna-ogrodowa-beczka-2m-bez-przedsionka-wizualizacja.jpg\",\"datePublished\":\"2022-09-21T09:53:30+00:00\",\"dateModified\":\"2025-05-21T14:40:55+00:00\",\"breadcrumb\":{\"@id\":\"https:\\\/\\\/dev.domkisauny.pl\\\/sk\\\/produkt\\\/zahradna-sauna-sud-200-cm\\\/#breadcrumb\"},\"inLanguage\":\"sk-SK\",\"potentialAction\":[{\"@type\":\"ReadAction\",\"target\":[\"https:\\\/\\\/dev.domkisauny.pl\\\/sk\\\/produkt\\\/zahradna-sauna-sud-200-cm\\\/\"]}]},{\"@type\":\"ImageObject\",\"inLanguage\":\"sk-SK\",\"@id\":\"https:\\\/\\\/dev.domkisauny.pl\\\/sk\\\/produkt\\\/zahradna-sauna-sud-200-cm\\\/#primaryimage\",\"url\":\"https:\\\/\\\/dev.domkisauny.pl\\\/wp-content\\\/uploads\\\/2022\\\/09\\\/Sauna-ogrodowa-beczka-2m-bez-przedsionka-wizualizacja.jpg\",\"contentUrl\":\"https:\\\/\\\/dev.domkisauny.pl\\\/wp-content\\\/uploads\\\/2022\\\/09\\\/Sauna-ogrodowa-beczka-2m-bez-przedsionka-wizualizacja.jpg\",\"width\":2000,\"height\":1125,\"caption\":\"Sauna-ogrodowa-beczka-2m-bez-przedsionka---bez-impregnacji\"},{\"@type\":\"BreadcrumbList\",\"@id\":\"https:\\\/\\\/dev.domkisauny.pl\\\/sk\\\/produkt\\\/zahradna-sauna-sud-200-cm\\\/#breadcrumb\",\"itemListElement\":[{\"@type\":\"ListItem\",\"position\":1,\"name\":\"A&amp;M\",\"item\":\"https:\\\/\\\/dev.domkisauny.pl\\\/sk\\\/\"},{\"@type\":\"ListItem\",\"position\":2,\"name\":\"Produkty\",\"item\":\"https:\\\/\\\/dev.domkisauny.pl\\\/produkty\\\/\"},{\"@type\":\"ListItem\",\"position\":3,\"name\":\"Sauny\",\"item\":\"https:\\\/\\\/dev.domkisauny.pl\\\/sk\\\/kategoria-produktu\\\/sauny\\\/\"},{\"@type\":\"ListItem\",\"position\":4,\"name\":\"Z\u00e1hradn\u00e9 sauny\",\"item\":\"https:\\\/\\\/dev.domkisauny.pl\\\/sk\\\/kategoria-produktu\\\/sauny\\\/zahradne-sauny\\\/\"},{\"@type\":\"ListItem\",\"position\":5,\"name\":\"Z\u00e1hradn\u00e1 sauna sud 200 cm\"}]},{\"@type\":\"WebSite\",\"@id\":\"https:\\\/\\\/dev.domkisauny.pl\\\/sk\\\/#website\",\"url\":\"https:\\\/\\\/dev.domkisauny.pl\\\/sk\\\/\",\"name\":\"Dom\u010deky, Sauny\",\"description\":\"\",\"publisher\":{\"@id\":\"https:\\\/\\\/dev.domkisauny.pl\\\/sk\\\/#organization\"},\"potentialAction\":[{\"@type\":\"SearchAction\",\"target\":{\"@type\":\"EntryPoint\",\"urlTemplate\":\"https:\\\/\\\/dev.domkisauny.pl\\\/sk\\\/?s={search_term_string}\"},\"query-input\":{\"@type\":\"PropertyValueSpecification\",\"valueRequired\":true,\"valueName\":\"search_term_string\"}}],\"inLanguage\":\"sk-SK\"},{\"@type\":\"Organization\",\"@id\":\"https:\\\/\\\/dev.domkisauny.pl\\\/sk\\\/#organization\",\"name\":\"Dom\u010deky, Sauny\",\"url\":\"https:\\\/\\\/dev.domkisauny.pl\\\/sk\\\/\",\"logo\":{\"@type\":\"ImageObject\",\"inLanguage\":\"sk-SK\",\"@id\":\"https:\\\/\\\/dev.domkisauny.pl\\\/sk\\\/#\\\/schema\\\/logo\\\/image\\\/\",\"url\":\"https:\\\/\\\/domkisauny.pl\\\/wp-content\\\/uploads\\\/2022\\\/09\\\/logo_03.png\",\"contentUrl\":\"https:\\\/\\\/domkisauny.pl\\\/wp-content\\\/uploads\\\/2022\\\/09\\\/logo_03.png\",\"width\":95,\"height\":81,\"caption\":\"Dom\u010deky, Sauny\"},\"image\":{\"@id\":\"https:\\\/\\\/dev.domkisauny.pl\\\/sk\\\/#\\\/schema\\\/logo\\\/image\\\/\"},\"sameAs\":[\"https:\\\/\\\/www.facebook.com\\\/DomkiSauny\"]}]}<\/script>\n<!-- \/ Yoast SEO plugin. -->","yoast_head_json":{"title":"Z\u00e1hradn\u00e1 sauna sud 200 cm | Dom\u010deky, Sauny","robots":{"index":"noindex","follow":"follow","max-snippet":"max-snippet:-1","max-image-preview":"max-image-preview:large","max-video-preview":"max-video-preview:-1"},"og_locale":"sk_SK","og_type":"article","og_title":"Z\u00e1hradn\u00e1 sauna sud 200 cm | Dom\u010deky, Sauny","og_description":"D\u00d4LE\u017dIT\u00c9!  Fotografie produktov rob\u00edme v najlep\u0161ej kvalite. Av\u0161ak kv\u00f4li sp\u00f4sobu reprodukcie farieb monitorom po\u010d\u00edta\u010da m\u00f4\u017ee farba produktov vidite\u013en\u00e1 na obrazovke mierne sa l\u00ed\u0161i\u0165 od skuto\u010dnosti.  Sauna je dod\u00e1van\u00e1 v celej svojej podobe.  V pr\u00edpade z\u00e1kladnej mo\u017enosti dod\u00e1vky zabezpe\u010duje vykl\u00e1dku na mieste objedn\u00e1vate\u013e.","og_url":"https:\/\/dev.domkisauny.pl\/sk\/produkt\/zahradna-sauna-sud-200-cm\/","og_site_name":"Dom\u010deky, Sauny","article_publisher":"https:\/\/www.facebook.com\/DomkiSauny","article_modified_time":"2025-05-21T14:40:55+00:00","og_image":[{"width":2000,"height":1125,"url":"https:\/\/dev.domkisauny.pl\/wp-content\/uploads\/2022\/09\/Sauna-ogrodowa-beczka-2m-bez-przedsionka-wizualizacja.jpg","type":"image\/jpeg"}],"twitter_card":"summary_large_image","twitter_misc":{"Predpokladan\u00fd \u010das \u010d\u00edtania":"4 min\u00faty"},"schema":{"@context":"https:\/\/schema.org","@graph":[{"@type":"WebPage","@id":"https:\/\/dev.domkisauny.pl\/sk\/produkt\/zahradna-sauna-sud-200-cm\/","url":"https:\/\/dev.domkisauny.pl\/sk\/produkt\/zahradna-sauna-sud-200-cm\/","name":"Z\u00e1hradn\u00e1 sauna sud 200 cm | Dom\u010deky, Sauny","isPartOf":{"@id":"https:\/\/dev.domkisauny.pl\/sk\/#website"},"primaryImageOfPage":{"@id":"https:\/\/dev.domkisauny.pl\/sk\/produkt\/zahradna-sauna-sud-200-cm\/#primaryimage"},"image":{"@id":"https:\/\/dev.domkisauny.pl\/sk\/produkt\/zahradna-sauna-sud-200-cm\/#primaryimage"},"thumbnailUrl":"https:\/\/dev.domkisauny.pl\/wp-content\/uploads\/2022\/09\/Sauna-ogrodowa-beczka-2m-bez-przedsionka-wizualizacja.jpg","datePublished":"2022-09-21T09:53:30+00:00","dateModified":"2025-05-21T14:40:55+00:00","breadcrumb":{"@id":"https:\/\/dev.domkisauny.pl\/sk\/produkt\/zahradna-sauna-sud-200-cm\/#breadcrumb"},"inLanguage":"sk-SK","potentialAction":[{"@type":"ReadAction","target":["https:\/\/dev.domkisauny.pl\/sk\/produkt\/zahradna-sauna-sud-200-cm\/"]}]},{"@type":"ImageObject","inLanguage":"sk-SK","@id":"https:\/\/dev.domkisauny.pl\/sk\/produkt\/zahradna-sauna-sud-200-cm\/#primaryimage","url":"https:\/\/dev.domkisauny.pl\/wp-content\/uploads\/2022\/09\/Sauna-ogrodowa-beczka-2m-bez-przedsionka-wizualizacja.jpg","contentUrl":"https:\/\/dev.domkisauny.pl\/wp-content\/uploads\/2022\/09\/Sauna-ogrodowa-beczka-2m-bez-przedsionka-wizualizacja.jpg","width":2000,"height":1125,"caption":"Sauna-ogrodowa-beczka-2m-bez-przedsionka---bez-impregnacji"},{"@type":"BreadcrumbList","@id":"https:\/\/dev.domkisauny.pl\/sk\/produkt\/zahradna-sauna-sud-200-cm\/#breadcrumb","itemListElement":[{"@type":"ListItem","position":1,"name":"A&amp;M","item":"https:\/\/dev.domkisauny.pl\/sk\/"},{"@type":"ListItem","position":2,"name":"Produkty","item":"https:\/\/dev.domkisauny.pl\/produkty\/"},{"@type":"ListItem","position":3,"name":"Sauny","item":"https:\/\/dev.domkisauny.pl\/sk\/kategoria-produktu\/sauny\/"},{"@type":"ListItem","position":4,"name":"Z\u00e1hradn\u00e9 sauny","item":"https:\/\/dev.domkisauny.pl\/sk\/kategoria-produktu\/sauny\/zahradne-sauny\/"},{"@type":"ListItem","position":5,"name":"Z\u00e1hradn\u00e1 sauna sud 200 cm"}]},{"@type":"WebSite","@id":"https:\/\/dev.domkisauny.pl\/sk\/#website","url":"https:\/\/dev.domkisauny.pl\/sk\/","name":"Dom\u010deky, Sauny","description":"","publisher":{"@id":"https:\/\/dev.domkisauny.pl\/sk\/#organization"},"potentialAction":[{"@type":"SearchAction","target":{"@type":"EntryPoint","urlTemplate":"https:\/\/dev.domkisauny.pl\/sk\/?s={search_term_string}"},"query-input":{"@type":"PropertyValueSpecification","valueRequired":true,"valueName":"search_term_string"}}],"inLanguage":"sk-SK"},{"@type":"Organization","@id":"https:\/\/dev.domkisauny.pl\/sk\/#organization","name":"Dom\u010deky, Sauny","url":"https:\/\/dev.domkisauny.pl\/sk\/","logo":{"@type":"ImageObject","inLanguage":"sk-SK","@id":"https:\/\/dev.domkisauny.pl\/sk\/#\/schema\/logo\/image\/","url":"https:\/\/domkisauny.pl\/wp-content\/uploads\/2022\/09\/logo_03.png","contentUrl":"https:\/\/domkisauny.pl\/wp-content\/uploads\/2022\/09\/logo_03.png","width":95,"height":81,"caption":"Dom\u010deky, Sauny"},"image":{"@id":"https:\/\/dev.domkisauny.pl\/sk\/#\/schema\/logo\/image\/"},"sameAs":["https:\/\/www.facebook.com\/DomkiSauny"]}]}},"_links":{"self":[{"href":"https:\/\/dev.domkisauny.pl\/sk\/wp-json\/wp\/v2\/product\/2380","targetHints":{"allow":["GET"]}}],"collection":[{"href":"https:\/\/dev.domkisauny.pl\/sk\/wp-json\/wp\/v2\/product"}],"about":[{"href":"https:\/\/dev.domkisauny.pl\/sk\/wp-json\/wp\/v2\/types\/product"}],"wp:featuredmedia":[{"embeddable":true,"href":"https:\/\/dev.domkisauny.pl\/sk\/wp-json\/wp\/v2\/media\/8083"}],"wp:attachment":[{"href":"https:\/\/dev.domkisauny.pl\/sk\/wp-json\/wp\/v2\/media?parent=2380"}],"wp:term":[{"taxonomy":"product_brand","embeddable":true,"href":"https:\/\/dev.domkisauny.pl\/sk\/wp-json\/wp\/v2\/product_brand?post=2380"},{"taxonomy":"product_cat","embeddable":true,"href":"https:\/\/dev.domkisauny.pl\/sk\/wp-json\/wp\/v2\/product_cat?post=2380"},{"taxonomy":"product_tag","embeddable":true,"href":"https:\/\/dev.domkisauny.pl\/sk\/wp-json\/wp\/v2\/product_tag?post=2380"}],"curies":[{"name":"wp","href":"https:\/\/api.w.org\/{rel}","templated":true}]}}