{"id":22596,"date":"2025-05-07T12:47:44","date_gmt":"2025-05-07T10:47:44","guid":{"rendered":"https:\/\/domkisauny.pl\/produkt\/sauna-mirra\/"},"modified":"2025-06-03T08:41:51","modified_gmt":"2025-06-03T06:41:51","slug":"sauna-mirra","status":"publish","type":"product","link":"https:\/\/dev.domkisauny.pl\/sk\/produkt\/sauna-mirra\/","title":{"rendered":"Sauna MIRRA"},"content":{"rendered":"<h2><b>Sauna Mirra<\/b><\/h2>\n<p>Sauna Mirra je modernou odpove\u010fou na potreby \u013eud\u00ed, ktor\u00ed ocenia s\u00fakromie, estetiku a funk\u010dnos\u0165 v jednom. Kombin\u00e1cia sklenen\u00fdch pl\u00f4ch s drevenou kon\u0161trukciou vytv\u00e1ra jedine\u010dn\u00fd vizu\u00e1lny efekt \u2013 priestrannos\u0165, \u013eahkos\u0165 a pocit kontaktu s pr\u00edrodou bez oh\u013eadu na denn\u00fa dobu, zatia\u013e \u010do ben\u00e1tske zrkadl\u00e1 umo\u017e\u0148uj\u00fa s\u00fakromie po\u010das saunovania. Ide o ide\u00e1lny tip pre t\u00fdch, ktor\u00ed h\u013eadaj\u00fa nielen oddych a relax\u00e1ciu, ale aj \u0161peci\u00e1lnu dekor\u00e1ciu do z\u00e1hrady alebo oddychovej z\u00f3ny.<\/p>\n<p><img loading=\"lazy\" decoding=\"async\" class=\"aligncenter size-full wp-image-21738\" src=\"https:\/\/domkysauny.sk\/wp-content\/uploads\/2025\/05\/Sauna-Mirra-main.webp\" alt=\"\" width=\"2000\" height=\"1600\" srcset=\"https:\/\/dev.domkisauny.pl\/wp-content\/uploads\/2025\/05\/Sauna-Mirra-main.webp 2000w, https:\/\/dev.domkisauny.pl\/wp-content\/uploads\/2025\/05\/Sauna-Mirra-main-300x240.webp 300w, https:\/\/dev.domkisauny.pl\/wp-content\/uploads\/2025\/05\/Sauna-Mirra-main-1024x819.webp 1024w, https:\/\/dev.domkisauny.pl\/wp-content\/uploads\/2025\/05\/Sauna-Mirra-main-768x614.webp 768w, https:\/\/dev.domkisauny.pl\/wp-content\/uploads\/2025\/05\/Sauna-Mirra-main-1536x1229.webp 1536w, https:\/\/dev.domkisauny.pl\/wp-content\/uploads\/2025\/05\/Sauna-Mirra-main-1000x800.webp 1000w\" sizes=\"auto, (max-width: 2000px) 100vw, 2000px\" \/><\/p>\n<h3><b>Elegantn\u00e1 \u00faprava a premyslen\u00e1 kon\u0161trukcia<\/b><\/h3>\n<p>Kon\u0161trukcia sauny Mirra je navrhnut\u00e1 s d\u00f4razom na ka\u017ed\u00fd detail \u2013 nielen z h\u013eadiska estetiky, ale aj odolnosti a pohodlia. Sklenen\u00e9 prvky s\u00fa zostaven\u00e9 bezpe\u010dn\u00fdm a presn\u00fdm sp\u00f4sobom a drevo pou\u017eit\u00e9 na kon\u0161trukciu sa vyzna\u010duje vysokou odolnos\u0165ou vo\u010di meniacim sa poveternostn\u00fdm podmienkam. V\u010faka tomu si sauna zachov\u00e1 svoj luxusn\u00fd vzh\u013ead a vlastnosti po dlh\u00fd \u010das.<\/p>\n<p>Mirra je ide\u00e1lna na zariadenie s\u00fakromn\u00e9ho priestoru a ako atrakcia v ubytovacom alebo k\u00fape\u013enom zariaden\u00ed. Jej dizajn up\u00fata pozornos\u0165 a dod\u00e1 ka\u017ed\u00e9mu priestoru jedine\u010dn\u00fd charakter.<\/p>\n<p>\u010eal\u0161\u00edm prvkom je ben\u00e1tske zrkadlov\u00e9 sklo, ktor\u00e9 sp\u00e1ja modern\u00fd dizajn s maxim\u00e1lnym s\u00fakrom\u00edm. Pou\u017e\u00edvate\u013e m\u00f4\u017ee vidie\u0165 svoje okolie a z\u00e1rove\u0148 zosta\u0165 zvonku nevidite\u013en\u00fd.<\/p>\n<p><img loading=\"lazy\" decoding=\"async\" class=\"aligncenter size-full wp-image-22629\" src=\"https:\/\/domkysauny.sk\/wp-content\/uploads\/2025\/05\/Sauna-Mirra-wymiary.jpg\" alt=\"\" width=\"2000\" height=\"1600\" srcset=\"https:\/\/dev.domkisauny.pl\/wp-content\/uploads\/2025\/05\/Sauna-Mirra-wymiary.jpg 2000w, https:\/\/dev.domkisauny.pl\/wp-content\/uploads\/2025\/05\/Sauna-Mirra-wymiary-300x240.jpg 300w, https:\/\/dev.domkisauny.pl\/wp-content\/uploads\/2025\/05\/Sauna-Mirra-wymiary-1024x819.jpg 1024w, https:\/\/dev.domkisauny.pl\/wp-content\/uploads\/2025\/05\/Sauna-Mirra-wymiary-768x614.jpg 768w, https:\/\/dev.domkisauny.pl\/wp-content\/uploads\/2025\/05\/Sauna-Mirra-wymiary-1536x1229.jpg 1536w, https:\/\/dev.domkisauny.pl\/wp-content\/uploads\/2025\/05\/Sauna-Mirra-wymiary-1000x800.jpg 1000w\" sizes=\"auto, (max-width: 2000px) 100vw, 2000px\" \/><\/p>\n<h3><b>Praktick\u00fd priestor a pohodlie pou\u017e\u00edvania<\/b><\/h3>\n<p>Sauna Mirra je navrhnut\u00e1 s oh\u013eadom na pohodlie \u2013 rovnako pri individu\u00e1lnom pou\u017e\u00edvan\u00ed, alebo v spolo\u010dnosti rodiny \u010di priate\u013eov. Priestrann\u00fd interi\u00e9r poskytuje pocit slobody a umo\u017en\u00ed v\u00e1m naplno si vychutna\u0165 relax\u00e1ciu. Skl\u00e1 navy\u0161e tvoria ben\u00e1tske zrkadl\u00e1, ktor\u00e9 poskytuj\u00fa maxim\u00e1lne s\u00fakromie.<\/p>\n<h4><b>Pripraven\u00e9 na vlastn\u00fa mont\u00e1\u017e<\/b><\/h4>\n<p>V\u00fdrobok sa dod\u00e1va ako s\u00faprava pripraven\u00e1 na mont\u00e1\u017e. Balenie obsahuje podrobn\u00fd n\u00e1vod, sadu komponentov a technick\u00fa dokument\u00e1ciu. V\u010faka premyslenej kon\u0161trukcii je mont\u00e1\u017e jednoduch\u00e1 a nevy\u017eaduje si \u0161peci\u00e1lne n\u00e1stroje, hoci sa odpor\u00fa\u010da pomoc \u010fal\u0161\u00edch dvoch os\u00f4b.<\/p>\n<p style=\"text-align: center;\"><iframe loading=\"lazy\" title=\"YouTube video player\" src=\"https:\/\/www.youtube.com\/embed\/yezERx4-ndU?si=0K6qYq-JxKurUWwm\" width=\"900\" height=\"500\" frameborder=\"0\" allowfullscreen=\"allowfullscreen\"><\/iframe><\/p>\n<p style=\"text-align: center;\"><iframe loading=\"lazy\" title=\"YouTube video player\" src=\"https:\/\/www.youtube.com\/embed\/m5emj0NgP1M?si=Un62q_WT6DZLudW9\" width=\"900\" height=\"500\" frameborder=\"0\" allowfullscreen=\"allowfullscreen\"><span style=\"display: inline-block; width: 0px; overflow: hidden; line-height: 0;\" data-mce-type=\"bookmark\" class=\"mce_SELRES_start\">\ufeff<\/span><\/iframe><\/p>\n","protected":false},"excerpt":{"rendered":"<p>Sauna Mirra Sauna Mirra je modernou odpove\u010fou na potreby \u013eud\u00ed, ktor\u00ed ocenia s\u00fakromie, estetiku a funk\u010dnos\u0165 v jednom. Kombin\u00e1cia sklenen\u00fdch<\/p>\n","protected":false},"featured_media":21741,"template":"","meta":{"_acf_changed":false},"product_brand":[],"product_cat":[157,236],"product_tag":[],"class_list":{"0":"post-22596","1":"product","2":"type-product","3":"status-publish","4":"has-post-thumbnail","6":"product_cat-zahradne-sauny","7":"product_cat-sauny-premium-sk","8":"product_shipping_class-wysylka-grupa0-sk","9":"pa_ksztalt-obdlznikove-sauny","11":"first","12":"instock","13":"shipping-taxable","14":"purchasable","15":"product-type-simple"},"acf":[],"yoast_head":"<!-- This site is optimized with the Yoast SEO plugin v27.4 - https:\/\/yoast.com\/product\/yoast-seo-wordpress\/ -->\n<title>Sauna MIRRA | Dom\u010deky, Sauny<\/title>\n<meta name=\"robots\" content=\"noindex, follow, max-snippet:-1, max-image-preview:large, max-video-preview:-1\" \/>\n<meta property=\"og:locale\" content=\"sk_SK\" \/>\n<meta property=\"og:type\" content=\"article\" \/>\n<meta property=\"og:title\" content=\"Sauna MIRRA | Dom\u010deky, Sauny\" \/>\n<meta property=\"og:description\" content=\"Sauna Mirra Sauna Mirra je modernou odpove\u010fou na potreby \u013eud\u00ed, ktor\u00ed ocenia s\u00fakromie, estetiku a funk\u010dnos\u0165 v jednom. Kombin\u00e1cia sklenen\u00fdch\" \/>\n<meta property=\"og:url\" content=\"https:\/\/dev.domkisauny.pl\/sk\/produkt\/sauna-mirra\/\" \/>\n<meta property=\"og:site_name\" content=\"Dom\u010deky, Sauny\" \/>\n<meta property=\"article:publisher\" content=\"https:\/\/www.facebook.com\/DomkiSauny\" \/>\n<meta property=\"article:modified_time\" content=\"2025-06-03T06:41:51+00:00\" \/>\n<meta property=\"og:image\" content=\"https:\/\/dev.domkisauny.pl\/wp-content\/uploads\/2025\/05\/Sauna-Mirra-main.webp\" \/>\n\t<meta property=\"og:image:width\" content=\"2000\" \/>\n\t<meta property=\"og:image:height\" content=\"1600\" \/>\n\t<meta property=\"og:image:type\" content=\"image\/webp\" \/>\n<meta name=\"twitter:card\" content=\"summary_large_image\" \/>\n<meta name=\"twitter:label1\" content=\"Predpokladan\u00fd \u010das \u010d\u00edtania\" \/>\n\t<meta name=\"twitter:data1\" content=\"3 min\u00faty\" \/>\n<script type=\"application\/ld+json\" class=\"yoast-schema-graph\">{\"@context\":\"https:\\\/\\\/schema.org\",\"@graph\":[{\"@type\":\"WebPage\",\"@id\":\"https:\\\/\\\/dev.domkisauny.pl\\\/sk\\\/produkt\\\/sauna-mirra\\\/\",\"url\":\"https:\\\/\\\/dev.domkisauny.pl\\\/sk\\\/produkt\\\/sauna-mirra\\\/\",\"name\":\"Sauna MIRRA | Dom\u010deky, Sauny\",\"isPartOf\":{\"@id\":\"https:\\\/\\\/dev.domkisauny.pl\\\/sk\\\/#website\"},\"primaryImageOfPage\":{\"@id\":\"https:\\\/\\\/dev.domkisauny.pl\\\/sk\\\/produkt\\\/sauna-mirra\\\/#primaryimage\"},\"image\":{\"@id\":\"https:\\\/\\\/dev.domkisauny.pl\\\/sk\\\/produkt\\\/sauna-mirra\\\/#primaryimage\"},\"thumbnailUrl\":\"https:\\\/\\\/dev.domkisauny.pl\\\/wp-content\\\/uploads\\\/2025\\\/05\\\/Sauna-Mirra-main.webp\",\"datePublished\":\"2025-05-07T10:47:44+00:00\",\"dateModified\":\"2025-06-03T06:41:51+00:00\",\"breadcrumb\":{\"@id\":\"https:\\\/\\\/dev.domkisauny.pl\\\/sk\\\/produkt\\\/sauna-mirra\\\/#breadcrumb\"},\"inLanguage\":\"sk-SK\",\"potentialAction\":[{\"@type\":\"ReadAction\",\"target\":[\"https:\\\/\\\/dev.domkisauny.pl\\\/sk\\\/produkt\\\/sauna-mirra\\\/\"]}]},{\"@type\":\"ImageObject\",\"inLanguage\":\"sk-SK\",\"@id\":\"https:\\\/\\\/dev.domkisauny.pl\\\/sk\\\/produkt\\\/sauna-mirra\\\/#primaryimage\",\"url\":\"https:\\\/\\\/dev.domkisauny.pl\\\/wp-content\\\/uploads\\\/2025\\\/05\\\/Sauna-Mirra-main.webp\",\"contentUrl\":\"https:\\\/\\\/dev.domkisauny.pl\\\/wp-content\\\/uploads\\\/2025\\\/05\\\/Sauna-Mirra-main.webp\",\"width\":2000,\"height\":1600},{\"@type\":\"BreadcrumbList\",\"@id\":\"https:\\\/\\\/dev.domkisauny.pl\\\/sk\\\/produkt\\\/sauna-mirra\\\/#breadcrumb\",\"itemListElement\":[{\"@type\":\"ListItem\",\"position\":1,\"name\":\"A&amp;M\",\"item\":\"https:\\\/\\\/dev.domkisauny.pl\\\/sk\\\/\"},{\"@type\":\"ListItem\",\"position\":2,\"name\":\"Produkty\",\"item\":\"https:\\\/\\\/dev.domkisauny.pl\\\/produkty\\\/\"},{\"@type\":\"ListItem\",\"position\":3,\"name\":\"Sauny\",\"item\":\"https:\\\/\\\/dev.domkisauny.pl\\\/sk\\\/kategoria-produktu\\\/sauny\\\/\"},{\"@type\":\"ListItem\",\"position\":4,\"name\":\"Z\u00e1hradn\u00e9 sauny premium\",\"item\":\"https:\\\/\\\/dev.domkisauny.pl\\\/sk\\\/kategoria-produktu\\\/sauny\\\/sauny-premium-sk\\\/\"},{\"@type\":\"ListItem\",\"position\":5,\"name\":\"Sauna MIRRA\"}]},{\"@type\":\"WebSite\",\"@id\":\"https:\\\/\\\/dev.domkisauny.pl\\\/sk\\\/#website\",\"url\":\"https:\\\/\\\/dev.domkisauny.pl\\\/sk\\\/\",\"name\":\"Dom\u010deky, Sauny\",\"description\":\"\",\"publisher\":{\"@id\":\"https:\\\/\\\/dev.domkisauny.pl\\\/sk\\\/#organization\"},\"potentialAction\":[{\"@type\":\"SearchAction\",\"target\":{\"@type\":\"EntryPoint\",\"urlTemplate\":\"https:\\\/\\\/dev.domkisauny.pl\\\/sk\\\/?s={search_term_string}\"},\"query-input\":{\"@type\":\"PropertyValueSpecification\",\"valueRequired\":true,\"valueName\":\"search_term_string\"}}],\"inLanguage\":\"sk-SK\"},{\"@type\":\"Organization\",\"@id\":\"https:\\\/\\\/dev.domkisauny.pl\\\/sk\\\/#organization\",\"name\":\"Dom\u010deky, Sauny\",\"url\":\"https:\\\/\\\/dev.domkisauny.pl\\\/sk\\\/\",\"logo\":{\"@type\":\"ImageObject\",\"inLanguage\":\"sk-SK\",\"@id\":\"https:\\\/\\\/dev.domkisauny.pl\\\/sk\\\/#\\\/schema\\\/logo\\\/image\\\/\",\"url\":\"https:\\\/\\\/domkisauny.pl\\\/wp-content\\\/uploads\\\/2022\\\/09\\\/logo_03.png\",\"contentUrl\":\"https:\\\/\\\/domkisauny.pl\\\/wp-content\\\/uploads\\\/2022\\\/09\\\/logo_03.png\",\"width\":95,\"height\":81,\"caption\":\"Dom\u010deky, Sauny\"},\"image\":{\"@id\":\"https:\\\/\\\/dev.domkisauny.pl\\\/sk\\\/#\\\/schema\\\/logo\\\/image\\\/\"},\"sameAs\":[\"https:\\\/\\\/www.facebook.com\\\/DomkiSauny\"]}]}<\/script>\n<!-- \/ Yoast SEO plugin. -->","yoast_head_json":{"title":"Sauna MIRRA | Dom\u010deky, Sauny","robots":{"index":"noindex","follow":"follow","max-snippet":"max-snippet:-1","max-image-preview":"max-image-preview:large","max-video-preview":"max-video-preview:-1"},"og_locale":"sk_SK","og_type":"article","og_title":"Sauna MIRRA | Dom\u010deky, Sauny","og_description":"Sauna Mirra Sauna Mirra je modernou odpove\u010fou na potreby \u013eud\u00ed, ktor\u00ed ocenia s\u00fakromie, estetiku a funk\u010dnos\u0165 v jednom. Kombin\u00e1cia sklenen\u00fdch","og_url":"https:\/\/dev.domkisauny.pl\/sk\/produkt\/sauna-mirra\/","og_site_name":"Dom\u010deky, Sauny","article_publisher":"https:\/\/www.facebook.com\/DomkiSauny","article_modified_time":"2025-06-03T06:41:51+00:00","og_image":[{"width":2000,"height":1600,"url":"https:\/\/dev.domkisauny.pl\/wp-content\/uploads\/2025\/05\/Sauna-Mirra-main.webp","type":"image\/webp"}],"twitter_card":"summary_large_image","twitter_misc":{"Predpokladan\u00fd \u010das \u010d\u00edtania":"3 min\u00faty"},"schema":{"@context":"https:\/\/schema.org","@graph":[{"@type":"WebPage","@id":"https:\/\/dev.domkisauny.pl\/sk\/produkt\/sauna-mirra\/","url":"https:\/\/dev.domkisauny.pl\/sk\/produkt\/sauna-mirra\/","name":"Sauna MIRRA | Dom\u010deky, Sauny","isPartOf":{"@id":"https:\/\/dev.domkisauny.pl\/sk\/#website"},"primaryImageOfPage":{"@id":"https:\/\/dev.domkisauny.pl\/sk\/produkt\/sauna-mirra\/#primaryimage"},"image":{"@id":"https:\/\/dev.domkisauny.pl\/sk\/produkt\/sauna-mirra\/#primaryimage"},"thumbnailUrl":"https:\/\/dev.domkisauny.pl\/wp-content\/uploads\/2025\/05\/Sauna-Mirra-main.webp","datePublished":"2025-05-07T10:47:44+00:00","dateModified":"2025-06-03T06:41:51+00:00","breadcrumb":{"@id":"https:\/\/dev.domkisauny.pl\/sk\/produkt\/sauna-mirra\/#breadcrumb"},"inLanguage":"sk-SK","potentialAction":[{"@type":"ReadAction","target":["https:\/\/dev.domkisauny.pl\/sk\/produkt\/sauna-mirra\/"]}]},{"@type":"ImageObject","inLanguage":"sk-SK","@id":"https:\/\/dev.domkisauny.pl\/sk\/produkt\/sauna-mirra\/#primaryimage","url":"https:\/\/dev.domkisauny.pl\/wp-content\/uploads\/2025\/05\/Sauna-Mirra-main.webp","contentUrl":"https:\/\/dev.domkisauny.pl\/wp-content\/uploads\/2025\/05\/Sauna-Mirra-main.webp","width":2000,"height":1600},{"@type":"BreadcrumbList","@id":"https:\/\/dev.domkisauny.pl\/sk\/produkt\/sauna-mirra\/#breadcrumb","itemListElement":[{"@type":"ListItem","position":1,"name":"A&amp;M","item":"https:\/\/dev.domkisauny.pl\/sk\/"},{"@type":"ListItem","position":2,"name":"Produkty","item":"https:\/\/dev.domkisauny.pl\/produkty\/"},{"@type":"ListItem","position":3,"name":"Sauny","item":"https:\/\/dev.domkisauny.pl\/sk\/kategoria-produktu\/sauny\/"},{"@type":"ListItem","position":4,"name":"Z\u00e1hradn\u00e9 sauny premium","item":"https:\/\/dev.domkisauny.pl\/sk\/kategoria-produktu\/sauny\/sauny-premium-sk\/"},{"@type":"ListItem","position":5,"name":"Sauna MIRRA"}]},{"@type":"WebSite","@id":"https:\/\/dev.domkisauny.pl\/sk\/#website","url":"https:\/\/dev.domkisauny.pl\/sk\/","name":"Dom\u010deky, Sauny","description":"","publisher":{"@id":"https:\/\/dev.domkisauny.pl\/sk\/#organization"},"potentialAction":[{"@type":"SearchAction","target":{"@type":"EntryPoint","urlTemplate":"https:\/\/dev.domkisauny.pl\/sk\/?s={search_term_string}"},"query-input":{"@type":"PropertyValueSpecification","valueRequired":true,"valueName":"search_term_string"}}],"inLanguage":"sk-SK"},{"@type":"Organization","@id":"https:\/\/dev.domkisauny.pl\/sk\/#organization","name":"Dom\u010deky, Sauny","url":"https:\/\/dev.domkisauny.pl\/sk\/","logo":{"@type":"ImageObject","inLanguage":"sk-SK","@id":"https:\/\/dev.domkisauny.pl\/sk\/#\/schema\/logo\/image\/","url":"https:\/\/domkisauny.pl\/wp-content\/uploads\/2022\/09\/logo_03.png","contentUrl":"https:\/\/domkisauny.pl\/wp-content\/uploads\/2022\/09\/logo_03.png","width":95,"height":81,"caption":"Dom\u010deky, Sauny"},"image":{"@id":"https:\/\/dev.domkisauny.pl\/sk\/#\/schema\/logo\/image\/"},"sameAs":["https:\/\/www.facebook.com\/DomkiSauny"]}]}},"_links":{"self":[{"href":"https:\/\/dev.domkisauny.pl\/sk\/wp-json\/wp\/v2\/product\/22596","targetHints":{"allow":["GET"]}}],"collection":[{"href":"https:\/\/dev.domkisauny.pl\/sk\/wp-json\/wp\/v2\/product"}],"about":[{"href":"https:\/\/dev.domkisauny.pl\/sk\/wp-json\/wp\/v2\/types\/product"}],"wp:featuredmedia":[{"embeddable":true,"href":"https:\/\/dev.domkisauny.pl\/sk\/wp-json\/wp\/v2\/media\/21741"}],"wp:attachment":[{"href":"https:\/\/dev.domkisauny.pl\/sk\/wp-json\/wp\/v2\/media?parent=22596"}],"wp:term":[{"taxonomy":"product_brand","embeddable":true,"href":"https:\/\/dev.domkisauny.pl\/sk\/wp-json\/wp\/v2\/product_brand?post=22596"},{"taxonomy":"product_cat","embeddable":true,"href":"https:\/\/dev.domkisauny.pl\/sk\/wp-json\/wp\/v2\/product_cat?post=22596"},{"taxonomy":"product_tag","embeddable":true,"href":"https:\/\/dev.domkisauny.pl\/sk\/wp-json\/wp\/v2\/product_tag?post=22596"}],"curies":[{"name":"wp","href":"https:\/\/api.w.org\/{rel}","templated":true}]}}