{"id":21257,"date":"2025-02-14T15:32:53","date_gmt":"2025-02-14T14:32:53","guid":{"rendered":"https:\/\/domkisauny.pl\/produkt\/domek-drewniany-z-tarasem-kira-500-x-790-cm\/"},"modified":"2025-06-17T11:34:27","modified_gmt":"2025-06-17T09:34:27","slug":"dreveny-domcek-s-terasou-kira-500-cm-x-790-cm","status":"publish","type":"product","link":"https:\/\/dev.domkisauny.pl\/sk\/produkt\/dreveny-domcek-s-terasou-kira-500-cm-x-790-cm\/","title":{"rendered":"Dreven\u00fd dom\u010dek s terasou KIRA 500cm \u00d7 790cm"},"content":{"rendered":"<h3>PR\u00c9MIOV\u00dd DOM\u010cEK 5\u00d75 + TERASA 5\u00d73<\/h3>\n<h5>\u0160PECIFIK\u00c1CIA:<\/h5>\n<ul>\n<li><strong>Vonkaj\u0161ie rozmery dom\u010deka s terasou:<\/strong> 500cm x 790cm<\/li>\n<li><strong>Vn\u00fatorn\u00e9 rozmery dom\u010deka:<\/strong> 470cm x 470cm<\/li>\n<li><strong>Vn\u00fatorn\u00e9 rozmery terasy:<\/strong> 470cm x 290cm<\/li>\n<li><strong>Podlahov\u00e1 plocha dom\u010deka:<\/strong> 22,18m2<\/li>\n<li><strong>Podlahov\u00e1 plocha terasy:<\/strong> 13,6m2<\/li>\n<li><strong>Dvojsp\u00e1dov\u00e1 strecha<\/strong> z dosiek<\/li>\n<li><strong>Drevo:<\/strong> pr\u00edrodn\u00fd smrek, \u0161tvorstranne hob\u013eovan\u00fd<\/li>\n<li><strong>Vlhkos\u0165 dreva:<\/strong> 18%<\/li>\n<li><strong>Hr\u00fabka stien:<\/strong> 44mm<\/li>\n<li><strong>V\u00fd\u0161ka stien:<\/strong> 224cm<\/li>\n<li><strong>V\u00fd\u0161ka v \u0161t\u00edte:<\/strong> 305cm<\/li>\n<li><strong>Hr\u00fabka podlahov\u00fdch dosiek:<\/strong> 20mm<\/li>\n<li><strong>Hr\u00fabka stre\u0161n\u00fdch dosiek:<\/strong> 18mm<\/li>\n<li><strong>Rozmery dvokr\u00eddlov\u00fdch dver\u00ed:<\/strong> 1500mm x 1900mm, z\u00e1mok, k\u013eu\u010dka<\/li>\n<li><strong>Rozmery okna:<\/strong> 850mm x 1400mm<\/li>\n<li><strong>Okno<\/strong> s lepen\u00fdmi sklami<\/li>\n<li><strong>Plocha strechy:<\/strong> 45m2<\/li>\n<li><strong>Hmotnos\u0165 dom\u010deka:<\/strong> 2600 kg<\/li>\n<\/ul>\n<p><em>Cena nezah\u0155\u0148a \u0161inde\u013e<\/em><br \/>\n<em>Cena nezah\u0155\u0148a mont\u00e1\u017e<\/em><br \/>\n<em>Cena nezah\u0155\u0148a impregn\u00e1ciu<\/em><br \/>\n<em>Impregn\u00e1ciu je nevyhnutn\u00e9 vykona\u0165 ihne\u010f po dokon\u010den\u00ed mont\u00e1\u017ee<\/em><\/p>\n<h6>Mont\u00e1\u017e:<\/h6>\n<p>Mont\u00e1\u017e z\u00e1hradn\u00e9ho dom\u010deka je pomerne jednoduch\u00e1 \u00faloha. Na jeho zlo\u017eenie budete potrebova\u0165 sadu nieko\u013ek\u00fdch jednoduch\u00fdch n\u00e1strojov (kladivo, skrutkova\u010d, ru\u010dn\u00fa p\u00edlku, rebr\u00edk) a pomoc druhej osoby. V\u0161etky komponenty potrebn\u00e9 na mont\u00e1\u017e spolu s n\u00e1vodom s\u00fa s\u00fa\u010das\u0165ou dodan\u00e9ho balenia. Celok je bezpe\u010dne zabalen\u00fd na prepravnej palete.<\/p>\n<h4>Opis<\/h4>\n<p>Jednopodla\u017en\u00fd dreven\u00fd z\u00e1hradn\u00fd dom\u010dek je nielen funk\u010dn\u00fd, ale aj ve\u013emi zauj\u00edmavou ozdobou ka\u017ed\u00e9ho pozemku.<\/p>\n<h3>Dreven\u00fd letn\u00fd dom\u010dek 5&#215;5 m s priestrannou terasou \u2013 pohodlie a funk\u010dnos\u0165 v jednom!<\/h3>\n<p>Sn\u00edvate o vlastnom, \u00fatulnom mieste pre <strong>oddych v pr\u00edrodnom prostred\u00ed?<\/strong> N\u00e1\u0161 <strong>letn\u00fd dreven\u00fd dom\u010dek 5x5m s 3-metrovou terasou<\/strong> je ide\u00e1lnym rie\u0161en\u00edm pre ka\u017ed\u00e9ho, kto si cen\u00ed <strong>pohodlie, priestrannos\u0165 i estetiku.<\/strong> Je ide\u00e1lny ako <strong>rekrea\u010dn\u00fd dom\u010dek, priestor na pr\u00e1cu, hos\u0165ovsk\u00fd dom\u010dek<\/strong> alebo <strong>letn\u00fa kancel\u00e1riu!<\/strong><\/p>\n<p data-wp-editing=\"1\"><img loading=\"lazy\" decoding=\"async\" class=\"aligncenter wp-image-21033 size-full\" src=\"https:\/\/domkysauny.sk\/wp-content\/uploads\/2025\/02\/Domek-Kira-main.webp\" alt=\"\" width=\"2000\" height=\"1600\" srcset=\"https:\/\/dev.domkisauny.pl\/wp-content\/uploads\/2025\/02\/Domek-Kira-main.webp 2000w, https:\/\/dev.domkisauny.pl\/wp-content\/uploads\/2025\/02\/Domek-Kira-main-300x240.webp 300w, https:\/\/dev.domkisauny.pl\/wp-content\/uploads\/2025\/02\/Domek-Kira-main-1024x819.webp 1024w, https:\/\/dev.domkisauny.pl\/wp-content\/uploads\/2025\/02\/Domek-Kira-main-768x614.webp 768w, https:\/\/dev.domkisauny.pl\/wp-content\/uploads\/2025\/02\/Domek-Kira-main-1536x1229.webp 1536w, https:\/\/dev.domkisauny.pl\/wp-content\/uploads\/2025\/02\/Domek-Kira-main-1000x800.webp 1000w\" sizes=\"auto, (max-width: 2000px) 100vw, 2000px\" \/><\/p>\n<h3>Pevn\u00e1 a odoln\u00e1 kon\u0161trukcia:<\/h3>\n<p><strong>Hr\u00fabka gu\u013eatiny: 44 mm \u2013<\/strong> zaru\u010duje odolnos\u0165, tepeln\u00fa izol\u00e1ciu a ochranu pred atmosf\u00e9rick\u00fdmi podmienkami.<br \/>\n<strong>Vn\u00fatorn\u00e9 rozmery: 470 cm x 470 cm \u2013<\/strong> pohodln\u00fd a funk\u010dn\u00fd interi\u00e9r.<br \/>\n<strong>Terasa s rozmermi 470 cm x 290 cm \u2013<\/strong> ide\u00e1lne miesto na st\u00f4l so stoli\u010dkami a leh\u00e1tko ako va\u0161a z\u00f3na oddychu.<br \/>\n<strong>Steny s hr\u00fabkou 44 mm zo smrekov\u00e9ho mas\u00edvu \u2013<\/strong> zaru\u010duj\u00fa stabilitu a pohodlie pou\u017e\u00edvania.<\/p>\n<h3>Premyslen\u00e1 funk\u010dnos\u0165 \u2013 prisp\u00f4sobte si dom\u010dek svojim potreb\u00e1m, posl\u00fa\u017ei v\u00e1m ako:<\/h3>\n<p><strong>Letn\u00e1 ob\u00fdvacia izba \u2013<\/strong> zaria\u010fte ju pohodlnou sedacou s\u00fapravou, konferen\u010dn\u00fdm stol\u00edkom a poli\u010dkami a vytvorte si pohodln\u00e9 miesto na skvel\u00fd odpo\u010dinok.<br \/>\n<strong>Dovolenkov\u00e1 sp\u00e1l\u0148a \u2013<\/strong> zmest\u00ed sa sem poste\u013e, skri\u0148a aj komoda, v\u010faka \u010domu vznikne pohodln\u00fd priestor na prenocovanie.<br \/>\n<strong>Letn\u00e1 kancel\u00e1ria alebo pracov\u0148a \u2013<\/strong> priestor si m\u00f4\u017eete zariadi\u0165 ako pracov\u0148u s kancel\u00e1rskym stolom, kreslom a poli\u010dkami.<br \/>\n<strong>Hobby diel\u0148a \u2013<\/strong> ide\u00e1lne miesto pre va\u0161u v\u00e1\u0161e\u0148 \u2013 ma\u013eovanie, remesl\u00e1, stol\u00e1rsku diel\u0148u \u010di j\u00f3gu,<br \/>\n<strong>Dom\u010dek s kuchynsk\u00fdm k\u00fatom \u2013<\/strong> miesto na mal\u00fa kuchy\u0148u s jed\u00e1l\u0148ou, v\u010faka \u010domu si vytvor\u00edte pohodln\u00e9 miesto na jedenie.<br \/>\n<strong>Miesto na odlo\u017eenie \u0161portov\u00e9ho, rekrea\u010dn\u00e9ho a z\u00e1hradn\u00e9ho vybavenia \u2013<\/strong> ide\u00e1lne na bicykle, vodn\u00e9 pr\u00edslu\u0161enstvo, kosa\u010dky alebo in\u00e9 z\u00e1hradn\u00e9 vybavenie.<br \/>\n<strong>Zastra\u0161en\u00e1 terasa \u2013<\/strong> ide\u00e1lna na rann\u00fa k\u00e1vu, letn\u00e9 ve\u010dere alebo oddych v tieni, bez oh\u013eadu na po\u010dasie!<\/p>\n<p><img loading=\"lazy\" decoding=\"async\" class=\"aligncenter wp-image-18790 size-full\" src=\"https:\/\/domkysauny.sk\/wp-content\/uploads\/2025\/02\/domek-5-x-79-m-kira-wymiary.jpg\" alt=\"\" width=\"2000\" height=\"1600\" srcset=\"https:\/\/dev.domkisauny.pl\/wp-content\/uploads\/2025\/02\/domek-5-x-79-m-kira-wymiary.jpg 2000w, https:\/\/dev.domkisauny.pl\/wp-content\/uploads\/2025\/02\/domek-5-x-79-m-kira-wymiary-300x240.jpg 300w, https:\/\/dev.domkisauny.pl\/wp-content\/uploads\/2025\/02\/domek-5-x-79-m-kira-wymiary-1024x819.jpg 1024w, https:\/\/dev.domkisauny.pl\/wp-content\/uploads\/2025\/02\/domek-5-x-79-m-kira-wymiary-768x614.jpg 768w, https:\/\/dev.domkisauny.pl\/wp-content\/uploads\/2025\/02\/domek-5-x-79-m-kira-wymiary-1536x1229.jpg 1536w, https:\/\/dev.domkisauny.pl\/wp-content\/uploads\/2025\/02\/domek-5-x-79-m-kira-wymiary-1000x800.jpg 1000w\" sizes=\"auto, (max-width: 2000px) 100vw, 2000px\" \/><\/p>\n<h4>\u00datuln\u00fd interi\u00e9r a mno\u017estvo svetla<\/h4>\n<p>Dve ve\u013ek\u00e9 okn\u00e1 <strong>(850 mm x 1400 mm)<\/strong> vp\u00fa\u0161\u0165aj\u00fa mno\u017estvo prirodzen\u00e9ho svetla a vytv\u00e1raj\u00fa tak svetl\u00fd a priestrann\u00fd interi\u00e9r.<br \/>\n\u0160irok\u00e9, dvojkr\u00eddlov\u00e9 dvere <strong>(1500 mm x 1900 mm)<\/strong> umo\u017e\u0148uj\u00fa pohodln\u00fd vstup a elegantn\u00fd v\u00fdh\u013ead.<\/p>\n<p><strong>Terasa nab\u00e1da k tr\u00e1veniu \u010dasu na \u010derstvom vzduchu \u2013<\/strong> je ide\u00e1lna na oddych, rodinn\u00e9 stretnutia a rados\u0165 z v\u00fdh\u013eadu.<br \/>\n<strong>Pr\u00edrodn\u00e9 drevo vytv\u00e1ra zdrav\u00fa mikrokl\u00edmu<\/strong>, a jeho v\u00f4\u0148a zaru\u010duje v\u00fdnimo\u010dn\u00fa atmosf\u00e9ru.<\/p>\n<p><strong>Dreven\u00fd letn\u00fd dom\u010dek s priestrannou terasou<\/strong> dokonale v\u010dlen\u00ed do ka\u017ed\u00e9ho vonkaj\u0161ieho priestoru \u2013 bude <strong>\u0161t\u00fdlovou ozdobou pozemku, z\u00e1hrady alebo priestoru pri rodinnom dome.<\/strong> Jeho <strong>priestrannos\u0165 a funk\u010dnos\u0165<\/strong> ho umo\u017e\u0148uj\u00fa vyu\u017e\u00edva\u0165 cel\u00fa sez\u00f3nu!<\/p>\n<p>Nev\u00e1hajte \u2013 objednajte si ho u\u017e dnes a te\u0161te sa <strong>vlastn\u00fdm \u00fato\u010diskom v pr\u00edrodnom prostred\u00ed!<\/strong><\/p>\n<p>&nbsp;<\/p>\n","protected":false},"excerpt":{"rendered":"<p>PR\u00c9MIOV\u00dd DOM\u010cEK 5\u00d75 + TERASA 5\u00d73 \u0160PECIFIK\u00c1CIA: Vonkaj\u0161ie rozmery dom\u010deka s terasou: 500cm x 790cm Vn\u00fatorn\u00e9 rozmery dom\u010deka: 470cm x<\/p>\n","protected":false},"featured_media":21036,"template":"","meta":{"_acf_changed":false},"product_brand":[],"product_cat":[155],"product_tag":[],"class_list":{"0":"post-21257","1":"product","2":"type-product","3":"status-publish","4":"has-post-thumbnail","6":"product_cat-domceky","7":"product_shipping_class-wysylka-grupa1-sk","9":"first","10":"instock","11":"shipping-taxable","12":"purchasable","13":"product-type-simple"},"acf":[],"yoast_head":"<!-- This site is optimized with the Yoast SEO plugin v27.4 - https:\/\/yoast.com\/product\/yoast-seo-wordpress\/ -->\n<title>Dreven\u00fd dom\u010dek s terasou KIRA 500cm \u00d7 790cm | Dom\u010deky, Sauny<\/title>\n<meta name=\"robots\" content=\"noindex, follow, max-snippet:-1, max-image-preview:large, max-video-preview:-1\" \/>\n<meta property=\"og:locale\" content=\"sk_SK\" \/>\n<meta property=\"og:type\" content=\"article\" \/>\n<meta property=\"og:title\" content=\"Dreven\u00fd dom\u010dek s terasou KIRA 500cm \u00d7 790cm | Dom\u010deky, Sauny\" \/>\n<meta property=\"og:description\" content=\"PR\u00c9MIOV\u00dd DOM\u010cEK 5\u00d75 + TERASA 5\u00d73 \u0160PECIFIK\u00c1CIA: Vonkaj\u0161ie rozmery dom\u010deka s terasou: 500cm x 790cm Vn\u00fatorn\u00e9 rozmery dom\u010deka: 470cm x\" \/>\n<meta property=\"og:url\" content=\"https:\/\/dev.domkisauny.pl\/sk\/produkt\/dreveny-domcek-s-terasou-kira-500-cm-x-790-cm\/\" \/>\n<meta property=\"og:site_name\" content=\"Dom\u010deky, Sauny\" \/>\n<meta property=\"article:publisher\" content=\"https:\/\/www.facebook.com\/DomkiSauny\" \/>\n<meta property=\"article:modified_time\" content=\"2025-06-17T09:34:27+00:00\" \/>\n<meta property=\"og:image\" content=\"https:\/\/dev.domkisauny.pl\/wp-content\/uploads\/2025\/02\/Domek-Kira-main.webp\" \/>\n\t<meta property=\"og:image:width\" content=\"2000\" \/>\n\t<meta property=\"og:image:height\" content=\"1600\" \/>\n\t<meta property=\"og:image:type\" content=\"image\/webp\" \/>\n<meta name=\"twitter:card\" content=\"summary_large_image\" \/>\n<meta name=\"twitter:label1\" content=\"Predpokladan\u00fd \u010das \u010d\u00edtania\" \/>\n\t<meta name=\"twitter:data1\" content=\"4 min\u00faty\" \/>\n<script type=\"application\/ld+json\" class=\"yoast-schema-graph\">{\"@context\":\"https:\\\/\\\/schema.org\",\"@graph\":[{\"@type\":\"WebPage\",\"@id\":\"https:\\\/\\\/dev.domkisauny.pl\\\/sk\\\/produkt\\\/dreveny-domcek-s-terasou-kira-500-cm-x-790-cm\\\/\",\"url\":\"https:\\\/\\\/dev.domkisauny.pl\\\/sk\\\/produkt\\\/dreveny-domcek-s-terasou-kira-500-cm-x-790-cm\\\/\",\"name\":\"Dreven\u00fd dom\u010dek s terasou KIRA 500cm \u00d7 790cm | Dom\u010deky, Sauny\",\"isPartOf\":{\"@id\":\"https:\\\/\\\/dev.domkisauny.pl\\\/sk\\\/#website\"},\"primaryImageOfPage\":{\"@id\":\"https:\\\/\\\/dev.domkisauny.pl\\\/sk\\\/produkt\\\/dreveny-domcek-s-terasou-kira-500-cm-x-790-cm\\\/#primaryimage\"},\"image\":{\"@id\":\"https:\\\/\\\/dev.domkisauny.pl\\\/sk\\\/produkt\\\/dreveny-domcek-s-terasou-kira-500-cm-x-790-cm\\\/#primaryimage\"},\"thumbnailUrl\":\"https:\\\/\\\/dev.domkisauny.pl\\\/wp-content\\\/uploads\\\/2025\\\/02\\\/Domek-Kira-main.webp\",\"datePublished\":\"2025-02-14T14:32:53+00:00\",\"dateModified\":\"2025-06-17T09:34:27+00:00\",\"breadcrumb\":{\"@id\":\"https:\\\/\\\/dev.domkisauny.pl\\\/sk\\\/produkt\\\/dreveny-domcek-s-terasou-kira-500-cm-x-790-cm\\\/#breadcrumb\"},\"inLanguage\":\"sk-SK\",\"potentialAction\":[{\"@type\":\"ReadAction\",\"target\":[\"https:\\\/\\\/dev.domkisauny.pl\\\/sk\\\/produkt\\\/dreveny-domcek-s-terasou-kira-500-cm-x-790-cm\\\/\"]}]},{\"@type\":\"ImageObject\",\"inLanguage\":\"sk-SK\",\"@id\":\"https:\\\/\\\/dev.domkisauny.pl\\\/sk\\\/produkt\\\/dreveny-domcek-s-terasou-kira-500-cm-x-790-cm\\\/#primaryimage\",\"url\":\"https:\\\/\\\/dev.domkisauny.pl\\\/wp-content\\\/uploads\\\/2025\\\/02\\\/Domek-Kira-main.webp\",\"contentUrl\":\"https:\\\/\\\/dev.domkisauny.pl\\\/wp-content\\\/uploads\\\/2025\\\/02\\\/Domek-Kira-main.webp\",\"width\":2000,\"height\":1600},{\"@type\":\"BreadcrumbList\",\"@id\":\"https:\\\/\\\/dev.domkisauny.pl\\\/sk\\\/produkt\\\/dreveny-domcek-s-terasou-kira-500-cm-x-790-cm\\\/#breadcrumb\",\"itemListElement\":[{\"@type\":\"ListItem\",\"position\":1,\"name\":\"A&amp;M\",\"item\":\"https:\\\/\\\/dev.domkisauny.pl\\\/sk\\\/\"},{\"@type\":\"ListItem\",\"position\":2,\"name\":\"Produkty\",\"item\":\"https:\\\/\\\/dev.domkisauny.pl\\\/produkty\\\/\"},{\"@type\":\"ListItem\",\"position\":3,\"name\":\"Domy\",\"item\":\"https:\\\/\\\/dev.domkisauny.pl\\\/sk\\\/kategoria-produktu\\\/domy-sk\\\/\"},{\"@type\":\"ListItem\",\"position\":4,\"name\":\"Dom\u010deky\",\"item\":\"https:\\\/\\\/dev.domkisauny.pl\\\/sk\\\/kategoria-produktu\\\/domy-sk\\\/domceky\\\/\"},{\"@type\":\"ListItem\",\"position\":5,\"name\":\"Dreven\u00fd dom\u010dek s terasou KIRA 500cm \u00d7 790cm\"}]},{\"@type\":\"WebSite\",\"@id\":\"https:\\\/\\\/dev.domkisauny.pl\\\/sk\\\/#website\",\"url\":\"https:\\\/\\\/dev.domkisauny.pl\\\/sk\\\/\",\"name\":\"Dom\u010deky, Sauny\",\"description\":\"\",\"publisher\":{\"@id\":\"https:\\\/\\\/dev.domkisauny.pl\\\/sk\\\/#organization\"},\"potentialAction\":[{\"@type\":\"SearchAction\",\"target\":{\"@type\":\"EntryPoint\",\"urlTemplate\":\"https:\\\/\\\/dev.domkisauny.pl\\\/sk\\\/?s={search_term_string}\"},\"query-input\":{\"@type\":\"PropertyValueSpecification\",\"valueRequired\":true,\"valueName\":\"search_term_string\"}}],\"inLanguage\":\"sk-SK\"},{\"@type\":\"Organization\",\"@id\":\"https:\\\/\\\/dev.domkisauny.pl\\\/sk\\\/#organization\",\"name\":\"Dom\u010deky, Sauny\",\"url\":\"https:\\\/\\\/dev.domkisauny.pl\\\/sk\\\/\",\"logo\":{\"@type\":\"ImageObject\",\"inLanguage\":\"sk-SK\",\"@id\":\"https:\\\/\\\/dev.domkisauny.pl\\\/sk\\\/#\\\/schema\\\/logo\\\/image\\\/\",\"url\":\"https:\\\/\\\/domkisauny.pl\\\/wp-content\\\/uploads\\\/2022\\\/09\\\/logo_03.png\",\"contentUrl\":\"https:\\\/\\\/domkisauny.pl\\\/wp-content\\\/uploads\\\/2022\\\/09\\\/logo_03.png\",\"width\":95,\"height\":81,\"caption\":\"Dom\u010deky, Sauny\"},\"image\":{\"@id\":\"https:\\\/\\\/dev.domkisauny.pl\\\/sk\\\/#\\\/schema\\\/logo\\\/image\\\/\"},\"sameAs\":[\"https:\\\/\\\/www.facebook.com\\\/DomkiSauny\"]}]}<\/script>\n<!-- \/ Yoast SEO plugin. -->","yoast_head_json":{"title":"Dreven\u00fd dom\u010dek s terasou KIRA 500cm \u00d7 790cm | Dom\u010deky, Sauny","robots":{"index":"noindex","follow":"follow","max-snippet":"max-snippet:-1","max-image-preview":"max-image-preview:large","max-video-preview":"max-video-preview:-1"},"og_locale":"sk_SK","og_type":"article","og_title":"Dreven\u00fd dom\u010dek s terasou KIRA 500cm \u00d7 790cm | Dom\u010deky, Sauny","og_description":"PR\u00c9MIOV\u00dd DOM\u010cEK 5\u00d75 + TERASA 5\u00d73 \u0160PECIFIK\u00c1CIA: Vonkaj\u0161ie rozmery dom\u010deka s terasou: 500cm x 790cm Vn\u00fatorn\u00e9 rozmery dom\u010deka: 470cm x","og_url":"https:\/\/dev.domkisauny.pl\/sk\/produkt\/dreveny-domcek-s-terasou-kira-500-cm-x-790-cm\/","og_site_name":"Dom\u010deky, Sauny","article_publisher":"https:\/\/www.facebook.com\/DomkiSauny","article_modified_time":"2025-06-17T09:34:27+00:00","og_image":[{"width":2000,"height":1600,"url":"https:\/\/dev.domkisauny.pl\/wp-content\/uploads\/2025\/02\/Domek-Kira-main.webp","type":"image\/webp"}],"twitter_card":"summary_large_image","twitter_misc":{"Predpokladan\u00fd \u010das \u010d\u00edtania":"4 min\u00faty"},"schema":{"@context":"https:\/\/schema.org","@graph":[{"@type":"WebPage","@id":"https:\/\/dev.domkisauny.pl\/sk\/produkt\/dreveny-domcek-s-terasou-kira-500-cm-x-790-cm\/","url":"https:\/\/dev.domkisauny.pl\/sk\/produkt\/dreveny-domcek-s-terasou-kira-500-cm-x-790-cm\/","name":"Dreven\u00fd dom\u010dek s terasou KIRA 500cm \u00d7 790cm | Dom\u010deky, Sauny","isPartOf":{"@id":"https:\/\/dev.domkisauny.pl\/sk\/#website"},"primaryImageOfPage":{"@id":"https:\/\/dev.domkisauny.pl\/sk\/produkt\/dreveny-domcek-s-terasou-kira-500-cm-x-790-cm\/#primaryimage"},"image":{"@id":"https:\/\/dev.domkisauny.pl\/sk\/produkt\/dreveny-domcek-s-terasou-kira-500-cm-x-790-cm\/#primaryimage"},"thumbnailUrl":"https:\/\/dev.domkisauny.pl\/wp-content\/uploads\/2025\/02\/Domek-Kira-main.webp","datePublished":"2025-02-14T14:32:53+00:00","dateModified":"2025-06-17T09:34:27+00:00","breadcrumb":{"@id":"https:\/\/dev.domkisauny.pl\/sk\/produkt\/dreveny-domcek-s-terasou-kira-500-cm-x-790-cm\/#breadcrumb"},"inLanguage":"sk-SK","potentialAction":[{"@type":"ReadAction","target":["https:\/\/dev.domkisauny.pl\/sk\/produkt\/dreveny-domcek-s-terasou-kira-500-cm-x-790-cm\/"]}]},{"@type":"ImageObject","inLanguage":"sk-SK","@id":"https:\/\/dev.domkisauny.pl\/sk\/produkt\/dreveny-domcek-s-terasou-kira-500-cm-x-790-cm\/#primaryimage","url":"https:\/\/dev.domkisauny.pl\/wp-content\/uploads\/2025\/02\/Domek-Kira-main.webp","contentUrl":"https:\/\/dev.domkisauny.pl\/wp-content\/uploads\/2025\/02\/Domek-Kira-main.webp","width":2000,"height":1600},{"@type":"BreadcrumbList","@id":"https:\/\/dev.domkisauny.pl\/sk\/produkt\/dreveny-domcek-s-terasou-kira-500-cm-x-790-cm\/#breadcrumb","itemListElement":[{"@type":"ListItem","position":1,"name":"A&amp;M","item":"https:\/\/dev.domkisauny.pl\/sk\/"},{"@type":"ListItem","position":2,"name":"Produkty","item":"https:\/\/dev.domkisauny.pl\/produkty\/"},{"@type":"ListItem","position":3,"name":"Domy","item":"https:\/\/dev.domkisauny.pl\/sk\/kategoria-produktu\/domy-sk\/"},{"@type":"ListItem","position":4,"name":"Dom\u010deky","item":"https:\/\/dev.domkisauny.pl\/sk\/kategoria-produktu\/domy-sk\/domceky\/"},{"@type":"ListItem","position":5,"name":"Dreven\u00fd dom\u010dek s terasou KIRA 500cm \u00d7 790cm"}]},{"@type":"WebSite","@id":"https:\/\/dev.domkisauny.pl\/sk\/#website","url":"https:\/\/dev.domkisauny.pl\/sk\/","name":"Dom\u010deky, Sauny","description":"","publisher":{"@id":"https:\/\/dev.domkisauny.pl\/sk\/#organization"},"potentialAction":[{"@type":"SearchAction","target":{"@type":"EntryPoint","urlTemplate":"https:\/\/dev.domkisauny.pl\/sk\/?s={search_term_string}"},"query-input":{"@type":"PropertyValueSpecification","valueRequired":true,"valueName":"search_term_string"}}],"inLanguage":"sk-SK"},{"@type":"Organization","@id":"https:\/\/dev.domkisauny.pl\/sk\/#organization","name":"Dom\u010deky, Sauny","url":"https:\/\/dev.domkisauny.pl\/sk\/","logo":{"@type":"ImageObject","inLanguage":"sk-SK","@id":"https:\/\/dev.domkisauny.pl\/sk\/#\/schema\/logo\/image\/","url":"https:\/\/domkisauny.pl\/wp-content\/uploads\/2022\/09\/logo_03.png","contentUrl":"https:\/\/domkisauny.pl\/wp-content\/uploads\/2022\/09\/logo_03.png","width":95,"height":81,"caption":"Dom\u010deky, Sauny"},"image":{"@id":"https:\/\/dev.domkisauny.pl\/sk\/#\/schema\/logo\/image\/"},"sameAs":["https:\/\/www.facebook.com\/DomkiSauny"]}]}},"_links":{"self":[{"href":"https:\/\/dev.domkisauny.pl\/sk\/wp-json\/wp\/v2\/product\/21257","targetHints":{"allow":["GET"]}}],"collection":[{"href":"https:\/\/dev.domkisauny.pl\/sk\/wp-json\/wp\/v2\/product"}],"about":[{"href":"https:\/\/dev.domkisauny.pl\/sk\/wp-json\/wp\/v2\/types\/product"}],"wp:featuredmedia":[{"embeddable":true,"href":"https:\/\/dev.domkisauny.pl\/sk\/wp-json\/wp\/v2\/media\/21036"}],"wp:attachment":[{"href":"https:\/\/dev.domkisauny.pl\/sk\/wp-json\/wp\/v2\/media?parent=21257"}],"wp:term":[{"taxonomy":"product_brand","embeddable":true,"href":"https:\/\/dev.domkisauny.pl\/sk\/wp-json\/wp\/v2\/product_brand?post=21257"},{"taxonomy":"product_cat","embeddable":true,"href":"https:\/\/dev.domkisauny.pl\/sk\/wp-json\/wp\/v2\/product_cat?post=21257"},{"taxonomy":"product_tag","embeddable":true,"href":"https:\/\/dev.domkisauny.pl\/sk\/wp-json\/wp\/v2\/product_tag?post=21257"}],"curies":[{"name":"wp","href":"https:\/\/api.w.org\/{rel}","templated":true}]}}