{"id":21223,"date":"2025-02-14T14:09:38","date_gmt":"2025-02-14T13:09:38","guid":{"rendered":"https:\/\/domkisauny.pl\/produkt\/domek-drewniany-400-x-400-cm\/"},"modified":"2025-06-13T14:09:26","modified_gmt":"2025-06-13T12:09:26","slug":"dreveny-domcek-ben-iii-400-cm-x-400-cm","status":"publish","type":"product","link":"https:\/\/dev.domkisauny.pl\/sk\/produkt\/dreveny-domcek-ben-iii-400-cm-x-400-cm\/","title":{"rendered":"Dreven\u00fd dom\u010dek BEN III 400cm \u00d7 400cm"},"content":{"rendered":"<h3><strong>DOM\u010cEK 4&#215;4<\/strong><\/h3>\n<h5><strong>\u0160pecifik\u00e1cia<\/strong><\/h5>\n<ul>\n<li><strong>Rozmer dom\u010deka:<\/strong> 4 m x 4 m<\/li>\n<li><strong>Sedlov\u00e1 strecha<\/strong> s doskovan\u00edm<\/li>\n<li><strong>Drevo:<\/strong> pr\u00edrodn\u00fd smrek, \u0161tvorstranne hob\u013eovan\u00fd<\/li>\n<li><strong>Vlhkos\u0165 dreva:<\/strong> 18 %<\/li>\n<li><strong>V\u00fd\u0161ka steny:<\/strong> 2,07 m<\/li>\n<li><strong>Hr\u00fabka steny:<\/strong> 34 mm<\/li>\n<li><strong>Hr\u00fabka stre\u0161nej dosky:<\/strong> 18 mm<\/li>\n<li><strong>Dvojkr\u00eddlov\u00e9 dvere<\/strong> s jednoduch\u00fdm sklom, z\u00e1mkom a k\u013eu\u010dkou<\/li>\n<li><strong>Rozmer dver\u00ed:<\/strong> 725 mm x 1800 mm<\/li>\n<li><strong>Rozmer okna:<\/strong> 1150 mm x 800 mm<\/li>\n<li><strong>Sklo v okne:<\/strong> 4 mm<\/li>\n<li><strong>Hmotnos\u0165 dom\u010deka:<\/strong> 800 kg<\/li>\n<li><span style=\"text-decoration: underline;\"><strong>Dom\u010dek nem\u00e1 podlahu.<\/strong><\/span><\/li>\n<\/ul>\n<p><em>Cena nezah\u0155\u0148a \u0161inde\u013e<\/em><br data-start=\"1365\" data-end=\"1368\" \/><em>Cena nezah\u0155\u0148a mont\u00e1\u017e<\/em><br data-start=\"1388\" data-end=\"1391\" \/><em>Cena nezah\u0155\u0148a impregn\u00e1ciu<\/em><br data-start=\"1416\" data-end=\"1419\" \/><em>Impregn\u00e1cia je nevyhnutn\u00e1 ihne\u010f po mont\u00e1\u017ei<\/em><\/p>\n<p class=\"\" data-start=\"1465\" data-end=\"1628\">Pevn\u00fd <strong>rekrea\u010dn\u00fd dom\u010dek<\/strong> s rozlohou <strong>16 m\u00b2<\/strong>, vyroben\u00fd z pr\u00edrodn\u00e9ho <strong>smrekov\u00e9ho dreva<\/strong>, je ide\u00e1lny ako miesto na oddych v <strong>z\u00e1hrade, na chate<\/strong> alebo ako men\u0161ie <strong>ubytovanie.<\/strong><\/p>\n<p class=\"\" data-start=\"1630\" data-end=\"1723\"><strong>Pr\u00edrodn\u00fd materi\u00e1l<\/strong> a prec\u00edzne <strong>ru\u010dn\u00e9 spracovanie<\/strong> zaru\u010duj\u00fa komfort a dlh\u00fa \u017eivotnos\u0165 kon\u0161trukcie.<\/p>\n<p><a href=\"https:\/\/domkysauny.sk\/wp-content\/uploads\/2025\/02\/4x4-wizualizacja.jpg\"><img loading=\"lazy\" decoding=\"async\" class=\"aligncenter wp-image-19957 size-full\" src=\"https:\/\/domkysauny.sk\/wp-content\/uploads\/2025\/02\/4x4-wizualizacja.jpg\" alt=\"\" width=\"2000\" height=\"1600\" srcset=\"https:\/\/dev.domkisauny.pl\/wp-content\/uploads\/2025\/02\/4x4-wizualizacja.jpg 2000w, https:\/\/dev.domkisauny.pl\/wp-content\/uploads\/2025\/02\/4x4-wizualizacja-300x240.jpg 300w, https:\/\/dev.domkisauny.pl\/wp-content\/uploads\/2025\/02\/4x4-wizualizacja-1024x819.jpg 1024w, https:\/\/dev.domkisauny.pl\/wp-content\/uploads\/2025\/02\/4x4-wizualizacja-768x614.jpg 768w, https:\/\/dev.domkisauny.pl\/wp-content\/uploads\/2025\/02\/4x4-wizualizacja-1536x1229.jpg 1536w, https:\/\/dev.domkisauny.pl\/wp-content\/uploads\/2025\/02\/4x4-wizualizacja-1000x800.jpg 1000w\" sizes=\"auto, (max-width: 2000px) 100vw, 2000px\" \/><\/a><\/p>\n<p><img loading=\"lazy\" decoding=\"async\" class=\"aligncenter wp-image-20544 size-full\" src=\"https:\/\/domkysauny.sk\/wp-content\/uploads\/2025\/02\/domek-400-x-400-wymiary.jpg\" alt=\"\" width=\"2000\" height=\"1600\" srcset=\"https:\/\/dev.domkisauny.pl\/wp-content\/uploads\/2025\/02\/domek-400-x-400-wymiary.jpg 2000w, https:\/\/dev.domkisauny.pl\/wp-content\/uploads\/2025\/02\/domek-400-x-400-wymiary-300x240.jpg 300w, https:\/\/dev.domkisauny.pl\/wp-content\/uploads\/2025\/02\/domek-400-x-400-wymiary-1024x819.jpg 1024w, https:\/\/dev.domkisauny.pl\/wp-content\/uploads\/2025\/02\/domek-400-x-400-wymiary-768x614.jpg 768w, https:\/\/dev.domkisauny.pl\/wp-content\/uploads\/2025\/02\/domek-400-x-400-wymiary-1536x1229.jpg 1536w, https:\/\/dev.domkisauny.pl\/wp-content\/uploads\/2025\/02\/domek-400-x-400-wymiary-1000x800.jpg 1000w\" sizes=\"auto, (max-width: 2000px) 100vw, 2000px\" \/><\/p>\n<p>&nbsp;<\/p>\n","protected":false},"excerpt":{"rendered":"<p>DOM\u010cEK 4&#215;4 \u0160pecifik\u00e1cia Rozmer dom\u010deka: 4 m x 4 m Sedlov\u00e1 strecha s doskovan\u00edm Drevo: pr\u00edrodn\u00fd smrek, \u0161tvorstranne hob\u013eovan\u00fd Vlhkos\u0165<\/p>\n","protected":false},"featured_media":19960,"template":"","meta":{"_acf_changed":false},"product_brand":[],"product_cat":[155],"product_tag":[],"class_list":{"0":"post-21223","1":"product","2":"type-product","3":"status-publish","4":"has-post-thumbnail","6":"product_cat-domceky","7":"product_shipping_class-wysylka-grupa1-sk","9":"first","10":"instock","11":"shipping-taxable","12":"purchasable","13":"product-type-simple"},"acf":[],"yoast_head":"<!-- This site is optimized with the Yoast SEO plugin v27.4 - https:\/\/yoast.com\/product\/yoast-seo-wordpress\/ -->\n<title>Dreven\u00fd dom\u010dek BEN III 400cm \u00d7 400cm | Dom\u010deky, Sauny<\/title>\n<meta name=\"robots\" content=\"noindex, follow, max-snippet:-1, max-image-preview:large, max-video-preview:-1\" \/>\n<meta property=\"og:locale\" content=\"sk_SK\" \/>\n<meta property=\"og:type\" content=\"article\" \/>\n<meta property=\"og:title\" content=\"Dreven\u00fd dom\u010dek BEN III 400cm \u00d7 400cm | Dom\u010deky, Sauny\" \/>\n<meta property=\"og:description\" content=\"DOM\u010cEK 4&#215;4 \u0160pecifik\u00e1cia Rozmer dom\u010deka: 4 m x 4 m Sedlov\u00e1 strecha s doskovan\u00edm Drevo: pr\u00edrodn\u00fd smrek, \u0161tvorstranne hob\u013eovan\u00fd Vlhkos\u0165\" \/>\n<meta property=\"og:url\" content=\"https:\/\/dev.domkisauny.pl\/sk\/produkt\/dreveny-domcek-ben-iii-400-cm-x-400-cm\/\" \/>\n<meta property=\"og:site_name\" content=\"Dom\u010deky, Sauny\" \/>\n<meta property=\"article:publisher\" content=\"https:\/\/www.facebook.com\/DomkiSauny\" \/>\n<meta property=\"article:modified_time\" content=\"2025-06-13T12:09:26+00:00\" \/>\n<meta property=\"og:image\" content=\"https:\/\/dev.domkisauny.pl\/wp-content\/uploads\/2025\/02\/4x4-wizualizacja-1024x819.jpg\" \/>\n\t<meta property=\"og:image:width\" content=\"1024\" \/>\n\t<meta property=\"og:image:height\" content=\"819\" \/>\n\t<meta property=\"og:image:type\" content=\"image\/jpeg\" \/>\n<meta name=\"twitter:card\" content=\"summary_large_image\" \/>\n<meta name=\"twitter:label1\" content=\"Predpokladan\u00fd \u010das \u010d\u00edtania\" \/>\n\t<meta name=\"twitter:data1\" content=\"2 min\u00faty\" \/>\n<script type=\"application\/ld+json\" class=\"yoast-schema-graph\">{\"@context\":\"https:\\\/\\\/schema.org\",\"@graph\":[{\"@type\":\"WebPage\",\"@id\":\"https:\\\/\\\/dev.domkisauny.pl\\\/sk\\\/produkt\\\/dreveny-domcek-ben-iii-400-cm-x-400-cm\\\/\",\"url\":\"https:\\\/\\\/dev.domkisauny.pl\\\/sk\\\/produkt\\\/dreveny-domcek-ben-iii-400-cm-x-400-cm\\\/\",\"name\":\"Dreven\u00fd dom\u010dek BEN III 400cm \u00d7 400cm | Dom\u010deky, Sauny\",\"isPartOf\":{\"@id\":\"https:\\\/\\\/dev.domkisauny.pl\\\/sk\\\/#website\"},\"primaryImageOfPage\":{\"@id\":\"https:\\\/\\\/dev.domkisauny.pl\\\/sk\\\/produkt\\\/dreveny-domcek-ben-iii-400-cm-x-400-cm\\\/#primaryimage\"},\"image\":{\"@id\":\"https:\\\/\\\/dev.domkisauny.pl\\\/sk\\\/produkt\\\/dreveny-domcek-ben-iii-400-cm-x-400-cm\\\/#primaryimage\"},\"thumbnailUrl\":\"https:\\\/\\\/dev.domkisauny.pl\\\/wp-content\\\/uploads\\\/2025\\\/02\\\/4x4-wizualizacja.jpg\",\"datePublished\":\"2025-02-14T13:09:38+00:00\",\"dateModified\":\"2025-06-13T12:09:26+00:00\",\"breadcrumb\":{\"@id\":\"https:\\\/\\\/dev.domkisauny.pl\\\/sk\\\/produkt\\\/dreveny-domcek-ben-iii-400-cm-x-400-cm\\\/#breadcrumb\"},\"inLanguage\":\"sk-SK\",\"potentialAction\":[{\"@type\":\"ReadAction\",\"target\":[\"https:\\\/\\\/dev.domkisauny.pl\\\/sk\\\/produkt\\\/dreveny-domcek-ben-iii-400-cm-x-400-cm\\\/\"]}]},{\"@type\":\"ImageObject\",\"inLanguage\":\"sk-SK\",\"@id\":\"https:\\\/\\\/dev.domkisauny.pl\\\/sk\\\/produkt\\\/dreveny-domcek-ben-iii-400-cm-x-400-cm\\\/#primaryimage\",\"url\":\"https:\\\/\\\/dev.domkisauny.pl\\\/wp-content\\\/uploads\\\/2025\\\/02\\\/4x4-wizualizacja.jpg\",\"contentUrl\":\"https:\\\/\\\/dev.domkisauny.pl\\\/wp-content\\\/uploads\\\/2025\\\/02\\\/4x4-wizualizacja.jpg\",\"width\":2000,\"height\":1600},{\"@type\":\"BreadcrumbList\",\"@id\":\"https:\\\/\\\/dev.domkisauny.pl\\\/sk\\\/produkt\\\/dreveny-domcek-ben-iii-400-cm-x-400-cm\\\/#breadcrumb\",\"itemListElement\":[{\"@type\":\"ListItem\",\"position\":1,\"name\":\"A&amp;M\",\"item\":\"https:\\\/\\\/dev.domkisauny.pl\\\/sk\\\/\"},{\"@type\":\"ListItem\",\"position\":2,\"name\":\"Produkty\",\"item\":\"https:\\\/\\\/dev.domkisauny.pl\\\/produkty\\\/\"},{\"@type\":\"ListItem\",\"position\":3,\"name\":\"Domy\",\"item\":\"https:\\\/\\\/dev.domkisauny.pl\\\/sk\\\/kategoria-produktu\\\/domy-sk\\\/\"},{\"@type\":\"ListItem\",\"position\":4,\"name\":\"Dom\u010deky\",\"item\":\"https:\\\/\\\/dev.domkisauny.pl\\\/sk\\\/kategoria-produktu\\\/domy-sk\\\/domceky\\\/\"},{\"@type\":\"ListItem\",\"position\":5,\"name\":\"Dreven\u00fd dom\u010dek BEN III 400cm \u00d7 400cm\"}]},{\"@type\":\"WebSite\",\"@id\":\"https:\\\/\\\/dev.domkisauny.pl\\\/sk\\\/#website\",\"url\":\"https:\\\/\\\/dev.domkisauny.pl\\\/sk\\\/\",\"name\":\"Dom\u010deky, Sauny\",\"description\":\"\",\"publisher\":{\"@id\":\"https:\\\/\\\/dev.domkisauny.pl\\\/sk\\\/#organization\"},\"potentialAction\":[{\"@type\":\"SearchAction\",\"target\":{\"@type\":\"EntryPoint\",\"urlTemplate\":\"https:\\\/\\\/dev.domkisauny.pl\\\/sk\\\/?s={search_term_string}\"},\"query-input\":{\"@type\":\"PropertyValueSpecification\",\"valueRequired\":true,\"valueName\":\"search_term_string\"}}],\"inLanguage\":\"sk-SK\"},{\"@type\":\"Organization\",\"@id\":\"https:\\\/\\\/dev.domkisauny.pl\\\/sk\\\/#organization\",\"name\":\"Dom\u010deky, Sauny\",\"url\":\"https:\\\/\\\/dev.domkisauny.pl\\\/sk\\\/\",\"logo\":{\"@type\":\"ImageObject\",\"inLanguage\":\"sk-SK\",\"@id\":\"https:\\\/\\\/dev.domkisauny.pl\\\/sk\\\/#\\\/schema\\\/logo\\\/image\\\/\",\"url\":\"https:\\\/\\\/domkisauny.pl\\\/wp-content\\\/uploads\\\/2022\\\/09\\\/logo_03.png\",\"contentUrl\":\"https:\\\/\\\/domkisauny.pl\\\/wp-content\\\/uploads\\\/2022\\\/09\\\/logo_03.png\",\"width\":95,\"height\":81,\"caption\":\"Dom\u010deky, Sauny\"},\"image\":{\"@id\":\"https:\\\/\\\/dev.domkisauny.pl\\\/sk\\\/#\\\/schema\\\/logo\\\/image\\\/\"},\"sameAs\":[\"https:\\\/\\\/www.facebook.com\\\/DomkiSauny\"]}]}<\/script>\n<!-- \/ Yoast SEO plugin. -->","yoast_head_json":{"title":"Dreven\u00fd dom\u010dek BEN III 400cm \u00d7 400cm | Dom\u010deky, Sauny","robots":{"index":"noindex","follow":"follow","max-snippet":"max-snippet:-1","max-image-preview":"max-image-preview:large","max-video-preview":"max-video-preview:-1"},"og_locale":"sk_SK","og_type":"article","og_title":"Dreven\u00fd dom\u010dek BEN III 400cm \u00d7 400cm | Dom\u010deky, Sauny","og_description":"DOM\u010cEK 4&#215;4 \u0160pecifik\u00e1cia Rozmer dom\u010deka: 4 m x 4 m Sedlov\u00e1 strecha s doskovan\u00edm Drevo: pr\u00edrodn\u00fd smrek, \u0161tvorstranne hob\u013eovan\u00fd Vlhkos\u0165","og_url":"https:\/\/dev.domkisauny.pl\/sk\/produkt\/dreveny-domcek-ben-iii-400-cm-x-400-cm\/","og_site_name":"Dom\u010deky, Sauny","article_publisher":"https:\/\/www.facebook.com\/DomkiSauny","article_modified_time":"2025-06-13T12:09:26+00:00","og_image":[{"width":1024,"height":819,"url":"https:\/\/dev.domkisauny.pl\/wp-content\/uploads\/2025\/02\/4x4-wizualizacja-1024x819.jpg","type":"image\/jpeg"}],"twitter_card":"summary_large_image","twitter_misc":{"Predpokladan\u00fd \u010das \u010d\u00edtania":"2 min\u00faty"},"schema":{"@context":"https:\/\/schema.org","@graph":[{"@type":"WebPage","@id":"https:\/\/dev.domkisauny.pl\/sk\/produkt\/dreveny-domcek-ben-iii-400-cm-x-400-cm\/","url":"https:\/\/dev.domkisauny.pl\/sk\/produkt\/dreveny-domcek-ben-iii-400-cm-x-400-cm\/","name":"Dreven\u00fd dom\u010dek BEN III 400cm \u00d7 400cm | Dom\u010deky, Sauny","isPartOf":{"@id":"https:\/\/dev.domkisauny.pl\/sk\/#website"},"primaryImageOfPage":{"@id":"https:\/\/dev.domkisauny.pl\/sk\/produkt\/dreveny-domcek-ben-iii-400-cm-x-400-cm\/#primaryimage"},"image":{"@id":"https:\/\/dev.domkisauny.pl\/sk\/produkt\/dreveny-domcek-ben-iii-400-cm-x-400-cm\/#primaryimage"},"thumbnailUrl":"https:\/\/dev.domkisauny.pl\/wp-content\/uploads\/2025\/02\/4x4-wizualizacja.jpg","datePublished":"2025-02-14T13:09:38+00:00","dateModified":"2025-06-13T12:09:26+00:00","breadcrumb":{"@id":"https:\/\/dev.domkisauny.pl\/sk\/produkt\/dreveny-domcek-ben-iii-400-cm-x-400-cm\/#breadcrumb"},"inLanguage":"sk-SK","potentialAction":[{"@type":"ReadAction","target":["https:\/\/dev.domkisauny.pl\/sk\/produkt\/dreveny-domcek-ben-iii-400-cm-x-400-cm\/"]}]},{"@type":"ImageObject","inLanguage":"sk-SK","@id":"https:\/\/dev.domkisauny.pl\/sk\/produkt\/dreveny-domcek-ben-iii-400-cm-x-400-cm\/#primaryimage","url":"https:\/\/dev.domkisauny.pl\/wp-content\/uploads\/2025\/02\/4x4-wizualizacja.jpg","contentUrl":"https:\/\/dev.domkisauny.pl\/wp-content\/uploads\/2025\/02\/4x4-wizualizacja.jpg","width":2000,"height":1600},{"@type":"BreadcrumbList","@id":"https:\/\/dev.domkisauny.pl\/sk\/produkt\/dreveny-domcek-ben-iii-400-cm-x-400-cm\/#breadcrumb","itemListElement":[{"@type":"ListItem","position":1,"name":"A&amp;M","item":"https:\/\/dev.domkisauny.pl\/sk\/"},{"@type":"ListItem","position":2,"name":"Produkty","item":"https:\/\/dev.domkisauny.pl\/produkty\/"},{"@type":"ListItem","position":3,"name":"Domy","item":"https:\/\/dev.domkisauny.pl\/sk\/kategoria-produktu\/domy-sk\/"},{"@type":"ListItem","position":4,"name":"Dom\u010deky","item":"https:\/\/dev.domkisauny.pl\/sk\/kategoria-produktu\/domy-sk\/domceky\/"},{"@type":"ListItem","position":5,"name":"Dreven\u00fd dom\u010dek BEN III 400cm \u00d7 400cm"}]},{"@type":"WebSite","@id":"https:\/\/dev.domkisauny.pl\/sk\/#website","url":"https:\/\/dev.domkisauny.pl\/sk\/","name":"Dom\u010deky, Sauny","description":"","publisher":{"@id":"https:\/\/dev.domkisauny.pl\/sk\/#organization"},"potentialAction":[{"@type":"SearchAction","target":{"@type":"EntryPoint","urlTemplate":"https:\/\/dev.domkisauny.pl\/sk\/?s={search_term_string}"},"query-input":{"@type":"PropertyValueSpecification","valueRequired":true,"valueName":"search_term_string"}}],"inLanguage":"sk-SK"},{"@type":"Organization","@id":"https:\/\/dev.domkisauny.pl\/sk\/#organization","name":"Dom\u010deky, Sauny","url":"https:\/\/dev.domkisauny.pl\/sk\/","logo":{"@type":"ImageObject","inLanguage":"sk-SK","@id":"https:\/\/dev.domkisauny.pl\/sk\/#\/schema\/logo\/image\/","url":"https:\/\/domkisauny.pl\/wp-content\/uploads\/2022\/09\/logo_03.png","contentUrl":"https:\/\/domkisauny.pl\/wp-content\/uploads\/2022\/09\/logo_03.png","width":95,"height":81,"caption":"Dom\u010deky, Sauny"},"image":{"@id":"https:\/\/dev.domkisauny.pl\/sk\/#\/schema\/logo\/image\/"},"sameAs":["https:\/\/www.facebook.com\/DomkiSauny"]}]}},"_links":{"self":[{"href":"https:\/\/dev.domkisauny.pl\/sk\/wp-json\/wp\/v2\/product\/21223","targetHints":{"allow":["GET"]}}],"collection":[{"href":"https:\/\/dev.domkisauny.pl\/sk\/wp-json\/wp\/v2\/product"}],"about":[{"href":"https:\/\/dev.domkisauny.pl\/sk\/wp-json\/wp\/v2\/types\/product"}],"wp:featuredmedia":[{"embeddable":true,"href":"https:\/\/dev.domkisauny.pl\/sk\/wp-json\/wp\/v2\/media\/19960"}],"wp:attachment":[{"href":"https:\/\/dev.domkisauny.pl\/sk\/wp-json\/wp\/v2\/media?parent=21223"}],"wp:term":[{"taxonomy":"product_brand","embeddable":true,"href":"https:\/\/dev.domkisauny.pl\/sk\/wp-json\/wp\/v2\/product_brand?post=21223"},{"taxonomy":"product_cat","embeddable":true,"href":"https:\/\/dev.domkisauny.pl\/sk\/wp-json\/wp\/v2\/product_cat?post=21223"},{"taxonomy":"product_tag","embeddable":true,"href":"https:\/\/dev.domkisauny.pl\/sk\/wp-json\/wp\/v2\/product_tag?post=21223"}],"curies":[{"name":"wp","href":"https:\/\/api.w.org\/{rel}","templated":true}]}}