{"id":18297,"date":"2025-02-10T12:45:23","date_gmt":"2025-02-10T11:45:23","guid":{"rendered":"https:\/\/domkisauny.pl\/?post_type=product&#038;p=18297"},"modified":"2025-02-28T13:33:38","modified_gmt":"2025-02-28T12:33:38","slug":"remeselnicka-pec-s-vnutornym-ohniskom","status":"publish","type":"product","link":"https:\/\/dev.domkisauny.pl\/sk\/produkt\/remeselnicka-pec-s-vnutornym-ohniskom\/","title":{"rendered":"Remeseln\u00edcka pec s vn\u00fatorn\u00fdm ohniskom"},"content":{"rendered":"<h2><strong>Remeseln\u00edcka pec s vn\u00fatorn\u00fdm ohniskom<\/strong><\/h2>\n<p>Remeseln\u00edcka pec s vn\u00fatorn\u00fdm ohniskom je klasick\u00fdm rie\u0161en\u00edm pre milovn\u00edkov tradi\u010dn\u00fdch saunov\u00fdch ritu\u00e1lov. Horiaci ohe\u0148 v saune vytv\u00e1ra jedine\u010dn\u00fa, hrejiv\u00fa atmosf\u00e9ru, ktor\u00e1 je ide\u00e1lna na \u00fapln\u00fa relax\u00e1ciu \u2013 a to bez toho, aby ste museli vyjs\u0165 von.<\/p>\n<h3><strong>Odolnos\u0165 a funk\u010dnos\u0165<\/strong><\/h3>\n<p>T\u00e1to pec je vyroben\u00e1 s oh\u013eadom na intenz\u00edvne pou\u017e\u00edvanie. Robustn\u00e1 5 mm hrub\u00e1 plat\u0148a ohniska a liatinov\u00fd ro\u0161t zaru\u010duj\u00fa spo\u013eahliv\u00fa prev\u00e1dzku na dlh\u00e9 roky. Pl\u00e1\u0161\u0165 pece s profilmi s hr\u00fabkou 3 mm je mimoriadne robustn\u00fd a v\u010faka 100 kg z\u00e1sypu kame\u0148ov si m\u00f4\u017eete u\u017e\u00edva\u0165 rovnomern\u00e9 teplo po\u010das cel\u00e9ho sedenia.<\/p>\n<h3><strong>Technick\u00e9 \u0161pecifik\u00e1cie<\/strong><\/h3>\n<p>Ale pre\u010do t\u00e1to pec funguje tak dokonale?<\/p>\n<ul>\n<li>Priestor na kamene s rozmermi: 50 cm x 50 cm<\/li>\n<li>V\u00fd\u0161ka pece: 75 cm<\/li>\n<li>Priemer kom\u00edna: 115 mm<\/li>\n<li>Odn\u00edmate\u013en\u00e9 dvierka pre pohodln\u00fa obsluhu<\/li>\n<li>Bez kan\u00e1la pre ohnisko (vn\u00fatorn\u00e9 ohnisko)<\/li>\n<li>V\u00fdkon pece: 16 kW<\/li>\n<\/ul>\n<p>Pec s vn\u00fatorn\u00fdm ohniskom je ide\u00e1lnou vo\u013ebou pre v\u0161etk\u00fdch, ktor\u00ed radi sami rozpa\u013euj\u00fa ohe\u0148, vn\u00e1\u0161aj\u00fa do sauny v\u00f4\u0148u horiaceho dreva a vytv\u00e1raj\u00fa jedine\u010dn\u00fa atmosf\u00e9ru.<\/p>\n","protected":false},"excerpt":{"rendered":"<p>Remeseln\u00edcka pec s vn\u00fatorn\u00fdm ohniskom Remeseln\u00edcka pec s vn\u00fatorn\u00fdm ohniskom je klasick\u00fdm rie\u0161en\u00edm pre milovn\u00edkov tradi\u010dn\u00fdch saunov\u00fdch ritu\u00e1lov. Horiaci ohe\u0148<\/p>\n","protected":false},"featured_media":18317,"template":"","meta":{"_acf_changed":false},"product_brand":[],"product_cat":[312],"product_tag":[],"class_list":{"0":"post-18297","1":"product","2":"type-product","3":"status-publish","4":"has-post-thumbnail","6":"product_cat-kachle-do-sauny-na-drevo","8":"first","9":"instock","10":"shipping-taxable","11":"purchasable","12":"product-type-simple"},"acf":[],"yoast_head":"<!-- This site is optimized with the Yoast SEO plugin v27.4 - https:\/\/yoast.com\/product\/yoast-seo-wordpress\/ -->\n<title>Remeseln\u00edcka pec s vn\u00fatorn\u00fdm ohniskom | Dom\u010deky, Sauny<\/title>\n<meta name=\"robots\" content=\"noindex, follow, max-snippet:-1, max-image-preview:large, max-video-preview:-1\" \/>\n<meta property=\"og:locale\" content=\"sk_SK\" \/>\n<meta property=\"og:type\" content=\"article\" \/>\n<meta property=\"og:title\" content=\"Remeseln\u00edcka pec s vn\u00fatorn\u00fdm ohniskom | Dom\u010deky, Sauny\" \/>\n<meta property=\"og:description\" content=\"Remeseln\u00edcka pec s vn\u00fatorn\u00fdm ohniskom Remeseln\u00edcka pec s vn\u00fatorn\u00fdm ohniskom je klasick\u00fdm rie\u0161en\u00edm pre milovn\u00edkov tradi\u010dn\u00fdch saunov\u00fdch ritu\u00e1lov. Horiaci ohe\u0148\" \/>\n<meta property=\"og:url\" content=\"https:\/\/dev.domkisauny.pl\/sk\/produkt\/remeselnicka-pec-s-vnutornym-ohniskom\/\" \/>\n<meta property=\"og:site_name\" content=\"Dom\u010deky, Sauny\" \/>\n<meta property=\"article:publisher\" content=\"https:\/\/www.facebook.com\/DomkiSauny\" \/>\n<meta property=\"article:modified_time\" content=\"2025-02-28T12:33:38+00:00\" \/>\n<meta property=\"og:image\" content=\"https:\/\/dev.domkisauny.pl\/wp-content\/uploads\/2025\/02\/pies-rzemieslniczy-wewnatrz-1.jpg\" \/>\n\t<meta property=\"og:image:width\" content=\"2000\" \/>\n\t<meta property=\"og:image:height\" content=\"1600\" \/>\n\t<meta property=\"og:image:type\" content=\"image\/jpeg\" \/>\n<meta name=\"twitter:card\" content=\"summary_large_image\" \/>\n<meta name=\"twitter:label1\" content=\"Predpokladan\u00fd \u010das \u010d\u00edtania\" \/>\n\t<meta name=\"twitter:data1\" content=\"2 min\u00faty\" \/>\n<script type=\"application\/ld+json\" class=\"yoast-schema-graph\">{\"@context\":\"https:\\\/\\\/schema.org\",\"@graph\":[{\"@type\":\"WebPage\",\"@id\":\"https:\\\/\\\/dev.domkisauny.pl\\\/sk\\\/produkt\\\/remeselnicka-pec-s-vnutornym-ohniskom\\\/\",\"url\":\"https:\\\/\\\/dev.domkisauny.pl\\\/sk\\\/produkt\\\/remeselnicka-pec-s-vnutornym-ohniskom\\\/\",\"name\":\"Remeseln\u00edcka pec s vn\u00fatorn\u00fdm ohniskom | Dom\u010deky, Sauny\",\"isPartOf\":{\"@id\":\"https:\\\/\\\/dev.domkisauny.pl\\\/sk\\\/#website\"},\"primaryImageOfPage\":{\"@id\":\"https:\\\/\\\/dev.domkisauny.pl\\\/sk\\\/produkt\\\/remeselnicka-pec-s-vnutornym-ohniskom\\\/#primaryimage\"},\"image\":{\"@id\":\"https:\\\/\\\/dev.domkisauny.pl\\\/sk\\\/produkt\\\/remeselnicka-pec-s-vnutornym-ohniskom\\\/#primaryimage\"},\"thumbnailUrl\":\"https:\\\/\\\/dev.domkisauny.pl\\\/wp-content\\\/uploads\\\/2025\\\/02\\\/pies-rzemieslniczy-wewnatrz-1.jpg\",\"datePublished\":\"2025-02-10T11:45:23+00:00\",\"dateModified\":\"2025-02-28T12:33:38+00:00\",\"breadcrumb\":{\"@id\":\"https:\\\/\\\/dev.domkisauny.pl\\\/sk\\\/produkt\\\/remeselnicka-pec-s-vnutornym-ohniskom\\\/#breadcrumb\"},\"inLanguage\":\"sk-SK\",\"potentialAction\":[{\"@type\":\"ReadAction\",\"target\":[\"https:\\\/\\\/dev.domkisauny.pl\\\/sk\\\/produkt\\\/remeselnicka-pec-s-vnutornym-ohniskom\\\/\"]}]},{\"@type\":\"ImageObject\",\"inLanguage\":\"sk-SK\",\"@id\":\"https:\\\/\\\/dev.domkisauny.pl\\\/sk\\\/produkt\\\/remeselnicka-pec-s-vnutornym-ohniskom\\\/#primaryimage\",\"url\":\"https:\\\/\\\/dev.domkisauny.pl\\\/wp-content\\\/uploads\\\/2025\\\/02\\\/pies-rzemieslniczy-wewnatrz-1.jpg\",\"contentUrl\":\"https:\\\/\\\/dev.domkisauny.pl\\\/wp-content\\\/uploads\\\/2025\\\/02\\\/pies-rzemieslniczy-wewnatrz-1.jpg\",\"width\":2000,\"height\":1600},{\"@type\":\"BreadcrumbList\",\"@id\":\"https:\\\/\\\/dev.domkisauny.pl\\\/sk\\\/produkt\\\/remeselnicka-pec-s-vnutornym-ohniskom\\\/#breadcrumb\",\"itemListElement\":[{\"@type\":\"ListItem\",\"position\":1,\"name\":\"A&amp;M\",\"item\":\"https:\\\/\\\/dev.domkisauny.pl\\\/sk\\\/\"},{\"@type\":\"ListItem\",\"position\":2,\"name\":\"Produkty\",\"item\":\"https:\\\/\\\/dev.domkisauny.pl\\\/produkty\\\/\"},{\"@type\":\"ListItem\",\"position\":3,\"name\":\"Vybavenie\",\"item\":\"https:\\\/\\\/dev.domkisauny.pl\\\/sk\\\/kategoria-produktu\\\/vybavenie\\\/\"},{\"@type\":\"ListItem\",\"position\":4,\"name\":\"Pec do sauny\",\"item\":\"https:\\\/\\\/dev.domkisauny.pl\\\/sk\\\/kategoria-produktu\\\/vybavenie\\\/pec-do-sauny\\\/\"},{\"@type\":\"ListItem\",\"position\":5,\"name\":\"Kachle do sauny na drevo\",\"item\":\"https:\\\/\\\/dev.domkisauny.pl\\\/sk\\\/kategoria-produktu\\\/vybavenie\\\/pec-do-sauny\\\/kachle-do-sauny-na-drevo\\\/\"},{\"@type\":\"ListItem\",\"position\":6,\"name\":\"Remeseln\u00edcka pec s vn\u00fatorn\u00fdm ohniskom\"}]},{\"@type\":\"WebSite\",\"@id\":\"https:\\\/\\\/dev.domkisauny.pl\\\/sk\\\/#website\",\"url\":\"https:\\\/\\\/dev.domkisauny.pl\\\/sk\\\/\",\"name\":\"Dom\u010deky, Sauny\",\"description\":\"\",\"publisher\":{\"@id\":\"https:\\\/\\\/dev.domkisauny.pl\\\/sk\\\/#organization\"},\"potentialAction\":[{\"@type\":\"SearchAction\",\"target\":{\"@type\":\"EntryPoint\",\"urlTemplate\":\"https:\\\/\\\/dev.domkisauny.pl\\\/sk\\\/?s={search_term_string}\"},\"query-input\":{\"@type\":\"PropertyValueSpecification\",\"valueRequired\":true,\"valueName\":\"search_term_string\"}}],\"inLanguage\":\"sk-SK\"},{\"@type\":\"Organization\",\"@id\":\"https:\\\/\\\/dev.domkisauny.pl\\\/sk\\\/#organization\",\"name\":\"Dom\u010deky, Sauny\",\"url\":\"https:\\\/\\\/dev.domkisauny.pl\\\/sk\\\/\",\"logo\":{\"@type\":\"ImageObject\",\"inLanguage\":\"sk-SK\",\"@id\":\"https:\\\/\\\/dev.domkisauny.pl\\\/sk\\\/#\\\/schema\\\/logo\\\/image\\\/\",\"url\":\"https:\\\/\\\/domkisauny.pl\\\/wp-content\\\/uploads\\\/2022\\\/09\\\/logo_03.png\",\"contentUrl\":\"https:\\\/\\\/domkisauny.pl\\\/wp-content\\\/uploads\\\/2022\\\/09\\\/logo_03.png\",\"width\":95,\"height\":81,\"caption\":\"Dom\u010deky, Sauny\"},\"image\":{\"@id\":\"https:\\\/\\\/dev.domkisauny.pl\\\/sk\\\/#\\\/schema\\\/logo\\\/image\\\/\"},\"sameAs\":[\"https:\\\/\\\/www.facebook.com\\\/DomkiSauny\"]}]}<\/script>\n<!-- \/ Yoast SEO plugin. -->","yoast_head_json":{"title":"Remeseln\u00edcka pec s vn\u00fatorn\u00fdm ohniskom | Dom\u010deky, Sauny","robots":{"index":"noindex","follow":"follow","max-snippet":"max-snippet:-1","max-image-preview":"max-image-preview:large","max-video-preview":"max-video-preview:-1"},"og_locale":"sk_SK","og_type":"article","og_title":"Remeseln\u00edcka pec s vn\u00fatorn\u00fdm ohniskom | Dom\u010deky, Sauny","og_description":"Remeseln\u00edcka pec s vn\u00fatorn\u00fdm ohniskom Remeseln\u00edcka pec s vn\u00fatorn\u00fdm ohniskom je klasick\u00fdm rie\u0161en\u00edm pre milovn\u00edkov tradi\u010dn\u00fdch saunov\u00fdch ritu\u00e1lov. Horiaci ohe\u0148","og_url":"https:\/\/dev.domkisauny.pl\/sk\/produkt\/remeselnicka-pec-s-vnutornym-ohniskom\/","og_site_name":"Dom\u010deky, Sauny","article_publisher":"https:\/\/www.facebook.com\/DomkiSauny","article_modified_time":"2025-02-28T12:33:38+00:00","og_image":[{"width":2000,"height":1600,"url":"https:\/\/dev.domkisauny.pl\/wp-content\/uploads\/2025\/02\/pies-rzemieslniczy-wewnatrz-1.jpg","type":"image\/jpeg"}],"twitter_card":"summary_large_image","twitter_misc":{"Predpokladan\u00fd \u010das \u010d\u00edtania":"2 min\u00faty"},"schema":{"@context":"https:\/\/schema.org","@graph":[{"@type":"WebPage","@id":"https:\/\/dev.domkisauny.pl\/sk\/produkt\/remeselnicka-pec-s-vnutornym-ohniskom\/","url":"https:\/\/dev.domkisauny.pl\/sk\/produkt\/remeselnicka-pec-s-vnutornym-ohniskom\/","name":"Remeseln\u00edcka pec s vn\u00fatorn\u00fdm ohniskom | Dom\u010deky, Sauny","isPartOf":{"@id":"https:\/\/dev.domkisauny.pl\/sk\/#website"},"primaryImageOfPage":{"@id":"https:\/\/dev.domkisauny.pl\/sk\/produkt\/remeselnicka-pec-s-vnutornym-ohniskom\/#primaryimage"},"image":{"@id":"https:\/\/dev.domkisauny.pl\/sk\/produkt\/remeselnicka-pec-s-vnutornym-ohniskom\/#primaryimage"},"thumbnailUrl":"https:\/\/dev.domkisauny.pl\/wp-content\/uploads\/2025\/02\/pies-rzemieslniczy-wewnatrz-1.jpg","datePublished":"2025-02-10T11:45:23+00:00","dateModified":"2025-02-28T12:33:38+00:00","breadcrumb":{"@id":"https:\/\/dev.domkisauny.pl\/sk\/produkt\/remeselnicka-pec-s-vnutornym-ohniskom\/#breadcrumb"},"inLanguage":"sk-SK","potentialAction":[{"@type":"ReadAction","target":["https:\/\/dev.domkisauny.pl\/sk\/produkt\/remeselnicka-pec-s-vnutornym-ohniskom\/"]}]},{"@type":"ImageObject","inLanguage":"sk-SK","@id":"https:\/\/dev.domkisauny.pl\/sk\/produkt\/remeselnicka-pec-s-vnutornym-ohniskom\/#primaryimage","url":"https:\/\/dev.domkisauny.pl\/wp-content\/uploads\/2025\/02\/pies-rzemieslniczy-wewnatrz-1.jpg","contentUrl":"https:\/\/dev.domkisauny.pl\/wp-content\/uploads\/2025\/02\/pies-rzemieslniczy-wewnatrz-1.jpg","width":2000,"height":1600},{"@type":"BreadcrumbList","@id":"https:\/\/dev.domkisauny.pl\/sk\/produkt\/remeselnicka-pec-s-vnutornym-ohniskom\/#breadcrumb","itemListElement":[{"@type":"ListItem","position":1,"name":"A&amp;M","item":"https:\/\/dev.domkisauny.pl\/sk\/"},{"@type":"ListItem","position":2,"name":"Produkty","item":"https:\/\/dev.domkisauny.pl\/produkty\/"},{"@type":"ListItem","position":3,"name":"Vybavenie","item":"https:\/\/dev.domkisauny.pl\/sk\/kategoria-produktu\/vybavenie\/"},{"@type":"ListItem","position":4,"name":"Pec do sauny","item":"https:\/\/dev.domkisauny.pl\/sk\/kategoria-produktu\/vybavenie\/pec-do-sauny\/"},{"@type":"ListItem","position":5,"name":"Kachle do sauny na drevo","item":"https:\/\/dev.domkisauny.pl\/sk\/kategoria-produktu\/vybavenie\/pec-do-sauny\/kachle-do-sauny-na-drevo\/"},{"@type":"ListItem","position":6,"name":"Remeseln\u00edcka pec s vn\u00fatorn\u00fdm ohniskom"}]},{"@type":"WebSite","@id":"https:\/\/dev.domkisauny.pl\/sk\/#website","url":"https:\/\/dev.domkisauny.pl\/sk\/","name":"Dom\u010deky, Sauny","description":"","publisher":{"@id":"https:\/\/dev.domkisauny.pl\/sk\/#organization"},"potentialAction":[{"@type":"SearchAction","target":{"@type":"EntryPoint","urlTemplate":"https:\/\/dev.domkisauny.pl\/sk\/?s={search_term_string}"},"query-input":{"@type":"PropertyValueSpecification","valueRequired":true,"valueName":"search_term_string"}}],"inLanguage":"sk-SK"},{"@type":"Organization","@id":"https:\/\/dev.domkisauny.pl\/sk\/#organization","name":"Dom\u010deky, Sauny","url":"https:\/\/dev.domkisauny.pl\/sk\/","logo":{"@type":"ImageObject","inLanguage":"sk-SK","@id":"https:\/\/dev.domkisauny.pl\/sk\/#\/schema\/logo\/image\/","url":"https:\/\/domkisauny.pl\/wp-content\/uploads\/2022\/09\/logo_03.png","contentUrl":"https:\/\/domkisauny.pl\/wp-content\/uploads\/2022\/09\/logo_03.png","width":95,"height":81,"caption":"Dom\u010deky, Sauny"},"image":{"@id":"https:\/\/dev.domkisauny.pl\/sk\/#\/schema\/logo\/image\/"},"sameAs":["https:\/\/www.facebook.com\/DomkiSauny"]}]}},"_links":{"self":[{"href":"https:\/\/dev.domkisauny.pl\/sk\/wp-json\/wp\/v2\/product\/18297","targetHints":{"allow":["GET"]}}],"collection":[{"href":"https:\/\/dev.domkisauny.pl\/sk\/wp-json\/wp\/v2\/product"}],"about":[{"href":"https:\/\/dev.domkisauny.pl\/sk\/wp-json\/wp\/v2\/types\/product"}],"wp:featuredmedia":[{"embeddable":true,"href":"https:\/\/dev.domkisauny.pl\/sk\/wp-json\/wp\/v2\/media\/18317"}],"wp:attachment":[{"href":"https:\/\/dev.domkisauny.pl\/sk\/wp-json\/wp\/v2\/media?parent=18297"}],"wp:term":[{"taxonomy":"product_brand","embeddable":true,"href":"https:\/\/dev.domkisauny.pl\/sk\/wp-json\/wp\/v2\/product_brand?post=18297"},{"taxonomy":"product_cat","embeddable":true,"href":"https:\/\/dev.domkisauny.pl\/sk\/wp-json\/wp\/v2\/product_cat?post=18297"},{"taxonomy":"product_tag","embeddable":true,"href":"https:\/\/dev.domkisauny.pl\/sk\/wp-json\/wp\/v2\/product_tag?post=18297"}],"curies":[{"name":"wp","href":"https:\/\/api.w.org\/{rel}","templated":true}]}}