{"id":12307,"date":"2024-06-07T10:13:46","date_gmt":"2024-06-07T08:13:46","guid":{"rendered":"https:\/\/domkisauny.pl\/?post_type=product&#038;p=12307"},"modified":"2025-06-03T16:10:32","modified_gmt":"2025-06-03T14:10:32","slug":"dreveny-bazen-48-x-23-m-thermo-s-pieckou-a-polypropylenovou-vlozkou","status":"publish","type":"product","link":"https:\/\/dev.domkisauny.pl\/sk\/produkt\/dreveny-bazen-48-x-23-m-thermo-s-pieckou-a-polypropylenovou-vlozkou\/","title":{"rendered":"Dreven\u00fd baz\u00e9n 4,8 x 2,3 m THERMO s pieckou a polypropyl\u00e9novou vlo\u017ekou"},"content":{"rendered":"<h3><strong>Dreven\u00fd baz\u00e9n 4,8 x 2,3 m THERMO s pecou a polypropyl\u00e9novou vlo\u017ekou<\/strong><\/h3>\n<h3>\u0160pecifik\u00e1cia baz\u00e9na<\/h3>\n<h4>Z\u00e1kladn\u00e9 vybavenie:<\/h4>\n<ul>\n<li><strong>Integrovan\u00e1 drevom vykurovan\u00e1 pec<\/strong><\/li>\n<li><strong>Vlo\u017eka z 6mm<\/strong> polypropyl\u00e9novej dosky<\/li>\n<li>Dreven\u00e9<strong> schody<\/strong><\/li>\n<li>Nerezov\u00fd <strong>rebr\u00edk<\/strong><\/li>\n<li><strong>Pieskov\u00fd filter<\/strong> s \u010derpadlom<\/li>\n<li><strong>N\u00e1pl\u0148<\/strong> do pieskov\u00e9ho filtra<\/li>\n<li>Zvisl\u00e9 v\u00fdstu\u017en\u00e9 st\u013apy<\/li>\n<\/ul>\n<h4>Technick\u00e9 \u00fadaje:<\/h4>\n<ul>\n<li>Vonkaj\u0161ia \u0161\u00edrka:<strong> 230 cm<\/strong><\/li>\n<li>Vn\u00fatorn\u00e1 \u0161\u00edrka: <strong>190 cm<\/strong><\/li>\n<li>Vonkaj\u0161ia d\u013a\u017eka: <strong>480 cm<\/strong><\/li>\n<li>Vn\u00fatorn\u00e1 d\u013a\u017eka: <strong>360 cm<\/strong><\/li>\n<li>Vonkaj\u0161ia v\u00fd\u0161ka:<strong> 110 cm<\/strong><\/li>\n<li>H\u013abka baz\u00e9na:<strong> 100 cm<\/strong><\/li>\n<li>Objem: cca <strong>8,740L<\/strong><\/li>\n<li>Oblo\u017eenie: <strong>44mm<\/strong> Thermo drevo<\/li>\n<li>Hmotnos\u0165: cca <strong>1,200kg<\/strong><\/li>\n<li>Pec z nehrdzavej\u00facej ocele, vr\u00e1tane kom\u00edna<\/li>\n<\/ul>\n<p>K <strong>d\u013a\u017eke baz\u00e9na<\/strong> je potrebn\u00e9 pripo\u010d\u00edta\u0165 aj <strong>integrovan\u00fa skrinku na vybavenie<\/strong> s d\u013a\u017ekou <strong>80 cm!<\/strong><\/p>\n<p>Baz\u00e9n s pecou na drevo v\u00e1m umo\u017en\u00ed pohodln\u00fd odpo\u010dinok na dlh\u00e9 roky.<strong>\u0160kandin\u00e1vska estetika v kombin\u00e1cii s pr\u00edrodnou kl\u00edmou v\u00e1m umo\u017en\u00ed odpo\u010din\u00fa\u0165 si po ka\u017edom n\u00e1ro\u010dnom dni<\/strong>. \u010co v sebe skr\u00fdva tento model?<\/p>\n<p><b><img loading=\"lazy\" decoding=\"async\" class=\"aligncenter size-full wp-image-10037\" src=\"https:\/\/domkysauny.sk\/wp-content\/uploads\/2024\/04\/Basen-48-x-23-m-z-piecem-i-wkladem-polipropylenowym-wizualizacja.png\" alt=\"\" width=\"2800\" height=\"1575\" srcset=\"https:\/\/dev.domkisauny.pl\/wp-content\/uploads\/2024\/04\/Basen-48-x-23-m-z-piecem-i-wkladem-polipropylenowym-wizualizacja.png 2800w, https:\/\/dev.domkisauny.pl\/wp-content\/uploads\/2024\/04\/Basen-48-x-23-m-z-piecem-i-wkladem-polipropylenowym-wizualizacja-300x169.png 300w, https:\/\/dev.domkisauny.pl\/wp-content\/uploads\/2024\/04\/Basen-48-x-23-m-z-piecem-i-wkladem-polipropylenowym-wizualizacja-768x432.png 768w, https:\/\/dev.domkisauny.pl\/wp-content\/uploads\/2024\/04\/Basen-48-x-23-m-z-piecem-i-wkladem-polipropylenowym-wizualizacja-1024x576.png 1024w, https:\/\/dev.domkisauny.pl\/wp-content\/uploads\/2024\/04\/Basen-48-x-23-m-z-piecem-i-wkladem-polipropylenowym-wizualizacja-1536x864.png 1536w, https:\/\/dev.domkisauny.pl\/wp-content\/uploads\/2024\/04\/Basen-48-x-23-m-z-piecem-i-wkladem-polipropylenowym-wizualizacja-2048x1152.png 2048w, https:\/\/dev.domkisauny.pl\/wp-content\/uploads\/2024\/04\/Basen-48-x-23-m-z-piecem-i-wkladem-polipropylenowym-wizualizacja-1000x563.png 1000w\" sizes=\"auto, (max-width: 2800px) 100vw, 2800px\" \/><\/b><\/p>\n<h3><strong>Urobte zo svojej z\u00e1hrady oddychov\u00fa z\u00f3nu<\/strong><\/h3>\n<p>Chcete zabudn\u00fa\u0165 o strese, ktor\u00e9ho m\u00e1te dos\u0165 po\u010das d\u0148a a odda\u0165 sa pr\u00edtomn\u00e9mu okamihu? Vyu\u017eite dobr\u00e9 po\u010dasie a odd\u00fdchnite si v drevenom baz\u00e9ne od A&amp;M, v\u010faka ktor\u00e9mu premen\u00edte svoju z\u00e1hradu na skuto\u010dn\u00fa oddychov\u00fa z\u00f3nu. <strong>\u00dapln\u00e9 ticho a pohoda v spojen\u00ed s k\u00fape\u013eom v teplej vode je osved\u010den\u00fdm receptom na chv\u00edle oddychu pre telo aj myse\u013e.<\/strong> Pou\u017eit\u00e9 pr\u00edrodn\u00e9 drevo perfektne dopln\u00ed cel\u00fd z\u00e1hradn\u00fd aran\u017em\u00e1n.<\/p>\n<h3><strong>Vybavenie dreven\u00e9ho baz\u00e9nu s pecou a polypropyl\u00e9novou vlo\u017ekou.<\/strong><\/h3>\n<p>Skuto\u010dn\u00e1 kvalita tohto z\u00e1hradn\u00e9ho baz\u00e9na je zalo\u017een\u00e1 predov\u0161etk\u00fdm na premyslenej kon\u0161trukcii a pou\u017eit\u00ed ur\u010dit\u00fdch rie\u0161en\u00ed. V\u010fa\u010d\u00edme za to okrem in\u00e9ho pou\u017eitiu:<\/p>\n<ul>\n<li>filtra Skinner,<\/li>\n<li>pieskov\u00e9ho filtra,<\/li>\n<li>LED podsvietenia,<\/li>\n<li>peci na drevo.<\/li>\n<\/ul>\n<p>V\u010faka tomu m\u00e1me \u00fapln\u00fa z\u00e1ruku, \u017ee tento dreven\u00fd baz\u00e9n s pecou a polypropyl\u00e9novou vlo\u017ekou spln\u00ed o\u010dak\u00e1vania. Navy\u0161e sa m\u00f4\u017ee pochv\u00e1li\u0165 ve\u013ek\u00fdm rozmerom, ktor\u00fd m\u00e1 z vonkaj\u0161ej strany rozmery 480 cm x 230 cm.<\/p>\n<p><b><img loading=\"lazy\" decoding=\"async\" class=\"aligncenter size-full wp-image-10259\" src=\"https:\/\/domkysauny.sk\/wp-content\/uploads\/2024\/04\/Basen-48-x-23-m-z-piecem-i-wkladem-polipropylenowym-rzuty-1.jpg\" alt=\"\" width=\"2000\" height=\"1600\" srcset=\"https:\/\/dev.domkisauny.pl\/wp-content\/uploads\/2024\/04\/Basen-48-x-23-m-z-piecem-i-wkladem-polipropylenowym-rzuty-1.jpg 2000w, https:\/\/dev.domkisauny.pl\/wp-content\/uploads\/2024\/04\/Basen-48-x-23-m-z-piecem-i-wkladem-polipropylenowym-rzuty-1-300x240.jpg 300w, https:\/\/dev.domkisauny.pl\/wp-content\/uploads\/2024\/04\/Basen-48-x-23-m-z-piecem-i-wkladem-polipropylenowym-rzuty-1-768x614.jpg 768w, https:\/\/dev.domkisauny.pl\/wp-content\/uploads\/2024\/04\/Basen-48-x-23-m-z-piecem-i-wkladem-polipropylenowym-rzuty-1-1024x819.jpg 1024w, https:\/\/dev.domkisauny.pl\/wp-content\/uploads\/2024\/04\/Basen-48-x-23-m-z-piecem-i-wkladem-polipropylenowym-rzuty-1-1536x1229.jpg 1536w, https:\/\/dev.domkisauny.pl\/wp-content\/uploads\/2024\/04\/Basen-48-x-23-m-z-piecem-i-wkladem-polipropylenowym-rzuty-1-1000x800.jpg 1000w, https:\/\/dev.domkisauny.pl\/wp-content\/uploads\/2024\/04\/Basen-48-x-23-m-z-piecem-i-wkladem-polipropylenowym-rzuty-1-1320x1056.jpg 1320w\" sizes=\"auto, (max-width: 2000px) 100vw, 2000px\" \/><\/b><\/p>\n<h3><strong>Sp\u00f4sob spestrenia ubytovac\u00edch objektov<\/strong><\/h3>\n<p>Na dovolenke si najviac \u017eel\u00e1me kone\u010dne si odd\u00fdchnu\u0165. <strong>Ak prev\u00e1dzkujete ubytovac\u00ed objekt, oplat\u00ed sa zv\u00e1\u017ei\u0165 mont\u00e1\u017e baz\u00e9na.<\/strong> V\u010faka nemu bud\u00fa ma\u0165 va\u0161i hostia mo\u017enos\u0165 relaxova\u0165 na \u010derstvom vzduchu, za \u010do v\u00e1m bud\u00fa ur\u010dite v\u010fa\u010dn\u00ed.<\/p>\n<h3><strong>Zabezpe\u010dte si ozajstn\u00fd luxus na dlh\u00e9 roky<\/strong><\/h3>\n<p>Cel\u00e1 kon\u0161trukcia baz\u00e9na pozost\u00e1va z odolnej drevenej kon\u0161trukcie. V\u010faka pou\u017eitiu materi\u00e1lov, ktor\u00e9 s\u00fa odoln\u00e9 vo\u010di akejko\u013evek deform\u00e1cii a vlhkosti, baz\u00e9n nepodlieha \u017eiadnej deform\u00e1cii pod vplyvom nepriazniv\u00fdch poveternostn\u00fdch podmienok alebo v\u00e1hy vody. <strong>T\u00fdmto sp\u00f4sobom si udr\u017euje ide\u00e1lny stav na dlh\u00e9 roky.<\/strong><\/p>\n<p>Okrem toho pre pohodln\u00fd relax s\u00fa s\u00fa\u010das\u0165ou v\u00fdbavy aj dreven\u00e9 schod\u00edky a kovov\u00fd rebr\u00edk.<\/p>\n<p>Okrem toho pre pohodln\u00fd relax s\u00fa s\u00fa\u010das\u0165ou v\u00fdbavy aj dreven\u00e9 schod\u00edky a kovov\u00fd rebr\u00edk. Okrem in\u00e9ho je na tento \u00fa\u010del stred modelu vyplnen\u00fd na poh\u013ead pr\u00edjemnou polypropyl\u00e9novou vlo\u017ekou.<\/p>\n<h3><strong>Je to \u00fa\u010dinn\u00fd recept na odpo\u010dinok<\/strong><\/h3>\n<p>Po\u010das leta chod\u00edme do baz\u00e9nu aby sme sa schladili. Ak v\u0161ak uprednost\u0148ujete ve\u010dern\u00fd relax v trochu teplej\u0161ej vode, ni\u010d v\u00e1m nebr\u00e1ni vo vytvoren\u00ed t\u00fdchto ide\u00e1lnych podmienok.<strong>Je to mo\u017en\u00e9 preto\u017ee k dreven\u00e9mu baz\u00e9nu je aj pec na drevo, ktor\u00e1 nav\u00e1dza pr\u00edrodn\u00fa a \u00fatuln\u00fa atmosf\u00e9ru<\/strong>. Tak\u00fdto k\u00fape\u013e je skvel\u00fdm prostriedkom na upokojenie a regener\u00e1ciu organizmu.<\/p>\n<p>Aby ste sa nemuseli ni\u010doho ob\u00e1va\u0165, d\u00f4le\u017eit\u00e1 je tie\u017e bezpe\u010dnos\u0165. Star\u00e1me sa o to pomocou odolnej a pevnej kon\u0161trukcie. Nezab\u00fadajte tie\u017e na to, \u017ee je potrebn\u00e9 predt\u00fdm pripravi\u0165 podklad pod baz\u00e9n. Ter\u00e9n by mal by\u0165 tvrd\u00fd a rovn\u00fd. Ak bude z\u00e1hradn\u00fd baz\u00e9n umiestnen\u00fd na tr\u00e1ve, je dobr\u00e9 plochu napr\u00edklad oblo\u017ei\u0165 kockami, dla\u017ebou alebo aj zalia\u0165 bet\u00f3nom.<\/p>\n<h3><strong>Inovat\u00edvna technol\u00f3gia v s\u00falade s pr\u00edrodou \u2013 Thermo Drevo<\/strong><\/h3>\n<p>Produkty v na\u0161ej ponuke ako dreven\u00fd baz\u00e9n THERMO 4,8 \u00d7 2,3 m s polypropyl\u00e9novou vlo\u017ekou a pieckou s\u00fa vyroben\u00e9 z pr\u00edrodn\u00e9ho dreva Thermo. Je to vynikaj\u00faca ochrana proti hromadeniu vlhkosti, teplotn\u00fdm zmen\u00e1m a z toho vypl\u00fdvaj\u00facim deform\u00e1ci\u00e1m. Ide o \u0161peci\u00e1lny materi\u00e1l z\u00edskan\u00fd inovat\u00edvnym procesom tvrdnutia borovicov\u00e9ho dreva. <strong>V\u010faka tomu materi\u00e1l neabsorbuje vodu, \u010do blokuje rozvoj plesn\u00ed a h\u00fab. <\/strong>Drevo navy\u0161e z\u00edskava aj vy\u0161\u0161iu odolnos\u0165. To znamen\u00e1, \u017ee sa nedeformuje a nehnije.<\/p>\n<p>V\u00fdsledkom je, \u017ee Thermo Drevo je materi\u00e1l, ktor\u00fd je ide\u00e1lny pre baz\u00e9ny. Takto m\u00f4\u017eu by\u0165 na\u0161e produkty, ako je baz\u00e9n THERMO 4,8 \u00d7 2,3 m s polypropyl\u00e9novou vlo\u017ekou a pecou najvy\u0161\u0161ej kvality.<\/p>\n","protected":false},"excerpt":{"rendered":"<blockquote><p><strong><b>D\u00d4LE\u017dIT\u00c9!<\/b><\/strong><\/p>\n<p>Fotografie produktov rob\u00edme v najlep\u0161ej kvalite. Av\u0161ak kv\u00f4li sp\u00f4sobu reprodukcie farieb monitorom po\u010d\u00edta\u010da m\u00f4\u017ee farba produktov vidite\u013en\u00e1 na obrazovke mierne sa l\u00ed\u0161i\u0165 od skuto\u010dnosti.<\/p><\/blockquote>\n","protected":false},"featured_media":12320,"template":"","meta":{"_acf_changed":false},"product_brand":[],"product_cat":[153],"product_tag":[527],"class_list":{"0":"post-12307","1":"product","2":"type-product","3":"status-publish","4":"has-post-thumbnail","6":"product_cat-bazeny","7":"product_tag-bazeny-s-pecou","8":"product_shipping_class-wysylka-grupa2-sk","10":"first","11":"instock","12":"shipping-taxable","13":"purchasable","14":"product-type-variable"},"acf":[],"yoast_head":"<!-- This site is optimized with the Yoast SEO plugin v27.4 - https:\/\/yoast.com\/product\/yoast-seo-wordpress\/ -->\n<title>Dreven\u00fd baz\u00e9n 4,8 x 2,3 m THERMO s pieckou a polypropyl\u00e9novou vlo\u017ekou | Dom\u010deky, Sauny<\/title>\n<meta name=\"robots\" content=\"noindex, follow, max-snippet:-1, max-image-preview:large, max-video-preview:-1\" \/>\n<meta property=\"og:locale\" content=\"sk_SK\" \/>\n<meta property=\"og:type\" content=\"article\" \/>\n<meta property=\"og:title\" content=\"Dreven\u00fd baz\u00e9n 4,8 x 2,3 m THERMO s pieckou a polypropyl\u00e9novou vlo\u017ekou | Dom\u010deky, Sauny\" \/>\n<meta property=\"og:description\" content=\"D\u00d4LE\u017dIT\u00c9!  Fotografie produktov rob\u00edme v najlep\u0161ej kvalite. Av\u0161ak kv\u00f4li sp\u00f4sobu reprodukcie farieb monitorom po\u010d\u00edta\u010da m\u00f4\u017ee farba produktov vidite\u013en\u00e1 na obrazovke mierne sa l\u00ed\u0161i\u0165 od skuto\u010dnosti.\" \/>\n<meta property=\"og:url\" content=\"https:\/\/dev.domkisauny.pl\/sk\/produkt\/dreveny-bazen-48-x-23-m-thermo-s-pieckou-a-polypropylenovou-vlozkou\/\" \/>\n<meta property=\"og:site_name\" content=\"Dom\u010deky, Sauny\" \/>\n<meta property=\"article:publisher\" content=\"https:\/\/www.facebook.com\/DomkiSauny\" \/>\n<meta property=\"article:modified_time\" content=\"2025-06-03T14:10:32+00:00\" \/>\n<meta property=\"og:image\" content=\"https:\/\/dev.domkisauny.pl\/wp-content\/uploads\/2024\/06\/Basen-48-x-23-m-z-piecem-i-wkladem-5-Thermo-wizualizacja-scaled.jpg\" \/>\n\t<meta property=\"og:image:width\" content=\"2560\" \/>\n\t<meta property=\"og:image:height\" content=\"1440\" \/>\n\t<meta property=\"og:image:type\" content=\"image\/jpeg\" \/>\n<meta name=\"twitter:card\" content=\"summary_large_image\" \/>\n<meta name=\"twitter:label1\" content=\"Predpokladan\u00fd \u010das \u010d\u00edtania\" \/>\n\t<meta name=\"twitter:data1\" content=\"5 min\u00fat\" \/>\n<script type=\"application\/ld+json\" class=\"yoast-schema-graph\">{\"@context\":\"https:\\\/\\\/schema.org\",\"@graph\":[{\"@type\":\"WebPage\",\"@id\":\"https:\\\/\\\/dev.domkisauny.pl\\\/sk\\\/produkt\\\/dreveny-bazen-48-x-23-m-thermo-s-pieckou-a-polypropylenovou-vlozkou\\\/\",\"url\":\"https:\\\/\\\/dev.domkisauny.pl\\\/sk\\\/produkt\\\/dreveny-bazen-48-x-23-m-thermo-s-pieckou-a-polypropylenovou-vlozkou\\\/\",\"name\":\"Dreven\u00fd baz\u00e9n 4,8 x 2,3 m THERMO s pieckou a polypropyl\u00e9novou vlo\u017ekou | Dom\u010deky, Sauny\",\"isPartOf\":{\"@id\":\"https:\\\/\\\/dev.domkisauny.pl\\\/sk\\\/#website\"},\"primaryImageOfPage\":{\"@id\":\"https:\\\/\\\/dev.domkisauny.pl\\\/sk\\\/produkt\\\/dreveny-bazen-48-x-23-m-thermo-s-pieckou-a-polypropylenovou-vlozkou\\\/#primaryimage\"},\"image\":{\"@id\":\"https:\\\/\\\/dev.domkisauny.pl\\\/sk\\\/produkt\\\/dreveny-bazen-48-x-23-m-thermo-s-pieckou-a-polypropylenovou-vlozkou\\\/#primaryimage\"},\"thumbnailUrl\":\"https:\\\/\\\/dev.domkisauny.pl\\\/wp-content\\\/uploads\\\/2024\\\/06\\\/Basen-48-x-23-m-z-piecem-i-wkladem-5-Thermo-wizualizacja-scaled.jpg\",\"datePublished\":\"2024-06-07T08:13:46+00:00\",\"dateModified\":\"2025-06-03T14:10:32+00:00\",\"breadcrumb\":{\"@id\":\"https:\\\/\\\/dev.domkisauny.pl\\\/sk\\\/produkt\\\/dreveny-bazen-48-x-23-m-thermo-s-pieckou-a-polypropylenovou-vlozkou\\\/#breadcrumb\"},\"inLanguage\":\"sk-SK\",\"potentialAction\":[{\"@type\":\"ReadAction\",\"target\":[\"https:\\\/\\\/dev.domkisauny.pl\\\/sk\\\/produkt\\\/dreveny-bazen-48-x-23-m-thermo-s-pieckou-a-polypropylenovou-vlozkou\\\/\"]}]},{\"@type\":\"ImageObject\",\"inLanguage\":\"sk-SK\",\"@id\":\"https:\\\/\\\/dev.domkisauny.pl\\\/sk\\\/produkt\\\/dreveny-bazen-48-x-23-m-thermo-s-pieckou-a-polypropylenovou-vlozkou\\\/#primaryimage\",\"url\":\"https:\\\/\\\/dev.domkisauny.pl\\\/wp-content\\\/uploads\\\/2024\\\/06\\\/Basen-48-x-23-m-z-piecem-i-wkladem-5-Thermo-wizualizacja-scaled.jpg\",\"contentUrl\":\"https:\\\/\\\/dev.domkisauny.pl\\\/wp-content\\\/uploads\\\/2024\\\/06\\\/Basen-48-x-23-m-z-piecem-i-wkladem-5-Thermo-wizualizacja-scaled.jpg\",\"width\":2560,\"height\":1440,\"caption\":\"Wizualizacja basenu o wymiarach 4.8 x 2.3 m z piecem i wk\u0142adem, model Thermo, widok z perspektywy.\"},{\"@type\":\"BreadcrumbList\",\"@id\":\"https:\\\/\\\/dev.domkisauny.pl\\\/sk\\\/produkt\\\/dreveny-bazen-48-x-23-m-thermo-s-pieckou-a-polypropylenovou-vlozkou\\\/#breadcrumb\",\"itemListElement\":[{\"@type\":\"ListItem\",\"position\":1,\"name\":\"A&amp;M\",\"item\":\"https:\\\/\\\/dev.domkisauny.pl\\\/sk\\\/\"},{\"@type\":\"ListItem\",\"position\":2,\"name\":\"Produkty\",\"item\":\"https:\\\/\\\/dev.domkisauny.pl\\\/produkty\\\/\"},{\"@type\":\"ListItem\",\"position\":3,\"name\":\"Baz\u00e9ny\",\"item\":\"https:\\\/\\\/dev.domkisauny.pl\\\/sk\\\/kategoria-produktu\\\/bazeny\\\/\"},{\"@type\":\"ListItem\",\"position\":4,\"name\":\"Dreven\u00fd baz\u00e9n 4,8 x 2,3 m THERMO s pieckou a polypropyl\u00e9novou vlo\u017ekou\"}]},{\"@type\":\"WebSite\",\"@id\":\"https:\\\/\\\/dev.domkisauny.pl\\\/sk\\\/#website\",\"url\":\"https:\\\/\\\/dev.domkisauny.pl\\\/sk\\\/\",\"name\":\"Dom\u010deky, Sauny\",\"description\":\"\",\"publisher\":{\"@id\":\"https:\\\/\\\/dev.domkisauny.pl\\\/sk\\\/#organization\"},\"potentialAction\":[{\"@type\":\"SearchAction\",\"target\":{\"@type\":\"EntryPoint\",\"urlTemplate\":\"https:\\\/\\\/dev.domkisauny.pl\\\/sk\\\/?s={search_term_string}\"},\"query-input\":{\"@type\":\"PropertyValueSpecification\",\"valueRequired\":true,\"valueName\":\"search_term_string\"}}],\"inLanguage\":\"sk-SK\"},{\"@type\":\"Organization\",\"@id\":\"https:\\\/\\\/dev.domkisauny.pl\\\/sk\\\/#organization\",\"name\":\"Dom\u010deky, Sauny\",\"url\":\"https:\\\/\\\/dev.domkisauny.pl\\\/sk\\\/\",\"logo\":{\"@type\":\"ImageObject\",\"inLanguage\":\"sk-SK\",\"@id\":\"https:\\\/\\\/dev.domkisauny.pl\\\/sk\\\/#\\\/schema\\\/logo\\\/image\\\/\",\"url\":\"https:\\\/\\\/domkisauny.pl\\\/wp-content\\\/uploads\\\/2022\\\/09\\\/logo_03.png\",\"contentUrl\":\"https:\\\/\\\/domkisauny.pl\\\/wp-content\\\/uploads\\\/2022\\\/09\\\/logo_03.png\",\"width\":95,\"height\":81,\"caption\":\"Dom\u010deky, Sauny\"},\"image\":{\"@id\":\"https:\\\/\\\/dev.domkisauny.pl\\\/sk\\\/#\\\/schema\\\/logo\\\/image\\\/\"},\"sameAs\":[\"https:\\\/\\\/www.facebook.com\\\/DomkiSauny\"]}]}<\/script>\n<!-- \/ Yoast SEO plugin. -->","yoast_head_json":{"title":"Dreven\u00fd baz\u00e9n 4,8 x 2,3 m THERMO s pieckou a polypropyl\u00e9novou vlo\u017ekou | Dom\u010deky, Sauny","robots":{"index":"noindex","follow":"follow","max-snippet":"max-snippet:-1","max-image-preview":"max-image-preview:large","max-video-preview":"max-video-preview:-1"},"og_locale":"sk_SK","og_type":"article","og_title":"Dreven\u00fd baz\u00e9n 4,8 x 2,3 m THERMO s pieckou a polypropyl\u00e9novou vlo\u017ekou | Dom\u010deky, Sauny","og_description":"D\u00d4LE\u017dIT\u00c9!  Fotografie produktov rob\u00edme v najlep\u0161ej kvalite. Av\u0161ak kv\u00f4li sp\u00f4sobu reprodukcie farieb monitorom po\u010d\u00edta\u010da m\u00f4\u017ee farba produktov vidite\u013en\u00e1 na obrazovke mierne sa l\u00ed\u0161i\u0165 od skuto\u010dnosti.","og_url":"https:\/\/dev.domkisauny.pl\/sk\/produkt\/dreveny-bazen-48-x-23-m-thermo-s-pieckou-a-polypropylenovou-vlozkou\/","og_site_name":"Dom\u010deky, Sauny","article_publisher":"https:\/\/www.facebook.com\/DomkiSauny","article_modified_time":"2025-06-03T14:10:32+00:00","og_image":[{"width":2560,"height":1440,"url":"https:\/\/dev.domkisauny.pl\/wp-content\/uploads\/2024\/06\/Basen-48-x-23-m-z-piecem-i-wkladem-5-Thermo-wizualizacja-scaled.jpg","type":"image\/jpeg"}],"twitter_card":"summary_large_image","twitter_misc":{"Predpokladan\u00fd \u010das \u010d\u00edtania":"5 min\u00fat"},"schema":{"@context":"https:\/\/schema.org","@graph":[{"@type":"WebPage","@id":"https:\/\/dev.domkisauny.pl\/sk\/produkt\/dreveny-bazen-48-x-23-m-thermo-s-pieckou-a-polypropylenovou-vlozkou\/","url":"https:\/\/dev.domkisauny.pl\/sk\/produkt\/dreveny-bazen-48-x-23-m-thermo-s-pieckou-a-polypropylenovou-vlozkou\/","name":"Dreven\u00fd baz\u00e9n 4,8 x 2,3 m THERMO s pieckou a polypropyl\u00e9novou vlo\u017ekou | Dom\u010deky, Sauny","isPartOf":{"@id":"https:\/\/dev.domkisauny.pl\/sk\/#website"},"primaryImageOfPage":{"@id":"https:\/\/dev.domkisauny.pl\/sk\/produkt\/dreveny-bazen-48-x-23-m-thermo-s-pieckou-a-polypropylenovou-vlozkou\/#primaryimage"},"image":{"@id":"https:\/\/dev.domkisauny.pl\/sk\/produkt\/dreveny-bazen-48-x-23-m-thermo-s-pieckou-a-polypropylenovou-vlozkou\/#primaryimage"},"thumbnailUrl":"https:\/\/dev.domkisauny.pl\/wp-content\/uploads\/2024\/06\/Basen-48-x-23-m-z-piecem-i-wkladem-5-Thermo-wizualizacja-scaled.jpg","datePublished":"2024-06-07T08:13:46+00:00","dateModified":"2025-06-03T14:10:32+00:00","breadcrumb":{"@id":"https:\/\/dev.domkisauny.pl\/sk\/produkt\/dreveny-bazen-48-x-23-m-thermo-s-pieckou-a-polypropylenovou-vlozkou\/#breadcrumb"},"inLanguage":"sk-SK","potentialAction":[{"@type":"ReadAction","target":["https:\/\/dev.domkisauny.pl\/sk\/produkt\/dreveny-bazen-48-x-23-m-thermo-s-pieckou-a-polypropylenovou-vlozkou\/"]}]},{"@type":"ImageObject","inLanguage":"sk-SK","@id":"https:\/\/dev.domkisauny.pl\/sk\/produkt\/dreveny-bazen-48-x-23-m-thermo-s-pieckou-a-polypropylenovou-vlozkou\/#primaryimage","url":"https:\/\/dev.domkisauny.pl\/wp-content\/uploads\/2024\/06\/Basen-48-x-23-m-z-piecem-i-wkladem-5-Thermo-wizualizacja-scaled.jpg","contentUrl":"https:\/\/dev.domkisauny.pl\/wp-content\/uploads\/2024\/06\/Basen-48-x-23-m-z-piecem-i-wkladem-5-Thermo-wizualizacja-scaled.jpg","width":2560,"height":1440,"caption":"Wizualizacja basenu o wymiarach 4.8 x 2.3 m z piecem i wk\u0142adem, model Thermo, widok z perspektywy."},{"@type":"BreadcrumbList","@id":"https:\/\/dev.domkisauny.pl\/sk\/produkt\/dreveny-bazen-48-x-23-m-thermo-s-pieckou-a-polypropylenovou-vlozkou\/#breadcrumb","itemListElement":[{"@type":"ListItem","position":1,"name":"A&amp;M","item":"https:\/\/dev.domkisauny.pl\/sk\/"},{"@type":"ListItem","position":2,"name":"Produkty","item":"https:\/\/dev.domkisauny.pl\/produkty\/"},{"@type":"ListItem","position":3,"name":"Baz\u00e9ny","item":"https:\/\/dev.domkisauny.pl\/sk\/kategoria-produktu\/bazeny\/"},{"@type":"ListItem","position":4,"name":"Dreven\u00fd baz\u00e9n 4,8 x 2,3 m THERMO s pieckou a polypropyl\u00e9novou vlo\u017ekou"}]},{"@type":"WebSite","@id":"https:\/\/dev.domkisauny.pl\/sk\/#website","url":"https:\/\/dev.domkisauny.pl\/sk\/","name":"Dom\u010deky, Sauny","description":"","publisher":{"@id":"https:\/\/dev.domkisauny.pl\/sk\/#organization"},"potentialAction":[{"@type":"SearchAction","target":{"@type":"EntryPoint","urlTemplate":"https:\/\/dev.domkisauny.pl\/sk\/?s={search_term_string}"},"query-input":{"@type":"PropertyValueSpecification","valueRequired":true,"valueName":"search_term_string"}}],"inLanguage":"sk-SK"},{"@type":"Organization","@id":"https:\/\/dev.domkisauny.pl\/sk\/#organization","name":"Dom\u010deky, Sauny","url":"https:\/\/dev.domkisauny.pl\/sk\/","logo":{"@type":"ImageObject","inLanguage":"sk-SK","@id":"https:\/\/dev.domkisauny.pl\/sk\/#\/schema\/logo\/image\/","url":"https:\/\/domkisauny.pl\/wp-content\/uploads\/2022\/09\/logo_03.png","contentUrl":"https:\/\/domkisauny.pl\/wp-content\/uploads\/2022\/09\/logo_03.png","width":95,"height":81,"caption":"Dom\u010deky, Sauny"},"image":{"@id":"https:\/\/dev.domkisauny.pl\/sk\/#\/schema\/logo\/image\/"},"sameAs":["https:\/\/www.facebook.com\/DomkiSauny"]}]}},"_links":{"self":[{"href":"https:\/\/dev.domkisauny.pl\/sk\/wp-json\/wp\/v2\/product\/12307","targetHints":{"allow":["GET"]}}],"collection":[{"href":"https:\/\/dev.domkisauny.pl\/sk\/wp-json\/wp\/v2\/product"}],"about":[{"href":"https:\/\/dev.domkisauny.pl\/sk\/wp-json\/wp\/v2\/types\/product"}],"wp:featuredmedia":[{"embeddable":true,"href":"https:\/\/dev.domkisauny.pl\/sk\/wp-json\/wp\/v2\/media\/12320"}],"wp:attachment":[{"href":"https:\/\/dev.domkisauny.pl\/sk\/wp-json\/wp\/v2\/media?parent=12307"}],"wp:term":[{"taxonomy":"product_brand","embeddable":true,"href":"https:\/\/dev.domkisauny.pl\/sk\/wp-json\/wp\/v2\/product_brand?post=12307"},{"taxonomy":"product_cat","embeddable":true,"href":"https:\/\/dev.domkisauny.pl\/sk\/wp-json\/wp\/v2\/product_cat?post=12307"},{"taxonomy":"product_tag","embeddable":true,"href":"https:\/\/dev.domkisauny.pl\/sk\/wp-json\/wp\/v2\/product_tag?post=12307"}],"curies":[{"name":"wp","href":"https:\/\/api.w.org\/{rel}","templated":true}]}}