{"id":12025,"date":"2024-06-05T12:50:09","date_gmt":"2024-06-05T10:50:09","guid":{"rendered":"https:\/\/domkisauny.pl\/?post_type=product&#038;p=12025"},"modified":"2025-08-12T10:32:56","modified_gmt":"2025-08-12T08:32:56","slug":"dreveny-bazen-580-x-240-cm-s-polypropylenovym-vlozkom-termo-drevo","status":"publish","type":"product","link":"https:\/\/dev.domkisauny.pl\/sk\/produkt\/dreveny-bazen-580-x-240-cm-s-polypropylenovym-vlozkom-termo-drevo\/","title":{"rendered":"Dreven\u00fd baz\u00e9n 580 x 240 cm s polypropyl\u00e9nov\u00fdm vlo\u017ekom (Termo drevo)"},"content":{"rendered":"<h3>\u0160pecifik\u00e1cia baz\u00e9na<\/h3>\n<h4>Z\u00e1kladn\u00e9 vybavenie:<\/h4>\n<ul>\n<li><strong>Vlo\u017eka z 6mm<\/strong> polypropyl\u00e9novej dosky<\/li>\n<li>Dreven\u00e9<strong> schody<\/strong><\/li>\n<li>Nerezov\u00fd <strong>rebr\u00edk<\/strong><\/li>\n<li><strong>Pieskov\u00fd filter<\/strong> s \u010derpadlom<\/li>\n<li><strong>N\u00e1pl\u0148<\/strong> do pieskov\u00e9ho filtra<\/li>\n<li>Zvisl\u00e9 v\u00fdstu\u017en\u00e9 st\u013apy<\/li>\n<li>Kovov\u00fd prie\u010dny profil<\/li>\n<\/ul>\n<h4>Technick\u00e9 \u00fadaje:<\/h4>\n<ul>\n<li>Vonkaj\u0161ia \u0161\u00edrka: <strong>240 cm<\/strong><\/li>\n<li>Vn\u00fatorn\u00e1 \u0161\u00edrka: <strong>190 cm<\/strong><\/li>\n<li>Vonkaj\u0161ia d\u013a\u017eka: <strong>580 cm<\/strong><\/li>\n<li>Vn\u00fatorn\u00e1 d\u013a\u017eka: <strong>462 cm<\/strong><\/li>\n<li>Vonkaj\u0161ia v\u00fd\u0161ka: <strong>112 cm<\/strong><\/li>\n<li>H\u013abka baz\u00e9na: <strong>100 cm<\/strong><\/li>\n<li>Objem: cca <strong>8,740L<\/strong><\/li>\n<li>Oblo\u017eenie: <strong>44mm<\/strong> Thermo drevo<\/li>\n<li>Hmotnos\u0165: cca <strong>1,100kg<\/strong><\/li>\n<\/ul>\n<p>K <strong>d\u013a\u017eke baz\u00e9na<\/strong> je potrebn\u00e9 pripo\u010d\u00edta\u0165 aj<strong> integrovan\u00fa skrinku na vybavenie<\/strong> s d\u013a\u017ekou<strong> 70 cm!<\/strong><\/p>\n<p><strong><b>Slu\u017eba doru\u010denia nezah\u0155\u0148a vylo\u017eenie a zostavenie produktu u z\u00e1kazn\u00edka.<\/b><\/strong><\/p>\n<p><img loading=\"lazy\" decoding=\"async\" class=\"aligncenter size-full wp-image-20943\" src=\"https:\/\/domkysauny.sk\/wp-content\/uploads\/2024\/06\/basen-580-thermo-main.webp\" alt=\"\" width=\"2000\" height=\"1600\" srcset=\"https:\/\/dev.domkisauny.pl\/wp-content\/uploads\/2024\/06\/basen-580-thermo-main.webp 2000w, https:\/\/dev.domkisauny.pl\/wp-content\/uploads\/2024\/06\/basen-580-thermo-main-300x240.webp 300w, https:\/\/dev.domkisauny.pl\/wp-content\/uploads\/2024\/06\/basen-580-thermo-main-1024x819.webp 1024w, https:\/\/dev.domkisauny.pl\/wp-content\/uploads\/2024\/06\/basen-580-thermo-main-768x614.webp 768w, https:\/\/dev.domkisauny.pl\/wp-content\/uploads\/2024\/06\/basen-580-thermo-main-1536x1229.webp 1536w, https:\/\/dev.domkisauny.pl\/wp-content\/uploads\/2024\/06\/basen-580-thermo-main-1000x800.webp 1000w\" sizes=\"auto, (max-width: 2000px) 100vw, 2000px\" \/><\/p>\n<p>Priestrann\u00fd baz\u00e9n s rozmermi 580 x 240 cm a objemom 10 000 litrov je dobr\u00fdm n\u00e1padom na skr\u00e1\u0161lenie z\u00e1hrady, terasy a jedine\u010dnou atrakciou pre host\u00ed ubytovac\u00edch zariaden\u00ed.<\/p>\n<p>Luxusn\u00fd baz\u00e9n od spolo\u010dnosti A&amp;M je v\u00fdrobok navrhnut\u00fd v \u0161kandin\u00e1vskom \u0161t\u00fdle, ru\u010dne vyroben\u00fd z mas\u00edvneho smrekov\u00e9ho dreva. Vn\u00fatro baz\u00e9na obsahuje robustn\u00fa a estetick\u00fa vlo\u017eku z polypropyl\u00e9nov\u00fdch vl\u00e1kien. \u0160krupina sa sklad\u00e1 z dosiek s hr\u00fabkou 44 mm. Drevo pou\u017eit\u00e9 na v\u00fdrobu bolo komorovo su\u0161en\u00e9. Baz\u00e9nov\u00e1 sada obsahuje schod\u00edky, rebr\u00edk a \u00fa\u010dinn\u00fa pieskov\u00fa filtr\u00e1ciu.<\/p>\n<p>Dreven\u00fa \u0161krupinu by ste mali sami naimpregnova\u0165 \u0161peci\u00e1lnym lakom. Mo\u017enos\u0165 in\u0161tal\u00e1cie ohrieva\u010da, tepeln\u00e9ho \u010derpadla alebo vonkaj\u0161ej pece na drevo. Volite\u013en\u00e9: LED osvetlenie, kryt, Thermo Wood, skimmer, protipr\u00fad a solin\u00e1tor. Dod\u00e1vka zah\u0155\u0148a u\u017e zmontovan\u00fd v\u00fdrobok &#8211; do v\u00e1\u0161ho domu, pozemku alebo firmy.<\/p>\n<p><img loading=\"lazy\" decoding=\"async\" class=\"aligncenter size-full wp-image-20947\" src=\"https:\/\/domkysauny.sk\/wp-content\/uploads\/2024\/06\/basen-580-thermo-second-vis.webp\" alt=\"\" width=\"2000\" height=\"1600\" srcset=\"https:\/\/dev.domkisauny.pl\/wp-content\/uploads\/2024\/06\/basen-580-thermo-second-vis.webp 2000w, https:\/\/dev.domkisauny.pl\/wp-content\/uploads\/2024\/06\/basen-580-thermo-second-vis-300x240.webp 300w, https:\/\/dev.domkisauny.pl\/wp-content\/uploads\/2024\/06\/basen-580-thermo-second-vis-1024x819.webp 1024w, https:\/\/dev.domkisauny.pl\/wp-content\/uploads\/2024\/06\/basen-580-thermo-second-vis-768x614.webp 768w, https:\/\/dev.domkisauny.pl\/wp-content\/uploads\/2024\/06\/basen-580-thermo-second-vis-1536x1229.webp 1536w, https:\/\/dev.domkisauny.pl\/wp-content\/uploads\/2024\/06\/basen-580-thermo-second-vis-1000x800.webp 1000w\" sizes=\"auto, (max-width: 2000px) 100vw, 2000px\" \/><\/p>\n<h2><strong>Baz\u00e9n THERMO 580\u00d7240 cm s polypropylenovou vlo\u017ekou<\/strong><\/h2>\n<p><strong><b><img loading=\"lazy\" decoding=\"async\" class=\"alignright size-full wp-image-3907\" src=\"https:\/\/domkysauny.sk\/wp-content\/uploads\/2022\/10\/wlokno.png\" alt=\"\" width=\"300\" height=\"300\" srcset=\"https:\/\/dev.domkisauny.pl\/wp-content\/uploads\/2022\/10\/wlokno.png 300w, https:\/\/dev.domkisauny.pl\/wp-content\/uploads\/2022\/10\/wlokno-150x150.png 150w\" sizes=\"auto, (max-width: 300px) 100vw, 300px\" \/><\/b><\/strong><\/p>\n<h3><strong>O\u00e1za pokoja vo va\u0161ej z\u00e1hrade<\/strong><\/h3>\n<p>Letn\u00fd odpo\u010dinok bez baz\u00e9nu? Doprajte si chv\u00ed\u013eu relaxu vo va\u0161ich ob\u013e\u00faben\u00fdch podmienkach. Ve\u010dern\u00e9 k\u00fapenie je dokonal\u00fdm oddychom od ka\u017edodenn\u00fdch povinnost\u00ed a umo\u017en\u00ed v\u00e1m odp\u00fata\u0165 sa od rutiny. <strong>Baz\u00e9n je ide\u00e1lny na relax\u00e1ciu osamote alebo na tr\u00e1venie \u010dasu s rodinou.<\/strong> \u010co e\u0161te pon\u00faka THERMO baz\u00e9n 580 \u00d7 240 cm s polypropyl\u00e9novou vlo\u017ekou?<\/p>\n<h3><strong>Rie\u0161enia na najvy\u0161\u0161ej \u00farovni<\/strong><\/h3>\n<p>Kon\u0161trukcia na\u0161ich dreven\u00fdch baz\u00e9nov je navrhnut\u00e1 tak, aby vydr\u017eala roky pou\u017e\u00edvania. V\u010faka pou\u017eitiu 44 mm dosiek z borovice Thermo, ktor\u00e9 pre\u0161li procesom su\u0161enia v komore, <strong>s\u00fa mimoriadne odoln\u00e9 vo\u010di meniacim sa poveternostn\u00fdm podmienkam.<\/strong> Kompaktn\u00e1 ve\u013ekos\u0165 baz\u00e9na 580 \u00d7 240 cm umo\u017e\u0148uje po\u0148a\u0165 10 000 litrov vody, v\u010faka \u010domu je ide\u00e1lny pre viacero os\u00f4b.<\/p>\n<p>Zosilnen\u00e1 kon\u0161trukcia baz\u00e9na zais\u0165uje jeho \u017eivotnos\u0165 a odolnos\u0165 proti po\u0161kodeniu.<\/p>\n<p>Pre zabezpe\u010denie ide\u00e1lnych podmienok na k\u00fapanie je mo\u017en\u00e9 baz\u00e9n vybavi\u0165 pecou na drevo alebo tepeln\u00fdm \u010derpadlom s v\u00fdkonom 4 kW. To v\u00e1m umo\u017en\u00ed nastavi\u0165 teplotu vody pod\u013ea va\u0161ich osobn\u00fdch preferenci\u00ed.<\/p>\n<h3><strong>Odpo\u010dinok pod\u013ea v\u00e1s<\/strong><\/h3>\n<p>Dizajn tohto z\u00e1hradn\u00e9ho baz\u00e9na odkazuje na \u0161kandin\u00e1vsku estetiku. Minimalizmus a pou\u017eitie pr\u00edrodn\u00e9ho dreva vytv\u00e1raj\u00fa pr\u00edjemn\u00e9 prostredie, ktor\u00e9 umo\u017e\u0148uje dosiahnu\u0165 maxim\u00e1lny komfort. <strong>Invest\u00edcia do baz\u00e9na je nielen z\u00e1rukou oddychu v pr\u00edrode, ale aj \u0161t\u00fdlov\u00fdm dekorat\u00edvnym prvkom vo va\u0161ej z\u00e1hrade.<\/strong><\/p>\n<p>Ak prev\u00e1dzkujete ubytovacie zariadenie, k\u00fapalisko ur\u010dite zv\u00fd\u0161i jeho atraktivitu. Pri h\u013eadan\u00ed miesta na dovolenku si hostia naj\u010dastej\u0161ie potrebuj\u00fa odd\u00fdchnu\u0165. T\u00e1to mo\u017enos\u0165 relaxu ur\u010dite spln\u00ed ich o\u010dak\u00e1vania.<\/p>\n<p><img loading=\"lazy\" decoding=\"async\" class=\"aligncenter size-full wp-image-20951\" src=\"https:\/\/domkysauny.sk\/wp-content\/uploads\/2024\/06\/basen-580-thermo-rzut.webp\" alt=\"\" width=\"2000\" height=\"1600\" srcset=\"https:\/\/dev.domkisauny.pl\/wp-content\/uploads\/2024\/06\/basen-580-thermo-rzut.webp 2000w, https:\/\/dev.domkisauny.pl\/wp-content\/uploads\/2024\/06\/basen-580-thermo-rzut-300x240.webp 300w, https:\/\/dev.domkisauny.pl\/wp-content\/uploads\/2024\/06\/basen-580-thermo-rzut-1024x819.webp 1024w, https:\/\/dev.domkisauny.pl\/wp-content\/uploads\/2024\/06\/basen-580-thermo-rzut-768x614.webp 768w, https:\/\/dev.domkisauny.pl\/wp-content\/uploads\/2024\/06\/basen-580-thermo-rzut-1536x1229.webp 1536w, https:\/\/dev.domkisauny.pl\/wp-content\/uploads\/2024\/06\/basen-580-thermo-rzut-1000x800.webp 1000w\" sizes=\"auto, (max-width: 2000px) 100vw, 2000px\" \/><\/p>\n<p><img loading=\"lazy\" decoding=\"async\" class=\"aligncenter size-full wp-image-20955\" src=\"https:\/\/domkysauny.sk\/wp-content\/uploads\/2024\/06\/basen-580-thermo-rzut2.webp\" alt=\"\" width=\"2000\" height=\"1600\" srcset=\"https:\/\/dev.domkisauny.pl\/wp-content\/uploads\/2024\/06\/basen-580-thermo-rzut2.webp 2000w, https:\/\/dev.domkisauny.pl\/wp-content\/uploads\/2024\/06\/basen-580-thermo-rzut2-300x240.webp 300w, https:\/\/dev.domkisauny.pl\/wp-content\/uploads\/2024\/06\/basen-580-thermo-rzut2-1024x819.webp 1024w, https:\/\/dev.domkisauny.pl\/wp-content\/uploads\/2024\/06\/basen-580-thermo-rzut2-768x614.webp 768w, https:\/\/dev.domkisauny.pl\/wp-content\/uploads\/2024\/06\/basen-580-thermo-rzut2-1536x1229.webp 1536w, https:\/\/dev.domkisauny.pl\/wp-content\/uploads\/2024\/06\/basen-580-thermo-rzut2-1000x800.webp 1000w\" sizes=\"auto, (max-width: 2000px) 100vw, 2000px\" \/><\/p>\n<h3><strong>Recept na relax bez starost\u00ed<\/strong><\/h3>\n<p>Pre zaistenie bezpe\u010dn\u00e9ho relaxu je potrebn\u00e9 pred in\u0161tal\u00e1ciou baz\u00e9na riadne pripravi\u0165 podklad. <strong>Mal by by\u0165 stabiln\u00fd a rovnomern\u00fd.<\/strong> Pre zaistenie dokonal\u00e9ho efektu ich m\u00f4\u017eete oblo\u017ei\u0165 kockami, dla\u017edicami alebo zalia\u0165 bet\u00f3nom. Dobr\u00e9 je umiestni\u0165 ho aj na terasu. Mus\u00ed v\u0161ak by\u0165 dostato\u010dne pevn\u00fd.<\/p>\n<p><img loading=\"lazy\" decoding=\"async\" class=\"aligncenter size-full wp-image-20959\" src=\"https:\/\/domkysauny.sk\/wp-content\/uploads\/2024\/06\/basen-580-thermo-rys.webp\" alt=\"\" width=\"2000\" height=\"1600\" srcset=\"https:\/\/dev.domkisauny.pl\/wp-content\/uploads\/2024\/06\/basen-580-thermo-rys.webp 2000w, https:\/\/dev.domkisauny.pl\/wp-content\/uploads\/2024\/06\/basen-580-thermo-rys-300x240.webp 300w, https:\/\/dev.domkisauny.pl\/wp-content\/uploads\/2024\/06\/basen-580-thermo-rys-1024x819.webp 1024w, https:\/\/dev.domkisauny.pl\/wp-content\/uploads\/2024\/06\/basen-580-thermo-rys-768x614.webp 768w, https:\/\/dev.domkisauny.pl\/wp-content\/uploads\/2024\/06\/basen-580-thermo-rys-1536x1229.webp 1536w, https:\/\/dev.domkisauny.pl\/wp-content\/uploads\/2024\/06\/basen-580-thermo-rys-1000x800.webp 1000w\" sizes=\"auto, (max-width: 2000px) 100vw, 2000px\" \/><\/p>\n<h3><strong>Inovat\u00edvna technol\u00f3gia v s\u00falade s pr\u00edrodou \u2013 Thermo Drevo<\/strong><\/h3>\n<p>Technol\u00f3gia Thermo Drevo pou\u017e\u00edvan\u00e1 v na\u0161ich baz\u00e9noch, ako je napr\u00edklad 580 \u00d7 240 cm THERMO, im pom\u00e1ha udr\u017eiava\u0165 perfektn\u00fa kond\u00edciu po cel\u00e9 roky. Plne ich \u00fa\u010dinne chr\u00e1ni pred vlhkos\u0165ou, teplotn\u00fdmi zmenami a deform\u00e1ciami sp\u00f4soben\u00fdmi nepriazniv\u00fdm po\u010das\u00edm. Tento materi\u00e1l sa pripravuje \u0161peci\u00e1lnym procesom tepeln\u00e9ho spracovania. <strong>Drevo potom prakticky v\u00f4bec nenasaje vodu, \u010do zabra\u0148uje vzniku plesn\u00ed a h\u00fab.<\/strong> Navy\u0161e sa st\u00e1va e\u0161te odolnej\u0161\u00edm. Z toho vypl\u00fdva, \u017ee hniloba mu nehroz\u00ed.<\/p>\n<p>Thermo Drevo sa tak perfektne hod\u00ed do baz\u00e9nov a na\u0161e produkty sa vyzna\u010duj\u00fa mimoriadne vysokou \u017eivotnos\u0165ou.<\/p>\n<p>&nbsp;<\/p>\n<p><iframe loading=\"lazy\" title=\"Drewniany basen ogrodowy w Twoim ogrodzie!\" width=\"500\" height=\"281\" src=\"https:\/\/www.youtube.com\/embed\/zlAo1wdXvMM?feature=oembed&#038;enablejsapi=1&#038;origin=https:\/\/dev.domkisauny.pl\" frameborder=\"0\" allow=\"accelerometer; autoplay; clipboard-write; encrypted-media; gyroscope; picture-in-picture; web-share\" referrerpolicy=\"strict-origin-when-cross-origin\" allowfullscreen><\/iframe><\/p>\n<div id=\"gtx-trans\" style=\"position: absolute; left: 619px; top: 1250.2px;\">\n<div class=\"gtx-trans-icon\"><\/div>\n<\/div>\n","protected":false},"excerpt":{"rendered":"<blockquote>\n<p style=\"text-align: center;\">V\u0161etok pr\u00edslu\u0161enstvo sa nach\u00e1dza v skrinke<br \/>\nprisp\u00f4sobenej celej kon\u0161trukcii baz\u00e9na [html_block id=\"10020\"]<\/p>\n<p>Fotografie produktov rob\u00edme v najlep\u0161ej kvalite. Av\u0161ak kv\u00f4li sp\u00f4sobu reprodukcie farieb monitorom po\u010d\u00edta\u010da m\u00f4\u017ee farba produktov vidite\u013en\u00e1 na obrazovke mierne sa l\u00ed\u0161i\u0165 od skuto\u010dnosti.<\/p><\/blockquote>\n","protected":false},"featured_media":20946,"template":"","meta":{"_acf_changed":false},"product_brand":[],"product_cat":[153],"product_tag":[533],"class_list":{"0":"post-12025","1":"product","2":"type-product","3":"status-publish","4":"has-post-thumbnail","6":"product_cat-bazeny","7":"product_tag-termo-bazen-sk","8":"product_shipping_class-wysylka-grupa2-sk","10":"first","11":"instock","12":"shipping-taxable","13":"purchasable","14":"product-type-variable"},"acf":[],"yoast_head":"<!-- This site is optimized with the Yoast SEO plugin v27.4 - https:\/\/yoast.com\/product\/yoast-seo-wordpress\/ -->\n<title>Baz\u00e9n 580 x 240 cm s vlo\u017ekou | A&amp;M Przecisz\u00f3w<\/title>\n<meta name=\"description\" content=\"Baz\u00e9n 580 x 240 cm s vlo\u017ekou od spolo\u010dnosti A&amp;M Przecisz\u00f3w. Baz\u00e9n 10000 l z po\u013esk\u00e9ho, mas\u00edvneho smrekov\u00e9ho dreva. Schod\u00edky, rebr\u00edk, filter, ohrieva\u010d, kryt. Doru\u010denie.\" \/>\n<meta name=\"robots\" content=\"noindex, follow, max-snippet:-1, max-image-preview:large, max-video-preview:-1\" \/>\n<meta property=\"og:locale\" content=\"sk_SK\" \/>\n<meta property=\"og:type\" content=\"article\" \/>\n<meta property=\"og:title\" content=\"Baz\u00e9n 580 x 240 cm s vlo\u017ekou | A&amp;M Przecisz\u00f3w\" \/>\n<meta property=\"og:description\" content=\"Baz\u00e9n 580 x 240 cm s vlo\u017ekou od spolo\u010dnosti A&amp;M Przecisz\u00f3w. Baz\u00e9n 10000 l z po\u013esk\u00e9ho, mas\u00edvneho smrekov\u00e9ho dreva. Schod\u00edky, rebr\u00edk, filter, ohrieva\u010d, kryt. Doru\u010denie.\" \/>\n<meta property=\"og:url\" content=\"https:\/\/dev.domkisauny.pl\/sk\/produkt\/dreveny-bazen-580-x-240-cm-s-polypropylenovym-vlozkom-termo-drevo\/\" \/>\n<meta property=\"og:site_name\" content=\"Dom\u010deky, Sauny\" \/>\n<meta property=\"article:publisher\" content=\"https:\/\/www.facebook.com\/DomkiSauny\" \/>\n<meta property=\"article:modified_time\" content=\"2025-08-12T08:32:56+00:00\" \/>\n<meta property=\"og:image\" content=\"https:\/\/dev.domkisauny.pl\/wp-content\/uploads\/2024\/06\/basen-580-thermo-main.webp\" \/>\n\t<meta property=\"og:image:width\" content=\"2000\" \/>\n\t<meta property=\"og:image:height\" content=\"1600\" \/>\n\t<meta property=\"og:image:type\" content=\"image\/webp\" \/>\n<meta name=\"twitter:card\" content=\"summary_large_image\" \/>\n<meta name=\"twitter:label1\" content=\"Predpokladan\u00fd \u010das \u010d\u00edtania\" \/>\n\t<meta name=\"twitter:data1\" content=\"5 min\u00fat\" \/>\n<script type=\"application\/ld+json\" class=\"yoast-schema-graph\">{\"@context\":\"https:\\\/\\\/schema.org\",\"@graph\":[{\"@type\":\"WebPage\",\"@id\":\"https:\\\/\\\/dev.domkisauny.pl\\\/sk\\\/produkt\\\/dreveny-bazen-580-x-240-cm-s-polypropylenovym-vlozkom-termo-drevo\\\/\",\"url\":\"https:\\\/\\\/dev.domkisauny.pl\\\/sk\\\/produkt\\\/dreveny-bazen-580-x-240-cm-s-polypropylenovym-vlozkom-termo-drevo\\\/\",\"name\":\"Baz\u00e9n 580 x 240 cm s vlo\u017ekou | A&M Przecisz\u00f3w\",\"isPartOf\":{\"@id\":\"https:\\\/\\\/dev.domkisauny.pl\\\/sk\\\/#website\"},\"primaryImageOfPage\":{\"@id\":\"https:\\\/\\\/dev.domkisauny.pl\\\/sk\\\/produkt\\\/dreveny-bazen-580-x-240-cm-s-polypropylenovym-vlozkom-termo-drevo\\\/#primaryimage\"},\"image\":{\"@id\":\"https:\\\/\\\/dev.domkisauny.pl\\\/sk\\\/produkt\\\/dreveny-bazen-580-x-240-cm-s-polypropylenovym-vlozkom-termo-drevo\\\/#primaryimage\"},\"thumbnailUrl\":\"https:\\\/\\\/dev.domkisauny.pl\\\/wp-content\\\/uploads\\\/2024\\\/06\\\/basen-580-thermo-main.webp\",\"datePublished\":\"2024-06-05T10:50:09+00:00\",\"dateModified\":\"2025-08-12T08:32:56+00:00\",\"description\":\"Baz\u00e9n 580 x 240 cm s vlo\u017ekou od spolo\u010dnosti A&M Przecisz\u00f3w. Baz\u00e9n 10000 l z po\u013esk\u00e9ho, mas\u00edvneho smrekov\u00e9ho dreva. Schod\u00edky, rebr\u00edk, filter, ohrieva\u010d, kryt. Doru\u010denie.\",\"breadcrumb\":{\"@id\":\"https:\\\/\\\/dev.domkisauny.pl\\\/sk\\\/produkt\\\/dreveny-bazen-580-x-240-cm-s-polypropylenovym-vlozkom-termo-drevo\\\/#breadcrumb\"},\"inLanguage\":\"sk-SK\",\"potentialAction\":[{\"@type\":\"ReadAction\",\"target\":[\"https:\\\/\\\/dev.domkisauny.pl\\\/sk\\\/produkt\\\/dreveny-bazen-580-x-240-cm-s-polypropylenovym-vlozkom-termo-drevo\\\/\"]}]},{\"@type\":\"ImageObject\",\"inLanguage\":\"sk-SK\",\"@id\":\"https:\\\/\\\/dev.domkisauny.pl\\\/sk\\\/produkt\\\/dreveny-bazen-580-x-240-cm-s-polypropylenovym-vlozkom-termo-drevo\\\/#primaryimage\",\"url\":\"https:\\\/\\\/dev.domkisauny.pl\\\/wp-content\\\/uploads\\\/2024\\\/06\\\/basen-580-thermo-main.webp\",\"contentUrl\":\"https:\\\/\\\/dev.domkisauny.pl\\\/wp-content\\\/uploads\\\/2024\\\/06\\\/basen-580-thermo-main.webp\",\"width\":2000,\"height\":1600},{\"@type\":\"BreadcrumbList\",\"@id\":\"https:\\\/\\\/dev.domkisauny.pl\\\/sk\\\/produkt\\\/dreveny-bazen-580-x-240-cm-s-polypropylenovym-vlozkom-termo-drevo\\\/#breadcrumb\",\"itemListElement\":[{\"@type\":\"ListItem\",\"position\":1,\"name\":\"A&amp;M\",\"item\":\"https:\\\/\\\/dev.domkisauny.pl\\\/sk\\\/\"},{\"@type\":\"ListItem\",\"position\":2,\"name\":\"Produkty\",\"item\":\"https:\\\/\\\/dev.domkisauny.pl\\\/produkty\\\/\"},{\"@type\":\"ListItem\",\"position\":3,\"name\":\"Baz\u00e9ny\",\"item\":\"https:\\\/\\\/dev.domkisauny.pl\\\/sk\\\/kategoria-produktu\\\/bazeny\\\/\"},{\"@type\":\"ListItem\",\"position\":4,\"name\":\"Dreven\u00fd baz\u00e9n 580 x 240 cm s polypropyl\u00e9nov\u00fdm vlo\u017ekom (Termo drevo)\"}]},{\"@type\":\"WebSite\",\"@id\":\"https:\\\/\\\/dev.domkisauny.pl\\\/sk\\\/#website\",\"url\":\"https:\\\/\\\/dev.domkisauny.pl\\\/sk\\\/\",\"name\":\"Dom\u010deky, Sauny\",\"description\":\"\",\"publisher\":{\"@id\":\"https:\\\/\\\/dev.domkisauny.pl\\\/sk\\\/#organization\"},\"potentialAction\":[{\"@type\":\"SearchAction\",\"target\":{\"@type\":\"EntryPoint\",\"urlTemplate\":\"https:\\\/\\\/dev.domkisauny.pl\\\/sk\\\/?s={search_term_string}\"},\"query-input\":{\"@type\":\"PropertyValueSpecification\",\"valueRequired\":true,\"valueName\":\"search_term_string\"}}],\"inLanguage\":\"sk-SK\"},{\"@type\":\"Organization\",\"@id\":\"https:\\\/\\\/dev.domkisauny.pl\\\/sk\\\/#organization\",\"name\":\"Dom\u010deky, Sauny\",\"url\":\"https:\\\/\\\/dev.domkisauny.pl\\\/sk\\\/\",\"logo\":{\"@type\":\"ImageObject\",\"inLanguage\":\"sk-SK\",\"@id\":\"https:\\\/\\\/dev.domkisauny.pl\\\/sk\\\/#\\\/schema\\\/logo\\\/image\\\/\",\"url\":\"https:\\\/\\\/domkisauny.pl\\\/wp-content\\\/uploads\\\/2022\\\/09\\\/logo_03.png\",\"contentUrl\":\"https:\\\/\\\/domkisauny.pl\\\/wp-content\\\/uploads\\\/2022\\\/09\\\/logo_03.png\",\"width\":95,\"height\":81,\"caption\":\"Dom\u010deky, Sauny\"},\"image\":{\"@id\":\"https:\\\/\\\/dev.domkisauny.pl\\\/sk\\\/#\\\/schema\\\/logo\\\/image\\\/\"},\"sameAs\":[\"https:\\\/\\\/www.facebook.com\\\/DomkiSauny\"]}]}<\/script>\n<!-- \/ Yoast SEO plugin. -->","yoast_head_json":{"title":"Baz\u00e9n 580 x 240 cm s vlo\u017ekou | A&M Przecisz\u00f3w","description":"Baz\u00e9n 580 x 240 cm s vlo\u017ekou od spolo\u010dnosti A&M Przecisz\u00f3w. Baz\u00e9n 10000 l z po\u013esk\u00e9ho, mas\u00edvneho smrekov\u00e9ho dreva. Schod\u00edky, rebr\u00edk, filter, ohrieva\u010d, kryt. Doru\u010denie.","robots":{"index":"noindex","follow":"follow","max-snippet":"max-snippet:-1","max-image-preview":"max-image-preview:large","max-video-preview":"max-video-preview:-1"},"og_locale":"sk_SK","og_type":"article","og_title":"Baz\u00e9n 580 x 240 cm s vlo\u017ekou | A&M Przecisz\u00f3w","og_description":"Baz\u00e9n 580 x 240 cm s vlo\u017ekou od spolo\u010dnosti A&M Przecisz\u00f3w. Baz\u00e9n 10000 l z po\u013esk\u00e9ho, mas\u00edvneho smrekov\u00e9ho dreva. Schod\u00edky, rebr\u00edk, filter, ohrieva\u010d, kryt. Doru\u010denie.","og_url":"https:\/\/dev.domkisauny.pl\/sk\/produkt\/dreveny-bazen-580-x-240-cm-s-polypropylenovym-vlozkom-termo-drevo\/","og_site_name":"Dom\u010deky, Sauny","article_publisher":"https:\/\/www.facebook.com\/DomkiSauny","article_modified_time":"2025-08-12T08:32:56+00:00","og_image":[{"width":2000,"height":1600,"url":"https:\/\/dev.domkisauny.pl\/wp-content\/uploads\/2024\/06\/basen-580-thermo-main.webp","type":"image\/webp"}],"twitter_card":"summary_large_image","twitter_misc":{"Predpokladan\u00fd \u010das \u010d\u00edtania":"5 min\u00fat"},"schema":{"@context":"https:\/\/schema.org","@graph":[{"@type":"WebPage","@id":"https:\/\/dev.domkisauny.pl\/sk\/produkt\/dreveny-bazen-580-x-240-cm-s-polypropylenovym-vlozkom-termo-drevo\/","url":"https:\/\/dev.domkisauny.pl\/sk\/produkt\/dreveny-bazen-580-x-240-cm-s-polypropylenovym-vlozkom-termo-drevo\/","name":"Baz\u00e9n 580 x 240 cm s vlo\u017ekou | A&M Przecisz\u00f3w","isPartOf":{"@id":"https:\/\/dev.domkisauny.pl\/sk\/#website"},"primaryImageOfPage":{"@id":"https:\/\/dev.domkisauny.pl\/sk\/produkt\/dreveny-bazen-580-x-240-cm-s-polypropylenovym-vlozkom-termo-drevo\/#primaryimage"},"image":{"@id":"https:\/\/dev.domkisauny.pl\/sk\/produkt\/dreveny-bazen-580-x-240-cm-s-polypropylenovym-vlozkom-termo-drevo\/#primaryimage"},"thumbnailUrl":"https:\/\/dev.domkisauny.pl\/wp-content\/uploads\/2024\/06\/basen-580-thermo-main.webp","datePublished":"2024-06-05T10:50:09+00:00","dateModified":"2025-08-12T08:32:56+00:00","description":"Baz\u00e9n 580 x 240 cm s vlo\u017ekou od spolo\u010dnosti A&M Przecisz\u00f3w. Baz\u00e9n 10000 l z po\u013esk\u00e9ho, mas\u00edvneho smrekov\u00e9ho dreva. Schod\u00edky, rebr\u00edk, filter, ohrieva\u010d, kryt. Doru\u010denie.","breadcrumb":{"@id":"https:\/\/dev.domkisauny.pl\/sk\/produkt\/dreveny-bazen-580-x-240-cm-s-polypropylenovym-vlozkom-termo-drevo\/#breadcrumb"},"inLanguage":"sk-SK","potentialAction":[{"@type":"ReadAction","target":["https:\/\/dev.domkisauny.pl\/sk\/produkt\/dreveny-bazen-580-x-240-cm-s-polypropylenovym-vlozkom-termo-drevo\/"]}]},{"@type":"ImageObject","inLanguage":"sk-SK","@id":"https:\/\/dev.domkisauny.pl\/sk\/produkt\/dreveny-bazen-580-x-240-cm-s-polypropylenovym-vlozkom-termo-drevo\/#primaryimage","url":"https:\/\/dev.domkisauny.pl\/wp-content\/uploads\/2024\/06\/basen-580-thermo-main.webp","contentUrl":"https:\/\/dev.domkisauny.pl\/wp-content\/uploads\/2024\/06\/basen-580-thermo-main.webp","width":2000,"height":1600},{"@type":"BreadcrumbList","@id":"https:\/\/dev.domkisauny.pl\/sk\/produkt\/dreveny-bazen-580-x-240-cm-s-polypropylenovym-vlozkom-termo-drevo\/#breadcrumb","itemListElement":[{"@type":"ListItem","position":1,"name":"A&amp;M","item":"https:\/\/dev.domkisauny.pl\/sk\/"},{"@type":"ListItem","position":2,"name":"Produkty","item":"https:\/\/dev.domkisauny.pl\/produkty\/"},{"@type":"ListItem","position":3,"name":"Baz\u00e9ny","item":"https:\/\/dev.domkisauny.pl\/sk\/kategoria-produktu\/bazeny\/"},{"@type":"ListItem","position":4,"name":"Dreven\u00fd baz\u00e9n 580 x 240 cm s polypropyl\u00e9nov\u00fdm vlo\u017ekom (Termo drevo)"}]},{"@type":"WebSite","@id":"https:\/\/dev.domkisauny.pl\/sk\/#website","url":"https:\/\/dev.domkisauny.pl\/sk\/","name":"Dom\u010deky, Sauny","description":"","publisher":{"@id":"https:\/\/dev.domkisauny.pl\/sk\/#organization"},"potentialAction":[{"@type":"SearchAction","target":{"@type":"EntryPoint","urlTemplate":"https:\/\/dev.domkisauny.pl\/sk\/?s={search_term_string}"},"query-input":{"@type":"PropertyValueSpecification","valueRequired":true,"valueName":"search_term_string"}}],"inLanguage":"sk-SK"},{"@type":"Organization","@id":"https:\/\/dev.domkisauny.pl\/sk\/#organization","name":"Dom\u010deky, Sauny","url":"https:\/\/dev.domkisauny.pl\/sk\/","logo":{"@type":"ImageObject","inLanguage":"sk-SK","@id":"https:\/\/dev.domkisauny.pl\/sk\/#\/schema\/logo\/image\/","url":"https:\/\/domkisauny.pl\/wp-content\/uploads\/2022\/09\/logo_03.png","contentUrl":"https:\/\/domkisauny.pl\/wp-content\/uploads\/2022\/09\/logo_03.png","width":95,"height":81,"caption":"Dom\u010deky, Sauny"},"image":{"@id":"https:\/\/dev.domkisauny.pl\/sk\/#\/schema\/logo\/image\/"},"sameAs":["https:\/\/www.facebook.com\/DomkiSauny"]}]}},"_links":{"self":[{"href":"https:\/\/dev.domkisauny.pl\/sk\/wp-json\/wp\/v2\/product\/12025","targetHints":{"allow":["GET"]}}],"collection":[{"href":"https:\/\/dev.domkisauny.pl\/sk\/wp-json\/wp\/v2\/product"}],"about":[{"href":"https:\/\/dev.domkisauny.pl\/sk\/wp-json\/wp\/v2\/types\/product"}],"wp:featuredmedia":[{"embeddable":true,"href":"https:\/\/dev.domkisauny.pl\/sk\/wp-json\/wp\/v2\/media\/20946"}],"wp:attachment":[{"href":"https:\/\/dev.domkisauny.pl\/sk\/wp-json\/wp\/v2\/media?parent=12025"}],"wp:term":[{"taxonomy":"product_brand","embeddable":true,"href":"https:\/\/dev.domkisauny.pl\/sk\/wp-json\/wp\/v2\/product_brand?post=12025"},{"taxonomy":"product_cat","embeddable":true,"href":"https:\/\/dev.domkisauny.pl\/sk\/wp-json\/wp\/v2\/product_cat?post=12025"},{"taxonomy":"product_tag","embeddable":true,"href":"https:\/\/dev.domkisauny.pl\/sk\/wp-json\/wp\/v2\/product_tag?post=12025"}],"curies":[{"name":"wp","href":"https:\/\/api.w.org\/{rel}","templated":true}]}}