{"id":21273,"date":"2025-02-14T14:19:40","date_gmt":"2025-02-14T13:19:40","guid":{"rendered":"https:\/\/domkisauny.pl\/produkt\/domek-drewniany-ada-400-x-400-cm\/"},"modified":"2025-06-13T15:08:39","modified_gmt":"2025-06-13T13:08:39","slug":"wooden-summer-house-ada-400-cm-x-400-cm","status":"publish","type":"product","link":"https:\/\/dev.domkisauny.pl\/en\/product\/wooden-summer-house-ada-400-cm-x-400-cm\/","title":{"rendered":"Wooden Summer House ADA 400cm \u00d7 400cm"},"content":{"rendered":"<h3>PREMIUM HOUSE 4&#215;4<\/h3>\n<h5>SPECIFICATION<\/h5>\n<ul>\n<li><strong>External dimensions:<\/strong> 400 cm x 400 cm<\/li>\n<li><strong>Internal dimensions:<\/strong> 370 cm x 370 cm<\/li>\n<li><strong>Internal area:<\/strong> 13.7 m\u00b2<\/li>\n<li><strong>Roof:<\/strong> Boarded gable roof<\/li>\n<li><strong>Wood:<\/strong> Natural spruce, planed on four sides<\/li>\n<li><strong>Wood moisture content:<\/strong> 18%<\/li>\n<li><strong>Wall height:<\/strong> 224 cm<\/li>\n<li><strong>Ridge height:<\/strong> 305 cm<\/li>\n<li><strong>Wall thickness:<\/strong> 44 mm<\/li>\n<li><strong>Roof board thickness:<\/strong> 18 mm<\/li>\n<li><strong>Floorboard thickness:<\/strong> 20 mm<\/li>\n<li><strong>Double-leaf door<\/strong> with glass, lock, handle<\/li>\n<li><strong>Door dimensions:<\/strong> 1500 mm x 1900 mm<\/li>\n<li><strong>Window dimensions:<\/strong> 850 mm x 1400 mm<\/li>\n<li><strong>Window glass:<\/strong> Insulated glazing<\/li>\n<li><strong>Roof area:<\/strong> 18 m\u00b2<\/li>\n<li><strong>House weight:<\/strong> 1100 kg<\/li>\n<\/ul>\n<p><em>The price does not include shingles<\/em><br \/>\n<em>The price does not include assembly<\/em><br \/>\n<em>The price does not include impregnation<\/em><br \/>\n<em>Impregnation is required immediately after assembly<\/em><\/p>\n<h6><strong data-start=\"1035\" data-end=\"1047\">Assembly<\/strong>:<\/h6>\n<p>Assembling the garden house is a relatively easy task. You will need a set of simple tools (hammer, screwdriver, hand saw, ladder) and the assistance of another person. All necessary components and instructions are included in the package. The entire set is securely packed on a transport pallet.<\/p>\n<h3>Wooden Summer House 4&#215;4 m \u2013 Comfort, Nature, Functionality!<\/h3>\n<p>Dreaming of <strong>your own cozy<\/strong> retreat <strong>surrounded by nature?<\/strong> <strong>Our 4&#215;4 m wooden summer house<\/strong> is the perfect solution for those who value<strong> functionality, aesthetics, and durability.<\/strong> Ideal as a <strong>recreational house<\/strong> on a plot, <strong>workspace, guest house<\/strong>, or even a <strong>summer office!<\/strong><\/p>\n<p data-wp-editing=\"1\"><img loading=\"lazy\" decoding=\"async\" class=\"aligncenter wp-image-21001 size-full\" src=\"https:\/\/en.domkisauny.pl\/wp-content\/uploads\/2025\/02\/Ada-main-vis.webp\" alt=\"\" width=\"2000\" height=\"1600\" srcset=\"https:\/\/dev.domkisauny.pl\/wp-content\/uploads\/2025\/02\/Ada-main-vis.webp 2000w, https:\/\/dev.domkisauny.pl\/wp-content\/uploads\/2025\/02\/Ada-main-vis-300x240.webp 300w, https:\/\/dev.domkisauny.pl\/wp-content\/uploads\/2025\/02\/Ada-main-vis-1024x819.webp 1024w, https:\/\/dev.domkisauny.pl\/wp-content\/uploads\/2025\/02\/Ada-main-vis-768x614.webp 768w, https:\/\/dev.domkisauny.pl\/wp-content\/uploads\/2025\/02\/Ada-main-vis-1536x1229.webp 1536w, https:\/\/dev.domkisauny.pl\/wp-content\/uploads\/2025\/02\/Ada-main-vis-1000x800.webp 1000w\" sizes=\"auto, (max-width: 2000px) 100vw, 2000px\" \/><\/p>\n<h3>Solid and Durable Construction<\/h3>\n<p><strong>Grubo\u015b\u0107 bala: 44 mm<\/strong> \u2013 zapewnia trwa\u0142o\u015b\u0107, doskona\u0142\u0105 izolacj\u0119 termiczn\u0105 i ochron\u0119 przed warunkami atmosferycznymi.<br \/>\n<strong>Wymiary wewn\u0119trzne: 370 cm x 370 cm<\/strong> \u2013 przestronne wn\u0119trze umo\u017cliwia wygodne zagospodarowanie.<br \/>\n<strong>\u015aciany o wysoko\u015bci 224 cm <\/strong>z litego drewna \u015bwierkowego<strong> grubo\u015bci 44mm<\/strong> \u2013 daj\u0105 uczucie przestronno\u015bci i pozwalaj\u0105 na wygodn\u0105 aran\u017cacj\u0119 nie trac\u0105c na stabilno\u015bci i trwa\u0142o\u015bci konstrukcji<\/p>\n<p><strong>Wall thickness: 44 mm \u2013<\/strong> ensures durability, excellent thermal insulation, and protection against weather conditions.<br \/>\n<strong>Internal dimensions: 370 cm x 370 cm \u2013<\/strong> spacious interior allows for comfortable arrangement.<br \/>\n<strong>The 224-cm-high walls<\/strong> are made of solid spruce wood with a <strong>thickness of 44 mm<\/strong> \u2013 provides a sense of spaciousness and allows for convenient arrangement without compromising stability and durability.<\/p>\n<h3>Thoughtful Functionality \u2013 Customize the House to Your Needs<\/h3>\n<p>The <strong>13.7 m\u00b2 house<\/strong> can be adapted for various uses:<br \/>\n<strong>Summer living room \u2013<\/strong> set up a comfortable sofa, coffee table, and shelves to create an ideal relaxation space.<br \/>\n<strong>Holiday bedroom \u2013<\/strong> accommodates a bed, wardrobe, and dresser, providing comfortable sleeping conditions.<br \/>\n<strong>Summer office or studio \u2013<\/strong> arrange the space as a workspace with a desk, chair, and shelves.<br \/>\n<strong>Hobby workshop \u2013<\/strong> perfect place for pursuing passions such as painting, crafts, woodworking, or yoga.<br \/>\n<strong>House with a kitchenette \u2013<\/strong> space for a small kitchen with a dining area, ensuring comfortable conditions for meal preparation.<br \/>\n<strong>Storage for sports, recreational, and garden equipment \u2013<\/strong> ideal for bicycles, water gear, lawnmowers, or other gardening tools.<\/p>\n<p><img loading=\"lazy\" decoding=\"async\" class=\"aligncenter wp-image-18758 size-full\" src=\"https:\/\/en.domkisauny.pl\/wp-content\/uploads\/2025\/02\/domek-4x4-wymiary.jpg\" alt=\"\" width=\"2000\" height=\"1600\" srcset=\"https:\/\/dev.domkisauny.pl\/wp-content\/uploads\/2025\/02\/domek-4x4-wymiary.jpg 2000w, https:\/\/dev.domkisauny.pl\/wp-content\/uploads\/2025\/02\/domek-4x4-wymiary-300x240.jpg 300w, https:\/\/dev.domkisauny.pl\/wp-content\/uploads\/2025\/02\/domek-4x4-wymiary-1024x819.jpg 1024w, https:\/\/dev.domkisauny.pl\/wp-content\/uploads\/2025\/02\/domek-4x4-wymiary-768x614.jpg 768w, https:\/\/dev.domkisauny.pl\/wp-content\/uploads\/2025\/02\/domek-4x4-wymiary-1536x1229.jpg 1536w, https:\/\/dev.domkisauny.pl\/wp-content\/uploads\/2025\/02\/domek-4x4-wymiary-1000x800.jpg 1000w\" sizes=\"auto, (max-width: 2000px) 100vw, 2000px\" \/><\/p>\n<h4>Cozy Interior and Plenty of Light<\/h4>\n<p><strong>Two large windows (850 mm x 1400 mm)<\/strong> let in plenty of natural light, creating a bright and warm interior.<br data-start=\"188\" data-end=\"191\" \/>Wide, double-leaf <strong>doors (1500 mm x 1900 mm)<\/strong> make it easy to enter and exit freely.<\/p>\n<p><strong>Natural wood<\/strong> creates a healthy microclimate, and its scent provides a unique sense of relaxation.<\/p>\n<p class=\"\" data-start=\"374\" data-end=\"546\">The summer house blends perfectly into any landscape \u2013 it will be a beautiful addition to your plot, garden, or yard. <strong>It combines excellent comfort with multifunctionality!<\/strong><\/p>\n<p class=\"\" data-start=\"548\" data-end=\"625\">Don\u2019t wait \u2013 order today and create your dream space for relaxation and work!<\/p>\n","protected":false},"excerpt":{"rendered":"<p>PREMIUM HOUSE 4&#215;4 SPECIFICATION External dimensions: 400 cm x 400 cm Internal dimensions: 370 cm x 370 cm Internal area:<\/p>\n","protected":false},"featured_media":21003,"template":"","meta":{"_acf_changed":false},"product_brand":[],"product_cat":[185],"product_tag":[],"class_list":{"0":"post-21273","1":"product","2":"type-product","3":"status-publish","4":"has-post-thumbnail","6":"product_cat-garden-houses","7":"product_shipping_class-wysylka-grupa1","9":"first","10":"instock","11":"shipping-taxable","12":"purchasable","13":"product-type-simple"},"acf":[],"yoast_head":"<!-- This site is optimized with the Yoast SEO plugin v27.4 - https:\/\/yoast.com\/product\/yoast-seo-wordpress\/ -->\n<title>Wooden Summer House ADA 400cm \u00d7 400cm | Domki Sauny<\/title>\n<meta name=\"robots\" content=\"noindex, follow, max-snippet:-1, max-image-preview:large, max-video-preview:-1\" \/>\n<meta property=\"og:locale\" content=\"en_US\" \/>\n<meta property=\"og:type\" content=\"article\" \/>\n<meta property=\"og:title\" content=\"Wooden Summer House ADA 400cm \u00d7 400cm | Domki Sauny\" \/>\n<meta property=\"og:description\" content=\"PREMIUM HOUSE 4&#215;4 SPECIFICATION External dimensions: 400 cm x 400 cm Internal dimensions: 370 cm x 370 cm Internal area:\" \/>\n<meta property=\"og:url\" content=\"https:\/\/dev.domkisauny.pl\/en\/product\/wooden-summer-house-ada-400-cm-x-400-cm\/\" \/>\n<meta property=\"og:site_name\" content=\"Domki Sauny\" \/>\n<meta property=\"article:publisher\" content=\"https:\/\/www.facebook.com\/DomkiSauny\" \/>\n<meta property=\"article:modified_time\" content=\"2025-06-13T13:08:39+00:00\" \/>\n<meta property=\"og:image\" content=\"https:\/\/dev.domkisauny.pl\/wp-content\/uploads\/2025\/02\/Ada-main-vis.webp\" \/>\n\t<meta property=\"og:image:width\" content=\"2000\" \/>\n\t<meta property=\"og:image:height\" content=\"1600\" \/>\n\t<meta property=\"og:image:type\" content=\"image\/webp\" \/>\n<meta name=\"twitter:card\" content=\"summary_large_image\" \/>\n<meta name=\"twitter:label1\" content=\"Est. reading time\" \/>\n\t<meta name=\"twitter:data1\" content=\"4 minutes\" \/>\n<script type=\"application\/ld+json\" class=\"yoast-schema-graph\">{\"@context\":\"https:\\\/\\\/schema.org\",\"@graph\":[{\"@type\":\"WebPage\",\"@id\":\"https:\\\/\\\/dev.domkisauny.pl\\\/en\\\/product\\\/wooden-summer-house-ada-400-cm-x-400-cm\\\/\",\"url\":\"https:\\\/\\\/dev.domkisauny.pl\\\/en\\\/product\\\/wooden-summer-house-ada-400-cm-x-400-cm\\\/\",\"name\":\"Wooden Summer House ADA 400cm \u00d7 400cm | Domki Sauny\",\"isPartOf\":{\"@id\":\"https:\\\/\\\/dev.domkisauny.pl\\\/en\\\/#website\"},\"primaryImageOfPage\":{\"@id\":\"https:\\\/\\\/dev.domkisauny.pl\\\/en\\\/product\\\/wooden-summer-house-ada-400-cm-x-400-cm\\\/#primaryimage\"},\"image\":{\"@id\":\"https:\\\/\\\/dev.domkisauny.pl\\\/en\\\/product\\\/wooden-summer-house-ada-400-cm-x-400-cm\\\/#primaryimage\"},\"thumbnailUrl\":\"https:\\\/\\\/dev.domkisauny.pl\\\/wp-content\\\/uploads\\\/2025\\\/02\\\/Ada-main-vis.webp\",\"datePublished\":\"2025-02-14T13:19:40+00:00\",\"dateModified\":\"2025-06-13T13:08:39+00:00\",\"breadcrumb\":{\"@id\":\"https:\\\/\\\/dev.domkisauny.pl\\\/en\\\/product\\\/wooden-summer-house-ada-400-cm-x-400-cm\\\/#breadcrumb\"},\"inLanguage\":\"en-US\",\"potentialAction\":[{\"@type\":\"ReadAction\",\"target\":[\"https:\\\/\\\/dev.domkisauny.pl\\\/en\\\/product\\\/wooden-summer-house-ada-400-cm-x-400-cm\\\/\"]}]},{\"@type\":\"ImageObject\",\"inLanguage\":\"en-US\",\"@id\":\"https:\\\/\\\/dev.domkisauny.pl\\\/en\\\/product\\\/wooden-summer-house-ada-400-cm-x-400-cm\\\/#primaryimage\",\"url\":\"https:\\\/\\\/dev.domkisauny.pl\\\/wp-content\\\/uploads\\\/2025\\\/02\\\/Ada-main-vis.webp\",\"contentUrl\":\"https:\\\/\\\/dev.domkisauny.pl\\\/wp-content\\\/uploads\\\/2025\\\/02\\\/Ada-main-vis.webp\",\"width\":2000,\"height\":1600},{\"@type\":\"BreadcrumbList\",\"@id\":\"https:\\\/\\\/dev.domkisauny.pl\\\/en\\\/product\\\/wooden-summer-house-ada-400-cm-x-400-cm\\\/#breadcrumb\",\"itemListElement\":[{\"@type\":\"ListItem\",\"position\":1,\"name\":\"A&amp;M\",\"item\":\"https:\\\/\\\/dev.domkisauny.pl\\\/en\\\/\"},{\"@type\":\"ListItem\",\"position\":2,\"name\":\"Produkty\",\"item\":\"https:\\\/\\\/dev.domkisauny.pl\\\/produkty\\\/\"},{\"@type\":\"ListItem\",\"position\":3,\"name\":\"Houses\",\"item\":\"https:\\\/\\\/dev.domkisauny.pl\\\/en\\\/product-category\\\/houses\\\/\"},{\"@type\":\"ListItem\",\"position\":4,\"name\":\"Garden houses\",\"item\":\"https:\\\/\\\/dev.domkisauny.pl\\\/en\\\/product-category\\\/houses\\\/garden-houses\\\/\"},{\"@type\":\"ListItem\",\"position\":5,\"name\":\"Wooden Summer House ADA 400cm \u00d7 400cm\"}]},{\"@type\":\"WebSite\",\"@id\":\"https:\\\/\\\/dev.domkisauny.pl\\\/en\\\/#website\",\"url\":\"https:\\\/\\\/dev.domkisauny.pl\\\/en\\\/\",\"name\":\"Domki Sauny\",\"description\":\"\",\"publisher\":{\"@id\":\"https:\\\/\\\/dev.domkisauny.pl\\\/en\\\/#organization\"},\"potentialAction\":[{\"@type\":\"SearchAction\",\"target\":{\"@type\":\"EntryPoint\",\"urlTemplate\":\"https:\\\/\\\/dev.domkisauny.pl\\\/en\\\/?s={search_term_string}\"},\"query-input\":{\"@type\":\"PropertyValueSpecification\",\"valueRequired\":true,\"valueName\":\"search_term_string\"}}],\"inLanguage\":\"en-US\"},{\"@type\":\"Organization\",\"@id\":\"https:\\\/\\\/dev.domkisauny.pl\\\/en\\\/#organization\",\"name\":\"Domki Sauny\",\"url\":\"https:\\\/\\\/dev.domkisauny.pl\\\/en\\\/\",\"logo\":{\"@type\":\"ImageObject\",\"inLanguage\":\"en-US\",\"@id\":\"https:\\\/\\\/dev.domkisauny.pl\\\/en\\\/#\\\/schema\\\/logo\\\/image\\\/\",\"url\":\"https:\\\/\\\/domkisauny.pl\\\/wp-content\\\/uploads\\\/2022\\\/09\\\/logo_03.png\",\"contentUrl\":\"https:\\\/\\\/domkisauny.pl\\\/wp-content\\\/uploads\\\/2022\\\/09\\\/logo_03.png\",\"width\":95,\"height\":81,\"caption\":\"Domki Sauny\"},\"image\":{\"@id\":\"https:\\\/\\\/dev.domkisauny.pl\\\/en\\\/#\\\/schema\\\/logo\\\/image\\\/\"},\"sameAs\":[\"https:\\\/\\\/www.facebook.com\\\/DomkiSauny\"]}]}<\/script>\n<!-- \/ Yoast SEO plugin. -->","yoast_head_json":{"title":"Wooden Summer House ADA 400cm \u00d7 400cm | Domki Sauny","robots":{"index":"noindex","follow":"follow","max-snippet":"max-snippet:-1","max-image-preview":"max-image-preview:large","max-video-preview":"max-video-preview:-1"},"og_locale":"en_US","og_type":"article","og_title":"Wooden Summer House ADA 400cm \u00d7 400cm | Domki Sauny","og_description":"PREMIUM HOUSE 4&#215;4 SPECIFICATION External dimensions: 400 cm x 400 cm Internal dimensions: 370 cm x 370 cm Internal area:","og_url":"https:\/\/dev.domkisauny.pl\/en\/product\/wooden-summer-house-ada-400-cm-x-400-cm\/","og_site_name":"Domki Sauny","article_publisher":"https:\/\/www.facebook.com\/DomkiSauny","article_modified_time":"2025-06-13T13:08:39+00:00","og_image":[{"width":2000,"height":1600,"url":"https:\/\/dev.domkisauny.pl\/wp-content\/uploads\/2025\/02\/Ada-main-vis.webp","type":"image\/webp"}],"twitter_card":"summary_large_image","twitter_misc":{"Est. reading time":"4 minutes"},"schema":{"@context":"https:\/\/schema.org","@graph":[{"@type":"WebPage","@id":"https:\/\/dev.domkisauny.pl\/en\/product\/wooden-summer-house-ada-400-cm-x-400-cm\/","url":"https:\/\/dev.domkisauny.pl\/en\/product\/wooden-summer-house-ada-400-cm-x-400-cm\/","name":"Wooden Summer House ADA 400cm \u00d7 400cm | Domki Sauny","isPartOf":{"@id":"https:\/\/dev.domkisauny.pl\/en\/#website"},"primaryImageOfPage":{"@id":"https:\/\/dev.domkisauny.pl\/en\/product\/wooden-summer-house-ada-400-cm-x-400-cm\/#primaryimage"},"image":{"@id":"https:\/\/dev.domkisauny.pl\/en\/product\/wooden-summer-house-ada-400-cm-x-400-cm\/#primaryimage"},"thumbnailUrl":"https:\/\/dev.domkisauny.pl\/wp-content\/uploads\/2025\/02\/Ada-main-vis.webp","datePublished":"2025-02-14T13:19:40+00:00","dateModified":"2025-06-13T13:08:39+00:00","breadcrumb":{"@id":"https:\/\/dev.domkisauny.pl\/en\/product\/wooden-summer-house-ada-400-cm-x-400-cm\/#breadcrumb"},"inLanguage":"en-US","potentialAction":[{"@type":"ReadAction","target":["https:\/\/dev.domkisauny.pl\/en\/product\/wooden-summer-house-ada-400-cm-x-400-cm\/"]}]},{"@type":"ImageObject","inLanguage":"en-US","@id":"https:\/\/dev.domkisauny.pl\/en\/product\/wooden-summer-house-ada-400-cm-x-400-cm\/#primaryimage","url":"https:\/\/dev.domkisauny.pl\/wp-content\/uploads\/2025\/02\/Ada-main-vis.webp","contentUrl":"https:\/\/dev.domkisauny.pl\/wp-content\/uploads\/2025\/02\/Ada-main-vis.webp","width":2000,"height":1600},{"@type":"BreadcrumbList","@id":"https:\/\/dev.domkisauny.pl\/en\/product\/wooden-summer-house-ada-400-cm-x-400-cm\/#breadcrumb","itemListElement":[{"@type":"ListItem","position":1,"name":"A&amp;M","item":"https:\/\/dev.domkisauny.pl\/en\/"},{"@type":"ListItem","position":2,"name":"Produkty","item":"https:\/\/dev.domkisauny.pl\/produkty\/"},{"@type":"ListItem","position":3,"name":"Houses","item":"https:\/\/dev.domkisauny.pl\/en\/product-category\/houses\/"},{"@type":"ListItem","position":4,"name":"Garden houses","item":"https:\/\/dev.domkisauny.pl\/en\/product-category\/houses\/garden-houses\/"},{"@type":"ListItem","position":5,"name":"Wooden Summer House ADA 400cm \u00d7 400cm"}]},{"@type":"WebSite","@id":"https:\/\/dev.domkisauny.pl\/en\/#website","url":"https:\/\/dev.domkisauny.pl\/en\/","name":"Domki Sauny","description":"","publisher":{"@id":"https:\/\/dev.domkisauny.pl\/en\/#organization"},"potentialAction":[{"@type":"SearchAction","target":{"@type":"EntryPoint","urlTemplate":"https:\/\/dev.domkisauny.pl\/en\/?s={search_term_string}"},"query-input":{"@type":"PropertyValueSpecification","valueRequired":true,"valueName":"search_term_string"}}],"inLanguage":"en-US"},{"@type":"Organization","@id":"https:\/\/dev.domkisauny.pl\/en\/#organization","name":"Domki Sauny","url":"https:\/\/dev.domkisauny.pl\/en\/","logo":{"@type":"ImageObject","inLanguage":"en-US","@id":"https:\/\/dev.domkisauny.pl\/en\/#\/schema\/logo\/image\/","url":"https:\/\/domkisauny.pl\/wp-content\/uploads\/2022\/09\/logo_03.png","contentUrl":"https:\/\/domkisauny.pl\/wp-content\/uploads\/2022\/09\/logo_03.png","width":95,"height":81,"caption":"Domki Sauny"},"image":{"@id":"https:\/\/dev.domkisauny.pl\/en\/#\/schema\/logo\/image\/"},"sameAs":["https:\/\/www.facebook.com\/DomkiSauny"]}]}},"_links":{"self":[{"href":"https:\/\/dev.domkisauny.pl\/en\/wp-json\/wp\/v2\/product\/21273","targetHints":{"allow":["GET"]}}],"collection":[{"href":"https:\/\/dev.domkisauny.pl\/en\/wp-json\/wp\/v2\/product"}],"about":[{"href":"https:\/\/dev.domkisauny.pl\/en\/wp-json\/wp\/v2\/types\/product"}],"wp:featuredmedia":[{"embeddable":true,"href":"https:\/\/dev.domkisauny.pl\/en\/wp-json\/wp\/v2\/media\/21003"}],"wp:attachment":[{"href":"https:\/\/dev.domkisauny.pl\/en\/wp-json\/wp\/v2\/media?parent=21273"}],"wp:term":[{"taxonomy":"product_brand","embeddable":true,"href":"https:\/\/dev.domkisauny.pl\/en\/wp-json\/wp\/v2\/product_brand?post=21273"},{"taxonomy":"product_cat","embeddable":true,"href":"https:\/\/dev.domkisauny.pl\/en\/wp-json\/wp\/v2\/product_cat?post=21273"},{"taxonomy":"product_tag","embeddable":true,"href":"https:\/\/dev.domkisauny.pl\/en\/wp-json\/wp\/v2\/product_tag?post=21273"}],"curies":[{"name":"wp","href":"https:\/\/api.w.org\/{rel}","templated":true}]}}