{"id":9704,"date":"2024-03-28T05:26:33","date_gmt":"2024-03-28T04:26:33","guid":{"rendered":"https:\/\/domkisauny.pl\/?post_type=product&#038;p=9704"},"modified":"2025-06-03T12:20:11","modified_gmt":"2025-06-03T10:20:11","slug":"bazen-premium-spa-s-protiproudem-485-x-235-cm","status":"publish","type":"product","link":"https:\/\/dev.domkisauny.pl\/cs\/produkt\/bazen-premium-spa-s-protiproudem-485-x-235-cm\/","title":{"rendered":"Baz\u00e9n Premium SPA s protiproudem 485 x 235 cm"},"content":{"rendered":"<p>Co by to byl za letn\u00ed relax bez tr\u00e1ven\u00ed \u010dasu u vody?<strong> V tomto ro\u010dn\u00edm obdob\u00ed n\u00e1s po\u010das\u00ed samo vyb\u00edz\u00ed k relaxaci venku a s d\u0159ev\u011bn\u00fdm baz\u00e9nem si jej m\u016f\u017eete u\u017e\u00edt i ve vlastn\u00ed zahrad\u011b. <\/strong>Takov\u00e1 p\u0159est\u00e1vka v pr\u00e1ci je skv\u011bl\u00fd zp\u016fsob, jak si skute\u010dn\u011b odpo\u010dinout.<\/p>\n<h3><strong>Vybaven\u00ed Baz\u00e9nu Premium<\/strong><\/h3>\n<h3>Specifikace baz\u00e9nu<\/h3>\n<h4>Z\u00e1kladn\u00ed vybaven\u00ed:<\/h4>\n<ul>\n<li><strong>Vlo\u017eka<\/strong> z polypropylenov\u00e9 desky <strong>6 mm<\/strong><\/li>\n<li>D\u0159ev\u011bn\u00e9 <strong>schody<\/strong><\/li>\n<li>Nerezov\u00fd <strong>\u017eeb\u0159\u00edk<\/strong><\/li>\n<li><strong>Protiproudov\u00fd syst\u00e9m<\/strong><\/li>\n<li><strong>Filtr skimmer<\/strong><\/li>\n<li><strong>St\u011bna s p\u0159epadovou tryskou<\/strong><\/li>\n<li><strong>LED osv\u011btlen\u00ed<\/strong><\/li>\n<li><strong>Invertorov\u00e9 tepeln\u00e9 \u010derpadlo 9 kW<\/strong><\/li>\n<li><strong>P\u00edskov\u00fd filtr<\/strong> (sou\u010d\u00e1st\u00ed s vlo\u017ekou)<\/li>\n<li><strong>Gener\u00e1tor chloru<\/strong><\/li>\n<\/ul>\n<h4>Technick\u00e9 \u00fadaje:<\/h4>\n<ul>\n<li>Vn\u011bj\u0161\u00ed \u0161\u00ed\u0159ka:<strong> 235 cm<\/strong><\/li>\n<li>Vnit\u0159n\u00ed \u0161\u00ed\u0159ka: <strong>191 cm<\/strong><\/li>\n<li>Vn\u011bj\u0161\u00ed d\u00e9lka: <strong>485 cm<\/strong><\/li>\n<li>Vnit\u0159n\u00ed d\u00e9lka: <strong>360 cm<\/strong><\/li>\n<li>Vn\u011bj\u0161\u00ed v\u00fd\u0161ka: <strong>110 cm<\/strong> (st\u011bna +73 cm)<\/li>\n<li>Hloubka baz\u00e9nu: <strong>100 cm<\/strong><\/li>\n<li>Kapacita: cca <strong>6840 L<\/strong><\/li>\n<li>D\u0159ev\u011bn\u00e1 r\u00e1mov\u00e1 konstrukce, smrk<\/li>\n<li>Lamelov\u00e1 fas\u00e1da z thermo d\u0159eva &#8211; <strong>19 mm<\/strong><\/li>\n<li>Hmotnost: cca <strong>1100 kg<\/strong><\/li>\n<\/ul>\n<p>Pou\u017eit\u00edm ov\u011b\u0159en\u00fdch \u0159e\u0161en\u00ed garantujeme, \u017ee model spln\u00ed v\u0161echna o\u010dek\u00e1v\u00e1n\u00ed. Nav\u00edc se m\u016f\u017ee pochlubit pom\u011brn\u011b velk\u00fdmi rozm\u011bry. Jeho vn\u011bj\u0161\u00ed rozm\u011bry jsou: 485 \u00d7 235 cm a vnit\u0159n\u00ed 360 \u00d7 190 cm. V\u00fd\u0161ka k\u00e1d\u011b je 100 cm.<\/p>\n<h3><strong>Vysok\u00fd standard konstrukce zahradn\u00edho baz\u00e9nu s protiproudem<\/strong><\/h3>\n<p>Baz\u00e9n Premium SPA s protiproudem 4,85\u00d72,35 m je spojen\u00edm modern\u00ed estetiky s nepochybn\u011b odolnou konstrukc\u00ed. <strong>Za jeho vn\u011bj\u0161\u00ed vzhled vd\u011b\u010d\u00ed elegantn\u00edmu \u010daloun\u011bn\u00ed Thermo d\u0159evem, kter\u00e9 dokonale dopl\u0148uje typick\u00fd skandin\u00e1vsk\u00fd design.<\/strong> Pou\u017eit\u00edm minimalistick\u00e9ho stylu dokonale zapad\u00e1 do aktu\u00e1ln\u00edch trend\u016f. Dopln\u011bn\u00edm baz\u00e9nu Premium je jeho interi\u00e9r, kter\u00fd tvo\u0159\u00ed modr\u00e1 polypropylenov\u00e1 vlo\u017eka. P\u0159esto\u017ee v\u00fdrazn\u011b ovliv\u0148uje estetiku modelu, jeho nejv\u011bt\u0161\u00ed a nejd\u016fle\u017eit\u011bj\u0161\u00ed v\u00fdhodou je jeho praktick\u00e1 str\u00e1nka. <strong>Tato n\u00e1pl\u0148 \u010din\u00ed proti proudov\u00fd baz\u00e9n zcela t\u011bsn\u00fdm. <\/strong>Nav\u00edc je pevn\u00fd i proto, \u017ee cel\u00e1 konstrukce je vyztu\u017eena. D\u00edky tomu si m\u016f\u017eeme b\u00fdt jisti, \u017ee se nedeformuje vlivem v\u00e1hy vody nebo nep\u0159\u00edzniv\u00fdch pov\u011btrnostn\u00edch podm\u00ednek. Pro pohodln\u00e9 pou\u017e\u00edv\u00e1n\u00ed je nav\u00edc baz\u00e9n vybaven d\u0159ev\u011bn\u00fdmi sch\u016fdky a kovov\u00fdm \u017eeb\u0159\u00edkem.<\/p>\n<p>Nov\u00fd model baz\u00e9nu SPA Premium zaru\u010duje uvoln\u011bn\u00fd odpo\u010dinek. Pomoc\u00ed p\u00edskov\u00e9ho filtru v kombinaci s p\u0159epadovou tryskou bude voda dokonale \u010dist\u00e1 po celou sez\u00f3nu. Pro bla\u017een\u00fd relax pot\u0159ebujete tak\u00e9 spr\u00e1vnou teplotu. K tomu n\u00e1m pom\u016f\u017ee \u00fa\u010dinn\u00e9 tepeln\u00e9 \u010derpadlo o v\u00fdkonu 7,6 kW.<\/p>\n<p><img loading=\"lazy\" decoding=\"async\" class=\"aligncenter size-full wp-image-9600\" src=\"https:\/\/domkysauny.cz\/wp-content\/uploads\/2024\/03\/Basen-Premium-485x235-ze-scianka-wizualizacja.jpg\" alt=\"\" width=\"1500\" height=\"844\" srcset=\"https:\/\/dev.domkisauny.pl\/wp-content\/uploads\/2024\/03\/Basen-Premium-485x235-ze-scianka-wizualizacja.jpg 1500w, https:\/\/dev.domkisauny.pl\/wp-content\/uploads\/2024\/03\/Basen-Premium-485x235-ze-scianka-wizualizacja-300x169.jpg 300w, https:\/\/dev.domkisauny.pl\/wp-content\/uploads\/2024\/03\/Basen-Premium-485x235-ze-scianka-wizualizacja-768x432.jpg 768w, https:\/\/dev.domkisauny.pl\/wp-content\/uploads\/2024\/03\/Basen-Premium-485x235-ze-scianka-wizualizacja-1024x576.jpg 1024w, https:\/\/dev.domkisauny.pl\/wp-content\/uploads\/2024\/03\/Basen-Premium-485x235-ze-scianka-wizualizacja-1000x563.jpg 1000w\" sizes=\"auto, (max-width: 1500px) 100vw, 1500px\" \/><\/p>\n<h3><strong>Baz\u00e9n premium na dlouh\u00e9 roky<\/strong><\/h3>\n<p>D\u00edky pou\u017eit\u00ed ur\u010dit\u00fdch \u0159e\u0161en\u00ed bude baz\u00e9n bez probl\u00e9m\u016f slou\u017eit sv\u00e9mu \u00fa\u010delu dlouh\u00e1 l\u00e9ta. Vd\u011b\u010d\u00edme za to jak odoln\u00e9 konstrukci, tak materi\u00e1l\u016fm, kter\u00e9 jsou odoln\u00e9 v\u016f\u010di v\u0161em podm\u00ednk\u00e1m.<\/p>\n<p><img loading=\"lazy\" decoding=\"async\" class=\"aligncenter wp-image-20610 size-full\" src=\"https:\/\/domkysauny.cz\/wp-content\/uploads\/2024\/03\/basen-premium-przeciwprad.jpg\" alt=\"\" width=\"2000\" height=\"1600\" srcset=\"https:\/\/dev.domkisauny.pl\/wp-content\/uploads\/2024\/03\/basen-premium-przeciwprad.jpg 2000w, https:\/\/dev.domkisauny.pl\/wp-content\/uploads\/2024\/03\/basen-premium-przeciwprad-300x240.jpg 300w, https:\/\/dev.domkisauny.pl\/wp-content\/uploads\/2024\/03\/basen-premium-przeciwprad-1024x819.jpg 1024w, https:\/\/dev.domkisauny.pl\/wp-content\/uploads\/2024\/03\/basen-premium-przeciwprad-768x614.jpg 768w, https:\/\/dev.domkisauny.pl\/wp-content\/uploads\/2024\/03\/basen-premium-przeciwprad-1536x1229.jpg 1536w, https:\/\/dev.domkisauny.pl\/wp-content\/uploads\/2024\/03\/basen-premium-przeciwprad-1000x800.jpg 1000w\" sizes=\"auto, (max-width: 2000px) 100vw, 2000px\" \/><\/p>\n<h3><strong>Odpo\u010dinek a mo\u017enost fyzick\u00e9 aktivity v jednom<\/strong><\/h3>\n<p>P\u0159esto\u017ee l\u00e9to vyb\u00edz\u00ed k tomu, abychom si dop\u0159\u00e1li v\u00edce odpo\u010dinku, dobr\u00e9 po\u010das\u00ed otev\u00edr\u00e1 mo\u017enosti na tr\u00e9ninky venku. Ale d\u00edky <strong>Baz\u00e9nu Premium SPA s protiproudem si m\u016f\u017eeme zajistit aktivitu i odpo\u010dinek.<\/strong> Tento model je ide\u00e1ln\u00ed pro tr\u00e9nink plav\u00e1n\u00ed ve vlastn\u00ed zahrad\u011b. Instalovan\u00fd protiproud\u00fd syst\u00e9m vytv\u00e1\u0159\u00ed odpor podobn\u00fd vodn\u00edm proud\u016fm. <strong>D\u00edky takov\u00e9 v\u00fdzv\u011b m\u00e1me skv\u011blou p\u0159\u00edle\u017eitost postarat se o svoji kondici.<\/strong><\/p>\n<p>Instalovan\u00e9 LED osv\u011btlen\u00ed 260 n\u00e1m poskytne jedine\u010dn\u00fd z\u00e1\u017eitek p\u0159i n\u00e1sledn\u00e9m odpo\u010dinku.<\/p>\n<h3><strong>SPA baz\u00e9n s protiproudem a ubytovac\u00ed objekty<\/strong><\/h3>\n<p>Instalac\u00ed baz\u00e9nu ve vlastn\u00ed zahrad\u011b si d\u00e1v\u00e1te skv\u011blou p\u0159\u00edle\u017eitost k odpo\u010dinku venku. Tuto p\u0159\u00edle\u017eitost ocen\u00edte zejm\u00e9na b\u011bhem pobytu na dovolen\u00e9. Proto pokud provozujete ubytovac\u00ed objekt, obohat\u00edte svoji nab\u00eddku o baz\u00e9n a va\u0161i host\u00e9 v\u00e1m za to budou jist\u011b vd\u011b\u010dn\u00ed.<\/p>\n","protected":false},"excerpt":{"rendered":"<blockquote><p><strong><b>D\u016eLE\u017dIT\u00c9!<\/b><\/strong><\/p>\n<p>Fotografie produkt\u016f po\u0159izujeme ve \u0161pi\u010dkov\u00e9 kvalit\u011b. Av\u0161ak vzhledem k zp\u016fsobu reprodukce barev monitor\u016f po\u010d\u00edta\u010de se m\u016f\u017ee barva produkt\u016f na obrazovce m\u00edrn\u011b li\u0161it od skute\u010dnosti.<\/p><\/blockquote>\n","protected":false},"featured_media":9601,"template":"","meta":{"_acf_changed":false},"product_brand":[],"product_cat":[118],"product_tag":[535],"class_list":{"0":"post-9704","1":"product","2":"type-product","3":"status-publish","4":"has-post-thumbnail","6":"product_cat-bazen","7":"product_tag-premiove-bazeny","8":"product_shipping_class-wysylka-grupa2","10":"first","11":"instock","12":"shipping-taxable","13":"purchasable","14":"product-type-variable"},"acf":[],"yoast_head":"<!-- This site is optimized with the Yoast SEO plugin v27.4 - https:\/\/yoast.com\/product\/yoast-seo-wordpress\/ -->\n<title>Baz\u00e9n Premium SPA s protiproudem 485 x 235 cm | Chaty, sauny<\/title>\n<meta name=\"robots\" content=\"noindex, follow, max-snippet:-1, max-image-preview:large, max-video-preview:-1\" \/>\n<meta property=\"og:locale\" content=\"cs_CZ\" \/>\n<meta property=\"og:type\" content=\"article\" \/>\n<meta property=\"og:title\" content=\"Baz\u00e9n Premium SPA s protiproudem 485 x 235 cm | Chaty, sauny\" \/>\n<meta property=\"og:description\" content=\"D\u016eLE\u017dIT\u00c9!  Fotografie produkt\u016f po\u0159izujeme ve \u0161pi\u010dkov\u00e9 kvalit\u011b. Av\u0161ak vzhledem k zp\u016fsobu reprodukce barev monitor\u016f po\u010d\u00edta\u010de se m\u016f\u017ee barva produkt\u016f na obrazovce m\u00edrn\u011b li\u0161it od skute\u010dnosti.\" \/>\n<meta property=\"og:url\" content=\"https:\/\/dev.domkisauny.pl\/cs\/produkt\/bazen-premium-spa-s-protiproudem-485-x-235-cm\/\" \/>\n<meta property=\"og:site_name\" content=\"Chaty, sauny\" \/>\n<meta property=\"article:publisher\" content=\"https:\/\/www.facebook.com\/DomkiSauny\" \/>\n<meta property=\"article:modified_time\" content=\"2025-06-03T10:20:11+00:00\" \/>\n<meta property=\"og:image\" content=\"https:\/\/dev.domkisauny.pl\/wp-content\/uploads\/2024\/03\/Basen-Premium-485x235-ze-scianka-wizualizacja.jpg\" \/>\n\t<meta property=\"og:image:width\" content=\"1500\" \/>\n\t<meta property=\"og:image:height\" content=\"844\" \/>\n\t<meta property=\"og:image:type\" content=\"image\/jpeg\" \/>\n<meta name=\"twitter:card\" content=\"summary_large_image\" \/>\n<meta name=\"twitter:label1\" content=\"Odhadovan\u00e1 doba \u010dten\u00ed\" \/>\n\t<meta name=\"twitter:data1\" content=\"4 minuty\" \/>\n<script type=\"application\/ld+json\" class=\"yoast-schema-graph\">{\"@context\":\"https:\\\/\\\/schema.org\",\"@graph\":[{\"@type\":\"WebPage\",\"@id\":\"https:\\\/\\\/dev.domkisauny.pl\\\/cs\\\/produkt\\\/bazen-premium-spa-s-protiproudem-485-x-235-cm\\\/\",\"url\":\"https:\\\/\\\/dev.domkisauny.pl\\\/cs\\\/produkt\\\/bazen-premium-spa-s-protiproudem-485-x-235-cm\\\/\",\"name\":\"Baz\u00e9n Premium SPA s protiproudem 485 x 235 cm | Chaty, sauny\",\"isPartOf\":{\"@id\":\"https:\\\/\\\/dev.domkisauny.pl\\\/cs\\\/#website\"},\"primaryImageOfPage\":{\"@id\":\"https:\\\/\\\/dev.domkisauny.pl\\\/cs\\\/produkt\\\/bazen-premium-spa-s-protiproudem-485-x-235-cm\\\/#primaryimage\"},\"image\":{\"@id\":\"https:\\\/\\\/dev.domkisauny.pl\\\/cs\\\/produkt\\\/bazen-premium-spa-s-protiproudem-485-x-235-cm\\\/#primaryimage\"},\"thumbnailUrl\":\"https:\\\/\\\/dev.domkisauny.pl\\\/wp-content\\\/uploads\\\/2024\\\/03\\\/Basen-Premium-485x235-ze-scianka-wizualizacja.jpg\",\"datePublished\":\"2024-03-28T04:26:33+00:00\",\"dateModified\":\"2025-06-03T10:20:11+00:00\",\"breadcrumb\":{\"@id\":\"https:\\\/\\\/dev.domkisauny.pl\\\/cs\\\/produkt\\\/bazen-premium-spa-s-protiproudem-485-x-235-cm\\\/#breadcrumb\"},\"inLanguage\":\"cs\",\"potentialAction\":[{\"@type\":\"ReadAction\",\"target\":[\"https:\\\/\\\/dev.domkisauny.pl\\\/cs\\\/produkt\\\/bazen-premium-spa-s-protiproudem-485-x-235-cm\\\/\"]}]},{\"@type\":\"ImageObject\",\"inLanguage\":\"cs\",\"@id\":\"https:\\\/\\\/dev.domkisauny.pl\\\/cs\\\/produkt\\\/bazen-premium-spa-s-protiproudem-485-x-235-cm\\\/#primaryimage\",\"url\":\"https:\\\/\\\/dev.domkisauny.pl\\\/wp-content\\\/uploads\\\/2024\\\/03\\\/Basen-Premium-485x235-ze-scianka-wizualizacja.jpg\",\"contentUrl\":\"https:\\\/\\\/dev.domkisauny.pl\\\/wp-content\\\/uploads\\\/2024\\\/03\\\/Basen-Premium-485x235-ze-scianka-wizualizacja.jpg\",\"width\":1500,\"height\":844},{\"@type\":\"BreadcrumbList\",\"@id\":\"https:\\\/\\\/dev.domkisauny.pl\\\/cs\\\/produkt\\\/bazen-premium-spa-s-protiproudem-485-x-235-cm\\\/#breadcrumb\",\"itemListElement\":[{\"@type\":\"ListItem\",\"position\":1,\"name\":\"A&amp;M\",\"item\":\"https:\\\/\\\/dev.domkisauny.pl\\\/cs\\\/\"},{\"@type\":\"ListItem\",\"position\":2,\"name\":\"Produkty\",\"item\":\"https:\\\/\\\/dev.domkisauny.pl\\\/produkty\\\/\"},{\"@type\":\"ListItem\",\"position\":3,\"name\":\"Baz\u00e9ny\",\"item\":\"https:\\\/\\\/dev.domkisauny.pl\\\/cs\\\/kategorie-produktu\\\/bazen\\\/\"},{\"@type\":\"ListItem\",\"position\":4,\"name\":\"Baz\u00e9n Premium SPA s protiproudem 485 x 235 cm\"}]},{\"@type\":\"WebSite\",\"@id\":\"https:\\\/\\\/dev.domkisauny.pl\\\/cs\\\/#website\",\"url\":\"https:\\\/\\\/dev.domkisauny.pl\\\/cs\\\/\",\"name\":\"Chaty, sauny\",\"description\":\"\",\"publisher\":{\"@id\":\"https:\\\/\\\/dev.domkisauny.pl\\\/cs\\\/#organization\"},\"potentialAction\":[{\"@type\":\"SearchAction\",\"target\":{\"@type\":\"EntryPoint\",\"urlTemplate\":\"https:\\\/\\\/dev.domkisauny.pl\\\/cs\\\/?s={search_term_string}\"},\"query-input\":{\"@type\":\"PropertyValueSpecification\",\"valueRequired\":true,\"valueName\":\"search_term_string\"}}],\"inLanguage\":\"cs\"},{\"@type\":\"Organization\",\"@id\":\"https:\\\/\\\/dev.domkisauny.pl\\\/cs\\\/#organization\",\"name\":\"Chaty, sauny\",\"url\":\"https:\\\/\\\/dev.domkisauny.pl\\\/cs\\\/\",\"logo\":{\"@type\":\"ImageObject\",\"inLanguage\":\"cs\",\"@id\":\"https:\\\/\\\/dev.domkisauny.pl\\\/cs\\\/#\\\/schema\\\/logo\\\/image\\\/\",\"url\":\"https:\\\/\\\/domkisauny.pl\\\/wp-content\\\/uploads\\\/2022\\\/09\\\/logo_03.png\",\"contentUrl\":\"https:\\\/\\\/domkisauny.pl\\\/wp-content\\\/uploads\\\/2022\\\/09\\\/logo_03.png\",\"width\":95,\"height\":81,\"caption\":\"Chaty, sauny\"},\"image\":{\"@id\":\"https:\\\/\\\/dev.domkisauny.pl\\\/cs\\\/#\\\/schema\\\/logo\\\/image\\\/\"},\"sameAs\":[\"https:\\\/\\\/www.facebook.com\\\/DomkiSauny\"]}]}<\/script>\n<!-- \/ Yoast SEO plugin. -->","yoast_head_json":{"title":"Baz\u00e9n Premium SPA s protiproudem 485 x 235 cm | Chaty, sauny","robots":{"index":"noindex","follow":"follow","max-snippet":"max-snippet:-1","max-image-preview":"max-image-preview:large","max-video-preview":"max-video-preview:-1"},"og_locale":"cs_CZ","og_type":"article","og_title":"Baz\u00e9n Premium SPA s protiproudem 485 x 235 cm | Chaty, sauny","og_description":"D\u016eLE\u017dIT\u00c9!  Fotografie produkt\u016f po\u0159izujeme ve \u0161pi\u010dkov\u00e9 kvalit\u011b. Av\u0161ak vzhledem k zp\u016fsobu reprodukce barev monitor\u016f po\u010d\u00edta\u010de se m\u016f\u017ee barva produkt\u016f na obrazovce m\u00edrn\u011b li\u0161it od skute\u010dnosti.","og_url":"https:\/\/dev.domkisauny.pl\/cs\/produkt\/bazen-premium-spa-s-protiproudem-485-x-235-cm\/","og_site_name":"Chaty, sauny","article_publisher":"https:\/\/www.facebook.com\/DomkiSauny","article_modified_time":"2025-06-03T10:20:11+00:00","og_image":[{"width":1500,"height":844,"url":"https:\/\/dev.domkisauny.pl\/wp-content\/uploads\/2024\/03\/Basen-Premium-485x235-ze-scianka-wizualizacja.jpg","type":"image\/jpeg"}],"twitter_card":"summary_large_image","twitter_misc":{"Odhadovan\u00e1 doba \u010dten\u00ed":"4 minuty"},"schema":{"@context":"https:\/\/schema.org","@graph":[{"@type":"WebPage","@id":"https:\/\/dev.domkisauny.pl\/cs\/produkt\/bazen-premium-spa-s-protiproudem-485-x-235-cm\/","url":"https:\/\/dev.domkisauny.pl\/cs\/produkt\/bazen-premium-spa-s-protiproudem-485-x-235-cm\/","name":"Baz\u00e9n Premium SPA s protiproudem 485 x 235 cm | Chaty, sauny","isPartOf":{"@id":"https:\/\/dev.domkisauny.pl\/cs\/#website"},"primaryImageOfPage":{"@id":"https:\/\/dev.domkisauny.pl\/cs\/produkt\/bazen-premium-spa-s-protiproudem-485-x-235-cm\/#primaryimage"},"image":{"@id":"https:\/\/dev.domkisauny.pl\/cs\/produkt\/bazen-premium-spa-s-protiproudem-485-x-235-cm\/#primaryimage"},"thumbnailUrl":"https:\/\/dev.domkisauny.pl\/wp-content\/uploads\/2024\/03\/Basen-Premium-485x235-ze-scianka-wizualizacja.jpg","datePublished":"2024-03-28T04:26:33+00:00","dateModified":"2025-06-03T10:20:11+00:00","breadcrumb":{"@id":"https:\/\/dev.domkisauny.pl\/cs\/produkt\/bazen-premium-spa-s-protiproudem-485-x-235-cm\/#breadcrumb"},"inLanguage":"cs","potentialAction":[{"@type":"ReadAction","target":["https:\/\/dev.domkisauny.pl\/cs\/produkt\/bazen-premium-spa-s-protiproudem-485-x-235-cm\/"]}]},{"@type":"ImageObject","inLanguage":"cs","@id":"https:\/\/dev.domkisauny.pl\/cs\/produkt\/bazen-premium-spa-s-protiproudem-485-x-235-cm\/#primaryimage","url":"https:\/\/dev.domkisauny.pl\/wp-content\/uploads\/2024\/03\/Basen-Premium-485x235-ze-scianka-wizualizacja.jpg","contentUrl":"https:\/\/dev.domkisauny.pl\/wp-content\/uploads\/2024\/03\/Basen-Premium-485x235-ze-scianka-wizualizacja.jpg","width":1500,"height":844},{"@type":"BreadcrumbList","@id":"https:\/\/dev.domkisauny.pl\/cs\/produkt\/bazen-premium-spa-s-protiproudem-485-x-235-cm\/#breadcrumb","itemListElement":[{"@type":"ListItem","position":1,"name":"A&amp;M","item":"https:\/\/dev.domkisauny.pl\/cs\/"},{"@type":"ListItem","position":2,"name":"Produkty","item":"https:\/\/dev.domkisauny.pl\/produkty\/"},{"@type":"ListItem","position":3,"name":"Baz\u00e9ny","item":"https:\/\/dev.domkisauny.pl\/cs\/kategorie-produktu\/bazen\/"},{"@type":"ListItem","position":4,"name":"Baz\u00e9n Premium SPA s protiproudem 485 x 235 cm"}]},{"@type":"WebSite","@id":"https:\/\/dev.domkisauny.pl\/cs\/#website","url":"https:\/\/dev.domkisauny.pl\/cs\/","name":"Chaty, sauny","description":"","publisher":{"@id":"https:\/\/dev.domkisauny.pl\/cs\/#organization"},"potentialAction":[{"@type":"SearchAction","target":{"@type":"EntryPoint","urlTemplate":"https:\/\/dev.domkisauny.pl\/cs\/?s={search_term_string}"},"query-input":{"@type":"PropertyValueSpecification","valueRequired":true,"valueName":"search_term_string"}}],"inLanguage":"cs"},{"@type":"Organization","@id":"https:\/\/dev.domkisauny.pl\/cs\/#organization","name":"Chaty, sauny","url":"https:\/\/dev.domkisauny.pl\/cs\/","logo":{"@type":"ImageObject","inLanguage":"cs","@id":"https:\/\/dev.domkisauny.pl\/cs\/#\/schema\/logo\/image\/","url":"https:\/\/domkisauny.pl\/wp-content\/uploads\/2022\/09\/logo_03.png","contentUrl":"https:\/\/domkisauny.pl\/wp-content\/uploads\/2022\/09\/logo_03.png","width":95,"height":81,"caption":"Chaty, sauny"},"image":{"@id":"https:\/\/dev.domkisauny.pl\/cs\/#\/schema\/logo\/image\/"},"sameAs":["https:\/\/www.facebook.com\/DomkiSauny"]}]}},"_links":{"self":[{"href":"https:\/\/dev.domkisauny.pl\/cs\/wp-json\/wp\/v2\/product\/9704","targetHints":{"allow":["GET"]}}],"collection":[{"href":"https:\/\/dev.domkisauny.pl\/cs\/wp-json\/wp\/v2\/product"}],"about":[{"href":"https:\/\/dev.domkisauny.pl\/cs\/wp-json\/wp\/v2\/types\/product"}],"wp:featuredmedia":[{"embeddable":true,"href":"https:\/\/dev.domkisauny.pl\/cs\/wp-json\/wp\/v2\/media\/9601"}],"wp:attachment":[{"href":"https:\/\/dev.domkisauny.pl\/cs\/wp-json\/wp\/v2\/media?parent=9704"}],"wp:term":[{"taxonomy":"product_brand","embeddable":true,"href":"https:\/\/dev.domkisauny.pl\/cs\/wp-json\/wp\/v2\/product_brand?post=9704"},{"taxonomy":"product_cat","embeddable":true,"href":"https:\/\/dev.domkisauny.pl\/cs\/wp-json\/wp\/v2\/product_cat?post=9704"},{"taxonomy":"product_tag","embeddable":true,"href":"https:\/\/dev.domkisauny.pl\/cs\/wp-json\/wp\/v2\/product_tag?post=9704"}],"curies":[{"name":"wp","href":"https:\/\/api.w.org\/{rel}","templated":true}]}}