{"id":9484,"date":"2024-01-14T15:15:33","date_gmt":"2024-01-14T14:15:33","guid":{"rendered":"https:\/\/domkisauny.pl\/?post_type=product&#038;p=9484"},"modified":"2025-05-29T16:04:33","modified_gmt":"2025-05-29T14:04:33","slug":"premiova-sauna-220-x-500-cm-s-terasou","status":"publish","type":"product","link":"https:\/\/dev.domkisauny.pl\/cs\/produkt\/premiova-sauna-220-x-500-cm-s-terasou\/","title":{"rendered":"Pr\u00e9miov\u00e1 sauna 220 x 500 cm s terasou"},"content":{"rendered":"<h3>Specifikace:<\/h3>\n<p>&nbsp;<\/p>\n<h4>Cena sauny zahrnuje:<\/h4>\n<ul>\n<li>Vnit\u0159n\u00ed ambientn\u00ed osv\u011btlen\u00ed <strong>LED<\/strong><\/li>\n<li><strong>Venkovn\u00ed<\/strong> osv\u011btlen\u00ed<\/li>\n<li><strong>Dvoupatrov\u00e1<\/strong> lavi\u010dka<\/li>\n<li>Kompletn\u011b <strong>sestaven\u00e1 a chr\u00e1n\u011bn\u00e1<\/strong> kamna podle objedn\u00e1vky.<\/li>\n<li><strong>Sada kamen\u016f<\/strong> do kamen<\/li>\n<\/ul>\n<h4>Technick\u00e9 \u00fadaje:<\/h4>\n<ul>\n<li><strong>Rozm\u011bry:<\/strong> 224 cm x 504 cm.<\/li>\n<li><strong>Hmotnost:<\/strong> cca 2000 kg.<\/li>\n<li><strong>Izolace<\/strong> 50 mm tvrd\u00e1 miner\u00e1ln\u00ed vata (st\u0159echa &#8211; 100 mm m\u011bkk\u00e1)<\/li>\n<li><strong>St\u0159e\u0161n\u00ed a zadn\u00ed st\u011bnov\u00e9 opl\u00e1\u0161t\u011bn\u00ed<\/strong> plechem se stojatou dr\u00e1\u017ekou, antracitov\u00e1 barva<\/li>\n<li><strong>Fas\u00e1da<\/strong> z thermo d\u0159eva, lamely 26 mm<\/li>\n<li><strong>Interi\u00e9r<\/strong> je oblo\u017een thermo d\u0159evem o tlou\u0161\u0165ce 19 mm<\/li>\n<li>Sklen\u011bn\u00e9 <strong>dve\u0159e<\/strong>, tvrzen\u00e9 t\u00f3novan\u00e9 sklo 8 mm<\/li>\n<li>Panoramatick\u00e9 <strong>prosklen\u00ed<\/strong>, tvrzen\u00e9 t\u00f3novan\u00e9 sklo 8 mm<\/li>\n<li><strong>Podlaha<\/strong> \u2013 podkladov\u00e9 hranoly 70&#215;30 polo\u017een\u00e9 do k\u0159\u00ed\u017ee, OSB desky, izolace, zateplen\u00ed a 32mm podlahov\u00e9 desky.<\/li>\n<\/ul>\n<p>&nbsp;<\/p>\n<h4>V\u00edce o saun\u00e1ch Premium:<\/h4>\n<p>Rychl\u00e9 \u017eivotn\u00ed tempo a neust\u00e1l\u00fd nadbytek povinnost\u00ed zp\u016fsobuje, \u017ee p\u0159\u00edle\u017eitost\u00ed ke skute\u010dn\u00e9mu odpo\u010dinku je m\u00e1lo, a\u010dkoli pr\u00e1v\u011b ten pot\u0159ebujeme st\u00e1le \u010dast\u011bji. Jak to zm\u011bnit? <strong>Perfektn\u00edm zp\u016fsobem, jak si zajistit odpo\u010dinek b\u011bhem cel\u00e9ho roku, je saunov\u00fd domek do zahrady.<\/strong> Pro\u010d se v\u0161ak vyplat\u00ed vybrat si jej?<\/p>\n<p><b><img loading=\"lazy\" decoding=\"async\" class=\"aligncenter size-large wp-image-9468\" src=\"https:\/\/domkisauny.pl\/wp-content\/uploads\/2024\/02\/Domek-Saunowy-5-x-22m-sauna-wizualizacja-1024x640.jpg\" alt=\"\" width=\"1024\" height=\"640\" srcset=\"https:\/\/dev.domkisauny.pl\/wp-content\/uploads\/2024\/02\/Domek-Saunowy-5-x-22m-sauna-wizualizacja-1024x640.jpg 1024w, https:\/\/dev.domkisauny.pl\/wp-content\/uploads\/2024\/02\/Domek-Saunowy-5-x-22m-sauna-wizualizacja-300x188.jpg 300w, https:\/\/dev.domkisauny.pl\/wp-content\/uploads\/2024\/02\/Domek-Saunowy-5-x-22m-sauna-wizualizacja-768x480.jpg 768w, https:\/\/dev.domkisauny.pl\/wp-content\/uploads\/2024\/02\/Domek-Saunowy-5-x-22m-sauna-wizualizacja-1000x625.jpg 1000w, https:\/\/dev.domkisauny.pl\/wp-content\/uploads\/2024\/02\/Domek-Saunowy-5-x-22m-sauna-wizualizacja.jpg 1500w\" sizes=\"auto, (max-width: 1024px) 100vw, 1024px\" \/><\/b><\/p>\n<h3><strong>Investice do zdrav\u00ed a pohodl\u00ed<\/strong><\/h3>\n<p>Jedine\u010dn\u00e9 z\u00e1\u017eitky maj\u00ed v dne\u0161n\u00ed dob\u011b cenu zlata. Proto je dobr\u00e9 zvolit ur\u010dit\u00e1 \u0159e\u0161en\u00ed, jako nap\u0159\u00edklad saunov\u00fd domek. <strong>Vstupem do sauny m\u016f\u017eeme zapomenout na to, co n\u00e1s ka\u017ed\u00fd den tr\u00e1p\u00ed a p\u0159edat se okam\u017eiku.<\/strong> \u010cas str\u00e1ven\u00fd v saun\u011b je chv\u00edl\u00ed, kdy m\u016f\u017eeme zcela osvobodit svou mysl od povinnost\u00ed, kter\u00e9 dominuj\u00ed na\u0161emu dni a dop\u0159\u00e1t si chvilku pro sebe.<\/p>\n<p>Krom\u011b toho, \u017ee pobyt saun\u011b m\u00e1 skv\u011bl\u00fd vliv na va\u0161i pohodu, je tak\u00e9 v\u00fdborn\u00fdm zp\u016fsobem p\u00e9\u010de o va\u0161e zdrav\u00ed. <strong>\u010cas str\u00e1ven\u00fd v saun\u011b p\u0159in\u00e1\u0161\u00ed organismu obrovsk\u00e9 v\u00fdhody. <\/strong>M\u016f\u017eeme se tak postarat o svoji imunitu, ob\u011bhov\u00fd syst\u00e9m a dokonce i o klouby.<\/p>\n<p><strong data-wp-editing=\"1\"><img loading=\"lazy\" decoding=\"async\" class=\"aligncenter wp-image-18589 size-full\" src=\"https:\/\/domkysauny.sk\/wp-content\/uploads\/2024\/01\/sauna-premium-500-x-220-wymiary.jpg\" alt=\"\" width=\"2000\" height=\"1600\" srcset=\"https:\/\/dev.domkisauny.pl\/wp-content\/uploads\/2024\/01\/sauna-premium-500-x-220-wymiary.jpg 2000w, https:\/\/dev.domkisauny.pl\/wp-content\/uploads\/2024\/01\/sauna-premium-500-x-220-wymiary-300x240.jpg 300w, https:\/\/dev.domkisauny.pl\/wp-content\/uploads\/2024\/01\/sauna-premium-500-x-220-wymiary-1024x819.jpg 1024w, https:\/\/dev.domkisauny.pl\/wp-content\/uploads\/2024\/01\/sauna-premium-500-x-220-wymiary-768x614.jpg 768w, https:\/\/dev.domkisauny.pl\/wp-content\/uploads\/2024\/01\/sauna-premium-500-x-220-wymiary-1536x1229.jpg 1536w, https:\/\/dev.domkisauny.pl\/wp-content\/uploads\/2024\/01\/sauna-premium-500-x-220-wymiary-1000x800.jpg 1000w\" sizes=\"auto, (max-width: 2000px) 100vw, 2000px\" \/><\/strong><\/p>\n<h3><strong>Saunov\u00e1 sada v ubytovac\u00edch za\u0159\u00edzen\u00edch<\/strong><\/h3>\n<p>Na\u0161e zahradn\u00ed saunov\u00e9 sady nejsou jen praktickou dekorac\u00ed terasy. Dokonale zapadaj\u00ed i do n\u00e1vrh\u016f dom\u016f k pron\u00e1jmu.<strong> Jsou navr\u017eeny s ohledem na nezpochybnitelnou dlouhou \u017eivotnost, d\u00edky \u010demu\u017e mohou roky slou\u017eit jako atrakce v ubytovac\u00edch objektech. <\/strong>Krom\u011b toho se kolem nich st\u00e1le \u010dast\u011bji vytv\u00e1\u0159ej\u00ed cel\u00e9 SPA z\u00f3ny. Krom\u011b toho zde dob\u0159e funguje tak\u00e9 p\u0159id\u00e1n\u00ed sauny do ka\u017ed\u00e9ho ubytovac\u00edho objektu. Ka\u017ed\u00fd host tak m\u00e1 neomezen\u00e9 mo\u017enosti odpo\u010dinku, co\u017e v\u00fdrazn\u011b zv\u00fd\u0161\u00ed atraktivitu ubytovac\u00edho objektu.<\/p>\n<p><img loading=\"lazy\" decoding=\"async\" class=\"aligncenter wp-image-17093 size-full\" src=\"https:\/\/domkysauny.cz\/wp-content\/uploads\/2024\/01\/sauna-premium-5-x-22-2.png\" alt=\"\" width=\"2000\" height=\"1600\" srcset=\"https:\/\/dev.domkisauny.pl\/wp-content\/uploads\/2024\/01\/sauna-premium-5-x-22-2.png 2000w, https:\/\/dev.domkisauny.pl\/wp-content\/uploads\/2024\/01\/sauna-premium-5-x-22-2-300x240.png 300w, https:\/\/dev.domkisauny.pl\/wp-content\/uploads\/2024\/01\/sauna-premium-5-x-22-2-1000x800.png 1000w, https:\/\/dev.domkisauny.pl\/wp-content\/uploads\/2024\/01\/sauna-premium-5-x-22-2-1024x819.png 1024w, https:\/\/dev.domkisauny.pl\/wp-content\/uploads\/2024\/01\/sauna-premium-5-x-22-2-768x614.png 768w, https:\/\/dev.domkisauny.pl\/wp-content\/uploads\/2024\/01\/sauna-premium-5-x-22-2-1536x1229.png 1536w\" sizes=\"auto, (max-width: 2000px) 100vw, 2000px\" \/><\/p>\n<h3><strong>Odpo\u010dinek na \u010derstv\u00e9m vzduchu<\/strong><\/h3>\n<p>Zahradn\u00ed sauna je vynikaj\u00edc\u00edm n\u00e1padem na zpest\u0159en\u00ed va\u0161\u00ed zahrady. P\u0159id\u00e1n\u00edm tam trochu luxusu, vytvo\u0159\u00edme o\u00e1zu odpo\u010dinku. <strong>Domek m\u016f\u017ee snadno zaru\u010dit nezapomenuteln\u00e9 z\u00e1\u017eitky ka\u017ed\u00fd den<\/strong>. Byl vyroben t\u00fdmem skute\u010dn\u00fdch profesion\u00e1l\u016f a nad\u0161enc\u016f, kte\u0159\u00ed si dali z\u00e1le\u017eet na ka\u017ed\u00e9m detaily, co\u017e zp\u016fsobilo, \u017ee Saunov\u00fd Domek 5 x 2,2m \u2013 Sauna to je mno\u017estv\u00ed spolehliv\u00fdch a inovativn\u00edch \u0159e\u0161en\u00ed. Nap\u0159\u00edklad mezi deskami ze smrkov\u00e9ho d\u0159eva je v\u00fdpl\u0148 z lisovan\u00e9 vlny o tlou\u0161\u0165ce 50 mm. <strong>D\u00edky tomu si m\u016f\u017eeme b\u00fdt jisti, \u017ee teplo uvnit\u0159 sauny nebude unikat skrz st\u011bny.<\/strong> Instalovan\u00fd LED p\u00e1s v saun\u011b pom\u016f\u017ee vytvo\u0159it jedine\u010dnou atmosf\u00e9ru. Takov\u00e9 osv\u011btlen\u00ed jist\u011b zajist\u00ed, \u017ee pobyty v saun\u011b budou komfortn\u00ed.<\/p>\n<p>&nbsp;<\/p>\n<p>Saunov\u00fd domek na zahradu je dokonal\u00fdm zp\u016fsobem jak zpest\u0159it svoji terasu. Toto spojen\u00ed vytv\u00e1\u0159\u00ed nejen estetick\u00e9, ale tak\u00e9 funk\u010dn\u00ed m\u00edsto, kde je odpo\u010dinek na vynikaj\u00edc\u00ed \u00farovni. Takovou p\u0159\u00edle\u017eitost k odpo\u010dinku ocen\u00ed i host\u00e9, pokud provozujeme ubytovac\u00ed objekty.<\/p>\n","protected":false},"excerpt":{"rendered":"<blockquote><p><strong><b>D\u016eLE\u017dIT\u00c9!<\/b><\/strong><\/p>\n<p>Fotografie produkt\u016f po\u0159izujeme ve \u0161pi\u010dkov\u00e9 kvalit\u011b. Av\u0161ak vzhledem k zp\u016fsobu reprodukce barev monitor\u016f po\u010d\u00edta\u010de se m\u016f\u017ee barva produkt\u016f na obrazovce m\u00edrn\u011b li\u0161it od skute\u010dnosti.<\/p>\n<p>Sauna je dod\u00e1v\u00e1na v pln\u00e9<\/p>\n<p>V p\u0159\u00edpad\u011b z\u00e1kladn\u00ed varianty dod\u00e1vky zaji\u0161\u0165uje vykl\u00e1dku na m\u00edst\u011b objednatel.<\/p><\/blockquote>\n","protected":false},"featured_media":9469,"template":"","meta":{"_acf_changed":false},"product_brand":[],"product_cat":[238,77,235,232],"product_tag":[],"class_list":{"0":"post-9484","1":"product","2":"type-product","3":"status-publish","4":"has-post-thumbnail","6":"product_cat-soupravy-spa","7":"product_cat-zahradni-sauny","8":"product_cat-sauny-premium-cs","9":"product_cat-zahradni-thermo-sauny","10":"product_shipping_class-wysylka-grupa2","11":"pa_dodatki-sauny-s-predsini","12":"pa_ksztalt-obdelnikove-sauny","14":"first","15":"instock","16":"shipping-taxable","17":"purchasable","18":"product-type-variable"},"acf":[],"yoast_head":"<!-- This site is optimized with the Yoast SEO plugin v27.4 - https:\/\/yoast.com\/product\/yoast-seo-wordpress\/ -->\n<title>Pr\u00e9miov\u00e1 sauna 220 x 500 cm s terasou | Chaty, sauny<\/title>\n<meta name=\"robots\" content=\"noindex, follow, max-snippet:-1, max-image-preview:large, max-video-preview:-1\" \/>\n<meta property=\"og:locale\" content=\"cs_CZ\" \/>\n<meta property=\"og:type\" content=\"article\" \/>\n<meta property=\"og:title\" content=\"Pr\u00e9miov\u00e1 sauna 220 x 500 cm s terasou | Chaty, sauny\" \/>\n<meta property=\"og:description\" content=\"D\u016eLE\u017dIT\u00c9!  Fotografie produkt\u016f po\u0159izujeme ve \u0161pi\u010dkov\u00e9 kvalit\u011b. Av\u0161ak vzhledem k zp\u016fsobu reprodukce barev monitor\u016f po\u010d\u00edta\u010de se m\u016f\u017ee barva produkt\u016f na obrazovce m\u00edrn\u011b li\u0161it od skute\u010dnosti.  Sauna je dod\u00e1v\u00e1na v pln\u00e9  V p\u0159\u00edpad\u011b z\u00e1kladn\u00ed varianty dod\u00e1vky zaji\u0161\u0165uje vykl\u00e1dku na m\u00edst\u011b objednatel.\" \/>\n<meta property=\"og:url\" content=\"https:\/\/dev.domkisauny.pl\/cs\/produkt\/premiova-sauna-220-x-500-cm-s-terasou\/\" \/>\n<meta property=\"og:site_name\" content=\"Chaty, sauny\" \/>\n<meta property=\"article:publisher\" content=\"https:\/\/www.facebook.com\/DomkiSauny\" \/>\n<meta property=\"article:modified_time\" content=\"2025-05-29T14:04:33+00:00\" \/>\n<meta property=\"og:image\" content=\"https:\/\/dev.domkisauny.pl\/wp-content\/uploads\/2024\/02\/Domek-Saunowy-5-x-22m-sauna-wizualizacja.jpg\" \/>\n\t<meta property=\"og:image:width\" content=\"1500\" \/>\n\t<meta property=\"og:image:height\" content=\"938\" \/>\n\t<meta property=\"og:image:type\" content=\"image\/jpeg\" \/>\n<meta name=\"twitter:card\" content=\"summary_large_image\" \/>\n<meta name=\"twitter:label1\" content=\"Odhadovan\u00e1 doba \u010dten\u00ed\" \/>\n\t<meta name=\"twitter:data1\" content=\"4 minuty\" \/>\n<script type=\"application\/ld+json\" class=\"yoast-schema-graph\">{\"@context\":\"https:\\\/\\\/schema.org\",\"@graph\":[{\"@type\":\"WebPage\",\"@id\":\"https:\\\/\\\/dev.domkisauny.pl\\\/cs\\\/produkt\\\/premiova-sauna-220-x-500-cm-s-terasou\\\/\",\"url\":\"https:\\\/\\\/dev.domkisauny.pl\\\/cs\\\/produkt\\\/premiova-sauna-220-x-500-cm-s-terasou\\\/\",\"name\":\"Pr\u00e9miov\u00e1 sauna 220 x 500 cm s terasou | Chaty, sauny\",\"isPartOf\":{\"@id\":\"https:\\\/\\\/dev.domkisauny.pl\\\/cs\\\/#website\"},\"primaryImageOfPage\":{\"@id\":\"https:\\\/\\\/dev.domkisauny.pl\\\/cs\\\/produkt\\\/premiova-sauna-220-x-500-cm-s-terasou\\\/#primaryimage\"},\"image\":{\"@id\":\"https:\\\/\\\/dev.domkisauny.pl\\\/cs\\\/produkt\\\/premiova-sauna-220-x-500-cm-s-terasou\\\/#primaryimage\"},\"thumbnailUrl\":\"https:\\\/\\\/dev.domkisauny.pl\\\/wp-content\\\/uploads\\\/2024\\\/02\\\/Domek-Saunowy-5-x-22m-sauna-wizualizacja.jpg\",\"datePublished\":\"2024-01-14T14:15:33+00:00\",\"dateModified\":\"2025-05-29T14:04:33+00:00\",\"breadcrumb\":{\"@id\":\"https:\\\/\\\/dev.domkisauny.pl\\\/cs\\\/produkt\\\/premiova-sauna-220-x-500-cm-s-terasou\\\/#breadcrumb\"},\"inLanguage\":\"cs\",\"potentialAction\":[{\"@type\":\"ReadAction\",\"target\":[\"https:\\\/\\\/dev.domkisauny.pl\\\/cs\\\/produkt\\\/premiova-sauna-220-x-500-cm-s-terasou\\\/\"]}]},{\"@type\":\"ImageObject\",\"inLanguage\":\"cs\",\"@id\":\"https:\\\/\\\/dev.domkisauny.pl\\\/cs\\\/produkt\\\/premiova-sauna-220-x-500-cm-s-terasou\\\/#primaryimage\",\"url\":\"https:\\\/\\\/dev.domkisauny.pl\\\/wp-content\\\/uploads\\\/2024\\\/02\\\/Domek-Saunowy-5-x-22m-sauna-wizualizacja.jpg\",\"contentUrl\":\"https:\\\/\\\/dev.domkisauny.pl\\\/wp-content\\\/uploads\\\/2024\\\/02\\\/Domek-Saunowy-5-x-22m-sauna-wizualizacja.jpg\",\"width\":1500,\"height\":938},{\"@type\":\"BreadcrumbList\",\"@id\":\"https:\\\/\\\/dev.domkisauny.pl\\\/cs\\\/produkt\\\/premiova-sauna-220-x-500-cm-s-terasou\\\/#breadcrumb\",\"itemListElement\":[{\"@type\":\"ListItem\",\"position\":1,\"name\":\"A&amp;M\",\"item\":\"https:\\\/\\\/dev.domkisauny.pl\\\/cs\\\/\"},{\"@type\":\"ListItem\",\"position\":2,\"name\":\"Produkty\",\"item\":\"https:\\\/\\\/dev.domkisauny.pl\\\/produkty\\\/\"},{\"@type\":\"ListItem\",\"position\":3,\"name\":\"Sauny\",\"item\":\"https:\\\/\\\/dev.domkisauny.pl\\\/cs\\\/kategorie-produktu\\\/sauny\\\/\"},{\"@type\":\"ListItem\",\"position\":4,\"name\":\"Zahradn\u00ed sauny\",\"item\":\"https:\\\/\\\/dev.domkisauny.pl\\\/cs\\\/kategorie-produktu\\\/sauny\\\/zahradni-sauny\\\/\"},{\"@type\":\"ListItem\",\"position\":5,\"name\":\"Pr\u00e9miov\u00e1 sauna 220 x 500 cm s terasou\"}]},{\"@type\":\"WebSite\",\"@id\":\"https:\\\/\\\/dev.domkisauny.pl\\\/cs\\\/#website\",\"url\":\"https:\\\/\\\/dev.domkisauny.pl\\\/cs\\\/\",\"name\":\"Chaty, sauny\",\"description\":\"\",\"publisher\":{\"@id\":\"https:\\\/\\\/dev.domkisauny.pl\\\/cs\\\/#organization\"},\"potentialAction\":[{\"@type\":\"SearchAction\",\"target\":{\"@type\":\"EntryPoint\",\"urlTemplate\":\"https:\\\/\\\/dev.domkisauny.pl\\\/cs\\\/?s={search_term_string}\"},\"query-input\":{\"@type\":\"PropertyValueSpecification\",\"valueRequired\":true,\"valueName\":\"search_term_string\"}}],\"inLanguage\":\"cs\"},{\"@type\":\"Organization\",\"@id\":\"https:\\\/\\\/dev.domkisauny.pl\\\/cs\\\/#organization\",\"name\":\"Chaty, sauny\",\"url\":\"https:\\\/\\\/dev.domkisauny.pl\\\/cs\\\/\",\"logo\":{\"@type\":\"ImageObject\",\"inLanguage\":\"cs\",\"@id\":\"https:\\\/\\\/dev.domkisauny.pl\\\/cs\\\/#\\\/schema\\\/logo\\\/image\\\/\",\"url\":\"https:\\\/\\\/domkisauny.pl\\\/wp-content\\\/uploads\\\/2022\\\/09\\\/logo_03.png\",\"contentUrl\":\"https:\\\/\\\/domkisauny.pl\\\/wp-content\\\/uploads\\\/2022\\\/09\\\/logo_03.png\",\"width\":95,\"height\":81,\"caption\":\"Chaty, sauny\"},\"image\":{\"@id\":\"https:\\\/\\\/dev.domkisauny.pl\\\/cs\\\/#\\\/schema\\\/logo\\\/image\\\/\"},\"sameAs\":[\"https:\\\/\\\/www.facebook.com\\\/DomkiSauny\"]}]}<\/script>\n<!-- \/ Yoast SEO plugin. -->","yoast_head_json":{"title":"Pr\u00e9miov\u00e1 sauna 220 x 500 cm s terasou | Chaty, sauny","robots":{"index":"noindex","follow":"follow","max-snippet":"max-snippet:-1","max-image-preview":"max-image-preview:large","max-video-preview":"max-video-preview:-1"},"og_locale":"cs_CZ","og_type":"article","og_title":"Pr\u00e9miov\u00e1 sauna 220 x 500 cm s terasou | Chaty, sauny","og_description":"D\u016eLE\u017dIT\u00c9!  Fotografie produkt\u016f po\u0159izujeme ve \u0161pi\u010dkov\u00e9 kvalit\u011b. Av\u0161ak vzhledem k zp\u016fsobu reprodukce barev monitor\u016f po\u010d\u00edta\u010de se m\u016f\u017ee barva produkt\u016f na obrazovce m\u00edrn\u011b li\u0161it od skute\u010dnosti.  Sauna je dod\u00e1v\u00e1na v pln\u00e9  V p\u0159\u00edpad\u011b z\u00e1kladn\u00ed varianty dod\u00e1vky zaji\u0161\u0165uje vykl\u00e1dku na m\u00edst\u011b objednatel.","og_url":"https:\/\/dev.domkisauny.pl\/cs\/produkt\/premiova-sauna-220-x-500-cm-s-terasou\/","og_site_name":"Chaty, sauny","article_publisher":"https:\/\/www.facebook.com\/DomkiSauny","article_modified_time":"2025-05-29T14:04:33+00:00","og_image":[{"width":1500,"height":938,"url":"https:\/\/dev.domkisauny.pl\/wp-content\/uploads\/2024\/02\/Domek-Saunowy-5-x-22m-sauna-wizualizacja.jpg","type":"image\/jpeg"}],"twitter_card":"summary_large_image","twitter_misc":{"Odhadovan\u00e1 doba \u010dten\u00ed":"4 minuty"},"schema":{"@context":"https:\/\/schema.org","@graph":[{"@type":"WebPage","@id":"https:\/\/dev.domkisauny.pl\/cs\/produkt\/premiova-sauna-220-x-500-cm-s-terasou\/","url":"https:\/\/dev.domkisauny.pl\/cs\/produkt\/premiova-sauna-220-x-500-cm-s-terasou\/","name":"Pr\u00e9miov\u00e1 sauna 220 x 500 cm s terasou | Chaty, sauny","isPartOf":{"@id":"https:\/\/dev.domkisauny.pl\/cs\/#website"},"primaryImageOfPage":{"@id":"https:\/\/dev.domkisauny.pl\/cs\/produkt\/premiova-sauna-220-x-500-cm-s-terasou\/#primaryimage"},"image":{"@id":"https:\/\/dev.domkisauny.pl\/cs\/produkt\/premiova-sauna-220-x-500-cm-s-terasou\/#primaryimage"},"thumbnailUrl":"https:\/\/dev.domkisauny.pl\/wp-content\/uploads\/2024\/02\/Domek-Saunowy-5-x-22m-sauna-wizualizacja.jpg","datePublished":"2024-01-14T14:15:33+00:00","dateModified":"2025-05-29T14:04:33+00:00","breadcrumb":{"@id":"https:\/\/dev.domkisauny.pl\/cs\/produkt\/premiova-sauna-220-x-500-cm-s-terasou\/#breadcrumb"},"inLanguage":"cs","potentialAction":[{"@type":"ReadAction","target":["https:\/\/dev.domkisauny.pl\/cs\/produkt\/premiova-sauna-220-x-500-cm-s-terasou\/"]}]},{"@type":"ImageObject","inLanguage":"cs","@id":"https:\/\/dev.domkisauny.pl\/cs\/produkt\/premiova-sauna-220-x-500-cm-s-terasou\/#primaryimage","url":"https:\/\/dev.domkisauny.pl\/wp-content\/uploads\/2024\/02\/Domek-Saunowy-5-x-22m-sauna-wizualizacja.jpg","contentUrl":"https:\/\/dev.domkisauny.pl\/wp-content\/uploads\/2024\/02\/Domek-Saunowy-5-x-22m-sauna-wizualizacja.jpg","width":1500,"height":938},{"@type":"BreadcrumbList","@id":"https:\/\/dev.domkisauny.pl\/cs\/produkt\/premiova-sauna-220-x-500-cm-s-terasou\/#breadcrumb","itemListElement":[{"@type":"ListItem","position":1,"name":"A&amp;M","item":"https:\/\/dev.domkisauny.pl\/cs\/"},{"@type":"ListItem","position":2,"name":"Produkty","item":"https:\/\/dev.domkisauny.pl\/produkty\/"},{"@type":"ListItem","position":3,"name":"Sauny","item":"https:\/\/dev.domkisauny.pl\/cs\/kategorie-produktu\/sauny\/"},{"@type":"ListItem","position":4,"name":"Zahradn\u00ed sauny","item":"https:\/\/dev.domkisauny.pl\/cs\/kategorie-produktu\/sauny\/zahradni-sauny\/"},{"@type":"ListItem","position":5,"name":"Pr\u00e9miov\u00e1 sauna 220 x 500 cm s terasou"}]},{"@type":"WebSite","@id":"https:\/\/dev.domkisauny.pl\/cs\/#website","url":"https:\/\/dev.domkisauny.pl\/cs\/","name":"Chaty, sauny","description":"","publisher":{"@id":"https:\/\/dev.domkisauny.pl\/cs\/#organization"},"potentialAction":[{"@type":"SearchAction","target":{"@type":"EntryPoint","urlTemplate":"https:\/\/dev.domkisauny.pl\/cs\/?s={search_term_string}"},"query-input":{"@type":"PropertyValueSpecification","valueRequired":true,"valueName":"search_term_string"}}],"inLanguage":"cs"},{"@type":"Organization","@id":"https:\/\/dev.domkisauny.pl\/cs\/#organization","name":"Chaty, sauny","url":"https:\/\/dev.domkisauny.pl\/cs\/","logo":{"@type":"ImageObject","inLanguage":"cs","@id":"https:\/\/dev.domkisauny.pl\/cs\/#\/schema\/logo\/image\/","url":"https:\/\/domkisauny.pl\/wp-content\/uploads\/2022\/09\/logo_03.png","contentUrl":"https:\/\/domkisauny.pl\/wp-content\/uploads\/2022\/09\/logo_03.png","width":95,"height":81,"caption":"Chaty, sauny"},"image":{"@id":"https:\/\/dev.domkisauny.pl\/cs\/#\/schema\/logo\/image\/"},"sameAs":["https:\/\/www.facebook.com\/DomkiSauny"]}]}},"_links":{"self":[{"href":"https:\/\/dev.domkisauny.pl\/cs\/wp-json\/wp\/v2\/product\/9484","targetHints":{"allow":["GET"]}}],"collection":[{"href":"https:\/\/dev.domkisauny.pl\/cs\/wp-json\/wp\/v2\/product"}],"about":[{"href":"https:\/\/dev.domkisauny.pl\/cs\/wp-json\/wp\/v2\/types\/product"}],"wp:featuredmedia":[{"embeddable":true,"href":"https:\/\/dev.domkisauny.pl\/cs\/wp-json\/wp\/v2\/media\/9469"}],"wp:attachment":[{"href":"https:\/\/dev.domkisauny.pl\/cs\/wp-json\/wp\/v2\/media?parent=9484"}],"wp:term":[{"taxonomy":"product_brand","embeddable":true,"href":"https:\/\/dev.domkisauny.pl\/cs\/wp-json\/wp\/v2\/product_brand?post=9484"},{"taxonomy":"product_cat","embeddable":true,"href":"https:\/\/dev.domkisauny.pl\/cs\/wp-json\/wp\/v2\/product_cat?post=9484"},{"taxonomy":"product_tag","embeddable":true,"href":"https:\/\/dev.domkisauny.pl\/cs\/wp-json\/wp\/v2\/product_tag?post=9484"}],"curies":[{"name":"wp","href":"https:\/\/api.w.org\/{rel}","templated":true}]}}