{"id":9176,"date":"2024-01-22T06:47:35","date_gmt":"2024-01-22T05:47:35","guid":{"rendered":"https:\/\/domkisauny.pl\/?post_type=product&#038;p=9176"},"modified":"2025-01-26T16:44:38","modified_gmt":"2025-01-26T15:44:38","slug":"elektricka-kamna-huum-drop-s-ovladacem-wifi-9kw","status":"publish","type":"product","link":"https:\/\/dev.domkisauny.pl\/cs\/produkt\/elektricka-kamna-huum-drop-s-ovladacem-wifi-9kw\/","title":{"rendered":"Elektrick\u00e1 kamna Huum Drop s ovlada\u010dem WiFi 9kW"},"content":{"rendered":"<h3><strong>Specifikace:<\/strong><\/h3>\n<ul>\n<li><strong>V\u00fdkon<\/strong>\u00a0kamen: 9 kW<\/li>\n<li><strong>Ur\u010deno<\/strong>\u00a0do sauny s kubaturou: 8-15 m3<\/li>\n<li><strong>Nap\u00e1jen\u00ed<\/strong>: t\u0159\u00edf\u00e1zov\u00e9 400 V 3N<\/li>\n<li><strong>Model <\/strong>k zav\u011b\u0161en\u00ed na st\u011bn\u011b<\/li>\n<li><strong>Mno\u017estv\u00ed <\/strong>kamen\u016f: 55 kg<\/li>\n<li><strong>Cena\u00a0<\/strong>obsahuje ovlada\u010d a kameny<\/li>\n<\/ul>\n<p>Ergonomick\u00e1 kamna Huum Drop 9 kW jsou osv\u011bd\u010den\u00fdm zp\u016fsobem pohodln\u00e9ho odpo\u010dinku, v souladu s modern\u00edmi standardy.<\/p>\n<ul>\n<li>Elektrick\u00e1 topidla v saun\u00e1ch BAREL POUZE PRO VLASTN\u00cd MONT\u00c1\u017d<\/li>\n<li>Elektrick\u00e1 topidla v PREMIUM saun\u00e1ch DOD\u00c1V\u00c1ME MONTOVAN\u011a<\/li>\n<li>DO KA\u017dD\u00c9 sauny DOD\u00c1ME MONTOVAN\u00c1 kamna na d\u0159evo<\/li>\n<\/ul>\n<h3><strong>Elektrick\u00e1 saunov\u00e1 kamna s t\u00e9m\u011b\u0159 neomezen\u00fdm v\u00fdkonem<\/strong><\/h3>\n<p>Tento model kamen se vyzna\u010duje p\u0159edev\u0161\u00edm zvl\u00e1\u0161t\u011b velk\u00fdm odpa\u0159ovac\u00edm prostorem. <strong>Velkou z\u00e1sluhu na tom m\u00e1 pou\u017eit\u00ed t\u011bch nejkvalitn\u011bj\u0161\u00edch komponent\u016f, kter\u00e9 zaru\u010duj\u00ed perfektn\u00ed chod a d\u00edky tomu i stejn\u011b dokonal\u00e9 saunov\u00e1n\u00ed.<\/strong> Krom\u011b nastaven\u00ed s\u00edly p\u00e1ry si m\u016f\u017eete p\u0159izp\u016fsobit i jej\u00ed charakter. Pokud se voda nalije ze strany, stane se m\u011bkkou a jemnou. Kdy\u017e to v\u0161ak ud\u011bl\u00e1me shora, efekt je mnohem ost\u0159ej\u0161\u00ed. T\u00edmto zp\u016fsobem je snadn\u00e9 naj\u00edt si ide\u00e1ln\u00ed podm\u00ednky.<\/p>\n<p><strong>Dodate\u010dn\u00fd komfort je ovlivn\u011bn i t\u00edm, \u017ee Huum Drop 9 kW je instalov\u00e1n spole\u010dn\u011b s extern\u00edm WiFi ovlada\u010dem. <\/strong>D\u00edky n\u011bmu se st\u00e1v\u00e1 pobyt v saun\u011b z na\u0161\u00ed strany je\u0161t\u011b m\u00e9n\u011b n\u00e1ro\u010dn\u00fd.<\/p>\n<h3><strong>Jedine\u010dn\u00e1 estetika odkazuj\u00edc\u00ed k p\u0159\u00edrod\u011b<\/strong><\/h3>\n<p>Saunov\u00e1 kamna Huum Drop 9 kW to je elegance sama v sob\u011b. <strong>Jejich jemn\u00fd, ale charakteristick\u00fd tvar kapky vn\u00e1\u0161\u00ed do m\u00edstnosti novou estetiku.<\/strong> Um\u00edst\u011bn\u00edm na st\u011bnu se sauna st\u00e1v\u00e1 \u017eiv\u011bj\u0161\u00ed, stimuluj\u00edc jej\u00ed hranat\u00e9 st\u011bny. Nav\u00edc dokonale odkazuje k p\u0159\u00edrod\u011b a jej\u00edmu nej\u010dist\u0161\u00edmu \u017eivlu \u2013 vod\u011b. Nov\u00fd design tak v\u00fdrazn\u011b ovliv\u0148uje atmosf\u00e9ru panuj\u00edc\u00ed uvnit\u0159. D\u00edky modern\u00ed estetice jsou kamna Huum ide\u00e1ln\u00ed pro pr\u00e9miov\u00e9 sauny.<\/p>\n<p>&nbsp;<\/p>\n","protected":false},"excerpt":{"rendered":"<p>Specifikace: V\u00fdkon\u00a0kamen: 9 kW Ur\u010deno\u00a0do sauny s kubaturou: 8-15 m3 Nap\u00e1jen\u00ed: t\u0159\u00edf\u00e1zov\u00e9 400 V 3N Model k zav\u011b\u0161en\u00ed na st\u011bn\u011b<\/p>\n","protected":false},"featured_media":7816,"template":"","meta":{"_acf_changed":false},"product_brand":[],"product_cat":[313],"product_tag":[],"class_list":{"0":"post-9176","1":"product","2":"type-product","3":"status-publish","4":"has-post-thumbnail","6":"product_cat-elektricke-kamna-do-sauny","8":"first","9":"instock","10":"shipping-taxable","11":"purchasable","12":"product-type-simple"},"acf":[],"yoast_head":"<!-- This site is optimized with the Yoast SEO plugin v27.4 - https:\/\/yoast.com\/product\/yoast-seo-wordpress\/ -->\n<title>Elektrick\u00e1 kamna Huum Drop s ovlada\u010dem WiFi 9kW | Chaty, sauny<\/title>\n<meta name=\"robots\" content=\"noindex, follow, max-snippet:-1, max-image-preview:large, max-video-preview:-1\" \/>\n<meta property=\"og:locale\" content=\"cs_CZ\" \/>\n<meta property=\"og:type\" content=\"article\" \/>\n<meta property=\"og:title\" content=\"Elektrick\u00e1 kamna Huum Drop s ovlada\u010dem WiFi 9kW | Chaty, sauny\" \/>\n<meta property=\"og:description\" content=\"Specifikace: V\u00fdkon\u00a0kamen: 9 kW Ur\u010deno\u00a0do sauny s kubaturou: 8-15 m3 Nap\u00e1jen\u00ed: t\u0159\u00edf\u00e1zov\u00e9 400 V 3N Model k zav\u011b\u0161en\u00ed na st\u011bn\u011b\" \/>\n<meta property=\"og:url\" content=\"https:\/\/dev.domkisauny.pl\/cs\/produkt\/elektricka-kamna-huum-drop-s-ovladacem-wifi-9kw\/\" \/>\n<meta property=\"og:site_name\" content=\"Chaty, sauny\" \/>\n<meta property=\"article:publisher\" content=\"https:\/\/www.facebook.com\/DomkiSauny\" \/>\n<meta property=\"article:modified_time\" content=\"2025-01-26T15:44:38+00:00\" \/>\n<meta property=\"og:image\" content=\"https:\/\/dev.domkisauny.pl\/wp-content\/uploads\/2024\/01\/Huum-Drop-9-kW-1.jpg\" \/>\n\t<meta property=\"og:image:width\" content=\"2000\" \/>\n\t<meta property=\"og:image:height\" content=\"1600\" \/>\n\t<meta property=\"og:image:type\" content=\"image\/jpeg\" \/>\n<meta name=\"twitter:card\" content=\"summary_large_image\" \/>\n<meta name=\"twitter:label1\" content=\"Odhadovan\u00e1 doba \u010dten\u00ed\" \/>\n\t<meta name=\"twitter:data1\" content=\"2 minuty\" \/>\n<script type=\"application\/ld+json\" class=\"yoast-schema-graph\">{\"@context\":\"https:\\\/\\\/schema.org\",\"@graph\":[{\"@type\":\"WebPage\",\"@id\":\"https:\\\/\\\/dev.domkisauny.pl\\\/cs\\\/produkt\\\/elektricka-kamna-huum-drop-s-ovladacem-wifi-9kw\\\/\",\"url\":\"https:\\\/\\\/dev.domkisauny.pl\\\/cs\\\/produkt\\\/elektricka-kamna-huum-drop-s-ovladacem-wifi-9kw\\\/\",\"name\":\"Elektrick\u00e1 kamna Huum Drop s ovlada\u010dem WiFi 9kW | Chaty, sauny\",\"isPartOf\":{\"@id\":\"https:\\\/\\\/dev.domkisauny.pl\\\/cs\\\/#website\"},\"primaryImageOfPage\":{\"@id\":\"https:\\\/\\\/dev.domkisauny.pl\\\/cs\\\/produkt\\\/elektricka-kamna-huum-drop-s-ovladacem-wifi-9kw\\\/#primaryimage\"},\"image\":{\"@id\":\"https:\\\/\\\/dev.domkisauny.pl\\\/cs\\\/produkt\\\/elektricka-kamna-huum-drop-s-ovladacem-wifi-9kw\\\/#primaryimage\"},\"thumbnailUrl\":\"https:\\\/\\\/dev.domkisauny.pl\\\/wp-content\\\/uploads\\\/2024\\\/01\\\/Huum-Drop-9-kW-1.jpg\",\"datePublished\":\"2024-01-22T05:47:35+00:00\",\"dateModified\":\"2025-01-26T15:44:38+00:00\",\"breadcrumb\":{\"@id\":\"https:\\\/\\\/dev.domkisauny.pl\\\/cs\\\/produkt\\\/elektricka-kamna-huum-drop-s-ovladacem-wifi-9kw\\\/#breadcrumb\"},\"inLanguage\":\"cs\",\"potentialAction\":[{\"@type\":\"ReadAction\",\"target\":[\"https:\\\/\\\/dev.domkisauny.pl\\\/cs\\\/produkt\\\/elektricka-kamna-huum-drop-s-ovladacem-wifi-9kw\\\/\"]}]},{\"@type\":\"ImageObject\",\"inLanguage\":\"cs\",\"@id\":\"https:\\\/\\\/dev.domkisauny.pl\\\/cs\\\/produkt\\\/elektricka-kamna-huum-drop-s-ovladacem-wifi-9kw\\\/#primaryimage\",\"url\":\"https:\\\/\\\/dev.domkisauny.pl\\\/wp-content\\\/uploads\\\/2024\\\/01\\\/Huum-Drop-9-kW-1.jpg\",\"contentUrl\":\"https:\\\/\\\/dev.domkisauny.pl\\\/wp-content\\\/uploads\\\/2024\\\/01\\\/Huum-Drop-9-kW-1.jpg\",\"width\":2000,\"height\":1600,\"caption\":\"Piec elektryczny Huum Drop ze sterownikiem WiFi 9kW\"},{\"@type\":\"BreadcrumbList\",\"@id\":\"https:\\\/\\\/dev.domkisauny.pl\\\/cs\\\/produkt\\\/elektricka-kamna-huum-drop-s-ovladacem-wifi-9kw\\\/#breadcrumb\",\"itemListElement\":[{\"@type\":\"ListItem\",\"position\":1,\"name\":\"A&amp;M\",\"item\":\"https:\\\/\\\/dev.domkisauny.pl\\\/cs\\\/\"},{\"@type\":\"ListItem\",\"position\":2,\"name\":\"Produkty\",\"item\":\"https:\\\/\\\/dev.domkisauny.pl\\\/produkty\\\/\"},{\"@type\":\"ListItem\",\"position\":3,\"name\":\"P\u0159\u00edslu\u0161enstv\u00ed\",\"item\":\"https:\\\/\\\/dev.domkisauny.pl\\\/cs\\\/kategorie-produktu\\\/prislusenstvi-cs\\\/\"},{\"@type\":\"ListItem\",\"position\":4,\"name\":\"P\u011bny do sauny\",\"item\":\"https:\\\/\\\/dev.domkisauny.pl\\\/cs\\\/kategorie-produktu\\\/prislusenstvi-cs\\\/peny-do-sauny\\\/\"},{\"@type\":\"ListItem\",\"position\":5,\"name\":\"Elektrick\u00e9 kamna do sauny\",\"item\":\"https:\\\/\\\/dev.domkisauny.pl\\\/cs\\\/kategorie-produktu\\\/prislusenstvi-cs\\\/peny-do-sauny\\\/elektricke-kamna-do-sauny\\\/\"},{\"@type\":\"ListItem\",\"position\":6,\"name\":\"Elektrick\u00e1 kamna Huum Drop s ovlada\u010dem WiFi 9kW\"}]},{\"@type\":\"WebSite\",\"@id\":\"https:\\\/\\\/dev.domkisauny.pl\\\/cs\\\/#website\",\"url\":\"https:\\\/\\\/dev.domkisauny.pl\\\/cs\\\/\",\"name\":\"Chaty, sauny\",\"description\":\"\",\"publisher\":{\"@id\":\"https:\\\/\\\/dev.domkisauny.pl\\\/cs\\\/#organization\"},\"potentialAction\":[{\"@type\":\"SearchAction\",\"target\":{\"@type\":\"EntryPoint\",\"urlTemplate\":\"https:\\\/\\\/dev.domkisauny.pl\\\/cs\\\/?s={search_term_string}\"},\"query-input\":{\"@type\":\"PropertyValueSpecification\",\"valueRequired\":true,\"valueName\":\"search_term_string\"}}],\"inLanguage\":\"cs\"},{\"@type\":\"Organization\",\"@id\":\"https:\\\/\\\/dev.domkisauny.pl\\\/cs\\\/#organization\",\"name\":\"Chaty, sauny\",\"url\":\"https:\\\/\\\/dev.domkisauny.pl\\\/cs\\\/\",\"logo\":{\"@type\":\"ImageObject\",\"inLanguage\":\"cs\",\"@id\":\"https:\\\/\\\/dev.domkisauny.pl\\\/cs\\\/#\\\/schema\\\/logo\\\/image\\\/\",\"url\":\"https:\\\/\\\/domkisauny.pl\\\/wp-content\\\/uploads\\\/2022\\\/09\\\/logo_03.png\",\"contentUrl\":\"https:\\\/\\\/domkisauny.pl\\\/wp-content\\\/uploads\\\/2022\\\/09\\\/logo_03.png\",\"width\":95,\"height\":81,\"caption\":\"Chaty, sauny\"},\"image\":{\"@id\":\"https:\\\/\\\/dev.domkisauny.pl\\\/cs\\\/#\\\/schema\\\/logo\\\/image\\\/\"},\"sameAs\":[\"https:\\\/\\\/www.facebook.com\\\/DomkiSauny\"]}]}<\/script>\n<!-- \/ Yoast SEO plugin. -->","yoast_head_json":{"title":"Elektrick\u00e1 kamna Huum Drop s ovlada\u010dem WiFi 9kW | Chaty, sauny","robots":{"index":"noindex","follow":"follow","max-snippet":"max-snippet:-1","max-image-preview":"max-image-preview:large","max-video-preview":"max-video-preview:-1"},"og_locale":"cs_CZ","og_type":"article","og_title":"Elektrick\u00e1 kamna Huum Drop s ovlada\u010dem WiFi 9kW | Chaty, sauny","og_description":"Specifikace: V\u00fdkon\u00a0kamen: 9 kW Ur\u010deno\u00a0do sauny s kubaturou: 8-15 m3 Nap\u00e1jen\u00ed: t\u0159\u00edf\u00e1zov\u00e9 400 V 3N Model k zav\u011b\u0161en\u00ed na st\u011bn\u011b","og_url":"https:\/\/dev.domkisauny.pl\/cs\/produkt\/elektricka-kamna-huum-drop-s-ovladacem-wifi-9kw\/","og_site_name":"Chaty, sauny","article_publisher":"https:\/\/www.facebook.com\/DomkiSauny","article_modified_time":"2025-01-26T15:44:38+00:00","og_image":[{"width":2000,"height":1600,"url":"https:\/\/dev.domkisauny.pl\/wp-content\/uploads\/2024\/01\/Huum-Drop-9-kW-1.jpg","type":"image\/jpeg"}],"twitter_card":"summary_large_image","twitter_misc":{"Odhadovan\u00e1 doba \u010dten\u00ed":"2 minuty"},"schema":{"@context":"https:\/\/schema.org","@graph":[{"@type":"WebPage","@id":"https:\/\/dev.domkisauny.pl\/cs\/produkt\/elektricka-kamna-huum-drop-s-ovladacem-wifi-9kw\/","url":"https:\/\/dev.domkisauny.pl\/cs\/produkt\/elektricka-kamna-huum-drop-s-ovladacem-wifi-9kw\/","name":"Elektrick\u00e1 kamna Huum Drop s ovlada\u010dem WiFi 9kW | Chaty, sauny","isPartOf":{"@id":"https:\/\/dev.domkisauny.pl\/cs\/#website"},"primaryImageOfPage":{"@id":"https:\/\/dev.domkisauny.pl\/cs\/produkt\/elektricka-kamna-huum-drop-s-ovladacem-wifi-9kw\/#primaryimage"},"image":{"@id":"https:\/\/dev.domkisauny.pl\/cs\/produkt\/elektricka-kamna-huum-drop-s-ovladacem-wifi-9kw\/#primaryimage"},"thumbnailUrl":"https:\/\/dev.domkisauny.pl\/wp-content\/uploads\/2024\/01\/Huum-Drop-9-kW-1.jpg","datePublished":"2024-01-22T05:47:35+00:00","dateModified":"2025-01-26T15:44:38+00:00","breadcrumb":{"@id":"https:\/\/dev.domkisauny.pl\/cs\/produkt\/elektricka-kamna-huum-drop-s-ovladacem-wifi-9kw\/#breadcrumb"},"inLanguage":"cs","potentialAction":[{"@type":"ReadAction","target":["https:\/\/dev.domkisauny.pl\/cs\/produkt\/elektricka-kamna-huum-drop-s-ovladacem-wifi-9kw\/"]}]},{"@type":"ImageObject","inLanguage":"cs","@id":"https:\/\/dev.domkisauny.pl\/cs\/produkt\/elektricka-kamna-huum-drop-s-ovladacem-wifi-9kw\/#primaryimage","url":"https:\/\/dev.domkisauny.pl\/wp-content\/uploads\/2024\/01\/Huum-Drop-9-kW-1.jpg","contentUrl":"https:\/\/dev.domkisauny.pl\/wp-content\/uploads\/2024\/01\/Huum-Drop-9-kW-1.jpg","width":2000,"height":1600,"caption":"Piec elektryczny Huum Drop ze sterownikiem WiFi 9kW"},{"@type":"BreadcrumbList","@id":"https:\/\/dev.domkisauny.pl\/cs\/produkt\/elektricka-kamna-huum-drop-s-ovladacem-wifi-9kw\/#breadcrumb","itemListElement":[{"@type":"ListItem","position":1,"name":"A&amp;M","item":"https:\/\/dev.domkisauny.pl\/cs\/"},{"@type":"ListItem","position":2,"name":"Produkty","item":"https:\/\/dev.domkisauny.pl\/produkty\/"},{"@type":"ListItem","position":3,"name":"P\u0159\u00edslu\u0161enstv\u00ed","item":"https:\/\/dev.domkisauny.pl\/cs\/kategorie-produktu\/prislusenstvi-cs\/"},{"@type":"ListItem","position":4,"name":"P\u011bny do sauny","item":"https:\/\/dev.domkisauny.pl\/cs\/kategorie-produktu\/prislusenstvi-cs\/peny-do-sauny\/"},{"@type":"ListItem","position":5,"name":"Elektrick\u00e9 kamna do sauny","item":"https:\/\/dev.domkisauny.pl\/cs\/kategorie-produktu\/prislusenstvi-cs\/peny-do-sauny\/elektricke-kamna-do-sauny\/"},{"@type":"ListItem","position":6,"name":"Elektrick\u00e1 kamna Huum Drop s ovlada\u010dem WiFi 9kW"}]},{"@type":"WebSite","@id":"https:\/\/dev.domkisauny.pl\/cs\/#website","url":"https:\/\/dev.domkisauny.pl\/cs\/","name":"Chaty, sauny","description":"","publisher":{"@id":"https:\/\/dev.domkisauny.pl\/cs\/#organization"},"potentialAction":[{"@type":"SearchAction","target":{"@type":"EntryPoint","urlTemplate":"https:\/\/dev.domkisauny.pl\/cs\/?s={search_term_string}"},"query-input":{"@type":"PropertyValueSpecification","valueRequired":true,"valueName":"search_term_string"}}],"inLanguage":"cs"},{"@type":"Organization","@id":"https:\/\/dev.domkisauny.pl\/cs\/#organization","name":"Chaty, sauny","url":"https:\/\/dev.domkisauny.pl\/cs\/","logo":{"@type":"ImageObject","inLanguage":"cs","@id":"https:\/\/dev.domkisauny.pl\/cs\/#\/schema\/logo\/image\/","url":"https:\/\/domkisauny.pl\/wp-content\/uploads\/2022\/09\/logo_03.png","contentUrl":"https:\/\/domkisauny.pl\/wp-content\/uploads\/2022\/09\/logo_03.png","width":95,"height":81,"caption":"Chaty, sauny"},"image":{"@id":"https:\/\/dev.domkisauny.pl\/cs\/#\/schema\/logo\/image\/"},"sameAs":["https:\/\/www.facebook.com\/DomkiSauny"]}]}},"_links":{"self":[{"href":"https:\/\/dev.domkisauny.pl\/cs\/wp-json\/wp\/v2\/product\/9176","targetHints":{"allow":["GET"]}}],"collection":[{"href":"https:\/\/dev.domkisauny.pl\/cs\/wp-json\/wp\/v2\/product"}],"about":[{"href":"https:\/\/dev.domkisauny.pl\/cs\/wp-json\/wp\/v2\/types\/product"}],"wp:featuredmedia":[{"embeddable":true,"href":"https:\/\/dev.domkisauny.pl\/cs\/wp-json\/wp\/v2\/media\/7816"}],"wp:attachment":[{"href":"https:\/\/dev.domkisauny.pl\/cs\/wp-json\/wp\/v2\/media?parent=9176"}],"wp:term":[{"taxonomy":"product_brand","embeddable":true,"href":"https:\/\/dev.domkisauny.pl\/cs\/wp-json\/wp\/v2\/product_brand?post=9176"},{"taxonomy":"product_cat","embeddable":true,"href":"https:\/\/dev.domkisauny.pl\/cs\/wp-json\/wp\/v2\/product_cat?post=9176"},{"taxonomy":"product_tag","embeddable":true,"href":"https:\/\/dev.domkisauny.pl\/cs\/wp-json\/wp\/v2\/product_tag?post=9176"}],"curies":[{"name":"wp","href":"https:\/\/api.w.org\/{rel}","templated":true}]}}