{"id":9172,"date":"2024-01-22T12:48:24","date_gmt":"2024-01-22T11:48:24","guid":{"rendered":"https:\/\/domkisauny.pl\/?post_type=product&#038;p=9172"},"modified":"2025-01-26T16:50:53","modified_gmt":"2025-01-26T15:50:53","slug":"kamna-na-drevo-harvia-m3-komin-ve-strese-165-kw","status":"publish","type":"product","link":"https:\/\/dev.domkisauny.pl\/cs\/produkt\/kamna-na-drevo-harvia-m3-komin-ve-strese-165-kw\/","title":{"rendered":"Kamna na d\u0159evo Harvia M3 &#8211; kom\u00edn ve st\u0159e\u0161e, 16,5 kW"},"content":{"rendered":"<h3><strong>Specifikace:<\/strong><\/h3>\n<ul>\n<li><strong>Rozm\u011bry<\/strong>: \u0160\u00ed\u0159ka 390 mm \/ Hloubka 430 mm \/ V\u00fd\u0161ka 710 mm<\/li>\n<li><strong>Hmotnost<\/strong>: 45 kg<\/li>\n<li><strong>V\u00fdkon <\/strong>kamen: 16,5 kW<\/li>\n<li><strong>Ur\u010deno <\/strong>do saunu s kubaturou 6-13 m3<\/li>\n<li><strong>Cena <\/strong>zahrnuje: 30 kg kamen\u016f.<\/li>\n<\/ul>\n<p>Kombinace neoceniteln\u00e9ho v\u00fdkonu a schopnosti z\u00edskat dokonal\u00e9 podm\u00ednky, to v\u0161e ukryt\u00e9 v estetick\u00e9m pouzd\u0159e. Co se skr\u00fdv\u00e1 uvnit\u0159 Harvia M3?<\/p>\n<ul>\n<li>Elektrick\u00e1 topidla v saun\u00e1ch BAREL POUZE PRO VLASTN\u00cd MONT\u00c1\u017d<\/li>\n<li>Elektrick\u00e1 topidla v PREMIUM saun\u00e1ch DOD\u00c1V\u00c1ME MONTOVAN\u011a<\/li>\n<li>DO KA\u017dD\u00c9 sauny DOD\u00c1ME MONTOVAN\u00c1 kamna na d\u0159evo<\/li>\n<\/ul>\n<h3><strong>Estetika a praktika v men\u0161\u00edch saun\u00e1ch<\/strong><\/h3>\n<p>Klasika a minimalismus. Saunov\u00e1 kamna Harvia M3 jsou k dostupn\u00e1 v grafitov\u011b \u010dern\u00e9 barv\u011b. Na jejich horn\u00ed stran\u011b je nerezov\u00e1 p\u0159\u00edruba a p\u0159es prosklen\u00e1 dv\u00ed\u0159ka lze pozorovat teplo vznikaj\u00edc\u00ed uvnit\u0159. Tato kamna maj\u00ed nav\u00edc nainstalovanou n\u00e1dr\u017e na vodu pro pohodl\u00ed b\u011bhem pou\u017e\u00edv\u00e1n\u00ed.<\/p>\n<p>Tento nad\u010dasov\u00fd vzhled zapadne nejen do estetiky, ale vytvo\u0159\u00ed tak\u00e9 ide\u00e1ln\u00ed podm\u00ednky i v men\u0161\u00edch saun\u00e1ch. <strong>Sv\u016fj \u00fakol pln\u00ed perfektn\u011b v modelech s kubaturou od 6 m3 &#8211; 13 m3. <\/strong>Jejich maxim\u00e1ln\u00ed po\u010det kamen\u016f, kter\u00e9 najednou pojmou, je 30 kg, p\u0159i\u010dem\u017e s kamny je dod\u00e1v\u00e1no a\u017e 40 kg. D\u00edky tomu jsou mimo\u0159\u00e1dn\u011b efektivn\u00ed a rychle vytvo\u0159\u00ed p\u0159\u00edzniv\u00e9 podm\u00ednky.<\/p>\n<h3><strong>Jedine\u010dn\u00e1 atmosf\u00e9ra se saunov\u00fdmi kamny na d\u0159evo<\/strong><\/h3>\n<p>Kamna na d\u0159evo jsou klasick\u00fdm \u0159e\u0161en\u00edm, kter\u00e9 je tu s n\u00e1mi ji\u017e dlouho. <strong>I kdy\u017e si zvyk\u00e1me na sou\u010dasn\u00e1 elektrick\u00e1 \u0159e\u0161en\u00ed, jsou st\u00e1le jedine\u010dn\u00e1. <\/strong>Jejich um\u00edst\u011bn\u00edm do sauny si m\u016f\u017eete b\u00fdt jisti, \u017ee atmosf\u00e9ra uvnit\u0159 bude nesrovnateln\u011b p\u0159\u00edjemn\u00e1, tepl\u00e1 a p\u0159irozen\u00e1.<\/p>\n<h3><strong>Harvia M3 ve dvou variant\u00e1ch<\/strong><\/h3>\n<p>Kamna na d\u0159evo Harvia M3 jsou k dostupn\u00e1 ve dvou variant\u00e1ch. I kdy\u017e se v nich top\u00ed zevnit\u0159 m\u00edstnosti, jejich kom\u00edn m\u016f\u017ee b\u00fdt um\u00edst\u011bn na st\u0159e\u0161e nebo na zadn\u00ed st\u011bn\u011b.<\/p>\n<p>Harvia M3 maj\u00ed klasick\u00fd vzhled a jsou ur\u010dena pro mal\u00e9 sauny vyt\u00e1p\u011bn\u00e9 d\u0159evem. D\u00edky n\u00ed m\u016f\u017eeme za\u017e\u00edt nezapomenuteln\u00e9 z\u00e1\u017eitky a poc\u00edtit tradi\u010dn\u00ed atmosf\u00e9ru sauny p\u0159i saunov\u00e1n\u00ed.<\/p>\n<p>&nbsp;<\/p>\n","protected":false},"excerpt":{"rendered":"<p>Specifikace: Rozm\u011bry: \u0160\u00ed\u0159ka 390 mm \/ Hloubka 430 mm \/ V\u00fd\u0161ka 710 mm Hmotnost: 45 kg V\u00fdkon kamen: 16,5 kW<\/p>\n","protected":false},"featured_media":7797,"template":"","meta":{"_acf_changed":false},"product_brand":[],"product_cat":[310],"product_tag":[],"class_list":{"0":"post-9172","1":"product","2":"type-product","3":"status-publish","4":"has-post-thumbnail","6":"product_cat-pec-do-sauny-na-drevo","8":"first","9":"instock","10":"shipping-taxable","11":"purchasable","12":"product-type-simple"},"acf":[],"yoast_head":"<!-- This site is optimized with the Yoast SEO plugin v27.4 - https:\/\/yoast.com\/product\/yoast-seo-wordpress\/ -->\n<title>Kamna na d\u0159evo Harvia M3 - kom\u00edn ve st\u0159e\u0161e, 16,5 kW | Chaty, sauny<\/title>\n<meta name=\"robots\" content=\"noindex, follow, max-snippet:-1, max-image-preview:large, max-video-preview:-1\" \/>\n<meta property=\"og:locale\" content=\"cs_CZ\" \/>\n<meta property=\"og:type\" content=\"article\" \/>\n<meta property=\"og:title\" content=\"Kamna na d\u0159evo Harvia M3 - kom\u00edn ve st\u0159e\u0161e, 16,5 kW | Chaty, sauny\" \/>\n<meta property=\"og:description\" content=\"Specifikace: Rozm\u011bry: \u0160\u00ed\u0159ka 390 mm \/ Hloubka 430 mm \/ V\u00fd\u0161ka 710 mm Hmotnost: 45 kg V\u00fdkon kamen: 16,5 kW\" \/>\n<meta property=\"og:url\" content=\"https:\/\/dev.domkisauny.pl\/cs\/produkt\/kamna-na-drevo-harvia-m3-komin-ve-strese-165-kw\/\" \/>\n<meta property=\"og:site_name\" content=\"Chaty, sauny\" \/>\n<meta property=\"article:publisher\" content=\"https:\/\/www.facebook.com\/DomkiSauny\" \/>\n<meta property=\"article:modified_time\" content=\"2025-01-26T15:50:53+00:00\" \/>\n<meta property=\"og:image\" content=\"https:\/\/dev.domkisauny.pl\/wp-content\/uploads\/2024\/01\/Piec-Harvia-M3.jpg\" \/>\n\t<meta property=\"og:image:width\" content=\"2000\" \/>\n\t<meta property=\"og:image:height\" content=\"1600\" \/>\n\t<meta property=\"og:image:type\" content=\"image\/jpeg\" \/>\n<meta name=\"twitter:card\" content=\"summary_large_image\" \/>\n<meta name=\"twitter:label1\" content=\"Odhadovan\u00e1 doba \u010dten\u00ed\" \/>\n\t<meta name=\"twitter:data1\" content=\"2 minuty\" \/>\n<script type=\"application\/ld+json\" class=\"yoast-schema-graph\">{\"@context\":\"https:\\\/\\\/schema.org\",\"@graph\":[{\"@type\":\"WebPage\",\"@id\":\"https:\\\/\\\/dev.domkisauny.pl\\\/cs\\\/produkt\\\/kamna-na-drevo-harvia-m3-komin-ve-strese-165-kw\\\/\",\"url\":\"https:\\\/\\\/dev.domkisauny.pl\\\/cs\\\/produkt\\\/kamna-na-drevo-harvia-m3-komin-ve-strese-165-kw\\\/\",\"name\":\"Kamna na d\u0159evo Harvia M3 - kom\u00edn ve st\u0159e\u0161e, 16,5 kW | Chaty, sauny\",\"isPartOf\":{\"@id\":\"https:\\\/\\\/dev.domkisauny.pl\\\/cs\\\/#website\"},\"primaryImageOfPage\":{\"@id\":\"https:\\\/\\\/dev.domkisauny.pl\\\/cs\\\/produkt\\\/kamna-na-drevo-harvia-m3-komin-ve-strese-165-kw\\\/#primaryimage\"},\"image\":{\"@id\":\"https:\\\/\\\/dev.domkisauny.pl\\\/cs\\\/produkt\\\/kamna-na-drevo-harvia-m3-komin-ve-strese-165-kw\\\/#primaryimage\"},\"thumbnailUrl\":\"https:\\\/\\\/dev.domkisauny.pl\\\/wp-content\\\/uploads\\\/2024\\\/01\\\/Piec-Harvia-M3.jpg\",\"datePublished\":\"2024-01-22T11:48:24+00:00\",\"dateModified\":\"2025-01-26T15:50:53+00:00\",\"breadcrumb\":{\"@id\":\"https:\\\/\\\/dev.domkisauny.pl\\\/cs\\\/produkt\\\/kamna-na-drevo-harvia-m3-komin-ve-strese-165-kw\\\/#breadcrumb\"},\"inLanguage\":\"cs\",\"potentialAction\":[{\"@type\":\"ReadAction\",\"target\":[\"https:\\\/\\\/dev.domkisauny.pl\\\/cs\\\/produkt\\\/kamna-na-drevo-harvia-m3-komin-ve-strese-165-kw\\\/\"]}]},{\"@type\":\"ImageObject\",\"inLanguage\":\"cs\",\"@id\":\"https:\\\/\\\/dev.domkisauny.pl\\\/cs\\\/produkt\\\/kamna-na-drevo-harvia-m3-komin-ve-strese-165-kw\\\/#primaryimage\",\"url\":\"https:\\\/\\\/dev.domkisauny.pl\\\/wp-content\\\/uploads\\\/2024\\\/01\\\/Piec-Harvia-M3.jpg\",\"contentUrl\":\"https:\\\/\\\/dev.domkisauny.pl\\\/wp-content\\\/uploads\\\/2024\\\/01\\\/Piec-Harvia-M3.jpg\",\"width\":2000,\"height\":1600,\"caption\":\"Piec Harvia M3\"},{\"@type\":\"BreadcrumbList\",\"@id\":\"https:\\\/\\\/dev.domkisauny.pl\\\/cs\\\/produkt\\\/kamna-na-drevo-harvia-m3-komin-ve-strese-165-kw\\\/#breadcrumb\",\"itemListElement\":[{\"@type\":\"ListItem\",\"position\":1,\"name\":\"A&amp;M\",\"item\":\"https:\\\/\\\/dev.domkisauny.pl\\\/cs\\\/\"},{\"@type\":\"ListItem\",\"position\":2,\"name\":\"Produkty\",\"item\":\"https:\\\/\\\/dev.domkisauny.pl\\\/produkty\\\/\"},{\"@type\":\"ListItem\",\"position\":3,\"name\":\"P\u0159\u00edslu\u0161enstv\u00ed\",\"item\":\"https:\\\/\\\/dev.domkisauny.pl\\\/cs\\\/kategorie-produktu\\\/prislusenstvi-cs\\\/\"},{\"@type\":\"ListItem\",\"position\":4,\"name\":\"P\u011bny do sauny\",\"item\":\"https:\\\/\\\/dev.domkisauny.pl\\\/cs\\\/kategorie-produktu\\\/prislusenstvi-cs\\\/peny-do-sauny\\\/\"},{\"@type\":\"ListItem\",\"position\":5,\"name\":\"Pec do sauny na d\u0159evo\",\"item\":\"https:\\\/\\\/dev.domkisauny.pl\\\/cs\\\/kategorie-produktu\\\/prislusenstvi-cs\\\/peny-do-sauny\\\/pec-do-sauny-na-drevo\\\/\"},{\"@type\":\"ListItem\",\"position\":6,\"name\":\"Kamna na d\u0159evo Harvia M3 &#8211; kom\u00edn ve st\u0159e\u0161e, 16,5 kW\"}]},{\"@type\":\"WebSite\",\"@id\":\"https:\\\/\\\/dev.domkisauny.pl\\\/cs\\\/#website\",\"url\":\"https:\\\/\\\/dev.domkisauny.pl\\\/cs\\\/\",\"name\":\"Chaty, sauny\",\"description\":\"\",\"publisher\":{\"@id\":\"https:\\\/\\\/dev.domkisauny.pl\\\/cs\\\/#organization\"},\"potentialAction\":[{\"@type\":\"SearchAction\",\"target\":{\"@type\":\"EntryPoint\",\"urlTemplate\":\"https:\\\/\\\/dev.domkisauny.pl\\\/cs\\\/?s={search_term_string}\"},\"query-input\":{\"@type\":\"PropertyValueSpecification\",\"valueRequired\":true,\"valueName\":\"search_term_string\"}}],\"inLanguage\":\"cs\"},{\"@type\":\"Organization\",\"@id\":\"https:\\\/\\\/dev.domkisauny.pl\\\/cs\\\/#organization\",\"name\":\"Chaty, sauny\",\"url\":\"https:\\\/\\\/dev.domkisauny.pl\\\/cs\\\/\",\"logo\":{\"@type\":\"ImageObject\",\"inLanguage\":\"cs\",\"@id\":\"https:\\\/\\\/dev.domkisauny.pl\\\/cs\\\/#\\\/schema\\\/logo\\\/image\\\/\",\"url\":\"https:\\\/\\\/domkisauny.pl\\\/wp-content\\\/uploads\\\/2022\\\/09\\\/logo_03.png\",\"contentUrl\":\"https:\\\/\\\/domkisauny.pl\\\/wp-content\\\/uploads\\\/2022\\\/09\\\/logo_03.png\",\"width\":95,\"height\":81,\"caption\":\"Chaty, sauny\"},\"image\":{\"@id\":\"https:\\\/\\\/dev.domkisauny.pl\\\/cs\\\/#\\\/schema\\\/logo\\\/image\\\/\"},\"sameAs\":[\"https:\\\/\\\/www.facebook.com\\\/DomkiSauny\"]}]}<\/script>\n<!-- \/ Yoast SEO plugin. -->","yoast_head_json":{"title":"Kamna na d\u0159evo Harvia M3 - kom\u00edn ve st\u0159e\u0161e, 16,5 kW | Chaty, sauny","robots":{"index":"noindex","follow":"follow","max-snippet":"max-snippet:-1","max-image-preview":"max-image-preview:large","max-video-preview":"max-video-preview:-1"},"og_locale":"cs_CZ","og_type":"article","og_title":"Kamna na d\u0159evo Harvia M3 - kom\u00edn ve st\u0159e\u0161e, 16,5 kW | Chaty, sauny","og_description":"Specifikace: Rozm\u011bry: \u0160\u00ed\u0159ka 390 mm \/ Hloubka 430 mm \/ V\u00fd\u0161ka 710 mm Hmotnost: 45 kg V\u00fdkon kamen: 16,5 kW","og_url":"https:\/\/dev.domkisauny.pl\/cs\/produkt\/kamna-na-drevo-harvia-m3-komin-ve-strese-165-kw\/","og_site_name":"Chaty, sauny","article_publisher":"https:\/\/www.facebook.com\/DomkiSauny","article_modified_time":"2025-01-26T15:50:53+00:00","og_image":[{"width":2000,"height":1600,"url":"https:\/\/dev.domkisauny.pl\/wp-content\/uploads\/2024\/01\/Piec-Harvia-M3.jpg","type":"image\/jpeg"}],"twitter_card":"summary_large_image","twitter_misc":{"Odhadovan\u00e1 doba \u010dten\u00ed":"2 minuty"},"schema":{"@context":"https:\/\/schema.org","@graph":[{"@type":"WebPage","@id":"https:\/\/dev.domkisauny.pl\/cs\/produkt\/kamna-na-drevo-harvia-m3-komin-ve-strese-165-kw\/","url":"https:\/\/dev.domkisauny.pl\/cs\/produkt\/kamna-na-drevo-harvia-m3-komin-ve-strese-165-kw\/","name":"Kamna na d\u0159evo Harvia M3 - kom\u00edn ve st\u0159e\u0161e, 16,5 kW | Chaty, sauny","isPartOf":{"@id":"https:\/\/dev.domkisauny.pl\/cs\/#website"},"primaryImageOfPage":{"@id":"https:\/\/dev.domkisauny.pl\/cs\/produkt\/kamna-na-drevo-harvia-m3-komin-ve-strese-165-kw\/#primaryimage"},"image":{"@id":"https:\/\/dev.domkisauny.pl\/cs\/produkt\/kamna-na-drevo-harvia-m3-komin-ve-strese-165-kw\/#primaryimage"},"thumbnailUrl":"https:\/\/dev.domkisauny.pl\/wp-content\/uploads\/2024\/01\/Piec-Harvia-M3.jpg","datePublished":"2024-01-22T11:48:24+00:00","dateModified":"2025-01-26T15:50:53+00:00","breadcrumb":{"@id":"https:\/\/dev.domkisauny.pl\/cs\/produkt\/kamna-na-drevo-harvia-m3-komin-ve-strese-165-kw\/#breadcrumb"},"inLanguage":"cs","potentialAction":[{"@type":"ReadAction","target":["https:\/\/dev.domkisauny.pl\/cs\/produkt\/kamna-na-drevo-harvia-m3-komin-ve-strese-165-kw\/"]}]},{"@type":"ImageObject","inLanguage":"cs","@id":"https:\/\/dev.domkisauny.pl\/cs\/produkt\/kamna-na-drevo-harvia-m3-komin-ve-strese-165-kw\/#primaryimage","url":"https:\/\/dev.domkisauny.pl\/wp-content\/uploads\/2024\/01\/Piec-Harvia-M3.jpg","contentUrl":"https:\/\/dev.domkisauny.pl\/wp-content\/uploads\/2024\/01\/Piec-Harvia-M3.jpg","width":2000,"height":1600,"caption":"Piec Harvia M3"},{"@type":"BreadcrumbList","@id":"https:\/\/dev.domkisauny.pl\/cs\/produkt\/kamna-na-drevo-harvia-m3-komin-ve-strese-165-kw\/#breadcrumb","itemListElement":[{"@type":"ListItem","position":1,"name":"A&amp;M","item":"https:\/\/dev.domkisauny.pl\/cs\/"},{"@type":"ListItem","position":2,"name":"Produkty","item":"https:\/\/dev.domkisauny.pl\/produkty\/"},{"@type":"ListItem","position":3,"name":"P\u0159\u00edslu\u0161enstv\u00ed","item":"https:\/\/dev.domkisauny.pl\/cs\/kategorie-produktu\/prislusenstvi-cs\/"},{"@type":"ListItem","position":4,"name":"P\u011bny do sauny","item":"https:\/\/dev.domkisauny.pl\/cs\/kategorie-produktu\/prislusenstvi-cs\/peny-do-sauny\/"},{"@type":"ListItem","position":5,"name":"Pec do sauny na d\u0159evo","item":"https:\/\/dev.domkisauny.pl\/cs\/kategorie-produktu\/prislusenstvi-cs\/peny-do-sauny\/pec-do-sauny-na-drevo\/"},{"@type":"ListItem","position":6,"name":"Kamna na d\u0159evo Harvia M3 &#8211; kom\u00edn ve st\u0159e\u0161e, 16,5 kW"}]},{"@type":"WebSite","@id":"https:\/\/dev.domkisauny.pl\/cs\/#website","url":"https:\/\/dev.domkisauny.pl\/cs\/","name":"Chaty, sauny","description":"","publisher":{"@id":"https:\/\/dev.domkisauny.pl\/cs\/#organization"},"potentialAction":[{"@type":"SearchAction","target":{"@type":"EntryPoint","urlTemplate":"https:\/\/dev.domkisauny.pl\/cs\/?s={search_term_string}"},"query-input":{"@type":"PropertyValueSpecification","valueRequired":true,"valueName":"search_term_string"}}],"inLanguage":"cs"},{"@type":"Organization","@id":"https:\/\/dev.domkisauny.pl\/cs\/#organization","name":"Chaty, sauny","url":"https:\/\/dev.domkisauny.pl\/cs\/","logo":{"@type":"ImageObject","inLanguage":"cs","@id":"https:\/\/dev.domkisauny.pl\/cs\/#\/schema\/logo\/image\/","url":"https:\/\/domkisauny.pl\/wp-content\/uploads\/2022\/09\/logo_03.png","contentUrl":"https:\/\/domkisauny.pl\/wp-content\/uploads\/2022\/09\/logo_03.png","width":95,"height":81,"caption":"Chaty, sauny"},"image":{"@id":"https:\/\/dev.domkisauny.pl\/cs\/#\/schema\/logo\/image\/"},"sameAs":["https:\/\/www.facebook.com\/DomkiSauny"]}]}},"_links":{"self":[{"href":"https:\/\/dev.domkisauny.pl\/cs\/wp-json\/wp\/v2\/product\/9172","targetHints":{"allow":["GET"]}}],"collection":[{"href":"https:\/\/dev.domkisauny.pl\/cs\/wp-json\/wp\/v2\/product"}],"about":[{"href":"https:\/\/dev.domkisauny.pl\/cs\/wp-json\/wp\/v2\/types\/product"}],"wp:featuredmedia":[{"embeddable":true,"href":"https:\/\/dev.domkisauny.pl\/cs\/wp-json\/wp\/v2\/media\/7797"}],"wp:attachment":[{"href":"https:\/\/dev.domkisauny.pl\/cs\/wp-json\/wp\/v2\/media?parent=9172"}],"wp:term":[{"taxonomy":"product_brand","embeddable":true,"href":"https:\/\/dev.domkisauny.pl\/cs\/wp-json\/wp\/v2\/product_brand?post=9172"},{"taxonomy":"product_cat","embeddable":true,"href":"https:\/\/dev.domkisauny.pl\/cs\/wp-json\/wp\/v2\/product_cat?post=9172"},{"taxonomy":"product_tag","embeddable":true,"href":"https:\/\/dev.domkisauny.pl\/cs\/wp-json\/wp\/v2\/product_tag?post=9172"}],"curies":[{"name":"wp","href":"https:\/\/api.w.org\/{rel}","templated":true}]}}