{"id":9165,"date":"2024-01-22T06:20:03","date_gmt":"2024-01-22T05:20:03","guid":{"rendered":"https:\/\/domkisauny.pl\/?post_type=product&#038;p=9165"},"modified":"2025-01-26T16:31:57","modified_gmt":"2025-01-26T15:31:57","slug":"kamna-na-drevo-harvia-m3sl-165kw","status":"publish","type":"product","link":"https:\/\/dev.domkisauny.pl\/cs\/produkt\/kamna-na-drevo-harvia-m3sl-165kw\/","title":{"rendered":"Kamna na d\u0159evo Harvia M3SL 16,5kW"},"content":{"rendered":"<h3><strong>Specifikace:<\/strong><\/h3>\n<ul>\n<li><strong>Rozm\u011bry<\/strong>: \u0160\u00ed\u0159ka 430 mm \/ Hloubka 390 mm \/ V\u00fd\u0161ka 710 mm<\/li>\n<li><strong>V\u00fdkon <\/strong>kamen: 16,5 kW<\/li>\n<li><strong>Ur\u010deno <\/strong>do saunu s kubaturou 6-13 m3<\/li>\n<li><strong>Mno\u017estv\u00ed<\/strong>\u00a0kamen\u016f (max): 30 kg<\/li>\n<li><strong>Cena <\/strong>nezahrnuje kom\u00edn a ochrann\u00e9 plechy.<\/li>\n<\/ul>\n<p>Dvakr\u00e1t v\u00edce tepla skryt\u00e9ho v jedine\u010dn\u00e9 estetice. \u010c\u00edm vynik\u00e1 Harvia M3 SL?<\/p>\n<ul>\n<li>Elektrick\u00e1 topidla v saun\u00e1ch BAREL POUZE PRO VLASTN\u00cd MONT\u00c1\u017d<\/li>\n<li>Elektrick\u00e1 topidla v PREMIUM saun\u00e1ch DOD\u00c1V\u00c1ME MONTOVAN\u011a<\/li>\n<li>DO KA\u017dD\u00c9 sauny DOD\u00c1ME MONTOVAN\u00c1 kamna na d\u0159evo<\/li>\n<\/ul>\n<h3><strong>Jedine\u010dn\u00e1 kamna do sauny<\/strong><\/h3>\n<p>Jedine\u010dnou vlastnost\u00ed kamen Harvia M3 SL je roz\u0161\u00ed\u0159en\u00e9 topeni\u0161t\u011b.<strong> Jedn\u00e1 se o \u0159e\u0161en\u00ed, kter\u00e9 nejen vytv\u00e1\u0159\u00ed jedine\u010dn\u00fd styl, ale poskytuje tak\u00e9 praktick\u00e9 v\u00fdhody. <\/strong>To n\u00e1m d\u00e1v\u00e1 dvakr\u00e1t v\u011bt\u0161\u00ed prostor pro um\u00edst\u011bn\u00ed d\u0159eva, co\u017e se prom\u00edt\u00e1 do jejich v\u00fdkonu. Tato kamna pojmou a\u017e 30 kg kamen\u016f.<strong> Jejich provoz je ide\u00e1ln\u00ed pro st\u0159edn\u011b velk\u00e9 sauny &#8211; do velikosti cca 13 m3, kde rychle zv\u00fd\u0161\u00ed teplotu a napln\u00ed je p\u0159\u00edjemnou p\u00e1rou.<\/strong><\/p>\n<p>Tato kamna se instaluj\u00ed do otvoru v d\u0159ev\u011bn\u00e9 st\u011bn\u011b o s\u00edle 150 mm. N\u00e1sledn\u011b, kdy\u017e tr\u00e1v\u00edte \u010das v saun\u011b, je z druh\u00e9 strany st\u011bny um\u00edst\u011bno palivov\u00e9 d\u0159evo do topeni\u0161t\u011b.<\/p>\n<h3><strong>Zvl\u00e1\u0161tn\u00ed atmosf\u00e9ra s kamny na d\u0159evo<\/strong><\/h3>\n<p>I kdy\u017e v dne\u0161n\u00ed dob\u011b m\u016f\u017eeme \u010d\u00edm d\u00e1l \u010dast\u011bji vid\u011bt elektrick\u00e1 kamna, ta oh\u0159\u00edvan\u00e1 d\u0159evem st\u00e1le p\u0159itahuj\u00ed pozornost. <strong>Hlavn\u00edm d\u016fvodem je schopnost vytvo\u0159it skv\u011blou atmosf\u00e9ru a klima uvnit\u0159 sauny. <\/strong>Pocit komfortu a p\u0159irozen\u00e9ho tepla je v tomto p\u0159\u00edpad\u011b nesrovnateln\u00fd.<\/p>\n<p>Kamna jsou vybavena litinov\u00fdmi dv\u00ed\u0159ky s bezpe\u010dnou rukojet\u00ed, d\u00edky \u010demu\u017e je zav\u00edr\u00e1n\u00ed kamen pohodln\u00e9. Sada je dod\u00e1v\u00e1na s kameny. Mo\u017enost zm\u011bny sm\u011bru otev\u00edr\u00e1n\u00ed dv\u00ed\u0159ek usnad\u0148uje pou\u017e\u00edv\u00e1n\u00ed t\u011bchto kamen.<\/p>\n<p>&nbsp;<\/p>\n","protected":false},"excerpt":{"rendered":"<p>Specifikace: Rozm\u011bry: \u0160\u00ed\u0159ka 430 mm \/ Hloubka 390 mm \/ V\u00fd\u0161ka 710 mm V\u00fdkon kamen: 16,5 kW Ur\u010deno do saunu<\/p>\n","protected":false},"featured_media":7785,"template":"","meta":{"_acf_changed":false},"product_brand":[],"product_cat":[310],"product_tag":[],"class_list":{"0":"post-9165","1":"product","2":"type-product","3":"status-publish","4":"has-post-thumbnail","6":"product_cat-pec-do-sauny-na-drevo","8":"first","9":"instock","10":"shipping-taxable","11":"purchasable","12":"product-type-simple"},"acf":[],"yoast_head":"<!-- This site is optimized with the Yoast SEO plugin v27.4 - https:\/\/yoast.com\/product\/yoast-seo-wordpress\/ -->\n<title>Kamna na d\u0159evo Harvia M3SL 16,5kW | Chaty, sauny<\/title>\n<meta name=\"robots\" content=\"noindex, follow, max-snippet:-1, max-image-preview:large, max-video-preview:-1\" \/>\n<meta property=\"og:locale\" content=\"cs_CZ\" \/>\n<meta property=\"og:type\" content=\"article\" \/>\n<meta property=\"og:title\" content=\"Kamna na d\u0159evo Harvia M3SL 16,5kW | Chaty, sauny\" \/>\n<meta property=\"og:description\" content=\"Specifikace: Rozm\u011bry: \u0160\u00ed\u0159ka 430 mm \/ Hloubka 390 mm \/ V\u00fd\u0161ka 710 mm V\u00fdkon kamen: 16,5 kW Ur\u010deno do saunu\" \/>\n<meta property=\"og:url\" content=\"https:\/\/dev.domkisauny.pl\/cs\/produkt\/kamna-na-drevo-harvia-m3sl-165kw\/\" \/>\n<meta property=\"og:site_name\" content=\"Chaty, sauny\" \/>\n<meta property=\"article:publisher\" content=\"https:\/\/www.facebook.com\/DomkiSauny\" \/>\n<meta property=\"article:modified_time\" content=\"2025-01-26T15:31:57+00:00\" \/>\n<meta property=\"og:image\" content=\"https:\/\/dev.domkisauny.pl\/wp-content\/uploads\/2024\/01\/Harvia-M3-SL-1.jpg\" \/>\n\t<meta property=\"og:image:width\" content=\"2000\" \/>\n\t<meta property=\"og:image:height\" content=\"1600\" \/>\n\t<meta property=\"og:image:type\" content=\"image\/jpeg\" \/>\n<meta name=\"twitter:card\" content=\"summary_large_image\" \/>\n<meta name=\"twitter:label1\" content=\"Odhadovan\u00e1 doba \u010dten\u00ed\" \/>\n\t<meta name=\"twitter:data1\" content=\"2 minuty\" \/>\n<script type=\"application\/ld+json\" class=\"yoast-schema-graph\">{\"@context\":\"https:\\\/\\\/schema.org\",\"@graph\":[{\"@type\":\"WebPage\",\"@id\":\"https:\\\/\\\/dev.domkisauny.pl\\\/cs\\\/produkt\\\/kamna-na-drevo-harvia-m3sl-165kw\\\/\",\"url\":\"https:\\\/\\\/dev.domkisauny.pl\\\/cs\\\/produkt\\\/kamna-na-drevo-harvia-m3sl-165kw\\\/\",\"name\":\"Kamna na d\u0159evo Harvia M3SL 16,5kW | Chaty, sauny\",\"isPartOf\":{\"@id\":\"https:\\\/\\\/dev.domkisauny.pl\\\/cs\\\/#website\"},\"primaryImageOfPage\":{\"@id\":\"https:\\\/\\\/dev.domkisauny.pl\\\/cs\\\/produkt\\\/kamna-na-drevo-harvia-m3sl-165kw\\\/#primaryimage\"},\"image\":{\"@id\":\"https:\\\/\\\/dev.domkisauny.pl\\\/cs\\\/produkt\\\/kamna-na-drevo-harvia-m3sl-165kw\\\/#primaryimage\"},\"thumbnailUrl\":\"https:\\\/\\\/dev.domkisauny.pl\\\/wp-content\\\/uploads\\\/2024\\\/01\\\/Harvia-M3-SL-1.jpg\",\"datePublished\":\"2024-01-22T05:20:03+00:00\",\"dateModified\":\"2025-01-26T15:31:57+00:00\",\"breadcrumb\":{\"@id\":\"https:\\\/\\\/dev.domkisauny.pl\\\/cs\\\/produkt\\\/kamna-na-drevo-harvia-m3sl-165kw\\\/#breadcrumb\"},\"inLanguage\":\"cs\",\"potentialAction\":[{\"@type\":\"ReadAction\",\"target\":[\"https:\\\/\\\/dev.domkisauny.pl\\\/cs\\\/produkt\\\/kamna-na-drevo-harvia-m3sl-165kw\\\/\"]}]},{\"@type\":\"ImageObject\",\"inLanguage\":\"cs\",\"@id\":\"https:\\\/\\\/dev.domkisauny.pl\\\/cs\\\/produkt\\\/kamna-na-drevo-harvia-m3sl-165kw\\\/#primaryimage\",\"url\":\"https:\\\/\\\/dev.domkisauny.pl\\\/wp-content\\\/uploads\\\/2024\\\/01\\\/Harvia-M3-SL-1.jpg\",\"contentUrl\":\"https:\\\/\\\/dev.domkisauny.pl\\\/wp-content\\\/uploads\\\/2024\\\/01\\\/Harvia-M3-SL-1.jpg\",\"width\":2000,\"height\":1600},{\"@type\":\"BreadcrumbList\",\"@id\":\"https:\\\/\\\/dev.domkisauny.pl\\\/cs\\\/produkt\\\/kamna-na-drevo-harvia-m3sl-165kw\\\/#breadcrumb\",\"itemListElement\":[{\"@type\":\"ListItem\",\"position\":1,\"name\":\"A&amp;M\",\"item\":\"https:\\\/\\\/dev.domkisauny.pl\\\/cs\\\/\"},{\"@type\":\"ListItem\",\"position\":2,\"name\":\"Produkty\",\"item\":\"https:\\\/\\\/dev.domkisauny.pl\\\/produkty\\\/\"},{\"@type\":\"ListItem\",\"position\":3,\"name\":\"P\u0159\u00edslu\u0161enstv\u00ed\",\"item\":\"https:\\\/\\\/dev.domkisauny.pl\\\/cs\\\/kategorie-produktu\\\/prislusenstvi-cs\\\/\"},{\"@type\":\"ListItem\",\"position\":4,\"name\":\"P\u011bny do sauny\",\"item\":\"https:\\\/\\\/dev.domkisauny.pl\\\/cs\\\/kategorie-produktu\\\/prislusenstvi-cs\\\/peny-do-sauny\\\/\"},{\"@type\":\"ListItem\",\"position\":5,\"name\":\"Pec do sauny na d\u0159evo\",\"item\":\"https:\\\/\\\/dev.domkisauny.pl\\\/cs\\\/kategorie-produktu\\\/prislusenstvi-cs\\\/peny-do-sauny\\\/pec-do-sauny-na-drevo\\\/\"},{\"@type\":\"ListItem\",\"position\":6,\"name\":\"Kamna na d\u0159evo Harvia M3SL 16,5kW\"}]},{\"@type\":\"WebSite\",\"@id\":\"https:\\\/\\\/dev.domkisauny.pl\\\/cs\\\/#website\",\"url\":\"https:\\\/\\\/dev.domkisauny.pl\\\/cs\\\/\",\"name\":\"Chaty, sauny\",\"description\":\"\",\"publisher\":{\"@id\":\"https:\\\/\\\/dev.domkisauny.pl\\\/cs\\\/#organization\"},\"potentialAction\":[{\"@type\":\"SearchAction\",\"target\":{\"@type\":\"EntryPoint\",\"urlTemplate\":\"https:\\\/\\\/dev.domkisauny.pl\\\/cs\\\/?s={search_term_string}\"},\"query-input\":{\"@type\":\"PropertyValueSpecification\",\"valueRequired\":true,\"valueName\":\"search_term_string\"}}],\"inLanguage\":\"cs\"},{\"@type\":\"Organization\",\"@id\":\"https:\\\/\\\/dev.domkisauny.pl\\\/cs\\\/#organization\",\"name\":\"Chaty, sauny\",\"url\":\"https:\\\/\\\/dev.domkisauny.pl\\\/cs\\\/\",\"logo\":{\"@type\":\"ImageObject\",\"inLanguage\":\"cs\",\"@id\":\"https:\\\/\\\/dev.domkisauny.pl\\\/cs\\\/#\\\/schema\\\/logo\\\/image\\\/\",\"url\":\"https:\\\/\\\/domkisauny.pl\\\/wp-content\\\/uploads\\\/2022\\\/09\\\/logo_03.png\",\"contentUrl\":\"https:\\\/\\\/domkisauny.pl\\\/wp-content\\\/uploads\\\/2022\\\/09\\\/logo_03.png\",\"width\":95,\"height\":81,\"caption\":\"Chaty, sauny\"},\"image\":{\"@id\":\"https:\\\/\\\/dev.domkisauny.pl\\\/cs\\\/#\\\/schema\\\/logo\\\/image\\\/\"},\"sameAs\":[\"https:\\\/\\\/www.facebook.com\\\/DomkiSauny\"]}]}<\/script>\n<!-- \/ Yoast SEO plugin. -->","yoast_head_json":{"title":"Kamna na d\u0159evo Harvia M3SL 16,5kW | Chaty, sauny","robots":{"index":"noindex","follow":"follow","max-snippet":"max-snippet:-1","max-image-preview":"max-image-preview:large","max-video-preview":"max-video-preview:-1"},"og_locale":"cs_CZ","og_type":"article","og_title":"Kamna na d\u0159evo Harvia M3SL 16,5kW | Chaty, sauny","og_description":"Specifikace: Rozm\u011bry: \u0160\u00ed\u0159ka 430 mm \/ Hloubka 390 mm \/ V\u00fd\u0161ka 710 mm V\u00fdkon kamen: 16,5 kW Ur\u010deno do saunu","og_url":"https:\/\/dev.domkisauny.pl\/cs\/produkt\/kamna-na-drevo-harvia-m3sl-165kw\/","og_site_name":"Chaty, sauny","article_publisher":"https:\/\/www.facebook.com\/DomkiSauny","article_modified_time":"2025-01-26T15:31:57+00:00","og_image":[{"width":2000,"height":1600,"url":"https:\/\/dev.domkisauny.pl\/wp-content\/uploads\/2024\/01\/Harvia-M3-SL-1.jpg","type":"image\/jpeg"}],"twitter_card":"summary_large_image","twitter_misc":{"Odhadovan\u00e1 doba \u010dten\u00ed":"2 minuty"},"schema":{"@context":"https:\/\/schema.org","@graph":[{"@type":"WebPage","@id":"https:\/\/dev.domkisauny.pl\/cs\/produkt\/kamna-na-drevo-harvia-m3sl-165kw\/","url":"https:\/\/dev.domkisauny.pl\/cs\/produkt\/kamna-na-drevo-harvia-m3sl-165kw\/","name":"Kamna na d\u0159evo Harvia M3SL 16,5kW | Chaty, sauny","isPartOf":{"@id":"https:\/\/dev.domkisauny.pl\/cs\/#website"},"primaryImageOfPage":{"@id":"https:\/\/dev.domkisauny.pl\/cs\/produkt\/kamna-na-drevo-harvia-m3sl-165kw\/#primaryimage"},"image":{"@id":"https:\/\/dev.domkisauny.pl\/cs\/produkt\/kamna-na-drevo-harvia-m3sl-165kw\/#primaryimage"},"thumbnailUrl":"https:\/\/dev.domkisauny.pl\/wp-content\/uploads\/2024\/01\/Harvia-M3-SL-1.jpg","datePublished":"2024-01-22T05:20:03+00:00","dateModified":"2025-01-26T15:31:57+00:00","breadcrumb":{"@id":"https:\/\/dev.domkisauny.pl\/cs\/produkt\/kamna-na-drevo-harvia-m3sl-165kw\/#breadcrumb"},"inLanguage":"cs","potentialAction":[{"@type":"ReadAction","target":["https:\/\/dev.domkisauny.pl\/cs\/produkt\/kamna-na-drevo-harvia-m3sl-165kw\/"]}]},{"@type":"ImageObject","inLanguage":"cs","@id":"https:\/\/dev.domkisauny.pl\/cs\/produkt\/kamna-na-drevo-harvia-m3sl-165kw\/#primaryimage","url":"https:\/\/dev.domkisauny.pl\/wp-content\/uploads\/2024\/01\/Harvia-M3-SL-1.jpg","contentUrl":"https:\/\/dev.domkisauny.pl\/wp-content\/uploads\/2024\/01\/Harvia-M3-SL-1.jpg","width":2000,"height":1600},{"@type":"BreadcrumbList","@id":"https:\/\/dev.domkisauny.pl\/cs\/produkt\/kamna-na-drevo-harvia-m3sl-165kw\/#breadcrumb","itemListElement":[{"@type":"ListItem","position":1,"name":"A&amp;M","item":"https:\/\/dev.domkisauny.pl\/cs\/"},{"@type":"ListItem","position":2,"name":"Produkty","item":"https:\/\/dev.domkisauny.pl\/produkty\/"},{"@type":"ListItem","position":3,"name":"P\u0159\u00edslu\u0161enstv\u00ed","item":"https:\/\/dev.domkisauny.pl\/cs\/kategorie-produktu\/prislusenstvi-cs\/"},{"@type":"ListItem","position":4,"name":"P\u011bny do sauny","item":"https:\/\/dev.domkisauny.pl\/cs\/kategorie-produktu\/prislusenstvi-cs\/peny-do-sauny\/"},{"@type":"ListItem","position":5,"name":"Pec do sauny na d\u0159evo","item":"https:\/\/dev.domkisauny.pl\/cs\/kategorie-produktu\/prislusenstvi-cs\/peny-do-sauny\/pec-do-sauny-na-drevo\/"},{"@type":"ListItem","position":6,"name":"Kamna na d\u0159evo Harvia M3SL 16,5kW"}]},{"@type":"WebSite","@id":"https:\/\/dev.domkisauny.pl\/cs\/#website","url":"https:\/\/dev.domkisauny.pl\/cs\/","name":"Chaty, sauny","description":"","publisher":{"@id":"https:\/\/dev.domkisauny.pl\/cs\/#organization"},"potentialAction":[{"@type":"SearchAction","target":{"@type":"EntryPoint","urlTemplate":"https:\/\/dev.domkisauny.pl\/cs\/?s={search_term_string}"},"query-input":{"@type":"PropertyValueSpecification","valueRequired":true,"valueName":"search_term_string"}}],"inLanguage":"cs"},{"@type":"Organization","@id":"https:\/\/dev.domkisauny.pl\/cs\/#organization","name":"Chaty, sauny","url":"https:\/\/dev.domkisauny.pl\/cs\/","logo":{"@type":"ImageObject","inLanguage":"cs","@id":"https:\/\/dev.domkisauny.pl\/cs\/#\/schema\/logo\/image\/","url":"https:\/\/domkisauny.pl\/wp-content\/uploads\/2022\/09\/logo_03.png","contentUrl":"https:\/\/domkisauny.pl\/wp-content\/uploads\/2022\/09\/logo_03.png","width":95,"height":81,"caption":"Chaty, sauny"},"image":{"@id":"https:\/\/dev.domkisauny.pl\/cs\/#\/schema\/logo\/image\/"},"sameAs":["https:\/\/www.facebook.com\/DomkiSauny"]}]}},"_links":{"self":[{"href":"https:\/\/dev.domkisauny.pl\/cs\/wp-json\/wp\/v2\/product\/9165","targetHints":{"allow":["GET"]}}],"collection":[{"href":"https:\/\/dev.domkisauny.pl\/cs\/wp-json\/wp\/v2\/product"}],"about":[{"href":"https:\/\/dev.domkisauny.pl\/cs\/wp-json\/wp\/v2\/types\/product"}],"wp:featuredmedia":[{"embeddable":true,"href":"https:\/\/dev.domkisauny.pl\/cs\/wp-json\/wp\/v2\/media\/7785"}],"wp:attachment":[{"href":"https:\/\/dev.domkisauny.pl\/cs\/wp-json\/wp\/v2\/media?parent=9165"}],"wp:term":[{"taxonomy":"product_brand","embeddable":true,"href":"https:\/\/dev.domkisauny.pl\/cs\/wp-json\/wp\/v2\/product_brand?post=9165"},{"taxonomy":"product_cat","embeddable":true,"href":"https:\/\/dev.domkisauny.pl\/cs\/wp-json\/wp\/v2\/product_cat?post=9165"},{"taxonomy":"product_tag","embeddable":true,"href":"https:\/\/dev.domkisauny.pl\/cs\/wp-json\/wp\/v2\/product_tag?post=9165"}],"curies":[{"name":"wp","href":"https:\/\/api.w.org\/{rel}","templated":true}]}}