{"id":9156,"date":"2024-01-22T06:43:18","date_gmt":"2024-01-22T05:43:18","guid":{"rendered":"https:\/\/domkisauny.pl\/?post_type=product&#038;p=9156"},"modified":"2025-01-26T16:40:25","modified_gmt":"2025-01-26T15:40:25","slug":"elektricka-kamna-harvia-cilindro-pc90-9kw","status":"publish","type":"product","link":"https:\/\/dev.domkisauny.pl\/cs\/produkt\/elektricka-kamna-harvia-cilindro-pc90-9kw\/","title":{"rendered":"Elektrick\u00e1 kamna Harvia Cilindro PC90 9kW"},"content":{"rendered":"<h3><strong>Specifikace:<\/strong><\/h3>\n<ul>\n<li><strong>Rozm\u011bry<\/strong>: \u0160\u00ed\u0159ka 360 mm \/ Hloubka 340mm \/ V\u00fd\u0161ka 930mm<\/li>\n<li><strong>Hmotnost<\/strong>: 10 kg<\/li>\n<li><strong>V\u00fdkon<\/strong>\u00a0kamen: 9 kW<\/li>\n<li><strong>Ur\u010deno<\/strong>\u00a0do sauny s kubaturou: 8-14 m3<\/li>\n<li><strong>Nap\u00e1jen\u00ed<\/strong>: 3-f\u00e1zov\u00e9 nap\u00e1jec\u00ed nap\u011bt\u00ed 400 V 3N, kabel 5 x 2,5 mm\u00b2, pojistka 3 x 16.<\/li>\n<li><strong>Cena zahrnuje<\/strong>: 80 kg kamen\u016f<\/li>\n<\/ul>\n<p>Velk\u00e9 mno\u017estv\u00ed kamen\u016f je skute\u010dn\u00fdm receptem na p\u0159\u00edjemn\u011bj\u0161\u00ed z\u00e1\u017eitek p\u0159i saunov\u00e1n\u00ed.<\/p>\n<ul>\n<li>Elektrick\u00e1 topidla v saun\u00e1ch BAREL POUZE PRO VLASTN\u00cd MONT\u00c1\u017d<\/li>\n<li>Elektrick\u00e1 topidla v PREMIUM saun\u00e1ch DOD\u00c1V\u00c1ME MONTOVAN\u011a<\/li>\n<li>DO KA\u017dD\u00c9 sauny DOD\u00c1ME MONTOVAN\u00c1 kamna na d\u0159evo<\/li>\n<\/ul>\n<h3><strong>Perfektn\u00ed podm\u00ednky se sloupov\u00fdmi kamny<\/strong><\/h3>\n<p>Kamna s velk\u00fdm mno\u017estv\u00edm kamen\u016f sn\u00e1ze zajist\u00ed ide\u00e1ln\u00ed podm\u00ednky v saun\u011b a nav\u00edc rychleji. <strong>Mezi takov\u00e9 modely pat\u0159\u00ed Harvia CILINDRO PC90, do kter\u00fdch se jich vejde a\u017e 80 kg, kter\u00e9 jsou sou\u010d\u00e1st\u00ed sady.<\/strong> Zvl\u00e1\u0161tn\u00ed uzn\u00e1n\u00ed si zaslou\u017e\u00ed i a\u017eurov\u00fd kryt namontovan\u00fd na vn\u011bj\u0161\u00ed stran\u011b cel\u00e9ho sloupu. <strong>D\u00edky n\u011bmu jsme schopni libovoln\u011b regulovat parametry p\u00e1ry.<\/strong> Chceme-li, aby byla m\u00edrn\u00e1, m\u011bkk\u00e1 a jemn\u00e1, m\u011bli bychom kameny pol\u00e9vat z boku. Pokud v\u0161ak chceme, aby vjemy byly siln\u011bj\u0161\u00ed a p\u00e1ra tvrd\u0161\u00ed a ost\u0159ej\u0161\u00ed, doporu\u010duje se to d\u011blat shora.<\/p>\n<h3><strong>Zvl\u00e1\u0161t\u011b v\u00fdkonn\u00e1 kamna pro st\u0159edn\u011b velk\u00e9 sauny<\/strong><\/h3>\n<p>Um\u00edst\u011bn\u00edm <strong>kamen CILINDRO<\/strong> na podlahu m\u016f\u017eeme po\u010d\u00edtat s t\u00edm, \u017ee dokonale a d\u016fkladn\u011b vytop\u00ed ka\u017edou st\u0159edn\u011b velkou saunu. <strong>Jsou toti\u017e ide\u00e1ln\u00ed pro ty, kde je plocha od 8 m3 a\u017e do 14 m3.<\/strong> D\u00edky nerezov\u00e9 konstrukci si nav\u00edc m\u016f\u017eeme b\u00fdt jisti, \u017ee n\u00e1s jejich optim\u00e1ln\u00ed provoz bude prov\u00e1zet po mnoho let.<\/p>\n<p>&nbsp;<\/p>\n","protected":false},"excerpt":{"rendered":"<p>Specifikace: Rozm\u011bry: \u0160\u00ed\u0159ka 360 mm \/ Hloubka 340mm \/ V\u00fd\u0161ka 930mm Hmotnost: 10 kg V\u00fdkon\u00a0kamen: 9 kW Ur\u010deno\u00a0do sauny s<\/p>\n","protected":false},"featured_media":7775,"template":"","meta":{"_acf_changed":false},"product_brand":[],"product_cat":[313],"product_tag":[],"class_list":{"0":"post-9156","1":"product","2":"type-product","3":"status-publish","4":"has-post-thumbnail","6":"product_cat-elektricke-kamna-do-sauny","8":"first","9":"instock","10":"shipping-taxable","11":"purchasable","12":"product-type-simple"},"acf":[],"yoast_head":"<!-- This site is optimized with the Yoast SEO plugin v27.4 - https:\/\/yoast.com\/product\/yoast-seo-wordpress\/ -->\n<title>Elektrick\u00e1 kamna Harvia Cilindro PC90 9kW | Chaty, sauny<\/title>\n<meta name=\"robots\" content=\"noindex, follow, max-snippet:-1, max-image-preview:large, max-video-preview:-1\" \/>\n<meta property=\"og:locale\" content=\"cs_CZ\" \/>\n<meta property=\"og:type\" content=\"article\" \/>\n<meta property=\"og:title\" content=\"Elektrick\u00e1 kamna Harvia Cilindro PC90 9kW | Chaty, sauny\" \/>\n<meta property=\"og:description\" content=\"Specifikace: Rozm\u011bry: \u0160\u00ed\u0159ka 360 mm \/ Hloubka 340mm \/ V\u00fd\u0161ka 930mm Hmotnost: 10 kg V\u00fdkon\u00a0kamen: 9 kW Ur\u010deno\u00a0do sauny s\" \/>\n<meta property=\"og:url\" content=\"https:\/\/dev.domkisauny.pl\/cs\/produkt\/elektricka-kamna-harvia-cilindro-pc90-9kw\/\" \/>\n<meta property=\"og:site_name\" content=\"Chaty, sauny\" \/>\n<meta property=\"article:publisher\" content=\"https:\/\/www.facebook.com\/DomkiSauny\" \/>\n<meta property=\"article:modified_time\" content=\"2025-01-26T15:40:25+00:00\" \/>\n<meta property=\"og:image\" content=\"https:\/\/dev.domkisauny.pl\/wp-content\/uploads\/2024\/01\/CILINDRO-PC90.jpg\" \/>\n\t<meta property=\"og:image:width\" content=\"2000\" \/>\n\t<meta property=\"og:image:height\" content=\"1600\" \/>\n\t<meta property=\"og:image:type\" content=\"image\/jpeg\" \/>\n<meta name=\"twitter:card\" content=\"summary_large_image\" \/>\n<meta name=\"twitter:label1\" content=\"Odhadovan\u00e1 doba \u010dten\u00ed\" \/>\n\t<meta name=\"twitter:data1\" content=\"2 minuty\" \/>\n<script type=\"application\/ld+json\" class=\"yoast-schema-graph\">{\"@context\":\"https:\\\/\\\/schema.org\",\"@graph\":[{\"@type\":\"WebPage\",\"@id\":\"https:\\\/\\\/dev.domkisauny.pl\\\/cs\\\/produkt\\\/elektricka-kamna-harvia-cilindro-pc90-9kw\\\/\",\"url\":\"https:\\\/\\\/dev.domkisauny.pl\\\/cs\\\/produkt\\\/elektricka-kamna-harvia-cilindro-pc90-9kw\\\/\",\"name\":\"Elektrick\u00e1 kamna Harvia Cilindro PC90 9kW | Chaty, sauny\",\"isPartOf\":{\"@id\":\"https:\\\/\\\/dev.domkisauny.pl\\\/cs\\\/#website\"},\"primaryImageOfPage\":{\"@id\":\"https:\\\/\\\/dev.domkisauny.pl\\\/cs\\\/produkt\\\/elektricka-kamna-harvia-cilindro-pc90-9kw\\\/#primaryimage\"},\"image\":{\"@id\":\"https:\\\/\\\/dev.domkisauny.pl\\\/cs\\\/produkt\\\/elektricka-kamna-harvia-cilindro-pc90-9kw\\\/#primaryimage\"},\"thumbnailUrl\":\"https:\\\/\\\/dev.domkisauny.pl\\\/wp-content\\\/uploads\\\/2024\\\/01\\\/CILINDRO-PC90.jpg\",\"datePublished\":\"2024-01-22T05:43:18+00:00\",\"dateModified\":\"2025-01-26T15:40:25+00:00\",\"breadcrumb\":{\"@id\":\"https:\\\/\\\/dev.domkisauny.pl\\\/cs\\\/produkt\\\/elektricka-kamna-harvia-cilindro-pc90-9kw\\\/#breadcrumb\"},\"inLanguage\":\"cs\",\"potentialAction\":[{\"@type\":\"ReadAction\",\"target\":[\"https:\\\/\\\/dev.domkisauny.pl\\\/cs\\\/produkt\\\/elektricka-kamna-harvia-cilindro-pc90-9kw\\\/\"]}]},{\"@type\":\"ImageObject\",\"inLanguage\":\"cs\",\"@id\":\"https:\\\/\\\/dev.domkisauny.pl\\\/cs\\\/produkt\\\/elektricka-kamna-harvia-cilindro-pc90-9kw\\\/#primaryimage\",\"url\":\"https:\\\/\\\/dev.domkisauny.pl\\\/wp-content\\\/uploads\\\/2024\\\/01\\\/CILINDRO-PC90.jpg\",\"contentUrl\":\"https:\\\/\\\/dev.domkisauny.pl\\\/wp-content\\\/uploads\\\/2024\\\/01\\\/CILINDRO-PC90.jpg\",\"width\":2000,\"height\":1600},{\"@type\":\"BreadcrumbList\",\"@id\":\"https:\\\/\\\/dev.domkisauny.pl\\\/cs\\\/produkt\\\/elektricka-kamna-harvia-cilindro-pc90-9kw\\\/#breadcrumb\",\"itemListElement\":[{\"@type\":\"ListItem\",\"position\":1,\"name\":\"A&amp;M\",\"item\":\"https:\\\/\\\/dev.domkisauny.pl\\\/cs\\\/\"},{\"@type\":\"ListItem\",\"position\":2,\"name\":\"Produkty\",\"item\":\"https:\\\/\\\/dev.domkisauny.pl\\\/produkty\\\/\"},{\"@type\":\"ListItem\",\"position\":3,\"name\":\"P\u0159\u00edslu\u0161enstv\u00ed\",\"item\":\"https:\\\/\\\/dev.domkisauny.pl\\\/cs\\\/kategorie-produktu\\\/prislusenstvi-cs\\\/\"},{\"@type\":\"ListItem\",\"position\":4,\"name\":\"P\u011bny do sauny\",\"item\":\"https:\\\/\\\/dev.domkisauny.pl\\\/cs\\\/kategorie-produktu\\\/prislusenstvi-cs\\\/peny-do-sauny\\\/\"},{\"@type\":\"ListItem\",\"position\":5,\"name\":\"Elektrick\u00e9 kamna do sauny\",\"item\":\"https:\\\/\\\/dev.domkisauny.pl\\\/cs\\\/kategorie-produktu\\\/prislusenstvi-cs\\\/peny-do-sauny\\\/elektricke-kamna-do-sauny\\\/\"},{\"@type\":\"ListItem\",\"position\":6,\"name\":\"Elektrick\u00e1 kamna Harvia Cilindro PC90 9kW\"}]},{\"@type\":\"WebSite\",\"@id\":\"https:\\\/\\\/dev.domkisauny.pl\\\/cs\\\/#website\",\"url\":\"https:\\\/\\\/dev.domkisauny.pl\\\/cs\\\/\",\"name\":\"Chaty, sauny\",\"description\":\"\",\"publisher\":{\"@id\":\"https:\\\/\\\/dev.domkisauny.pl\\\/cs\\\/#organization\"},\"potentialAction\":[{\"@type\":\"SearchAction\",\"target\":{\"@type\":\"EntryPoint\",\"urlTemplate\":\"https:\\\/\\\/dev.domkisauny.pl\\\/cs\\\/?s={search_term_string}\"},\"query-input\":{\"@type\":\"PropertyValueSpecification\",\"valueRequired\":true,\"valueName\":\"search_term_string\"}}],\"inLanguage\":\"cs\"},{\"@type\":\"Organization\",\"@id\":\"https:\\\/\\\/dev.domkisauny.pl\\\/cs\\\/#organization\",\"name\":\"Chaty, sauny\",\"url\":\"https:\\\/\\\/dev.domkisauny.pl\\\/cs\\\/\",\"logo\":{\"@type\":\"ImageObject\",\"inLanguage\":\"cs\",\"@id\":\"https:\\\/\\\/dev.domkisauny.pl\\\/cs\\\/#\\\/schema\\\/logo\\\/image\\\/\",\"url\":\"https:\\\/\\\/domkisauny.pl\\\/wp-content\\\/uploads\\\/2022\\\/09\\\/logo_03.png\",\"contentUrl\":\"https:\\\/\\\/domkisauny.pl\\\/wp-content\\\/uploads\\\/2022\\\/09\\\/logo_03.png\",\"width\":95,\"height\":81,\"caption\":\"Chaty, sauny\"},\"image\":{\"@id\":\"https:\\\/\\\/dev.domkisauny.pl\\\/cs\\\/#\\\/schema\\\/logo\\\/image\\\/\"},\"sameAs\":[\"https:\\\/\\\/www.facebook.com\\\/DomkiSauny\"]}]}<\/script>\n<!-- \/ Yoast SEO plugin. -->","yoast_head_json":{"title":"Elektrick\u00e1 kamna Harvia Cilindro PC90 9kW | Chaty, sauny","robots":{"index":"noindex","follow":"follow","max-snippet":"max-snippet:-1","max-image-preview":"max-image-preview:large","max-video-preview":"max-video-preview:-1"},"og_locale":"cs_CZ","og_type":"article","og_title":"Elektrick\u00e1 kamna Harvia Cilindro PC90 9kW | Chaty, sauny","og_description":"Specifikace: Rozm\u011bry: \u0160\u00ed\u0159ka 360 mm \/ Hloubka 340mm \/ V\u00fd\u0161ka 930mm Hmotnost: 10 kg V\u00fdkon\u00a0kamen: 9 kW Ur\u010deno\u00a0do sauny s","og_url":"https:\/\/dev.domkisauny.pl\/cs\/produkt\/elektricka-kamna-harvia-cilindro-pc90-9kw\/","og_site_name":"Chaty, sauny","article_publisher":"https:\/\/www.facebook.com\/DomkiSauny","article_modified_time":"2025-01-26T15:40:25+00:00","og_image":[{"width":2000,"height":1600,"url":"https:\/\/dev.domkisauny.pl\/wp-content\/uploads\/2024\/01\/CILINDRO-PC90.jpg","type":"image\/jpeg"}],"twitter_card":"summary_large_image","twitter_misc":{"Odhadovan\u00e1 doba \u010dten\u00ed":"2 minuty"},"schema":{"@context":"https:\/\/schema.org","@graph":[{"@type":"WebPage","@id":"https:\/\/dev.domkisauny.pl\/cs\/produkt\/elektricka-kamna-harvia-cilindro-pc90-9kw\/","url":"https:\/\/dev.domkisauny.pl\/cs\/produkt\/elektricka-kamna-harvia-cilindro-pc90-9kw\/","name":"Elektrick\u00e1 kamna Harvia Cilindro PC90 9kW | Chaty, sauny","isPartOf":{"@id":"https:\/\/dev.domkisauny.pl\/cs\/#website"},"primaryImageOfPage":{"@id":"https:\/\/dev.domkisauny.pl\/cs\/produkt\/elektricka-kamna-harvia-cilindro-pc90-9kw\/#primaryimage"},"image":{"@id":"https:\/\/dev.domkisauny.pl\/cs\/produkt\/elektricka-kamna-harvia-cilindro-pc90-9kw\/#primaryimage"},"thumbnailUrl":"https:\/\/dev.domkisauny.pl\/wp-content\/uploads\/2024\/01\/CILINDRO-PC90.jpg","datePublished":"2024-01-22T05:43:18+00:00","dateModified":"2025-01-26T15:40:25+00:00","breadcrumb":{"@id":"https:\/\/dev.domkisauny.pl\/cs\/produkt\/elektricka-kamna-harvia-cilindro-pc90-9kw\/#breadcrumb"},"inLanguage":"cs","potentialAction":[{"@type":"ReadAction","target":["https:\/\/dev.domkisauny.pl\/cs\/produkt\/elektricka-kamna-harvia-cilindro-pc90-9kw\/"]}]},{"@type":"ImageObject","inLanguage":"cs","@id":"https:\/\/dev.domkisauny.pl\/cs\/produkt\/elektricka-kamna-harvia-cilindro-pc90-9kw\/#primaryimage","url":"https:\/\/dev.domkisauny.pl\/wp-content\/uploads\/2024\/01\/CILINDRO-PC90.jpg","contentUrl":"https:\/\/dev.domkisauny.pl\/wp-content\/uploads\/2024\/01\/CILINDRO-PC90.jpg","width":2000,"height":1600},{"@type":"BreadcrumbList","@id":"https:\/\/dev.domkisauny.pl\/cs\/produkt\/elektricka-kamna-harvia-cilindro-pc90-9kw\/#breadcrumb","itemListElement":[{"@type":"ListItem","position":1,"name":"A&amp;M","item":"https:\/\/dev.domkisauny.pl\/cs\/"},{"@type":"ListItem","position":2,"name":"Produkty","item":"https:\/\/dev.domkisauny.pl\/produkty\/"},{"@type":"ListItem","position":3,"name":"P\u0159\u00edslu\u0161enstv\u00ed","item":"https:\/\/dev.domkisauny.pl\/cs\/kategorie-produktu\/prislusenstvi-cs\/"},{"@type":"ListItem","position":4,"name":"P\u011bny do sauny","item":"https:\/\/dev.domkisauny.pl\/cs\/kategorie-produktu\/prislusenstvi-cs\/peny-do-sauny\/"},{"@type":"ListItem","position":5,"name":"Elektrick\u00e9 kamna do sauny","item":"https:\/\/dev.domkisauny.pl\/cs\/kategorie-produktu\/prislusenstvi-cs\/peny-do-sauny\/elektricke-kamna-do-sauny\/"},{"@type":"ListItem","position":6,"name":"Elektrick\u00e1 kamna Harvia Cilindro PC90 9kW"}]},{"@type":"WebSite","@id":"https:\/\/dev.domkisauny.pl\/cs\/#website","url":"https:\/\/dev.domkisauny.pl\/cs\/","name":"Chaty, sauny","description":"","publisher":{"@id":"https:\/\/dev.domkisauny.pl\/cs\/#organization"},"potentialAction":[{"@type":"SearchAction","target":{"@type":"EntryPoint","urlTemplate":"https:\/\/dev.domkisauny.pl\/cs\/?s={search_term_string}"},"query-input":{"@type":"PropertyValueSpecification","valueRequired":true,"valueName":"search_term_string"}}],"inLanguage":"cs"},{"@type":"Organization","@id":"https:\/\/dev.domkisauny.pl\/cs\/#organization","name":"Chaty, sauny","url":"https:\/\/dev.domkisauny.pl\/cs\/","logo":{"@type":"ImageObject","inLanguage":"cs","@id":"https:\/\/dev.domkisauny.pl\/cs\/#\/schema\/logo\/image\/","url":"https:\/\/domkisauny.pl\/wp-content\/uploads\/2022\/09\/logo_03.png","contentUrl":"https:\/\/domkisauny.pl\/wp-content\/uploads\/2022\/09\/logo_03.png","width":95,"height":81,"caption":"Chaty, sauny"},"image":{"@id":"https:\/\/dev.domkisauny.pl\/cs\/#\/schema\/logo\/image\/"},"sameAs":["https:\/\/www.facebook.com\/DomkiSauny"]}]}},"_links":{"self":[{"href":"https:\/\/dev.domkisauny.pl\/cs\/wp-json\/wp\/v2\/product\/9156","targetHints":{"allow":["GET"]}}],"collection":[{"href":"https:\/\/dev.domkisauny.pl\/cs\/wp-json\/wp\/v2\/product"}],"about":[{"href":"https:\/\/dev.domkisauny.pl\/cs\/wp-json\/wp\/v2\/types\/product"}],"wp:featuredmedia":[{"embeddable":true,"href":"https:\/\/dev.domkisauny.pl\/cs\/wp-json\/wp\/v2\/media\/7775"}],"wp:attachment":[{"href":"https:\/\/dev.domkisauny.pl\/cs\/wp-json\/wp\/v2\/media?parent=9156"}],"wp:term":[{"taxonomy":"product_brand","embeddable":true,"href":"https:\/\/dev.domkisauny.pl\/cs\/wp-json\/wp\/v2\/product_brand?post=9156"},{"taxonomy":"product_cat","embeddable":true,"href":"https:\/\/dev.domkisauny.pl\/cs\/wp-json\/wp\/v2\/product_cat?post=9156"},{"taxonomy":"product_tag","embeddable":true,"href":"https:\/\/dev.domkisauny.pl\/cs\/wp-json\/wp\/v2\/product_tag?post=9156"}],"curies":[{"name":"wp","href":"https:\/\/api.w.org\/{rel}","templated":true}]}}