{"id":8645,"date":"2024-01-23T21:33:00","date_gmt":"2024-01-23T20:33:00","guid":{"rendered":"https:\/\/domkisauny.pl\/?post_type=product&#038;p=8645"},"modified":"2025-01-26T16:56:35","modified_gmt":"2025-01-26T15:56:35","slug":"cozy-12tw","status":"publish","type":"product","link":"https:\/\/dev.domkisauny.pl\/cs\/produkt\/cozy-12tw\/","title":{"rendered":"Cozy 12TW"},"content":{"rendered":"<h3 class=\"elementor-heading-title elementor-size-default\"><strong>Specifikace<\/strong>:<\/h3>\n<ul>\n<li><strong>Pec<\/strong>\u00a0topen\u00e1 d\u0159evem se zat\u00ed\u017een\u00edm zven\u010d\u00ed sauny.<\/li>\n<li>Kapacita kamna: 120 kg<\/li>\n<li>Ur\u010den\u00fd pro sauna o objemu 6-13 m3<\/li>\n<li>V\u00fdkon kamna 12 kW<\/li>\n<\/ul>\n<p>Z\u00e1ruka ide\u00e1ln\u00edch podm\u00ednek v saun\u011b. \u010c\u00edm se kamna Cozy 12TW odli\u0161uj\u00ed od ostatn\u00edch?<\/p>\n<ul>\n<li>Elektrick\u00e1 topidla v saun\u00e1ch BAREL POUZE PRO VLASTN\u00cd MONT\u00c1\u017d<\/li>\n<li>Elektrick\u00e1 topidla v PREMIUM saun\u00e1ch DOD\u00c1V\u00c1ME MONTOVAN\u011a<\/li>\n<li>DO KA\u017dD\u00c9 sauny DOD\u00c1ME MONTOVAN\u00c1 kamna na d\u0159evo<\/li>\n<\/ul>\n<h3><strong>Praktick\u00e1 a minimalistick\u00e1 kamna do sauny<\/strong><\/h3>\n<p>Vlastnost\u00ed, d\u00edky kter\u00e9 jsou kamna Cozy 12TW tak unik\u00e1tn\u00ed, je mimo jin\u00e9 i to, \u017ee se v nich top\u00ed z vn\u011bj\u0161\u00ed strany sauny. <strong>D\u00edky tomu z\u016fst\u00e1v\u00e1 uvnit\u0159 sauny mnohem v\u00edce m\u00edsta. <\/strong>Takov\u00e9 \u0159e\u0161en\u00ed umo\u017e\u0148uje mnohem lep\u0161\u00ed vyu\u017eit\u00ed prostoru sauny.\u00a0 A tak, m\u00edsto skladov\u00e1n\u00ed nap\u0159\u00edklad materi\u00e1lu pot\u0159ebn\u00e9ho k oh\u0159evu kamen\u016f m\u016f\u017eeme p\u0159idat dal\u0161\u00ed lavici. To se vyplat\u00ed zejm\u00e9na v p\u0159\u00edpad\u011b men\u0161\u00edch model\u016f saun, jejich\u017e prostor je pon\u011bkud omezen\u00fd. <strong>P\u0159esto tato kamna nejl\u00e9pe funguj\u00ed v prostor\u00e1ch v rozmez\u00ed 6 &#8211; 13 m<sup>3<\/sup>.<\/strong> Vypl\u00fdv\u00e1 to z jejich v\u00fdkonu 12 kW. Kamna Cozy nav\u00edc pojmou a\u017e 120 kg kamen\u016f, co\u017e znamen\u00e1, \u017ee rychle zv\u00fd\u0161\u00ed teplotu a napln\u00ed celou m\u00edstnost p\u0159\u00edjemnou p\u00e1rou.<\/p>\n<p>Za zm\u00ednku stoj\u00ed i to, \u017ee odpov\u00eddaj\u00ed n\u011bmeck\u00e9 norm\u011b pro topidla oh\u0159\u00edvan\u00e1 d\u0159evem &#8211; BimSchV II.<\/p>\n<h3><strong>P\u0159irozen\u00e9 klima, d\u00edky kamn\u016fm oh\u0159\u00edvan\u00fdm d\u0159evem<\/strong><\/h3>\n<p>P\u0159esto\u017ee modern\u00ed elektrick\u00e1 kamna z\u00edsk\u00e1vaj\u00ed na oblib\u011b, klasick\u00e9 modely a modely na d\u0159evo maj\u00ed st\u00e1le obrovsk\u00e9 mno\u017estv\u00ed p\u0159\u00edznivc\u016f. Je to p\u0159edev\u0161\u00edm d\u00edky jedine\u010dn\u00e9 atmosf\u00e9\u0159e, kterou dok\u00e1\u017eou vytvo\u0159it. <strong>P\u0159irozen\u00e9 teplo a v\u00fdsledn\u00fd pocit komfortu jsou pak jedine\u010dn\u00e9.<\/strong><\/p>\n<p>Kamna je v souladu s n\u011bmeck\u00fdm standardem BimSchV II, kter\u00fd se t\u00fdk\u00e1 d\u0159evem topen\u00fdch kamn\u016f.<\/p>\n","protected":false},"excerpt":{"rendered":"<p>Specifikace: Pec\u00a0topen\u00e1 d\u0159evem se zat\u00ed\u017een\u00edm zven\u010d\u00ed sauny. Kapacita kamna: 120 kg Ur\u010den\u00fd pro sauna o objemu 6-13 m3 V\u00fdkon kamna<\/p>\n","protected":false},"featured_media":8073,"template":"","meta":{"_acf_changed":false},"product_brand":[],"product_cat":[310],"product_tag":[],"class_list":{"0":"post-8645","1":"product","2":"type-product","3":"status-publish","4":"has-post-thumbnail","6":"product_cat-pec-do-sauny-na-drevo","8":"first","9":"instock","10":"shipping-taxable","11":"purchasable","12":"product-type-simple"},"acf":[],"yoast_head":"<!-- This site is optimized with the Yoast SEO plugin v27.4 - https:\/\/yoast.com\/product\/yoast-seo-wordpress\/ -->\n<title>Cozy 12TW | Chaty, sauny<\/title>\n<meta name=\"robots\" content=\"noindex, follow, max-snippet:-1, max-image-preview:large, max-video-preview:-1\" \/>\n<meta property=\"og:locale\" content=\"cs_CZ\" \/>\n<meta property=\"og:type\" content=\"article\" \/>\n<meta property=\"og:title\" content=\"Cozy 12TW | Chaty, sauny\" \/>\n<meta property=\"og:description\" content=\"Specifikace: Pec\u00a0topen\u00e1 d\u0159evem se zat\u00ed\u017een\u00edm zven\u010d\u00ed sauny. Kapacita kamna: 120 kg Ur\u010den\u00fd pro sauna o objemu 6-13 m3 V\u00fdkon kamna\" \/>\n<meta property=\"og:url\" content=\"https:\/\/dev.domkisauny.pl\/cs\/produkt\/cozy-12tw\/\" \/>\n<meta property=\"og:site_name\" content=\"Chaty, sauny\" \/>\n<meta property=\"article:publisher\" content=\"https:\/\/www.facebook.com\/DomkiSauny\" \/>\n<meta property=\"article:modified_time\" content=\"2025-01-26T15:56:35+00:00\" \/>\n<meta property=\"og:image\" content=\"https:\/\/dev.domkisauny.pl\/wp-content\/uploads\/2024\/01\/Cozy-12TW-1.jpg\" \/>\n\t<meta property=\"og:image:width\" content=\"2000\" \/>\n\t<meta property=\"og:image:height\" content=\"1600\" \/>\n\t<meta property=\"og:image:type\" content=\"image\/jpeg\" \/>\n<meta name=\"twitter:card\" content=\"summary_large_image\" \/>\n<meta name=\"twitter:label1\" content=\"Odhadovan\u00e1 doba \u010dten\u00ed\" \/>\n\t<meta name=\"twitter:data1\" content=\"2 minuty\" \/>\n<script type=\"application\/ld+json\" class=\"yoast-schema-graph\">{\"@context\":\"https:\\\/\\\/schema.org\",\"@graph\":[{\"@type\":\"WebPage\",\"@id\":\"https:\\\/\\\/dev.domkisauny.pl\\\/cs\\\/produkt\\\/cozy-12tw\\\/\",\"url\":\"https:\\\/\\\/dev.domkisauny.pl\\\/cs\\\/produkt\\\/cozy-12tw\\\/\",\"name\":\"Cozy 12TW | Chaty, sauny\",\"isPartOf\":{\"@id\":\"https:\\\/\\\/dev.domkisauny.pl\\\/cs\\\/#website\"},\"primaryImageOfPage\":{\"@id\":\"https:\\\/\\\/dev.domkisauny.pl\\\/cs\\\/produkt\\\/cozy-12tw\\\/#primaryimage\"},\"image\":{\"@id\":\"https:\\\/\\\/dev.domkisauny.pl\\\/cs\\\/produkt\\\/cozy-12tw\\\/#primaryimage\"},\"thumbnailUrl\":\"https:\\\/\\\/dev.domkisauny.pl\\\/wp-content\\\/uploads\\\/2024\\\/01\\\/Cozy-12TW-1.jpg\",\"datePublished\":\"2024-01-23T20:33:00+00:00\",\"dateModified\":\"2025-01-26T15:56:35+00:00\",\"breadcrumb\":{\"@id\":\"https:\\\/\\\/dev.domkisauny.pl\\\/cs\\\/produkt\\\/cozy-12tw\\\/#breadcrumb\"},\"inLanguage\":\"cs\",\"potentialAction\":[{\"@type\":\"ReadAction\",\"target\":[\"https:\\\/\\\/dev.domkisauny.pl\\\/cs\\\/produkt\\\/cozy-12tw\\\/\"]}]},{\"@type\":\"ImageObject\",\"inLanguage\":\"cs\",\"@id\":\"https:\\\/\\\/dev.domkisauny.pl\\\/cs\\\/produkt\\\/cozy-12tw\\\/#primaryimage\",\"url\":\"https:\\\/\\\/dev.domkisauny.pl\\\/wp-content\\\/uploads\\\/2024\\\/01\\\/Cozy-12TW-1.jpg\",\"contentUrl\":\"https:\\\/\\\/dev.domkisauny.pl\\\/wp-content\\\/uploads\\\/2024\\\/01\\\/Cozy-12TW-1.jpg\",\"width\":2000,\"height\":1600,\"caption\":\"Piec na drewno Cozy 12TW 12kW\"},{\"@type\":\"BreadcrumbList\",\"@id\":\"https:\\\/\\\/dev.domkisauny.pl\\\/cs\\\/produkt\\\/cozy-12tw\\\/#breadcrumb\",\"itemListElement\":[{\"@type\":\"ListItem\",\"position\":1,\"name\":\"A&amp;M\",\"item\":\"https:\\\/\\\/dev.domkisauny.pl\\\/cs\\\/\"},{\"@type\":\"ListItem\",\"position\":2,\"name\":\"Produkty\",\"item\":\"https:\\\/\\\/dev.domkisauny.pl\\\/produkty\\\/\"},{\"@type\":\"ListItem\",\"position\":3,\"name\":\"P\u0159\u00edslu\u0161enstv\u00ed\",\"item\":\"https:\\\/\\\/dev.domkisauny.pl\\\/cs\\\/kategorie-produktu\\\/prislusenstvi-cs\\\/\"},{\"@type\":\"ListItem\",\"position\":4,\"name\":\"P\u011bny do sauny\",\"item\":\"https:\\\/\\\/dev.domkisauny.pl\\\/cs\\\/kategorie-produktu\\\/prislusenstvi-cs\\\/peny-do-sauny\\\/\"},{\"@type\":\"ListItem\",\"position\":5,\"name\":\"Pec do sauny na d\u0159evo\",\"item\":\"https:\\\/\\\/dev.domkisauny.pl\\\/cs\\\/kategorie-produktu\\\/prislusenstvi-cs\\\/peny-do-sauny\\\/pec-do-sauny-na-drevo\\\/\"},{\"@type\":\"ListItem\",\"position\":6,\"name\":\"Cozy 12TW\"}]},{\"@type\":\"WebSite\",\"@id\":\"https:\\\/\\\/dev.domkisauny.pl\\\/cs\\\/#website\",\"url\":\"https:\\\/\\\/dev.domkisauny.pl\\\/cs\\\/\",\"name\":\"Chaty, sauny\",\"description\":\"\",\"publisher\":{\"@id\":\"https:\\\/\\\/dev.domkisauny.pl\\\/cs\\\/#organization\"},\"potentialAction\":[{\"@type\":\"SearchAction\",\"target\":{\"@type\":\"EntryPoint\",\"urlTemplate\":\"https:\\\/\\\/dev.domkisauny.pl\\\/cs\\\/?s={search_term_string}\"},\"query-input\":{\"@type\":\"PropertyValueSpecification\",\"valueRequired\":true,\"valueName\":\"search_term_string\"}}],\"inLanguage\":\"cs\"},{\"@type\":\"Organization\",\"@id\":\"https:\\\/\\\/dev.domkisauny.pl\\\/cs\\\/#organization\",\"name\":\"Chaty, sauny\",\"url\":\"https:\\\/\\\/dev.domkisauny.pl\\\/cs\\\/\",\"logo\":{\"@type\":\"ImageObject\",\"inLanguage\":\"cs\",\"@id\":\"https:\\\/\\\/dev.domkisauny.pl\\\/cs\\\/#\\\/schema\\\/logo\\\/image\\\/\",\"url\":\"https:\\\/\\\/domkisauny.pl\\\/wp-content\\\/uploads\\\/2022\\\/09\\\/logo_03.png\",\"contentUrl\":\"https:\\\/\\\/domkisauny.pl\\\/wp-content\\\/uploads\\\/2022\\\/09\\\/logo_03.png\",\"width\":95,\"height\":81,\"caption\":\"Chaty, sauny\"},\"image\":{\"@id\":\"https:\\\/\\\/dev.domkisauny.pl\\\/cs\\\/#\\\/schema\\\/logo\\\/image\\\/\"},\"sameAs\":[\"https:\\\/\\\/www.facebook.com\\\/DomkiSauny\"]}]}<\/script>\n<!-- \/ Yoast SEO plugin. -->","yoast_head_json":{"title":"Cozy 12TW | Chaty, sauny","robots":{"index":"noindex","follow":"follow","max-snippet":"max-snippet:-1","max-image-preview":"max-image-preview:large","max-video-preview":"max-video-preview:-1"},"og_locale":"cs_CZ","og_type":"article","og_title":"Cozy 12TW | Chaty, sauny","og_description":"Specifikace: Pec\u00a0topen\u00e1 d\u0159evem se zat\u00ed\u017een\u00edm zven\u010d\u00ed sauny. Kapacita kamna: 120 kg Ur\u010den\u00fd pro sauna o objemu 6-13 m3 V\u00fdkon kamna","og_url":"https:\/\/dev.domkisauny.pl\/cs\/produkt\/cozy-12tw\/","og_site_name":"Chaty, sauny","article_publisher":"https:\/\/www.facebook.com\/DomkiSauny","article_modified_time":"2025-01-26T15:56:35+00:00","og_image":[{"width":2000,"height":1600,"url":"https:\/\/dev.domkisauny.pl\/wp-content\/uploads\/2024\/01\/Cozy-12TW-1.jpg","type":"image\/jpeg"}],"twitter_card":"summary_large_image","twitter_misc":{"Odhadovan\u00e1 doba \u010dten\u00ed":"2 minuty"},"schema":{"@context":"https:\/\/schema.org","@graph":[{"@type":"WebPage","@id":"https:\/\/dev.domkisauny.pl\/cs\/produkt\/cozy-12tw\/","url":"https:\/\/dev.domkisauny.pl\/cs\/produkt\/cozy-12tw\/","name":"Cozy 12TW | Chaty, sauny","isPartOf":{"@id":"https:\/\/dev.domkisauny.pl\/cs\/#website"},"primaryImageOfPage":{"@id":"https:\/\/dev.domkisauny.pl\/cs\/produkt\/cozy-12tw\/#primaryimage"},"image":{"@id":"https:\/\/dev.domkisauny.pl\/cs\/produkt\/cozy-12tw\/#primaryimage"},"thumbnailUrl":"https:\/\/dev.domkisauny.pl\/wp-content\/uploads\/2024\/01\/Cozy-12TW-1.jpg","datePublished":"2024-01-23T20:33:00+00:00","dateModified":"2025-01-26T15:56:35+00:00","breadcrumb":{"@id":"https:\/\/dev.domkisauny.pl\/cs\/produkt\/cozy-12tw\/#breadcrumb"},"inLanguage":"cs","potentialAction":[{"@type":"ReadAction","target":["https:\/\/dev.domkisauny.pl\/cs\/produkt\/cozy-12tw\/"]}]},{"@type":"ImageObject","inLanguage":"cs","@id":"https:\/\/dev.domkisauny.pl\/cs\/produkt\/cozy-12tw\/#primaryimage","url":"https:\/\/dev.domkisauny.pl\/wp-content\/uploads\/2024\/01\/Cozy-12TW-1.jpg","contentUrl":"https:\/\/dev.domkisauny.pl\/wp-content\/uploads\/2024\/01\/Cozy-12TW-1.jpg","width":2000,"height":1600,"caption":"Piec na drewno Cozy 12TW 12kW"},{"@type":"BreadcrumbList","@id":"https:\/\/dev.domkisauny.pl\/cs\/produkt\/cozy-12tw\/#breadcrumb","itemListElement":[{"@type":"ListItem","position":1,"name":"A&amp;M","item":"https:\/\/dev.domkisauny.pl\/cs\/"},{"@type":"ListItem","position":2,"name":"Produkty","item":"https:\/\/dev.domkisauny.pl\/produkty\/"},{"@type":"ListItem","position":3,"name":"P\u0159\u00edslu\u0161enstv\u00ed","item":"https:\/\/dev.domkisauny.pl\/cs\/kategorie-produktu\/prislusenstvi-cs\/"},{"@type":"ListItem","position":4,"name":"P\u011bny do sauny","item":"https:\/\/dev.domkisauny.pl\/cs\/kategorie-produktu\/prislusenstvi-cs\/peny-do-sauny\/"},{"@type":"ListItem","position":5,"name":"Pec do sauny na d\u0159evo","item":"https:\/\/dev.domkisauny.pl\/cs\/kategorie-produktu\/prislusenstvi-cs\/peny-do-sauny\/pec-do-sauny-na-drevo\/"},{"@type":"ListItem","position":6,"name":"Cozy 12TW"}]},{"@type":"WebSite","@id":"https:\/\/dev.domkisauny.pl\/cs\/#website","url":"https:\/\/dev.domkisauny.pl\/cs\/","name":"Chaty, sauny","description":"","publisher":{"@id":"https:\/\/dev.domkisauny.pl\/cs\/#organization"},"potentialAction":[{"@type":"SearchAction","target":{"@type":"EntryPoint","urlTemplate":"https:\/\/dev.domkisauny.pl\/cs\/?s={search_term_string}"},"query-input":{"@type":"PropertyValueSpecification","valueRequired":true,"valueName":"search_term_string"}}],"inLanguage":"cs"},{"@type":"Organization","@id":"https:\/\/dev.domkisauny.pl\/cs\/#organization","name":"Chaty, sauny","url":"https:\/\/dev.domkisauny.pl\/cs\/","logo":{"@type":"ImageObject","inLanguage":"cs","@id":"https:\/\/dev.domkisauny.pl\/cs\/#\/schema\/logo\/image\/","url":"https:\/\/domkisauny.pl\/wp-content\/uploads\/2022\/09\/logo_03.png","contentUrl":"https:\/\/domkisauny.pl\/wp-content\/uploads\/2022\/09\/logo_03.png","width":95,"height":81,"caption":"Chaty, sauny"},"image":{"@id":"https:\/\/dev.domkisauny.pl\/cs\/#\/schema\/logo\/image\/"},"sameAs":["https:\/\/www.facebook.com\/DomkiSauny"]}]}},"_links":{"self":[{"href":"https:\/\/dev.domkisauny.pl\/cs\/wp-json\/wp\/v2\/product\/8645","targetHints":{"allow":["GET"]}}],"collection":[{"href":"https:\/\/dev.domkisauny.pl\/cs\/wp-json\/wp\/v2\/product"}],"about":[{"href":"https:\/\/dev.domkisauny.pl\/cs\/wp-json\/wp\/v2\/types\/product"}],"wp:featuredmedia":[{"embeddable":true,"href":"https:\/\/dev.domkisauny.pl\/cs\/wp-json\/wp\/v2\/media\/8073"}],"wp:attachment":[{"href":"https:\/\/dev.domkisauny.pl\/cs\/wp-json\/wp\/v2\/media?parent=8645"}],"wp:term":[{"taxonomy":"product_brand","embeddable":true,"href":"https:\/\/dev.domkisauny.pl\/cs\/wp-json\/wp\/v2\/product_brand?post=8645"},{"taxonomy":"product_cat","embeddable":true,"href":"https:\/\/dev.domkisauny.pl\/cs\/wp-json\/wp\/v2\/product_cat?post=8645"},{"taxonomy":"product_tag","embeddable":true,"href":"https:\/\/dev.domkisauny.pl\/cs\/wp-json\/wp\/v2\/product_tag?post=8645"}],"curies":[{"name":"wp","href":"https:\/\/api.w.org\/{rel}","templated":true}]}}