{"id":8639,"date":"2024-01-23T21:23:03","date_gmt":"2024-01-23T20:23:03","guid":{"rendered":"https:\/\/domkisauny.pl\/?post_type=product&#038;p=8639"},"modified":"2025-01-26T16:52:37","modified_gmt":"2025-01-26T15:52:37","slug":"cozy-12-o-net","status":"publish","type":"product","link":"https:\/\/dev.domkisauny.pl\/cs\/produkt\/cozy-12-o-net\/","title":{"rendered":"Cozy 12-o Net"},"content":{"rendered":"<h3>Specifikace:<\/h3>\n<ul>\n<li><strong>Krb<\/strong> na d\u0159evo s nalo\u017een\u00edm ze st\u0159edu sauny.<\/li>\n<li><strong>Kapacita<\/strong> kamen\u016f: 120 kg<\/li>\n<li><strong>Ur\u010deno<\/strong> pro sauny s objemem 8-15 m3<\/li>\n<li><strong>V\u00fdkon<\/strong> krbu: 12 kW<\/li>\n<\/ul>\n<p>\u010c\u00edm vynikaj\u00ed kamna Cozy 12-o Net oh\u0159\u00edvan\u00e9 d\u0159evem a pro\u010d zaru\u010duj\u00ed ide\u00e1ln\u00ed podm\u00ednky v saun\u011b?<\/p>\n<ul>\n<li>Elektrick\u00e1 topidla v saun\u00e1ch BAREL POUZE PRO VLASTN\u00cd MONT\u00c1\u017d<\/li>\n<li>Elektrick\u00e1 topidla v PREMIUM saun\u00e1ch DOD\u00c1V\u00c1ME MONTOVAN\u011a<\/li>\n<li>DO KA\u017dD\u00c9 sauny DOD\u00c1ME MONTOVAN\u00c1 kamna na d\u0159evo<\/li>\n<\/ul>\n<h3><strong>Praktick\u00e1 kamna do sauny<\/strong><\/h3>\n<p><strong>Cozy 12-o Net jsou dokonal\u00e9 pro pou\u017eit\u00ed ve st\u0159edn\u00edch a trochu v\u011bt\u0161\u00edch saun\u00e1ch. <\/strong>V modelech s kubaturou v rozmez\u00ed 8 &#8211; 15 m<sup>3<\/sup> spln\u00ed sv\u016fj \u00fa\u010del bez probl\u00e9m\u016f.<strong> Pom\u00e1h\u00e1 v tom jejich v\u00fdkon a\u017e 12 kW a fakt, \u017ee pojmou a\u017e 120 kg kamen\u016f.<\/strong> D\u00edky tomu kamna rychle napln\u00ed saunu p\u0159\u00edjemnou p\u00e1rou a zv\u00fd\u0161\u00ed teplotu.<\/p>\n<p>Za zm\u00ednku stoj\u00ed i to, \u017ee odpov\u00eddaj\u00ed n\u011bmeck\u00e9 norm\u011b pro topidla oh\u0159\u00edvan\u00e1 d\u0159evem &#8211; BimSchV II.<\/p>\n<h3><strong>P\u0159irozen\u00e1 atmosf\u00e9ra d\u00edky kamn\u016fm oh\u0159\u00edvan\u00fdm d\u0159evem.<\/strong><\/h3>\n<p>I kdy\u017e mnohem inovativn\u011bj\u0161\u00ed &#8211; elektrick\u00e9 modely z\u00edsk\u00e1vaj\u00ed na popularit\u011b, klasika na d\u0159evo se st\u00e1le \u010dasto st\u00e1v\u00e1 kone\u010dnou volbou. <strong>Je to d\u00e1no p\u0159edev\u0161\u00edm jedine\u010dnou atmosf\u00e9rou, kterou tento typ kamen dok\u00e1\u017ee vytvo\u0159it.<\/strong> Komfort, kter\u00fd s sebou p\u0159in\u00e1\u0161\u00ed p\u0159irozen\u00e1 atmosf\u00e9ra, je neoceniteln\u00fd a jedine\u010dn\u00fd.<\/p>\n<p>Oh\u0159\u00edva\u010d je v souladu s n\u011bmeckou normou BimSchV II t\u00fdkaj\u00edc\u00ed se krb\u016f na d\u0159evo.<\/p>\n","protected":false},"excerpt":{"rendered":"<p>Specifikace: Krb na d\u0159evo s nalo\u017een\u00edm ze st\u0159edu sauny. Kapacita kamen\u016f: 120 kg Ur\u010deno pro sauny s objemem 8-15 m3<\/p>\n","protected":false},"featured_media":8069,"template":"","meta":{"_acf_changed":false},"product_brand":[],"product_cat":[310],"product_tag":[],"class_list":{"0":"post-8639","1":"product","2":"type-product","3":"status-publish","4":"has-post-thumbnail","6":"product_cat-pec-do-sauny-na-drevo","8":"first","9":"instock","10":"shipping-taxable","11":"purchasable","12":"product-type-simple"},"acf":[],"yoast_head":"<!-- This site is optimized with the Yoast SEO plugin v27.4 - https:\/\/yoast.com\/product\/yoast-seo-wordpress\/ -->\n<title>Cozy 12-o Net | Chaty, sauny<\/title>\n<meta name=\"robots\" content=\"noindex, follow, max-snippet:-1, max-image-preview:large, max-video-preview:-1\" \/>\n<meta property=\"og:locale\" content=\"cs_CZ\" \/>\n<meta property=\"og:type\" content=\"article\" \/>\n<meta property=\"og:title\" content=\"Cozy 12-o Net | Chaty, sauny\" \/>\n<meta property=\"og:description\" content=\"Specifikace: Krb na d\u0159evo s nalo\u017een\u00edm ze st\u0159edu sauny. Kapacita kamen\u016f: 120 kg Ur\u010deno pro sauny s objemem 8-15 m3\" \/>\n<meta property=\"og:url\" content=\"https:\/\/dev.domkisauny.pl\/cs\/produkt\/cozy-12-o-net\/\" \/>\n<meta property=\"og:site_name\" content=\"Chaty, sauny\" \/>\n<meta property=\"article:publisher\" content=\"https:\/\/www.facebook.com\/DomkiSauny\" \/>\n<meta property=\"article:modified_time\" content=\"2025-01-26T15:52:37+00:00\" \/>\n<meta property=\"og:image\" content=\"https:\/\/dev.domkisauny.pl\/wp-content\/uploads\/2024\/01\/Cozy-12-o-Net.jpg\" \/>\n\t<meta property=\"og:image:width\" content=\"2000\" \/>\n\t<meta property=\"og:image:height\" content=\"1600\" \/>\n\t<meta property=\"og:image:type\" content=\"image\/jpeg\" \/>\n<meta name=\"twitter:card\" content=\"summary_large_image\" \/>\n<meta name=\"twitter:label1\" content=\"Odhadovan\u00e1 doba \u010dten\u00ed\" \/>\n\t<meta name=\"twitter:data1\" content=\"2 minuty\" \/>\n<script type=\"application\/ld+json\" class=\"yoast-schema-graph\">{\"@context\":\"https:\\\/\\\/schema.org\",\"@graph\":[{\"@type\":\"WebPage\",\"@id\":\"https:\\\/\\\/dev.domkisauny.pl\\\/cs\\\/produkt\\\/cozy-12-o-net\\\/\",\"url\":\"https:\\\/\\\/dev.domkisauny.pl\\\/cs\\\/produkt\\\/cozy-12-o-net\\\/\",\"name\":\"Cozy 12-o Net | Chaty, sauny\",\"isPartOf\":{\"@id\":\"https:\\\/\\\/dev.domkisauny.pl\\\/cs\\\/#website\"},\"primaryImageOfPage\":{\"@id\":\"https:\\\/\\\/dev.domkisauny.pl\\\/cs\\\/produkt\\\/cozy-12-o-net\\\/#primaryimage\"},\"image\":{\"@id\":\"https:\\\/\\\/dev.domkisauny.pl\\\/cs\\\/produkt\\\/cozy-12-o-net\\\/#primaryimage\"},\"thumbnailUrl\":\"https:\\\/\\\/dev.domkisauny.pl\\\/wp-content\\\/uploads\\\/2024\\\/01\\\/Cozy-12-o-Net.jpg\",\"datePublished\":\"2024-01-23T20:23:03+00:00\",\"dateModified\":\"2025-01-26T15:52:37+00:00\",\"breadcrumb\":{\"@id\":\"https:\\\/\\\/dev.domkisauny.pl\\\/cs\\\/produkt\\\/cozy-12-o-net\\\/#breadcrumb\"},\"inLanguage\":\"cs\",\"potentialAction\":[{\"@type\":\"ReadAction\",\"target\":[\"https:\\\/\\\/dev.domkisauny.pl\\\/cs\\\/produkt\\\/cozy-12-o-net\\\/\"]}]},{\"@type\":\"ImageObject\",\"inLanguage\":\"cs\",\"@id\":\"https:\\\/\\\/dev.domkisauny.pl\\\/cs\\\/produkt\\\/cozy-12-o-net\\\/#primaryimage\",\"url\":\"https:\\\/\\\/dev.domkisauny.pl\\\/wp-content\\\/uploads\\\/2024\\\/01\\\/Cozy-12-o-Net.jpg\",\"contentUrl\":\"https:\\\/\\\/dev.domkisauny.pl\\\/wp-content\\\/uploads\\\/2024\\\/01\\\/Cozy-12-o-Net.jpg\",\"width\":2000,\"height\":1600,\"caption\":\"Piec na drewno Cozy 12-o Net 12kW\"},{\"@type\":\"BreadcrumbList\",\"@id\":\"https:\\\/\\\/dev.domkisauny.pl\\\/cs\\\/produkt\\\/cozy-12-o-net\\\/#breadcrumb\",\"itemListElement\":[{\"@type\":\"ListItem\",\"position\":1,\"name\":\"A&amp;M\",\"item\":\"https:\\\/\\\/dev.domkisauny.pl\\\/cs\\\/\"},{\"@type\":\"ListItem\",\"position\":2,\"name\":\"Produkty\",\"item\":\"https:\\\/\\\/dev.domkisauny.pl\\\/produkty\\\/\"},{\"@type\":\"ListItem\",\"position\":3,\"name\":\"P\u0159\u00edslu\u0161enstv\u00ed\",\"item\":\"https:\\\/\\\/dev.domkisauny.pl\\\/cs\\\/kategorie-produktu\\\/prislusenstvi-cs\\\/\"},{\"@type\":\"ListItem\",\"position\":4,\"name\":\"P\u011bny do sauny\",\"item\":\"https:\\\/\\\/dev.domkisauny.pl\\\/cs\\\/kategorie-produktu\\\/prislusenstvi-cs\\\/peny-do-sauny\\\/\"},{\"@type\":\"ListItem\",\"position\":5,\"name\":\"Pec do sauny na d\u0159evo\",\"item\":\"https:\\\/\\\/dev.domkisauny.pl\\\/cs\\\/kategorie-produktu\\\/prislusenstvi-cs\\\/peny-do-sauny\\\/pec-do-sauny-na-drevo\\\/\"},{\"@type\":\"ListItem\",\"position\":6,\"name\":\"Cozy 12-o Net\"}]},{\"@type\":\"WebSite\",\"@id\":\"https:\\\/\\\/dev.domkisauny.pl\\\/cs\\\/#website\",\"url\":\"https:\\\/\\\/dev.domkisauny.pl\\\/cs\\\/\",\"name\":\"Chaty, sauny\",\"description\":\"\",\"publisher\":{\"@id\":\"https:\\\/\\\/dev.domkisauny.pl\\\/cs\\\/#organization\"},\"potentialAction\":[{\"@type\":\"SearchAction\",\"target\":{\"@type\":\"EntryPoint\",\"urlTemplate\":\"https:\\\/\\\/dev.domkisauny.pl\\\/cs\\\/?s={search_term_string}\"},\"query-input\":{\"@type\":\"PropertyValueSpecification\",\"valueRequired\":true,\"valueName\":\"search_term_string\"}}],\"inLanguage\":\"cs\"},{\"@type\":\"Organization\",\"@id\":\"https:\\\/\\\/dev.domkisauny.pl\\\/cs\\\/#organization\",\"name\":\"Chaty, sauny\",\"url\":\"https:\\\/\\\/dev.domkisauny.pl\\\/cs\\\/\",\"logo\":{\"@type\":\"ImageObject\",\"inLanguage\":\"cs\",\"@id\":\"https:\\\/\\\/dev.domkisauny.pl\\\/cs\\\/#\\\/schema\\\/logo\\\/image\\\/\",\"url\":\"https:\\\/\\\/domkisauny.pl\\\/wp-content\\\/uploads\\\/2022\\\/09\\\/logo_03.png\",\"contentUrl\":\"https:\\\/\\\/domkisauny.pl\\\/wp-content\\\/uploads\\\/2022\\\/09\\\/logo_03.png\",\"width\":95,\"height\":81,\"caption\":\"Chaty, sauny\"},\"image\":{\"@id\":\"https:\\\/\\\/dev.domkisauny.pl\\\/cs\\\/#\\\/schema\\\/logo\\\/image\\\/\"},\"sameAs\":[\"https:\\\/\\\/www.facebook.com\\\/DomkiSauny\"]}]}<\/script>\n<!-- \/ Yoast SEO plugin. -->","yoast_head_json":{"title":"Cozy 12-o Net | Chaty, sauny","robots":{"index":"noindex","follow":"follow","max-snippet":"max-snippet:-1","max-image-preview":"max-image-preview:large","max-video-preview":"max-video-preview:-1"},"og_locale":"cs_CZ","og_type":"article","og_title":"Cozy 12-o Net | Chaty, sauny","og_description":"Specifikace: Krb na d\u0159evo s nalo\u017een\u00edm ze st\u0159edu sauny. Kapacita kamen\u016f: 120 kg Ur\u010deno pro sauny s objemem 8-15 m3","og_url":"https:\/\/dev.domkisauny.pl\/cs\/produkt\/cozy-12-o-net\/","og_site_name":"Chaty, sauny","article_publisher":"https:\/\/www.facebook.com\/DomkiSauny","article_modified_time":"2025-01-26T15:52:37+00:00","og_image":[{"width":2000,"height":1600,"url":"https:\/\/dev.domkisauny.pl\/wp-content\/uploads\/2024\/01\/Cozy-12-o-Net.jpg","type":"image\/jpeg"}],"twitter_card":"summary_large_image","twitter_misc":{"Odhadovan\u00e1 doba \u010dten\u00ed":"2 minuty"},"schema":{"@context":"https:\/\/schema.org","@graph":[{"@type":"WebPage","@id":"https:\/\/dev.domkisauny.pl\/cs\/produkt\/cozy-12-o-net\/","url":"https:\/\/dev.domkisauny.pl\/cs\/produkt\/cozy-12-o-net\/","name":"Cozy 12-o Net | Chaty, sauny","isPartOf":{"@id":"https:\/\/dev.domkisauny.pl\/cs\/#website"},"primaryImageOfPage":{"@id":"https:\/\/dev.domkisauny.pl\/cs\/produkt\/cozy-12-o-net\/#primaryimage"},"image":{"@id":"https:\/\/dev.domkisauny.pl\/cs\/produkt\/cozy-12-o-net\/#primaryimage"},"thumbnailUrl":"https:\/\/dev.domkisauny.pl\/wp-content\/uploads\/2024\/01\/Cozy-12-o-Net.jpg","datePublished":"2024-01-23T20:23:03+00:00","dateModified":"2025-01-26T15:52:37+00:00","breadcrumb":{"@id":"https:\/\/dev.domkisauny.pl\/cs\/produkt\/cozy-12-o-net\/#breadcrumb"},"inLanguage":"cs","potentialAction":[{"@type":"ReadAction","target":["https:\/\/dev.domkisauny.pl\/cs\/produkt\/cozy-12-o-net\/"]}]},{"@type":"ImageObject","inLanguage":"cs","@id":"https:\/\/dev.domkisauny.pl\/cs\/produkt\/cozy-12-o-net\/#primaryimage","url":"https:\/\/dev.domkisauny.pl\/wp-content\/uploads\/2024\/01\/Cozy-12-o-Net.jpg","contentUrl":"https:\/\/dev.domkisauny.pl\/wp-content\/uploads\/2024\/01\/Cozy-12-o-Net.jpg","width":2000,"height":1600,"caption":"Piec na drewno Cozy 12-o Net 12kW"},{"@type":"BreadcrumbList","@id":"https:\/\/dev.domkisauny.pl\/cs\/produkt\/cozy-12-o-net\/#breadcrumb","itemListElement":[{"@type":"ListItem","position":1,"name":"A&amp;M","item":"https:\/\/dev.domkisauny.pl\/cs\/"},{"@type":"ListItem","position":2,"name":"Produkty","item":"https:\/\/dev.domkisauny.pl\/produkty\/"},{"@type":"ListItem","position":3,"name":"P\u0159\u00edslu\u0161enstv\u00ed","item":"https:\/\/dev.domkisauny.pl\/cs\/kategorie-produktu\/prislusenstvi-cs\/"},{"@type":"ListItem","position":4,"name":"P\u011bny do sauny","item":"https:\/\/dev.domkisauny.pl\/cs\/kategorie-produktu\/prislusenstvi-cs\/peny-do-sauny\/"},{"@type":"ListItem","position":5,"name":"Pec do sauny na d\u0159evo","item":"https:\/\/dev.domkisauny.pl\/cs\/kategorie-produktu\/prislusenstvi-cs\/peny-do-sauny\/pec-do-sauny-na-drevo\/"},{"@type":"ListItem","position":6,"name":"Cozy 12-o Net"}]},{"@type":"WebSite","@id":"https:\/\/dev.domkisauny.pl\/cs\/#website","url":"https:\/\/dev.domkisauny.pl\/cs\/","name":"Chaty, sauny","description":"","publisher":{"@id":"https:\/\/dev.domkisauny.pl\/cs\/#organization"},"potentialAction":[{"@type":"SearchAction","target":{"@type":"EntryPoint","urlTemplate":"https:\/\/dev.domkisauny.pl\/cs\/?s={search_term_string}"},"query-input":{"@type":"PropertyValueSpecification","valueRequired":true,"valueName":"search_term_string"}}],"inLanguage":"cs"},{"@type":"Organization","@id":"https:\/\/dev.domkisauny.pl\/cs\/#organization","name":"Chaty, sauny","url":"https:\/\/dev.domkisauny.pl\/cs\/","logo":{"@type":"ImageObject","inLanguage":"cs","@id":"https:\/\/dev.domkisauny.pl\/cs\/#\/schema\/logo\/image\/","url":"https:\/\/domkisauny.pl\/wp-content\/uploads\/2022\/09\/logo_03.png","contentUrl":"https:\/\/domkisauny.pl\/wp-content\/uploads\/2022\/09\/logo_03.png","width":95,"height":81,"caption":"Chaty, sauny"},"image":{"@id":"https:\/\/dev.domkisauny.pl\/cs\/#\/schema\/logo\/image\/"},"sameAs":["https:\/\/www.facebook.com\/DomkiSauny"]}]}},"_links":{"self":[{"href":"https:\/\/dev.domkisauny.pl\/cs\/wp-json\/wp\/v2\/product\/8639","targetHints":{"allow":["GET"]}}],"collection":[{"href":"https:\/\/dev.domkisauny.pl\/cs\/wp-json\/wp\/v2\/product"}],"about":[{"href":"https:\/\/dev.domkisauny.pl\/cs\/wp-json\/wp\/v2\/types\/product"}],"wp:featuredmedia":[{"embeddable":true,"href":"https:\/\/dev.domkisauny.pl\/cs\/wp-json\/wp\/v2\/media\/8069"}],"wp:attachment":[{"href":"https:\/\/dev.domkisauny.pl\/cs\/wp-json\/wp\/v2\/media?parent=8639"}],"wp:term":[{"taxonomy":"product_brand","embeddable":true,"href":"https:\/\/dev.domkisauny.pl\/cs\/wp-json\/wp\/v2\/product_brand?post=8639"},{"taxonomy":"product_cat","embeddable":true,"href":"https:\/\/dev.domkisauny.pl\/cs\/wp-json\/wp\/v2\/product_cat?post=8639"},{"taxonomy":"product_tag","embeddable":true,"href":"https:\/\/dev.domkisauny.pl\/cs\/wp-json\/wp\/v2\/product_tag?post=8639"}],"curies":[{"name":"wp","href":"https:\/\/api.w.org\/{rel}","templated":true}]}}