{"id":7689,"date":"2024-01-14T15:23:02","date_gmt":"2024-01-14T14:23:02","guid":{"rendered":"https:\/\/domkisauny.pl\/?post_type=product&#038;p=7689"},"modified":"2025-06-02T15:26:18","modified_gmt":"2025-06-02T13:26:18","slug":"sudova-zahradni-sauna-350-cm-s-predsini","status":"publish","type":"product","link":"https:\/\/dev.domkisauny.pl\/cs\/produkt\/sudova-zahradni-sauna-350-cm-s-predsini\/","title":{"rendered":"Sudov\u00e1 zahradn\u00ed sauna 350 cm s p\u0159eds\u00edn\u00ed"},"content":{"rendered":"<p>Mo\u017enost relaxace na konci dne m\u00e1 v dne\u0161n\u00ed dob\u011b cenu zlata. Rychl\u00e9 tempo \u017eivota zt\u011b\u017euje nalezen\u00ed tohoto \u010dasu. Jak si jej tedy zajistit? Skv\u011bl\u00fdm \u0159e\u0161en\u00edm je zde Zahradn\u00ed sauna THERMO s p\u0159eds\u00edn\u00ed. Co ale skr\u00fdv\u00e1 uvnit\u0159?<\/p>\n<p><img loading=\"lazy\" decoding=\"async\" class=\"aligncenter wp-image-8460 size-full\" src=\"https:\/\/domkysauny.cz\/wp-content\/uploads\/2024\/01\/350-2.jpg\" alt=\"\" width=\"2000\" height=\"1125\" srcset=\"https:\/\/dev.domkisauny.pl\/wp-content\/uploads\/2024\/01\/350-2.jpg 2000w, https:\/\/dev.domkisauny.pl\/wp-content\/uploads\/2024\/01\/350-2-300x169.jpg 300w, https:\/\/dev.domkisauny.pl\/wp-content\/uploads\/2024\/01\/350-2-768x432.jpg 768w, https:\/\/dev.domkisauny.pl\/wp-content\/uploads\/2024\/01\/350-2-1024x576.jpg 1024w, https:\/\/dev.domkisauny.pl\/wp-content\/uploads\/2024\/01\/350-2-1536x864.jpg 1536w, https:\/\/dev.domkisauny.pl\/wp-content\/uploads\/2024\/01\/350-2-1000x563.jpg 1000w\" sizes=\"auto, (max-width: 2000px) 100vw, 2000px\" \/><\/p>\n<h3><strong>Odpo\u010dinek a otu\u017eov\u00e1n\u00ed v jednom &#8211; Zahradn\u00ed sauna THERMO<\/strong><\/h3>\n<p>Zd\u00e1 se, \u017ee mno\u017estv\u00ed povinnost\u00ed a nedostatek \u010dasu na vlastn\u00ed pot\u011b\u0161en\u00ed je pro n\u00e1s \u00faplnou normou. Ka\u017ed\u00fd den n\u00e1s ovl\u00e1daj\u00ed \u010detn\u00e9 povinnosti, kter\u00e9 jen zvy\u0161uj\u00ed n\u00e1\u0161 stres a jedin\u00e9, o \u010dem sn\u00edme, je opravdov\u00e1 relaxace. <strong>To n\u00e1m pr\u00e1v\u011b m\u016f\u017ee poskytnout zahradn\u00ed sudov\u00e1 sauna THERMO 3,5 m s p\u0159eds\u00edn\u00ed. <\/strong>Tato odpov\u011b\u010f rychle odstran\u00ed ve\u0161ker\u00fd stres a povinnosti z na\u0161\u00ed mysli. <strong>\u010cas str\u00e1ven\u00fd v n\u00ed je \u00fa\u010dinn\u00fdm zp\u016fsobem, jak se zbavit v\u0161ech nerv\u016f a zlep\u0161it si n\u00e1ladu.<\/strong> D\u00edky tomu na to v\u0161e rychle zapomenete. Nav\u00edc je to tak\u00e9 skv\u011bl\u00fd zp\u016fsob, jak pe\u010dovat o sv\u00e9 zdrav\u00ed a posilovat ho. D\u00edky tomu se m\u016f\u017eete starat o svou mysl i t\u011blo z\u00e1rove\u0148.<\/p>\n<p><strong><img loading=\"lazy\" decoding=\"async\" class=\"aligncenter wp-image-7627 size-full\" src=\"https:\/\/domkysauny.cz\/wp-content\/uploads\/2024\/01\/Sauna-ogrodowa-beczka-35-m-z-przedsionkiem-rzut.jpg\" alt=\"\" width=\"2000\" height=\"1600\" srcset=\"https:\/\/dev.domkisauny.pl\/wp-content\/uploads\/2024\/01\/Sauna-ogrodowa-beczka-35-m-z-przedsionkiem-rzut.jpg 2000w, https:\/\/dev.domkisauny.pl\/wp-content\/uploads\/2024\/01\/Sauna-ogrodowa-beczka-35-m-z-przedsionkiem-rzut-300x240.jpg 300w, https:\/\/dev.domkisauny.pl\/wp-content\/uploads\/2024\/01\/Sauna-ogrodowa-beczka-35-m-z-przedsionkiem-rzut-768x614.jpg 768w, https:\/\/dev.domkisauny.pl\/wp-content\/uploads\/2024\/01\/Sauna-ogrodowa-beczka-35-m-z-przedsionkiem-rzut-1024x819.jpg 1024w, https:\/\/dev.domkisauny.pl\/wp-content\/uploads\/2024\/01\/Sauna-ogrodowa-beczka-35-m-z-przedsionkiem-rzut-1536x1229.jpg 1536w, https:\/\/dev.domkisauny.pl\/wp-content\/uploads\/2024\/01\/Sauna-ogrodowa-beczka-35-m-z-przedsionkiem-rzut-1000x800.jpg 1000w\" sizes=\"auto, (max-width: 2000px) 100vw, 2000px\" \/><\/strong><\/p>\n<h3><strong>THERMO materi\u00e1ly ve spojen\u00ed s p\u0159\u00edrodn\u00edm d\u0159evem<\/strong><\/h3>\n<p>Sudov\u00e1 zahradn\u00ed sauna 3,5 m THERMO s p\u0159eds\u00edn\u00ed je model navr\u017een\u00fd skupinou nad\u0161enc\u016f a skute\u010dn\u00fdch profesion\u00e1l\u016f z firmy Domki Sauny.<strong> S ohledem na ty nejmen\u0161\u00ed detaily a pou\u017eit\u00ed ur\u010dit\u00fdch materi\u00e1l\u016f je to obzvl\u00e1\u0161t\u011b solidn\u00ed konstrukce.<\/strong> Jej\u00ed st\u011bny byly postaveny ze smrkov\u00fdch desek o s\u00edle 45 mm. Poch\u00e1z\u00ed z les\u016f, co\u017e znamen\u00e1, \u017ee je pln\u011b organick\u00e9 a bez jak\u00fdchkoli \u0161kodliv\u00fdch l\u00e1tek.<strong> P\u0159esto v\u0161ak hlavn\u00ed roli odehr\u00e1v\u00e1 pou\u017eit\u00ed THERMO d\u0159eva. <\/strong>D\u00edky tomu jsou sauny odoln\u00e9 v\u016f\u010di v\u0161em druh\u016fm po\u0161kozen\u00ed a deformac\u00ed zp\u016fsoben\u00fdm nap\u0159\u00edklad vlhkost\u00ed. Ochranu p\u0159ed nep\u0159\u00edzniv\u00fdmi pov\u011btrnostn\u00edmi vlivy zaji\u0161\u0165uje tak\u00e9 st\u0159echa zabezpe\u010den\u00e1 \u017eivi\u010dn\u00fdm \u0161indelem. <strong>Samotn\u00e1 konstrukce je nesena 4 kovov\u00fdmi konzolami.<\/strong> P\u0159esto\u017ee je nepochybn\u011b stabiln\u00ed, doporu\u010duje se um\u00edstit jej na tvrzen\u00fd povrch.<\/p>\n<p>Uvnit\u0159 se nach\u00e1z\u00ed p\u0159eds\u00ed\u0148 vybaven\u00e1 lavi\u010dkou. Spole\u010dn\u011b s n\u00ed lze sezen\u00ed po\u0159\u00e1dat o samot\u011b, ale i s bl\u00edzk\u00fdmi. To v\u0161e uzav\u00edraj\u00ed solidn\u00ed dve\u0159e z tvrzen\u00e9ho skla.<\/p>\n<p><strong><img loading=\"lazy\" decoding=\"async\" class=\"aligncenter wp-image-7631 size-full\" src=\"https:\/\/domkysauny.cz\/wp-content\/uploads\/2024\/01\/Sauna-ogrodowa-beczka-35-m-z-przedsionkiem-rysunek.jpg\" alt=\"\" width=\"2000\" height=\"1600\" srcset=\"https:\/\/dev.domkisauny.pl\/wp-content\/uploads\/2024\/01\/Sauna-ogrodowa-beczka-35-m-z-przedsionkiem-rysunek.jpg 2000w, https:\/\/dev.domkisauny.pl\/wp-content\/uploads\/2024\/01\/Sauna-ogrodowa-beczka-35-m-z-przedsionkiem-rysunek-300x240.jpg 300w, https:\/\/dev.domkisauny.pl\/wp-content\/uploads\/2024\/01\/Sauna-ogrodowa-beczka-35-m-z-przedsionkiem-rysunek-768x614.jpg 768w, https:\/\/dev.domkisauny.pl\/wp-content\/uploads\/2024\/01\/Sauna-ogrodowa-beczka-35-m-z-przedsionkiem-rysunek-1024x819.jpg 1024w, https:\/\/dev.domkisauny.pl\/wp-content\/uploads\/2024\/01\/Sauna-ogrodowa-beczka-35-m-z-przedsionkiem-rysunek-1536x1229.jpg 1536w, https:\/\/dev.domkisauny.pl\/wp-content\/uploads\/2024\/01\/Sauna-ogrodowa-beczka-35-m-z-przedsionkiem-rysunek-1000x800.jpg 1000w\" sizes=\"auto, (max-width: 2000px) 100vw, 2000px\" \/><\/strong><\/p>\n<h3><strong>Zahradn\u00ed sauna THERMO dostupn\u00e1 ve dvou variant\u00e1ch<\/strong><\/h3>\n<p>P\u0159esto\u017ee hlavn\u00ed dom\u00e9nou Sudov\u00e9 zahradn\u00ed sauny 3,5 m THERMO s p\u0159eds\u00edn\u00ed jsou jej\u00ed praktick\u00e9 aspekty umo\u017e\u0148uj\u00edc\u00ed vysn\u011bn\u00e9 sezen\u00ed, t\u00fdm Domki Sauny se postaral i o jej\u00ed jedine\u010dnou estetiku. <strong>Cel\u00e1 konstrukce byla vyrobena s d\u016frazem na nejmen\u0161\u00ed detaily a vn\u00e1\u0161\u00ed tak do Va\u0161\u00ed zahrady p\u0159\u00edjemn\u00fd pocit.<\/strong> Aby perfektn\u011b pasovala, jsou k dispozici 2 barevn\u00e9 varianty: antracitov\u00e1 a p\u0159\u00edrodn\u00ed bezbarv\u00e1.<\/p>\n<p>Sauna je skv\u011bl\u00fd n\u00e1pad, jak u\u010dinit Va\u0161i terasu o n\u011bco zaj\u00edmav\u011bj\u0161\u00ed. Tato kombinace vytv\u00e1\u0159\u00ed nejen estetick\u00e9, ale i praktick\u00e9 m\u00edsto, kde je relaxace nevyhnuteln\u00e1. Zaveden\u00ed zahradn\u00ed sauny bude tak\u00e9 dob\u0159e fungovat, kdy\u017e provozujeme ubytovac\u00ed za\u0159\u00edzen\u00ed. Dodate\u010dn\u00e1 mo\u017enost relaxace n\u00e1v\u0161t\u011bvn\u00edk\u016f jist\u011b zv\u00fd\u0161\u00ed jeho atraktivitu.<\/p>\n","protected":false},"excerpt":{"rendered":"<blockquote><p><strong><b>D\u016eLE\u017dIT\u00c9!<\/b><\/strong><\/p>\n<p>Fotografie produkt\u016f po\u0159izujeme ve \u0161pi\u010dkov\u00e9 kvalit\u011b. Av\u0161ak vzhledem k zp\u016fsobu reprodukce barev monitor\u016f po\u010d\u00edta\u010de se m\u016f\u017ee barva produkt\u016f na obrazovce m\u00edrn\u011b li\u0161it od skute\u010dnosti.<\/p>\n<p>Sauna je dod\u00e1v\u00e1na v pln\u00e9<\/p>\n<p>V p\u0159\u00edpad\u011b z\u00e1kladn\u00ed varianty dod\u00e1vky zaji\u0161\u0165uje vykl\u00e1dku na m\u00edst\u011b objednatel.<\/p><\/blockquote>\n","protected":false},"featured_media":8461,"template":"","meta":{"_acf_changed":false},"product_brand":[],"product_cat":[77],"product_tag":[],"class_list":{"0":"post-7689","1":"product","2":"type-product","3":"status-publish","4":"has-post-thumbnail","6":"product_cat-zahradni-sauny","7":"product_shipping_class-wysylka-grupa0","8":"pa_dodatki-sauny-s-predsini","9":"pa_ksztalt-sudove-sauny-cs","11":"first","12":"instock","13":"shipping-taxable","14":"purchasable","15":"product-type-variable"},"acf":[],"yoast_head":"<!-- This site is optimized with the Yoast SEO plugin v27.4 - https:\/\/yoast.com\/product\/yoast-seo-wordpress\/ -->\n<title>Odoln\u00e1 sudov\u00e1 zahradn\u00ed sauna 350 cm TERMO s p\u0159eds\u00edn\u00ed<\/title>\n<meta name=\"description\" content=\"V dob\u00e1ch, kdy n\u00e1s st\u00e1le v\u00edce prov\u00e1z\u00ed rychl\u00e9 tempo \u017eivota, m\u00e1 relaxace cenu zlata. Ide\u00e1ln\u00edm \u0159e\u0161en\u00edm je jej\u00ed dlouhodob\u00e1 z\u00e1ruka spolu se saunou THERMO.\" \/>\n<meta name=\"robots\" content=\"noindex, follow, max-snippet:-1, max-image-preview:large, max-video-preview:-1\" \/>\n<meta property=\"og:locale\" content=\"cs_CZ\" \/>\n<meta property=\"og:type\" content=\"article\" \/>\n<meta property=\"og:title\" content=\"Odoln\u00e1 sudov\u00e1 zahradn\u00ed sauna 350 cm TERMO s p\u0159eds\u00edn\u00ed\" \/>\n<meta property=\"og:description\" content=\"V dob\u00e1ch, kdy n\u00e1s st\u00e1le v\u00edce prov\u00e1z\u00ed rychl\u00e9 tempo \u017eivota, m\u00e1 relaxace cenu zlata. Ide\u00e1ln\u00edm \u0159e\u0161en\u00edm je jej\u00ed dlouhodob\u00e1 z\u00e1ruka spolu se saunou THERMO.\" \/>\n<meta property=\"og:url\" content=\"https:\/\/dev.domkisauny.pl\/cs\/produkt\/sudova-zahradni-sauna-350-cm-s-predsini\/\" \/>\n<meta property=\"og:site_name\" content=\"Chaty, sauny\" \/>\n<meta property=\"article:publisher\" content=\"https:\/\/www.facebook.com\/DomkiSauny\" \/>\n<meta property=\"article:modified_time\" content=\"2025-06-02T13:26:18+00:00\" \/>\n<meta property=\"og:image\" content=\"https:\/\/dev.domkisauny.pl\/wp-content\/uploads\/2024\/01\/350-2.jpg\" \/>\n\t<meta property=\"og:image:width\" content=\"2000\" \/>\n\t<meta property=\"og:image:height\" content=\"1125\" \/>\n\t<meta property=\"og:image:type\" content=\"image\/jpeg\" \/>\n<meta name=\"twitter:card\" content=\"summary_large_image\" \/>\n<meta name=\"twitter:label1\" content=\"Odhadovan\u00e1 doba \u010dten\u00ed\" \/>\n\t<meta name=\"twitter:data1\" content=\"4 minuty\" \/>\n<script type=\"application\/ld+json\" class=\"yoast-schema-graph\">{\"@context\":\"https:\\\/\\\/schema.org\",\"@graph\":[{\"@type\":\"WebPage\",\"@id\":\"https:\\\/\\\/dev.domkisauny.pl\\\/cs\\\/produkt\\\/sudova-zahradni-sauna-350-cm-s-predsini\\\/\",\"url\":\"https:\\\/\\\/dev.domkisauny.pl\\\/cs\\\/produkt\\\/sudova-zahradni-sauna-350-cm-s-predsini\\\/\",\"name\":\"Odoln\u00e1 sudov\u00e1 zahradn\u00ed sauna 350 cm TERMO s p\u0159eds\u00edn\u00ed\",\"isPartOf\":{\"@id\":\"https:\\\/\\\/dev.domkisauny.pl\\\/cs\\\/#website\"},\"primaryImageOfPage\":{\"@id\":\"https:\\\/\\\/dev.domkisauny.pl\\\/cs\\\/produkt\\\/sudova-zahradni-sauna-350-cm-s-predsini\\\/#primaryimage\"},\"image\":{\"@id\":\"https:\\\/\\\/dev.domkisauny.pl\\\/cs\\\/produkt\\\/sudova-zahradni-sauna-350-cm-s-predsini\\\/#primaryimage\"},\"thumbnailUrl\":\"https:\\\/\\\/dev.domkisauny.pl\\\/wp-content\\\/uploads\\\/2024\\\/01\\\/350-2.jpg\",\"datePublished\":\"2024-01-14T14:23:02+00:00\",\"dateModified\":\"2025-06-02T13:26:18+00:00\",\"description\":\"V dob\u00e1ch, kdy n\u00e1s st\u00e1le v\u00edce prov\u00e1z\u00ed rychl\u00e9 tempo \u017eivota, m\u00e1 relaxace cenu zlata. Ide\u00e1ln\u00edm \u0159e\u0161en\u00edm je jej\u00ed dlouhodob\u00e1 z\u00e1ruka spolu se saunou THERMO.\",\"breadcrumb\":{\"@id\":\"https:\\\/\\\/dev.domkisauny.pl\\\/cs\\\/produkt\\\/sudova-zahradni-sauna-350-cm-s-predsini\\\/#breadcrumb\"},\"inLanguage\":\"cs\",\"potentialAction\":[{\"@type\":\"ReadAction\",\"target\":[\"https:\\\/\\\/dev.domkisauny.pl\\\/cs\\\/produkt\\\/sudova-zahradni-sauna-350-cm-s-predsini\\\/\"]}]},{\"@type\":\"ImageObject\",\"inLanguage\":\"cs\",\"@id\":\"https:\\\/\\\/dev.domkisauny.pl\\\/cs\\\/produkt\\\/sudova-zahradni-sauna-350-cm-s-predsini\\\/#primaryimage\",\"url\":\"https:\\\/\\\/dev.domkisauny.pl\\\/wp-content\\\/uploads\\\/2024\\\/01\\\/350-2.jpg\",\"contentUrl\":\"https:\\\/\\\/dev.domkisauny.pl\\\/wp-content\\\/uploads\\\/2024\\\/01\\\/350-2.jpg\",\"width\":2000,\"height\":1125},{\"@type\":\"BreadcrumbList\",\"@id\":\"https:\\\/\\\/dev.domkisauny.pl\\\/cs\\\/produkt\\\/sudova-zahradni-sauna-350-cm-s-predsini\\\/#breadcrumb\",\"itemListElement\":[{\"@type\":\"ListItem\",\"position\":1,\"name\":\"A&amp;M\",\"item\":\"https:\\\/\\\/dev.domkisauny.pl\\\/cs\\\/\"},{\"@type\":\"ListItem\",\"position\":2,\"name\":\"Produkty\",\"item\":\"https:\\\/\\\/dev.domkisauny.pl\\\/produkty\\\/\"},{\"@type\":\"ListItem\",\"position\":3,\"name\":\"Sauny\",\"item\":\"https:\\\/\\\/dev.domkisauny.pl\\\/cs\\\/kategorie-produktu\\\/sauny\\\/\"},{\"@type\":\"ListItem\",\"position\":4,\"name\":\"Zahradn\u00ed sauny\",\"item\":\"https:\\\/\\\/dev.domkisauny.pl\\\/cs\\\/kategorie-produktu\\\/sauny\\\/zahradni-sauny\\\/\"},{\"@type\":\"ListItem\",\"position\":5,\"name\":\"Sudov\u00e1 zahradn\u00ed sauna 350 cm s p\u0159eds\u00edn\u00ed\"}]},{\"@type\":\"WebSite\",\"@id\":\"https:\\\/\\\/dev.domkisauny.pl\\\/cs\\\/#website\",\"url\":\"https:\\\/\\\/dev.domkisauny.pl\\\/cs\\\/\",\"name\":\"Chaty, sauny\",\"description\":\"\",\"publisher\":{\"@id\":\"https:\\\/\\\/dev.domkisauny.pl\\\/cs\\\/#organization\"},\"potentialAction\":[{\"@type\":\"SearchAction\",\"target\":{\"@type\":\"EntryPoint\",\"urlTemplate\":\"https:\\\/\\\/dev.domkisauny.pl\\\/cs\\\/?s={search_term_string}\"},\"query-input\":{\"@type\":\"PropertyValueSpecification\",\"valueRequired\":true,\"valueName\":\"search_term_string\"}}],\"inLanguage\":\"cs\"},{\"@type\":\"Organization\",\"@id\":\"https:\\\/\\\/dev.domkisauny.pl\\\/cs\\\/#organization\",\"name\":\"Chaty, sauny\",\"url\":\"https:\\\/\\\/dev.domkisauny.pl\\\/cs\\\/\",\"logo\":{\"@type\":\"ImageObject\",\"inLanguage\":\"cs\",\"@id\":\"https:\\\/\\\/dev.domkisauny.pl\\\/cs\\\/#\\\/schema\\\/logo\\\/image\\\/\",\"url\":\"https:\\\/\\\/domkisauny.pl\\\/wp-content\\\/uploads\\\/2022\\\/09\\\/logo_03.png\",\"contentUrl\":\"https:\\\/\\\/domkisauny.pl\\\/wp-content\\\/uploads\\\/2022\\\/09\\\/logo_03.png\",\"width\":95,\"height\":81,\"caption\":\"Chaty, sauny\"},\"image\":{\"@id\":\"https:\\\/\\\/dev.domkisauny.pl\\\/cs\\\/#\\\/schema\\\/logo\\\/image\\\/\"},\"sameAs\":[\"https:\\\/\\\/www.facebook.com\\\/DomkiSauny\"]}]}<\/script>\n<!-- \/ Yoast SEO plugin. -->","yoast_head_json":{"title":"Odoln\u00e1 sudov\u00e1 zahradn\u00ed sauna 350 cm TERMO s p\u0159eds\u00edn\u00ed","description":"V dob\u00e1ch, kdy n\u00e1s st\u00e1le v\u00edce prov\u00e1z\u00ed rychl\u00e9 tempo \u017eivota, m\u00e1 relaxace cenu zlata. Ide\u00e1ln\u00edm \u0159e\u0161en\u00edm je jej\u00ed dlouhodob\u00e1 z\u00e1ruka spolu se saunou THERMO.","robots":{"index":"noindex","follow":"follow","max-snippet":"max-snippet:-1","max-image-preview":"max-image-preview:large","max-video-preview":"max-video-preview:-1"},"og_locale":"cs_CZ","og_type":"article","og_title":"Odoln\u00e1 sudov\u00e1 zahradn\u00ed sauna 350 cm TERMO s p\u0159eds\u00edn\u00ed","og_description":"V dob\u00e1ch, kdy n\u00e1s st\u00e1le v\u00edce prov\u00e1z\u00ed rychl\u00e9 tempo \u017eivota, m\u00e1 relaxace cenu zlata. Ide\u00e1ln\u00edm \u0159e\u0161en\u00edm je jej\u00ed dlouhodob\u00e1 z\u00e1ruka spolu se saunou THERMO.","og_url":"https:\/\/dev.domkisauny.pl\/cs\/produkt\/sudova-zahradni-sauna-350-cm-s-predsini\/","og_site_name":"Chaty, sauny","article_publisher":"https:\/\/www.facebook.com\/DomkiSauny","article_modified_time":"2025-06-02T13:26:18+00:00","og_image":[{"width":2000,"height":1125,"url":"https:\/\/dev.domkisauny.pl\/wp-content\/uploads\/2024\/01\/350-2.jpg","type":"image\/jpeg"}],"twitter_card":"summary_large_image","twitter_misc":{"Odhadovan\u00e1 doba \u010dten\u00ed":"4 minuty"},"schema":{"@context":"https:\/\/schema.org","@graph":[{"@type":"WebPage","@id":"https:\/\/dev.domkisauny.pl\/cs\/produkt\/sudova-zahradni-sauna-350-cm-s-predsini\/","url":"https:\/\/dev.domkisauny.pl\/cs\/produkt\/sudova-zahradni-sauna-350-cm-s-predsini\/","name":"Odoln\u00e1 sudov\u00e1 zahradn\u00ed sauna 350 cm TERMO s p\u0159eds\u00edn\u00ed","isPartOf":{"@id":"https:\/\/dev.domkisauny.pl\/cs\/#website"},"primaryImageOfPage":{"@id":"https:\/\/dev.domkisauny.pl\/cs\/produkt\/sudova-zahradni-sauna-350-cm-s-predsini\/#primaryimage"},"image":{"@id":"https:\/\/dev.domkisauny.pl\/cs\/produkt\/sudova-zahradni-sauna-350-cm-s-predsini\/#primaryimage"},"thumbnailUrl":"https:\/\/dev.domkisauny.pl\/wp-content\/uploads\/2024\/01\/350-2.jpg","datePublished":"2024-01-14T14:23:02+00:00","dateModified":"2025-06-02T13:26:18+00:00","description":"V dob\u00e1ch, kdy n\u00e1s st\u00e1le v\u00edce prov\u00e1z\u00ed rychl\u00e9 tempo \u017eivota, m\u00e1 relaxace cenu zlata. Ide\u00e1ln\u00edm \u0159e\u0161en\u00edm je jej\u00ed dlouhodob\u00e1 z\u00e1ruka spolu se saunou THERMO.","breadcrumb":{"@id":"https:\/\/dev.domkisauny.pl\/cs\/produkt\/sudova-zahradni-sauna-350-cm-s-predsini\/#breadcrumb"},"inLanguage":"cs","potentialAction":[{"@type":"ReadAction","target":["https:\/\/dev.domkisauny.pl\/cs\/produkt\/sudova-zahradni-sauna-350-cm-s-predsini\/"]}]},{"@type":"ImageObject","inLanguage":"cs","@id":"https:\/\/dev.domkisauny.pl\/cs\/produkt\/sudova-zahradni-sauna-350-cm-s-predsini\/#primaryimage","url":"https:\/\/dev.domkisauny.pl\/wp-content\/uploads\/2024\/01\/350-2.jpg","contentUrl":"https:\/\/dev.domkisauny.pl\/wp-content\/uploads\/2024\/01\/350-2.jpg","width":2000,"height":1125},{"@type":"BreadcrumbList","@id":"https:\/\/dev.domkisauny.pl\/cs\/produkt\/sudova-zahradni-sauna-350-cm-s-predsini\/#breadcrumb","itemListElement":[{"@type":"ListItem","position":1,"name":"A&amp;M","item":"https:\/\/dev.domkisauny.pl\/cs\/"},{"@type":"ListItem","position":2,"name":"Produkty","item":"https:\/\/dev.domkisauny.pl\/produkty\/"},{"@type":"ListItem","position":3,"name":"Sauny","item":"https:\/\/dev.domkisauny.pl\/cs\/kategorie-produktu\/sauny\/"},{"@type":"ListItem","position":4,"name":"Zahradn\u00ed sauny","item":"https:\/\/dev.domkisauny.pl\/cs\/kategorie-produktu\/sauny\/zahradni-sauny\/"},{"@type":"ListItem","position":5,"name":"Sudov\u00e1 zahradn\u00ed sauna 350 cm s p\u0159eds\u00edn\u00ed"}]},{"@type":"WebSite","@id":"https:\/\/dev.domkisauny.pl\/cs\/#website","url":"https:\/\/dev.domkisauny.pl\/cs\/","name":"Chaty, sauny","description":"","publisher":{"@id":"https:\/\/dev.domkisauny.pl\/cs\/#organization"},"potentialAction":[{"@type":"SearchAction","target":{"@type":"EntryPoint","urlTemplate":"https:\/\/dev.domkisauny.pl\/cs\/?s={search_term_string}"},"query-input":{"@type":"PropertyValueSpecification","valueRequired":true,"valueName":"search_term_string"}}],"inLanguage":"cs"},{"@type":"Organization","@id":"https:\/\/dev.domkisauny.pl\/cs\/#organization","name":"Chaty, sauny","url":"https:\/\/dev.domkisauny.pl\/cs\/","logo":{"@type":"ImageObject","inLanguage":"cs","@id":"https:\/\/dev.domkisauny.pl\/cs\/#\/schema\/logo\/image\/","url":"https:\/\/domkisauny.pl\/wp-content\/uploads\/2022\/09\/logo_03.png","contentUrl":"https:\/\/domkisauny.pl\/wp-content\/uploads\/2022\/09\/logo_03.png","width":95,"height":81,"caption":"Chaty, sauny"},"image":{"@id":"https:\/\/dev.domkisauny.pl\/cs\/#\/schema\/logo\/image\/"},"sameAs":["https:\/\/www.facebook.com\/DomkiSauny"]}]}},"_links":{"self":[{"href":"https:\/\/dev.domkisauny.pl\/cs\/wp-json\/wp\/v2\/product\/7689","targetHints":{"allow":["GET"]}}],"collection":[{"href":"https:\/\/dev.domkisauny.pl\/cs\/wp-json\/wp\/v2\/product"}],"about":[{"href":"https:\/\/dev.domkisauny.pl\/cs\/wp-json\/wp\/v2\/types\/product"}],"wp:featuredmedia":[{"embeddable":true,"href":"https:\/\/dev.domkisauny.pl\/cs\/wp-json\/wp\/v2\/media\/8461"}],"wp:attachment":[{"href":"https:\/\/dev.domkisauny.pl\/cs\/wp-json\/wp\/v2\/media?parent=7689"}],"wp:term":[{"taxonomy":"product_brand","embeddable":true,"href":"https:\/\/dev.domkisauny.pl\/cs\/wp-json\/wp\/v2\/product_brand?post=7689"},{"taxonomy":"product_cat","embeddable":true,"href":"https:\/\/dev.domkisauny.pl\/cs\/wp-json\/wp\/v2\/product_cat?post=7689"},{"taxonomy":"product_tag","embeddable":true,"href":"https:\/\/dev.domkisauny.pl\/cs\/wp-json\/wp\/v2\/product_tag?post=7689"}],"curies":[{"name":"wp","href":"https:\/\/api.w.org\/{rel}","templated":true}]}}