{"id":7668,"date":"2024-01-14T15:17:55","date_gmt":"2024-01-14T14:17:55","guid":{"rendered":"https:\/\/domkisauny.pl\/?post_type=product&#038;p=7668"},"modified":"2025-06-02T15:14:28","modified_gmt":"2025-06-02T13:14:28","slug":"sudova-zahradni-sauna-280-cm-s-balkonem","status":"publish","type":"product","link":"https:\/\/dev.domkisauny.pl\/cs\/produkt\/sudova-zahradni-sauna-280-cm-s-balkonem\/","title":{"rendered":"Sudov\u00e1 zahradn\u00ed sauna 280 cm s balkonem"},"content":{"rendered":"<p>Zahradn\u00ed sauna je bezesporu skv\u011bl\u00fd zp\u016fsob relaxace. Ve sv\u00e9 estetick\u00e9 podob\u011b v\u0161ak m\u016f\u017ee b\u00fdt i zaj\u00edmav\u00fdm dopl\u0148kem Va\u0161\u00ed zahrady. Co nab\u00edz\u00ed sudov\u00e1 zahradn\u00ed sauna s balkonem a p\u0159eds\u00edn\u00ed?<\/p>\n<p><strong><img loading=\"lazy\" decoding=\"async\" class=\"aligncenter wp-image-8101 size-full\" src=\"https:\/\/domkysauny.cz\/wp-content\/uploads\/2024\/01\/574482502-sauna-ogrodowa-beczka-2-8m-z-balkonem-wizualizacja.jpg\" alt=\"Sauna ogrodowa beczka 2,8 m z balkonem\" width=\"2000\" height=\"1125\" srcset=\"https:\/\/dev.domkisauny.pl\/wp-content\/uploads\/2024\/01\/574482502-sauna-ogrodowa-beczka-2-8m-z-balkonem-wizualizacja.jpg 2000w, https:\/\/dev.domkisauny.pl\/wp-content\/uploads\/2024\/01\/574482502-sauna-ogrodowa-beczka-2-8m-z-balkonem-wizualizacja-300x169.jpg 300w, https:\/\/dev.domkisauny.pl\/wp-content\/uploads\/2024\/01\/574482502-sauna-ogrodowa-beczka-2-8m-z-balkonem-wizualizacja-768x432.jpg 768w, https:\/\/dev.domkisauny.pl\/wp-content\/uploads\/2024\/01\/574482502-sauna-ogrodowa-beczka-2-8m-z-balkonem-wizualizacja-1024x576.jpg 1024w, https:\/\/dev.domkisauny.pl\/wp-content\/uploads\/2024\/01\/574482502-sauna-ogrodowa-beczka-2-8m-z-balkonem-wizualizacja-1536x864.jpg 1536w, https:\/\/dev.domkisauny.pl\/wp-content\/uploads\/2024\/01\/574482502-sauna-ogrodowa-beczka-2-8m-z-balkonem-wizualizacja-1000x563.jpg 1000w\" sizes=\"auto, (max-width: 2000px) 100vw, 2000px\" \/><\/strong><\/p>\n<h3><strong>P\u0159\u00edjemn\u00e9 s u\u017eite\u010dn\u00fdm ka\u017ed\u00e9ho dne<\/strong><\/h3>\n<p>Vy\u010derp\u00e1vaj\u00edc\u00ed dny pln\u00e9 stresu, nerv\u016f a pln\u011bn\u00ed nejr\u016fzn\u011bj\u0161\u00edch povinnost\u00ed se v dne\u0161n\u00ed dob\u011b staly zcela norm\u00e1ln\u00ed. P\u0159i tak rychl\u00e9m tempu je t\u011b\u017ek\u00e9 naj\u00edt si pro sebe \u010das na odpo\u010dinek. <strong>V takov\u00fdch chv\u00edl\u00edch p\u0159ich\u00e1z\u00ed na pomoc zahradn\u00ed sauna, kter\u00e1 zlep\u0161\u00ed Va\u0161i n\u00e1ladu ka\u017ed\u00e9ho dne. D\u00edky takov\u00fdm sezen\u00edm jist\u011b poc\u00edt\u00edte \u00falevu.<\/strong> Krom\u011b toho n\u00e1m zahradn\u00ed sauna poskytuje i l\u00e9\u010debn\u00e9 \u00fa\u010dinky.<strong> Pobyt v n\u00ed m\u016f\u017ee na\u0161emu zdrav\u00ed p\u0159in\u00e9st \u010detn\u00e9 v\u00fdhody a v d\u016fsledku n\u00e1s otu\u017e\u00ed.<\/strong> Je to \u00faleva nejen pro Va\u0161i mysl, ale i pro Va\u0161e t\u011blo. To v\u0161e m\u016f\u017eete praktikovat v ide\u00e1ln\u00edch podm\u00ednk\u00e1ch \u2013 a\u0165 u\u017e sami nebo se sv\u00fdmi bl\u00edzk\u00fdmi.<\/p>\n<p><strong><img loading=\"lazy\" decoding=\"async\" class=\"aligncenter size-full wp-image-7606\" src=\"https:\/\/domkysauny.cz\/wp-content\/uploads\/2024\/01\/Sauna-ogrodowa-beczka-28-m-z-balkonem-rzut.jpg\" alt=\"\" width=\"2000\" height=\"1600\" srcset=\"https:\/\/dev.domkisauny.pl\/wp-content\/uploads\/2024\/01\/Sauna-ogrodowa-beczka-28-m-z-balkonem-rzut.jpg 2000w, https:\/\/dev.domkisauny.pl\/wp-content\/uploads\/2024\/01\/Sauna-ogrodowa-beczka-28-m-z-balkonem-rzut-300x240.jpg 300w, https:\/\/dev.domkisauny.pl\/wp-content\/uploads\/2024\/01\/Sauna-ogrodowa-beczka-28-m-z-balkonem-rzut-768x614.jpg 768w, https:\/\/dev.domkisauny.pl\/wp-content\/uploads\/2024\/01\/Sauna-ogrodowa-beczka-28-m-z-balkonem-rzut-1024x819.jpg 1024w, https:\/\/dev.domkisauny.pl\/wp-content\/uploads\/2024\/01\/Sauna-ogrodowa-beczka-28-m-z-balkonem-rzut-1536x1229.jpg 1536w, https:\/\/dev.domkisauny.pl\/wp-content\/uploads\/2024\/01\/Sauna-ogrodowa-beczka-28-m-z-balkonem-rzut-1000x800.jpg 1000w\" sizes=\"auto, (max-width: 2000px) 100vw, 2000px\" \/><\/strong><\/p>\n<h3><strong>Solidn\u00ed konstrukce na b\u00e1zi p\u0159\u00edrodn\u00edch materi\u00e1l\u016f<\/strong><\/h3>\n<p>Zahradn\u00ed sudov\u00e1 sauna s balkonem a p\u0159eds\u00edn\u00ed byla navr\u017eena t\u00fdmem opravdov\u00fdch profesion\u00e1l\u016f a nad\u0161enc\u016f. Jej\u00ed st\u011bny byly vyrobeny ze siln\u00fdch, 45 mm desek ze smrkov\u00e9ho d\u0159eva.<strong> Organick\u00fd materi\u00e1l neobsahuje \u017e\u00e1dn\u00e9 \u0161kodliv\u00e9 l\u00e1tky, co\u017e nav\u00edc ovliv\u0148uje p\u0159\u00edrodn\u00ed atmosf\u00e9ru. <\/strong>Uvnit\u0159 zahradn\u00ed sauny se nach\u00e1z\u00ed praktick\u00e9 z\u00e1dve\u0159\u00ed s lavi\u010dkami, d\u00edky kter\u00e9mu m\u016f\u017eete jednodu\u0161e sed\u011bt se sv\u00fdmi bl\u00edzk\u00fdmi. <strong>To v\u0161e uzav\u00edraj\u00ed dve\u0159e z tvrzen\u00e9ho skla<\/strong>. Za t\u011bsnost a ochranu sauny p\u0159ed nep\u0159\u00edzniv\u00fdmi pov\u011btrnostn\u00edmi vlivy m\u016f\u017eeme pod\u011bkovat st\u0159e\u0161e, kter\u00e1 je nav\u00edc chr\u00e1n\u011bna \u017eivi\u010dn\u00fdm \u0161indelem. Pevnost cel\u00e9 konstrukce je nav\u00edc zaji\u0161t\u011bna t\u00edm, \u017ee stoj\u00ed na 3vrstv\u00e9m podstavci a je zaji\u0161t\u011bna 4 kovov\u00fdmi konzolami. I p\u0159es jej\u00ed nepochybnou stabilitu se doporu\u010duje ulo\u017eit saunu na tvrzen\u00fd povrch.<\/p>\n<p><strong>\u00a0<\/strong><\/p>\n<p><strong><img loading=\"lazy\" decoding=\"async\" class=\"aligncenter wp-image-7610 size-full\" src=\"https:\/\/domkysauny.cz\/wp-content\/uploads\/2024\/01\/Sauna-ogrodowa-beczka-28-m-z-balkonem-rysunek.jpg\" alt=\"\" width=\"2000\" height=\"1600\" srcset=\"https:\/\/dev.domkisauny.pl\/wp-content\/uploads\/2024\/01\/Sauna-ogrodowa-beczka-28-m-z-balkonem-rysunek.jpg 2000w, https:\/\/dev.domkisauny.pl\/wp-content\/uploads\/2024\/01\/Sauna-ogrodowa-beczka-28-m-z-balkonem-rysunek-300x240.jpg 300w, https:\/\/dev.domkisauny.pl\/wp-content\/uploads\/2024\/01\/Sauna-ogrodowa-beczka-28-m-z-balkonem-rysunek-768x614.jpg 768w, https:\/\/dev.domkisauny.pl\/wp-content\/uploads\/2024\/01\/Sauna-ogrodowa-beczka-28-m-z-balkonem-rysunek-1024x819.jpg 1024w, https:\/\/dev.domkisauny.pl\/wp-content\/uploads\/2024\/01\/Sauna-ogrodowa-beczka-28-m-z-balkonem-rysunek-1536x1229.jpg 1536w, https:\/\/dev.domkisauny.pl\/wp-content\/uploads\/2024\/01\/Sauna-ogrodowa-beczka-28-m-z-balkonem-rysunek-1000x800.jpg 1000w\" sizes=\"auto, (max-width: 2000px) 100vw, 2000px\" \/><\/strong><\/p>\n<h3><strong>Jedine\u010dn\u00e1 estetika zahradn\u00ed sauny<\/strong><\/h3>\n<p>T\u00fdm Domki Sauny se krom\u011b poskytov\u00e1n\u00ed dojm\u016f postaral i o estetiku. Byla vyrobena pe\u010dliv\u011b, s ohledem na nejmen\u0161\u00ed detaily. Nav\u00edc se d\u00e1 libovoln\u011b personalizovat. <strong>Lze jej zakoupit v r\u016fzn\u00fdch barevn\u00fdch variant\u00e1ch impregnace d\u0159eva. <\/strong>Krom\u011b toho se tak\u00e9 m\u016f\u017eete rozhodnout, zda d\u00e1te p\u0159ednost panoramatick\u00e9mu nebo polopanoramatick\u00e9mu zasklen\u00ed zadn\u00ed st\u011bny. Nejinak je tomu v ot\u00e1zce kamen, kde si m\u016f\u017eete vybrat z t\u011bch nejkvalitn\u011bj\u0161\u00edch, ergonomick\u00fdch model\u016f.<\/p>\n<p>Sauna s balkonem je skv\u011bl\u00fd zp\u016fsob, jak u\u010dinit Va\u0161i terasu o n\u011bco zaj\u00edmav\u011bj\u0161\u00ed. Tato kombinace vytv\u00e1\u0159\u00ed nejen \u00fatuln\u00e9, ale i funk\u010dn\u00ed m\u00edsto, kde je relaxace zaru\u010dena. P\u0159id\u00e1n\u00ed sauny bude skv\u011bl\u00e9 i v p\u0159\u00edpad\u011b, \u017ee provozujeme ubytovac\u00ed za\u0159\u00edzen\u00ed. Takov\u00e1 mo\u017enost odpo\u010dinku pro va\u0161e hosty jist\u011b zv\u00fd\u0161\u00ed jeho atraktivitu<\/p>\n<p><strong>\u00a0<\/strong><\/p>\n","protected":false},"excerpt":{"rendered":"<blockquote><p><strong><b>D\u016eLE\u017dIT\u00c9!<\/b><\/strong><\/p>\n<p>Fotografie produkt\u016f po\u0159izujeme ve \u0161pi\u010dkov\u00e9 kvalit\u011b. Av\u0161ak vzhledem k zp\u016fsobu reprodukce barev monitor\u016f po\u010d\u00edta\u010de se m\u016f\u017ee barva produkt\u016f na obrazovce m\u00edrn\u011b li\u0161it od skute\u010dnosti.<\/p>\n<p>Sauna je dod\u00e1v\u00e1na v pln\u00e9<\/p>\n<p>V p\u0159\u00edpad\u011b z\u00e1kladn\u00ed varianty dod\u00e1vky zaji\u0161\u0165uje vykl\u00e1dku na m\u00edst\u011b objednatel.<\/p><\/blockquote>\n","protected":false},"featured_media":8102,"template":"","meta":{"_acf_changed":false},"product_brand":[],"product_cat":[77],"product_tag":[],"class_list":{"0":"post-7668","1":"product","2":"type-product","3":"status-publish","4":"has-post-thumbnail","6":"product_cat-zahradni-sauny","7":"product_shipping_class-wysylka-grupa0","8":"pa_dodatki-sauny-s-balkonem","9":"pa_ksztalt-sudove-sauny-cs","11":"first","12":"instock","13":"shipping-taxable","14":"purchasable","15":"product-type-variable"},"acf":[],"yoast_head":"<!-- This site is optimized with the Yoast SEO plugin v27.4 - https:\/\/yoast.com\/product\/yoast-seo-wordpress\/ -->\n<title>P\u0159\u00edrodn\u00ed sudov\u00e1 zahradn\u00ed sauna s p\u0159eds\u00edn\u00ed a balkonem 280cm<\/title>\n<meta name=\"description\" content=\"Denn\u00ed povinnosti V\u00e1m nedovoluj\u00ed relaxovat? Zahradn\u00ed sauna je dokonal\u00fdm \u0159e\u0161en\u00edm, kter\u00e9 nejen ozdob\u00ed Va\u0161i zahradu, ale tak\u00e9 zajist\u00ed lep\u0161\u00ed n\u00e1ladu a zdrav\u00ed.\" \/>\n<meta name=\"robots\" content=\"noindex, follow, max-snippet:-1, max-image-preview:large, max-video-preview:-1\" \/>\n<meta property=\"og:locale\" content=\"cs_CZ\" \/>\n<meta property=\"og:type\" content=\"article\" \/>\n<meta property=\"og:title\" content=\"P\u0159\u00edrodn\u00ed sudov\u00e1 zahradn\u00ed sauna s p\u0159eds\u00edn\u00ed a balkonem 280cm\" \/>\n<meta property=\"og:description\" content=\"Denn\u00ed povinnosti V\u00e1m nedovoluj\u00ed relaxovat? Zahradn\u00ed sauna je dokonal\u00fdm \u0159e\u0161en\u00edm, kter\u00e9 nejen ozdob\u00ed Va\u0161i zahradu, ale tak\u00e9 zajist\u00ed lep\u0161\u00ed n\u00e1ladu a zdrav\u00ed.\" \/>\n<meta property=\"og:url\" content=\"https:\/\/dev.domkisauny.pl\/cs\/produkt\/sudova-zahradni-sauna-280-cm-s-balkonem\/\" \/>\n<meta property=\"og:site_name\" content=\"Chaty, sauny\" \/>\n<meta property=\"article:publisher\" content=\"https:\/\/www.facebook.com\/DomkiSauny\" \/>\n<meta property=\"article:modified_time\" content=\"2025-06-02T13:14:28+00:00\" \/>\n<meta property=\"og:image\" content=\"https:\/\/dev.domkisauny.pl\/wp-content\/uploads\/2024\/01\/574482502-sauna-ogrodowa-beczka-2-8m-z-balkonem-wizualizacja.jpg\" \/>\n\t<meta property=\"og:image:width\" content=\"2000\" \/>\n\t<meta property=\"og:image:height\" content=\"1125\" \/>\n\t<meta property=\"og:image:type\" content=\"image\/jpeg\" \/>\n<meta name=\"twitter:card\" content=\"summary_large_image\" \/>\n<meta name=\"twitter:label1\" content=\"Odhadovan\u00e1 doba \u010dten\u00ed\" \/>\n\t<meta name=\"twitter:data1\" content=\"3 minuty\" \/>\n<script type=\"application\/ld+json\" class=\"yoast-schema-graph\">{\"@context\":\"https:\\\/\\\/schema.org\",\"@graph\":[{\"@type\":\"WebPage\",\"@id\":\"https:\\\/\\\/dev.domkisauny.pl\\\/cs\\\/produkt\\\/sudova-zahradni-sauna-280-cm-s-balkonem\\\/\",\"url\":\"https:\\\/\\\/dev.domkisauny.pl\\\/cs\\\/produkt\\\/sudova-zahradni-sauna-280-cm-s-balkonem\\\/\",\"name\":\"P\u0159\u00edrodn\u00ed sudov\u00e1 zahradn\u00ed sauna s p\u0159eds\u00edn\u00ed a balkonem 280cm\",\"isPartOf\":{\"@id\":\"https:\\\/\\\/dev.domkisauny.pl\\\/cs\\\/#website\"},\"primaryImageOfPage\":{\"@id\":\"https:\\\/\\\/dev.domkisauny.pl\\\/cs\\\/produkt\\\/sudova-zahradni-sauna-280-cm-s-balkonem\\\/#primaryimage\"},\"image\":{\"@id\":\"https:\\\/\\\/dev.domkisauny.pl\\\/cs\\\/produkt\\\/sudova-zahradni-sauna-280-cm-s-balkonem\\\/#primaryimage\"},\"thumbnailUrl\":\"https:\\\/\\\/dev.domkisauny.pl\\\/wp-content\\\/uploads\\\/2024\\\/01\\\/574482502-sauna-ogrodowa-beczka-2-8m-z-balkonem-wizualizacja.jpg\",\"datePublished\":\"2024-01-14T14:17:55+00:00\",\"dateModified\":\"2025-06-02T13:14:28+00:00\",\"description\":\"Denn\u00ed povinnosti V\u00e1m nedovoluj\u00ed relaxovat? Zahradn\u00ed sauna je dokonal\u00fdm \u0159e\u0161en\u00edm, kter\u00e9 nejen ozdob\u00ed Va\u0161i zahradu, ale tak\u00e9 zajist\u00ed lep\u0161\u00ed n\u00e1ladu a zdrav\u00ed.\",\"breadcrumb\":{\"@id\":\"https:\\\/\\\/dev.domkisauny.pl\\\/cs\\\/produkt\\\/sudova-zahradni-sauna-280-cm-s-balkonem\\\/#breadcrumb\"},\"inLanguage\":\"cs\",\"potentialAction\":[{\"@type\":\"ReadAction\",\"target\":[\"https:\\\/\\\/dev.domkisauny.pl\\\/cs\\\/produkt\\\/sudova-zahradni-sauna-280-cm-s-balkonem\\\/\"]}]},{\"@type\":\"ImageObject\",\"inLanguage\":\"cs\",\"@id\":\"https:\\\/\\\/dev.domkisauny.pl\\\/cs\\\/produkt\\\/sudova-zahradni-sauna-280-cm-s-balkonem\\\/#primaryimage\",\"url\":\"https:\\\/\\\/dev.domkisauny.pl\\\/wp-content\\\/uploads\\\/2024\\\/01\\\/574482502-sauna-ogrodowa-beczka-2-8m-z-balkonem-wizualizacja.jpg\",\"contentUrl\":\"https:\\\/\\\/dev.domkisauny.pl\\\/wp-content\\\/uploads\\\/2024\\\/01\\\/574482502-sauna-ogrodowa-beczka-2-8m-z-balkonem-wizualizacja.jpg\",\"width\":2000,\"height\":1125,\"caption\":\"Sauna ogrodowa beczka 2,8 m z balkonem\"},{\"@type\":\"BreadcrumbList\",\"@id\":\"https:\\\/\\\/dev.domkisauny.pl\\\/cs\\\/produkt\\\/sudova-zahradni-sauna-280-cm-s-balkonem\\\/#breadcrumb\",\"itemListElement\":[{\"@type\":\"ListItem\",\"position\":1,\"name\":\"A&amp;M\",\"item\":\"https:\\\/\\\/dev.domkisauny.pl\\\/cs\\\/\"},{\"@type\":\"ListItem\",\"position\":2,\"name\":\"Produkty\",\"item\":\"https:\\\/\\\/dev.domkisauny.pl\\\/produkty\\\/\"},{\"@type\":\"ListItem\",\"position\":3,\"name\":\"Sauny\",\"item\":\"https:\\\/\\\/dev.domkisauny.pl\\\/cs\\\/kategorie-produktu\\\/sauny\\\/\"},{\"@type\":\"ListItem\",\"position\":4,\"name\":\"Zahradn\u00ed sauny\",\"item\":\"https:\\\/\\\/dev.domkisauny.pl\\\/cs\\\/kategorie-produktu\\\/sauny\\\/zahradni-sauny\\\/\"},{\"@type\":\"ListItem\",\"position\":5,\"name\":\"Sudov\u00e1 zahradn\u00ed sauna 280 cm s balkonem\"}]},{\"@type\":\"WebSite\",\"@id\":\"https:\\\/\\\/dev.domkisauny.pl\\\/cs\\\/#website\",\"url\":\"https:\\\/\\\/dev.domkisauny.pl\\\/cs\\\/\",\"name\":\"Chaty, sauny\",\"description\":\"\",\"publisher\":{\"@id\":\"https:\\\/\\\/dev.domkisauny.pl\\\/cs\\\/#organization\"},\"potentialAction\":[{\"@type\":\"SearchAction\",\"target\":{\"@type\":\"EntryPoint\",\"urlTemplate\":\"https:\\\/\\\/dev.domkisauny.pl\\\/cs\\\/?s={search_term_string}\"},\"query-input\":{\"@type\":\"PropertyValueSpecification\",\"valueRequired\":true,\"valueName\":\"search_term_string\"}}],\"inLanguage\":\"cs\"},{\"@type\":\"Organization\",\"@id\":\"https:\\\/\\\/dev.domkisauny.pl\\\/cs\\\/#organization\",\"name\":\"Chaty, sauny\",\"url\":\"https:\\\/\\\/dev.domkisauny.pl\\\/cs\\\/\",\"logo\":{\"@type\":\"ImageObject\",\"inLanguage\":\"cs\",\"@id\":\"https:\\\/\\\/dev.domkisauny.pl\\\/cs\\\/#\\\/schema\\\/logo\\\/image\\\/\",\"url\":\"https:\\\/\\\/domkisauny.pl\\\/wp-content\\\/uploads\\\/2022\\\/09\\\/logo_03.png\",\"contentUrl\":\"https:\\\/\\\/domkisauny.pl\\\/wp-content\\\/uploads\\\/2022\\\/09\\\/logo_03.png\",\"width\":95,\"height\":81,\"caption\":\"Chaty, sauny\"},\"image\":{\"@id\":\"https:\\\/\\\/dev.domkisauny.pl\\\/cs\\\/#\\\/schema\\\/logo\\\/image\\\/\"},\"sameAs\":[\"https:\\\/\\\/www.facebook.com\\\/DomkiSauny\"]}]}<\/script>\n<!-- \/ Yoast SEO plugin. -->","yoast_head_json":{"title":"P\u0159\u00edrodn\u00ed sudov\u00e1 zahradn\u00ed sauna s p\u0159eds\u00edn\u00ed a balkonem 280cm","description":"Denn\u00ed povinnosti V\u00e1m nedovoluj\u00ed relaxovat? Zahradn\u00ed sauna je dokonal\u00fdm \u0159e\u0161en\u00edm, kter\u00e9 nejen ozdob\u00ed Va\u0161i zahradu, ale tak\u00e9 zajist\u00ed lep\u0161\u00ed n\u00e1ladu a zdrav\u00ed.","robots":{"index":"noindex","follow":"follow","max-snippet":"max-snippet:-1","max-image-preview":"max-image-preview:large","max-video-preview":"max-video-preview:-1"},"og_locale":"cs_CZ","og_type":"article","og_title":"P\u0159\u00edrodn\u00ed sudov\u00e1 zahradn\u00ed sauna s p\u0159eds\u00edn\u00ed a balkonem 280cm","og_description":"Denn\u00ed povinnosti V\u00e1m nedovoluj\u00ed relaxovat? Zahradn\u00ed sauna je dokonal\u00fdm \u0159e\u0161en\u00edm, kter\u00e9 nejen ozdob\u00ed Va\u0161i zahradu, ale tak\u00e9 zajist\u00ed lep\u0161\u00ed n\u00e1ladu a zdrav\u00ed.","og_url":"https:\/\/dev.domkisauny.pl\/cs\/produkt\/sudova-zahradni-sauna-280-cm-s-balkonem\/","og_site_name":"Chaty, sauny","article_publisher":"https:\/\/www.facebook.com\/DomkiSauny","article_modified_time":"2025-06-02T13:14:28+00:00","og_image":[{"width":2000,"height":1125,"url":"https:\/\/dev.domkisauny.pl\/wp-content\/uploads\/2024\/01\/574482502-sauna-ogrodowa-beczka-2-8m-z-balkonem-wizualizacja.jpg","type":"image\/jpeg"}],"twitter_card":"summary_large_image","twitter_misc":{"Odhadovan\u00e1 doba \u010dten\u00ed":"3 minuty"},"schema":{"@context":"https:\/\/schema.org","@graph":[{"@type":"WebPage","@id":"https:\/\/dev.domkisauny.pl\/cs\/produkt\/sudova-zahradni-sauna-280-cm-s-balkonem\/","url":"https:\/\/dev.domkisauny.pl\/cs\/produkt\/sudova-zahradni-sauna-280-cm-s-balkonem\/","name":"P\u0159\u00edrodn\u00ed sudov\u00e1 zahradn\u00ed sauna s p\u0159eds\u00edn\u00ed a balkonem 280cm","isPartOf":{"@id":"https:\/\/dev.domkisauny.pl\/cs\/#website"},"primaryImageOfPage":{"@id":"https:\/\/dev.domkisauny.pl\/cs\/produkt\/sudova-zahradni-sauna-280-cm-s-balkonem\/#primaryimage"},"image":{"@id":"https:\/\/dev.domkisauny.pl\/cs\/produkt\/sudova-zahradni-sauna-280-cm-s-balkonem\/#primaryimage"},"thumbnailUrl":"https:\/\/dev.domkisauny.pl\/wp-content\/uploads\/2024\/01\/574482502-sauna-ogrodowa-beczka-2-8m-z-balkonem-wizualizacja.jpg","datePublished":"2024-01-14T14:17:55+00:00","dateModified":"2025-06-02T13:14:28+00:00","description":"Denn\u00ed povinnosti V\u00e1m nedovoluj\u00ed relaxovat? Zahradn\u00ed sauna je dokonal\u00fdm \u0159e\u0161en\u00edm, kter\u00e9 nejen ozdob\u00ed Va\u0161i zahradu, ale tak\u00e9 zajist\u00ed lep\u0161\u00ed n\u00e1ladu a zdrav\u00ed.","breadcrumb":{"@id":"https:\/\/dev.domkisauny.pl\/cs\/produkt\/sudova-zahradni-sauna-280-cm-s-balkonem\/#breadcrumb"},"inLanguage":"cs","potentialAction":[{"@type":"ReadAction","target":["https:\/\/dev.domkisauny.pl\/cs\/produkt\/sudova-zahradni-sauna-280-cm-s-balkonem\/"]}]},{"@type":"ImageObject","inLanguage":"cs","@id":"https:\/\/dev.domkisauny.pl\/cs\/produkt\/sudova-zahradni-sauna-280-cm-s-balkonem\/#primaryimage","url":"https:\/\/dev.domkisauny.pl\/wp-content\/uploads\/2024\/01\/574482502-sauna-ogrodowa-beczka-2-8m-z-balkonem-wizualizacja.jpg","contentUrl":"https:\/\/dev.domkisauny.pl\/wp-content\/uploads\/2024\/01\/574482502-sauna-ogrodowa-beczka-2-8m-z-balkonem-wizualizacja.jpg","width":2000,"height":1125,"caption":"Sauna ogrodowa beczka 2,8 m z balkonem"},{"@type":"BreadcrumbList","@id":"https:\/\/dev.domkisauny.pl\/cs\/produkt\/sudova-zahradni-sauna-280-cm-s-balkonem\/#breadcrumb","itemListElement":[{"@type":"ListItem","position":1,"name":"A&amp;M","item":"https:\/\/dev.domkisauny.pl\/cs\/"},{"@type":"ListItem","position":2,"name":"Produkty","item":"https:\/\/dev.domkisauny.pl\/produkty\/"},{"@type":"ListItem","position":3,"name":"Sauny","item":"https:\/\/dev.domkisauny.pl\/cs\/kategorie-produktu\/sauny\/"},{"@type":"ListItem","position":4,"name":"Zahradn\u00ed sauny","item":"https:\/\/dev.domkisauny.pl\/cs\/kategorie-produktu\/sauny\/zahradni-sauny\/"},{"@type":"ListItem","position":5,"name":"Sudov\u00e1 zahradn\u00ed sauna 280 cm s balkonem"}]},{"@type":"WebSite","@id":"https:\/\/dev.domkisauny.pl\/cs\/#website","url":"https:\/\/dev.domkisauny.pl\/cs\/","name":"Chaty, sauny","description":"","publisher":{"@id":"https:\/\/dev.domkisauny.pl\/cs\/#organization"},"potentialAction":[{"@type":"SearchAction","target":{"@type":"EntryPoint","urlTemplate":"https:\/\/dev.domkisauny.pl\/cs\/?s={search_term_string}"},"query-input":{"@type":"PropertyValueSpecification","valueRequired":true,"valueName":"search_term_string"}}],"inLanguage":"cs"},{"@type":"Organization","@id":"https:\/\/dev.domkisauny.pl\/cs\/#organization","name":"Chaty, sauny","url":"https:\/\/dev.domkisauny.pl\/cs\/","logo":{"@type":"ImageObject","inLanguage":"cs","@id":"https:\/\/dev.domkisauny.pl\/cs\/#\/schema\/logo\/image\/","url":"https:\/\/domkisauny.pl\/wp-content\/uploads\/2022\/09\/logo_03.png","contentUrl":"https:\/\/domkisauny.pl\/wp-content\/uploads\/2022\/09\/logo_03.png","width":95,"height":81,"caption":"Chaty, sauny"},"image":{"@id":"https:\/\/dev.domkisauny.pl\/cs\/#\/schema\/logo\/image\/"},"sameAs":["https:\/\/www.facebook.com\/DomkiSauny"]}]}},"_links":{"self":[{"href":"https:\/\/dev.domkisauny.pl\/cs\/wp-json\/wp\/v2\/product\/7668","targetHints":{"allow":["GET"]}}],"collection":[{"href":"https:\/\/dev.domkisauny.pl\/cs\/wp-json\/wp\/v2\/product"}],"about":[{"href":"https:\/\/dev.domkisauny.pl\/cs\/wp-json\/wp\/v2\/types\/product"}],"wp:featuredmedia":[{"embeddable":true,"href":"https:\/\/dev.domkisauny.pl\/cs\/wp-json\/wp\/v2\/media\/8102"}],"wp:attachment":[{"href":"https:\/\/dev.domkisauny.pl\/cs\/wp-json\/wp\/v2\/media?parent=7668"}],"wp:term":[{"taxonomy":"product_brand","embeddable":true,"href":"https:\/\/dev.domkisauny.pl\/cs\/wp-json\/wp\/v2\/product_brand?post=7668"},{"taxonomy":"product_cat","embeddable":true,"href":"https:\/\/dev.domkisauny.pl\/cs\/wp-json\/wp\/v2\/product_cat?post=7668"},{"taxonomy":"product_tag","embeddable":true,"href":"https:\/\/dev.domkisauny.pl\/cs\/wp-json\/wp\/v2\/product_tag?post=7668"}],"curies":[{"name":"wp","href":"https:\/\/api.w.org\/{rel}","templated":true}]}}