{"id":7656,"date":"2024-01-16T04:11:28","date_gmt":"2024-01-16T03:11:28","guid":{"rendered":"https:\/\/domkisauny.pl\/?post_type=product&#038;p=7656"},"modified":"2025-06-27T17:15:41","modified_gmt":"2025-06-27T15:15:41","slug":"sudova-zahradni-sauna-280-cm-termo-s-balkonem","status":"publish","type":"product","link":"https:\/\/dev.domkisauny.pl\/cs\/produkt\/sudova-zahradni-sauna-280-cm-termo-s-balkonem\/","title":{"rendered":"Sudov\u00e1 zahradn\u00ed sauna 280 cm TERMO s balkonem"},"content":{"rendered":"<p>Mo\u017enost ka\u017edodenn\u00ed relaxace ve skv\u011bl\u00fdch podm\u00ednk\u00e1ch m\u00e1 v dne\u0161n\u00ed dob\u011b cenu zlata. Pokud je nav\u00edc prezentov\u00e1na v\u00fdjime\u010dn\u011b estetick\u00fdm zp\u016fsobem, m\u016f\u017ee b\u00fdt zaj\u00edmav\u00fdm dopl\u0148kem Va\u0161\u00ed zahrady. Co v sob\u011b skr\u00fdv\u00e1 Sudov\u00e1 zahradn\u00ed sauna THERMO 2,8 m s balkonem?<\/p>\n<p><img loading=\"lazy\" decoding=\"async\" class=\"aligncenter wp-image-8676 size-full\" src=\"https:\/\/domkysauny.cz\/wp-content\/uploads\/2024\/01\/574482502-sauna-ogrodowa-beczka-2-8m-z-balkonem-wizualizacja-thermo.jpg\" alt=\"\" width=\"2300\" height=\"1294\" srcset=\"https:\/\/dev.domkisauny.pl\/wp-content\/uploads\/2024\/01\/574482502-sauna-ogrodowa-beczka-2-8m-z-balkonem-wizualizacja-thermo.jpg 2300w, https:\/\/dev.domkisauny.pl\/wp-content\/uploads\/2024\/01\/574482502-sauna-ogrodowa-beczka-2-8m-z-balkonem-wizualizacja-thermo-300x169.jpg 300w, https:\/\/dev.domkisauny.pl\/wp-content\/uploads\/2024\/01\/574482502-sauna-ogrodowa-beczka-2-8m-z-balkonem-wizualizacja-thermo-768x432.jpg 768w, https:\/\/dev.domkisauny.pl\/wp-content\/uploads\/2024\/01\/574482502-sauna-ogrodowa-beczka-2-8m-z-balkonem-wizualizacja-thermo-1024x576.jpg 1024w, https:\/\/dev.domkisauny.pl\/wp-content\/uploads\/2024\/01\/574482502-sauna-ogrodowa-beczka-2-8m-z-balkonem-wizualizacja-thermo-1536x864.jpg 1536w, https:\/\/dev.domkisauny.pl\/wp-content\/uploads\/2024\/01\/574482502-sauna-ogrodowa-beczka-2-8m-z-balkonem-wizualizacja-thermo-2048x1152.jpg 2048w, https:\/\/dev.domkisauny.pl\/wp-content\/uploads\/2024\/01\/574482502-sauna-ogrodowa-beczka-2-8m-z-balkonem-wizualizacja-thermo-1000x563.jpg 1000w\" sizes=\"auto, (max-width: 2300px) 100vw, 2300px\" \/><\/p>\n<h3><strong>L\u00e9\u010debn\u00e1 relaxace se zahradn\u00ed saunou THERMO<\/strong><\/h3>\n<p>St\u00e1le \u010dast\u011bji si zvyk\u00e1me na dny, kdy na nic nem\u00e1me \u010das a ze v\u0161ech stran se na n\u00e1s val\u00ed \u010detn\u00e9 povinnosti, nervy a stres. V takov\u00fdch chv\u00edl\u00edch to jedin\u00e9, o \u010dem nej\u010dast\u011bji sn\u00edme, je chvilka relaxace. Jak si ji ale zajistit? <strong>Odpov\u011bd\u00ed na takov\u00e9 situace je zahradn\u00ed sauna, kter\u00e1 V\u00e1m umo\u017en\u00ed na chv\u00edli zapomenout na ka\u017edodenn\u00ed rychl\u00e9 tempo. <\/strong>P\u0159i pobytu v n\u00ed m\u016f\u017eeme bez probl\u00e9m\u016f relaxovat a c\u00edtit \u00falevu. Krom\u011b toho, \u017ee v\u00fdrazn\u011b zlep\u0161uj\u00ed va\u0161i n\u00e1ladu, pobyty v saun\u011b maj\u00ed blahod\u00e1rn\u00fd vliv na na\u0161e zdrav\u00ed a posiluj\u00ed n\u00e1s. Je to skute\u010dn\u00e1 sp\u00e1sa jak pro na\u0161i mysl, tak pro cel\u00e9 t\u011blo.<\/p>\n<p><strong><img loading=\"lazy\" decoding=\"async\" class=\"aligncenter wp-image-7606 size-full\" src=\"https:\/\/domkysauny.cz\/wp-content\/uploads\/2024\/01\/Sauna-ogrodowa-beczka-28-m-z-balkonem-rzut.jpg\" alt=\"\" width=\"2000\" height=\"1600\" srcset=\"https:\/\/dev.domkisauny.pl\/wp-content\/uploads\/2024\/01\/Sauna-ogrodowa-beczka-28-m-z-balkonem-rzut.jpg 2000w, https:\/\/dev.domkisauny.pl\/wp-content\/uploads\/2024\/01\/Sauna-ogrodowa-beczka-28-m-z-balkonem-rzut-300x240.jpg 300w, https:\/\/dev.domkisauny.pl\/wp-content\/uploads\/2024\/01\/Sauna-ogrodowa-beczka-28-m-z-balkonem-rzut-768x614.jpg 768w, https:\/\/dev.domkisauny.pl\/wp-content\/uploads\/2024\/01\/Sauna-ogrodowa-beczka-28-m-z-balkonem-rzut-1024x819.jpg 1024w, https:\/\/dev.domkisauny.pl\/wp-content\/uploads\/2024\/01\/Sauna-ogrodowa-beczka-28-m-z-balkonem-rzut-1536x1229.jpg 1536w, https:\/\/dev.domkisauny.pl\/wp-content\/uploads\/2024\/01\/Sauna-ogrodowa-beczka-28-m-z-balkonem-rzut-1000x800.jpg 1000w\" sizes=\"auto, (max-width: 2000px) 100vw, 2000px\" \/><\/strong><\/p>\n<h3><strong>Solidn\u00ed materi\u00e1ly zahradn\u00ed sauny THERMO<\/strong><\/h3>\n<p>Sudov\u00e1 zahradn\u00ed sauna 2,8 m THERMO s balkonem je um\u011bleck\u00fdm d\u00edlem navr\u017een\u00fdm t\u00fdmem Domki Sauny s d\u016frazem na nejmen\u0161\u00ed detaily. D\u00edky tomu je tento model opravdu solidn\u00ed. Konstrukce byla vyrobena z desek siln\u00fdch 45 mm. Zde pou\u017eit\u00e9 d\u0159evo poch\u00e1z\u00ed ze smrk\u016f. D\u00edky tomu jsou pou\u017eit\u00e9 materi\u00e1ly organick\u00e9 a bez jak\u00fdchkoli \u0161kodliv\u00fdch l\u00e1tek. <strong>Hlavn\u00ed roli v zahradn\u00ed saun\u011b v\u0161ak hraje tituln\u00ed materi\u00e1l THERMO<\/strong>. Je oce\u0148ov\u00e1n zejm\u00e9na d\u00edky sv\u00e9 nenahraditeln\u00e9 odolnosti v\u016f\u010di v\u0161em deformac\u00edm a destrukci.<\/p>\n<p>Uvnit\u0159 sauny se nach\u00e1z\u00ed z\u00e1dve\u0159\u00ed s lavicemi, d\u00edky kter\u00fdm lze saunovat i ve v\u00edce osob\u00e1ch. Celou m\u00edstnost uzav\u00edraj\u00ed masivn\u00ed dve\u0159e z tvrzen\u00e9ho skla. Ot\u00e1zku odolnosti \u0159e\u0161\u00ed i st\u0159echa, nav\u00edc chr\u00e1n\u011bn\u00e1 \u017eivi\u010dn\u00fdm \u0161indelem, kter\u00e1 saunu ochr\u00e1n\u00ed p\u0159ed nep\u0159\u00edzniv\u00fdmi pov\u011btrnostn\u00edmi vlivy.<strong> To v\u0161e je nav\u00edc podpo\u0159eno 4 kovov\u00fdmi obj\u00edmkami. <\/strong>I p\u0159es jej\u00ed mimo\u0159\u00e1dnou odolnost se doporu\u010duje ji ulo\u017eit na tvrzen\u00fd povrch.<\/p>\n<p><strong><img loading=\"lazy\" decoding=\"async\" class=\"aligncenter wp-image-7610 size-full\" src=\"https:\/\/domkysauny.cz\/wp-content\/uploads\/2024\/01\/Sauna-ogrodowa-beczka-28-m-z-balkonem-rysunek.jpg\" alt=\"\" width=\"2000\" height=\"1600\" srcset=\"https:\/\/dev.domkisauny.pl\/wp-content\/uploads\/2024\/01\/Sauna-ogrodowa-beczka-28-m-z-balkonem-rysunek.jpg 2000w, https:\/\/dev.domkisauny.pl\/wp-content\/uploads\/2024\/01\/Sauna-ogrodowa-beczka-28-m-z-balkonem-rysunek-300x240.jpg 300w, https:\/\/dev.domkisauny.pl\/wp-content\/uploads\/2024\/01\/Sauna-ogrodowa-beczka-28-m-z-balkonem-rysunek-768x614.jpg 768w, https:\/\/dev.domkisauny.pl\/wp-content\/uploads\/2024\/01\/Sauna-ogrodowa-beczka-28-m-z-balkonem-rysunek-1024x819.jpg 1024w, https:\/\/dev.domkisauny.pl\/wp-content\/uploads\/2024\/01\/Sauna-ogrodowa-beczka-28-m-z-balkonem-rysunek-1536x1229.jpg 1536w, https:\/\/dev.domkisauny.pl\/wp-content\/uploads\/2024\/01\/Sauna-ogrodowa-beczka-28-m-z-balkonem-rysunek-1000x800.jpg 1000w\" sizes=\"auto, (max-width: 2000px) 100vw, 2000px\" \/><\/strong><\/p>\n<h3><strong>Zahradn\u00ed sauna ve dvou variant\u00e1ch<\/strong><\/h3>\n<p>P\u0159i navrhov\u00e1n\u00ed Sudov\u00e9 zahradn\u00ed sauny THERMO 2,8 m s balkonem bylo db\u00e1no nejen na praktick\u00e9 ot\u00e1zky ovliv\u0148uj\u00edc\u00ed kvalitu sezen\u00ed, ale tak\u00e9 na vizu\u00e1ln\u00ed str\u00e1nku. <strong>Je tak nejen m\u00edstem k odpo\u010dinku a otu\u017eov\u00e1n\u00ed, ale tak\u00e9 zaj\u00edmavou dekorac\u00ed na zahrad\u011b.<\/strong> Aby sauna dokonale vyhovovala va\u0161emu vkusu, je k dispozici ve dvou barevn\u00fdch variant\u00e1ch: malov\u00e1n\u00ed v antracitov\u00e9 barv\u011b a p\u0159\u00edrodn\u00ed bezbarv\u00e1.<\/p>\n<p>P\u0159id\u00e1n\u00ed sauny do Va\u0161\u00ed zahrady je perfektn\u00ed zp\u016fsob, jak u\u010dinit Va\u0161i terasu zaj\u00edmav\u011bj\u0161\u00ed. Tato kombinace vytv\u00e1\u0159\u00ed nejen estetick\u00e9, ale i praktick\u00e9 m\u00edsto, kde je relaxace zaji\u0161t\u011bna. P\u0159id\u00e1n\u00ed sudov\u00e9 sauny bude skv\u011bl\u00e9 i v p\u0159\u00edpad\u011b, \u017ee provozujeme ubytovac\u00ed za\u0159\u00edzen\u00ed. P\u0159\u00edle\u017eitost k odpo\u010dinku pro n\u00e1v\u0161t\u011bvn\u00edky jist\u011b zv\u00fd\u0161\u00ed jeho atraktivitu.<\/p>\n","protected":false},"excerpt":{"rendered":"<blockquote><p><strong><b>D\u016eLE\u017dIT\u00c9!<\/b><\/strong><\/p>\n<p>Fotografie produkt\u016f po\u0159izujeme ve \u0161pi\u010dkov\u00e9 kvalit\u011b. Av\u0161ak vzhledem k zp\u016fsobu reprodukce barev monitor\u016f po\u010d\u00edta\u010de se m\u016f\u017ee barva produkt\u016f na obrazovce m\u00edrn\u011b li\u0161it od skute\u010dnosti.<\/p>\n<p>Sauna je dod\u00e1v\u00e1na v pln\u00e9<\/p>\n<p>V p\u0159\u00edpad\u011b z\u00e1kladn\u00ed varianty dod\u00e1vky zaji\u0161\u0165uje vykl\u00e1dku na m\u00edst\u011b objednatel.<\/p><\/blockquote>\n","protected":false},"featured_media":8677,"template":"","meta":{"_acf_changed":false},"product_brand":[],"product_cat":[77,232],"product_tag":[],"class_list":{"0":"post-7656","1":"product","2":"type-product","3":"status-publish","4":"has-post-thumbnail","6":"product_cat-zahradni-sauny","7":"product_cat-zahradni-thermo-sauny","8":"product_shipping_class-wysylka-grupa0","9":"pa_dodatki-sauny-s-balkonem","10":"pa_ksztalt-sudove-sauny-cs","12":"first","13":"instock","14":"shipping-taxable","15":"purchasable","16":"product-type-variable"},"acf":[],"yoast_head":"<!-- This site is optimized with the Yoast SEO plugin v27.4 - https:\/\/yoast.com\/product\/yoast-seo-wordpress\/ -->\n<title>Solidn\u00ed sudov\u00e1 zahradn\u00ed sauna 280cm THERMO s balkonem<\/title>\n<meta name=\"description\" content=\"P\u0159i rychl\u00e9m \u017eivotn\u00edm tempu je t\u011b\u017ek\u00e9 naj\u00edt si \u010das na relaxaci. Odpov\u011bd\u00ed na to je zahradn\u00ed sauna THERMO. S n\u00ed si ji zajist\u00edte ka\u017ed\u00fd den a d\u00edky solidn\u00edm materi\u00e1l\u016fm vydr\u017e\u00ed roky.\" \/>\n<meta name=\"robots\" content=\"noindex, follow, max-snippet:-1, max-image-preview:large, max-video-preview:-1\" \/>\n<meta property=\"og:locale\" content=\"cs_CZ\" \/>\n<meta property=\"og:type\" content=\"article\" \/>\n<meta property=\"og:title\" content=\"Solidn\u00ed sudov\u00e1 zahradn\u00ed sauna 280cm THERMO s balkonem\" \/>\n<meta property=\"og:description\" content=\"P\u0159i rychl\u00e9m \u017eivotn\u00edm tempu je t\u011b\u017ek\u00e9 naj\u00edt si \u010das na relaxaci. Odpov\u011bd\u00ed na to je zahradn\u00ed sauna THERMO. S n\u00ed si ji zajist\u00edte ka\u017ed\u00fd den a d\u00edky solidn\u00edm materi\u00e1l\u016fm vydr\u017e\u00ed roky.\" \/>\n<meta property=\"og:url\" content=\"https:\/\/dev.domkisauny.pl\/cs\/produkt\/sudova-zahradni-sauna-280-cm-termo-s-balkonem\/\" \/>\n<meta property=\"og:site_name\" content=\"Chaty, sauny\" \/>\n<meta property=\"article:publisher\" content=\"https:\/\/www.facebook.com\/DomkiSauny\" \/>\n<meta property=\"article:modified_time\" content=\"2025-06-27T15:15:41+00:00\" \/>\n<meta property=\"og:image\" content=\"https:\/\/dev.domkisauny.pl\/wp-content\/uploads\/2024\/01\/574482502-sauna-ogrodowa-beczka-2-8m-z-balkonem-wizualizacja-thermo-1024x576.jpg\" \/>\n\t<meta property=\"og:image:width\" content=\"1024\" \/>\n\t<meta property=\"og:image:height\" content=\"576\" \/>\n\t<meta property=\"og:image:type\" content=\"image\/jpeg\" \/>\n<meta name=\"twitter:card\" content=\"summary_large_image\" \/>\n<meta name=\"twitter:label1\" content=\"Odhadovan\u00e1 doba \u010dten\u00ed\" \/>\n\t<meta name=\"twitter:data1\" content=\"4 minuty\" \/>\n<script type=\"application\/ld+json\" class=\"yoast-schema-graph\">{\"@context\":\"https:\\\/\\\/schema.org\",\"@graph\":[{\"@type\":\"WebPage\",\"@id\":\"https:\\\/\\\/dev.domkisauny.pl\\\/cs\\\/produkt\\\/sudova-zahradni-sauna-280-cm-termo-s-balkonem\\\/\",\"url\":\"https:\\\/\\\/dev.domkisauny.pl\\\/cs\\\/produkt\\\/sudova-zahradni-sauna-280-cm-termo-s-balkonem\\\/\",\"name\":\"Solidn\u00ed sudov\u00e1 zahradn\u00ed sauna 280cm THERMO s balkonem\",\"isPartOf\":{\"@id\":\"https:\\\/\\\/dev.domkisauny.pl\\\/cs\\\/#website\"},\"primaryImageOfPage\":{\"@id\":\"https:\\\/\\\/dev.domkisauny.pl\\\/cs\\\/produkt\\\/sudova-zahradni-sauna-280-cm-termo-s-balkonem\\\/#primaryimage\"},\"image\":{\"@id\":\"https:\\\/\\\/dev.domkisauny.pl\\\/cs\\\/produkt\\\/sudova-zahradni-sauna-280-cm-termo-s-balkonem\\\/#primaryimage\"},\"thumbnailUrl\":\"https:\\\/\\\/dev.domkisauny.pl\\\/wp-content\\\/uploads\\\/2024\\\/01\\\/574482502-sauna-ogrodowa-beczka-2-8m-z-balkonem-wizualizacja-thermo.jpg\",\"datePublished\":\"2024-01-16T03:11:28+00:00\",\"dateModified\":\"2025-06-27T15:15:41+00:00\",\"description\":\"P\u0159i rychl\u00e9m \u017eivotn\u00edm tempu je t\u011b\u017ek\u00e9 naj\u00edt si \u010das na relaxaci. Odpov\u011bd\u00ed na to je zahradn\u00ed sauna THERMO. S n\u00ed si ji zajist\u00edte ka\u017ed\u00fd den a d\u00edky solidn\u00edm materi\u00e1l\u016fm vydr\u017e\u00ed roky.\",\"breadcrumb\":{\"@id\":\"https:\\\/\\\/dev.domkisauny.pl\\\/cs\\\/produkt\\\/sudova-zahradni-sauna-280-cm-termo-s-balkonem\\\/#breadcrumb\"},\"inLanguage\":\"cs\",\"potentialAction\":[{\"@type\":\"ReadAction\",\"target\":[\"https:\\\/\\\/dev.domkisauny.pl\\\/cs\\\/produkt\\\/sudova-zahradni-sauna-280-cm-termo-s-balkonem\\\/\"]}]},{\"@type\":\"ImageObject\",\"inLanguage\":\"cs\",\"@id\":\"https:\\\/\\\/dev.domkisauny.pl\\\/cs\\\/produkt\\\/sudova-zahradni-sauna-280-cm-termo-s-balkonem\\\/#primaryimage\",\"url\":\"https:\\\/\\\/dev.domkisauny.pl\\\/wp-content\\\/uploads\\\/2024\\\/01\\\/574482502-sauna-ogrodowa-beczka-2-8m-z-balkonem-wizualizacja-thermo.jpg\",\"contentUrl\":\"https:\\\/\\\/dev.domkisauny.pl\\\/wp-content\\\/uploads\\\/2024\\\/01\\\/574482502-sauna-ogrodowa-beczka-2-8m-z-balkonem-wizualizacja-thermo.jpg\",\"width\":2300,\"height\":1294},{\"@type\":\"BreadcrumbList\",\"@id\":\"https:\\\/\\\/dev.domkisauny.pl\\\/cs\\\/produkt\\\/sudova-zahradni-sauna-280-cm-termo-s-balkonem\\\/#breadcrumb\",\"itemListElement\":[{\"@type\":\"ListItem\",\"position\":1,\"name\":\"A&amp;M\",\"item\":\"https:\\\/\\\/dev.domkisauny.pl\\\/cs\\\/\"},{\"@type\":\"ListItem\",\"position\":2,\"name\":\"Produkty\",\"item\":\"https:\\\/\\\/dev.domkisauny.pl\\\/produkty\\\/\"},{\"@type\":\"ListItem\",\"position\":3,\"name\":\"Sauny\",\"item\":\"https:\\\/\\\/dev.domkisauny.pl\\\/cs\\\/kategorie-produktu\\\/sauny\\\/\"},{\"@type\":\"ListItem\",\"position\":4,\"name\":\"Zahradn\u00ed sauny\",\"item\":\"https:\\\/\\\/dev.domkisauny.pl\\\/cs\\\/kategorie-produktu\\\/sauny\\\/zahradni-sauny\\\/\"},{\"@type\":\"ListItem\",\"position\":5,\"name\":\"Sudov\u00e1 zahradn\u00ed sauna 280 cm TERMO s balkonem\"}]},{\"@type\":\"WebSite\",\"@id\":\"https:\\\/\\\/dev.domkisauny.pl\\\/cs\\\/#website\",\"url\":\"https:\\\/\\\/dev.domkisauny.pl\\\/cs\\\/\",\"name\":\"Chaty, sauny\",\"description\":\"\",\"publisher\":{\"@id\":\"https:\\\/\\\/dev.domkisauny.pl\\\/cs\\\/#organization\"},\"potentialAction\":[{\"@type\":\"SearchAction\",\"target\":{\"@type\":\"EntryPoint\",\"urlTemplate\":\"https:\\\/\\\/dev.domkisauny.pl\\\/cs\\\/?s={search_term_string}\"},\"query-input\":{\"@type\":\"PropertyValueSpecification\",\"valueRequired\":true,\"valueName\":\"search_term_string\"}}],\"inLanguage\":\"cs\"},{\"@type\":\"Organization\",\"@id\":\"https:\\\/\\\/dev.domkisauny.pl\\\/cs\\\/#organization\",\"name\":\"Chaty, sauny\",\"url\":\"https:\\\/\\\/dev.domkisauny.pl\\\/cs\\\/\",\"logo\":{\"@type\":\"ImageObject\",\"inLanguage\":\"cs\",\"@id\":\"https:\\\/\\\/dev.domkisauny.pl\\\/cs\\\/#\\\/schema\\\/logo\\\/image\\\/\",\"url\":\"https:\\\/\\\/domkisauny.pl\\\/wp-content\\\/uploads\\\/2022\\\/09\\\/logo_03.png\",\"contentUrl\":\"https:\\\/\\\/domkisauny.pl\\\/wp-content\\\/uploads\\\/2022\\\/09\\\/logo_03.png\",\"width\":95,\"height\":81,\"caption\":\"Chaty, sauny\"},\"image\":{\"@id\":\"https:\\\/\\\/dev.domkisauny.pl\\\/cs\\\/#\\\/schema\\\/logo\\\/image\\\/\"},\"sameAs\":[\"https:\\\/\\\/www.facebook.com\\\/DomkiSauny\"]}]}<\/script>\n<!-- \/ Yoast SEO plugin. -->","yoast_head_json":{"title":"Solidn\u00ed sudov\u00e1 zahradn\u00ed sauna 280cm THERMO s balkonem","description":"P\u0159i rychl\u00e9m \u017eivotn\u00edm tempu je t\u011b\u017ek\u00e9 naj\u00edt si \u010das na relaxaci. Odpov\u011bd\u00ed na to je zahradn\u00ed sauna THERMO. S n\u00ed si ji zajist\u00edte ka\u017ed\u00fd den a d\u00edky solidn\u00edm materi\u00e1l\u016fm vydr\u017e\u00ed roky.","robots":{"index":"noindex","follow":"follow","max-snippet":"max-snippet:-1","max-image-preview":"max-image-preview:large","max-video-preview":"max-video-preview:-1"},"og_locale":"cs_CZ","og_type":"article","og_title":"Solidn\u00ed sudov\u00e1 zahradn\u00ed sauna 280cm THERMO s balkonem","og_description":"P\u0159i rychl\u00e9m \u017eivotn\u00edm tempu je t\u011b\u017ek\u00e9 naj\u00edt si \u010das na relaxaci. Odpov\u011bd\u00ed na to je zahradn\u00ed sauna THERMO. S n\u00ed si ji zajist\u00edte ka\u017ed\u00fd den a d\u00edky solidn\u00edm materi\u00e1l\u016fm vydr\u017e\u00ed roky.","og_url":"https:\/\/dev.domkisauny.pl\/cs\/produkt\/sudova-zahradni-sauna-280-cm-termo-s-balkonem\/","og_site_name":"Chaty, sauny","article_publisher":"https:\/\/www.facebook.com\/DomkiSauny","article_modified_time":"2025-06-27T15:15:41+00:00","og_image":[{"width":1024,"height":576,"url":"https:\/\/dev.domkisauny.pl\/wp-content\/uploads\/2024\/01\/574482502-sauna-ogrodowa-beczka-2-8m-z-balkonem-wizualizacja-thermo-1024x576.jpg","type":"image\/jpeg"}],"twitter_card":"summary_large_image","twitter_misc":{"Odhadovan\u00e1 doba \u010dten\u00ed":"4 minuty"},"schema":{"@context":"https:\/\/schema.org","@graph":[{"@type":"WebPage","@id":"https:\/\/dev.domkisauny.pl\/cs\/produkt\/sudova-zahradni-sauna-280-cm-termo-s-balkonem\/","url":"https:\/\/dev.domkisauny.pl\/cs\/produkt\/sudova-zahradni-sauna-280-cm-termo-s-balkonem\/","name":"Solidn\u00ed sudov\u00e1 zahradn\u00ed sauna 280cm THERMO s balkonem","isPartOf":{"@id":"https:\/\/dev.domkisauny.pl\/cs\/#website"},"primaryImageOfPage":{"@id":"https:\/\/dev.domkisauny.pl\/cs\/produkt\/sudova-zahradni-sauna-280-cm-termo-s-balkonem\/#primaryimage"},"image":{"@id":"https:\/\/dev.domkisauny.pl\/cs\/produkt\/sudova-zahradni-sauna-280-cm-termo-s-balkonem\/#primaryimage"},"thumbnailUrl":"https:\/\/dev.domkisauny.pl\/wp-content\/uploads\/2024\/01\/574482502-sauna-ogrodowa-beczka-2-8m-z-balkonem-wizualizacja-thermo.jpg","datePublished":"2024-01-16T03:11:28+00:00","dateModified":"2025-06-27T15:15:41+00:00","description":"P\u0159i rychl\u00e9m \u017eivotn\u00edm tempu je t\u011b\u017ek\u00e9 naj\u00edt si \u010das na relaxaci. Odpov\u011bd\u00ed na to je zahradn\u00ed sauna THERMO. S n\u00ed si ji zajist\u00edte ka\u017ed\u00fd den a d\u00edky solidn\u00edm materi\u00e1l\u016fm vydr\u017e\u00ed roky.","breadcrumb":{"@id":"https:\/\/dev.domkisauny.pl\/cs\/produkt\/sudova-zahradni-sauna-280-cm-termo-s-balkonem\/#breadcrumb"},"inLanguage":"cs","potentialAction":[{"@type":"ReadAction","target":["https:\/\/dev.domkisauny.pl\/cs\/produkt\/sudova-zahradni-sauna-280-cm-termo-s-balkonem\/"]}]},{"@type":"ImageObject","inLanguage":"cs","@id":"https:\/\/dev.domkisauny.pl\/cs\/produkt\/sudova-zahradni-sauna-280-cm-termo-s-balkonem\/#primaryimage","url":"https:\/\/dev.domkisauny.pl\/wp-content\/uploads\/2024\/01\/574482502-sauna-ogrodowa-beczka-2-8m-z-balkonem-wizualizacja-thermo.jpg","contentUrl":"https:\/\/dev.domkisauny.pl\/wp-content\/uploads\/2024\/01\/574482502-sauna-ogrodowa-beczka-2-8m-z-balkonem-wizualizacja-thermo.jpg","width":2300,"height":1294},{"@type":"BreadcrumbList","@id":"https:\/\/dev.domkisauny.pl\/cs\/produkt\/sudova-zahradni-sauna-280-cm-termo-s-balkonem\/#breadcrumb","itemListElement":[{"@type":"ListItem","position":1,"name":"A&amp;M","item":"https:\/\/dev.domkisauny.pl\/cs\/"},{"@type":"ListItem","position":2,"name":"Produkty","item":"https:\/\/dev.domkisauny.pl\/produkty\/"},{"@type":"ListItem","position":3,"name":"Sauny","item":"https:\/\/dev.domkisauny.pl\/cs\/kategorie-produktu\/sauny\/"},{"@type":"ListItem","position":4,"name":"Zahradn\u00ed sauny","item":"https:\/\/dev.domkisauny.pl\/cs\/kategorie-produktu\/sauny\/zahradni-sauny\/"},{"@type":"ListItem","position":5,"name":"Sudov\u00e1 zahradn\u00ed sauna 280 cm TERMO s balkonem"}]},{"@type":"WebSite","@id":"https:\/\/dev.domkisauny.pl\/cs\/#website","url":"https:\/\/dev.domkisauny.pl\/cs\/","name":"Chaty, sauny","description":"","publisher":{"@id":"https:\/\/dev.domkisauny.pl\/cs\/#organization"},"potentialAction":[{"@type":"SearchAction","target":{"@type":"EntryPoint","urlTemplate":"https:\/\/dev.domkisauny.pl\/cs\/?s={search_term_string}"},"query-input":{"@type":"PropertyValueSpecification","valueRequired":true,"valueName":"search_term_string"}}],"inLanguage":"cs"},{"@type":"Organization","@id":"https:\/\/dev.domkisauny.pl\/cs\/#organization","name":"Chaty, sauny","url":"https:\/\/dev.domkisauny.pl\/cs\/","logo":{"@type":"ImageObject","inLanguage":"cs","@id":"https:\/\/dev.domkisauny.pl\/cs\/#\/schema\/logo\/image\/","url":"https:\/\/domkisauny.pl\/wp-content\/uploads\/2022\/09\/logo_03.png","contentUrl":"https:\/\/domkisauny.pl\/wp-content\/uploads\/2022\/09\/logo_03.png","width":95,"height":81,"caption":"Chaty, sauny"},"image":{"@id":"https:\/\/dev.domkisauny.pl\/cs\/#\/schema\/logo\/image\/"},"sameAs":["https:\/\/www.facebook.com\/DomkiSauny"]}]}},"_links":{"self":[{"href":"https:\/\/dev.domkisauny.pl\/cs\/wp-json\/wp\/v2\/product\/7656","targetHints":{"allow":["GET"]}}],"collection":[{"href":"https:\/\/dev.domkisauny.pl\/cs\/wp-json\/wp\/v2\/product"}],"about":[{"href":"https:\/\/dev.domkisauny.pl\/cs\/wp-json\/wp\/v2\/types\/product"}],"wp:featuredmedia":[{"embeddable":true,"href":"https:\/\/dev.domkisauny.pl\/cs\/wp-json\/wp\/v2\/media\/8677"}],"wp:attachment":[{"href":"https:\/\/dev.domkisauny.pl\/cs\/wp-json\/wp\/v2\/media?parent=7656"}],"wp:term":[{"taxonomy":"product_brand","embeddable":true,"href":"https:\/\/dev.domkisauny.pl\/cs\/wp-json\/wp\/v2\/product_brand?post=7656"},{"taxonomy":"product_cat","embeddable":true,"href":"https:\/\/dev.domkisauny.pl\/cs\/wp-json\/wp\/v2\/product_cat?post=7656"},{"taxonomy":"product_tag","embeddable":true,"href":"https:\/\/dev.domkisauny.pl\/cs\/wp-json\/wp\/v2\/product_tag?post=7656"}],"curies":[{"name":"wp","href":"https:\/\/api.w.org\/{rel}","templated":true}]}}