{"id":7008,"date":"2023-12-08T16:15:18","date_gmt":"2023-12-08T15:15:18","guid":{"rendered":"https:\/\/domkisauny.pl\/?post_type=product&#038;p=7008"},"modified":"2025-05-28T15:12:22","modified_gmt":"2025-05-28T13:12:22","slug":"sauna-premium-400-x-220-cm","status":"publish","type":"product","link":"https:\/\/dev.domkisauny.pl\/cs\/produkt\/sauna-premium-400-x-220-cm\/","title":{"rendered":"Sauna Premium 400 x 220 cm"},"content":{"rendered":"<h3>Specifikace:<\/h3>\n<p>&nbsp;<\/p>\n<h4>Cena sauny zahrnuje:<\/h4>\n<ul>\n<li>Vnit\u0159n\u00ed ambientn\u00ed osv\u011btlen\u00ed<strong> LED<\/strong><\/li>\n<li><strong>Venkovn\u00ed<\/strong> osv\u011btlen\u00ed<\/li>\n<li><strong>Dvoupatrov\u00e1<\/strong> lavi\u010dka<\/li>\n<li>Kompletn\u011b <strong>sestaven\u00e1 a chr\u00e1n\u011bn\u00e1<\/strong> kamna podle objedn\u00e1vky.<\/li>\n<li><strong>Sada kamen\u016f<\/strong> do kamen<\/li>\n<\/ul>\n<h4>Technick\u00e9 \u00fadaje:<\/h4>\n<ul>\n<li><strong>Rozm\u011bry:<\/strong> 224 cm x 404 cm.<\/li>\n<li><strong>Hmotnost:<\/strong> cca 1 600 kg.<\/li>\n<li><strong>Izolace<\/strong> 50 mm tvrd\u00e1 miner\u00e1ln\u00ed vata (st\u0159echa &#8211; 100 mm m\u011bkk\u00e1)<\/li>\n<li><strong>St\u0159e\u0161n\u00ed a zadn\u00ed st\u011bnov\u00e9 opl\u00e1\u0161t\u011bn\u00ed<\/strong> plechem se stojatou dr\u00e1\u017ekou, antracitov\u00e1 barva<\/li>\n<li><strong>Fas\u00e1da<\/strong> z thermo d\u0159eva, lamely 26 mm<\/li>\n<li><strong>Interi\u00e9r<\/strong> je oblo\u017een thermo d\u0159evem o tlou\u0161\u0165ce 19 mm<\/li>\n<li>Sklen\u011bn\u00e9 <strong>dve\u0159e<\/strong>, tvrzen\u00e9 t\u00f3novan\u00e9 sklo 8 mm<\/li>\n<li>Panoramatick\u00e9 <strong>prosklen\u00ed<\/strong>, tvrzen\u00e9 t\u00f3novan\u00e9 sklo 8 mm<\/li>\n<li><strong>Podlaha<\/strong> \u2013 podkladov\u00e9 hranoly 70&#215;30 polo\u017een\u00e9 do k\u0159\u00ed\u017ee, OSB desky, izolace, zateplen\u00ed a 32mm podlahov\u00e9 desky.<\/li>\n<\/ul>\n<p>&nbsp;<\/p>\n<h4>V\u00edce o saun\u00e1ch Premium:<\/h4>\n<p>Sauna Thermo Premium to je relaxace na nejvy\u0161\u0161\u00ed \u00farovni. <strong>Dokonal\u00e9 spojen\u00ed pot\u011b\u0161en\u00ed a p\u00e9\u010de o zdrav\u00ed jako standard na bezkonkuren\u010dn\u00ed \u00farovni. <\/strong>Nejnov\u011bj\u0161\u00ed technologie zalo\u017een\u00e9 na solidn\u00ed a odoln\u00e9 konstrukci. Co skr\u00fdv\u00e1 Sauna Thermo Premium?<\/p>\n<p><img loading=\"lazy\" decoding=\"async\" class=\"aligncenter wp-image-19172 size-full\" src=\"https:\/\/en.domkisauny.pl\/wp-content\/uploads\/2023\/12\/sauna-premium-400-x-220-cm-odbite.jpg\" alt=\"\" width=\"2000\" height=\"1600\" srcset=\"https:\/\/dev.domkisauny.pl\/wp-content\/uploads\/2023\/12\/sauna-premium-400-x-220-cm-odbite.jpg 2000w, https:\/\/dev.domkisauny.pl\/wp-content\/uploads\/2023\/12\/sauna-premium-400-x-220-cm-odbite-300x240.jpg 300w, https:\/\/dev.domkisauny.pl\/wp-content\/uploads\/2023\/12\/sauna-premium-400-x-220-cm-odbite-1024x819.jpg 1024w, https:\/\/dev.domkisauny.pl\/wp-content\/uploads\/2023\/12\/sauna-premium-400-x-220-cm-odbite-768x614.jpg 768w, https:\/\/dev.domkisauny.pl\/wp-content\/uploads\/2023\/12\/sauna-premium-400-x-220-cm-odbite-1536x1229.jpg 1536w, https:\/\/dev.domkisauny.pl\/wp-content\/uploads\/2023\/12\/sauna-premium-400-x-220-cm-odbite-1000x800.jpg 1000w\" sizes=\"auto, (max-width: 2000px) 100vw, 2000px\" \/><\/p>\n<h3><strong>Dlouhodob\u00e1 investice s odolnou konstrukc\u00ed<\/strong><\/h3>\n<p>Charakteristick\u00fdm znakem sauny Thermo Premium je p\u0159edev\u0161\u00edm jej\u00ed jedine\u010dn\u00e1 konstrukce.<strong> Jeho z\u00e1kladem je r\u00e1m ze smrkov\u00e9ho d\u0159eva, kter\u00fd nav\u00edc zlep\u0161uje udr\u017eov\u00e1n\u00ed teploty panuj\u00edc\u00ed uvnit\u0159. <\/strong>Dlouhou \u017eivotnost tohoto modelu v\u0161ak ovliv\u0148uj\u00ed panely ze stejn\u00e9ho materi\u00e1lu, instalovan\u00e9 zven\u010d\u00ed. Mimo jin\u00e9 pr\u00e1v\u011b d\u00edky nim se m\u016f\u017ee t\u011b\u0161it tak vysok\u00e9 odolnosti p\u0159i ka\u017edodenn\u00edm pou\u017e\u00edv\u00e1n\u00ed. <strong>D\u00edky tomu si Sauna Thermo Premium dok\u00e1\u017ee udr\u017eet sv\u016fj p\u016fvodn\u00ed a bezvadn\u00fd stav a\u017e 25 let bez nutnosti impregnace. <\/strong>Nav\u00edc je pln\u011b zateplena lisovanou vlnou o s\u00edle a\u017e 50 mm (v\u010detn\u011b stropu a podlahy). D\u00edky tomuto \u0159e\u0161en\u00ed je \u00fanik tepl\u00e9ho vzduchu ze sauny t\u00e9m\u011b\u0159 nemo\u017en\u00fd.<\/p>\n<p><b><img loading=\"lazy\" decoding=\"async\" class=\"aligncenter wp-image-18525 size-full\" src=\"https:\/\/domkysauny.sk\/wp-content\/uploads\/2023\/12\/sauna-premium-220x-400-wymiary.jpg\" alt=\"\" width=\"2000\" height=\"1600\" srcset=\"https:\/\/dev.domkisauny.pl\/wp-content\/uploads\/2023\/12\/sauna-premium-220x-400-wymiary.jpg 2000w, https:\/\/dev.domkisauny.pl\/wp-content\/uploads\/2023\/12\/sauna-premium-220x-400-wymiary-300x240.jpg 300w, https:\/\/dev.domkisauny.pl\/wp-content\/uploads\/2023\/12\/sauna-premium-220x-400-wymiary-1024x819.jpg 1024w, https:\/\/dev.domkisauny.pl\/wp-content\/uploads\/2023\/12\/sauna-premium-220x-400-wymiary-768x614.jpg 768w, https:\/\/dev.domkisauny.pl\/wp-content\/uploads\/2023\/12\/sauna-premium-220x-400-wymiary-1536x1229.jpg 1536w, https:\/\/dev.domkisauny.pl\/wp-content\/uploads\/2023\/12\/sauna-premium-220x-400-wymiary-1000x800.jpg 1000w\" sizes=\"auto, (max-width: 2000px) 100vw, 2000px\" \/><\/b><\/p>\n<h3><strong>Komfortn\u00ed pr\u00e9miov\u00e1 sauna dokonce i pro celou rodinu<\/strong><\/h3>\n<p>Relaxovat m\u016f\u017eete sami nebo se sv\u00fdmi bl\u00edzk\u00fdmi. Bez ohledu na to, zda preferujete tr\u00e1vit \u010das sami se sebou nebo s rodinou, v Saun\u011b Thermo Premium m\u016f\u017eete odpo\u010d\u00edvat po sv\u00e9m.<strong> S plochou 2,2 m x 4 m je dostate\u010dn\u011b prostorn\u00e1, aby bez probl\u00e9m\u016f pojala 4 a\u017e 6 osob. <\/strong>Pokud v\u0161ak d\u00e1v\u00e1te p\u0159ednost resetov\u00e1n\u00ed o samot\u011b, m\u016f\u017eete b\u011bhem relace po\u010d\u00edtat se soukrom\u00edm. Umo\u017e\u0148uje to siln\u00e1 p\u0159edn\u00ed st\u011bna, kter\u00e1 je t\u00f3novan\u00e1 tvrzen\u00fdm sklem. D\u00edky n\u011bmu m\u016f\u017eete voln\u011b pozorovat okol\u00ed a doufat p\u0159i tom, \u017ee si V\u00e1s uvnit\u0159 sauny nikdo nev\u0161imne.<\/p>\n<p><b><img loading=\"lazy\" decoding=\"async\" class=\"aligncenter wp-image-17134 size-full\" src=\"https:\/\/domkysauny.cz\/wp-content\/uploads\/2023\/12\/sauna-premium-4-x-22-cs.png\" alt=\"\" width=\"2000\" height=\"1600\" srcset=\"https:\/\/dev.domkisauny.pl\/wp-content\/uploads\/2023\/12\/sauna-premium-4-x-22-cs.png 2000w, https:\/\/dev.domkisauny.pl\/wp-content\/uploads\/2023\/12\/sauna-premium-4-x-22-cs-300x240.png 300w, https:\/\/dev.domkisauny.pl\/wp-content\/uploads\/2023\/12\/sauna-premium-4-x-22-cs-1000x800.png 1000w, https:\/\/dev.domkisauny.pl\/wp-content\/uploads\/2023\/12\/sauna-premium-4-x-22-cs-1024x819.png 1024w, https:\/\/dev.domkisauny.pl\/wp-content\/uploads\/2023\/12\/sauna-premium-4-x-22-cs-768x614.png 768w, https:\/\/dev.domkisauny.pl\/wp-content\/uploads\/2023\/12\/sauna-premium-4-x-22-cs-1536x1229.png 1536w\" sizes=\"auto, (max-width: 2000px) 100vw, 2000px\" \/><\/b><\/p>\n<h3><strong>Svobodn\u00fd v\u00fdb\u011br saunov\u00fdch kamen<\/strong><\/h3>\n<p>P\u0159i v\u00fdb\u011bru skute\u010dn\u00e9ho komfortu m\u00e1te na v\u00fdb\u011br libovoln\u00e1 kamna. <strong>Ka\u017ed\u00e1 z nich bezesporu zaru\u010d\u00ed pohodln\u00fd odpo\u010dinek v perfektn\u00edch podm\u00ednk\u00e1ch. <\/strong>Pat\u0159\u00ed k nim:<\/p>\n<ul>\n<li>Harvia M3,<\/li>\n<li>Harvia Vega BC 90,<\/li>\n<li>Harvia Cilindro PC 90,<\/li>\n<li>Harvia CilindroPC90E s Wi-Fi ovlada\u010dem,<\/li>\n<li>Huum Drop 9kW s Wi-Fi ovlada\u010dem,<\/li>\n<li>Huum Hive Mini 9kW s Wi-Fi ovlada\u010dem.<\/li>\n<\/ul>\n<p>Z nich pouze prvn\u00ed jsou klasick\u00e1 &#8211; na d\u0159evo, co\u017e vytv\u00e1\u0159\u00ed neopakovatelnou atmosf\u00e9ru. Zbytek p\u0159edstavuj\u00ed modern\u00ed a pohodln\u00e1 elektrick\u00e1 kamna.<\/p>\n<h3><strong>Sauna Thermo Premium ve t\u0159ech variant\u00e1ch<\/strong><\/h3>\n<p>Krom\u011b praktick\u00fdch funkc\u00ed byla Sauna Thermo Premium navr\u017eena tak, aby mohla b\u00fdt tak\u00e9 obzvl\u00e1\u0161t\u011b estetick\u00e1 a postarali jsme se i o ty nejmen\u0161\u00ed detaily. Navzdory tomu m\u00e1 ka\u017ed\u00fd sv\u016fj vkus a po\u017eadavky. <strong>Pr\u00e1v\u011b proto je k dispozici ve 3 variant\u00e1ch: p\u0159\u00edrodn\u00ed, bezbarv\u00e1, antracitov\u00e1 a dokonce i bez impregnace, ponech\u00e1vaj\u00edc\u00ed \u00faplnou svobodu nov\u00e9mu u\u017eivateli.<\/strong><\/p>\n<p>&nbsp;<\/p>\n","protected":false},"excerpt":{"rendered":"<blockquote><p><strong><b>D\u016eLE\u017dIT\u00c9!<\/b><\/strong><\/p>\n<p>Fotografie produkt\u016f po\u0159izujeme ve \u0161pi\u010dkov\u00e9 kvalit\u011b. Av\u0161ak vzhledem k zp\u016fsobu reprodukce barev monitor\u016f po\u010d\u00edta\u010de se m\u016f\u017ee barva produkt\u016f na obrazovce m\u00edrn\u011b li\u0161it od skute\u010dnosti.<\/p>\n<p>Sauna je dod\u00e1v\u00e1na v pln\u00e9<\/p>\n<p>V p\u0159\u00edpad\u011b z\u00e1kladn\u00ed varianty dod\u00e1vky zaji\u0161\u0165uje vykl\u00e1dku na m\u00edst\u011b objednatel.<\/p><\/blockquote>\n","protected":false},"featured_media":19172,"template":"","meta":{"_acf_changed":false},"product_brand":[],"product_cat":[77,235,232],"product_tag":[],"class_list":{"0":"post-7008","1":"product","2":"type-product","3":"status-publish","4":"has-post-thumbnail","6":"product_cat-zahradni-sauny","7":"product_cat-sauny-premium-cs","8":"product_cat-zahradni-thermo-sauny","9":"product_shipping_class-wysylka-grupa1-cs","10":"pa_dodatki-sauny-s-predsini","11":"pa_ksztalt-obdelnikove-sauny","13":"first","14":"instock","15":"shipping-taxable","16":"purchasable","17":"product-type-variable"},"acf":[],"yoast_head":"<!-- This site is optimized with the Yoast SEO plugin v27.4 - https:\/\/yoast.com\/product\/yoast-seo-wordpress\/ -->\n<title>Sauna Premium 400 x 220 cm | Chaty, sauny<\/title>\n<meta name=\"robots\" content=\"noindex, follow, max-snippet:-1, max-image-preview:large, max-video-preview:-1\" \/>\n<meta property=\"og:locale\" content=\"cs_CZ\" \/>\n<meta property=\"og:type\" content=\"article\" \/>\n<meta property=\"og:title\" content=\"Sauna Premium 400 x 220 cm | Chaty, sauny\" \/>\n<meta property=\"og:description\" content=\"D\u016eLE\u017dIT\u00c9!  Fotografie produkt\u016f po\u0159izujeme ve \u0161pi\u010dkov\u00e9 kvalit\u011b. Av\u0161ak vzhledem k zp\u016fsobu reprodukce barev monitor\u016f po\u010d\u00edta\u010de se m\u016f\u017ee barva produkt\u016f na obrazovce m\u00edrn\u011b li\u0161it od skute\u010dnosti.  Sauna je dod\u00e1v\u00e1na v pln\u00e9  V p\u0159\u00edpad\u011b z\u00e1kladn\u00ed varianty dod\u00e1vky zaji\u0161\u0165uje vykl\u00e1dku na m\u00edst\u011b objednatel.\" \/>\n<meta property=\"og:url\" content=\"https:\/\/dev.domkisauny.pl\/cs\/produkt\/sauna-premium-400-x-220-cm\/\" \/>\n<meta property=\"og:site_name\" content=\"Chaty, sauny\" \/>\n<meta property=\"article:publisher\" content=\"https:\/\/www.facebook.com\/DomkiSauny\" \/>\n<meta property=\"article:modified_time\" content=\"2025-05-28T13:12:22+00:00\" \/>\n<meta property=\"og:image\" content=\"https:\/\/dev.domkisauny.pl\/wp-content\/uploads\/2023\/12\/sauna-premium-400-x-220-cm-odbite.jpg\" \/>\n\t<meta property=\"og:image:width\" content=\"2000\" \/>\n\t<meta property=\"og:image:height\" content=\"1600\" \/>\n\t<meta property=\"og:image:type\" content=\"image\/jpeg\" \/>\n<meta name=\"twitter:card\" content=\"summary_large_image\" \/>\n<meta name=\"twitter:label1\" content=\"Odhadovan\u00e1 doba \u010dten\u00ed\" \/>\n\t<meta name=\"twitter:data1\" content=\"4 minuty\" \/>\n<script type=\"application\/ld+json\" class=\"yoast-schema-graph\">{\"@context\":\"https:\\\/\\\/schema.org\",\"@graph\":[{\"@type\":\"WebPage\",\"@id\":\"https:\\\/\\\/dev.domkisauny.pl\\\/cs\\\/produkt\\\/sauna-premium-400-x-220-cm\\\/\",\"url\":\"https:\\\/\\\/dev.domkisauny.pl\\\/cs\\\/produkt\\\/sauna-premium-400-x-220-cm\\\/\",\"name\":\"Sauna Premium 400 x 220 cm | Chaty, sauny\",\"isPartOf\":{\"@id\":\"https:\\\/\\\/dev.domkisauny.pl\\\/cs\\\/#website\"},\"primaryImageOfPage\":{\"@id\":\"https:\\\/\\\/dev.domkisauny.pl\\\/cs\\\/produkt\\\/sauna-premium-400-x-220-cm\\\/#primaryimage\"},\"image\":{\"@id\":\"https:\\\/\\\/dev.domkisauny.pl\\\/cs\\\/produkt\\\/sauna-premium-400-x-220-cm\\\/#primaryimage\"},\"thumbnailUrl\":\"https:\\\/\\\/dev.domkisauny.pl\\\/wp-content\\\/uploads\\\/2023\\\/12\\\/sauna-premium-400-x-220-cm-odbite.jpg\",\"datePublished\":\"2023-12-08T15:15:18+00:00\",\"dateModified\":\"2025-05-28T13:12:22+00:00\",\"breadcrumb\":{\"@id\":\"https:\\\/\\\/dev.domkisauny.pl\\\/cs\\\/produkt\\\/sauna-premium-400-x-220-cm\\\/#breadcrumb\"},\"inLanguage\":\"cs\",\"potentialAction\":[{\"@type\":\"ReadAction\",\"target\":[\"https:\\\/\\\/dev.domkisauny.pl\\\/cs\\\/produkt\\\/sauna-premium-400-x-220-cm\\\/\"]}]},{\"@type\":\"ImageObject\",\"inLanguage\":\"cs\",\"@id\":\"https:\\\/\\\/dev.domkisauny.pl\\\/cs\\\/produkt\\\/sauna-premium-400-x-220-cm\\\/#primaryimage\",\"url\":\"https:\\\/\\\/dev.domkisauny.pl\\\/wp-content\\\/uploads\\\/2023\\\/12\\\/sauna-premium-400-x-220-cm-odbite.jpg\",\"contentUrl\":\"https:\\\/\\\/dev.domkisauny.pl\\\/wp-content\\\/uploads\\\/2023\\\/12\\\/sauna-premium-400-x-220-cm-odbite.jpg\",\"width\":2000,\"height\":1600},{\"@type\":\"BreadcrumbList\",\"@id\":\"https:\\\/\\\/dev.domkisauny.pl\\\/cs\\\/produkt\\\/sauna-premium-400-x-220-cm\\\/#breadcrumb\",\"itemListElement\":[{\"@type\":\"ListItem\",\"position\":1,\"name\":\"A&amp;M\",\"item\":\"https:\\\/\\\/dev.domkisauny.pl\\\/cs\\\/\"},{\"@type\":\"ListItem\",\"position\":2,\"name\":\"Produkty\",\"item\":\"https:\\\/\\\/dev.domkisauny.pl\\\/produkty\\\/\"},{\"@type\":\"ListItem\",\"position\":3,\"name\":\"Sauny\",\"item\":\"https:\\\/\\\/dev.domkisauny.pl\\\/cs\\\/kategorie-produktu\\\/sauny\\\/\"},{\"@type\":\"ListItem\",\"position\":4,\"name\":\"Zahradn\u00ed sauny premium\",\"item\":\"https:\\\/\\\/dev.domkisauny.pl\\\/cs\\\/kategorie-produktu\\\/sauny\\\/sauny-premium-cs\\\/\"},{\"@type\":\"ListItem\",\"position\":5,\"name\":\"Sauna Premium 400 x 220 cm\"}]},{\"@type\":\"WebSite\",\"@id\":\"https:\\\/\\\/dev.domkisauny.pl\\\/cs\\\/#website\",\"url\":\"https:\\\/\\\/dev.domkisauny.pl\\\/cs\\\/\",\"name\":\"Chaty, sauny\",\"description\":\"\",\"publisher\":{\"@id\":\"https:\\\/\\\/dev.domkisauny.pl\\\/cs\\\/#organization\"},\"potentialAction\":[{\"@type\":\"SearchAction\",\"target\":{\"@type\":\"EntryPoint\",\"urlTemplate\":\"https:\\\/\\\/dev.domkisauny.pl\\\/cs\\\/?s={search_term_string}\"},\"query-input\":{\"@type\":\"PropertyValueSpecification\",\"valueRequired\":true,\"valueName\":\"search_term_string\"}}],\"inLanguage\":\"cs\"},{\"@type\":\"Organization\",\"@id\":\"https:\\\/\\\/dev.domkisauny.pl\\\/cs\\\/#organization\",\"name\":\"Chaty, sauny\",\"url\":\"https:\\\/\\\/dev.domkisauny.pl\\\/cs\\\/\",\"logo\":{\"@type\":\"ImageObject\",\"inLanguage\":\"cs\",\"@id\":\"https:\\\/\\\/dev.domkisauny.pl\\\/cs\\\/#\\\/schema\\\/logo\\\/image\\\/\",\"url\":\"https:\\\/\\\/domkisauny.pl\\\/wp-content\\\/uploads\\\/2022\\\/09\\\/logo_03.png\",\"contentUrl\":\"https:\\\/\\\/domkisauny.pl\\\/wp-content\\\/uploads\\\/2022\\\/09\\\/logo_03.png\",\"width\":95,\"height\":81,\"caption\":\"Chaty, sauny\"},\"image\":{\"@id\":\"https:\\\/\\\/dev.domkisauny.pl\\\/cs\\\/#\\\/schema\\\/logo\\\/image\\\/\"},\"sameAs\":[\"https:\\\/\\\/www.facebook.com\\\/DomkiSauny\"]}]}<\/script>\n<!-- \/ Yoast SEO plugin. -->","yoast_head_json":{"title":"Sauna Premium 400 x 220 cm | Chaty, sauny","robots":{"index":"noindex","follow":"follow","max-snippet":"max-snippet:-1","max-image-preview":"max-image-preview:large","max-video-preview":"max-video-preview:-1"},"og_locale":"cs_CZ","og_type":"article","og_title":"Sauna Premium 400 x 220 cm | Chaty, sauny","og_description":"D\u016eLE\u017dIT\u00c9!  Fotografie produkt\u016f po\u0159izujeme ve \u0161pi\u010dkov\u00e9 kvalit\u011b. Av\u0161ak vzhledem k zp\u016fsobu reprodukce barev monitor\u016f po\u010d\u00edta\u010de se m\u016f\u017ee barva produkt\u016f na obrazovce m\u00edrn\u011b li\u0161it od skute\u010dnosti.  Sauna je dod\u00e1v\u00e1na v pln\u00e9  V p\u0159\u00edpad\u011b z\u00e1kladn\u00ed varianty dod\u00e1vky zaji\u0161\u0165uje vykl\u00e1dku na m\u00edst\u011b objednatel.","og_url":"https:\/\/dev.domkisauny.pl\/cs\/produkt\/sauna-premium-400-x-220-cm\/","og_site_name":"Chaty, sauny","article_publisher":"https:\/\/www.facebook.com\/DomkiSauny","article_modified_time":"2025-05-28T13:12:22+00:00","og_image":[{"width":2000,"height":1600,"url":"https:\/\/dev.domkisauny.pl\/wp-content\/uploads\/2023\/12\/sauna-premium-400-x-220-cm-odbite.jpg","type":"image\/jpeg"}],"twitter_card":"summary_large_image","twitter_misc":{"Odhadovan\u00e1 doba \u010dten\u00ed":"4 minuty"},"schema":{"@context":"https:\/\/schema.org","@graph":[{"@type":"WebPage","@id":"https:\/\/dev.domkisauny.pl\/cs\/produkt\/sauna-premium-400-x-220-cm\/","url":"https:\/\/dev.domkisauny.pl\/cs\/produkt\/sauna-premium-400-x-220-cm\/","name":"Sauna Premium 400 x 220 cm | Chaty, sauny","isPartOf":{"@id":"https:\/\/dev.domkisauny.pl\/cs\/#website"},"primaryImageOfPage":{"@id":"https:\/\/dev.domkisauny.pl\/cs\/produkt\/sauna-premium-400-x-220-cm\/#primaryimage"},"image":{"@id":"https:\/\/dev.domkisauny.pl\/cs\/produkt\/sauna-premium-400-x-220-cm\/#primaryimage"},"thumbnailUrl":"https:\/\/dev.domkisauny.pl\/wp-content\/uploads\/2023\/12\/sauna-premium-400-x-220-cm-odbite.jpg","datePublished":"2023-12-08T15:15:18+00:00","dateModified":"2025-05-28T13:12:22+00:00","breadcrumb":{"@id":"https:\/\/dev.domkisauny.pl\/cs\/produkt\/sauna-premium-400-x-220-cm\/#breadcrumb"},"inLanguage":"cs","potentialAction":[{"@type":"ReadAction","target":["https:\/\/dev.domkisauny.pl\/cs\/produkt\/sauna-premium-400-x-220-cm\/"]}]},{"@type":"ImageObject","inLanguage":"cs","@id":"https:\/\/dev.domkisauny.pl\/cs\/produkt\/sauna-premium-400-x-220-cm\/#primaryimage","url":"https:\/\/dev.domkisauny.pl\/wp-content\/uploads\/2023\/12\/sauna-premium-400-x-220-cm-odbite.jpg","contentUrl":"https:\/\/dev.domkisauny.pl\/wp-content\/uploads\/2023\/12\/sauna-premium-400-x-220-cm-odbite.jpg","width":2000,"height":1600},{"@type":"BreadcrumbList","@id":"https:\/\/dev.domkisauny.pl\/cs\/produkt\/sauna-premium-400-x-220-cm\/#breadcrumb","itemListElement":[{"@type":"ListItem","position":1,"name":"A&amp;M","item":"https:\/\/dev.domkisauny.pl\/cs\/"},{"@type":"ListItem","position":2,"name":"Produkty","item":"https:\/\/dev.domkisauny.pl\/produkty\/"},{"@type":"ListItem","position":3,"name":"Sauny","item":"https:\/\/dev.domkisauny.pl\/cs\/kategorie-produktu\/sauny\/"},{"@type":"ListItem","position":4,"name":"Zahradn\u00ed sauny premium","item":"https:\/\/dev.domkisauny.pl\/cs\/kategorie-produktu\/sauny\/sauny-premium-cs\/"},{"@type":"ListItem","position":5,"name":"Sauna Premium 400 x 220 cm"}]},{"@type":"WebSite","@id":"https:\/\/dev.domkisauny.pl\/cs\/#website","url":"https:\/\/dev.domkisauny.pl\/cs\/","name":"Chaty, sauny","description":"","publisher":{"@id":"https:\/\/dev.domkisauny.pl\/cs\/#organization"},"potentialAction":[{"@type":"SearchAction","target":{"@type":"EntryPoint","urlTemplate":"https:\/\/dev.domkisauny.pl\/cs\/?s={search_term_string}"},"query-input":{"@type":"PropertyValueSpecification","valueRequired":true,"valueName":"search_term_string"}}],"inLanguage":"cs"},{"@type":"Organization","@id":"https:\/\/dev.domkisauny.pl\/cs\/#organization","name":"Chaty, sauny","url":"https:\/\/dev.domkisauny.pl\/cs\/","logo":{"@type":"ImageObject","inLanguage":"cs","@id":"https:\/\/dev.domkisauny.pl\/cs\/#\/schema\/logo\/image\/","url":"https:\/\/domkisauny.pl\/wp-content\/uploads\/2022\/09\/logo_03.png","contentUrl":"https:\/\/domkisauny.pl\/wp-content\/uploads\/2022\/09\/logo_03.png","width":95,"height":81,"caption":"Chaty, sauny"},"image":{"@id":"https:\/\/dev.domkisauny.pl\/cs\/#\/schema\/logo\/image\/"},"sameAs":["https:\/\/www.facebook.com\/DomkiSauny"]}]}},"_links":{"self":[{"href":"https:\/\/dev.domkisauny.pl\/cs\/wp-json\/wp\/v2\/product\/7008","targetHints":{"allow":["GET"]}}],"collection":[{"href":"https:\/\/dev.domkisauny.pl\/cs\/wp-json\/wp\/v2\/product"}],"about":[{"href":"https:\/\/dev.domkisauny.pl\/cs\/wp-json\/wp\/v2\/types\/product"}],"wp:featuredmedia":[{"embeddable":true,"href":"https:\/\/dev.domkisauny.pl\/cs\/wp-json\/wp\/v2\/media\/19172"}],"wp:attachment":[{"href":"https:\/\/dev.domkisauny.pl\/cs\/wp-json\/wp\/v2\/media?parent=7008"}],"wp:term":[{"taxonomy":"product_brand","embeddable":true,"href":"https:\/\/dev.domkisauny.pl\/cs\/wp-json\/wp\/v2\/product_brand?post=7008"},{"taxonomy":"product_cat","embeddable":true,"href":"https:\/\/dev.domkisauny.pl\/cs\/wp-json\/wp\/v2\/product_cat?post=7008"},{"taxonomy":"product_tag","embeddable":true,"href":"https:\/\/dev.domkisauny.pl\/cs\/wp-json\/wp\/v2\/product_tag?post=7008"}],"curies":[{"name":"wp","href":"https:\/\/api.w.org\/{rel}","templated":true}]}}