{"id":5389,"date":"2023-09-28T08:43:11","date_gmt":"2023-09-28T06:43:11","guid":{"rendered":"https:\/\/domkisauny.pl\/produkt\/sauna-thermo-mini\/"},"modified":"2025-05-24T08:26:40","modified_gmt":"2025-05-24T06:26:40","slug":"sauna-premium-mini-165-x-125-cm-elektricky-kamna","status":"publish","type":"product","link":"https:\/\/dev.domkisauny.pl\/cs\/produkt\/sauna-premium-mini-165-x-125-cm-elektricky-kamna\/","title":{"rendered":"Sauna Premium MINI 165 x 125 cm + elektrick\u00fd kamna"},"content":{"rendered":"<h3>Technick\u00e9 specifikace:<\/h3>\n<ul>\n<li><strong>Materi\u00e1l:<\/strong> termo borovice,<\/li>\n<li><strong>Tlou\u0161\u0165ka desky:<\/strong> 44 mm<\/li>\n<li><strong>Impregnace:<\/strong> bezbarv\u00e1<\/li>\n<li><strong>Rozm\u011bry:<\/strong> \u0161\u00ed\u0159ka 160 cm, d\u00e9lka 125 cm<\/li>\n<li><strong>Lavi\u010dka:<\/strong> 1 ks D\u00e9lka: 105 cm<\/li>\n<li><strong>Krytina:<\/strong> \u010dern\u00fd bitumenov\u00fd \u0161indel<\/li>\n<li>Dv\u011b nerezov\u00e9 obj\u00edmky<\/li>\n<li>D\u0159ev\u011bn\u00e9 dve\u0159e s tvrzen\u00fdm sklem<\/li>\n<li><strong>Kamna:<\/strong> <em>SENTIOTEC 136 Black (3,6kW)<\/em><\/li>\n<li><strong>Hmotnost:<\/strong> 500 kg<\/li>\n<li>LED osv\u011btlen\u00ed pod lavic\u00ed<\/li>\n<\/ul>\n<p>Finsk\u00e1 sauna v podob\u011b elegantn\u00edho sudu pro dv\u011b osoby je dokonal\u00fdm spojen\u00edm tradi\u010dn\u00ed finsk\u00e9 sauny s modern\u00edm stylem a inovativn\u00edm konstruk\u010dn\u00edm \u0159e\u0161en\u00edm. Tato kompaktn\u00ed sauna poskytuje intimn\u00ed a relaxa\u010dn\u00ed z\u00e1\u017eitek, ide\u00e1ln\u00ed pro dv\u011b osoby.<\/p>\n<p><img loading=\"lazy\" decoding=\"async\" class=\"aligncenter wp-image-19181 size-full\" src=\"https:\/\/domkysauny.sk\/wp-content\/uploads\/2023\/09\/sauna-thermo-premium-main.jpg\" alt=\"\" width=\"2000\" height=\"1600\" srcset=\"https:\/\/dev.domkisauny.pl\/wp-content\/uploads\/2023\/09\/sauna-thermo-premium-main.jpg 2000w, https:\/\/dev.domkisauny.pl\/wp-content\/uploads\/2023\/09\/sauna-thermo-premium-main-300x240.jpg 300w, https:\/\/dev.domkisauny.pl\/wp-content\/uploads\/2023\/09\/sauna-thermo-premium-main-1024x819.jpg 1024w, https:\/\/dev.domkisauny.pl\/wp-content\/uploads\/2023\/09\/sauna-thermo-premium-main-768x614.jpg 768w, https:\/\/dev.domkisauny.pl\/wp-content\/uploads\/2023\/09\/sauna-thermo-premium-main-1536x1229.jpg 1536w, https:\/\/dev.domkisauny.pl\/wp-content\/uploads\/2023\/09\/sauna-thermo-premium-main-1000x800.jpg 1000w\" sizes=\"auto, (max-width: 2000px) 100vw, 2000px\" \/><\/p>\n<p>Konstrukce sudov\u00e9 sauny je vyrobena z nejkvalitn\u011bj\u0161\u00edho termo d\u0159eva, kter\u00e9 zaji\u0161\u0165uje vynikaj\u00edc\u00ed tepelnou izolaci. Thermo d\u0159evo je tak\u00e9 odoln\u00e9 v\u016f\u010di vlhkosti a zm\u011bn\u00e1m teplot, co\u017e z n\u011bj \u010din\u00ed ide\u00e1ln\u00ed materi\u00e1l do sauny. Sauna je vybavena \u00fa\u010dinn\u00fdmi saunov\u00fdmi kamny SENTIOTEC 136 Black (3,6kW), kter\u00e1 generuj\u00ed vysokou teplotu. Umo\u017e\u0148uje regulaci, co\u017e umo\u017en\u00ed upravit podm\u00ednky vlastn\u00edm preferenc\u00edm.<\/p>\n<p>Dve\u0159e sauny jsou vyrobeny z m\u00edrn\u011b t\u00f3novan\u00e9ho, tvrzen\u00e9ho skla, kter\u00e9 umo\u017e\u0148uje pozorovat okol\u00ed p\u0159i zachov\u00e1n\u00ed soukrom\u00ed b\u011bhem sezen\u00ed.<\/p>\n<p><img loading=\"lazy\" decoding=\"async\" class=\"aligncenter wp-image-19185 size-full\" src=\"https:\/\/domkysauny.sk\/wp-content\/uploads\/2023\/09\/sauna-thermo-premium-przekroj.jpg\" alt=\"\" width=\"2000\" height=\"1600\" srcset=\"https:\/\/dev.domkisauny.pl\/wp-content\/uploads\/2023\/09\/sauna-thermo-premium-przekroj.jpg 2000w, https:\/\/dev.domkisauny.pl\/wp-content\/uploads\/2023\/09\/sauna-thermo-premium-przekroj-300x240.jpg 300w, https:\/\/dev.domkisauny.pl\/wp-content\/uploads\/2023\/09\/sauna-thermo-premium-przekroj-1024x819.jpg 1024w, https:\/\/dev.domkisauny.pl\/wp-content\/uploads\/2023\/09\/sauna-thermo-premium-przekroj-768x614.jpg 768w, https:\/\/dev.domkisauny.pl\/wp-content\/uploads\/2023\/09\/sauna-thermo-premium-przekroj-1536x1229.jpg 1536w, https:\/\/dev.domkisauny.pl\/wp-content\/uploads\/2023\/09\/sauna-thermo-premium-przekroj-1000x800.jpg 1000w\" sizes=\"auto, (max-width: 2000px) 100vw, 2000px\" \/><\/p>\n<p>Finsk\u00e1 sauna ve form\u011b sudu je nejen dokonal\u00fdm m\u00edstem pro relaxaci a o\u010distu t\u011bla, ale tak\u00e9 estetick\u00fdm prvkem zahrady \u010di rekrea\u010dn\u00edho are\u00e1lu. Jeho elegantn\u00ed design, \u00fa\u010dinn\u00e1 kamna a termo d\u0159evo z n\u00ed d\u011blaj\u00ed vynikaj\u00edc\u00ed volbu pro lidi, kte\u0159\u00ed si cht\u011bj\u00ed u\u017e\u00edt tradi\u010dn\u00ed saunov\u00e1n\u00ed.<\/p>\n<p>&nbsp;<\/p>\n<p><img loading=\"lazy\" decoding=\"async\" class=\"aligncenter wp-image-19189 size-full\" src=\"https:\/\/domkysauny.sk\/wp-content\/uploads\/2023\/09\/sauna-thermo-premium-rysunek.jpg\" alt=\"\" width=\"2000\" height=\"1600\" srcset=\"https:\/\/dev.domkisauny.pl\/wp-content\/uploads\/2023\/09\/sauna-thermo-premium-rysunek.jpg 2000w, https:\/\/dev.domkisauny.pl\/wp-content\/uploads\/2023\/09\/sauna-thermo-premium-rysunek-300x240.jpg 300w, https:\/\/dev.domkisauny.pl\/wp-content\/uploads\/2023\/09\/sauna-thermo-premium-rysunek-1024x819.jpg 1024w, https:\/\/dev.domkisauny.pl\/wp-content\/uploads\/2023\/09\/sauna-thermo-premium-rysunek-768x614.jpg 768w, https:\/\/dev.domkisauny.pl\/wp-content\/uploads\/2023\/09\/sauna-thermo-premium-rysunek-1536x1229.jpg 1536w, https:\/\/dev.domkisauny.pl\/wp-content\/uploads\/2023\/09\/sauna-thermo-premium-rysunek-1000x800.jpg 1000w\" sizes=\"auto, (max-width: 2000px) 100vw, 2000px\" \/><\/p>\n","protected":false},"excerpt":{"rendered":"<blockquote><p><strong><b>D\u016eLE\u017dIT\u00c9!<\/b><\/strong><\/p>\n<p>Fotografie produkt\u016f po\u0159izujeme ve \u0161pi\u010dkov\u00e9 kvalit\u011b. Av\u0161ak vzhledem k zp\u016fsobu reprodukce barev monitor\u016f po\u010d\u00edta\u010de se m\u016f\u017ee barva produkt\u016f na obrazovce m\u00edrn\u011b li\u0161it od skute\u010dnosti.<\/p>\n<p>Sauna je dod\u00e1v\u00e1na v pln\u00e9<\/p>\n<p>V p\u0159\u00edpad\u011b z\u00e1kladn\u00ed varianty dod\u00e1vky zaji\u0161\u0165uje vykl\u00e1dku na m\u00edst\u011b objednatel.<\/p><\/blockquote>\n","protected":false},"featured_media":19181,"template":"","meta":{"_acf_changed":false},"product_brand":[],"product_cat":[77,232],"product_tag":[],"class_list":{"0":"post-5389","1":"product","2":"type-product","3":"status-publish","4":"has-post-thumbnail","6":"product_cat-zahradni-sauny","7":"product_cat-zahradni-thermo-sauny","8":"product_shipping_class-wysylka-grupa0","9":"pa_ksztalt-obdelnikove-sauny","11":"first","12":"instock","13":"shipping-taxable","14":"purchasable","15":"product-type-variable"},"acf":[],"yoast_head":"<!-- This site is optimized with the Yoast SEO plugin v27.4 - https:\/\/yoast.com\/product\/yoast-seo-wordpress\/ -->\n<title>Sauna Premium MINI 165 x 125 cm + elektrick\u00fd kamna | Chaty, sauny<\/title>\n<meta name=\"robots\" content=\"noindex, follow, max-snippet:-1, max-image-preview:large, max-video-preview:-1\" \/>\n<meta property=\"og:locale\" content=\"cs_CZ\" \/>\n<meta property=\"og:type\" content=\"article\" \/>\n<meta property=\"og:title\" content=\"Sauna Premium MINI 165 x 125 cm + elektrick\u00fd kamna | Chaty, sauny\" \/>\n<meta property=\"og:description\" content=\"D\u016eLE\u017dIT\u00c9!  Fotografie produkt\u016f po\u0159izujeme ve \u0161pi\u010dkov\u00e9 kvalit\u011b. Av\u0161ak vzhledem k zp\u016fsobu reprodukce barev monitor\u016f po\u010d\u00edta\u010de se m\u016f\u017ee barva produkt\u016f na obrazovce m\u00edrn\u011b li\u0161it od skute\u010dnosti.  Sauna je dod\u00e1v\u00e1na v pln\u00e9  V p\u0159\u00edpad\u011b z\u00e1kladn\u00ed varianty dod\u00e1vky zaji\u0161\u0165uje vykl\u00e1dku na m\u00edst\u011b objednatel.\" \/>\n<meta property=\"og:url\" content=\"https:\/\/dev.domkisauny.pl\/cs\/produkt\/sauna-premium-mini-165-x-125-cm-elektricky-kamna\/\" \/>\n<meta property=\"og:site_name\" content=\"Chaty, sauny\" \/>\n<meta property=\"article:publisher\" content=\"https:\/\/www.facebook.com\/DomkiSauny\" \/>\n<meta property=\"article:modified_time\" content=\"2025-05-24T06:26:40+00:00\" \/>\n<meta property=\"og:image\" content=\"https:\/\/dev.domkisauny.pl\/wp-content\/uploads\/2023\/09\/sauna-thermo-premium-main.jpg\" \/>\n\t<meta property=\"og:image:width\" content=\"2000\" \/>\n\t<meta property=\"og:image:height\" content=\"1600\" \/>\n\t<meta property=\"og:image:type\" content=\"image\/jpeg\" \/>\n<meta name=\"twitter:card\" content=\"summary_large_image\" \/>\n<meta name=\"twitter:label1\" content=\"Odhadovan\u00e1 doba \u010dten\u00ed\" \/>\n\t<meta name=\"twitter:data1\" content=\"2 minuty\" \/>\n<script type=\"application\/ld+json\" class=\"yoast-schema-graph\">{\"@context\":\"https:\\\/\\\/schema.org\",\"@graph\":[{\"@type\":\"WebPage\",\"@id\":\"https:\\\/\\\/dev.domkisauny.pl\\\/cs\\\/produkt\\\/sauna-premium-mini-165-x-125-cm-elektricky-kamna\\\/\",\"url\":\"https:\\\/\\\/dev.domkisauny.pl\\\/cs\\\/produkt\\\/sauna-premium-mini-165-x-125-cm-elektricky-kamna\\\/\",\"name\":\"Sauna Premium MINI 165 x 125 cm + elektrick\u00fd kamna | Chaty, sauny\",\"isPartOf\":{\"@id\":\"https:\\\/\\\/dev.domkisauny.pl\\\/cs\\\/#website\"},\"primaryImageOfPage\":{\"@id\":\"https:\\\/\\\/dev.domkisauny.pl\\\/cs\\\/produkt\\\/sauna-premium-mini-165-x-125-cm-elektricky-kamna\\\/#primaryimage\"},\"image\":{\"@id\":\"https:\\\/\\\/dev.domkisauny.pl\\\/cs\\\/produkt\\\/sauna-premium-mini-165-x-125-cm-elektricky-kamna\\\/#primaryimage\"},\"thumbnailUrl\":\"https:\\\/\\\/dev.domkisauny.pl\\\/wp-content\\\/uploads\\\/2023\\\/09\\\/sauna-thermo-premium-main.jpg\",\"datePublished\":\"2023-09-28T06:43:11+00:00\",\"dateModified\":\"2025-05-24T06:26:40+00:00\",\"breadcrumb\":{\"@id\":\"https:\\\/\\\/dev.domkisauny.pl\\\/cs\\\/produkt\\\/sauna-premium-mini-165-x-125-cm-elektricky-kamna\\\/#breadcrumb\"},\"inLanguage\":\"cs\",\"potentialAction\":[{\"@type\":\"ReadAction\",\"target\":[\"https:\\\/\\\/dev.domkisauny.pl\\\/cs\\\/produkt\\\/sauna-premium-mini-165-x-125-cm-elektricky-kamna\\\/\"]}]},{\"@type\":\"ImageObject\",\"inLanguage\":\"cs\",\"@id\":\"https:\\\/\\\/dev.domkisauny.pl\\\/cs\\\/produkt\\\/sauna-premium-mini-165-x-125-cm-elektricky-kamna\\\/#primaryimage\",\"url\":\"https:\\\/\\\/dev.domkisauny.pl\\\/wp-content\\\/uploads\\\/2023\\\/09\\\/sauna-thermo-premium-main.jpg\",\"contentUrl\":\"https:\\\/\\\/dev.domkisauny.pl\\\/wp-content\\\/uploads\\\/2023\\\/09\\\/sauna-thermo-premium-main.jpg\",\"width\":2000,\"height\":1600},{\"@type\":\"BreadcrumbList\",\"@id\":\"https:\\\/\\\/dev.domkisauny.pl\\\/cs\\\/produkt\\\/sauna-premium-mini-165-x-125-cm-elektricky-kamna\\\/#breadcrumb\",\"itemListElement\":[{\"@type\":\"ListItem\",\"position\":1,\"name\":\"A&amp;M\",\"item\":\"https:\\\/\\\/dev.domkisauny.pl\\\/cs\\\/\"},{\"@type\":\"ListItem\",\"position\":2,\"name\":\"Produkty\",\"item\":\"https:\\\/\\\/dev.domkisauny.pl\\\/produkty\\\/\"},{\"@type\":\"ListItem\",\"position\":3,\"name\":\"Sauny\",\"item\":\"https:\\\/\\\/dev.domkisauny.pl\\\/cs\\\/kategorie-produktu\\\/sauny\\\/\"},{\"@type\":\"ListItem\",\"position\":4,\"name\":\"Zahradn\u00ed THERMO sauny\",\"item\":\"https:\\\/\\\/dev.domkisauny.pl\\\/cs\\\/kategorie-produktu\\\/sauny\\\/zahradni-thermo-sauny\\\/\"},{\"@type\":\"ListItem\",\"position\":5,\"name\":\"Sauna Premium MINI 165 x 125 cm + elektrick\u00fd kamna\"}]},{\"@type\":\"WebSite\",\"@id\":\"https:\\\/\\\/dev.domkisauny.pl\\\/cs\\\/#website\",\"url\":\"https:\\\/\\\/dev.domkisauny.pl\\\/cs\\\/\",\"name\":\"Chaty, sauny\",\"description\":\"\",\"publisher\":{\"@id\":\"https:\\\/\\\/dev.domkisauny.pl\\\/cs\\\/#organization\"},\"potentialAction\":[{\"@type\":\"SearchAction\",\"target\":{\"@type\":\"EntryPoint\",\"urlTemplate\":\"https:\\\/\\\/dev.domkisauny.pl\\\/cs\\\/?s={search_term_string}\"},\"query-input\":{\"@type\":\"PropertyValueSpecification\",\"valueRequired\":true,\"valueName\":\"search_term_string\"}}],\"inLanguage\":\"cs\"},{\"@type\":\"Organization\",\"@id\":\"https:\\\/\\\/dev.domkisauny.pl\\\/cs\\\/#organization\",\"name\":\"Chaty, sauny\",\"url\":\"https:\\\/\\\/dev.domkisauny.pl\\\/cs\\\/\",\"logo\":{\"@type\":\"ImageObject\",\"inLanguage\":\"cs\",\"@id\":\"https:\\\/\\\/dev.domkisauny.pl\\\/cs\\\/#\\\/schema\\\/logo\\\/image\\\/\",\"url\":\"https:\\\/\\\/domkisauny.pl\\\/wp-content\\\/uploads\\\/2022\\\/09\\\/logo_03.png\",\"contentUrl\":\"https:\\\/\\\/domkisauny.pl\\\/wp-content\\\/uploads\\\/2022\\\/09\\\/logo_03.png\",\"width\":95,\"height\":81,\"caption\":\"Chaty, sauny\"},\"image\":{\"@id\":\"https:\\\/\\\/dev.domkisauny.pl\\\/cs\\\/#\\\/schema\\\/logo\\\/image\\\/\"},\"sameAs\":[\"https:\\\/\\\/www.facebook.com\\\/DomkiSauny\"]}]}<\/script>\n<!-- \/ Yoast SEO plugin. -->","yoast_head_json":{"title":"Sauna Premium MINI 165 x 125 cm + elektrick\u00fd kamna | Chaty, sauny","robots":{"index":"noindex","follow":"follow","max-snippet":"max-snippet:-1","max-image-preview":"max-image-preview:large","max-video-preview":"max-video-preview:-1"},"og_locale":"cs_CZ","og_type":"article","og_title":"Sauna Premium MINI 165 x 125 cm + elektrick\u00fd kamna | Chaty, sauny","og_description":"D\u016eLE\u017dIT\u00c9!  Fotografie produkt\u016f po\u0159izujeme ve \u0161pi\u010dkov\u00e9 kvalit\u011b. Av\u0161ak vzhledem k zp\u016fsobu reprodukce barev monitor\u016f po\u010d\u00edta\u010de se m\u016f\u017ee barva produkt\u016f na obrazovce m\u00edrn\u011b li\u0161it od skute\u010dnosti.  Sauna je dod\u00e1v\u00e1na v pln\u00e9  V p\u0159\u00edpad\u011b z\u00e1kladn\u00ed varianty dod\u00e1vky zaji\u0161\u0165uje vykl\u00e1dku na m\u00edst\u011b objednatel.","og_url":"https:\/\/dev.domkisauny.pl\/cs\/produkt\/sauna-premium-mini-165-x-125-cm-elektricky-kamna\/","og_site_name":"Chaty, sauny","article_publisher":"https:\/\/www.facebook.com\/DomkiSauny","article_modified_time":"2025-05-24T06:26:40+00:00","og_image":[{"width":2000,"height":1600,"url":"https:\/\/dev.domkisauny.pl\/wp-content\/uploads\/2023\/09\/sauna-thermo-premium-main.jpg","type":"image\/jpeg"}],"twitter_card":"summary_large_image","twitter_misc":{"Odhadovan\u00e1 doba \u010dten\u00ed":"2 minuty"},"schema":{"@context":"https:\/\/schema.org","@graph":[{"@type":"WebPage","@id":"https:\/\/dev.domkisauny.pl\/cs\/produkt\/sauna-premium-mini-165-x-125-cm-elektricky-kamna\/","url":"https:\/\/dev.domkisauny.pl\/cs\/produkt\/sauna-premium-mini-165-x-125-cm-elektricky-kamna\/","name":"Sauna Premium MINI 165 x 125 cm + elektrick\u00fd kamna | Chaty, sauny","isPartOf":{"@id":"https:\/\/dev.domkisauny.pl\/cs\/#website"},"primaryImageOfPage":{"@id":"https:\/\/dev.domkisauny.pl\/cs\/produkt\/sauna-premium-mini-165-x-125-cm-elektricky-kamna\/#primaryimage"},"image":{"@id":"https:\/\/dev.domkisauny.pl\/cs\/produkt\/sauna-premium-mini-165-x-125-cm-elektricky-kamna\/#primaryimage"},"thumbnailUrl":"https:\/\/dev.domkisauny.pl\/wp-content\/uploads\/2023\/09\/sauna-thermo-premium-main.jpg","datePublished":"2023-09-28T06:43:11+00:00","dateModified":"2025-05-24T06:26:40+00:00","breadcrumb":{"@id":"https:\/\/dev.domkisauny.pl\/cs\/produkt\/sauna-premium-mini-165-x-125-cm-elektricky-kamna\/#breadcrumb"},"inLanguage":"cs","potentialAction":[{"@type":"ReadAction","target":["https:\/\/dev.domkisauny.pl\/cs\/produkt\/sauna-premium-mini-165-x-125-cm-elektricky-kamna\/"]}]},{"@type":"ImageObject","inLanguage":"cs","@id":"https:\/\/dev.domkisauny.pl\/cs\/produkt\/sauna-premium-mini-165-x-125-cm-elektricky-kamna\/#primaryimage","url":"https:\/\/dev.domkisauny.pl\/wp-content\/uploads\/2023\/09\/sauna-thermo-premium-main.jpg","contentUrl":"https:\/\/dev.domkisauny.pl\/wp-content\/uploads\/2023\/09\/sauna-thermo-premium-main.jpg","width":2000,"height":1600},{"@type":"BreadcrumbList","@id":"https:\/\/dev.domkisauny.pl\/cs\/produkt\/sauna-premium-mini-165-x-125-cm-elektricky-kamna\/#breadcrumb","itemListElement":[{"@type":"ListItem","position":1,"name":"A&amp;M","item":"https:\/\/dev.domkisauny.pl\/cs\/"},{"@type":"ListItem","position":2,"name":"Produkty","item":"https:\/\/dev.domkisauny.pl\/produkty\/"},{"@type":"ListItem","position":3,"name":"Sauny","item":"https:\/\/dev.domkisauny.pl\/cs\/kategorie-produktu\/sauny\/"},{"@type":"ListItem","position":4,"name":"Zahradn\u00ed THERMO sauny","item":"https:\/\/dev.domkisauny.pl\/cs\/kategorie-produktu\/sauny\/zahradni-thermo-sauny\/"},{"@type":"ListItem","position":5,"name":"Sauna Premium MINI 165 x 125 cm + elektrick\u00fd kamna"}]},{"@type":"WebSite","@id":"https:\/\/dev.domkisauny.pl\/cs\/#website","url":"https:\/\/dev.domkisauny.pl\/cs\/","name":"Chaty, sauny","description":"","publisher":{"@id":"https:\/\/dev.domkisauny.pl\/cs\/#organization"},"potentialAction":[{"@type":"SearchAction","target":{"@type":"EntryPoint","urlTemplate":"https:\/\/dev.domkisauny.pl\/cs\/?s={search_term_string}"},"query-input":{"@type":"PropertyValueSpecification","valueRequired":true,"valueName":"search_term_string"}}],"inLanguage":"cs"},{"@type":"Organization","@id":"https:\/\/dev.domkisauny.pl\/cs\/#organization","name":"Chaty, sauny","url":"https:\/\/dev.domkisauny.pl\/cs\/","logo":{"@type":"ImageObject","inLanguage":"cs","@id":"https:\/\/dev.domkisauny.pl\/cs\/#\/schema\/logo\/image\/","url":"https:\/\/domkisauny.pl\/wp-content\/uploads\/2022\/09\/logo_03.png","contentUrl":"https:\/\/domkisauny.pl\/wp-content\/uploads\/2022\/09\/logo_03.png","width":95,"height":81,"caption":"Chaty, sauny"},"image":{"@id":"https:\/\/dev.domkisauny.pl\/cs\/#\/schema\/logo\/image\/"},"sameAs":["https:\/\/www.facebook.com\/DomkiSauny"]}]}},"_links":{"self":[{"href":"https:\/\/dev.domkisauny.pl\/cs\/wp-json\/wp\/v2\/product\/5389","targetHints":{"allow":["GET"]}}],"collection":[{"href":"https:\/\/dev.domkisauny.pl\/cs\/wp-json\/wp\/v2\/product"}],"about":[{"href":"https:\/\/dev.domkisauny.pl\/cs\/wp-json\/wp\/v2\/types\/product"}],"wp:featuredmedia":[{"embeddable":true,"href":"https:\/\/dev.domkisauny.pl\/cs\/wp-json\/wp\/v2\/media\/19181"}],"wp:attachment":[{"href":"https:\/\/dev.domkisauny.pl\/cs\/wp-json\/wp\/v2\/media?parent=5389"}],"wp:term":[{"taxonomy":"product_brand","embeddable":true,"href":"https:\/\/dev.domkisauny.pl\/cs\/wp-json\/wp\/v2\/product_brand?post=5389"},{"taxonomy":"product_cat","embeddable":true,"href":"https:\/\/dev.domkisauny.pl\/cs\/wp-json\/wp\/v2\/product_cat?post=5389"},{"taxonomy":"product_tag","embeddable":true,"href":"https:\/\/dev.domkisauny.pl\/cs\/wp-json\/wp\/v2\/product_tag?post=5389"}],"curies":[{"name":"wp","href":"https:\/\/api.w.org\/{rel}","templated":true}]}}