{"id":5379,"date":"2023-09-27T15:41:06","date_gmt":"2023-09-27T13:41:06","guid":{"rendered":"https:\/\/domkisauny.pl\/produkt\/zestaw-do-saunowania-thermo-mini\/"},"modified":"2025-05-24T07:50:57","modified_gmt":"2025-05-24T05:50:57","slug":"saunova-souprava-mini-premium-s-chladicim-sudem","status":"publish","type":"product","link":"https:\/\/dev.domkisauny.pl\/cs\/produkt\/saunova-souprava-mini-premium-s-chladicim-sudem\/","title":{"rendered":"Saunov\u00e1 souprava MINI Premium s chladic\u00edm sudem"},"content":{"rendered":"<h3>Technick\u00e9 \u00fadaje<\/h3>\n<h4>Sauna:<\/h4>\n<p><strong>Vn\u011bj\u0161\u00ed rozm\u011bry:<\/strong> d\u00e9lka 125 cm, \u0161\u00ed\u0159ka 160 cm, v\u00fd\u0161ka 200 cm<br \/>\n<strong>Vnit\u0159n\u00ed rozm\u011bry:<\/strong> d\u00e9lka 105 cm, \u0161\u00ed\u0159ka 150 cm, v\u00fd\u0161ka 178 cm<br \/>\n<strong>Tlou\u0161\u0165ka st\u011bny:<\/strong> 44mm<br \/>\n<strong>Kamna:<\/strong> Harvia Vega BC45<br \/>\n<strong>Hmotnost:<\/strong> cca. 350 kg<\/p>\n<h4>Baz\u00e9n:<\/h4>\n<p><strong>Vn\u011bj\u0161\u00ed pr\u016fm\u011br:<\/strong> 105 cm<br \/>\n<strong>Vnit\u0159n\u00ed pr\u016fm\u011br:<\/strong> 95 cm<br \/>\n<strong>Vn\u011bj\u0161\u00ed v\u00fd\u0161ka:<\/strong> 102 cm<br \/>\n<strong>Hloubka:<\/strong> 85 cm<br \/>\n<strong>Hmotnost:<\/strong> cca. 80 kg<br \/>\n<strong>Barvy vlo\u017eek:<\/strong> \u0161ed\u00e1, \u010dern\u00e1, b\u00edl\u00e1, modr\u00e1<\/p>\n<p>Saunov\u00fd set Sauna Thermo Mini + Be\u010dka pro Chlazen\u00ed je dokonalou kombinac\u00ed, jak investovat do sv\u00e9ho zdrav\u00ed a u\u017e\u00edt si posiluj\u00edc\u00ed saunu, po kter\u00e9 se zchlad\u00edte a pom\u016f\u017eete sv\u00e9mu organismu odpo\u010dinout.<\/p>\n<p>Na\u0161e v\u00fdrobky dod\u00e1me spole\u010dn\u011b, smontovan\u00e9 a p\u0159ipraven\u00e9 k pou\u017eit\u00ed na Va\u0161\u00ed zahrad\u011b, terase nebo verand\u011b.<img loading=\"lazy\" decoding=\"async\" class=\"aligncenter wp-image-19468 size-full\" src=\"https:\/\/domkysauny.sk\/wp-content\/uploads\/2023\/09\/zestaw-sauny-premium-balia-wizualizacja.jpg\" alt=\"\" width=\"2000\" height=\"1600\" srcset=\"https:\/\/dev.domkisauny.pl\/wp-content\/uploads\/2023\/09\/zestaw-sauny-premium-balia-wizualizacja.jpg 2000w, https:\/\/dev.domkisauny.pl\/wp-content\/uploads\/2023\/09\/zestaw-sauny-premium-balia-wizualizacja-300x240.jpg 300w, https:\/\/dev.domkisauny.pl\/wp-content\/uploads\/2023\/09\/zestaw-sauny-premium-balia-wizualizacja-1024x819.jpg 1024w, https:\/\/dev.domkisauny.pl\/wp-content\/uploads\/2023\/09\/zestaw-sauny-premium-balia-wizualizacja-768x614.jpg 768w, https:\/\/dev.domkisauny.pl\/wp-content\/uploads\/2023\/09\/zestaw-sauny-premium-balia-wizualizacja-1536x1229.jpg 1536w, https:\/\/dev.domkisauny.pl\/wp-content\/uploads\/2023\/09\/zestaw-sauny-premium-balia-wizualizacja-1000x800.jpg 1000w\" sizes=\"auto, (max-width: 2000px) 100vw, 2000px\" \/><\/p>\n<p>Sauna je cel\u00e1 vyrobena z termo d\u0159eva, 45 mm siln\u00fdch polen. St\u0159echa je pokryta \u0161ed\u00fdm bitumenov\u00fdm \u0161indelem a dve\u0159e jsou zaskleny t\u00f3novan\u00fdm, tvrzen\u00fdm sklem. N\u00e1\u0161 nejmen\u0161\u00ed model sauny je perfektn\u00edm \u0159e\u0161en\u00edm pro p\u00e1ry. Zmen\u0161en\u00ed plochy m\u00edstnosti p\u0159isp\u00edv\u00e1 k efektivn\u011bj\u0161\u00edmu procesu vyt\u00e1p\u011bn\u00ed. Sauna je vybavena kamny Harvia Vega BC45 o v\u00fdkonu 4,5 kW. Chladic\u00ed sud obsahuje vlo\u017eku z polyesterov\u00e9 prysky\u0159ice pota\u017eenou termo nebo mod\u0159\u00ednov\u00fdmi deskami. Sada obsahuje barevn\u011b slad\u011bn\u00e9 d\u0159ev\u011bn\u00e9 sch\u016fdky.<\/p>\n<p><img loading=\"lazy\" decoding=\"async\" class=\"aligncenter wp-image-19472 size-full\" src=\"https:\/\/domkysauny.sk\/wp-content\/uploads\/2023\/09\/zestaw-sauny-premium-balia-wymiary.jpg\" alt=\"\" width=\"2000\" height=\"1600\" srcset=\"https:\/\/dev.domkisauny.pl\/wp-content\/uploads\/2023\/09\/zestaw-sauny-premium-balia-wymiary.jpg 2000w, https:\/\/dev.domkisauny.pl\/wp-content\/uploads\/2023\/09\/zestaw-sauny-premium-balia-wymiary-300x240.jpg 300w, https:\/\/dev.domkisauny.pl\/wp-content\/uploads\/2023\/09\/zestaw-sauny-premium-balia-wymiary-1024x819.jpg 1024w, https:\/\/dev.domkisauny.pl\/wp-content\/uploads\/2023\/09\/zestaw-sauny-premium-balia-wymiary-768x614.jpg 768w, https:\/\/dev.domkisauny.pl\/wp-content\/uploads\/2023\/09\/zestaw-sauny-premium-balia-wymiary-1536x1229.jpg 1536w, https:\/\/dev.domkisauny.pl\/wp-content\/uploads\/2023\/09\/zestaw-sauny-premium-balia-wymiary-1000x800.jpg 1000w\" sizes=\"auto, (max-width: 2000px) 100vw, 2000px\" \/><\/p>\n<p>&nbsp;<\/p>\n<p><img loading=\"lazy\" decoding=\"async\" class=\"aligncenter wp-image-19201 size-full\" src=\"https:\/\/domkysauny.sk\/wp-content\/uploads\/2023\/09\/zestaw-thermo-mini-rzut.jpg\" alt=\"\" width=\"2000\" height=\"1600\" srcset=\"https:\/\/dev.domkisauny.pl\/wp-content\/uploads\/2023\/09\/zestaw-thermo-mini-rzut.jpg 2000w, https:\/\/dev.domkisauny.pl\/wp-content\/uploads\/2023\/09\/zestaw-thermo-mini-rzut-300x240.jpg 300w, https:\/\/dev.domkisauny.pl\/wp-content\/uploads\/2023\/09\/zestaw-thermo-mini-rzut-1024x819.jpg 1024w, https:\/\/dev.domkisauny.pl\/wp-content\/uploads\/2023\/09\/zestaw-thermo-mini-rzut-768x614.jpg 768w, https:\/\/dev.domkisauny.pl\/wp-content\/uploads\/2023\/09\/zestaw-thermo-mini-rzut-1536x1229.jpg 1536w, https:\/\/dev.domkisauny.pl\/wp-content\/uploads\/2023\/09\/zestaw-thermo-mini-rzut-1000x800.jpg 1000w\" sizes=\"auto, (max-width: 2000px) 100vw, 2000px\" \/><\/p>\n","protected":false},"excerpt":{"rendered":"<blockquote><p><strong><b>D\u016eLE\u017dIT\u00c9!<\/b><\/strong><\/p>\n<p>Fotografie produkt\u016f po\u0159izujeme ve \u0161pi\u010dkov\u00e9 kvalit\u011b. Av\u0161ak vzhledem k zp\u016fsobu reprodukce barev monitor\u016f po\u010d\u00edta\u010de se m\u016f\u017ee barva produkt\u016f na obrazovce m\u00edrn\u011b li\u0161it od skute\u010dnosti.<\/p>\n<p>Sauna je dod\u00e1v\u00e1na v pln\u00e9<\/p>\n<p>V p\u0159\u00edpad\u011b z\u00e1kladn\u00ed varianty dod\u00e1vky zaji\u0161\u0165uje vykl\u00e1dku na m\u00edst\u011b objednatel.<\/p><\/blockquote>\n","protected":false},"featured_media":19468,"template":"","meta":{"_acf_changed":false},"product_brand":[],"product_cat":[238,77,232],"product_tag":[],"class_list":{"0":"post-5379","1":"product","2":"type-product","3":"status-publish","4":"has-post-thumbnail","6":"product_cat-soupravy-spa","7":"product_cat-zahradni-sauny","8":"product_cat-zahradni-thermo-sauny","9":"product_shipping_class-wysylka-grupa1-cs","10":"pa_ksztalt-obdelnikove-sauny","12":"first","13":"instock","14":"shipping-taxable","15":"purchasable","16":"product-type-variable"},"acf":[],"yoast_head":"<!-- This site is optimized with the Yoast SEO plugin v27.4 - https:\/\/yoast.com\/product\/yoast-seo-wordpress\/ -->\n<title>Saunov\u00e1 souprava MINI Premium s chladic\u00edm sudem | Chaty, sauny<\/title>\n<meta name=\"robots\" content=\"noindex, follow, max-snippet:-1, max-image-preview:large, max-video-preview:-1\" \/>\n<meta property=\"og:locale\" content=\"cs_CZ\" \/>\n<meta property=\"og:type\" content=\"article\" \/>\n<meta property=\"og:title\" content=\"Saunov\u00e1 souprava MINI Premium s chladic\u00edm sudem | Chaty, sauny\" \/>\n<meta property=\"og:description\" content=\"D\u016eLE\u017dIT\u00c9!  Fotografie produkt\u016f po\u0159izujeme ve \u0161pi\u010dkov\u00e9 kvalit\u011b. Av\u0161ak vzhledem k zp\u016fsobu reprodukce barev monitor\u016f po\u010d\u00edta\u010de se m\u016f\u017ee barva produkt\u016f na obrazovce m\u00edrn\u011b li\u0161it od skute\u010dnosti.  Sauna je dod\u00e1v\u00e1na v pln\u00e9  V p\u0159\u00edpad\u011b z\u00e1kladn\u00ed varianty dod\u00e1vky zaji\u0161\u0165uje vykl\u00e1dku na m\u00edst\u011b objednatel.\" \/>\n<meta property=\"og:url\" content=\"https:\/\/dev.domkisauny.pl\/cs\/produkt\/saunova-souprava-mini-premium-s-chladicim-sudem\/\" \/>\n<meta property=\"og:site_name\" content=\"Chaty, sauny\" \/>\n<meta property=\"article:publisher\" content=\"https:\/\/www.facebook.com\/DomkiSauny\" \/>\n<meta property=\"article:modified_time\" content=\"2025-05-24T05:50:57+00:00\" \/>\n<meta property=\"og:image\" content=\"https:\/\/dev.domkisauny.pl\/wp-content\/uploads\/2023\/09\/zestaw-sauny-premium-balia-wizualizacja.jpg\" \/>\n\t<meta property=\"og:image:width\" content=\"2000\" \/>\n\t<meta property=\"og:image:height\" content=\"1600\" \/>\n\t<meta property=\"og:image:type\" content=\"image\/jpeg\" \/>\n<meta name=\"twitter:card\" content=\"summary_large_image\" \/>\n<meta name=\"twitter:label1\" content=\"Odhadovan\u00e1 doba \u010dten\u00ed\" \/>\n\t<meta name=\"twitter:data1\" content=\"2 minuty\" \/>\n<script type=\"application\/ld+json\" class=\"yoast-schema-graph\">{\"@context\":\"https:\\\/\\\/schema.org\",\"@graph\":[{\"@type\":\"WebPage\",\"@id\":\"https:\\\/\\\/dev.domkisauny.pl\\\/cs\\\/produkt\\\/saunova-souprava-mini-premium-s-chladicim-sudem\\\/\",\"url\":\"https:\\\/\\\/dev.domkisauny.pl\\\/cs\\\/produkt\\\/saunova-souprava-mini-premium-s-chladicim-sudem\\\/\",\"name\":\"Saunov\u00e1 souprava MINI Premium s chladic\u00edm sudem | Chaty, sauny\",\"isPartOf\":{\"@id\":\"https:\\\/\\\/dev.domkisauny.pl\\\/cs\\\/#website\"},\"primaryImageOfPage\":{\"@id\":\"https:\\\/\\\/dev.domkisauny.pl\\\/cs\\\/produkt\\\/saunova-souprava-mini-premium-s-chladicim-sudem\\\/#primaryimage\"},\"image\":{\"@id\":\"https:\\\/\\\/dev.domkisauny.pl\\\/cs\\\/produkt\\\/saunova-souprava-mini-premium-s-chladicim-sudem\\\/#primaryimage\"},\"thumbnailUrl\":\"https:\\\/\\\/dev.domkisauny.pl\\\/wp-content\\\/uploads\\\/2023\\\/09\\\/zestaw-sauny-premium-balia-wizualizacja.jpg\",\"datePublished\":\"2023-09-27T13:41:06+00:00\",\"dateModified\":\"2025-05-24T05:50:57+00:00\",\"breadcrumb\":{\"@id\":\"https:\\\/\\\/dev.domkisauny.pl\\\/cs\\\/produkt\\\/saunova-souprava-mini-premium-s-chladicim-sudem\\\/#breadcrumb\"},\"inLanguage\":\"cs\",\"potentialAction\":[{\"@type\":\"ReadAction\",\"target\":[\"https:\\\/\\\/dev.domkisauny.pl\\\/cs\\\/produkt\\\/saunova-souprava-mini-premium-s-chladicim-sudem\\\/\"]}]},{\"@type\":\"ImageObject\",\"inLanguage\":\"cs\",\"@id\":\"https:\\\/\\\/dev.domkisauny.pl\\\/cs\\\/produkt\\\/saunova-souprava-mini-premium-s-chladicim-sudem\\\/#primaryimage\",\"url\":\"https:\\\/\\\/dev.domkisauny.pl\\\/wp-content\\\/uploads\\\/2023\\\/09\\\/zestaw-sauny-premium-balia-wizualizacja.jpg\",\"contentUrl\":\"https:\\\/\\\/dev.domkisauny.pl\\\/wp-content\\\/uploads\\\/2023\\\/09\\\/zestaw-sauny-premium-balia-wizualizacja.jpg\",\"width\":2000,\"height\":1600},{\"@type\":\"BreadcrumbList\",\"@id\":\"https:\\\/\\\/dev.domkisauny.pl\\\/cs\\\/produkt\\\/saunova-souprava-mini-premium-s-chladicim-sudem\\\/#breadcrumb\",\"itemListElement\":[{\"@type\":\"ListItem\",\"position\":1,\"name\":\"A&amp;M\",\"item\":\"https:\\\/\\\/dev.domkisauny.pl\\\/cs\\\/\"},{\"@type\":\"ListItem\",\"position\":2,\"name\":\"Produkty\",\"item\":\"https:\\\/\\\/dev.domkisauny.pl\\\/produkty\\\/\"},{\"@type\":\"ListItem\",\"position\":3,\"name\":\"Sauny\",\"item\":\"https:\\\/\\\/dev.domkisauny.pl\\\/cs\\\/kategorie-produktu\\\/sauny\\\/\"},{\"@type\":\"ListItem\",\"position\":4,\"name\":\"Soupravy SPA\",\"item\":\"https:\\\/\\\/dev.domkisauny.pl\\\/cs\\\/kategorie-produktu\\\/sauny\\\/soupravy-spa\\\/\"},{\"@type\":\"ListItem\",\"position\":5,\"name\":\"Saunov\u00e1 souprava MINI Premium s chladic\u00edm sudem\"}]},{\"@type\":\"WebSite\",\"@id\":\"https:\\\/\\\/dev.domkisauny.pl\\\/cs\\\/#website\",\"url\":\"https:\\\/\\\/dev.domkisauny.pl\\\/cs\\\/\",\"name\":\"Chaty, sauny\",\"description\":\"\",\"publisher\":{\"@id\":\"https:\\\/\\\/dev.domkisauny.pl\\\/cs\\\/#organization\"},\"potentialAction\":[{\"@type\":\"SearchAction\",\"target\":{\"@type\":\"EntryPoint\",\"urlTemplate\":\"https:\\\/\\\/dev.domkisauny.pl\\\/cs\\\/?s={search_term_string}\"},\"query-input\":{\"@type\":\"PropertyValueSpecification\",\"valueRequired\":true,\"valueName\":\"search_term_string\"}}],\"inLanguage\":\"cs\"},{\"@type\":\"Organization\",\"@id\":\"https:\\\/\\\/dev.domkisauny.pl\\\/cs\\\/#organization\",\"name\":\"Chaty, sauny\",\"url\":\"https:\\\/\\\/dev.domkisauny.pl\\\/cs\\\/\",\"logo\":{\"@type\":\"ImageObject\",\"inLanguage\":\"cs\",\"@id\":\"https:\\\/\\\/dev.domkisauny.pl\\\/cs\\\/#\\\/schema\\\/logo\\\/image\\\/\",\"url\":\"https:\\\/\\\/domkisauny.pl\\\/wp-content\\\/uploads\\\/2022\\\/09\\\/logo_03.png\",\"contentUrl\":\"https:\\\/\\\/domkisauny.pl\\\/wp-content\\\/uploads\\\/2022\\\/09\\\/logo_03.png\",\"width\":95,\"height\":81,\"caption\":\"Chaty, sauny\"},\"image\":{\"@id\":\"https:\\\/\\\/dev.domkisauny.pl\\\/cs\\\/#\\\/schema\\\/logo\\\/image\\\/\"},\"sameAs\":[\"https:\\\/\\\/www.facebook.com\\\/DomkiSauny\"]}]}<\/script>\n<!-- \/ Yoast SEO plugin. -->","yoast_head_json":{"title":"Saunov\u00e1 souprava MINI Premium s chladic\u00edm sudem | Chaty, sauny","robots":{"index":"noindex","follow":"follow","max-snippet":"max-snippet:-1","max-image-preview":"max-image-preview:large","max-video-preview":"max-video-preview:-1"},"og_locale":"cs_CZ","og_type":"article","og_title":"Saunov\u00e1 souprava MINI Premium s chladic\u00edm sudem | Chaty, sauny","og_description":"D\u016eLE\u017dIT\u00c9!  Fotografie produkt\u016f po\u0159izujeme ve \u0161pi\u010dkov\u00e9 kvalit\u011b. Av\u0161ak vzhledem k zp\u016fsobu reprodukce barev monitor\u016f po\u010d\u00edta\u010de se m\u016f\u017ee barva produkt\u016f na obrazovce m\u00edrn\u011b li\u0161it od skute\u010dnosti.  Sauna je dod\u00e1v\u00e1na v pln\u00e9  V p\u0159\u00edpad\u011b z\u00e1kladn\u00ed varianty dod\u00e1vky zaji\u0161\u0165uje vykl\u00e1dku na m\u00edst\u011b objednatel.","og_url":"https:\/\/dev.domkisauny.pl\/cs\/produkt\/saunova-souprava-mini-premium-s-chladicim-sudem\/","og_site_name":"Chaty, sauny","article_publisher":"https:\/\/www.facebook.com\/DomkiSauny","article_modified_time":"2025-05-24T05:50:57+00:00","og_image":[{"width":2000,"height":1600,"url":"https:\/\/dev.domkisauny.pl\/wp-content\/uploads\/2023\/09\/zestaw-sauny-premium-balia-wizualizacja.jpg","type":"image\/jpeg"}],"twitter_card":"summary_large_image","twitter_misc":{"Odhadovan\u00e1 doba \u010dten\u00ed":"2 minuty"},"schema":{"@context":"https:\/\/schema.org","@graph":[{"@type":"WebPage","@id":"https:\/\/dev.domkisauny.pl\/cs\/produkt\/saunova-souprava-mini-premium-s-chladicim-sudem\/","url":"https:\/\/dev.domkisauny.pl\/cs\/produkt\/saunova-souprava-mini-premium-s-chladicim-sudem\/","name":"Saunov\u00e1 souprava MINI Premium s chladic\u00edm sudem | Chaty, sauny","isPartOf":{"@id":"https:\/\/dev.domkisauny.pl\/cs\/#website"},"primaryImageOfPage":{"@id":"https:\/\/dev.domkisauny.pl\/cs\/produkt\/saunova-souprava-mini-premium-s-chladicim-sudem\/#primaryimage"},"image":{"@id":"https:\/\/dev.domkisauny.pl\/cs\/produkt\/saunova-souprava-mini-premium-s-chladicim-sudem\/#primaryimage"},"thumbnailUrl":"https:\/\/dev.domkisauny.pl\/wp-content\/uploads\/2023\/09\/zestaw-sauny-premium-balia-wizualizacja.jpg","datePublished":"2023-09-27T13:41:06+00:00","dateModified":"2025-05-24T05:50:57+00:00","breadcrumb":{"@id":"https:\/\/dev.domkisauny.pl\/cs\/produkt\/saunova-souprava-mini-premium-s-chladicim-sudem\/#breadcrumb"},"inLanguage":"cs","potentialAction":[{"@type":"ReadAction","target":["https:\/\/dev.domkisauny.pl\/cs\/produkt\/saunova-souprava-mini-premium-s-chladicim-sudem\/"]}]},{"@type":"ImageObject","inLanguage":"cs","@id":"https:\/\/dev.domkisauny.pl\/cs\/produkt\/saunova-souprava-mini-premium-s-chladicim-sudem\/#primaryimage","url":"https:\/\/dev.domkisauny.pl\/wp-content\/uploads\/2023\/09\/zestaw-sauny-premium-balia-wizualizacja.jpg","contentUrl":"https:\/\/dev.domkisauny.pl\/wp-content\/uploads\/2023\/09\/zestaw-sauny-premium-balia-wizualizacja.jpg","width":2000,"height":1600},{"@type":"BreadcrumbList","@id":"https:\/\/dev.domkisauny.pl\/cs\/produkt\/saunova-souprava-mini-premium-s-chladicim-sudem\/#breadcrumb","itemListElement":[{"@type":"ListItem","position":1,"name":"A&amp;M","item":"https:\/\/dev.domkisauny.pl\/cs\/"},{"@type":"ListItem","position":2,"name":"Produkty","item":"https:\/\/dev.domkisauny.pl\/produkty\/"},{"@type":"ListItem","position":3,"name":"Sauny","item":"https:\/\/dev.domkisauny.pl\/cs\/kategorie-produktu\/sauny\/"},{"@type":"ListItem","position":4,"name":"Soupravy SPA","item":"https:\/\/dev.domkisauny.pl\/cs\/kategorie-produktu\/sauny\/soupravy-spa\/"},{"@type":"ListItem","position":5,"name":"Saunov\u00e1 souprava MINI Premium s chladic\u00edm sudem"}]},{"@type":"WebSite","@id":"https:\/\/dev.domkisauny.pl\/cs\/#website","url":"https:\/\/dev.domkisauny.pl\/cs\/","name":"Chaty, sauny","description":"","publisher":{"@id":"https:\/\/dev.domkisauny.pl\/cs\/#organization"},"potentialAction":[{"@type":"SearchAction","target":{"@type":"EntryPoint","urlTemplate":"https:\/\/dev.domkisauny.pl\/cs\/?s={search_term_string}"},"query-input":{"@type":"PropertyValueSpecification","valueRequired":true,"valueName":"search_term_string"}}],"inLanguage":"cs"},{"@type":"Organization","@id":"https:\/\/dev.domkisauny.pl\/cs\/#organization","name":"Chaty, sauny","url":"https:\/\/dev.domkisauny.pl\/cs\/","logo":{"@type":"ImageObject","inLanguage":"cs","@id":"https:\/\/dev.domkisauny.pl\/cs\/#\/schema\/logo\/image\/","url":"https:\/\/domkisauny.pl\/wp-content\/uploads\/2022\/09\/logo_03.png","contentUrl":"https:\/\/domkisauny.pl\/wp-content\/uploads\/2022\/09\/logo_03.png","width":95,"height":81,"caption":"Chaty, sauny"},"image":{"@id":"https:\/\/dev.domkisauny.pl\/cs\/#\/schema\/logo\/image\/"},"sameAs":["https:\/\/www.facebook.com\/DomkiSauny"]}]}},"_links":{"self":[{"href":"https:\/\/dev.domkisauny.pl\/cs\/wp-json\/wp\/v2\/product\/5379","targetHints":{"allow":["GET"]}}],"collection":[{"href":"https:\/\/dev.domkisauny.pl\/cs\/wp-json\/wp\/v2\/product"}],"about":[{"href":"https:\/\/dev.domkisauny.pl\/cs\/wp-json\/wp\/v2\/types\/product"}],"wp:featuredmedia":[{"embeddable":true,"href":"https:\/\/dev.domkisauny.pl\/cs\/wp-json\/wp\/v2\/media\/19468"}],"wp:attachment":[{"href":"https:\/\/dev.domkisauny.pl\/cs\/wp-json\/wp\/v2\/media?parent=5379"}],"wp:term":[{"taxonomy":"product_brand","embeddable":true,"href":"https:\/\/dev.domkisauny.pl\/cs\/wp-json\/wp\/v2\/product_brand?post=5379"},{"taxonomy":"product_cat","embeddable":true,"href":"https:\/\/dev.domkisauny.pl\/cs\/wp-json\/wp\/v2\/product_cat?post=5379"},{"taxonomy":"product_tag","embeddable":true,"href":"https:\/\/dev.domkisauny.pl\/cs\/wp-json\/wp\/v2\/product_tag?post=5379"}],"curies":[{"name":"wp","href":"https:\/\/api.w.org\/{rel}","templated":true}]}}