{"id":22599,"date":"2025-05-07T13:31:52","date_gmt":"2025-05-07T11:31:52","guid":{"rendered":"https:\/\/domkisauny.pl\/produkt\/sauna-skava\/"},"modified":"2025-06-03T08:28:24","modified_gmt":"2025-06-03T06:28:24","slug":"sauna-skava","status":"publish","type":"product","link":"https:\/\/dev.domkisauny.pl\/cs\/produkt\/sauna-skava\/","title":{"rendered":"Sauna SKAVA"},"content":{"rendered":"<h2><b>Sauna Skava<\/b><\/h2>\n<p>Pokud hled\u00e1te modern\u00ed, pohodlnou a hezkou saunu na zahradu, pak je pro v\u00e1s SKAVA trefa do \u010dern\u00e9ho. Tento model kombinuje minimalistick\u00fd design s funk\u010dnost\u00ed. D\u00edky sv\u00e9mu geometrick\u00e9mu tvaru a velk\u00fdm prosklen\u00fdm ploch\u00e1m se skv\u011ble hod\u00ed jak na modern\u00ed terasu, tak do p\u0159\u00edrodn\u011bj\u0161\u00edho, zelen\u011bj\u0161\u00edho prostoru. Mont\u00e1\u017e z hotov\u00fdch prvk\u016f umo\u017e\u0148uje bezprobl\u00e9mov\u00e9 um\u00edst\u011bn\u00ed sauny i v h\u016f\u0159e dostupn\u00fdch koutech va\u0161\u00ed zahrady.<\/p>\n<p><img loading=\"lazy\" decoding=\"async\" class=\"aligncenter size-full wp-image-21811\" src=\"https:\/\/domkysauny.cz\/wp-content\/uploads\/2025\/05\/Sauna-Skava-main.webp\" alt=\"\" width=\"2000\" height=\"1600\" srcset=\"https:\/\/dev.domkisauny.pl\/wp-content\/uploads\/2025\/05\/Sauna-Skava-main.webp 2000w, https:\/\/dev.domkisauny.pl\/wp-content\/uploads\/2025\/05\/Sauna-Skava-main-300x240.webp 300w, https:\/\/dev.domkisauny.pl\/wp-content\/uploads\/2025\/05\/Sauna-Skava-main-1024x819.webp 1024w, https:\/\/dev.domkisauny.pl\/wp-content\/uploads\/2025\/05\/Sauna-Skava-main-768x614.webp 768w, https:\/\/dev.domkisauny.pl\/wp-content\/uploads\/2025\/05\/Sauna-Skava-main-1536x1229.webp 1536w, https:\/\/dev.domkisauny.pl\/wp-content\/uploads\/2025\/05\/Sauna-Skava-main-1000x800.webp 1000w\" sizes=\"auto, (max-width: 2000px) 100vw, 2000px\" \/><\/p>\n<h3><b>Robustn\u00ed konstrukce, kter\u00e1 bude slou\u017eit po dlouh\u00e9 roky<\/b><\/h3>\n<p>Sauna SKAVA je vyrobena z odoln\u00e9ho termo-d\u0159eva, kter\u00e9 dob\u0159e odol\u00e1v\u00e1 venkovn\u00edm podm\u00ednk\u00e1m. Velk\u00e9 dve\u0159e z tvrzen\u00e9ho skla o tlou\u0161\u0165ce 8 mm nejen dob\u0159e vypadaj\u00ed, ale jsou tak\u00e9 bezpe\u010dn\u00e9 a odoln\u00e9 proti po\u0161kozen\u00ed. Tento model je navr\u017een pro celoro\u010dn\u00ed pou\u017e\u00edv\u00e1n\u00ed.<\/p>\n<h3><b>Pohodln\u00e9 saunov\u00e1n\u00ed<\/b><\/h3>\n<p>Interi\u00e9r sauny je navr\u017een tak, aby jej\u00ed pou\u017e\u00edv\u00e1n\u00ed bylo skute\u010dn\u00fdm pot\u011b\u0161en\u00edm. Lavice ze d\u0159eva jsou bezpe\u010dn\u00e9, pohodln\u00e9 a p\u0159\u00edjemn\u00e9 na dotek. Nadm\u011brn\u011b se nezah\u0159\u00edvaj\u00ed a nevylu\u010duj\u00ed prysky\u0159ici. Je to ide\u00e1ln\u00ed m\u00edsto pro odpo\u010dinek o samot\u011b nebo pro relaxaci s bl\u00edzk\u00fdmi.<\/p>\n<p><img loading=\"lazy\" decoding=\"async\" class=\"aligncenter size-full wp-image-22622\" src=\"https:\/\/domkysauny.sk\/wp-content\/uploads\/2025\/05\/Sauna-Skava-wymiary.jpg\" alt=\"\" width=\"2000\" height=\"1600\" srcset=\"https:\/\/dev.domkisauny.pl\/wp-content\/uploads\/2025\/05\/Sauna-Skava-wymiary.jpg 2000w, https:\/\/dev.domkisauny.pl\/wp-content\/uploads\/2025\/05\/Sauna-Skava-wymiary-300x240.jpg 300w, https:\/\/dev.domkisauny.pl\/wp-content\/uploads\/2025\/05\/Sauna-Skava-wymiary-1024x819.jpg 1024w, https:\/\/dev.domkisauny.pl\/wp-content\/uploads\/2025\/05\/Sauna-Skava-wymiary-768x614.jpg 768w, https:\/\/dev.domkisauny.pl\/wp-content\/uploads\/2025\/05\/Sauna-Skava-wymiary-1536x1229.jpg 1536w, https:\/\/dev.domkisauny.pl\/wp-content\/uploads\/2025\/05\/Sauna-Skava-wymiary-1000x800.jpg 1000w\" sizes=\"auto, (max-width: 2000px) 100vw, 2000px\" \/><\/p>\n<h4><b>Jednoduch\u00e1 mont\u00e1\u017e, kter\u00e1 nezabere mnoho \u010dasu<\/b><\/h4>\n<p>SKAVA k v\u00e1m doraz\u00ed ve form\u011b hotov\u00e9ho mont\u00e1\u017en\u00edho setu. V sad\u011b najdete v\u0161e, co pot\u0159ebujete \u2013 podrobn\u00fd n\u00e1vod, popis sou\u010d\u00e1st\u00ed a technick\u00e9 v\u00fdkresy. D\u00edky promy\u0161len\u00e9 konstrukci nebude mont\u00e1\u017e p\u016fsobit \u017e\u00e1dn\u00e9 probl\u00e9my, a vyhrazen\u00e9 m\u00edsto pro instalaci elektrick\u00fdch kamen v\u00fdrazn\u011b usnad\u0148uje dokon\u010den\u00ed instalace sauny.<\/p>\n<h4><b>Posu\u0148te svou wellness z\u00f3nu nebo rekrea\u010dn\u00ed za\u0159\u00edzen\u00ed na zcela jinou \u00farove\u0148<\/b><\/h4>\n<p>D\u00edky sv\u00e9 estetice a odolnosti se sauna SKAVA ide\u00e1ln\u011b hod\u00ed nejen na dom\u00e1c\u00ed zahradu, ale tak\u00e9 jako dopln\u011bk nab\u00eddky v penzionech, rekrea\u010dn\u00edch st\u0159edisc\u00edch nebo wellness z\u00f3n\u00e1ch. Je to praktick\u00fd a atraktivn\u00ed dopln\u011bk, kter\u00fd p\u0159itahuje hosty a zvy\u0161uje standard objektu.<\/p>\n<p style=\"text-align: center;\"><iframe loading=\"lazy\" title=\"YouTube video player\" src=\"https:\/\/www.youtube.com\/embed\/yezERx4-ndU?si=0K6qYq-JxKurUWwm\" width=\"900\" height=\"500\" frameborder=\"0\" allowfullscreen=\"allowfullscreen\"><\/iframe><\/p>\n<p style=\"text-align: center;\"><iframe loading=\"lazy\" title=\"YouTube video player\" src=\"https:\/\/www.youtube.com\/embed\/5YiL7db-hAI?si=j_-eHUd4XoN6WnKB\" width=\"900\" height=\"500\" frameborder=\"0\" allowfullscreen=\"allowfullscreen\"><span style=\"display: inline-block; width: 0px; overflow: hidden; line-height: 0;\" data-mce-type=\"bookmark\" class=\"mce_SELRES_start\">\ufeff<\/span><span style=\"display: inline-block; width: 0px; overflow: hidden; line-height: 0;\" data-mce-type=\"bookmark\" class=\"mce_SELRES_start\">\ufeff<\/span><\/iframe><\/p>\n","protected":false},"excerpt":{"rendered":"<p>Sauna Skava Pokud hled\u00e1te modern\u00ed, pohodlnou a hezkou saunu na zahradu, pak je pro v\u00e1s SKAVA trefa do \u010dern\u00e9ho. Tento<\/p>\n","protected":false},"featured_media":21812,"template":"","meta":{"_acf_changed":false},"product_brand":[],"product_cat":[77,235],"product_tag":[],"class_list":{"0":"post-22599","1":"product","2":"type-product","3":"status-publish","4":"has-post-thumbnail","6":"product_cat-zahradni-sauny","7":"product_cat-sauny-premium-cs","8":"product_shipping_class-wysylka-grupa0","9":"pa_ksztalt-obdelnikove-sauny","11":"first","12":"instock","13":"shipping-taxable","14":"purchasable","15":"product-type-simple"},"acf":[],"yoast_head":"<!-- This site is optimized with the Yoast SEO plugin v27.4 - https:\/\/yoast.com\/product\/yoast-seo-wordpress\/ -->\n<title>Sauna SKAVA | Chaty, sauny<\/title>\n<meta name=\"robots\" content=\"noindex, follow, max-snippet:-1, max-image-preview:large, max-video-preview:-1\" \/>\n<meta property=\"og:locale\" content=\"cs_CZ\" \/>\n<meta property=\"og:type\" content=\"article\" \/>\n<meta property=\"og:title\" content=\"Sauna SKAVA | Chaty, sauny\" \/>\n<meta property=\"og:description\" content=\"Sauna Skava Pokud hled\u00e1te modern\u00ed, pohodlnou a hezkou saunu na zahradu, pak je pro v\u00e1s SKAVA trefa do \u010dern\u00e9ho. Tento\" \/>\n<meta property=\"og:url\" content=\"https:\/\/dev.domkisauny.pl\/cs\/produkt\/sauna-skava\/\" \/>\n<meta property=\"og:site_name\" content=\"Chaty, sauny\" \/>\n<meta property=\"article:publisher\" content=\"https:\/\/www.facebook.com\/DomkiSauny\" \/>\n<meta property=\"article:modified_time\" content=\"2025-06-03T06:28:24+00:00\" \/>\n<meta property=\"og:image\" content=\"https:\/\/dev.domkisauny.pl\/wp-content\/uploads\/2025\/05\/Sauna-Skava-main.webp\" \/>\n\t<meta property=\"og:image:width\" content=\"2000\" \/>\n\t<meta property=\"og:image:height\" content=\"1600\" \/>\n\t<meta property=\"og:image:type\" content=\"image\/webp\" \/>\n<meta name=\"twitter:card\" content=\"summary_large_image\" \/>\n<meta name=\"twitter:label1\" content=\"Odhadovan\u00e1 doba \u010dten\u00ed\" \/>\n\t<meta name=\"twitter:data1\" content=\"3 minuty\" \/>\n<script type=\"application\/ld+json\" class=\"yoast-schema-graph\">{\"@context\":\"https:\\\/\\\/schema.org\",\"@graph\":[{\"@type\":\"WebPage\",\"@id\":\"https:\\\/\\\/dev.domkisauny.pl\\\/cs\\\/produkt\\\/sauna-skava\\\/\",\"url\":\"https:\\\/\\\/dev.domkisauny.pl\\\/cs\\\/produkt\\\/sauna-skava\\\/\",\"name\":\"Sauna SKAVA | Chaty, sauny\",\"isPartOf\":{\"@id\":\"https:\\\/\\\/dev.domkisauny.pl\\\/cs\\\/#website\"},\"primaryImageOfPage\":{\"@id\":\"https:\\\/\\\/dev.domkisauny.pl\\\/cs\\\/produkt\\\/sauna-skava\\\/#primaryimage\"},\"image\":{\"@id\":\"https:\\\/\\\/dev.domkisauny.pl\\\/cs\\\/produkt\\\/sauna-skava\\\/#primaryimage\"},\"thumbnailUrl\":\"https:\\\/\\\/dev.domkisauny.pl\\\/wp-content\\\/uploads\\\/2025\\\/05\\\/Sauna-Skava-main.webp\",\"datePublished\":\"2025-05-07T11:31:52+00:00\",\"dateModified\":\"2025-06-03T06:28:24+00:00\",\"breadcrumb\":{\"@id\":\"https:\\\/\\\/dev.domkisauny.pl\\\/cs\\\/produkt\\\/sauna-skava\\\/#breadcrumb\"},\"inLanguage\":\"cs\",\"potentialAction\":[{\"@type\":\"ReadAction\",\"target\":[\"https:\\\/\\\/dev.domkisauny.pl\\\/cs\\\/produkt\\\/sauna-skava\\\/\"]}]},{\"@type\":\"ImageObject\",\"inLanguage\":\"cs\",\"@id\":\"https:\\\/\\\/dev.domkisauny.pl\\\/cs\\\/produkt\\\/sauna-skava\\\/#primaryimage\",\"url\":\"https:\\\/\\\/dev.domkisauny.pl\\\/wp-content\\\/uploads\\\/2025\\\/05\\\/Sauna-Skava-main.webp\",\"contentUrl\":\"https:\\\/\\\/dev.domkisauny.pl\\\/wp-content\\\/uploads\\\/2025\\\/05\\\/Sauna-Skava-main.webp\",\"width\":2000,\"height\":1600},{\"@type\":\"BreadcrumbList\",\"@id\":\"https:\\\/\\\/dev.domkisauny.pl\\\/cs\\\/produkt\\\/sauna-skava\\\/#breadcrumb\",\"itemListElement\":[{\"@type\":\"ListItem\",\"position\":1,\"name\":\"A&amp;M\",\"item\":\"https:\\\/\\\/dev.domkisauny.pl\\\/cs\\\/\"},{\"@type\":\"ListItem\",\"position\":2,\"name\":\"Produkty\",\"item\":\"https:\\\/\\\/dev.domkisauny.pl\\\/produkty\\\/\"},{\"@type\":\"ListItem\",\"position\":3,\"name\":\"Sauny\",\"item\":\"https:\\\/\\\/dev.domkisauny.pl\\\/cs\\\/kategorie-produktu\\\/sauny\\\/\"},{\"@type\":\"ListItem\",\"position\":4,\"name\":\"Zahradn\u00ed sauny premium\",\"item\":\"https:\\\/\\\/dev.domkisauny.pl\\\/cs\\\/kategorie-produktu\\\/sauny\\\/sauny-premium-cs\\\/\"},{\"@type\":\"ListItem\",\"position\":5,\"name\":\"Sauna SKAVA\"}]},{\"@type\":\"WebSite\",\"@id\":\"https:\\\/\\\/dev.domkisauny.pl\\\/cs\\\/#website\",\"url\":\"https:\\\/\\\/dev.domkisauny.pl\\\/cs\\\/\",\"name\":\"Chaty, sauny\",\"description\":\"\",\"publisher\":{\"@id\":\"https:\\\/\\\/dev.domkisauny.pl\\\/cs\\\/#organization\"},\"potentialAction\":[{\"@type\":\"SearchAction\",\"target\":{\"@type\":\"EntryPoint\",\"urlTemplate\":\"https:\\\/\\\/dev.domkisauny.pl\\\/cs\\\/?s={search_term_string}\"},\"query-input\":{\"@type\":\"PropertyValueSpecification\",\"valueRequired\":true,\"valueName\":\"search_term_string\"}}],\"inLanguage\":\"cs\"},{\"@type\":\"Organization\",\"@id\":\"https:\\\/\\\/dev.domkisauny.pl\\\/cs\\\/#organization\",\"name\":\"Chaty, sauny\",\"url\":\"https:\\\/\\\/dev.domkisauny.pl\\\/cs\\\/\",\"logo\":{\"@type\":\"ImageObject\",\"inLanguage\":\"cs\",\"@id\":\"https:\\\/\\\/dev.domkisauny.pl\\\/cs\\\/#\\\/schema\\\/logo\\\/image\\\/\",\"url\":\"https:\\\/\\\/domkisauny.pl\\\/wp-content\\\/uploads\\\/2022\\\/09\\\/logo_03.png\",\"contentUrl\":\"https:\\\/\\\/domkisauny.pl\\\/wp-content\\\/uploads\\\/2022\\\/09\\\/logo_03.png\",\"width\":95,\"height\":81,\"caption\":\"Chaty, sauny\"},\"image\":{\"@id\":\"https:\\\/\\\/dev.domkisauny.pl\\\/cs\\\/#\\\/schema\\\/logo\\\/image\\\/\"},\"sameAs\":[\"https:\\\/\\\/www.facebook.com\\\/DomkiSauny\"]}]}<\/script>\n<!-- \/ Yoast SEO plugin. -->","yoast_head_json":{"title":"Sauna SKAVA | Chaty, sauny","robots":{"index":"noindex","follow":"follow","max-snippet":"max-snippet:-1","max-image-preview":"max-image-preview:large","max-video-preview":"max-video-preview:-1"},"og_locale":"cs_CZ","og_type":"article","og_title":"Sauna SKAVA | Chaty, sauny","og_description":"Sauna Skava Pokud hled\u00e1te modern\u00ed, pohodlnou a hezkou saunu na zahradu, pak je pro v\u00e1s SKAVA trefa do \u010dern\u00e9ho. Tento","og_url":"https:\/\/dev.domkisauny.pl\/cs\/produkt\/sauna-skava\/","og_site_name":"Chaty, sauny","article_publisher":"https:\/\/www.facebook.com\/DomkiSauny","article_modified_time":"2025-06-03T06:28:24+00:00","og_image":[{"width":2000,"height":1600,"url":"https:\/\/dev.domkisauny.pl\/wp-content\/uploads\/2025\/05\/Sauna-Skava-main.webp","type":"image\/webp"}],"twitter_card":"summary_large_image","twitter_misc":{"Odhadovan\u00e1 doba \u010dten\u00ed":"3 minuty"},"schema":{"@context":"https:\/\/schema.org","@graph":[{"@type":"WebPage","@id":"https:\/\/dev.domkisauny.pl\/cs\/produkt\/sauna-skava\/","url":"https:\/\/dev.domkisauny.pl\/cs\/produkt\/sauna-skava\/","name":"Sauna SKAVA | Chaty, sauny","isPartOf":{"@id":"https:\/\/dev.domkisauny.pl\/cs\/#website"},"primaryImageOfPage":{"@id":"https:\/\/dev.domkisauny.pl\/cs\/produkt\/sauna-skava\/#primaryimage"},"image":{"@id":"https:\/\/dev.domkisauny.pl\/cs\/produkt\/sauna-skava\/#primaryimage"},"thumbnailUrl":"https:\/\/dev.domkisauny.pl\/wp-content\/uploads\/2025\/05\/Sauna-Skava-main.webp","datePublished":"2025-05-07T11:31:52+00:00","dateModified":"2025-06-03T06:28:24+00:00","breadcrumb":{"@id":"https:\/\/dev.domkisauny.pl\/cs\/produkt\/sauna-skava\/#breadcrumb"},"inLanguage":"cs","potentialAction":[{"@type":"ReadAction","target":["https:\/\/dev.domkisauny.pl\/cs\/produkt\/sauna-skava\/"]}]},{"@type":"ImageObject","inLanguage":"cs","@id":"https:\/\/dev.domkisauny.pl\/cs\/produkt\/sauna-skava\/#primaryimage","url":"https:\/\/dev.domkisauny.pl\/wp-content\/uploads\/2025\/05\/Sauna-Skava-main.webp","contentUrl":"https:\/\/dev.domkisauny.pl\/wp-content\/uploads\/2025\/05\/Sauna-Skava-main.webp","width":2000,"height":1600},{"@type":"BreadcrumbList","@id":"https:\/\/dev.domkisauny.pl\/cs\/produkt\/sauna-skava\/#breadcrumb","itemListElement":[{"@type":"ListItem","position":1,"name":"A&amp;M","item":"https:\/\/dev.domkisauny.pl\/cs\/"},{"@type":"ListItem","position":2,"name":"Produkty","item":"https:\/\/dev.domkisauny.pl\/produkty\/"},{"@type":"ListItem","position":3,"name":"Sauny","item":"https:\/\/dev.domkisauny.pl\/cs\/kategorie-produktu\/sauny\/"},{"@type":"ListItem","position":4,"name":"Zahradn\u00ed sauny premium","item":"https:\/\/dev.domkisauny.pl\/cs\/kategorie-produktu\/sauny\/sauny-premium-cs\/"},{"@type":"ListItem","position":5,"name":"Sauna SKAVA"}]},{"@type":"WebSite","@id":"https:\/\/dev.domkisauny.pl\/cs\/#website","url":"https:\/\/dev.domkisauny.pl\/cs\/","name":"Chaty, sauny","description":"","publisher":{"@id":"https:\/\/dev.domkisauny.pl\/cs\/#organization"},"potentialAction":[{"@type":"SearchAction","target":{"@type":"EntryPoint","urlTemplate":"https:\/\/dev.domkisauny.pl\/cs\/?s={search_term_string}"},"query-input":{"@type":"PropertyValueSpecification","valueRequired":true,"valueName":"search_term_string"}}],"inLanguage":"cs"},{"@type":"Organization","@id":"https:\/\/dev.domkisauny.pl\/cs\/#organization","name":"Chaty, sauny","url":"https:\/\/dev.domkisauny.pl\/cs\/","logo":{"@type":"ImageObject","inLanguage":"cs","@id":"https:\/\/dev.domkisauny.pl\/cs\/#\/schema\/logo\/image\/","url":"https:\/\/domkisauny.pl\/wp-content\/uploads\/2022\/09\/logo_03.png","contentUrl":"https:\/\/domkisauny.pl\/wp-content\/uploads\/2022\/09\/logo_03.png","width":95,"height":81,"caption":"Chaty, sauny"},"image":{"@id":"https:\/\/dev.domkisauny.pl\/cs\/#\/schema\/logo\/image\/"},"sameAs":["https:\/\/www.facebook.com\/DomkiSauny"]}]}},"_links":{"self":[{"href":"https:\/\/dev.domkisauny.pl\/cs\/wp-json\/wp\/v2\/product\/22599","targetHints":{"allow":["GET"]}}],"collection":[{"href":"https:\/\/dev.domkisauny.pl\/cs\/wp-json\/wp\/v2\/product"}],"about":[{"href":"https:\/\/dev.domkisauny.pl\/cs\/wp-json\/wp\/v2\/types\/product"}],"wp:featuredmedia":[{"embeddable":true,"href":"https:\/\/dev.domkisauny.pl\/cs\/wp-json\/wp\/v2\/media\/21812"}],"wp:attachment":[{"href":"https:\/\/dev.domkisauny.pl\/cs\/wp-json\/wp\/v2\/media?parent=22599"}],"wp:term":[{"taxonomy":"product_brand","embeddable":true,"href":"https:\/\/dev.domkisauny.pl\/cs\/wp-json\/wp\/v2\/product_brand?post=22599"},{"taxonomy":"product_cat","embeddable":true,"href":"https:\/\/dev.domkisauny.pl\/cs\/wp-json\/wp\/v2\/product_cat?post=22599"},{"taxonomy":"product_tag","embeddable":true,"href":"https:\/\/dev.domkisauny.pl\/cs\/wp-json\/wp\/v2\/product_tag?post=22599"}],"curies":[{"name":"wp","href":"https:\/\/api.w.org\/{rel}","templated":true}]}}