{"id":21893,"date":"2025-03-24T13:03:30","date_gmt":"2025-03-24T12:03:30","guid":{"rendered":"https:\/\/domkisauny.pl\/produkt\/jacuzzi-ogrodowe-triple-200-x-160-cm\/"},"modified":"2025-06-27T17:28:32","modified_gmt":"2025-06-27T15:28:32","slug":"zahradni-virivka-triple-200-x-160-cm","status":"publish","type":"product","link":"https:\/\/dev.domkisauny.pl\/cs\/produkt\/zahradni-virivka-triple-200-x-160-cm\/","title":{"rendered":"Zahradn\u00ed v\u00ed\u0159ivka Triple 200 x 160 cm"},"content":{"rendered":"<h2><b>Specifikace<\/b><\/h2>\n<h6>* Nab\u00edzen\u00e9 jacuzzi obsahuje extern\u00ed ovlada\u010d BALBOA s mo\u017enost\u00ed velmi p\u0159esn\u00e9ho nastaven\u00ed teploty i vodn\u011b-vzduchov\u00fdch trysek pomoc\u00ed extern\u00edho ovl\u00e1dac\u00edho panelu.<\/h6>\n<h3><b>Vybaven\u00ed:<\/b><\/h3>\n<ul>\n<li><strong>Akryl\u00e1tov\u00e1<\/strong> vlo\u017eka<\/li>\n<li><strong>\u0158\u00eddic\u00ed jednotka BALBOA<\/strong> s extern\u00edm panelem<\/li>\n<li>Elektrick\u00e9 <strong>topen\u00ed<\/strong> 3kW (15\u201345\u00b0C)<\/li>\n<li>Ob\u011bhov\u00e9 <strong>\u010derpadlo<\/strong> 700W<\/li>\n<li>Kartu\u0161ov\u00fd<strong> filtr<\/strong><\/li>\n<li><strong>Ozon\u00e1tor<\/strong> vody<\/li>\n<li>LED<strong> osv\u011btlen\u00ed<\/strong><\/li>\n<li>30 <strong>trysek pro aero- a hydromas\u00e1\u017e<\/strong><\/li>\n<li>D\u0159ev\u011bn\u00e9 <strong>sch\u016fdky<\/strong><\/li>\n<li>Termoizola\u010dn\u00ed <strong>kryt<\/strong><\/li>\n<li><strong>Podlahov\u00fd r\u00e1m<\/strong> s no\u017ei\u010dkami chr\u00e1n\u011bn\u00fd proti korozi<\/li>\n<\/ul>\n<h3><b>Technick\u00e9 \u00fadaje:<\/b><\/h3>\n<ul>\n<li>Vn\u011bj\u0161\u00ed \u0161\u00ed\u0159ka \u2013 <strong>200 cm<\/strong><\/li>\n<li>Vn\u011bj\u0161\u00ed d\u00e9lka \u2013 <strong>160 cm<\/strong><\/li>\n<li>Vn\u011bj\u0161\u00ed v\u00fd\u0161ka \u2013 <strong>100 cm<\/strong><\/li>\n<li>Hloubka \u2013 <strong>87 cm<\/strong><\/li>\n<li>Objem \u2013 cca <strong>700 L<\/strong><\/li>\n<li>Hmotnost \u2013 cca 200<strong> kg<\/strong><\/li>\n<li>Vlo\u017eka \u2013 <strong>Akryl<\/strong><\/li>\n<li>Opl\u00e1\u0161t\u011bn\u00ed \u2013 Thermo d\u0159evo, Nerezov\u00e1 ocel<\/li>\n<\/ul>\n<h2><b>Zahradn\u00ed v\u00ed\u0159ivka Triple 200 x 160 cm<\/b><\/h2>\n<p>P\u0159edstavte si ve\u010der na zahrad\u011b, jak se po dlouh\u00e9m dni pono\u0159\u00edte do tepl\u00e9 vody a podd\u00e1te se mas\u00e1\u017ei. Nemus\u00edte jezdit do exkluzivn\u00edch wellness center \u2013 luxus m\u016f\u017eete m\u00edt na dosah ruky. Zahradn\u00ed v\u00ed\u0159ivka Triple s\u00a0rozm\u011bry 200 x 160 cm je modern\u00edm \u0159e\u0161en\u00edm stvo\u0159en\u00fdm pro ty, kte\u0159\u00ed cht\u011bj\u00ed spojit relaxaci, zdrav\u00ed a eleganci v pohodl\u00ed sv\u00e9ho domova.<\/p>\n<p>V\u00ed\u0159ivka Triple je navr\u017eena s d\u016frazem na ka\u017ed\u00fd detail a nab\u00edz\u00ed pohodln\u00fd prostor pro n\u011bkolik osob, tak\u017ee je ide\u00e1ln\u00ed volbou jak pro zaslou\u017een\u00fd odpo\u010dinek o samot\u011b, tak pro spole\u010dn\u00e9 chv\u00edle s t\u011bmi nejbli\u017e\u0161\u00edmi. D\u00edky kompaktn\u00edm rozm\u011br\u016fm ji snadno um\u00edst\u00edte na terasu nebo zahradu a prom\u011bn\u00edte je tak ve va\u0161i vlastn\u00ed wellness z\u00f3nu.<\/p>\n<p data-wp-editing=\"1\"><img loading=\"lazy\" decoding=\"async\" class=\"aligncenter wp-image-20993 size-full\" src=\"https:\/\/domkysauny.cz\/wp-content\/uploads\/2025\/03\/Jacuzzi-Triple-Second-vis.webp\" alt=\"\" width=\"2000\" height=\"1600\" srcset=\"https:\/\/dev.domkisauny.pl\/wp-content\/uploads\/2025\/03\/Jacuzzi-Triple-Second-vis.webp 2000w, https:\/\/dev.domkisauny.pl\/wp-content\/uploads\/2025\/03\/Jacuzzi-Triple-Second-vis-300x240.webp 300w, https:\/\/dev.domkisauny.pl\/wp-content\/uploads\/2025\/03\/Jacuzzi-Triple-Second-vis-1024x819.webp 1024w, https:\/\/dev.domkisauny.pl\/wp-content\/uploads\/2025\/03\/Jacuzzi-Triple-Second-vis-768x614.webp 768w, https:\/\/dev.domkisauny.pl\/wp-content\/uploads\/2025\/03\/Jacuzzi-Triple-Second-vis-1536x1229.webp 1536w, https:\/\/dev.domkisauny.pl\/wp-content\/uploads\/2025\/03\/Jacuzzi-Triple-Second-vis-1000x800.webp 1000w\" sizes=\"auto, (max-width: 2000px) 100vw, 2000px\" \/><\/p>\n<h3><b>Komplexn\u00ed vybaven\u00ed \u2013 technologie, kter\u00e1 se star\u00e1 o va\u0161i relaxaci<\/b><\/h3>\n<p>V\u00ed\u0159ivka je vybavena ovlada\u010dem BALBOA s extern\u00edm panelem, kter\u00fd umo\u017e\u0148uje p\u0159esn\u00e9 ovl\u00e1d\u00e1n\u00ed teploty vody a intenzity vzduchov\u00fdch a hydromas\u00e1\u017en\u00edch trysek. 3<strong>0 trysek pro vzduchovou a vodn\u00ed mas\u00e1\u017e zaji\u0161\u0165uje rovnom\u011brnou a intenzivn\u00ed mas\u00e1\u017e cel\u00e9ho t\u011bla.<\/strong> \u010cistotu a sv\u011b\u017eest vody m\u00e1 pak na starosti kartu\u0161ov\u00fd filtr a ozon\u00e1tor. Celkov\u00fd dojem podtrhuje LED osv\u011btlen\u00ed s mo\u017enost\u00ed volby r\u016fzn\u00fdch barev<\/p>\n<p>D\u00edky elektrick\u00e9mu oh\u0159\u00edva\u010di o v\u00fdkonu 3 kW si m\u016f\u017eete nastavit teplotu vody p\u0159esn\u011b podle sv\u00fdch p\u0159edstav \u2013 od 15 \u00b0C do 45 \u00b0C. Cel\u00e1 konstrukce je chr\u00e1n\u011bna elegantn\u00edm oblo\u017een\u00edm z thermo d\u0159eva, kter\u00e9 je odoln\u00e9 v\u016f\u010di prom\u011bnliv\u00fdm pov\u011btrnostn\u00edm podm\u00ednk\u00e1m.<\/p>\n<p><img loading=\"lazy\" decoding=\"async\" class=\"aligncenter size-full wp-image-20997\" src=\"https:\/\/domkysauny.cz\/wp-content\/uploads\/2025\/03\/Jacuzzi-Triple-third-vis.webp\" alt=\"\" width=\"2000\" height=\"1600\" srcset=\"https:\/\/dev.domkisauny.pl\/wp-content\/uploads\/2025\/03\/Jacuzzi-Triple-third-vis.webp 2000w, https:\/\/dev.domkisauny.pl\/wp-content\/uploads\/2025\/03\/Jacuzzi-Triple-third-vis-300x240.webp 300w, https:\/\/dev.domkisauny.pl\/wp-content\/uploads\/2025\/03\/Jacuzzi-Triple-third-vis-1024x819.webp 1024w, https:\/\/dev.domkisauny.pl\/wp-content\/uploads\/2025\/03\/Jacuzzi-Triple-third-vis-768x614.webp 768w, https:\/\/dev.domkisauny.pl\/wp-content\/uploads\/2025\/03\/Jacuzzi-Triple-third-vis-1536x1229.webp 1536w, https:\/\/dev.domkisauny.pl\/wp-content\/uploads\/2025\/03\/Jacuzzi-Triple-third-vis-1000x800.webp 1000w\" sizes=\"auto, (max-width: 2000px) 100vw, 2000px\" \/><\/p>\n<h3><b>P\u0159irozen\u00fd styl s mo\u017enost\u00ed p\u0159izp\u016fsoben\u00ed<\/b><\/h3>\n<p>Vn\u011bj\u0161\u00ed oblo\u017een\u00ed z thermo d\u0159eva se dokonale snoub\u00ed s designem va\u0161\u00ed zahrady a dod\u00e1v\u00e1 celku h\u0159ejiv\u00fd, p\u0159\u00edrodn\u00ed vzhled. Nav\u00edc si m\u016f\u017eete vybrat z n\u011bkolika variant povrchov\u00e9 \u00fapravy: bez malov\u00e1n\u00ed, bezbarv\u00e1, o\u0159ech nebo antracit. <strong>D\u00edky tomu m\u016f\u017eete snadno p\u0159izp\u016fsobit vzhled v\u00ed\u0159ivky va\u0161emu okol\u00ed.<\/strong><\/p>\n<p>Cena nav\u00edc zahrnuje praktick\u00e9 d\u0159ev\u011bn\u00e9 sch\u016fdky a termoizola\u010dn\u00ed kryt.<\/p>\n<h4><b>Odpo\u010dinek o samot\u011b nebo s bl\u00edzk\u00fdmi<\/b><\/h4>\n<p>V\u00ed\u0159ivka Triple je ide\u00e1ln\u00ed volbou jak pro ty, kte\u0159\u00ed ocen\u00ed klidn\u00e9 chv\u00edle odpo\u010dinku o samot\u011b, tak pro ty, kte\u0159\u00ed r\u00e1di sd\u00edlej\u00ed radost z relaxace se sv\u00fdmi nejbli\u017e\u0161\u00edmi. <strong>D\u00edky optim\u00e1ln\u00edm rozm\u011br\u016fm a objemu se do n\u00ed snadno vejde n\u011bkolik osob, kter\u00e9 zde najdou maxim\u00e1ln\u00ed komfort.<\/strong> A\u0165 u\u017e pl\u00e1nujete klidn\u00fd ve\u010der v p\u0159\u00edrod\u011b o samot\u011b nebo setk\u00e1n\u00ed s rodinou \u010di p\u0159\u00e1teli, tato v\u00ed\u0159ivka dokonale spln\u00ed va\u0161e o\u010dek\u00e1v\u00e1n\u00ed.<\/p>\n<p><img loading=\"lazy\" decoding=\"async\" class=\"aligncenter size-full wp-image-21296\" src=\"https:\/\/domkysauny.cz\/wp-content\/uploads\/2025\/03\/jacuzzi-triple-wymiary.jpg\" alt=\"\" width=\"2000\" height=\"1600\" srcset=\"https:\/\/dev.domkisauny.pl\/wp-content\/uploads\/2025\/03\/jacuzzi-triple-wymiary.jpg 2000w, https:\/\/dev.domkisauny.pl\/wp-content\/uploads\/2025\/03\/jacuzzi-triple-wymiary-300x240.jpg 300w, https:\/\/dev.domkisauny.pl\/wp-content\/uploads\/2025\/03\/jacuzzi-triple-wymiary-1024x819.jpg 1024w, https:\/\/dev.domkisauny.pl\/wp-content\/uploads\/2025\/03\/jacuzzi-triple-wymiary-768x614.jpg 768w, https:\/\/dev.domkisauny.pl\/wp-content\/uploads\/2025\/03\/jacuzzi-triple-wymiary-1536x1229.jpg 1536w, https:\/\/dev.domkisauny.pl\/wp-content\/uploads\/2025\/03\/jacuzzi-triple-wymiary-1000x800.jpg 1000w\" sizes=\"auto, (max-width: 2000px) 100vw, 2000px\" \/><\/p>\n","protected":false},"excerpt":{"rendered":"<p>Specifikace * Nab\u00edzen\u00e9 jacuzzi obsahuje extern\u00ed ovlada\u010d BALBOA s mo\u017enost\u00ed velmi p\u0159esn\u00e9ho nastaven\u00ed teploty i vodn\u011b-vzduchov\u00fdch trysek pomoc\u00ed extern\u00edho ovl\u00e1dac\u00edho<\/p>\n","protected":false},"featured_media":20994,"template":"","meta":{"_acf_changed":false},"product_brand":[],"product_cat":[117],"product_tag":[],"class_list":{"0":"post-21893","1":"product","2":"type-product","3":"status-publish","4":"has-post-thumbnail","6":"product_cat-jacuzzi","8":"first","9":"instock","10":"shipping-taxable","11":"purchasable","12":"product-type-variable"},"acf":[],"yoast_head":"<!-- This site is optimized with the Yoast SEO plugin v27.4 - https:\/\/yoast.com\/product\/yoast-seo-wordpress\/ -->\n<title>Zahradn\u00ed v\u00ed\u0159ivka Triple 200 x 160 cm | Chaty, sauny<\/title>\n<meta name=\"robots\" content=\"noindex, follow, max-snippet:-1, max-image-preview:large, max-video-preview:-1\" \/>\n<meta property=\"og:locale\" content=\"cs_CZ\" \/>\n<meta property=\"og:type\" content=\"article\" \/>\n<meta property=\"og:title\" content=\"Zahradn\u00ed v\u00ed\u0159ivka Triple 200 x 160 cm | Chaty, sauny\" \/>\n<meta property=\"og:description\" content=\"Specifikace * Nab\u00edzen\u00e9 jacuzzi obsahuje extern\u00ed ovlada\u010d BALBOA s mo\u017enost\u00ed velmi p\u0159esn\u00e9ho nastaven\u00ed teploty i vodn\u011b-vzduchov\u00fdch trysek pomoc\u00ed extern\u00edho ovl\u00e1dac\u00edho\" \/>\n<meta property=\"og:url\" content=\"https:\/\/dev.domkisauny.pl\/cs\/produkt\/zahradni-virivka-triple-200-x-160-cm\/\" \/>\n<meta property=\"og:site_name\" content=\"Chaty, sauny\" \/>\n<meta property=\"article:publisher\" content=\"https:\/\/www.facebook.com\/DomkiSauny\" \/>\n<meta property=\"article:modified_time\" content=\"2025-06-27T15:28:32+00:00\" \/>\n<meta property=\"og:image\" content=\"https:\/\/dev.domkisauny.pl\/wp-content\/uploads\/2025\/03\/Jacuzzi-Triple-Second-vis.webp\" \/>\n\t<meta property=\"og:image:width\" content=\"2000\" \/>\n\t<meta property=\"og:image:height\" content=\"1600\" \/>\n\t<meta property=\"og:image:type\" content=\"image\/webp\" \/>\n<meta name=\"twitter:card\" content=\"summary_large_image\" \/>\n<meta name=\"twitter:label1\" content=\"Odhadovan\u00e1 doba \u010dten\u00ed\" \/>\n\t<meta name=\"twitter:data1\" content=\"4 minuty\" \/>\n<script type=\"application\/ld+json\" class=\"yoast-schema-graph\">{\"@context\":\"https:\\\/\\\/schema.org\",\"@graph\":[{\"@type\":\"WebPage\",\"@id\":\"https:\\\/\\\/dev.domkisauny.pl\\\/cs\\\/produkt\\\/zahradni-virivka-triple-200-x-160-cm\\\/\",\"url\":\"https:\\\/\\\/dev.domkisauny.pl\\\/cs\\\/produkt\\\/zahradni-virivka-triple-200-x-160-cm\\\/\",\"name\":\"Zahradn\u00ed v\u00ed\u0159ivka Triple 200 x 160 cm | Chaty, sauny\",\"isPartOf\":{\"@id\":\"https:\\\/\\\/dev.domkisauny.pl\\\/cs\\\/#website\"},\"primaryImageOfPage\":{\"@id\":\"https:\\\/\\\/dev.domkisauny.pl\\\/cs\\\/produkt\\\/zahradni-virivka-triple-200-x-160-cm\\\/#primaryimage\"},\"image\":{\"@id\":\"https:\\\/\\\/dev.domkisauny.pl\\\/cs\\\/produkt\\\/zahradni-virivka-triple-200-x-160-cm\\\/#primaryimage\"},\"thumbnailUrl\":\"https:\\\/\\\/dev.domkisauny.pl\\\/wp-content\\\/uploads\\\/2025\\\/03\\\/Jacuzzi-Triple-Second-vis.webp\",\"datePublished\":\"2025-03-24T12:03:30+00:00\",\"dateModified\":\"2025-06-27T15:28:32+00:00\",\"breadcrumb\":{\"@id\":\"https:\\\/\\\/dev.domkisauny.pl\\\/cs\\\/produkt\\\/zahradni-virivka-triple-200-x-160-cm\\\/#breadcrumb\"},\"inLanguage\":\"cs\",\"potentialAction\":[{\"@type\":\"ReadAction\",\"target\":[\"https:\\\/\\\/dev.domkisauny.pl\\\/cs\\\/produkt\\\/zahradni-virivka-triple-200-x-160-cm\\\/\"]}]},{\"@type\":\"ImageObject\",\"inLanguage\":\"cs\",\"@id\":\"https:\\\/\\\/dev.domkisauny.pl\\\/cs\\\/produkt\\\/zahradni-virivka-triple-200-x-160-cm\\\/#primaryimage\",\"url\":\"https:\\\/\\\/dev.domkisauny.pl\\\/wp-content\\\/uploads\\\/2025\\\/03\\\/Jacuzzi-Triple-Second-vis.webp\",\"contentUrl\":\"https:\\\/\\\/dev.domkisauny.pl\\\/wp-content\\\/uploads\\\/2025\\\/03\\\/Jacuzzi-Triple-Second-vis.webp\",\"width\":2000,\"height\":1600},{\"@type\":\"BreadcrumbList\",\"@id\":\"https:\\\/\\\/dev.domkisauny.pl\\\/cs\\\/produkt\\\/zahradni-virivka-triple-200-x-160-cm\\\/#breadcrumb\",\"itemListElement\":[{\"@type\":\"ListItem\",\"position\":1,\"name\":\"A&amp;M\",\"item\":\"https:\\\/\\\/dev.domkisauny.pl\\\/cs\\\/\"},{\"@type\":\"ListItem\",\"position\":2,\"name\":\"Produkty\",\"item\":\"https:\\\/\\\/dev.domkisauny.pl\\\/produkty\\\/\"},{\"@type\":\"ListItem\",\"position\":3,\"name\":\"Jacuzzi\",\"item\":\"https:\\\/\\\/dev.domkisauny.pl\\\/cs\\\/kategorie-produktu\\\/jacuzzi\\\/\"},{\"@type\":\"ListItem\",\"position\":4,\"name\":\"Zahradn\u00ed v\u00ed\u0159ivka Triple 200 x 160 cm\"}]},{\"@type\":\"WebSite\",\"@id\":\"https:\\\/\\\/dev.domkisauny.pl\\\/cs\\\/#website\",\"url\":\"https:\\\/\\\/dev.domkisauny.pl\\\/cs\\\/\",\"name\":\"Chaty, sauny\",\"description\":\"\",\"publisher\":{\"@id\":\"https:\\\/\\\/dev.domkisauny.pl\\\/cs\\\/#organization\"},\"potentialAction\":[{\"@type\":\"SearchAction\",\"target\":{\"@type\":\"EntryPoint\",\"urlTemplate\":\"https:\\\/\\\/dev.domkisauny.pl\\\/cs\\\/?s={search_term_string}\"},\"query-input\":{\"@type\":\"PropertyValueSpecification\",\"valueRequired\":true,\"valueName\":\"search_term_string\"}}],\"inLanguage\":\"cs\"},{\"@type\":\"Organization\",\"@id\":\"https:\\\/\\\/dev.domkisauny.pl\\\/cs\\\/#organization\",\"name\":\"Chaty, sauny\",\"url\":\"https:\\\/\\\/dev.domkisauny.pl\\\/cs\\\/\",\"logo\":{\"@type\":\"ImageObject\",\"inLanguage\":\"cs\",\"@id\":\"https:\\\/\\\/dev.domkisauny.pl\\\/cs\\\/#\\\/schema\\\/logo\\\/image\\\/\",\"url\":\"https:\\\/\\\/domkisauny.pl\\\/wp-content\\\/uploads\\\/2022\\\/09\\\/logo_03.png\",\"contentUrl\":\"https:\\\/\\\/domkisauny.pl\\\/wp-content\\\/uploads\\\/2022\\\/09\\\/logo_03.png\",\"width\":95,\"height\":81,\"caption\":\"Chaty, sauny\"},\"image\":{\"@id\":\"https:\\\/\\\/dev.domkisauny.pl\\\/cs\\\/#\\\/schema\\\/logo\\\/image\\\/\"},\"sameAs\":[\"https:\\\/\\\/www.facebook.com\\\/DomkiSauny\"]}]}<\/script>\n<!-- \/ Yoast SEO plugin. -->","yoast_head_json":{"title":"Zahradn\u00ed v\u00ed\u0159ivka Triple 200 x 160 cm | Chaty, sauny","robots":{"index":"noindex","follow":"follow","max-snippet":"max-snippet:-1","max-image-preview":"max-image-preview:large","max-video-preview":"max-video-preview:-1"},"og_locale":"cs_CZ","og_type":"article","og_title":"Zahradn\u00ed v\u00ed\u0159ivka Triple 200 x 160 cm | Chaty, sauny","og_description":"Specifikace * Nab\u00edzen\u00e9 jacuzzi obsahuje extern\u00ed ovlada\u010d BALBOA s mo\u017enost\u00ed velmi p\u0159esn\u00e9ho nastaven\u00ed teploty i vodn\u011b-vzduchov\u00fdch trysek pomoc\u00ed extern\u00edho ovl\u00e1dac\u00edho","og_url":"https:\/\/dev.domkisauny.pl\/cs\/produkt\/zahradni-virivka-triple-200-x-160-cm\/","og_site_name":"Chaty, sauny","article_publisher":"https:\/\/www.facebook.com\/DomkiSauny","article_modified_time":"2025-06-27T15:28:32+00:00","og_image":[{"width":2000,"height":1600,"url":"https:\/\/dev.domkisauny.pl\/wp-content\/uploads\/2025\/03\/Jacuzzi-Triple-Second-vis.webp","type":"image\/webp"}],"twitter_card":"summary_large_image","twitter_misc":{"Odhadovan\u00e1 doba \u010dten\u00ed":"4 minuty"},"schema":{"@context":"https:\/\/schema.org","@graph":[{"@type":"WebPage","@id":"https:\/\/dev.domkisauny.pl\/cs\/produkt\/zahradni-virivka-triple-200-x-160-cm\/","url":"https:\/\/dev.domkisauny.pl\/cs\/produkt\/zahradni-virivka-triple-200-x-160-cm\/","name":"Zahradn\u00ed v\u00ed\u0159ivka Triple 200 x 160 cm | Chaty, sauny","isPartOf":{"@id":"https:\/\/dev.domkisauny.pl\/cs\/#website"},"primaryImageOfPage":{"@id":"https:\/\/dev.domkisauny.pl\/cs\/produkt\/zahradni-virivka-triple-200-x-160-cm\/#primaryimage"},"image":{"@id":"https:\/\/dev.domkisauny.pl\/cs\/produkt\/zahradni-virivka-triple-200-x-160-cm\/#primaryimage"},"thumbnailUrl":"https:\/\/dev.domkisauny.pl\/wp-content\/uploads\/2025\/03\/Jacuzzi-Triple-Second-vis.webp","datePublished":"2025-03-24T12:03:30+00:00","dateModified":"2025-06-27T15:28:32+00:00","breadcrumb":{"@id":"https:\/\/dev.domkisauny.pl\/cs\/produkt\/zahradni-virivka-triple-200-x-160-cm\/#breadcrumb"},"inLanguage":"cs","potentialAction":[{"@type":"ReadAction","target":["https:\/\/dev.domkisauny.pl\/cs\/produkt\/zahradni-virivka-triple-200-x-160-cm\/"]}]},{"@type":"ImageObject","inLanguage":"cs","@id":"https:\/\/dev.domkisauny.pl\/cs\/produkt\/zahradni-virivka-triple-200-x-160-cm\/#primaryimage","url":"https:\/\/dev.domkisauny.pl\/wp-content\/uploads\/2025\/03\/Jacuzzi-Triple-Second-vis.webp","contentUrl":"https:\/\/dev.domkisauny.pl\/wp-content\/uploads\/2025\/03\/Jacuzzi-Triple-Second-vis.webp","width":2000,"height":1600},{"@type":"BreadcrumbList","@id":"https:\/\/dev.domkisauny.pl\/cs\/produkt\/zahradni-virivka-triple-200-x-160-cm\/#breadcrumb","itemListElement":[{"@type":"ListItem","position":1,"name":"A&amp;M","item":"https:\/\/dev.domkisauny.pl\/cs\/"},{"@type":"ListItem","position":2,"name":"Produkty","item":"https:\/\/dev.domkisauny.pl\/produkty\/"},{"@type":"ListItem","position":3,"name":"Jacuzzi","item":"https:\/\/dev.domkisauny.pl\/cs\/kategorie-produktu\/jacuzzi\/"},{"@type":"ListItem","position":4,"name":"Zahradn\u00ed v\u00ed\u0159ivka Triple 200 x 160 cm"}]},{"@type":"WebSite","@id":"https:\/\/dev.domkisauny.pl\/cs\/#website","url":"https:\/\/dev.domkisauny.pl\/cs\/","name":"Chaty, sauny","description":"","publisher":{"@id":"https:\/\/dev.domkisauny.pl\/cs\/#organization"},"potentialAction":[{"@type":"SearchAction","target":{"@type":"EntryPoint","urlTemplate":"https:\/\/dev.domkisauny.pl\/cs\/?s={search_term_string}"},"query-input":{"@type":"PropertyValueSpecification","valueRequired":true,"valueName":"search_term_string"}}],"inLanguage":"cs"},{"@type":"Organization","@id":"https:\/\/dev.domkisauny.pl\/cs\/#organization","name":"Chaty, sauny","url":"https:\/\/dev.domkisauny.pl\/cs\/","logo":{"@type":"ImageObject","inLanguage":"cs","@id":"https:\/\/dev.domkisauny.pl\/cs\/#\/schema\/logo\/image\/","url":"https:\/\/domkisauny.pl\/wp-content\/uploads\/2022\/09\/logo_03.png","contentUrl":"https:\/\/domkisauny.pl\/wp-content\/uploads\/2022\/09\/logo_03.png","width":95,"height":81,"caption":"Chaty, sauny"},"image":{"@id":"https:\/\/dev.domkisauny.pl\/cs\/#\/schema\/logo\/image\/"},"sameAs":["https:\/\/www.facebook.com\/DomkiSauny"]}]}},"_links":{"self":[{"href":"https:\/\/dev.domkisauny.pl\/cs\/wp-json\/wp\/v2\/product\/21893","targetHints":{"allow":["GET"]}}],"collection":[{"href":"https:\/\/dev.domkisauny.pl\/cs\/wp-json\/wp\/v2\/product"}],"about":[{"href":"https:\/\/dev.domkisauny.pl\/cs\/wp-json\/wp\/v2\/types\/product"}],"wp:featuredmedia":[{"embeddable":true,"href":"https:\/\/dev.domkisauny.pl\/cs\/wp-json\/wp\/v2\/media\/20994"}],"wp:attachment":[{"href":"https:\/\/dev.domkisauny.pl\/cs\/wp-json\/wp\/v2\/media?parent=21893"}],"wp:term":[{"taxonomy":"product_brand","embeddable":true,"href":"https:\/\/dev.domkisauny.pl\/cs\/wp-json\/wp\/v2\/product_brand?post=21893"},{"taxonomy":"product_cat","embeddable":true,"href":"https:\/\/dev.domkisauny.pl\/cs\/wp-json\/wp\/v2\/product_cat?post=21893"},{"taxonomy":"product_tag","embeddable":true,"href":"https:\/\/dev.domkisauny.pl\/cs\/wp-json\/wp\/v2\/product_tag?post=21893"}],"curies":[{"name":"wp","href":"https:\/\/api.w.org\/{rel}","templated":true}]}}