{"id":21234,"date":"2025-02-14T14:19:40","date_gmt":"2025-02-14T13:19:40","guid":{"rendered":"https:\/\/domkisauny.pl\/produkt\/domek-drewniany-ada-400-x-400-cm\/"},"modified":"2025-06-13T14:50:18","modified_gmt":"2025-06-13T12:50:18","slug":"dreveny-domek-ada-400-cm-x-400-cm","status":"publish","type":"product","link":"https:\/\/dev.domkisauny.pl\/cs\/produkt\/dreveny-domek-ada-400-cm-x-400-cm\/","title":{"rendered":"D\u0159ev\u011bn\u00fd domek ADA 400cm \u00d7 400cm"},"content":{"rendered":"<h3>PR\u00c9MIOV\u00dd DOMEK 4\u00d74<\/h3>\n<h5>SPECIFIKACE:<\/h5>\n<ul>\n<li><strong>Vn\u011bj\u0161\u00ed rozm\u011bry:<\/strong> 400 cm x 400 cm<\/li>\n<li><strong>Vnit\u0159n\u00ed rozm\u011bry:<\/strong> 370 cm x 370 cm<\/li>\n<li><strong>Vnit\u0159n\u00ed plocha:<\/strong> 13,7 m2<\/li>\n<li><strong>Sedlov\u00e1 st\u0159echa<\/strong> s bedn\u011bn\u00edm<\/li>\n<li><strong>D\u0159evo:<\/strong> p\u0159\u00edrodn\u00ed smrk, \u010dty\u0159strann\u011b hoblovan\u00fd<\/li>\n<li><strong>Vlhkost d\u0159eva:<\/strong> 18 %<\/li>\n<li><strong>V\u00fd\u0161ka st\u011bn:<\/strong> 224 cm<\/li>\n<li><strong>V\u00fd\u0161ka ve \u0161t\u00edtu:<\/strong> 305 cm<\/li>\n<li><strong>Tlou\u0161\u0165ka st\u011bny:<\/strong> 44 mm<\/li>\n<li><strong>Tlou\u0161\u0165ka st\u0159e\u0161n\u00edch desky:<\/strong> 18 mm<\/li>\n<li><strong>Tlou\u0161\u0165ka podlahov\u00e9 desky:<\/strong> 20 mm<\/li>\n<li><strong>Velikost dve\u0159\u00ed:<\/strong> Dvouk\u0159\u00eddl\u00e9 s prosklen\u00edm, 1500 mm x 1900 mm, z\u00e1mek, klika<\/li>\n<li><strong>Rozm\u011bry oken:<\/strong> 850 mm x 1400 mm<\/li>\n<li><strong>Okno<\/strong> s izola\u010dn\u00edm sklem<\/li>\n<li><strong>Plocha st\u0159echy:<\/strong> 18 m2<\/li>\n<li><strong>Hmotnost domku:<\/strong> 1100 kg<\/li>\n<\/ul>\n<p><em>Cena nezahrnuje \u0161indele<\/em><br \/>\n<em>Cena nezahrnuje mont\u00e1\u017e<\/em><br \/>\n<em>Cena nezahrnuje impregnaci<\/em><br \/>\n<em>Impregnace je nutno prov\u00e9st ihned po mont\u00e1\u017ei<\/em><\/p>\n<h6>Mont\u00e1\u017e:<\/h6>\n<p>Mont\u00e1\u017e zahradn\u00edho domku je pom\u011brn\u011b snadn\u00fd \u00fakol. K mont\u00e1\u017ei v\u00fdrobku budete pot\u0159ebovat sadu n\u011bkolika jednoduch\u00fdch n\u00e1stroj\u016f (kladivo, \u0161roubov\u00e1k, ru\u010dn\u00ed pila, \u017eeb\u0159\u00edk) a pomoc druh\u00e9 osoby. V\u0161echny komponenty pot\u0159ebn\u00e9 k\u00a0mont\u00e1\u017ei, v\u010detn\u011b n\u00e1vodu, jsou sou\u010d\u00e1st\u00ed dod\u00e1van\u00e9ho kompletu. V\u0161e je bezpe\u010dn\u011b zabaleno na p\u0159epravn\u00ed palet\u011b.<\/p>\n<h3>D\u0159ev\u011bn\u00e1 chatka 4&#215;4 m \u2013 pohodl\u00ed, p\u0159\u00edroda, funk\u010dnost!<\/h3>\n<p>Sn\u00edte o <strong>vlastn\u00edm \u00fatuln\u00e9m m\u00edst\u011b<\/strong> k odpo\u010dinku <strong>uprost\u0159ed p\u0159\u00edrody?<\/strong> Na\u0161e <strong>d\u0159ev\u011bn\u00e1 chatka o rozm\u011brech 4&#215;4 m<\/strong> je ide\u00e1ln\u00edm \u0159e\u0161en\u00edm pro ka\u017ed\u00e9ho, kdo si cen\u00ed <strong>funk\u010dnosti, estetick\u00e9ho vzhledu<\/strong> a dlouh\u00e9 \u017eivotnosti. Ide\u00e1ln\u00ed jako <strong>rekrea\u010dn\u00ed chatka<\/strong> na pozemku, <strong>pracovn\u00ed prostor, domek pro hosty<\/strong> nebo dokonce<strong> letn\u00ed kancel\u00e1\u0159!<\/strong><\/p>\n<p data-wp-editing=\"1\"><img loading=\"lazy\" decoding=\"async\" class=\"aligncenter wp-image-21001 size-full\" src=\"https:\/\/domkysauny.cz\/wp-content\/uploads\/2025\/02\/Ada-main-vis.webp\" alt=\"\" width=\"2000\" height=\"1600\" srcset=\"https:\/\/dev.domkisauny.pl\/wp-content\/uploads\/2025\/02\/Ada-main-vis.webp 2000w, https:\/\/dev.domkisauny.pl\/wp-content\/uploads\/2025\/02\/Ada-main-vis-300x240.webp 300w, https:\/\/dev.domkisauny.pl\/wp-content\/uploads\/2025\/02\/Ada-main-vis-1024x819.webp 1024w, https:\/\/dev.domkisauny.pl\/wp-content\/uploads\/2025\/02\/Ada-main-vis-768x614.webp 768w, https:\/\/dev.domkisauny.pl\/wp-content\/uploads\/2025\/02\/Ada-main-vis-1536x1229.webp 1536w, https:\/\/dev.domkisauny.pl\/wp-content\/uploads\/2025\/02\/Ada-main-vis-1000x800.webp 1000w\" sizes=\"auto, (max-width: 2000px) 100vw, 2000px\" \/><\/p>\n<h3>Pevn\u00e1 a odoln\u00e1 konstrukce:<\/h3>\n<p><strong>Tlou\u0161\u0165ka tr\u00e1mu: 44 mm<\/strong> \u2013 zaji\u0161\u0165uje odolnost, dokonalou tepelnou izolaci a ochranu proti pov\u011btrnostn\u00edm vliv\u016fm.<br \/>\n<strong>Vnit\u0159n\u00ed rozm\u011bry: 370 cm x 370 cm<\/strong> \u2013 prostorn\u00fd interi\u00e9r umo\u017e\u0148uje pohodln\u00e9 uspo\u0159\u00e1d\u00e1n\u00ed.<br \/>\n<strong>St\u011bny o v\u00fd\u0161ce 224 cm<\/strong> z masivn\u00edho smrkov\u00e9ho d\u0159eva o <strong>tlou\u0161\u0165ce 44 mm<\/strong> poskytuj\u00ed pocit prostornosti a umo\u017e\u0148uj\u00ed pohodln\u00e9 uspo\u0159\u00e1d\u00e1n\u00ed, ani\u017e by se ztratila stabilita a odolnost konstrukce.<\/p>\n<h3>Promy\u0161len\u00e1 funk\u010dnost \u2013 p\u0159izp\u016fsobte domek va\u0161im pot\u0159eb\u00e1m:<\/h3>\n<p>Domek s <strong>plochou 13,7 m\u00b2<\/strong> lze p\u0159izp\u016fsobit pro r\u016fzn\u00e9 \u00fa\u010dely:<br \/>\n<strong>Letn\u00ed ob\u00fdvac\u00ed pokoj<\/strong> \u2013 postav\u00edte si sem pohodlnou pohovku, konferen\u010dn\u00ed stolek a police, \u010d\u00edm\u017e vytvo\u0159\u00edte ide\u00e1ln\u00ed prostor k odpo\u010dinku.<br \/>\n<strong>Pr\u00e1zdninov\u00e1 lo\u017enice<\/strong> \u2013 vejde se sem postel, \u0161atn\u00ed sk\u0159\u00ed\u0148 a komoda, co\u017e zajist\u00ed pohodln\u00e9 podm\u00ednky pro p\u0159enocov\u00e1n\u00ed.<br \/>\n<strong>Letn\u00ed kancel\u00e1\u0159 nebo ateli\u00e9r<\/strong> \u2013 prostor lze za\u0159\u00eddit jako pracovn\u00ed m\u00edsto se stolem, k\u0159eslem a policemi.<br \/>\n<strong>Hobby studio<\/strong> \u2013 ide\u00e1ln\u00ed m\u00edsto, kde se m\u016f\u017eete v\u011bnovat sv\u00fdm kon\u00ed\u010dk\u016f \u2013 malov\u00e1n\u00ed, \u0159emesl\u016fm, pr\u00e1ci se d\u0159evem nebo j\u00f3ze.<br \/>\n<strong>Chata s kuchy\u0148sk\u00fdm koutem<\/strong> \u2013 prostor pro malou kuchy\u0148ku s j\u00eddeln\u00edm koutem poskytuje p\u0159\u00edjemn\u00e9 prost\u0159ed\u00ed pro p\u0159\u00edpravu j\u00eddel.<br \/>\n<strong>\u00dalo\u017en\u00fd prostor pro sportovn\u00ed, volno\u010dasov\u00e9 a zahradn\u00ed vybaven\u00ed<\/strong> \u2013 ide\u00e1ln\u00ed pro uskladn\u011bn\u00ed kol, vodn\u00edho vybaven\u00ed, seka\u010dek nebo jin\u00e9ho zahradn\u00ed n\u00e1\u0159ad\u00ed.<\/p>\n<p><img loading=\"lazy\" decoding=\"async\" class=\"aligncenter wp-image-18758 size-full\" src=\"https:\/\/domkysauny.cz\/wp-content\/uploads\/2025\/02\/domek-4x4-wymiary.jpg\" alt=\"\" width=\"2000\" height=\"1600\" srcset=\"https:\/\/dev.domkisauny.pl\/wp-content\/uploads\/2025\/02\/domek-4x4-wymiary.jpg 2000w, https:\/\/dev.domkisauny.pl\/wp-content\/uploads\/2025\/02\/domek-4x4-wymiary-300x240.jpg 300w, https:\/\/dev.domkisauny.pl\/wp-content\/uploads\/2025\/02\/domek-4x4-wymiary-1024x819.jpg 1024w, https:\/\/dev.domkisauny.pl\/wp-content\/uploads\/2025\/02\/domek-4x4-wymiary-768x614.jpg 768w, https:\/\/dev.domkisauny.pl\/wp-content\/uploads\/2025\/02\/domek-4x4-wymiary-1536x1229.jpg 1536w, https:\/\/dev.domkisauny.pl\/wp-content\/uploads\/2025\/02\/domek-4x4-wymiary-1000x800.jpg 1000w\" sizes=\"auto, (max-width: 2000px) 100vw, 2000px\" \/><\/p>\n<h4>\u00datuln\u00fd interi\u00e9r a spousta sv\u011btla<\/h4>\n<p><strong>Dv\u011b velk\u00e1 okna (850 mm x 1400 mm)<\/strong> propou\u0161t\u011bj\u00ed dostatek p\u0159irozen\u00e9ho sv\u011btla a vytv\u00e1\u0159ej\u00ed sv\u011btl\u00fd a tepl\u00fd interi\u00e9r.<br \/>\n\u0160irok\u00e9 dvouk\u0159\u00eddl\u00e9 <strong>dve\u0159e (1500 mm x 1900 mm)<\/strong> usnad\u0148uj\u00ed p\u0159\u00edchod a odchod.<\/p>\n<p><strong>P\u0159\u00edrodn\u00ed d\u0159evo<\/strong> vytv\u00e1\u0159\u00ed zdrav\u00e9 mikroklima a jeho v\u016fn\u011b poskytuje v\u00fdjime\u010dnou relaxaci.<\/p>\n<p>Chatka se skv\u011ble hod\u00ed do ka\u017ed\u00e9 krajiny \u2013 bude ozdobou pozemku, zahrady nebo okol\u00ed domu. <strong>Kombinuje skv\u011bl\u00e9 pohodl\u00ed s multifunk\u010dnost\u00ed!<\/strong><\/p>\n<p>Nev\u00e1hejte \u2013 objednejte je\u0161t\u011b dnes a vytvo\u0159te si sv\u00e9 vysn\u011bn\u00e9 m\u00edsto k odpo\u010dinku i pr\u00e1ci!<\/p>\n","protected":false},"excerpt":{"rendered":"<p>PR\u00c9MIOV\u00dd DOMEK 4\u00d74 SPECIFIKACE: Vn\u011bj\u0161\u00ed rozm\u011bry: 400 cm x 400 cm Vnit\u0159n\u00ed rozm\u011bry: 370 cm x 370 cm Vnit\u0159n\u00ed plocha:<\/p>\n","protected":false},"featured_media":21002,"template":"","meta":{"_acf_changed":false},"product_brand":[],"product_cat":[79],"product_tag":[],"class_list":{"0":"post-21234","1":"product","2":"type-product","3":"status-publish","4":"has-post-thumbnail","6":"product_cat-chaty","7":"product_shipping_class-wysylka-grupa1-cs","9":"first","10":"instock","11":"shipping-taxable","12":"purchasable","13":"product-type-simple"},"acf":[],"yoast_head":"<!-- This site is optimized with the Yoast SEO plugin v27.4 - https:\/\/yoast.com\/product\/yoast-seo-wordpress\/ -->\n<title>D\u0159ev\u011bn\u00fd domek ADA 400cm \u00d7 400cm | Chaty, sauny<\/title>\n<meta name=\"robots\" content=\"noindex, follow, max-snippet:-1, max-image-preview:large, max-video-preview:-1\" \/>\n<meta property=\"og:locale\" content=\"cs_CZ\" \/>\n<meta property=\"og:type\" content=\"article\" \/>\n<meta property=\"og:title\" content=\"D\u0159ev\u011bn\u00fd domek ADA 400cm \u00d7 400cm | Chaty, sauny\" \/>\n<meta property=\"og:description\" content=\"PR\u00c9MIOV\u00dd DOMEK 4\u00d74 SPECIFIKACE: Vn\u011bj\u0161\u00ed rozm\u011bry: 400 cm x 400 cm Vnit\u0159n\u00ed rozm\u011bry: 370 cm x 370 cm Vnit\u0159n\u00ed plocha:\" \/>\n<meta property=\"og:url\" content=\"https:\/\/dev.domkisauny.pl\/cs\/produkt\/dreveny-domek-ada-400-cm-x-400-cm\/\" \/>\n<meta property=\"og:site_name\" content=\"Chaty, sauny\" \/>\n<meta property=\"article:publisher\" content=\"https:\/\/www.facebook.com\/DomkiSauny\" \/>\n<meta property=\"article:modified_time\" content=\"2025-06-13T12:50:18+00:00\" \/>\n<meta property=\"og:image\" content=\"https:\/\/dev.domkisauny.pl\/wp-content\/uploads\/2025\/02\/Ada-main-vis.webp\" \/>\n\t<meta property=\"og:image:width\" content=\"2000\" \/>\n\t<meta property=\"og:image:height\" content=\"1600\" \/>\n\t<meta property=\"og:image:type\" content=\"image\/webp\" \/>\n<meta name=\"twitter:card\" content=\"summary_large_image\" \/>\n<meta name=\"twitter:label1\" content=\"Odhadovan\u00e1 doba \u010dten\u00ed\" \/>\n\t<meta name=\"twitter:data1\" content=\"4 minuty\" \/>\n<script type=\"application\/ld+json\" class=\"yoast-schema-graph\">{\"@context\":\"https:\\\/\\\/schema.org\",\"@graph\":[{\"@type\":\"WebPage\",\"@id\":\"https:\\\/\\\/dev.domkisauny.pl\\\/cs\\\/produkt\\\/dreveny-domek-ada-400-cm-x-400-cm\\\/\",\"url\":\"https:\\\/\\\/dev.domkisauny.pl\\\/cs\\\/produkt\\\/dreveny-domek-ada-400-cm-x-400-cm\\\/\",\"name\":\"D\u0159ev\u011bn\u00fd domek ADA 400cm \u00d7 400cm | Chaty, sauny\",\"isPartOf\":{\"@id\":\"https:\\\/\\\/dev.domkisauny.pl\\\/cs\\\/#website\"},\"primaryImageOfPage\":{\"@id\":\"https:\\\/\\\/dev.domkisauny.pl\\\/cs\\\/produkt\\\/dreveny-domek-ada-400-cm-x-400-cm\\\/#primaryimage\"},\"image\":{\"@id\":\"https:\\\/\\\/dev.domkisauny.pl\\\/cs\\\/produkt\\\/dreveny-domek-ada-400-cm-x-400-cm\\\/#primaryimage\"},\"thumbnailUrl\":\"https:\\\/\\\/dev.domkisauny.pl\\\/wp-content\\\/uploads\\\/2025\\\/02\\\/Ada-main-vis.webp\",\"datePublished\":\"2025-02-14T13:19:40+00:00\",\"dateModified\":\"2025-06-13T12:50:18+00:00\",\"breadcrumb\":{\"@id\":\"https:\\\/\\\/dev.domkisauny.pl\\\/cs\\\/produkt\\\/dreveny-domek-ada-400-cm-x-400-cm\\\/#breadcrumb\"},\"inLanguage\":\"cs\",\"potentialAction\":[{\"@type\":\"ReadAction\",\"target\":[\"https:\\\/\\\/dev.domkisauny.pl\\\/cs\\\/produkt\\\/dreveny-domek-ada-400-cm-x-400-cm\\\/\"]}]},{\"@type\":\"ImageObject\",\"inLanguage\":\"cs\",\"@id\":\"https:\\\/\\\/dev.domkisauny.pl\\\/cs\\\/produkt\\\/dreveny-domek-ada-400-cm-x-400-cm\\\/#primaryimage\",\"url\":\"https:\\\/\\\/dev.domkisauny.pl\\\/wp-content\\\/uploads\\\/2025\\\/02\\\/Ada-main-vis.webp\",\"contentUrl\":\"https:\\\/\\\/dev.domkisauny.pl\\\/wp-content\\\/uploads\\\/2025\\\/02\\\/Ada-main-vis.webp\",\"width\":2000,\"height\":1600},{\"@type\":\"BreadcrumbList\",\"@id\":\"https:\\\/\\\/dev.domkisauny.pl\\\/cs\\\/produkt\\\/dreveny-domek-ada-400-cm-x-400-cm\\\/#breadcrumb\",\"itemListElement\":[{\"@type\":\"ListItem\",\"position\":1,\"name\":\"A&amp;M\",\"item\":\"https:\\\/\\\/dev.domkisauny.pl\\\/cs\\\/\"},{\"@type\":\"ListItem\",\"position\":2,\"name\":\"Produkty\",\"item\":\"https:\\\/\\\/dev.domkisauny.pl\\\/produkty\\\/\"},{\"@type\":\"ListItem\",\"position\":3,\"name\":\"Domy\",\"item\":\"https:\\\/\\\/dev.domkisauny.pl\\\/cs\\\/kategorie-produktu\\\/domy-cs\\\/\"},{\"@type\":\"ListItem\",\"position\":4,\"name\":\"Chaty\",\"item\":\"https:\\\/\\\/dev.domkisauny.pl\\\/cs\\\/kategorie-produktu\\\/domy-cs\\\/chaty\\\/\"},{\"@type\":\"ListItem\",\"position\":5,\"name\":\"D\u0159ev\u011bn\u00fd domek ADA 400cm \u00d7 400cm\"}]},{\"@type\":\"WebSite\",\"@id\":\"https:\\\/\\\/dev.domkisauny.pl\\\/cs\\\/#website\",\"url\":\"https:\\\/\\\/dev.domkisauny.pl\\\/cs\\\/\",\"name\":\"Chaty, sauny\",\"description\":\"\",\"publisher\":{\"@id\":\"https:\\\/\\\/dev.domkisauny.pl\\\/cs\\\/#organization\"},\"potentialAction\":[{\"@type\":\"SearchAction\",\"target\":{\"@type\":\"EntryPoint\",\"urlTemplate\":\"https:\\\/\\\/dev.domkisauny.pl\\\/cs\\\/?s={search_term_string}\"},\"query-input\":{\"@type\":\"PropertyValueSpecification\",\"valueRequired\":true,\"valueName\":\"search_term_string\"}}],\"inLanguage\":\"cs\"},{\"@type\":\"Organization\",\"@id\":\"https:\\\/\\\/dev.domkisauny.pl\\\/cs\\\/#organization\",\"name\":\"Chaty, sauny\",\"url\":\"https:\\\/\\\/dev.domkisauny.pl\\\/cs\\\/\",\"logo\":{\"@type\":\"ImageObject\",\"inLanguage\":\"cs\",\"@id\":\"https:\\\/\\\/dev.domkisauny.pl\\\/cs\\\/#\\\/schema\\\/logo\\\/image\\\/\",\"url\":\"https:\\\/\\\/domkisauny.pl\\\/wp-content\\\/uploads\\\/2022\\\/09\\\/logo_03.png\",\"contentUrl\":\"https:\\\/\\\/domkisauny.pl\\\/wp-content\\\/uploads\\\/2022\\\/09\\\/logo_03.png\",\"width\":95,\"height\":81,\"caption\":\"Chaty, sauny\"},\"image\":{\"@id\":\"https:\\\/\\\/dev.domkisauny.pl\\\/cs\\\/#\\\/schema\\\/logo\\\/image\\\/\"},\"sameAs\":[\"https:\\\/\\\/www.facebook.com\\\/DomkiSauny\"]}]}<\/script>\n<!-- \/ Yoast SEO plugin. -->","yoast_head_json":{"title":"D\u0159ev\u011bn\u00fd domek ADA 400cm \u00d7 400cm | Chaty, sauny","robots":{"index":"noindex","follow":"follow","max-snippet":"max-snippet:-1","max-image-preview":"max-image-preview:large","max-video-preview":"max-video-preview:-1"},"og_locale":"cs_CZ","og_type":"article","og_title":"D\u0159ev\u011bn\u00fd domek ADA 400cm \u00d7 400cm | Chaty, sauny","og_description":"PR\u00c9MIOV\u00dd DOMEK 4\u00d74 SPECIFIKACE: Vn\u011bj\u0161\u00ed rozm\u011bry: 400 cm x 400 cm Vnit\u0159n\u00ed rozm\u011bry: 370 cm x 370 cm Vnit\u0159n\u00ed plocha:","og_url":"https:\/\/dev.domkisauny.pl\/cs\/produkt\/dreveny-domek-ada-400-cm-x-400-cm\/","og_site_name":"Chaty, sauny","article_publisher":"https:\/\/www.facebook.com\/DomkiSauny","article_modified_time":"2025-06-13T12:50:18+00:00","og_image":[{"width":2000,"height":1600,"url":"https:\/\/dev.domkisauny.pl\/wp-content\/uploads\/2025\/02\/Ada-main-vis.webp","type":"image\/webp"}],"twitter_card":"summary_large_image","twitter_misc":{"Odhadovan\u00e1 doba \u010dten\u00ed":"4 minuty"},"schema":{"@context":"https:\/\/schema.org","@graph":[{"@type":"WebPage","@id":"https:\/\/dev.domkisauny.pl\/cs\/produkt\/dreveny-domek-ada-400-cm-x-400-cm\/","url":"https:\/\/dev.domkisauny.pl\/cs\/produkt\/dreveny-domek-ada-400-cm-x-400-cm\/","name":"D\u0159ev\u011bn\u00fd domek ADA 400cm \u00d7 400cm | Chaty, sauny","isPartOf":{"@id":"https:\/\/dev.domkisauny.pl\/cs\/#website"},"primaryImageOfPage":{"@id":"https:\/\/dev.domkisauny.pl\/cs\/produkt\/dreveny-domek-ada-400-cm-x-400-cm\/#primaryimage"},"image":{"@id":"https:\/\/dev.domkisauny.pl\/cs\/produkt\/dreveny-domek-ada-400-cm-x-400-cm\/#primaryimage"},"thumbnailUrl":"https:\/\/dev.domkisauny.pl\/wp-content\/uploads\/2025\/02\/Ada-main-vis.webp","datePublished":"2025-02-14T13:19:40+00:00","dateModified":"2025-06-13T12:50:18+00:00","breadcrumb":{"@id":"https:\/\/dev.domkisauny.pl\/cs\/produkt\/dreveny-domek-ada-400-cm-x-400-cm\/#breadcrumb"},"inLanguage":"cs","potentialAction":[{"@type":"ReadAction","target":["https:\/\/dev.domkisauny.pl\/cs\/produkt\/dreveny-domek-ada-400-cm-x-400-cm\/"]}]},{"@type":"ImageObject","inLanguage":"cs","@id":"https:\/\/dev.domkisauny.pl\/cs\/produkt\/dreveny-domek-ada-400-cm-x-400-cm\/#primaryimage","url":"https:\/\/dev.domkisauny.pl\/wp-content\/uploads\/2025\/02\/Ada-main-vis.webp","contentUrl":"https:\/\/dev.domkisauny.pl\/wp-content\/uploads\/2025\/02\/Ada-main-vis.webp","width":2000,"height":1600},{"@type":"BreadcrumbList","@id":"https:\/\/dev.domkisauny.pl\/cs\/produkt\/dreveny-domek-ada-400-cm-x-400-cm\/#breadcrumb","itemListElement":[{"@type":"ListItem","position":1,"name":"A&amp;M","item":"https:\/\/dev.domkisauny.pl\/cs\/"},{"@type":"ListItem","position":2,"name":"Produkty","item":"https:\/\/dev.domkisauny.pl\/produkty\/"},{"@type":"ListItem","position":3,"name":"Domy","item":"https:\/\/dev.domkisauny.pl\/cs\/kategorie-produktu\/domy-cs\/"},{"@type":"ListItem","position":4,"name":"Chaty","item":"https:\/\/dev.domkisauny.pl\/cs\/kategorie-produktu\/domy-cs\/chaty\/"},{"@type":"ListItem","position":5,"name":"D\u0159ev\u011bn\u00fd domek ADA 400cm \u00d7 400cm"}]},{"@type":"WebSite","@id":"https:\/\/dev.domkisauny.pl\/cs\/#website","url":"https:\/\/dev.domkisauny.pl\/cs\/","name":"Chaty, sauny","description":"","publisher":{"@id":"https:\/\/dev.domkisauny.pl\/cs\/#organization"},"potentialAction":[{"@type":"SearchAction","target":{"@type":"EntryPoint","urlTemplate":"https:\/\/dev.domkisauny.pl\/cs\/?s={search_term_string}"},"query-input":{"@type":"PropertyValueSpecification","valueRequired":true,"valueName":"search_term_string"}}],"inLanguage":"cs"},{"@type":"Organization","@id":"https:\/\/dev.domkisauny.pl\/cs\/#organization","name":"Chaty, sauny","url":"https:\/\/dev.domkisauny.pl\/cs\/","logo":{"@type":"ImageObject","inLanguage":"cs","@id":"https:\/\/dev.domkisauny.pl\/cs\/#\/schema\/logo\/image\/","url":"https:\/\/domkisauny.pl\/wp-content\/uploads\/2022\/09\/logo_03.png","contentUrl":"https:\/\/domkisauny.pl\/wp-content\/uploads\/2022\/09\/logo_03.png","width":95,"height":81,"caption":"Chaty, sauny"},"image":{"@id":"https:\/\/dev.domkisauny.pl\/cs\/#\/schema\/logo\/image\/"},"sameAs":["https:\/\/www.facebook.com\/DomkiSauny"]}]}},"_links":{"self":[{"href":"https:\/\/dev.domkisauny.pl\/cs\/wp-json\/wp\/v2\/product\/21234","targetHints":{"allow":["GET"]}}],"collection":[{"href":"https:\/\/dev.domkisauny.pl\/cs\/wp-json\/wp\/v2\/product"}],"about":[{"href":"https:\/\/dev.domkisauny.pl\/cs\/wp-json\/wp\/v2\/types\/product"}],"wp:featuredmedia":[{"embeddable":true,"href":"https:\/\/dev.domkisauny.pl\/cs\/wp-json\/wp\/v2\/media\/21002"}],"wp:attachment":[{"href":"https:\/\/dev.domkisauny.pl\/cs\/wp-json\/wp\/v2\/media?parent=21234"}],"wp:term":[{"taxonomy":"product_brand","embeddable":true,"href":"https:\/\/dev.domkisauny.pl\/cs\/wp-json\/wp\/v2\/product_brand?post=21234"},{"taxonomy":"product_cat","embeddable":true,"href":"https:\/\/dev.domkisauny.pl\/cs\/wp-json\/wp\/v2\/product_cat?post=21234"},{"taxonomy":"product_tag","embeddable":true,"href":"https:\/\/dev.domkisauny.pl\/cs\/wp-json\/wp\/v2\/product_tag?post=21234"}],"curies":[{"name":"wp","href":"https:\/\/api.w.org\/{rel}","templated":true}]}}