{"id":19965,"date":"2025-02-14T13:40:54","date_gmt":"2025-02-14T12:40:54","guid":{"rendered":"https:\/\/domkisauny.pl\/produkt\/domek-drewniany-300-x-200-cm\/"},"modified":"2025-06-13T11:00:51","modified_gmt":"2025-06-13T09:00:51","slug":"dreveny-domek-300-x-200-cm","status":"publish","type":"product","link":"https:\/\/dev.domkisauny.pl\/cs\/produkt\/dreveny-domek-300-x-200-cm\/","title":{"rendered":"D\u0159ev\u011bn\u00fd domek BEN 300cm \u00d7 200cm"},"content":{"rendered":"<h3>3X2 DOMEK<\/h3>\n<p><strong>D\u0159ev\u011bn\u00e9 zahradn\u00ed domky<\/strong> p\u0159edstavuj\u00ed skv\u011blou volbu pro atraktivn\u00ed stavbu, vyrobenou s <strong>mimo\u0159\u00e1dnou pe\u010dlivost\u00ed a d\u016frazem na detaily<\/strong>, kter\u00e1 m\u016f\u017ee plnit mnoho funkc\u00ed.<\/p>\n<p><a href=\"https:\/\/domkysauny.cz\/wp-content\/uploads\/2025\/02\/3x2-wizualizacja.jpg\"><img loading=\"lazy\" decoding=\"async\" class=\"aligncenter wp-image-19947 size-full\" src=\"https:\/\/domkysauny.cz\/wp-content\/uploads\/2025\/02\/3x2-wizualizacja.jpg\" alt=\"\" width=\"2000\" height=\"1600\" srcset=\"https:\/\/dev.domkisauny.pl\/wp-content\/uploads\/2025\/02\/3x2-wizualizacja.jpg 2000w, https:\/\/dev.domkisauny.pl\/wp-content\/uploads\/2025\/02\/3x2-wizualizacja-300x240.jpg 300w, https:\/\/dev.domkisauny.pl\/wp-content\/uploads\/2025\/02\/3x2-wizualizacja-1024x819.jpg 1024w, https:\/\/dev.domkisauny.pl\/wp-content\/uploads\/2025\/02\/3x2-wizualizacja-768x614.jpg 768w, https:\/\/dev.domkisauny.pl\/wp-content\/uploads\/2025\/02\/3x2-wizualizacja-1536x1229.jpg 1536w, https:\/\/dev.domkisauny.pl\/wp-content\/uploads\/2025\/02\/3x2-wizualizacja-1000x800.jpg 1000w\" sizes=\"auto, (max-width: 2000px) 100vw, 2000px\" \/><\/a><\/p>\n<p>Jednopodla\u017en\u00ed d\u0159ev\u011bn\u00fd zahradn\u00ed domek je nejen funk\u010dn\u00ed, ale je to tak\u00e9 velmi zaj\u00edmav\u00e1 ozdoba ka\u017ed\u00e9ho pozemku.<\/p>\n<ul>\n<li><strong>Vn\u011bj\u0161\u00ed rozm\u011bry:<\/strong> 3 m x 2 m<\/li>\n<li><strong>Sedlov\u00e1 st\u0159echa<\/strong> s bedn\u011bn\u00edm<\/li>\n<li><strong>D\u0159evo:<\/strong> p\u0159\u00edrodn\u00ed smrk, \u010dty\u0159strann\u011b hoblovan\u00fd<\/li>\n<li><strong>vlhkost d\u0159eva:<\/strong> 18 %<\/li>\n<li><strong>v\u00fd\u0161ka st\u011bny:<\/strong> 2,07 m<\/li>\n<li><strong>tlou\u0161\u0165ka desky ve st\u011bn\u011b:<\/strong> 34 mm<\/li>\n<li><strong>tlou\u0161\u0165ka st\u0159e\u0161n\u00ed desky:<\/strong> 18 mm<\/li>\n<li><strong>dvouk\u0159\u00eddl\u00e9 dve\u0159e<\/strong> s prosklen\u00edm, z\u00e1mkem a klikou<\/li>\n<li><strong>rozm\u011br dve\u0159\u00ed:<\/strong> 725 mm x 1800 mm x 2 ks<\/li>\n<li><strong>hmotnost domku:<\/strong> 400 kg<\/li>\n<\/ul>\n<p>Cena nezahrnuje \u0161indele<br \/>\nCena nezahrnuje mont\u00e1\u017e<br \/>\nCena nezahrnuje impregnaci<br \/>\nImpregnace je nutno prov\u00e9st ihned po mont\u00e1\u017ei<\/p>\n<p><img loading=\"lazy\" decoding=\"async\" class=\"aligncenter wp-image-20512 size-full\" src=\"https:\/\/domkysauny.sk\/wp-content\/uploads\/2025\/02\/domek-300-x-200-wymiary.jpg\" alt=\"\" width=\"2000\" height=\"1600\" srcset=\"https:\/\/dev.domkisauny.pl\/wp-content\/uploads\/2025\/02\/domek-300-x-200-wymiary.jpg 2000w, https:\/\/dev.domkisauny.pl\/wp-content\/uploads\/2025\/02\/domek-300-x-200-wymiary-300x240.jpg 300w, https:\/\/dev.domkisauny.pl\/wp-content\/uploads\/2025\/02\/domek-300-x-200-wymiary-1024x819.jpg 1024w, https:\/\/dev.domkisauny.pl\/wp-content\/uploads\/2025\/02\/domek-300-x-200-wymiary-768x614.jpg 768w, https:\/\/dev.domkisauny.pl\/wp-content\/uploads\/2025\/02\/domek-300-x-200-wymiary-1536x1229.jpg 1536w, https:\/\/dev.domkisauny.pl\/wp-content\/uploads\/2025\/02\/domek-300-x-200-wymiary-1000x800.jpg 1000w\" sizes=\"auto, (max-width: 2000px) 100vw, 2000px\" \/><\/p>\n<p><strong>Mont\u00e1\u017e zahradn\u00edho domku je pom\u011brn\u011b snadn\u00fd \u00fakol.<\/strong> K mont\u00e1\u017ei v\u00fdrobku budete pot\u0159ebovat sadu n\u011bkolika jednoduch\u00fdch n\u00e1stroj\u016f (kladivo, \u0161roubov\u00e1k, ru\u010dn\u00ed pila, \u017eeb\u0159\u00edk) a pomoc druh\u00e9 osoby. V\u0161echny komponenty pot\u0159ebn\u00e9 k\u00a0mont\u00e1\u017ei, v\u010detn\u011b n\u00e1vodu, jsou sou\u010d\u00e1st\u00ed dod\u00e1van\u00e9ho kompletu. V\u0161e je bezpe\u010dn\u011b zabaleno na p\u0159epravn\u00ed palet\u011b.<\/p>\n","protected":false},"excerpt":{"rendered":"<p>3X2 DOMEK D\u0159ev\u011bn\u00e9 zahradn\u00ed domky p\u0159edstavuj\u00ed skv\u011blou volbu pro atraktivn\u00ed stavbu, vyrobenou s mimo\u0159\u00e1dnou pe\u010dlivost\u00ed a d\u016frazem na detaily, kter\u00e1<\/p>\n","protected":false},"featured_media":19948,"template":"","meta":{"_acf_changed":false},"product_brand":[],"product_cat":[79],"product_tag":[],"class_list":{"0":"post-19965","1":"product","2":"type-product","3":"status-publish","4":"has-post-thumbnail","6":"product_cat-chaty","7":"product_shipping_class-wysylka-grupa1-cs","9":"first","10":"instock","11":"shipping-taxable","12":"purchasable","13":"product-type-simple"},"acf":[],"yoast_head":"<!-- This site is optimized with the Yoast SEO plugin v27.4 - https:\/\/yoast.com\/product\/yoast-seo-wordpress\/ -->\n<title>D\u0159ev\u011bn\u00fd domek BEN 300cm \u00d7 200cm | Chaty, sauny<\/title>\n<meta name=\"robots\" content=\"noindex, follow, max-snippet:-1, max-image-preview:large, max-video-preview:-1\" \/>\n<meta property=\"og:locale\" content=\"cs_CZ\" \/>\n<meta property=\"og:type\" content=\"article\" \/>\n<meta property=\"og:title\" content=\"D\u0159ev\u011bn\u00fd domek BEN 300cm \u00d7 200cm | Chaty, sauny\" \/>\n<meta property=\"og:description\" content=\"3X2 DOMEK D\u0159ev\u011bn\u00e9 zahradn\u00ed domky p\u0159edstavuj\u00ed skv\u011blou volbu pro atraktivn\u00ed stavbu, vyrobenou s mimo\u0159\u00e1dnou pe\u010dlivost\u00ed a d\u016frazem na detaily, kter\u00e1\" \/>\n<meta property=\"og:url\" content=\"https:\/\/dev.domkisauny.pl\/cs\/produkt\/dreveny-domek-300-x-200-cm\/\" \/>\n<meta property=\"og:site_name\" content=\"Chaty, sauny\" \/>\n<meta property=\"article:publisher\" content=\"https:\/\/www.facebook.com\/DomkiSauny\" \/>\n<meta property=\"article:modified_time\" content=\"2025-06-13T09:00:51+00:00\" \/>\n<meta property=\"og:image\" content=\"https:\/\/dev.domkisauny.pl\/wp-content\/uploads\/2025\/02\/3x2-wizualizacja-1024x819.jpg\" \/>\n\t<meta property=\"og:image:width\" content=\"1024\" \/>\n\t<meta property=\"og:image:height\" content=\"819\" \/>\n\t<meta property=\"og:image:type\" content=\"image\/jpeg\" \/>\n<meta name=\"twitter:card\" content=\"summary_large_image\" \/>\n<meta name=\"twitter:label1\" content=\"Odhadovan\u00e1 doba \u010dten\u00ed\" \/>\n\t<meta name=\"twitter:data1\" content=\"2 minuty\" \/>\n<script type=\"application\/ld+json\" class=\"yoast-schema-graph\">{\"@context\":\"https:\\\/\\\/schema.org\",\"@graph\":[{\"@type\":\"WebPage\",\"@id\":\"https:\\\/\\\/dev.domkisauny.pl\\\/cs\\\/produkt\\\/dreveny-domek-300-x-200-cm\\\/\",\"url\":\"https:\\\/\\\/dev.domkisauny.pl\\\/cs\\\/produkt\\\/dreveny-domek-300-x-200-cm\\\/\",\"name\":\"D\u0159ev\u011bn\u00fd domek BEN 300cm \u00d7 200cm | Chaty, sauny\",\"isPartOf\":{\"@id\":\"https:\\\/\\\/dev.domkisauny.pl\\\/cs\\\/#website\"},\"primaryImageOfPage\":{\"@id\":\"https:\\\/\\\/dev.domkisauny.pl\\\/cs\\\/produkt\\\/dreveny-domek-300-x-200-cm\\\/#primaryimage\"},\"image\":{\"@id\":\"https:\\\/\\\/dev.domkisauny.pl\\\/cs\\\/produkt\\\/dreveny-domek-300-x-200-cm\\\/#primaryimage\"},\"thumbnailUrl\":\"https:\\\/\\\/dev.domkisauny.pl\\\/wp-content\\\/uploads\\\/2025\\\/02\\\/3x2-wizualizacja.jpg\",\"datePublished\":\"2025-02-14T12:40:54+00:00\",\"dateModified\":\"2025-06-13T09:00:51+00:00\",\"breadcrumb\":{\"@id\":\"https:\\\/\\\/dev.domkisauny.pl\\\/cs\\\/produkt\\\/dreveny-domek-300-x-200-cm\\\/#breadcrumb\"},\"inLanguage\":\"cs\",\"potentialAction\":[{\"@type\":\"ReadAction\",\"target\":[\"https:\\\/\\\/dev.domkisauny.pl\\\/cs\\\/produkt\\\/dreveny-domek-300-x-200-cm\\\/\"]}]},{\"@type\":\"ImageObject\",\"inLanguage\":\"cs\",\"@id\":\"https:\\\/\\\/dev.domkisauny.pl\\\/cs\\\/produkt\\\/dreveny-domek-300-x-200-cm\\\/#primaryimage\",\"url\":\"https:\\\/\\\/dev.domkisauny.pl\\\/wp-content\\\/uploads\\\/2025\\\/02\\\/3x2-wizualizacja.jpg\",\"contentUrl\":\"https:\\\/\\\/dev.domkisauny.pl\\\/wp-content\\\/uploads\\\/2025\\\/02\\\/3x2-wizualizacja.jpg\",\"width\":2000,\"height\":1600},{\"@type\":\"BreadcrumbList\",\"@id\":\"https:\\\/\\\/dev.domkisauny.pl\\\/cs\\\/produkt\\\/dreveny-domek-300-x-200-cm\\\/#breadcrumb\",\"itemListElement\":[{\"@type\":\"ListItem\",\"position\":1,\"name\":\"A&amp;M\",\"item\":\"https:\\\/\\\/dev.domkisauny.pl\\\/cs\\\/\"},{\"@type\":\"ListItem\",\"position\":2,\"name\":\"Produkty\",\"item\":\"https:\\\/\\\/dev.domkisauny.pl\\\/produkty\\\/\"},{\"@type\":\"ListItem\",\"position\":3,\"name\":\"Domy\",\"item\":\"https:\\\/\\\/dev.domkisauny.pl\\\/cs\\\/kategorie-produktu\\\/domy-cs\\\/\"},{\"@type\":\"ListItem\",\"position\":4,\"name\":\"Chaty\",\"item\":\"https:\\\/\\\/dev.domkisauny.pl\\\/cs\\\/kategorie-produktu\\\/domy-cs\\\/chaty\\\/\"},{\"@type\":\"ListItem\",\"position\":5,\"name\":\"D\u0159ev\u011bn\u00fd domek BEN 300cm \u00d7 200cm\"}]},{\"@type\":\"WebSite\",\"@id\":\"https:\\\/\\\/dev.domkisauny.pl\\\/cs\\\/#website\",\"url\":\"https:\\\/\\\/dev.domkisauny.pl\\\/cs\\\/\",\"name\":\"Chaty, sauny\",\"description\":\"\",\"publisher\":{\"@id\":\"https:\\\/\\\/dev.domkisauny.pl\\\/cs\\\/#organization\"},\"potentialAction\":[{\"@type\":\"SearchAction\",\"target\":{\"@type\":\"EntryPoint\",\"urlTemplate\":\"https:\\\/\\\/dev.domkisauny.pl\\\/cs\\\/?s={search_term_string}\"},\"query-input\":{\"@type\":\"PropertyValueSpecification\",\"valueRequired\":true,\"valueName\":\"search_term_string\"}}],\"inLanguage\":\"cs\"},{\"@type\":\"Organization\",\"@id\":\"https:\\\/\\\/dev.domkisauny.pl\\\/cs\\\/#organization\",\"name\":\"Chaty, sauny\",\"url\":\"https:\\\/\\\/dev.domkisauny.pl\\\/cs\\\/\",\"logo\":{\"@type\":\"ImageObject\",\"inLanguage\":\"cs\",\"@id\":\"https:\\\/\\\/dev.domkisauny.pl\\\/cs\\\/#\\\/schema\\\/logo\\\/image\\\/\",\"url\":\"https:\\\/\\\/domkisauny.pl\\\/wp-content\\\/uploads\\\/2022\\\/09\\\/logo_03.png\",\"contentUrl\":\"https:\\\/\\\/domkisauny.pl\\\/wp-content\\\/uploads\\\/2022\\\/09\\\/logo_03.png\",\"width\":95,\"height\":81,\"caption\":\"Chaty, sauny\"},\"image\":{\"@id\":\"https:\\\/\\\/dev.domkisauny.pl\\\/cs\\\/#\\\/schema\\\/logo\\\/image\\\/\"},\"sameAs\":[\"https:\\\/\\\/www.facebook.com\\\/DomkiSauny\"]}]}<\/script>\n<!-- \/ Yoast SEO plugin. -->","yoast_head_json":{"title":"D\u0159ev\u011bn\u00fd domek BEN 300cm \u00d7 200cm | Chaty, sauny","robots":{"index":"noindex","follow":"follow","max-snippet":"max-snippet:-1","max-image-preview":"max-image-preview:large","max-video-preview":"max-video-preview:-1"},"og_locale":"cs_CZ","og_type":"article","og_title":"D\u0159ev\u011bn\u00fd domek BEN 300cm \u00d7 200cm | Chaty, sauny","og_description":"3X2 DOMEK D\u0159ev\u011bn\u00e9 zahradn\u00ed domky p\u0159edstavuj\u00ed skv\u011blou volbu pro atraktivn\u00ed stavbu, vyrobenou s mimo\u0159\u00e1dnou pe\u010dlivost\u00ed a d\u016frazem na detaily, kter\u00e1","og_url":"https:\/\/dev.domkisauny.pl\/cs\/produkt\/dreveny-domek-300-x-200-cm\/","og_site_name":"Chaty, sauny","article_publisher":"https:\/\/www.facebook.com\/DomkiSauny","article_modified_time":"2025-06-13T09:00:51+00:00","og_image":[{"width":1024,"height":819,"url":"https:\/\/dev.domkisauny.pl\/wp-content\/uploads\/2025\/02\/3x2-wizualizacja-1024x819.jpg","type":"image\/jpeg"}],"twitter_card":"summary_large_image","twitter_misc":{"Odhadovan\u00e1 doba \u010dten\u00ed":"2 minuty"},"schema":{"@context":"https:\/\/schema.org","@graph":[{"@type":"WebPage","@id":"https:\/\/dev.domkisauny.pl\/cs\/produkt\/dreveny-domek-300-x-200-cm\/","url":"https:\/\/dev.domkisauny.pl\/cs\/produkt\/dreveny-domek-300-x-200-cm\/","name":"D\u0159ev\u011bn\u00fd domek BEN 300cm \u00d7 200cm | Chaty, sauny","isPartOf":{"@id":"https:\/\/dev.domkisauny.pl\/cs\/#website"},"primaryImageOfPage":{"@id":"https:\/\/dev.domkisauny.pl\/cs\/produkt\/dreveny-domek-300-x-200-cm\/#primaryimage"},"image":{"@id":"https:\/\/dev.domkisauny.pl\/cs\/produkt\/dreveny-domek-300-x-200-cm\/#primaryimage"},"thumbnailUrl":"https:\/\/dev.domkisauny.pl\/wp-content\/uploads\/2025\/02\/3x2-wizualizacja.jpg","datePublished":"2025-02-14T12:40:54+00:00","dateModified":"2025-06-13T09:00:51+00:00","breadcrumb":{"@id":"https:\/\/dev.domkisauny.pl\/cs\/produkt\/dreveny-domek-300-x-200-cm\/#breadcrumb"},"inLanguage":"cs","potentialAction":[{"@type":"ReadAction","target":["https:\/\/dev.domkisauny.pl\/cs\/produkt\/dreveny-domek-300-x-200-cm\/"]}]},{"@type":"ImageObject","inLanguage":"cs","@id":"https:\/\/dev.domkisauny.pl\/cs\/produkt\/dreveny-domek-300-x-200-cm\/#primaryimage","url":"https:\/\/dev.domkisauny.pl\/wp-content\/uploads\/2025\/02\/3x2-wizualizacja.jpg","contentUrl":"https:\/\/dev.domkisauny.pl\/wp-content\/uploads\/2025\/02\/3x2-wizualizacja.jpg","width":2000,"height":1600},{"@type":"BreadcrumbList","@id":"https:\/\/dev.domkisauny.pl\/cs\/produkt\/dreveny-domek-300-x-200-cm\/#breadcrumb","itemListElement":[{"@type":"ListItem","position":1,"name":"A&amp;M","item":"https:\/\/dev.domkisauny.pl\/cs\/"},{"@type":"ListItem","position":2,"name":"Produkty","item":"https:\/\/dev.domkisauny.pl\/produkty\/"},{"@type":"ListItem","position":3,"name":"Domy","item":"https:\/\/dev.domkisauny.pl\/cs\/kategorie-produktu\/domy-cs\/"},{"@type":"ListItem","position":4,"name":"Chaty","item":"https:\/\/dev.domkisauny.pl\/cs\/kategorie-produktu\/domy-cs\/chaty\/"},{"@type":"ListItem","position":5,"name":"D\u0159ev\u011bn\u00fd domek BEN 300cm \u00d7 200cm"}]},{"@type":"WebSite","@id":"https:\/\/dev.domkisauny.pl\/cs\/#website","url":"https:\/\/dev.domkisauny.pl\/cs\/","name":"Chaty, sauny","description":"","publisher":{"@id":"https:\/\/dev.domkisauny.pl\/cs\/#organization"},"potentialAction":[{"@type":"SearchAction","target":{"@type":"EntryPoint","urlTemplate":"https:\/\/dev.domkisauny.pl\/cs\/?s={search_term_string}"},"query-input":{"@type":"PropertyValueSpecification","valueRequired":true,"valueName":"search_term_string"}}],"inLanguage":"cs"},{"@type":"Organization","@id":"https:\/\/dev.domkisauny.pl\/cs\/#organization","name":"Chaty, sauny","url":"https:\/\/dev.domkisauny.pl\/cs\/","logo":{"@type":"ImageObject","inLanguage":"cs","@id":"https:\/\/dev.domkisauny.pl\/cs\/#\/schema\/logo\/image\/","url":"https:\/\/domkisauny.pl\/wp-content\/uploads\/2022\/09\/logo_03.png","contentUrl":"https:\/\/domkisauny.pl\/wp-content\/uploads\/2022\/09\/logo_03.png","width":95,"height":81,"caption":"Chaty, sauny"},"image":{"@id":"https:\/\/dev.domkisauny.pl\/cs\/#\/schema\/logo\/image\/"},"sameAs":["https:\/\/www.facebook.com\/DomkiSauny"]}]}},"_links":{"self":[{"href":"https:\/\/dev.domkisauny.pl\/cs\/wp-json\/wp\/v2\/product\/19965","targetHints":{"allow":["GET"]}}],"collection":[{"href":"https:\/\/dev.domkisauny.pl\/cs\/wp-json\/wp\/v2\/product"}],"about":[{"href":"https:\/\/dev.domkisauny.pl\/cs\/wp-json\/wp\/v2\/types\/product"}],"wp:featuredmedia":[{"embeddable":true,"href":"https:\/\/dev.domkisauny.pl\/cs\/wp-json\/wp\/v2\/media\/19948"}],"wp:attachment":[{"href":"https:\/\/dev.domkisauny.pl\/cs\/wp-json\/wp\/v2\/media?parent=19965"}],"wp:term":[{"taxonomy":"product_brand","embeddable":true,"href":"https:\/\/dev.domkisauny.pl\/cs\/wp-json\/wp\/v2\/product_brand?post=19965"},{"taxonomy":"product_cat","embeddable":true,"href":"https:\/\/dev.domkisauny.pl\/cs\/wp-json\/wp\/v2\/product_cat?post=19965"},{"taxonomy":"product_tag","embeddable":true,"href":"https:\/\/dev.domkisauny.pl\/cs\/wp-json\/wp\/v2\/product_tag?post=19965"}],"curies":[{"name":"wp","href":"https:\/\/api.w.org\/{rel}","templated":true}]}}