{"id":18275,"date":"2025-02-10T09:42:34","date_gmt":"2025-02-10T08:42:34","guid":{"rendered":"https:\/\/domkisauny.pl\/?post_type=product&#038;p=18275"},"modified":"2025-03-03T10:33:30","modified_gmt":"2025-03-03T09:33:30","slug":"remeslna-kamna-s-venkovnim-topenistem","status":"publish","type":"product","link":"https:\/\/dev.domkisauny.pl\/cs\/produkt\/remeslna-kamna-s-venkovnim-topenistem\/","title":{"rendered":"\u0158emesln\u00e1 kamna s venkovn\u00edm topeni\u0161t\u011bm"},"content":{"rendered":"<h2><strong>\u0158emesln\u00e1 kamna s venkovn\u00edm topeni\u0161t\u011bm<\/strong><\/h2>\n<p>\u0158emesln\u00e1 kamna s venkovn\u00edm topeni\u0161t\u011bm jsou perfektn\u00ed volbou pro ty, kte\u0159\u00ed hledaj\u00ed \u0161pi\u010dkov\u00fd z\u00e1\u017eitek a maxim\u00e1ln\u00ed relaxaci. Umo\u017e\u0148uj\u00ed udr\u017eovat optim\u00e1ln\u00ed teplotu v saun\u011b a z\u00e1rove\u0148 se d\u00edky nim snadno postar\u00e1te o \u010distotu a po\u0159\u00e1dek uvnit\u0159.<\/p>\n<h3><strong>Odoln\u00e1 konstrukce a \u00fa\u010dinnost<\/strong><\/h3>\n<p>Kamna byla navr\u017eena s ohledem na odolnost a \u00fa\u010dinnost. Jsou vyrobena z vysoce kvalitn\u00edch materi\u00e1l\u016f, jako je 5 mm siln\u00fd plech a litinov\u00fd ro\u0161t, a zaru\u010duj\u00ed tak dlouholetou spolehlivost. V\u00fdkon 16 kW je ide\u00e1ln\u00ed pro sauny o objemu do 18 m\u00b3. Nav\u00edc, n\u00e1syp kamene o hmotnosti 100 kg zaru\u010duje dlouhodob\u00e9 a rovnom\u011brn\u00e9 uvol\u0148ov\u00e1n\u00ed tepla.<\/p>\n<h3><strong>Technick\u00e1 specifikace<\/strong><\/h3>\n<p>Pro\u010d je ale tato kamna funguj\u00ed tak skv\u011ble?<\/p>\n<ul>\n<li>Extern\u00ed topeni\u0161t\u011b s d\u00e9lkou kan\u00e1lu: 19 cm<\/li>\n<li>Rozm\u011bry p\u0159ep\u00e1\u017eky na kameny: 50 cm (d\u00e9lka a \u0161\u00ed\u0159ka)<\/li>\n<li>V\u00fd\u0161ka kamen: 75 cm<\/li>\n<li>Pr\u016fm\u011br kom\u00edna: 115 mm<\/li>\n<li>Odn\u00edmateln\u00e1 dv\u00ed\u0159ka pro snadnou obsluhu<\/li>\n<\/ul>\n<p>\u0158emesln\u00e1 kamna s venkovn\u00edm topeni\u0161t\u011bm jsou ide\u00e1ln\u00edm \u0159e\u0161en\u00edm pro zast\u00e1nce tradi\u010dn\u00edho saunov\u00e1n\u00ed, kte\u0159\u00ed si cen\u00ed pohodl\u00ed a funk\u010dnosti p\u0159i ka\u017edodenn\u00edm pou\u017e\u00edv\u00e1n\u00ed.<\/p>\n","protected":false},"excerpt":{"rendered":"<p>\u0158emesln\u00e1 kamna s venkovn\u00edm topeni\u0161t\u011bm \u0158emesln\u00e1 kamna s venkovn\u00edm topeni\u0161t\u011bm jsou perfektn\u00ed volbou pro ty, kte\u0159\u00ed hledaj\u00ed \u0161pi\u010dkov\u00fd z\u00e1\u017eitek a<\/p>\n","protected":false},"featured_media":18307,"template":"","meta":{"_acf_changed":false},"product_brand":[],"product_cat":[310],"product_tag":[],"class_list":{"0":"post-18275","1":"product","2":"type-product","3":"status-publish","4":"has-post-thumbnail","6":"product_cat-pec-do-sauny-na-drevo","8":"first","9":"instock","10":"shipping-taxable","11":"purchasable","12":"product-type-simple"},"acf":[],"yoast_head":"<!-- This site is optimized with the Yoast SEO plugin v27.4 - https:\/\/yoast.com\/product\/yoast-seo-wordpress\/ -->\n<title>\u0158emesln\u00e1 kamna s venkovn\u00edm topeni\u0161t\u011bm | Chaty, sauny<\/title>\n<meta name=\"robots\" content=\"noindex, follow, max-snippet:-1, max-image-preview:large, max-video-preview:-1\" \/>\n<meta property=\"og:locale\" content=\"cs_CZ\" \/>\n<meta property=\"og:type\" content=\"article\" \/>\n<meta property=\"og:title\" content=\"\u0158emesln\u00e1 kamna s venkovn\u00edm topeni\u0161t\u011bm | Chaty, sauny\" \/>\n<meta property=\"og:description\" content=\"\u0158emesln\u00e1 kamna s venkovn\u00edm topeni\u0161t\u011bm \u0158emesln\u00e1 kamna s venkovn\u00edm topeni\u0161t\u011bm jsou perfektn\u00ed volbou pro ty, kte\u0159\u00ed hledaj\u00ed \u0161pi\u010dkov\u00fd z\u00e1\u017eitek a\" \/>\n<meta property=\"og:url\" content=\"https:\/\/dev.domkisauny.pl\/cs\/produkt\/remeslna-kamna-s-venkovnim-topenistem\/\" \/>\n<meta property=\"og:site_name\" content=\"Chaty, sauny\" \/>\n<meta property=\"article:publisher\" content=\"https:\/\/www.facebook.com\/DomkiSauny\" \/>\n<meta property=\"article:modified_time\" content=\"2025-03-03T09:33:30+00:00\" \/>\n<meta property=\"og:image\" content=\"https:\/\/dev.domkisauny.pl\/wp-content\/uploads\/2025\/02\/piec-rzemieslniczy-zewnatrz-featured.jpg\" \/>\n\t<meta property=\"og:image:width\" content=\"2000\" \/>\n\t<meta property=\"og:image:height\" content=\"1600\" \/>\n\t<meta property=\"og:image:type\" content=\"image\/jpeg\" \/>\n<meta name=\"twitter:card\" content=\"summary_large_image\" \/>\n<meta name=\"twitter:label1\" content=\"Odhadovan\u00e1 doba \u010dten\u00ed\" \/>\n\t<meta name=\"twitter:data1\" content=\"2 minuty\" \/>\n<script type=\"application\/ld+json\" class=\"yoast-schema-graph\">{\"@context\":\"https:\\\/\\\/schema.org\",\"@graph\":[{\"@type\":\"WebPage\",\"@id\":\"https:\\\/\\\/dev.domkisauny.pl\\\/cs\\\/produkt\\\/remeslna-kamna-s-venkovnim-topenistem\\\/\",\"url\":\"https:\\\/\\\/dev.domkisauny.pl\\\/cs\\\/produkt\\\/remeslna-kamna-s-venkovnim-topenistem\\\/\",\"name\":\"\u0158emesln\u00e1 kamna s venkovn\u00edm topeni\u0161t\u011bm | Chaty, sauny\",\"isPartOf\":{\"@id\":\"https:\\\/\\\/dev.domkisauny.pl\\\/cs\\\/#website\"},\"primaryImageOfPage\":{\"@id\":\"https:\\\/\\\/dev.domkisauny.pl\\\/cs\\\/produkt\\\/remeslna-kamna-s-venkovnim-topenistem\\\/#primaryimage\"},\"image\":{\"@id\":\"https:\\\/\\\/dev.domkisauny.pl\\\/cs\\\/produkt\\\/remeslna-kamna-s-venkovnim-topenistem\\\/#primaryimage\"},\"thumbnailUrl\":\"https:\\\/\\\/dev.domkisauny.pl\\\/wp-content\\\/uploads\\\/2025\\\/02\\\/piec-rzemieslniczy-zewnatrz-featured.jpg\",\"datePublished\":\"2025-02-10T08:42:34+00:00\",\"dateModified\":\"2025-03-03T09:33:30+00:00\",\"breadcrumb\":{\"@id\":\"https:\\\/\\\/dev.domkisauny.pl\\\/cs\\\/produkt\\\/remeslna-kamna-s-venkovnim-topenistem\\\/#breadcrumb\"},\"inLanguage\":\"cs\",\"potentialAction\":[{\"@type\":\"ReadAction\",\"target\":[\"https:\\\/\\\/dev.domkisauny.pl\\\/cs\\\/produkt\\\/remeslna-kamna-s-venkovnim-topenistem\\\/\"]}]},{\"@type\":\"ImageObject\",\"inLanguage\":\"cs\",\"@id\":\"https:\\\/\\\/dev.domkisauny.pl\\\/cs\\\/produkt\\\/remeslna-kamna-s-venkovnim-topenistem\\\/#primaryimage\",\"url\":\"https:\\\/\\\/dev.domkisauny.pl\\\/wp-content\\\/uploads\\\/2025\\\/02\\\/piec-rzemieslniczy-zewnatrz-featured.jpg\",\"contentUrl\":\"https:\\\/\\\/dev.domkisauny.pl\\\/wp-content\\\/uploads\\\/2025\\\/02\\\/piec-rzemieslniczy-zewnatrz-featured.jpg\",\"width\":2000,\"height\":1600},{\"@type\":\"BreadcrumbList\",\"@id\":\"https:\\\/\\\/dev.domkisauny.pl\\\/cs\\\/produkt\\\/remeslna-kamna-s-venkovnim-topenistem\\\/#breadcrumb\",\"itemListElement\":[{\"@type\":\"ListItem\",\"position\":1,\"name\":\"A&amp;M\",\"item\":\"https:\\\/\\\/dev.domkisauny.pl\\\/cs\\\/\"},{\"@type\":\"ListItem\",\"position\":2,\"name\":\"Produkty\",\"item\":\"https:\\\/\\\/dev.domkisauny.pl\\\/produkty\\\/\"},{\"@type\":\"ListItem\",\"position\":3,\"name\":\"P\u0159\u00edslu\u0161enstv\u00ed\",\"item\":\"https:\\\/\\\/dev.domkisauny.pl\\\/cs\\\/kategorie-produktu\\\/prislusenstvi-cs\\\/\"},{\"@type\":\"ListItem\",\"position\":4,\"name\":\"P\u011bny do sauny\",\"item\":\"https:\\\/\\\/dev.domkisauny.pl\\\/cs\\\/kategorie-produktu\\\/prislusenstvi-cs\\\/peny-do-sauny\\\/\"},{\"@type\":\"ListItem\",\"position\":5,\"name\":\"Pec do sauny na d\u0159evo\",\"item\":\"https:\\\/\\\/dev.domkisauny.pl\\\/cs\\\/kategorie-produktu\\\/prislusenstvi-cs\\\/peny-do-sauny\\\/pec-do-sauny-na-drevo\\\/\"},{\"@type\":\"ListItem\",\"position\":6,\"name\":\"\u0158emesln\u00e1 kamna s venkovn\u00edm topeni\u0161t\u011bm\"}]},{\"@type\":\"WebSite\",\"@id\":\"https:\\\/\\\/dev.domkisauny.pl\\\/cs\\\/#website\",\"url\":\"https:\\\/\\\/dev.domkisauny.pl\\\/cs\\\/\",\"name\":\"Chaty, sauny\",\"description\":\"\",\"publisher\":{\"@id\":\"https:\\\/\\\/dev.domkisauny.pl\\\/cs\\\/#organization\"},\"potentialAction\":[{\"@type\":\"SearchAction\",\"target\":{\"@type\":\"EntryPoint\",\"urlTemplate\":\"https:\\\/\\\/dev.domkisauny.pl\\\/cs\\\/?s={search_term_string}\"},\"query-input\":{\"@type\":\"PropertyValueSpecification\",\"valueRequired\":true,\"valueName\":\"search_term_string\"}}],\"inLanguage\":\"cs\"},{\"@type\":\"Organization\",\"@id\":\"https:\\\/\\\/dev.domkisauny.pl\\\/cs\\\/#organization\",\"name\":\"Chaty, sauny\",\"url\":\"https:\\\/\\\/dev.domkisauny.pl\\\/cs\\\/\",\"logo\":{\"@type\":\"ImageObject\",\"inLanguage\":\"cs\",\"@id\":\"https:\\\/\\\/dev.domkisauny.pl\\\/cs\\\/#\\\/schema\\\/logo\\\/image\\\/\",\"url\":\"https:\\\/\\\/domkisauny.pl\\\/wp-content\\\/uploads\\\/2022\\\/09\\\/logo_03.png\",\"contentUrl\":\"https:\\\/\\\/domkisauny.pl\\\/wp-content\\\/uploads\\\/2022\\\/09\\\/logo_03.png\",\"width\":95,\"height\":81,\"caption\":\"Chaty, sauny\"},\"image\":{\"@id\":\"https:\\\/\\\/dev.domkisauny.pl\\\/cs\\\/#\\\/schema\\\/logo\\\/image\\\/\"},\"sameAs\":[\"https:\\\/\\\/www.facebook.com\\\/DomkiSauny\"]}]}<\/script>\n<!-- \/ Yoast SEO plugin. -->","yoast_head_json":{"title":"\u0158emesln\u00e1 kamna s venkovn\u00edm topeni\u0161t\u011bm | Chaty, sauny","robots":{"index":"noindex","follow":"follow","max-snippet":"max-snippet:-1","max-image-preview":"max-image-preview:large","max-video-preview":"max-video-preview:-1"},"og_locale":"cs_CZ","og_type":"article","og_title":"\u0158emesln\u00e1 kamna s venkovn\u00edm topeni\u0161t\u011bm | Chaty, sauny","og_description":"\u0158emesln\u00e1 kamna s venkovn\u00edm topeni\u0161t\u011bm \u0158emesln\u00e1 kamna s venkovn\u00edm topeni\u0161t\u011bm jsou perfektn\u00ed volbou pro ty, kte\u0159\u00ed hledaj\u00ed \u0161pi\u010dkov\u00fd z\u00e1\u017eitek a","og_url":"https:\/\/dev.domkisauny.pl\/cs\/produkt\/remeslna-kamna-s-venkovnim-topenistem\/","og_site_name":"Chaty, sauny","article_publisher":"https:\/\/www.facebook.com\/DomkiSauny","article_modified_time":"2025-03-03T09:33:30+00:00","og_image":[{"width":2000,"height":1600,"url":"https:\/\/dev.domkisauny.pl\/wp-content\/uploads\/2025\/02\/piec-rzemieslniczy-zewnatrz-featured.jpg","type":"image\/jpeg"}],"twitter_card":"summary_large_image","twitter_misc":{"Odhadovan\u00e1 doba \u010dten\u00ed":"2 minuty"},"schema":{"@context":"https:\/\/schema.org","@graph":[{"@type":"WebPage","@id":"https:\/\/dev.domkisauny.pl\/cs\/produkt\/remeslna-kamna-s-venkovnim-topenistem\/","url":"https:\/\/dev.domkisauny.pl\/cs\/produkt\/remeslna-kamna-s-venkovnim-topenistem\/","name":"\u0158emesln\u00e1 kamna s venkovn\u00edm topeni\u0161t\u011bm | Chaty, sauny","isPartOf":{"@id":"https:\/\/dev.domkisauny.pl\/cs\/#website"},"primaryImageOfPage":{"@id":"https:\/\/dev.domkisauny.pl\/cs\/produkt\/remeslna-kamna-s-venkovnim-topenistem\/#primaryimage"},"image":{"@id":"https:\/\/dev.domkisauny.pl\/cs\/produkt\/remeslna-kamna-s-venkovnim-topenistem\/#primaryimage"},"thumbnailUrl":"https:\/\/dev.domkisauny.pl\/wp-content\/uploads\/2025\/02\/piec-rzemieslniczy-zewnatrz-featured.jpg","datePublished":"2025-02-10T08:42:34+00:00","dateModified":"2025-03-03T09:33:30+00:00","breadcrumb":{"@id":"https:\/\/dev.domkisauny.pl\/cs\/produkt\/remeslna-kamna-s-venkovnim-topenistem\/#breadcrumb"},"inLanguage":"cs","potentialAction":[{"@type":"ReadAction","target":["https:\/\/dev.domkisauny.pl\/cs\/produkt\/remeslna-kamna-s-venkovnim-topenistem\/"]}]},{"@type":"ImageObject","inLanguage":"cs","@id":"https:\/\/dev.domkisauny.pl\/cs\/produkt\/remeslna-kamna-s-venkovnim-topenistem\/#primaryimage","url":"https:\/\/dev.domkisauny.pl\/wp-content\/uploads\/2025\/02\/piec-rzemieslniczy-zewnatrz-featured.jpg","contentUrl":"https:\/\/dev.domkisauny.pl\/wp-content\/uploads\/2025\/02\/piec-rzemieslniczy-zewnatrz-featured.jpg","width":2000,"height":1600},{"@type":"BreadcrumbList","@id":"https:\/\/dev.domkisauny.pl\/cs\/produkt\/remeslna-kamna-s-venkovnim-topenistem\/#breadcrumb","itemListElement":[{"@type":"ListItem","position":1,"name":"A&amp;M","item":"https:\/\/dev.domkisauny.pl\/cs\/"},{"@type":"ListItem","position":2,"name":"Produkty","item":"https:\/\/dev.domkisauny.pl\/produkty\/"},{"@type":"ListItem","position":3,"name":"P\u0159\u00edslu\u0161enstv\u00ed","item":"https:\/\/dev.domkisauny.pl\/cs\/kategorie-produktu\/prislusenstvi-cs\/"},{"@type":"ListItem","position":4,"name":"P\u011bny do sauny","item":"https:\/\/dev.domkisauny.pl\/cs\/kategorie-produktu\/prislusenstvi-cs\/peny-do-sauny\/"},{"@type":"ListItem","position":5,"name":"Pec do sauny na d\u0159evo","item":"https:\/\/dev.domkisauny.pl\/cs\/kategorie-produktu\/prislusenstvi-cs\/peny-do-sauny\/pec-do-sauny-na-drevo\/"},{"@type":"ListItem","position":6,"name":"\u0158emesln\u00e1 kamna s venkovn\u00edm topeni\u0161t\u011bm"}]},{"@type":"WebSite","@id":"https:\/\/dev.domkisauny.pl\/cs\/#website","url":"https:\/\/dev.domkisauny.pl\/cs\/","name":"Chaty, sauny","description":"","publisher":{"@id":"https:\/\/dev.domkisauny.pl\/cs\/#organization"},"potentialAction":[{"@type":"SearchAction","target":{"@type":"EntryPoint","urlTemplate":"https:\/\/dev.domkisauny.pl\/cs\/?s={search_term_string}"},"query-input":{"@type":"PropertyValueSpecification","valueRequired":true,"valueName":"search_term_string"}}],"inLanguage":"cs"},{"@type":"Organization","@id":"https:\/\/dev.domkisauny.pl\/cs\/#organization","name":"Chaty, sauny","url":"https:\/\/dev.domkisauny.pl\/cs\/","logo":{"@type":"ImageObject","inLanguage":"cs","@id":"https:\/\/dev.domkisauny.pl\/cs\/#\/schema\/logo\/image\/","url":"https:\/\/domkisauny.pl\/wp-content\/uploads\/2022\/09\/logo_03.png","contentUrl":"https:\/\/domkisauny.pl\/wp-content\/uploads\/2022\/09\/logo_03.png","width":95,"height":81,"caption":"Chaty, sauny"},"image":{"@id":"https:\/\/dev.domkisauny.pl\/cs\/#\/schema\/logo\/image\/"},"sameAs":["https:\/\/www.facebook.com\/DomkiSauny"]}]}},"_links":{"self":[{"href":"https:\/\/dev.domkisauny.pl\/cs\/wp-json\/wp\/v2\/product\/18275","targetHints":{"allow":["GET"]}}],"collection":[{"href":"https:\/\/dev.domkisauny.pl\/cs\/wp-json\/wp\/v2\/product"}],"about":[{"href":"https:\/\/dev.domkisauny.pl\/cs\/wp-json\/wp\/v2\/types\/product"}],"wp:featuredmedia":[{"embeddable":true,"href":"https:\/\/dev.domkisauny.pl\/cs\/wp-json\/wp\/v2\/media\/18307"}],"wp:attachment":[{"href":"https:\/\/dev.domkisauny.pl\/cs\/wp-json\/wp\/v2\/media?parent=18275"}],"wp:term":[{"taxonomy":"product_brand","embeddable":true,"href":"https:\/\/dev.domkisauny.pl\/cs\/wp-json\/wp\/v2\/product_brand?post=18275"},{"taxonomy":"product_cat","embeddable":true,"href":"https:\/\/dev.domkisauny.pl\/cs\/wp-json\/wp\/v2\/product_cat?post=18275"},{"taxonomy":"product_tag","embeddable":true,"href":"https:\/\/dev.domkisauny.pl\/cs\/wp-json\/wp\/v2\/product_tag?post=18275"}],"curies":[{"name":"wp","href":"https:\/\/api.w.org\/{rel}","templated":true}]}}