{"id":1780,"date":"2022-10-04T12:59:11","date_gmt":"2022-10-04T10:59:11","guid":{"rendered":"https:\/\/domkisauny.pl\/produkt\/basen-4x2m\/"},"modified":"2025-05-22T11:28:50","modified_gmt":"2025-05-22T09:28:50","slug":"dreveny-bazen-480-x-240-cm-s-polypropylenovym-vlozkou","status":"publish","type":"product","link":"https:\/\/dev.domkisauny.pl\/cs\/produkt\/dreveny-bazen-480-x-240-cm-s-polypropylenovym-vlozkou\/","title":{"rendered":"D\u0159ev\u011bn\u00fd baz\u00e9n 480 x 240 cm s polypropylenov\u00fdm vlo\u017ekou"},"content":{"rendered":"<h3>Specifikace baz\u00e9nu<\/h3>\n<h4>Z\u00e1kladn\u00ed vybaven\u00ed:<\/h4>\n<ul>\n<li><strong>Vlo\u017eka z 6mm<\/strong> polypropylenov\u00e9 desky<\/li>\n<li>D\u0159ev\u011bn\u00e9 <strong>schody<\/strong><\/li>\n<li>Nerezov\u00fd <strong>\u017eeb\u0159\u00edk<\/strong><\/li>\n<li><strong>P\u00edskov\u00fd filtr<\/strong> s \u010derpadlem<\/li>\n<li><strong>N\u00e1pl\u0148<\/strong> do p\u00edskov\u00e9ho filtru<\/li>\n<li>Svisl\u00e9 v\u00fdztu\u017en\u00e9 sloupy<\/li>\n<\/ul>\n<h4>Technick\u00e9 \u00fadaje:<\/h4>\n<ul>\n<li>Vn\u011bj\u0161\u00ed \u0161\u00ed\u0159ka: <strong>240 cm<\/strong><\/li>\n<li>Vnit\u0159n\u00ed \u0161\u00ed\u0159ka:<strong> 190 cm<\/strong><\/li>\n<li>Vn\u011bj\u0161\u00ed d\u00e9lka: <strong>480 cm<\/strong><\/li>\n<li>Vnit\u0159n\u00ed d\u00e9lka: <strong>360 cm<\/strong><\/li>\n<li>Vn\u011bj\u0161\u00ed v\u00fd\u0161ka: <strong>112 cm<\/strong><\/li>\n<li>Hloubka baz\u00e9nu: <strong>100 cm<\/strong><\/li>\n<li>Objem: cca <strong>6840L<\/strong><\/li>\n<li>Oblo\u017een\u00ed: smrkov\u00e9 prkna <strong>44mm<\/strong><\/li>\n<li>Hmotnost: cca <strong>800kg<\/strong><\/li>\n<\/ul>\n<p>K <strong>d\u00e9lce baz\u00e9nu<\/strong> je t\u0159eba p\u0159ipo\u010d\u00edtat tak\u00e9 <strong>integrovanou sk\u0159\u00ed\u0148 na vybaven\u00ed<\/strong> o d\u00e9lce <strong>70 cm!<\/strong><\/p>\n<p><strong><b>Dod\u00e1vka nezahrnuje vykl\u00e1dku u z\u00e1kazn\u00edka<\/b><\/strong>.<\/p>\n<p><img loading=\"lazy\" decoding=\"async\" class=\"aligncenter wp-image-20822 size-full\" src=\"https:\/\/domkysauny.cz\/wp-content\/uploads\/2022\/10\/basen-480x240-main.webp\" alt=\"\" width=\"2000\" height=\"1600\" srcset=\"https:\/\/dev.domkisauny.pl\/wp-content\/uploads\/2022\/10\/basen-480x240-main.webp 2000w, https:\/\/dev.domkisauny.pl\/wp-content\/uploads\/2022\/10\/basen-480x240-main-300x240.webp 300w, https:\/\/dev.domkisauny.pl\/wp-content\/uploads\/2022\/10\/basen-480x240-main-1024x819.webp 1024w, https:\/\/dev.domkisauny.pl\/wp-content\/uploads\/2022\/10\/basen-480x240-main-768x614.webp 768w, https:\/\/dev.domkisauny.pl\/wp-content\/uploads\/2022\/10\/basen-480x240-main-1536x1229.webp 1536w, https:\/\/dev.domkisauny.pl\/wp-content\/uploads\/2022\/10\/basen-480x240-main-1000x800.webp 1000w\" sizes=\"auto, (max-width: 2000px) 100vw, 2000px\" \/><\/p>\n<p>V\u00fdrobek ve <strong><b>skandin\u00e1vsk\u00e9m stylu<\/b><\/strong>\u00a0V\u00e1m umo\u017en\u00ed vytvo\u0159it relaxa\u010dn\u00ed z\u00f3nu v <strong><b>bl\u00edzkosti p\u0159\u00edrody<\/b><\/strong>\u00a0&#8211; na zahrad\u011b, na pozemku nebo v ubytovac\u00edch za\u0159\u00edzen\u00edch.<\/p>\n<p>Baz\u00e9n o rozm. <strong><b>480 x 240 m<\/b><\/strong>\u00a0a objemu <strong><b>5 000 litr\u016f<\/b><\/strong>\u00a0poskytne obrovsk\u00fd prostor pro koup\u00e1n\u00ed i relaxaci. Vyroben z <strong><b>masivn\u00edho smrkov\u00e9ho d\u0159eva<\/b><\/strong>. Odoln\u00e9 d\u0159evo, <strong><b>su\u0161en\u00e9 v komo\u0159e<\/b><\/strong>. Tlou\u0161\u0165ka desek <strong><b>je 44 mm<\/b><\/strong>. Uvnit\u0159 vlo\u017eka <strong><b>z polypropylenov\u00fdch vl\u00e1ken<\/b><\/strong>. Baz\u00e9n od <strong><b>A&amp;M<\/b><\/strong>\u00a0obsahuje <strong><b>schody<\/b><\/strong>, <strong><b>\u017eeb\u0159\u00edk<\/b><\/strong>, \u00a0<strong><b>p\u00edskovou filtraci<\/b><\/strong>\u00a0(<strong><b>6 m\u00b3\/h<\/b><\/strong>) a mo\u017enost p\u0159id\u00e1n\u00ed extern\u00edch kamen na d\u0159evo nebo 4 kW tepeln\u00e9ho \u010derpadla.<\/p>\n<p>V\u00fdrobek vy\u017eaduje vlastn\u00ed <strong><b>impregnaci desek lakem<\/b><\/strong>. Baz\u00e9n je <strong><b>dod\u00e1v\u00e1n jako celek<\/b><\/strong> dom\u016f\/na zahradu\/do firmy.<\/p>\n<p><strong><b>Za p\u0159\u00edplatek lze baz\u00e9n vybavit venkovn\u00edmi kamny na d\u0159evo nebo 4kW tepeln\u00fdm \u010derpadlem.<\/b><\/strong><\/p>\n<h3>Relaxa\u010dn\u00ed z\u00f3na ve Va\u0161\u00ed zahrad\u011b<\/h3>\n<p>Zapome\u0148te na stresuj\u00edc\u00ed pr\u00e1ci a ka\u017edodenn\u00ed shon \u2013 vstupte do baz\u00e9nu, relaxujte a zaposlouchejte se do zvuk\u016f p\u0159\u00edrody. I takto m\u016f\u017ee vypadat Va\u0161e letn\u00ed odpoledne, v\u00edkend nebo dovolen\u00e1. Sta\u010d\u00ed si vybrat baz\u00e9n od A&amp;M, kter\u00fd se stane \u00fast\u0159edn\u00edm bodem relaxa\u010dn\u00ed z\u00f3ny ve Va\u0161\u00ed zahrad\u011b. Klid a pohoda, p\u0159\u00edroda a koup\u00e1n\u00ed v tepl\u00e9 vod\u011b blahod\u00e1rn\u011b p\u016fsob\u00ed na t\u011blo i mysl. Na druh\u00e9 stran\u011b je baz\u00e9n vyroben z p\u0159\u00edrodn\u00edho d\u0159eva ve skandin\u00e1vsk\u00e9m stylu, d\u00edky \u010demu\u017e skv\u011ble dopln\u00ed zahradn\u00ed uspo\u0159\u00e1d\u00e1n\u00ed. D\u0159ev\u011bn\u00fd baz\u00e9n s vlo\u017ekou je tak\u00e9 dobrou volbou pro ubytovatele, kte\u0159\u00ed cht\u011bj\u00ed zatraktivnit pobyt host\u016f.<\/p>\n<p><img loading=\"lazy\" decoding=\"async\" class=\"aligncenter wp-image-20836 size-full\" src=\"https:\/\/domkysauny.cz\/wp-content\/uploads\/2022\/10\/basen-480x240-second-vis.webp\" alt=\"\" width=\"2000\" height=\"1600\" srcset=\"https:\/\/dev.domkisauny.pl\/wp-content\/uploads\/2022\/10\/basen-480x240-second-vis.webp 2000w, https:\/\/dev.domkisauny.pl\/wp-content\/uploads\/2022\/10\/basen-480x240-second-vis-300x240.webp 300w, https:\/\/dev.domkisauny.pl\/wp-content\/uploads\/2022\/10\/basen-480x240-second-vis-1024x819.webp 1024w, https:\/\/dev.domkisauny.pl\/wp-content\/uploads\/2022\/10\/basen-480x240-second-vis-768x614.webp 768w, https:\/\/dev.domkisauny.pl\/wp-content\/uploads\/2022\/10\/basen-480x240-second-vis-1536x1229.webp 1536w, https:\/\/dev.domkisauny.pl\/wp-content\/uploads\/2022\/10\/basen-480x240-second-vis-1000x800.webp 1000w\" sizes=\"auto, (max-width: 2000px) 100vw, 2000px\" \/><\/p>\n<h3>Tradi\u010dn\u00ed konstrukce z d\u0159eva<\/h3>\n<p>Baz\u00e9n byl vyroben ru\u010dn\u011b z p\u0159\u00edrodn\u00edho smrkov\u00e9ho d\u0159eva. Desky o tl. 44 mm jsou z masivn\u00edho d\u0159eva, komorov\u011b su\u0161en\u00e9, zaji\u0161\u0165uj\u00edc\u00ed odolnost proti vlhkosti, deformac\u00edm a nep\u0159\u00edzniv\u00fdm pov\u011btrnostn\u00edm vliv\u016fm. Konstrukce se skl\u00e1d\u00e1 z d\u0159ev\u011bn\u00e9ho vyztu\u017een\u00e9ho pouzdra, kter\u00e9 nepodl\u00e9h\u00e1 deformaci, a estetick\u00e9 vlo\u017eky z polypropylenov\u00e9ho vl\u00e1kna. Baz\u00e9n m\u00e1 kapacitu 5000 litr\u016f a umo\u017e\u0148uje pohodlnou koupel pro v\u00edce osob. K vybaven\u00ed pat\u0159\u00ed: d\u0159ev\u011bn\u00e9 sch\u016fdky, kovov\u00fd \u017eeb\u0159\u00edk a p\u00edskov\u00fd filtr o kapacit\u011b 6 m\u00b3\/h. M\u00e1te tak\u00e9 mo\u017enost p\u0159idat venkovn\u00ed kamna na d\u0159evo nebo tepeln\u00e9 \u010derpadlo 4 kW. Nezapome\u0148te pro baz\u00e9n p\u0159ipravit pevn\u00fd podklad, nap\u0159\u00edklad dla\u017eebn\u00ed kostky, a tak\u00e9 naimpregnovat d\u0159ev\u011bn\u00fd pl\u00e1\u0161\u0165 lakem v preferovan\u00e9 barv\u011b. Baz\u00e9n je dod\u00e1v\u00e1n v celku, p\u0159\u00edmo na Va\u0161i zahradu nebo ubytovac\u00ed objekt.<\/p>\n<h3>Za\u017eijte luxus<\/h3>\n<p>Baz\u00e9n od A&amp;M se vyzna\u010duje skandin\u00e1vsk\u00fdm stylem, tak\u017ee m\u016f\u017eete obdivovat jeho design spolu s jedine\u010dnou konstrukc\u00ed z p\u0159\u00edrodn\u00edho d\u0159eva. Koupel v n\u011bm je dobr\u00fd zp\u016fsob, jak zklidnit a zregenerovat organismus. Zahrada s luxusn\u00edm baz\u00e9nem z\u00edsk\u00e1v\u00e1 na atraktivit\u011b a je vhodn\u00fdm m\u00edstem k odpo\u010dinku pro V\u00e1s, Va\u0161e p\u0159\u00edbuzn\u00e9 a p\u0159\u00e1tele. A pokud provozujete ubytov\u00e1n\u00ed, um\u00edst\u011bn\u00edm baz\u00e9nu z\u00edsk\u00e1te n\u011bco, co p\u0159it\u00e1hne hosty.<\/p>\n<p><img loading=\"lazy\" decoding=\"async\" class=\"aligncenter wp-image-20826 size-full\" src=\"https:\/\/domkysauny.cz\/wp-content\/uploads\/2022\/10\/basen-480x240-rzut.webp\" alt=\"\" width=\"2000\" height=\"1600\" srcset=\"https:\/\/dev.domkisauny.pl\/wp-content\/uploads\/2022\/10\/basen-480x240-rzut.webp 2000w, https:\/\/dev.domkisauny.pl\/wp-content\/uploads\/2022\/10\/basen-480x240-rzut-300x240.webp 300w, https:\/\/dev.domkisauny.pl\/wp-content\/uploads\/2022\/10\/basen-480x240-rzut-1024x819.webp 1024w, https:\/\/dev.domkisauny.pl\/wp-content\/uploads\/2022\/10\/basen-480x240-rzut-768x614.webp 768w, https:\/\/dev.domkisauny.pl\/wp-content\/uploads\/2022\/10\/basen-480x240-rzut-1536x1229.webp 1536w, https:\/\/dev.domkisauny.pl\/wp-content\/uploads\/2022\/10\/basen-480x240-rzut-1000x800.webp 1000w\" sizes=\"auto, (max-width: 2000px) 100vw, 2000px\" \/><\/p>\n<p><img loading=\"lazy\" decoding=\"async\" class=\"aligncenter size-full wp-image-20840\" src=\"https:\/\/domkysauny.cz\/wp-content\/uploads\/2022\/10\/basen-480x240-rzut-2.webp\" alt=\"\" width=\"2000\" height=\"1600\" srcset=\"https:\/\/dev.domkisauny.pl\/wp-content\/uploads\/2022\/10\/basen-480x240-rzut-2.webp 2000w, https:\/\/dev.domkisauny.pl\/wp-content\/uploads\/2022\/10\/basen-480x240-rzut-2-300x240.webp 300w, https:\/\/dev.domkisauny.pl\/wp-content\/uploads\/2022\/10\/basen-480x240-rzut-2-1024x819.webp 1024w, https:\/\/dev.domkisauny.pl\/wp-content\/uploads\/2022\/10\/basen-480x240-rzut-2-768x614.webp 768w, https:\/\/dev.domkisauny.pl\/wp-content\/uploads\/2022\/10\/basen-480x240-rzut-2-1536x1229.webp 1536w, https:\/\/dev.domkisauny.pl\/wp-content\/uploads\/2022\/10\/basen-480x240-rzut-2-1000x800.webp 1000w\" sizes=\"auto, (max-width: 2000px) 100vw, 2000px\" \/><\/p>\n<p><img loading=\"lazy\" decoding=\"async\" class=\"aligncenter wp-image-20831 size-full\" src=\"https:\/\/domkysauny.cz\/wp-content\/uploads\/2022\/10\/basen-480x240-rys.webp\" alt=\"\" width=\"2000\" height=\"1600\" srcset=\"https:\/\/dev.domkisauny.pl\/wp-content\/uploads\/2022\/10\/basen-480x240-rys.webp 2000w, https:\/\/dev.domkisauny.pl\/wp-content\/uploads\/2022\/10\/basen-480x240-rys-300x240.webp 300w, https:\/\/dev.domkisauny.pl\/wp-content\/uploads\/2022\/10\/basen-480x240-rys-1024x819.webp 1024w, https:\/\/dev.domkisauny.pl\/wp-content\/uploads\/2022\/10\/basen-480x240-rys-768x614.webp 768w, https:\/\/dev.domkisauny.pl\/wp-content\/uploads\/2022\/10\/basen-480x240-rys-1536x1229.webp 1536w, https:\/\/dev.domkisauny.pl\/wp-content\/uploads\/2022\/10\/basen-480x240-rys-1000x800.webp 1000w\" sizes=\"auto, (max-width: 2000px) 100vw, 2000px\" \/><\/p>\n<p><iframe loading=\"lazy\" title=\"Drewniany basen ogrodowy w Twoim ogrodzie!\" width=\"500\" height=\"281\" src=\"https:\/\/www.youtube.com\/embed\/zlAo1wdXvMM?feature=oembed&#038;enablejsapi=1&#038;origin=https:\/\/domkisauny.pl\" frameborder=\"0\" allow=\"accelerometer; autoplay; clipboard-write; encrypted-media; gyroscope; picture-in-picture; web-share\" referrerpolicy=\"strict-origin-when-cross-origin\" allowfullscreen><\/iframe><\/p>\n<p>&nbsp;<\/p>\n<div id=\"gtx-trans\" style=\"position: absolute; left: 391px; top: 1220px;\">\n<div class=\"gtx-trans-icon\"><\/div>\n<\/div>\n","protected":false},"excerpt":{"rendered":"<blockquote>\n<p style=\"text-align: center;\">V\u0161echno za\u0159\u00edzen\u00ed je um\u00edst\u011bno ve schr\u00e1nce<br \/>\np\u0159izp\u016fsoben\u00e9 cel\u00e9 konstrukci baz\u00e9nu [html_block id=\"10020\"]<\/p>\n<p>Fotografie produkt\u016f po\u0159izujeme ve \u0161pi\u010dkov\u00e9 kvalit\u011b. Av\u0161ak vzhledem k zp\u016fsobu reprodukce barev monitor\u016f po\u010d\u00edta\u010de se m\u016f\u017ee barva produkt\u016f na obrazovce m\u00edrn\u011b li\u0161it od skute\u010dnosti.<\/p><\/blockquote>\n","protected":false},"featured_media":20823,"template":"","meta":{"_acf_changed":false},"product_brand":[],"product_cat":[118],"product_tag":[528],"class_list":{"0":"post-1780","1":"product","2":"type-product","3":"status-publish","4":"has-post-thumbnail","6":"product_cat-bazen","7":"product_tag-standardni-bazen","8":"product_shipping_class-wysylka-grupa1-cs","10":"first","11":"instock","12":"shipping-taxable","13":"purchasable","14":"product-type-variable"},"acf":[],"yoast_head":"<!-- This site is optimized with the Yoast SEO plugin v27.4 - https:\/\/yoast.com\/product\/yoast-seo-wordpress\/ -->\n<title>Baz\u00e9n 480\u00d7240 cm | Relaxa\u010dn\u00ed z\u00f3na ve Va\u0161\u00ed zahrad\u011b<\/title>\n<meta name=\"description\" content=\"V\u00fdrobek ve skandin\u00e1vsk\u00e9m stylu\u00a0V\u00e1m umo\u017en\u00ed vytvo\u0159it relaxa\u010dn\u00ed z\u00f3nu v bl\u00edzkosti p\u0159\u00edrody\u00a0- na zahrad\u011b, na pozemku nebo v ubytovac\u00edch za\u0159\u00edzen\u00edch.\" \/>\n<meta name=\"robots\" content=\"noindex, follow, max-snippet:-1, max-image-preview:large, max-video-preview:-1\" \/>\n<meta property=\"og:locale\" content=\"cs_CZ\" \/>\n<meta property=\"og:type\" content=\"article\" \/>\n<meta property=\"og:title\" content=\"Baz\u00e9n 480\u00d7240 cm | Relaxa\u010dn\u00ed z\u00f3na ve Va\u0161\u00ed zahrad\u011b\" \/>\n<meta property=\"og:description\" content=\"V\u00fdrobek ve skandin\u00e1vsk\u00e9m stylu\u00a0V\u00e1m umo\u017en\u00ed vytvo\u0159it relaxa\u010dn\u00ed z\u00f3nu v bl\u00edzkosti p\u0159\u00edrody\u00a0- na zahrad\u011b, na pozemku nebo v ubytovac\u00edch za\u0159\u00edzen\u00edch.\" \/>\n<meta property=\"og:url\" content=\"https:\/\/dev.domkisauny.pl\/cs\/produkt\/dreveny-bazen-480-x-240-cm-s-polypropylenovym-vlozkou\/\" \/>\n<meta property=\"og:site_name\" content=\"Chaty, sauny\" \/>\n<meta property=\"article:publisher\" content=\"https:\/\/www.facebook.com\/DomkiSauny\" \/>\n<meta property=\"article:modified_time\" content=\"2025-05-22T09:28:50+00:00\" \/>\n<meta property=\"og:image\" content=\"https:\/\/dev.domkisauny.pl\/wp-content\/uploads\/2022\/10\/basen-480x240-main.webp\" \/>\n\t<meta property=\"og:image:width\" content=\"2000\" \/>\n\t<meta property=\"og:image:height\" content=\"1600\" \/>\n\t<meta property=\"og:image:type\" content=\"image\/webp\" \/>\n<meta name=\"twitter:card\" content=\"summary_large_image\" \/>\n<meta name=\"twitter:label1\" content=\"Odhadovan\u00e1 doba \u010dten\u00ed\" \/>\n\t<meta name=\"twitter:data1\" content=\"4 minuty\" \/>\n<script type=\"application\/ld+json\" class=\"yoast-schema-graph\">{\"@context\":\"https:\\\/\\\/schema.org\",\"@graph\":[{\"@type\":\"WebPage\",\"@id\":\"https:\\\/\\\/dev.domkisauny.pl\\\/cs\\\/produkt\\\/dreveny-bazen-480-x-240-cm-s-polypropylenovym-vlozkou\\\/\",\"url\":\"https:\\\/\\\/dev.domkisauny.pl\\\/cs\\\/produkt\\\/dreveny-bazen-480-x-240-cm-s-polypropylenovym-vlozkou\\\/\",\"name\":\"Baz\u00e9n 480\u00d7240 cm | Relaxa\u010dn\u00ed z\u00f3na ve Va\u0161\u00ed zahrad\u011b\",\"isPartOf\":{\"@id\":\"https:\\\/\\\/dev.domkisauny.pl\\\/cs\\\/#website\"},\"primaryImageOfPage\":{\"@id\":\"https:\\\/\\\/dev.domkisauny.pl\\\/cs\\\/produkt\\\/dreveny-bazen-480-x-240-cm-s-polypropylenovym-vlozkou\\\/#primaryimage\"},\"image\":{\"@id\":\"https:\\\/\\\/dev.domkisauny.pl\\\/cs\\\/produkt\\\/dreveny-bazen-480-x-240-cm-s-polypropylenovym-vlozkou\\\/#primaryimage\"},\"thumbnailUrl\":\"https:\\\/\\\/dev.domkisauny.pl\\\/wp-content\\\/uploads\\\/2022\\\/10\\\/basen-480x240-main.webp\",\"datePublished\":\"2022-10-04T10:59:11+00:00\",\"dateModified\":\"2025-05-22T09:28:50+00:00\",\"description\":\"V\u00fdrobek ve skandin\u00e1vsk\u00e9m stylu\u00a0V\u00e1m umo\u017en\u00ed vytvo\u0159it relaxa\u010dn\u00ed z\u00f3nu v bl\u00edzkosti p\u0159\u00edrody\u00a0- na zahrad\u011b, na pozemku nebo v ubytovac\u00edch za\u0159\u00edzen\u00edch.\",\"breadcrumb\":{\"@id\":\"https:\\\/\\\/dev.domkisauny.pl\\\/cs\\\/produkt\\\/dreveny-bazen-480-x-240-cm-s-polypropylenovym-vlozkou\\\/#breadcrumb\"},\"inLanguage\":\"cs\",\"potentialAction\":[{\"@type\":\"ReadAction\",\"target\":[\"https:\\\/\\\/dev.domkisauny.pl\\\/cs\\\/produkt\\\/dreveny-bazen-480-x-240-cm-s-polypropylenovym-vlozkou\\\/\"]}]},{\"@type\":\"ImageObject\",\"inLanguage\":\"cs\",\"@id\":\"https:\\\/\\\/dev.domkisauny.pl\\\/cs\\\/produkt\\\/dreveny-bazen-480-x-240-cm-s-polypropylenovym-vlozkou\\\/#primaryimage\",\"url\":\"https:\\\/\\\/dev.domkisauny.pl\\\/wp-content\\\/uploads\\\/2022\\\/10\\\/basen-480x240-main.webp\",\"contentUrl\":\"https:\\\/\\\/dev.domkisauny.pl\\\/wp-content\\\/uploads\\\/2022\\\/10\\\/basen-480x240-main.webp\",\"width\":2000,\"height\":1600},{\"@type\":\"BreadcrumbList\",\"@id\":\"https:\\\/\\\/dev.domkisauny.pl\\\/cs\\\/produkt\\\/dreveny-bazen-480-x-240-cm-s-polypropylenovym-vlozkou\\\/#breadcrumb\",\"itemListElement\":[{\"@type\":\"ListItem\",\"position\":1,\"name\":\"A&amp;M\",\"item\":\"https:\\\/\\\/dev.domkisauny.pl\\\/cs\\\/\"},{\"@type\":\"ListItem\",\"position\":2,\"name\":\"Produkty\",\"item\":\"https:\\\/\\\/dev.domkisauny.pl\\\/produkty\\\/\"},{\"@type\":\"ListItem\",\"position\":3,\"name\":\"Baz\u00e9ny\",\"item\":\"https:\\\/\\\/dev.domkisauny.pl\\\/cs\\\/kategorie-produktu\\\/bazen\\\/\"},{\"@type\":\"ListItem\",\"position\":4,\"name\":\"D\u0159ev\u011bn\u00fd baz\u00e9n 480 x 240 cm s polypropylenov\u00fdm vlo\u017ekou\"}]},{\"@type\":\"WebSite\",\"@id\":\"https:\\\/\\\/dev.domkisauny.pl\\\/cs\\\/#website\",\"url\":\"https:\\\/\\\/dev.domkisauny.pl\\\/cs\\\/\",\"name\":\"Chaty, sauny\",\"description\":\"\",\"publisher\":{\"@id\":\"https:\\\/\\\/dev.domkisauny.pl\\\/cs\\\/#organization\"},\"potentialAction\":[{\"@type\":\"SearchAction\",\"target\":{\"@type\":\"EntryPoint\",\"urlTemplate\":\"https:\\\/\\\/dev.domkisauny.pl\\\/cs\\\/?s={search_term_string}\"},\"query-input\":{\"@type\":\"PropertyValueSpecification\",\"valueRequired\":true,\"valueName\":\"search_term_string\"}}],\"inLanguage\":\"cs\"},{\"@type\":\"Organization\",\"@id\":\"https:\\\/\\\/dev.domkisauny.pl\\\/cs\\\/#organization\",\"name\":\"Chaty, sauny\",\"url\":\"https:\\\/\\\/dev.domkisauny.pl\\\/cs\\\/\",\"logo\":{\"@type\":\"ImageObject\",\"inLanguage\":\"cs\",\"@id\":\"https:\\\/\\\/dev.domkisauny.pl\\\/cs\\\/#\\\/schema\\\/logo\\\/image\\\/\",\"url\":\"https:\\\/\\\/domkisauny.pl\\\/wp-content\\\/uploads\\\/2022\\\/09\\\/logo_03.png\",\"contentUrl\":\"https:\\\/\\\/domkisauny.pl\\\/wp-content\\\/uploads\\\/2022\\\/09\\\/logo_03.png\",\"width\":95,\"height\":81,\"caption\":\"Chaty, sauny\"},\"image\":{\"@id\":\"https:\\\/\\\/dev.domkisauny.pl\\\/cs\\\/#\\\/schema\\\/logo\\\/image\\\/\"},\"sameAs\":[\"https:\\\/\\\/www.facebook.com\\\/DomkiSauny\"]}]}<\/script>\n<!-- \/ Yoast SEO plugin. -->","yoast_head_json":{"title":"Baz\u00e9n 480\u00d7240 cm | Relaxa\u010dn\u00ed z\u00f3na ve Va\u0161\u00ed zahrad\u011b","description":"V\u00fdrobek ve skandin\u00e1vsk\u00e9m stylu\u00a0V\u00e1m umo\u017en\u00ed vytvo\u0159it relaxa\u010dn\u00ed z\u00f3nu v bl\u00edzkosti p\u0159\u00edrody\u00a0- na zahrad\u011b, na pozemku nebo v ubytovac\u00edch za\u0159\u00edzen\u00edch.","robots":{"index":"noindex","follow":"follow","max-snippet":"max-snippet:-1","max-image-preview":"max-image-preview:large","max-video-preview":"max-video-preview:-1"},"og_locale":"cs_CZ","og_type":"article","og_title":"Baz\u00e9n 480\u00d7240 cm | Relaxa\u010dn\u00ed z\u00f3na ve Va\u0161\u00ed zahrad\u011b","og_description":"V\u00fdrobek ve skandin\u00e1vsk\u00e9m stylu\u00a0V\u00e1m umo\u017en\u00ed vytvo\u0159it relaxa\u010dn\u00ed z\u00f3nu v bl\u00edzkosti p\u0159\u00edrody\u00a0- na zahrad\u011b, na pozemku nebo v ubytovac\u00edch za\u0159\u00edzen\u00edch.","og_url":"https:\/\/dev.domkisauny.pl\/cs\/produkt\/dreveny-bazen-480-x-240-cm-s-polypropylenovym-vlozkou\/","og_site_name":"Chaty, sauny","article_publisher":"https:\/\/www.facebook.com\/DomkiSauny","article_modified_time":"2025-05-22T09:28:50+00:00","og_image":[{"width":2000,"height":1600,"url":"https:\/\/dev.domkisauny.pl\/wp-content\/uploads\/2022\/10\/basen-480x240-main.webp","type":"image\/webp"}],"twitter_card":"summary_large_image","twitter_misc":{"Odhadovan\u00e1 doba \u010dten\u00ed":"4 minuty"},"schema":{"@context":"https:\/\/schema.org","@graph":[{"@type":"WebPage","@id":"https:\/\/dev.domkisauny.pl\/cs\/produkt\/dreveny-bazen-480-x-240-cm-s-polypropylenovym-vlozkou\/","url":"https:\/\/dev.domkisauny.pl\/cs\/produkt\/dreveny-bazen-480-x-240-cm-s-polypropylenovym-vlozkou\/","name":"Baz\u00e9n 480\u00d7240 cm | Relaxa\u010dn\u00ed z\u00f3na ve Va\u0161\u00ed zahrad\u011b","isPartOf":{"@id":"https:\/\/dev.domkisauny.pl\/cs\/#website"},"primaryImageOfPage":{"@id":"https:\/\/dev.domkisauny.pl\/cs\/produkt\/dreveny-bazen-480-x-240-cm-s-polypropylenovym-vlozkou\/#primaryimage"},"image":{"@id":"https:\/\/dev.domkisauny.pl\/cs\/produkt\/dreveny-bazen-480-x-240-cm-s-polypropylenovym-vlozkou\/#primaryimage"},"thumbnailUrl":"https:\/\/dev.domkisauny.pl\/wp-content\/uploads\/2022\/10\/basen-480x240-main.webp","datePublished":"2022-10-04T10:59:11+00:00","dateModified":"2025-05-22T09:28:50+00:00","description":"V\u00fdrobek ve skandin\u00e1vsk\u00e9m stylu\u00a0V\u00e1m umo\u017en\u00ed vytvo\u0159it relaxa\u010dn\u00ed z\u00f3nu v bl\u00edzkosti p\u0159\u00edrody\u00a0- na zahrad\u011b, na pozemku nebo v ubytovac\u00edch za\u0159\u00edzen\u00edch.","breadcrumb":{"@id":"https:\/\/dev.domkisauny.pl\/cs\/produkt\/dreveny-bazen-480-x-240-cm-s-polypropylenovym-vlozkou\/#breadcrumb"},"inLanguage":"cs","potentialAction":[{"@type":"ReadAction","target":["https:\/\/dev.domkisauny.pl\/cs\/produkt\/dreveny-bazen-480-x-240-cm-s-polypropylenovym-vlozkou\/"]}]},{"@type":"ImageObject","inLanguage":"cs","@id":"https:\/\/dev.domkisauny.pl\/cs\/produkt\/dreveny-bazen-480-x-240-cm-s-polypropylenovym-vlozkou\/#primaryimage","url":"https:\/\/dev.domkisauny.pl\/wp-content\/uploads\/2022\/10\/basen-480x240-main.webp","contentUrl":"https:\/\/dev.domkisauny.pl\/wp-content\/uploads\/2022\/10\/basen-480x240-main.webp","width":2000,"height":1600},{"@type":"BreadcrumbList","@id":"https:\/\/dev.domkisauny.pl\/cs\/produkt\/dreveny-bazen-480-x-240-cm-s-polypropylenovym-vlozkou\/#breadcrumb","itemListElement":[{"@type":"ListItem","position":1,"name":"A&amp;M","item":"https:\/\/dev.domkisauny.pl\/cs\/"},{"@type":"ListItem","position":2,"name":"Produkty","item":"https:\/\/dev.domkisauny.pl\/produkty\/"},{"@type":"ListItem","position":3,"name":"Baz\u00e9ny","item":"https:\/\/dev.domkisauny.pl\/cs\/kategorie-produktu\/bazen\/"},{"@type":"ListItem","position":4,"name":"D\u0159ev\u011bn\u00fd baz\u00e9n 480 x 240 cm s polypropylenov\u00fdm vlo\u017ekou"}]},{"@type":"WebSite","@id":"https:\/\/dev.domkisauny.pl\/cs\/#website","url":"https:\/\/dev.domkisauny.pl\/cs\/","name":"Chaty, sauny","description":"","publisher":{"@id":"https:\/\/dev.domkisauny.pl\/cs\/#organization"},"potentialAction":[{"@type":"SearchAction","target":{"@type":"EntryPoint","urlTemplate":"https:\/\/dev.domkisauny.pl\/cs\/?s={search_term_string}"},"query-input":{"@type":"PropertyValueSpecification","valueRequired":true,"valueName":"search_term_string"}}],"inLanguage":"cs"},{"@type":"Organization","@id":"https:\/\/dev.domkisauny.pl\/cs\/#organization","name":"Chaty, sauny","url":"https:\/\/dev.domkisauny.pl\/cs\/","logo":{"@type":"ImageObject","inLanguage":"cs","@id":"https:\/\/dev.domkisauny.pl\/cs\/#\/schema\/logo\/image\/","url":"https:\/\/domkisauny.pl\/wp-content\/uploads\/2022\/09\/logo_03.png","contentUrl":"https:\/\/domkisauny.pl\/wp-content\/uploads\/2022\/09\/logo_03.png","width":95,"height":81,"caption":"Chaty, sauny"},"image":{"@id":"https:\/\/dev.domkisauny.pl\/cs\/#\/schema\/logo\/image\/"},"sameAs":["https:\/\/www.facebook.com\/DomkiSauny"]}]}},"_links":{"self":[{"href":"https:\/\/dev.domkisauny.pl\/cs\/wp-json\/wp\/v2\/product\/1780","targetHints":{"allow":["GET"]}}],"collection":[{"href":"https:\/\/dev.domkisauny.pl\/cs\/wp-json\/wp\/v2\/product"}],"about":[{"href":"https:\/\/dev.domkisauny.pl\/cs\/wp-json\/wp\/v2\/types\/product"}],"wp:featuredmedia":[{"embeddable":true,"href":"https:\/\/dev.domkisauny.pl\/cs\/wp-json\/wp\/v2\/media\/20823"}],"wp:attachment":[{"href":"https:\/\/dev.domkisauny.pl\/cs\/wp-json\/wp\/v2\/media?parent=1780"}],"wp:term":[{"taxonomy":"product_brand","embeddable":true,"href":"https:\/\/dev.domkisauny.pl\/cs\/wp-json\/wp\/v2\/product_brand?post=1780"},{"taxonomy":"product_cat","embeddable":true,"href":"https:\/\/dev.domkisauny.pl\/cs\/wp-json\/wp\/v2\/product_cat?post=1780"},{"taxonomy":"product_tag","embeddable":true,"href":"https:\/\/dev.domkisauny.pl\/cs\/wp-json\/wp\/v2\/product_tag?post=1780"}],"curies":[{"name":"wp","href":"https:\/\/api.w.org\/{rel}","templated":true}]}}