{"id":1773,"date":"2022-10-04T14:54:48","date_gmt":"2022-10-04T12:54:48","guid":{"rendered":"https:\/\/domkisauny.pl\/produkt\/altana-i-3m-x-3m\/"},"modified":"2025-05-23T14:04:58","modified_gmt":"2025-05-23T12:04:58","slug":"altan-i-300-x-300-cm","status":"publish","type":"product","link":"https:\/\/dev.domkisauny.pl\/cs\/produkt\/altan-i-300-x-300-cm\/","title":{"rendered":"Alt\u00e1n I &#8211; 300 x 300 cm"},"content":{"rendered":"<p>Jedn\u00e1 se <strong><b>o kompaktn\u00ed konstrukci<\/b><\/strong>\u00a0vhodnou na zahradu nebo na pozemek. Vyroben z <strong><b>polsk\u00e9ho smrkov\u00e9ho d\u0159eva<\/b><\/strong>.<\/p>\n<p>Alt\u00e1n 1 m\u00e1 rozm. <strong><b>3 x 3 m,<\/b><\/strong>\u00a0m\u00e1 3 zabudovan\u00e9 d\u0159ev\u011bn\u00e9 <strong><b>a\u017eurov\u00e9 panely<\/b><\/strong>. Konstrukce je zalo\u017eena na <strong><b>4 nosn\u00fdch sloupech<\/b><\/strong>, ka\u017ed\u00fd o pr\u016f\u0159ezu <strong><b>9 x 9 cm<\/b><\/strong>. St\u0159e\u0161n\u00ed prkna o tl. <strong><b>18 mm<\/b><\/strong>, v\u00fd\u0161ka alt\u00e1nu <strong><b>268 cm<\/b><\/strong>. D\u0159evo ze kter\u00e9ho je konstrukce vyrobena je vysu\u0161en\u00e9 a <strong><b>hoblovan\u00e9 ze \u010dty\u0159 stran<\/b><\/strong>.<\/p>\n<p><strong><b>Zahradn\u00ed alt\u00e1n<\/b><\/strong>\u00a0je rozd\u011blen na moduly, zabalen a dod\u00e1v\u00e1n na <strong><b>p\u0159epravn\u00ed palet\u011b<\/b><\/strong>. Vy\u017eaduje sv\u00e9pomocnou mont\u00e1\u017e a p\u0159id\u00e1n\u00ed st\u0159e\u0161n\u00ed krytiny.<\/p>\n<h3>Alt\u00e1n 1 s a\u017eurem, 3 x 3 m<\/h3>\n<p><img loading=\"lazy\" decoding=\"async\" class=\"aligncenter size-large wp-image-10997\" src=\"https:\/\/domkysauny.cz\/wp-content\/uploads\/2022\/10\/611701386-altana_i-1024x576.jpg\" alt=\"\" width=\"1024\" height=\"576\" srcset=\"https:\/\/dev.domkisauny.pl\/wp-content\/uploads\/2022\/10\/611701386-altana_i-1024x576.jpg 1024w, https:\/\/dev.domkisauny.pl\/wp-content\/uploads\/2022\/10\/611701386-altana_i-300x169.jpg 300w, https:\/\/dev.domkisauny.pl\/wp-content\/uploads\/2022\/10\/611701386-altana_i-768x432.jpg 768w, https:\/\/dev.domkisauny.pl\/wp-content\/uploads\/2022\/10\/611701386-altana_i-1536x864.jpg 1536w, https:\/\/dev.domkisauny.pl\/wp-content\/uploads\/2022\/10\/611701386-altana_i-1000x563.jpg 1000w, https:\/\/dev.domkisauny.pl\/wp-content\/uploads\/2022\/10\/611701386-altana_i-1320x743.jpg 1320w, https:\/\/dev.domkisauny.pl\/wp-content\/uploads\/2022\/10\/611701386-altana_i.jpg 2000w\" sizes=\"auto, (max-width: 1024px) 100vw, 1024px\" \/><\/p>\n<h3>Zahradn\u00ed alt\u00e1n \u2013 vyu\u017eijte jeho p\u0159ednost\u00ed<\/h3>\n<p>Odpo\u010dinek po pr\u00e1ci nebo b\u011bhem dovolen\u00e9 je samoz\u0159ejmost\u00ed, ale abyste si jej u\u017eili na maximum, vyplat\u00ed se zvolit Alt\u00e1n 1 od A&amp;M. Tato, a\u010d na prvn\u00ed pohled jednoduch\u00e1 konstrukce v sob\u011b skr\u00fdv\u00e1 spoustu v\u00fdhod a umo\u017e\u0148uje u\u017e\u00edvat si odpo\u010dinek r\u016fzn\u00fdmi zp\u016fsoby. Alt\u00e1n na zahrad\u011b je tak\u00e9 origin\u00e1ln\u00ed dekorac\u00ed, kter\u00e1 pom\u00e1h\u00e1 p\u0159i organizaci rodinn\u00fdch oslav, v\u00edkendov\u00fdch setk\u00e1n\u00ed s p\u0159\u00e1teli nebo sladk\u00e9m leno\u0161en\u00ed o samot\u011b. Vlastn\u00ed alt\u00e1n to je tak\u00e9 gril, zp\u00edv\u00e1n\u00ed a spole\u010dn\u011b str\u00e1ven\u00fd \u010das v obklopen\u00ed p\u0159\u00edrody, ale pod st\u0159echou.<\/p>\n<h3>Tradi\u010dn\u011b z polsk\u00e9ho d\u0159eva<\/h3>\n<p>Alt\u00e1n 1 dostupn\u00fd v nab\u00eddce A&amp;M je p\u0159\u00edrodn\u00ed produkt, ru\u010dn\u011b vyroben\u00fd ze su\u0161en\u00e9ho smrkov\u00e9ho d\u0159eva poch\u00e1zej\u00edc\u00edho pouze z polsk\u00fdch les\u016f. \u010cty\u0159strann\u00e1 hoblovan\u00e1 prkna dod\u00e1vaj\u00ed alt\u00e1nu jedine\u010dn\u00fd styl. Konstrukce se vyzna\u010duje stabilitou a m\u00e1 3 d\u0159ev\u011bn\u00e9 a\u017eurov\u00e9 m\u0159\u00ed\u017ee, kter\u00e9 nejen chr\u00e1n\u00ed soukrom\u00ed, ale mohou b\u00fdt ide\u00e1ln\u00ed pro pop\u00ednav\u00e9 rostliny. Krom\u011b toho jsou zde tak\u00e9 d\u0159ev\u011bn\u00e1 z\u00e1bradl\u00ed odpov\u00eddaj\u00edc\u00ed za stabilitu. Kostra alt\u00e1nu je z nosn\u00fdch tr\u00e1m\u016f o v\u00fd\u0161ce 2 m a pr\u016f\u0159ezu 9 x 9 cm &#8211; udr\u017euj\u00ed st\u0159echu z prken o tl. 18 mm a spojuj\u00ed celou konstrukci (v\u00fd\u0161ka 268 cm). V\u00fdsledkem je, \u017ee m\u00e1te k dispozici 9 m\u00b2 prostoru, kter\u00fd m\u016f\u017eete vyu\u017e\u00edt podle vlastn\u00edho uv\u00e1\u017een\u00ed. Alt\u00e1n si m\u016f\u017eete objednat s bezpe\u010dn\u00fdm doru\u010den\u00edm &#8211; prvky jsou zabaleny na p\u0159epravn\u00ed palet\u011b.<\/p>\n<p><img loading=\"lazy\" decoding=\"async\" class=\"aligncenter size-large wp-image-11001\" src=\"https:\/\/domkysauny.cz\/wp-content\/uploads\/2022\/10\/Altana-I-3x3m-rzuty-1024x819.jpg\" alt=\"\" width=\"1024\" height=\"819\" srcset=\"https:\/\/dev.domkisauny.pl\/wp-content\/uploads\/2022\/10\/Altana-I-3x3m-rzuty-1024x819.jpg 1024w, https:\/\/dev.domkisauny.pl\/wp-content\/uploads\/2022\/10\/Altana-I-3x3m-rzuty-300x240.jpg 300w, https:\/\/dev.domkisauny.pl\/wp-content\/uploads\/2022\/10\/Altana-I-3x3m-rzuty-768x614.jpg 768w, https:\/\/dev.domkisauny.pl\/wp-content\/uploads\/2022\/10\/Altana-I-3x3m-rzuty-1536x1229.jpg 1536w, https:\/\/dev.domkisauny.pl\/wp-content\/uploads\/2022\/10\/Altana-I-3x3m-rzuty-1000x800.jpg 1000w, https:\/\/dev.domkisauny.pl\/wp-content\/uploads\/2022\/10\/Altana-I-3x3m-rzuty-1320x1056.jpg 1320w, https:\/\/dev.domkisauny.pl\/wp-content\/uploads\/2022\/10\/Altana-I-3x3m-rzuty.jpg 2000w\" sizes=\"auto, (max-width: 1024px) 100vw, 1024px\" \/><\/p>\n<h3>Spl\u0148te si sv\u00e9 sny, sami<\/h3>\n<p>Pokud nem\u00e1te n\u00e1pad na zahradu, objednejte si d\u0159ev\u011bn\u00fd alt\u00e1n, kter\u00fd dokonale splyne se zelen\u00ed a d\u00e1 V\u00e1m d\u016fvod b\u00fdt na n\u011bj hrd\u00ed. Ne\u017e si ale za\u0159\u00edd\u00edte grilov\u00e1n\u00ed, \u010dek\u00e1 V\u00e1s v\u00fdzva v podob\u011b sv\u00e9pomocn\u00e9 mont\u00e1\u017ee konstrukce, v\u00fdb\u011bru a um\u00edst\u011bn\u00ed krytiny a zhotoven\u00ed podlahy \u010di zpevn\u011bn\u00e9 plochy, na kter\u00e9 bude alt\u00e1n st\u00e1t. Ale nebojte se, pr\u00e1ce je snadn\u00e1 a pot\u0159ebujete k n\u00ed jednoduch\u00e9 n\u00e1stroje a jednoho pomocn\u00edka. Je to dobr\u00fd zp\u016fsob, jak zab\u00edt nudu a podn\u00edtit fantazii. Krom\u011b toho je spole\u010dn\u00e1 pr\u00e1ce z\u00e1bavn\u00e1 a poskytne mnoho t\u00e9mat ke konverzaci, a\u017e bude alt\u00e1n p\u0159ipraven a vybaven. Pak u\u017e bude jen relaxace a p\u0159\u00edjemn\u00e9 uvoln\u011bn\u00ed v bl\u00edzkosti p\u0159\u00edrody.<\/p>\n<p><img loading=\"lazy\" decoding=\"async\" class=\"aligncenter size-full wp-image-320\" src=\"https:\/\/domkysauny.cz\/wp-content\/uploads\/2022\/10\/4.png\" alt=\"\" width=\"478\" height=\"780\" srcset=\"https:\/\/dev.domkisauny.pl\/wp-content\/uploads\/2022\/10\/4.png 478w, https:\/\/dev.domkisauny.pl\/wp-content\/uploads\/2022\/10\/4-184x300.png 184w, https:\/\/dev.domkisauny.pl\/wp-content\/uploads\/2022\/10\/4-300x490.png 300w\" sizes=\"auto, (max-width: 478px) 100vw, 478px\" \/><\/p>\n","protected":false},"excerpt":{"rendered":"<p>Jedn\u00e1 se o kompaktn\u00ed konstrukci\u00a0vhodnou na zahradu nebo na pozemek. Vyroben z polsk\u00e9ho smrkov\u00e9ho d\u0159eva. Alt\u00e1n 1 m\u00e1 rozm. 3<\/p>\n","protected":false},"featured_media":10998,"template":"","meta":{"_acf_changed":false},"product_brand":[],"product_cat":[116],"product_tag":[],"class_list":{"0":"post-1773","1":"product","2":"type-product","3":"status-publish","4":"has-post-thumbnail","6":"product_cat-altan","7":"product_shipping_class-wysylka-grupa1-cs","9":"first","10":"instock","11":"shipping-taxable","12":"purchasable","13":"product-type-simple"},"acf":[],"yoast_head":"<!-- This site is optimized with the Yoast SEO plugin v27.4 - https:\/\/yoast.com\/product\/yoast-seo-wordpress\/ -->\n<title>Alt\u00e1n 1 s a\u017eurem, 3 x 3 m<\/title>\n<meta name=\"description\" content=\"Jedn\u00e1 se o kompaktn\u00ed konstrukci\u00a0vhodnou na zahradu nebo na pozemek. Vyroben z polsk\u00e9ho smrkov\u00e9ho d\u0159eva.\" \/>\n<meta name=\"robots\" content=\"noindex, follow, max-snippet:-1, max-image-preview:large, max-video-preview:-1\" \/>\n<meta property=\"og:locale\" content=\"cs_CZ\" \/>\n<meta property=\"og:type\" content=\"article\" \/>\n<meta property=\"og:title\" content=\"Alt\u00e1n 1 s a\u017eurem, 3 x 3 m\" \/>\n<meta property=\"og:description\" content=\"Jedn\u00e1 se o kompaktn\u00ed konstrukci\u00a0vhodnou na zahradu nebo na pozemek. Vyroben z polsk\u00e9ho smrkov\u00e9ho d\u0159eva.\" \/>\n<meta property=\"og:url\" content=\"https:\/\/dev.domkisauny.pl\/cs\/produkt\/altan-i-300-x-300-cm\/\" \/>\n<meta property=\"og:site_name\" content=\"Chaty, sauny\" \/>\n<meta property=\"article:publisher\" content=\"https:\/\/www.facebook.com\/DomkiSauny\" \/>\n<meta property=\"article:modified_time\" content=\"2025-05-23T12:04:58+00:00\" \/>\n<meta property=\"og:image\" content=\"https:\/\/dev.domkisauny.pl\/wp-content\/uploads\/2022\/10\/611701386-altana_i.jpg\" \/>\n\t<meta property=\"og:image:width\" content=\"2000\" \/>\n\t<meta property=\"og:image:height\" content=\"1125\" \/>\n\t<meta property=\"og:image:type\" content=\"image\/jpeg\" \/>\n<meta name=\"twitter:card\" content=\"summary_large_image\" \/>\n<meta name=\"twitter:label1\" content=\"Odhadovan\u00e1 doba \u010dten\u00ed\" \/>\n\t<meta name=\"twitter:data1\" content=\"4 minuty\" \/>\n<script type=\"application\/ld+json\" class=\"yoast-schema-graph\">{\"@context\":\"https:\\\/\\\/schema.org\",\"@graph\":[{\"@type\":\"WebPage\",\"@id\":\"https:\\\/\\\/dev.domkisauny.pl\\\/cs\\\/produkt\\\/altan-i-300-x-300-cm\\\/\",\"url\":\"https:\\\/\\\/dev.domkisauny.pl\\\/cs\\\/produkt\\\/altan-i-300-x-300-cm\\\/\",\"name\":\"Alt\u00e1n 1 s a\u017eurem, 3 x 3 m\",\"isPartOf\":{\"@id\":\"https:\\\/\\\/dev.domkisauny.pl\\\/cs\\\/#website\"},\"primaryImageOfPage\":{\"@id\":\"https:\\\/\\\/dev.domkisauny.pl\\\/cs\\\/produkt\\\/altan-i-300-x-300-cm\\\/#primaryimage\"},\"image\":{\"@id\":\"https:\\\/\\\/dev.domkisauny.pl\\\/cs\\\/produkt\\\/altan-i-300-x-300-cm\\\/#primaryimage\"},\"thumbnailUrl\":\"https:\\\/\\\/dev.domkisauny.pl\\\/wp-content\\\/uploads\\\/2022\\\/10\\\/611701386-altana_i.jpg\",\"datePublished\":\"2022-10-04T12:54:48+00:00\",\"dateModified\":\"2025-05-23T12:04:58+00:00\",\"description\":\"Jedn\u00e1 se o kompaktn\u00ed konstrukci\u00a0vhodnou na zahradu nebo na pozemek. Vyroben z polsk\u00e9ho smrkov\u00e9ho d\u0159eva.\",\"breadcrumb\":{\"@id\":\"https:\\\/\\\/dev.domkisauny.pl\\\/cs\\\/produkt\\\/altan-i-300-x-300-cm\\\/#breadcrumb\"},\"inLanguage\":\"cs\",\"potentialAction\":[{\"@type\":\"ReadAction\",\"target\":[\"https:\\\/\\\/dev.domkisauny.pl\\\/cs\\\/produkt\\\/altan-i-300-x-300-cm\\\/\"]}]},{\"@type\":\"ImageObject\",\"inLanguage\":\"cs\",\"@id\":\"https:\\\/\\\/dev.domkisauny.pl\\\/cs\\\/produkt\\\/altan-i-300-x-300-cm\\\/#primaryimage\",\"url\":\"https:\\\/\\\/dev.domkisauny.pl\\\/wp-content\\\/uploads\\\/2022\\\/10\\\/611701386-altana_i.jpg\",\"contentUrl\":\"https:\\\/\\\/dev.domkisauny.pl\\\/wp-content\\\/uploads\\\/2022\\\/10\\\/611701386-altana_i.jpg\",\"width\":2000,\"height\":1125},{\"@type\":\"BreadcrumbList\",\"@id\":\"https:\\\/\\\/dev.domkisauny.pl\\\/cs\\\/produkt\\\/altan-i-300-x-300-cm\\\/#breadcrumb\",\"itemListElement\":[{\"@type\":\"ListItem\",\"position\":1,\"name\":\"A&amp;M\",\"item\":\"https:\\\/\\\/dev.domkisauny.pl\\\/cs\\\/\"},{\"@type\":\"ListItem\",\"position\":2,\"name\":\"Produkty\",\"item\":\"https:\\\/\\\/dev.domkisauny.pl\\\/produkty\\\/\"},{\"@type\":\"ListItem\",\"position\":3,\"name\":\"Altany\",\"item\":\"https:\\\/\\\/dev.domkisauny.pl\\\/cs\\\/kategorie-produktu\\\/altan\\\/\"},{\"@type\":\"ListItem\",\"position\":4,\"name\":\"Alt\u00e1n I &#8211; 300 x 300 cm\"}]},{\"@type\":\"WebSite\",\"@id\":\"https:\\\/\\\/dev.domkisauny.pl\\\/cs\\\/#website\",\"url\":\"https:\\\/\\\/dev.domkisauny.pl\\\/cs\\\/\",\"name\":\"Chaty, sauny\",\"description\":\"\",\"publisher\":{\"@id\":\"https:\\\/\\\/dev.domkisauny.pl\\\/cs\\\/#organization\"},\"potentialAction\":[{\"@type\":\"SearchAction\",\"target\":{\"@type\":\"EntryPoint\",\"urlTemplate\":\"https:\\\/\\\/dev.domkisauny.pl\\\/cs\\\/?s={search_term_string}\"},\"query-input\":{\"@type\":\"PropertyValueSpecification\",\"valueRequired\":true,\"valueName\":\"search_term_string\"}}],\"inLanguage\":\"cs\"},{\"@type\":\"Organization\",\"@id\":\"https:\\\/\\\/dev.domkisauny.pl\\\/cs\\\/#organization\",\"name\":\"Chaty, sauny\",\"url\":\"https:\\\/\\\/dev.domkisauny.pl\\\/cs\\\/\",\"logo\":{\"@type\":\"ImageObject\",\"inLanguage\":\"cs\",\"@id\":\"https:\\\/\\\/dev.domkisauny.pl\\\/cs\\\/#\\\/schema\\\/logo\\\/image\\\/\",\"url\":\"https:\\\/\\\/domkisauny.pl\\\/wp-content\\\/uploads\\\/2022\\\/09\\\/logo_03.png\",\"contentUrl\":\"https:\\\/\\\/domkisauny.pl\\\/wp-content\\\/uploads\\\/2022\\\/09\\\/logo_03.png\",\"width\":95,\"height\":81,\"caption\":\"Chaty, sauny\"},\"image\":{\"@id\":\"https:\\\/\\\/dev.domkisauny.pl\\\/cs\\\/#\\\/schema\\\/logo\\\/image\\\/\"},\"sameAs\":[\"https:\\\/\\\/www.facebook.com\\\/DomkiSauny\"]}]}<\/script>\n<!-- \/ Yoast SEO plugin. -->","yoast_head_json":{"title":"Alt\u00e1n 1 s a\u017eurem, 3 x 3 m","description":"Jedn\u00e1 se o kompaktn\u00ed konstrukci\u00a0vhodnou na zahradu nebo na pozemek. Vyroben z polsk\u00e9ho smrkov\u00e9ho d\u0159eva.","robots":{"index":"noindex","follow":"follow","max-snippet":"max-snippet:-1","max-image-preview":"max-image-preview:large","max-video-preview":"max-video-preview:-1"},"og_locale":"cs_CZ","og_type":"article","og_title":"Alt\u00e1n 1 s a\u017eurem, 3 x 3 m","og_description":"Jedn\u00e1 se o kompaktn\u00ed konstrukci\u00a0vhodnou na zahradu nebo na pozemek. Vyroben z polsk\u00e9ho smrkov\u00e9ho d\u0159eva.","og_url":"https:\/\/dev.domkisauny.pl\/cs\/produkt\/altan-i-300-x-300-cm\/","og_site_name":"Chaty, sauny","article_publisher":"https:\/\/www.facebook.com\/DomkiSauny","article_modified_time":"2025-05-23T12:04:58+00:00","og_image":[{"width":2000,"height":1125,"url":"https:\/\/dev.domkisauny.pl\/wp-content\/uploads\/2022\/10\/611701386-altana_i.jpg","type":"image\/jpeg"}],"twitter_card":"summary_large_image","twitter_misc":{"Odhadovan\u00e1 doba \u010dten\u00ed":"4 minuty"},"schema":{"@context":"https:\/\/schema.org","@graph":[{"@type":"WebPage","@id":"https:\/\/dev.domkisauny.pl\/cs\/produkt\/altan-i-300-x-300-cm\/","url":"https:\/\/dev.domkisauny.pl\/cs\/produkt\/altan-i-300-x-300-cm\/","name":"Alt\u00e1n 1 s a\u017eurem, 3 x 3 m","isPartOf":{"@id":"https:\/\/dev.domkisauny.pl\/cs\/#website"},"primaryImageOfPage":{"@id":"https:\/\/dev.domkisauny.pl\/cs\/produkt\/altan-i-300-x-300-cm\/#primaryimage"},"image":{"@id":"https:\/\/dev.domkisauny.pl\/cs\/produkt\/altan-i-300-x-300-cm\/#primaryimage"},"thumbnailUrl":"https:\/\/dev.domkisauny.pl\/wp-content\/uploads\/2022\/10\/611701386-altana_i.jpg","datePublished":"2022-10-04T12:54:48+00:00","dateModified":"2025-05-23T12:04:58+00:00","description":"Jedn\u00e1 se o kompaktn\u00ed konstrukci\u00a0vhodnou na zahradu nebo na pozemek. Vyroben z polsk\u00e9ho smrkov\u00e9ho d\u0159eva.","breadcrumb":{"@id":"https:\/\/dev.domkisauny.pl\/cs\/produkt\/altan-i-300-x-300-cm\/#breadcrumb"},"inLanguage":"cs","potentialAction":[{"@type":"ReadAction","target":["https:\/\/dev.domkisauny.pl\/cs\/produkt\/altan-i-300-x-300-cm\/"]}]},{"@type":"ImageObject","inLanguage":"cs","@id":"https:\/\/dev.domkisauny.pl\/cs\/produkt\/altan-i-300-x-300-cm\/#primaryimage","url":"https:\/\/dev.domkisauny.pl\/wp-content\/uploads\/2022\/10\/611701386-altana_i.jpg","contentUrl":"https:\/\/dev.domkisauny.pl\/wp-content\/uploads\/2022\/10\/611701386-altana_i.jpg","width":2000,"height":1125},{"@type":"BreadcrumbList","@id":"https:\/\/dev.domkisauny.pl\/cs\/produkt\/altan-i-300-x-300-cm\/#breadcrumb","itemListElement":[{"@type":"ListItem","position":1,"name":"A&amp;M","item":"https:\/\/dev.domkisauny.pl\/cs\/"},{"@type":"ListItem","position":2,"name":"Produkty","item":"https:\/\/dev.domkisauny.pl\/produkty\/"},{"@type":"ListItem","position":3,"name":"Altany","item":"https:\/\/dev.domkisauny.pl\/cs\/kategorie-produktu\/altan\/"},{"@type":"ListItem","position":4,"name":"Alt\u00e1n I &#8211; 300 x 300 cm"}]},{"@type":"WebSite","@id":"https:\/\/dev.domkisauny.pl\/cs\/#website","url":"https:\/\/dev.domkisauny.pl\/cs\/","name":"Chaty, sauny","description":"","publisher":{"@id":"https:\/\/dev.domkisauny.pl\/cs\/#organization"},"potentialAction":[{"@type":"SearchAction","target":{"@type":"EntryPoint","urlTemplate":"https:\/\/dev.domkisauny.pl\/cs\/?s={search_term_string}"},"query-input":{"@type":"PropertyValueSpecification","valueRequired":true,"valueName":"search_term_string"}}],"inLanguage":"cs"},{"@type":"Organization","@id":"https:\/\/dev.domkisauny.pl\/cs\/#organization","name":"Chaty, sauny","url":"https:\/\/dev.domkisauny.pl\/cs\/","logo":{"@type":"ImageObject","inLanguage":"cs","@id":"https:\/\/dev.domkisauny.pl\/cs\/#\/schema\/logo\/image\/","url":"https:\/\/domkisauny.pl\/wp-content\/uploads\/2022\/09\/logo_03.png","contentUrl":"https:\/\/domkisauny.pl\/wp-content\/uploads\/2022\/09\/logo_03.png","width":95,"height":81,"caption":"Chaty, sauny"},"image":{"@id":"https:\/\/dev.domkisauny.pl\/cs\/#\/schema\/logo\/image\/"},"sameAs":["https:\/\/www.facebook.com\/DomkiSauny"]}]}},"_links":{"self":[{"href":"https:\/\/dev.domkisauny.pl\/cs\/wp-json\/wp\/v2\/product\/1773","targetHints":{"allow":["GET"]}}],"collection":[{"href":"https:\/\/dev.domkisauny.pl\/cs\/wp-json\/wp\/v2\/product"}],"about":[{"href":"https:\/\/dev.domkisauny.pl\/cs\/wp-json\/wp\/v2\/types\/product"}],"wp:featuredmedia":[{"embeddable":true,"href":"https:\/\/dev.domkisauny.pl\/cs\/wp-json\/wp\/v2\/media\/10998"}],"wp:attachment":[{"href":"https:\/\/dev.domkisauny.pl\/cs\/wp-json\/wp\/v2\/media?parent=1773"}],"wp:term":[{"taxonomy":"product_brand","embeddable":true,"href":"https:\/\/dev.domkisauny.pl\/cs\/wp-json\/wp\/v2\/product_brand?post=1773"},{"taxonomy":"product_cat","embeddable":true,"href":"https:\/\/dev.domkisauny.pl\/cs\/wp-json\/wp\/v2\/product_cat?post=1773"},{"taxonomy":"product_tag","embeddable":true,"href":"https:\/\/dev.domkisauny.pl\/cs\/wp-json\/wp\/v2\/product_tag?post=1773"}],"curies":[{"name":"wp","href":"https:\/\/api.w.org\/{rel}","templated":true}]}}