{"id":1767,"date":"2022-10-04T15:17:37","date_gmt":"2022-10-04T13:17:37","guid":{"rendered":"https:\/\/domkisauny.pl\/produkt\/zuzia-i-3-x-5m\/"},"modified":"2025-05-15T15:46:39","modified_gmt":"2025-05-15T13:46:39","slug":"dreveny-domek-s-terasou-zuzia-300cm-x-500cm","status":"publish","type":"product","link":"https:\/\/dev.domkisauny.pl\/cs\/produkt\/dreveny-domek-s-terasou-zuzia-300cm-x-500cm\/","title":{"rendered":"D\u0159ev\u011bn\u00fd domek s terasou ZUZIA 300cm x 500cm"},"content":{"rendered":"<h3>Specifikace domku:<\/h3>\n<ul>\n<li>Vn\u011bj\u0161\u00ed rozm\u011bry: 3m x 5m<\/li>\n<li>Rozm\u011bry domku: 3m x 3m<\/li>\n<li>Rozm\u011bry terasy: 3m x 2m<\/li>\n<li>St\u0159echa sedlov\u00e1 prkenn\u00e1<\/li>\n<li>D\u0159evo: p\u0159\u00edrodn\u00ed smrk, hoblovan\u00e9 ze \u010dty\u0159 stran, brou\u0161en\u00e9<\/li>\n<li>vlhkost d\u0159eva: 18%<\/li>\n<li>v\u00fd\u0161ka st\u011bny: 2,07m<\/li>\n<li>tlou\u0161\u0165ka prken na st\u011bn\u011b: 34mm<\/li>\n<li>tlou\u0161\u0165ka st\u0159e\u0161n\u00edch prken: 18mm<\/li>\n<li>tlou\u0161\u0165ka podlahov\u00fdch prken domku: 18mm<\/li>\n<li>tlou\u0161\u0165ka terasov\u00fdch prken: 18mm<\/li>\n<li>dvouk\u0159\u00eddl\u00e9 dve\u0159e s jednoduch\u00fdm sklem, z\u00e1mek, klika<\/li>\n<li>rozm\u011bry dve\u0159\u00ed: 725mm x 1800mm<\/li>\n<li>rozm\u011br okna: 600 mm x 800 mm<\/li>\n<li>sklo v okn\u011b: 3mm<\/li>\n<li>hmotnost domku: 800 kg<\/li>\n<li><span style=\"text-decoration: underline;\">Domek dod\u00e1v\u00e1n bez podlahy<\/span><\/li>\n<\/ul>\n<p>D\u0159ev\u011bn\u00fd <strong><b>letn\u00ed domek Zuzia 1<\/b><\/strong>\u00a0je konstrukc\u00ed s <strong><b>terasou<\/b><\/strong>, vyrobenou tradi\u010dn\u011b z <strong><b>polsk\u00e9ho smrkov\u00e9ho d\u0159eva<\/b><\/strong>. Vejde se na zahradu, na pozemek nebo do kempu.<\/p>\n<p>Domek Zuzia 1 o <strong><b>rozm. 3 x 5 m<\/b><\/strong>\u00a0m\u00e1 prostornou <strong><b>zast\u0159e\u0161enou terasu<\/b><\/strong>\u00a0a konstrukce je vykon\u00e1na z brou\u0161en\u00fdch prken, hoblovan\u00fdch ze \u010dty\u0159 stran ze d\u0159eva o vlhkosti <strong><b>18%<\/b><\/strong>. Tl. st\u011bnov\u00fdch prken je <strong><b>34 mm<\/b><\/strong>, a podlahov\u00e9 a st\u0159e\u0161n\u00ed prkna maj\u00ed <strong><b>18 mm<\/b><\/strong>. M\u00e1 prkennou sedlovou st\u0159echu a <strong><b>dvouk\u0159\u00eddl\u00e9 dve\u0159e<\/b><\/strong>\u00a0s jednoduch\u00fdm sklem, klikou a z\u00e1mkem a <strong><b>jednok\u0159\u00eddl\u00e9 okno<\/b><\/strong>\u00a0se sklem o tl. <strong><b>3 mm<\/b><\/strong>.<\/p>\n<p>Produkt pro <strong><b>sv\u00e9pomocnou mont\u00e1\u017e<\/b><\/strong>\u00a0konstrukce, st\u0159e\u0161n\u00ed krytiny a impregnaci. Hmotnost <strong><b>800 kg<\/b><\/strong>, dod\u00e1n\u00ed na palet\u011b.<\/p>\n<h3>Domek 3 x 5 m Zuzia 1 s terasou<\/h3>\n<p><a href=\"https:\/\/domkysauny.sk\/wp-content\/uploads\/2022\/10\/zuzia1-wizualizcja.jpg\"><img loading=\"lazy\" decoding=\"async\" class=\"aligncenter wp-image-19921 size-full\" src=\"https:\/\/domkysauny.sk\/wp-content\/uploads\/2022\/10\/zuzia1-wizualizcja.jpg\" alt=\"\" width=\"2000\" height=\"1600\" srcset=\"https:\/\/dev.domkisauny.pl\/wp-content\/uploads\/2022\/10\/zuzia1-wizualizcja.jpg 2000w, https:\/\/dev.domkisauny.pl\/wp-content\/uploads\/2022\/10\/zuzia1-wizualizcja-300x240.jpg 300w, https:\/\/dev.domkisauny.pl\/wp-content\/uploads\/2022\/10\/zuzia1-wizualizcja-1024x819.jpg 1024w, https:\/\/dev.domkisauny.pl\/wp-content\/uploads\/2022\/10\/zuzia1-wizualizcja-768x614.jpg 768w, https:\/\/dev.domkisauny.pl\/wp-content\/uploads\/2022\/10\/zuzia1-wizualizcja-1536x1229.jpg 1536w, https:\/\/dev.domkisauny.pl\/wp-content\/uploads\/2022\/10\/zuzia1-wizualizcja-1000x800.jpg 1000w\" sizes=\"auto, (max-width: 2000px) 100vw, 2000px\" \/><\/a><\/p>\n<h3>Letn\u00ed domek Zuzia 1 &#8211; azyl pro p\u0159epracovan\u00e9<\/h3>\n<p>Kdy\u017e V\u00e1s pr\u00e1ce zaval\u00ed natolik, \u017ee nem\u00e1te \u010das na odpo\u010dinek, a pr\u00e1zdn\u00fd pozemek si a\u017e koleduje o vyu\u017eit\u00ed, vyberte si d\u0159ev\u011bn\u00fd domek s terasou. D\u00edky n\u011bmu kone\u010dn\u011b poc\u00edt\u00edte \u00falevu a odpo\u010dinek obklopeni p\u0159\u00edrodou, zapomenete na pr\u00e1ci a rutinu. Konstrukce od A&amp;M jsou vyrobeny z p\u0159\u00edrodn\u00edho d\u0159eva, jsou ergonomicky navr\u017eeny a umo\u017e\u0148uj\u00ed V\u00e1m vytvo\u0159it si vlastn\u00ed azyl. Ide\u00e1ln\u011b na dovolenou nebo v\u00edkend, pokud chcete za\u017e\u00edt relaxaci a uvoln\u011bn\u00ed. Majitel\u00e9 ubytov\u00e1n\u00ed pro zm\u011bnu ocen\u00ed domek Zuzia 1 pro jeho kompaktn\u00ed rozm\u011bry a funk\u010dnost, d\u00edky nim\u017e se skv\u011ble hod\u00ed jako pohodln\u00fd ubytovac\u00ed prostor pro turisty.<\/p>\n<h3>Tradice a polsk\u00e9 p\u0159\u00edrodn\u00ed d\u0159evo<\/h3>\n<p>Rekrea\u010dn\u00ed domky A&amp;M jsou vyr\u00e1b\u011bny tradi\u010dn\u00edm zp\u016fsobem &#8211; je to ru\u010dn\u00ed v\u00fdroba. Surovinou jsou obrou\u0161en\u00e1 a \u010dty\u0159strann\u011b hoblovan\u00e1 prkna z polsk\u00e9ho, p\u0159\u00edrodn\u00edho smrkov\u00e9ho d\u0159eva s vlhkost\u00ed 18%. Velkou v\u00fdhodou domku je zast\u0159e\u0161en\u00e1 terasa s plochou 6 m\u00b2 a \u00fatuln\u00fd interi\u00e9r o rozm. 3 x 3 m. Objekt je zast\u0159e\u0161en sedlovou, prkennou st\u0159echou a p\u0159\u00edstup slune\u010dn\u00edho sv\u011btla zaji\u0161\u0165uje jednok\u0159\u00eddl\u00e9 okno se sklem o tl. 3 mm, zat\u00edmco p\u0159\u00edstup do interi\u00e9ru zaru\u010duj\u00ed dvouk\u0159\u00eddl\u00e9 dve\u0159e s jednoduch\u00fdm sklem, z\u00e1mkem a klikou. Na podlaze, terase a st\u0159e\u0161e jsou prkna o tl. 18 mm, zat\u00edmco st\u011bny maj\u00ed tlou\u0161\u0165ku 34 mm. Za pozornost stoj\u00ed rovn\u011b\u017e ergonomie a p\u0159irozenost konstrukce. Domek dod\u00e1v\u00e1me na p\u0159epravn\u00ed palet\u011b. Cel\u00fd si jej sestav\u00edte s pomoc\u00ed druh\u00e9 osoby a z\u00e1kladn\u00edho n\u00e1\u0159ad\u00ed.<\/p>\n<p data-wp-editing=\"1\"><img loading=\"lazy\" decoding=\"async\" class=\"aligncenter wp-image-20448 size-full\" src=\"https:\/\/domkysauny.sk\/wp-content\/uploads\/2022\/10\/zuzia-wymiary.jpg\" alt=\"\" width=\"2000\" height=\"1600\" srcset=\"https:\/\/dev.domkisauny.pl\/wp-content\/uploads\/2022\/10\/zuzia-wymiary.jpg 2000w, https:\/\/dev.domkisauny.pl\/wp-content\/uploads\/2022\/10\/zuzia-wymiary-300x240.jpg 300w, https:\/\/dev.domkisauny.pl\/wp-content\/uploads\/2022\/10\/zuzia-wymiary-1024x819.jpg 1024w, https:\/\/dev.domkisauny.pl\/wp-content\/uploads\/2022\/10\/zuzia-wymiary-768x614.jpg 768w, https:\/\/dev.domkisauny.pl\/wp-content\/uploads\/2022\/10\/zuzia-wymiary-1536x1229.jpg 1536w, https:\/\/dev.domkisauny.pl\/wp-content\/uploads\/2022\/10\/zuzia-wymiary-1000x800.jpg 1000w\" sizes=\"auto, (max-width: 2000px) 100vw, 2000px\" \/><\/p>\n<h3>Realizujte sv\u00e9 vlastn\u00ed n\u00e1pady<\/h3>\n<p>Jedn\u00edm z p\u0159edpoklad\u016f n\u00e1mi vytv\u00e1\u0159en\u00fdch d\u0159ev\u011bn\u00fdch konstrukc\u00ed bylo, abyste mohli sami p\u0159isp\u011bt k dokon\u010den\u00ed letn\u00edho domku. Prvky jako st\u0159e\u0161n\u00ed krytina nebo barevn\u00e1 impregnace proto m\u016f\u017eete vykonat sv\u00e9pomoc\u00ed nebo s pomoc\u00ed rodiny \u010di p\u0159\u00e1tel. Bude to nejen skv\u011bl\u00e1 z\u00e1bava, ale tak\u00e9 p\u0159\u00edle\u017eitost uk\u00e1zat kreativitu. Nic toti\u017e nespoj\u00ed tak, jako pr\u00e1ce na spole\u010dn\u00e9m projektu, jeho\u017e efekty jsou vid\u011bt hned. Domek Zuzia 1 je skv\u011blou p\u0159\u00edle\u017eitost\u00ed k realizaci vlastn\u00edch n\u00e1pad\u016f a uspo\u0159\u00e1d\u00e1n\u00ed setk\u00e1n\u00ed se sv\u00fdmi bl\u00edzk\u00fdmi. Mo\u017enost uspo\u0159\u00e1d\u00e1n\u00ed vybran\u00fdch konstruk\u010dn\u00edch prvk\u016f nav\u00edc ocen\u00ed majitel\u00e9 ubytov\u00e1n\u00ed, kte\u0159\u00ed tak budou moci realizovat svou vlastn\u00ed vizi.<\/p>\n<p><img loading=\"lazy\" decoding=\"async\" class=\"aligncenter size-full wp-image-341\" style=\"color: #333333; font-size: 16px;\" src=\"https:\/\/domkysauny.cz\/wp-content\/uploads\/2022\/10\/zuzia2.jpg\" alt=\"\" width=\"2560\" height=\"1810\" srcset=\"https:\/\/dev.domkisauny.pl\/wp-content\/uploads\/2022\/10\/zuzia2.jpg 2560w, https:\/\/dev.domkisauny.pl\/wp-content\/uploads\/2022\/10\/zuzia2-300x212.jpg 300w, https:\/\/dev.domkisauny.pl\/wp-content\/uploads\/2022\/10\/zuzia2-768x543.jpg 768w, https:\/\/dev.domkisauny.pl\/wp-content\/uploads\/2022\/10\/zuzia2-1024x724.jpg 1024w, https:\/\/dev.domkisauny.pl\/wp-content\/uploads\/2022\/10\/zuzia2-1536x1086.jpg 1536w, https:\/\/dev.domkisauny.pl\/wp-content\/uploads\/2022\/10\/zuzia2-2048x1448.jpg 2048w, https:\/\/dev.domkisauny.pl\/wp-content\/uploads\/2022\/10\/zuzia2-1000x707.jpg 1000w\" sizes=\"auto, (max-width: 2560px) 100vw, 2560px\" \/><\/p>\n<p><img loading=\"lazy\" decoding=\"async\" class=\"aligncenter size-full wp-image-342\" src=\"https:\/\/domkysauny.cz\/wp-content\/uploads\/2022\/10\/zuzia3.png\" alt=\"\" width=\"353\" height=\"393\" srcset=\"https:\/\/dev.domkisauny.pl\/wp-content\/uploads\/2022\/10\/zuzia3.png 353w, https:\/\/dev.domkisauny.pl\/wp-content\/uploads\/2022\/10\/zuzia3-269x300.png 269w, https:\/\/dev.domkisauny.pl\/wp-content\/uploads\/2022\/10\/zuzia3-300x334.png 300w\" sizes=\"auto, (max-width: 353px) 100vw, 353px\" \/><\/p>\n","protected":false},"excerpt":{"rendered":"<p>Specifikace domku: Vn\u011bj\u0161\u00ed rozm\u011bry: 3m x 5m Rozm\u011bry domku: 3m x 3m Rozm\u011bry terasy: 3m x 2m St\u0159echa sedlov\u00e1 prkenn\u00e1<\/p>\n","protected":false},"featured_media":19921,"template":"","meta":{"_acf_changed":false},"product_brand":[],"product_cat":[79],"product_tag":[],"class_list":{"0":"post-1767","1":"product","2":"type-product","3":"status-publish","4":"has-post-thumbnail","6":"product_cat-chaty","7":"product_shipping_class-wysylka-grupa1-cs","9":"first","10":"instock","11":"shipping-taxable","12":"purchasable","13":"product-type-simple"},"acf":[],"yoast_head":"<!-- This site is optimized with the Yoast SEO plugin v27.4 - https:\/\/yoast.com\/product\/yoast-seo-wordpress\/ -->\n<title>Letn\u00ed domek Zuzia 1 - azyl pro p\u0159epracovan\u00e9<\/title>\n<meta name=\"description\" content=\"D\u0159ev\u011bn\u00fd letn\u00ed domek Zuzia 1\u00a0je konstrukc\u00ed s terasou, vyrobenou tradi\u010dn\u011b z polsk\u00e9ho smrkov\u00e9ho d\u0159eva. Vejde se na zahradu, na pozemek nebo do kempu.\" \/>\n<meta name=\"robots\" content=\"noindex, follow, max-snippet:-1, max-image-preview:large, max-video-preview:-1\" \/>\n<meta property=\"og:locale\" content=\"cs_CZ\" \/>\n<meta property=\"og:type\" content=\"article\" \/>\n<meta property=\"og:title\" content=\"Letn\u00ed domek Zuzia 1 - azyl pro p\u0159epracovan\u00e9\" \/>\n<meta property=\"og:description\" content=\"D\u0159ev\u011bn\u00fd letn\u00ed domek Zuzia 1\u00a0je konstrukc\u00ed s terasou, vyrobenou tradi\u010dn\u011b z polsk\u00e9ho smrkov\u00e9ho d\u0159eva. Vejde se na zahradu, na pozemek nebo do kempu.\" \/>\n<meta property=\"og:url\" content=\"https:\/\/dev.domkisauny.pl\/cs\/produkt\/dreveny-domek-s-terasou-zuzia-300cm-x-500cm\/\" \/>\n<meta property=\"og:site_name\" content=\"Chaty, sauny\" \/>\n<meta property=\"article:publisher\" content=\"https:\/\/www.facebook.com\/DomkiSauny\" \/>\n<meta property=\"article:modified_time\" content=\"2025-05-15T13:46:39+00:00\" \/>\n<meta property=\"og:image\" content=\"https:\/\/dev.domkisauny.pl\/wp-content\/uploads\/2022\/10\/zuzia1-wizualizcja-1024x819.jpg\" \/>\n\t<meta property=\"og:image:width\" content=\"1024\" \/>\n\t<meta property=\"og:image:height\" content=\"819\" \/>\n\t<meta property=\"og:image:type\" content=\"image\/jpeg\" \/>\n<meta name=\"twitter:card\" content=\"summary_large_image\" \/>\n<meta name=\"twitter:label1\" content=\"Odhadovan\u00e1 doba \u010dten\u00ed\" \/>\n\t<meta name=\"twitter:data1\" content=\"5 minut\" \/>\n<script type=\"application\/ld+json\" class=\"yoast-schema-graph\">{\"@context\":\"https:\\\/\\\/schema.org\",\"@graph\":[{\"@type\":\"WebPage\",\"@id\":\"https:\\\/\\\/dev.domkisauny.pl\\\/cs\\\/produkt\\\/dreveny-domek-s-terasou-zuzia-300cm-x-500cm\\\/\",\"url\":\"https:\\\/\\\/dev.domkisauny.pl\\\/cs\\\/produkt\\\/dreveny-domek-s-terasou-zuzia-300cm-x-500cm\\\/\",\"name\":\"Letn\u00ed domek Zuzia 1 - azyl pro p\u0159epracovan\u00e9\",\"isPartOf\":{\"@id\":\"https:\\\/\\\/dev.domkisauny.pl\\\/cs\\\/#website\"},\"primaryImageOfPage\":{\"@id\":\"https:\\\/\\\/dev.domkisauny.pl\\\/cs\\\/produkt\\\/dreveny-domek-s-terasou-zuzia-300cm-x-500cm\\\/#primaryimage\"},\"image\":{\"@id\":\"https:\\\/\\\/dev.domkisauny.pl\\\/cs\\\/produkt\\\/dreveny-domek-s-terasou-zuzia-300cm-x-500cm\\\/#primaryimage\"},\"thumbnailUrl\":\"https:\\\/\\\/dev.domkisauny.pl\\\/wp-content\\\/uploads\\\/2022\\\/10\\\/zuzia1-wizualizcja.jpg\",\"datePublished\":\"2022-10-04T13:17:37+00:00\",\"dateModified\":\"2025-05-15T13:46:39+00:00\",\"description\":\"D\u0159ev\u011bn\u00fd letn\u00ed domek Zuzia 1\u00a0je konstrukc\u00ed s terasou, vyrobenou tradi\u010dn\u011b z polsk\u00e9ho smrkov\u00e9ho d\u0159eva. Vejde se na zahradu, na pozemek nebo do kempu.\",\"breadcrumb\":{\"@id\":\"https:\\\/\\\/dev.domkisauny.pl\\\/cs\\\/produkt\\\/dreveny-domek-s-terasou-zuzia-300cm-x-500cm\\\/#breadcrumb\"},\"inLanguage\":\"cs\",\"potentialAction\":[{\"@type\":\"ReadAction\",\"target\":[\"https:\\\/\\\/dev.domkisauny.pl\\\/cs\\\/produkt\\\/dreveny-domek-s-terasou-zuzia-300cm-x-500cm\\\/\"]}]},{\"@type\":\"ImageObject\",\"inLanguage\":\"cs\",\"@id\":\"https:\\\/\\\/dev.domkisauny.pl\\\/cs\\\/produkt\\\/dreveny-domek-s-terasou-zuzia-300cm-x-500cm\\\/#primaryimage\",\"url\":\"https:\\\/\\\/dev.domkisauny.pl\\\/wp-content\\\/uploads\\\/2022\\\/10\\\/zuzia1-wizualizcja.jpg\",\"contentUrl\":\"https:\\\/\\\/dev.domkisauny.pl\\\/wp-content\\\/uploads\\\/2022\\\/10\\\/zuzia1-wizualizcja.jpg\",\"width\":2000,\"height\":1600},{\"@type\":\"BreadcrumbList\",\"@id\":\"https:\\\/\\\/dev.domkisauny.pl\\\/cs\\\/produkt\\\/dreveny-domek-s-terasou-zuzia-300cm-x-500cm\\\/#breadcrumb\",\"itemListElement\":[{\"@type\":\"ListItem\",\"position\":1,\"name\":\"A&amp;M\",\"item\":\"https:\\\/\\\/dev.domkisauny.pl\\\/cs\\\/\"},{\"@type\":\"ListItem\",\"position\":2,\"name\":\"Produkty\",\"item\":\"https:\\\/\\\/dev.domkisauny.pl\\\/produkty\\\/\"},{\"@type\":\"ListItem\",\"position\":3,\"name\":\"Domy\",\"item\":\"https:\\\/\\\/dev.domkisauny.pl\\\/cs\\\/kategorie-produktu\\\/domy-cs\\\/\"},{\"@type\":\"ListItem\",\"position\":4,\"name\":\"Chaty\",\"item\":\"https:\\\/\\\/dev.domkisauny.pl\\\/cs\\\/kategorie-produktu\\\/domy-cs\\\/chaty\\\/\"},{\"@type\":\"ListItem\",\"position\":5,\"name\":\"D\u0159ev\u011bn\u00fd domek s terasou ZUZIA 300cm x 500cm\"}]},{\"@type\":\"WebSite\",\"@id\":\"https:\\\/\\\/dev.domkisauny.pl\\\/cs\\\/#website\",\"url\":\"https:\\\/\\\/dev.domkisauny.pl\\\/cs\\\/\",\"name\":\"Chaty, sauny\",\"description\":\"\",\"publisher\":{\"@id\":\"https:\\\/\\\/dev.domkisauny.pl\\\/cs\\\/#organization\"},\"potentialAction\":[{\"@type\":\"SearchAction\",\"target\":{\"@type\":\"EntryPoint\",\"urlTemplate\":\"https:\\\/\\\/dev.domkisauny.pl\\\/cs\\\/?s={search_term_string}\"},\"query-input\":{\"@type\":\"PropertyValueSpecification\",\"valueRequired\":true,\"valueName\":\"search_term_string\"}}],\"inLanguage\":\"cs\"},{\"@type\":\"Organization\",\"@id\":\"https:\\\/\\\/dev.domkisauny.pl\\\/cs\\\/#organization\",\"name\":\"Chaty, sauny\",\"url\":\"https:\\\/\\\/dev.domkisauny.pl\\\/cs\\\/\",\"logo\":{\"@type\":\"ImageObject\",\"inLanguage\":\"cs\",\"@id\":\"https:\\\/\\\/dev.domkisauny.pl\\\/cs\\\/#\\\/schema\\\/logo\\\/image\\\/\",\"url\":\"https:\\\/\\\/domkisauny.pl\\\/wp-content\\\/uploads\\\/2022\\\/09\\\/logo_03.png\",\"contentUrl\":\"https:\\\/\\\/domkisauny.pl\\\/wp-content\\\/uploads\\\/2022\\\/09\\\/logo_03.png\",\"width\":95,\"height\":81,\"caption\":\"Chaty, sauny\"},\"image\":{\"@id\":\"https:\\\/\\\/dev.domkisauny.pl\\\/cs\\\/#\\\/schema\\\/logo\\\/image\\\/\"},\"sameAs\":[\"https:\\\/\\\/www.facebook.com\\\/DomkiSauny\"]}]}<\/script>\n<!-- \/ Yoast SEO plugin. -->","yoast_head_json":{"title":"Letn\u00ed domek Zuzia 1 - azyl pro p\u0159epracovan\u00e9","description":"D\u0159ev\u011bn\u00fd letn\u00ed domek Zuzia 1\u00a0je konstrukc\u00ed s terasou, vyrobenou tradi\u010dn\u011b z polsk\u00e9ho smrkov\u00e9ho d\u0159eva. Vejde se na zahradu, na pozemek nebo do kempu.","robots":{"index":"noindex","follow":"follow","max-snippet":"max-snippet:-1","max-image-preview":"max-image-preview:large","max-video-preview":"max-video-preview:-1"},"og_locale":"cs_CZ","og_type":"article","og_title":"Letn\u00ed domek Zuzia 1 - azyl pro p\u0159epracovan\u00e9","og_description":"D\u0159ev\u011bn\u00fd letn\u00ed domek Zuzia 1\u00a0je konstrukc\u00ed s terasou, vyrobenou tradi\u010dn\u011b z polsk\u00e9ho smrkov\u00e9ho d\u0159eva. Vejde se na zahradu, na pozemek nebo do kempu.","og_url":"https:\/\/dev.domkisauny.pl\/cs\/produkt\/dreveny-domek-s-terasou-zuzia-300cm-x-500cm\/","og_site_name":"Chaty, sauny","article_publisher":"https:\/\/www.facebook.com\/DomkiSauny","article_modified_time":"2025-05-15T13:46:39+00:00","og_image":[{"width":1024,"height":819,"url":"https:\/\/dev.domkisauny.pl\/wp-content\/uploads\/2022\/10\/zuzia1-wizualizcja-1024x819.jpg","type":"image\/jpeg"}],"twitter_card":"summary_large_image","twitter_misc":{"Odhadovan\u00e1 doba \u010dten\u00ed":"5 minut"},"schema":{"@context":"https:\/\/schema.org","@graph":[{"@type":"WebPage","@id":"https:\/\/dev.domkisauny.pl\/cs\/produkt\/dreveny-domek-s-terasou-zuzia-300cm-x-500cm\/","url":"https:\/\/dev.domkisauny.pl\/cs\/produkt\/dreveny-domek-s-terasou-zuzia-300cm-x-500cm\/","name":"Letn\u00ed domek Zuzia 1 - azyl pro p\u0159epracovan\u00e9","isPartOf":{"@id":"https:\/\/dev.domkisauny.pl\/cs\/#website"},"primaryImageOfPage":{"@id":"https:\/\/dev.domkisauny.pl\/cs\/produkt\/dreveny-domek-s-terasou-zuzia-300cm-x-500cm\/#primaryimage"},"image":{"@id":"https:\/\/dev.domkisauny.pl\/cs\/produkt\/dreveny-domek-s-terasou-zuzia-300cm-x-500cm\/#primaryimage"},"thumbnailUrl":"https:\/\/dev.domkisauny.pl\/wp-content\/uploads\/2022\/10\/zuzia1-wizualizcja.jpg","datePublished":"2022-10-04T13:17:37+00:00","dateModified":"2025-05-15T13:46:39+00:00","description":"D\u0159ev\u011bn\u00fd letn\u00ed domek Zuzia 1\u00a0je konstrukc\u00ed s terasou, vyrobenou tradi\u010dn\u011b z polsk\u00e9ho smrkov\u00e9ho d\u0159eva. Vejde se na zahradu, na pozemek nebo do kempu.","breadcrumb":{"@id":"https:\/\/dev.domkisauny.pl\/cs\/produkt\/dreveny-domek-s-terasou-zuzia-300cm-x-500cm\/#breadcrumb"},"inLanguage":"cs","potentialAction":[{"@type":"ReadAction","target":["https:\/\/dev.domkisauny.pl\/cs\/produkt\/dreveny-domek-s-terasou-zuzia-300cm-x-500cm\/"]}]},{"@type":"ImageObject","inLanguage":"cs","@id":"https:\/\/dev.domkisauny.pl\/cs\/produkt\/dreveny-domek-s-terasou-zuzia-300cm-x-500cm\/#primaryimage","url":"https:\/\/dev.domkisauny.pl\/wp-content\/uploads\/2022\/10\/zuzia1-wizualizcja.jpg","contentUrl":"https:\/\/dev.domkisauny.pl\/wp-content\/uploads\/2022\/10\/zuzia1-wizualizcja.jpg","width":2000,"height":1600},{"@type":"BreadcrumbList","@id":"https:\/\/dev.domkisauny.pl\/cs\/produkt\/dreveny-domek-s-terasou-zuzia-300cm-x-500cm\/#breadcrumb","itemListElement":[{"@type":"ListItem","position":1,"name":"A&amp;M","item":"https:\/\/dev.domkisauny.pl\/cs\/"},{"@type":"ListItem","position":2,"name":"Produkty","item":"https:\/\/dev.domkisauny.pl\/produkty\/"},{"@type":"ListItem","position":3,"name":"Domy","item":"https:\/\/dev.domkisauny.pl\/cs\/kategorie-produktu\/domy-cs\/"},{"@type":"ListItem","position":4,"name":"Chaty","item":"https:\/\/dev.domkisauny.pl\/cs\/kategorie-produktu\/domy-cs\/chaty\/"},{"@type":"ListItem","position":5,"name":"D\u0159ev\u011bn\u00fd domek s terasou ZUZIA 300cm x 500cm"}]},{"@type":"WebSite","@id":"https:\/\/dev.domkisauny.pl\/cs\/#website","url":"https:\/\/dev.domkisauny.pl\/cs\/","name":"Chaty, sauny","description":"","publisher":{"@id":"https:\/\/dev.domkisauny.pl\/cs\/#organization"},"potentialAction":[{"@type":"SearchAction","target":{"@type":"EntryPoint","urlTemplate":"https:\/\/dev.domkisauny.pl\/cs\/?s={search_term_string}"},"query-input":{"@type":"PropertyValueSpecification","valueRequired":true,"valueName":"search_term_string"}}],"inLanguage":"cs"},{"@type":"Organization","@id":"https:\/\/dev.domkisauny.pl\/cs\/#organization","name":"Chaty, sauny","url":"https:\/\/dev.domkisauny.pl\/cs\/","logo":{"@type":"ImageObject","inLanguage":"cs","@id":"https:\/\/dev.domkisauny.pl\/cs\/#\/schema\/logo\/image\/","url":"https:\/\/domkisauny.pl\/wp-content\/uploads\/2022\/09\/logo_03.png","contentUrl":"https:\/\/domkisauny.pl\/wp-content\/uploads\/2022\/09\/logo_03.png","width":95,"height":81,"caption":"Chaty, sauny"},"image":{"@id":"https:\/\/dev.domkisauny.pl\/cs\/#\/schema\/logo\/image\/"},"sameAs":["https:\/\/www.facebook.com\/DomkiSauny"]}]}},"_links":{"self":[{"href":"https:\/\/dev.domkisauny.pl\/cs\/wp-json\/wp\/v2\/product\/1767","targetHints":{"allow":["GET"]}}],"collection":[{"href":"https:\/\/dev.domkisauny.pl\/cs\/wp-json\/wp\/v2\/product"}],"about":[{"href":"https:\/\/dev.domkisauny.pl\/cs\/wp-json\/wp\/v2\/types\/product"}],"wp:featuredmedia":[{"embeddable":true,"href":"https:\/\/dev.domkisauny.pl\/cs\/wp-json\/wp\/v2\/media\/19921"}],"wp:attachment":[{"href":"https:\/\/dev.domkisauny.pl\/cs\/wp-json\/wp\/v2\/media?parent=1767"}],"wp:term":[{"taxonomy":"product_brand","embeddable":true,"href":"https:\/\/dev.domkisauny.pl\/cs\/wp-json\/wp\/v2\/product_brand?post=1767"},{"taxonomy":"product_cat","embeddable":true,"href":"https:\/\/dev.domkisauny.pl\/cs\/wp-json\/wp\/v2\/product_cat?post=1767"},{"taxonomy":"product_tag","embeddable":true,"href":"https:\/\/dev.domkisauny.pl\/cs\/wp-json\/wp\/v2\/product_tag?post=1767"}],"curies":[{"name":"wp","href":"https:\/\/api.w.org\/{rel}","templated":true}]}}