{"id":16198,"date":"2024-10-08T12:23:53","date_gmt":"2024-10-08T10:23:53","guid":{"rendered":"https:\/\/domkisauny.pl\/?post_type=product&#038;p=16198"},"modified":"2025-06-12T14:24:01","modified_gmt":"2025-06-12T12:24:01","slug":"zahradni-virivka-vana-simple-xl-200cm","status":"publish","type":"product","link":"https:\/\/dev.domkisauny.pl\/cs\/produkt\/zahradni-virivka-vana-simple-xl-200cm\/","title":{"rendered":"Zahradn\u00ed v\u00ed\u0159ivka Vana SIMPLE XL 200cm"},"content":{"rendered":"<p><strong>Sou\u010d\u00e1st\u00ed sady je:<\/strong><\/p>\n<ul>\n<li>3 kW oh\u0159\u00edva\u010d<\/li>\n<li>LED lampa<\/li>\n<li>D\u0159ev\u011bn\u00e9 sch\u016fdky<\/li>\n<li>D\u0159ev\u011bn\u00fd ochrann\u00fd kryt (v\u00edko)<\/li>\n<\/ul>\n<p><strong>Specifikace:<\/strong><\/p>\n<ul>\n<li>Vn\u011bj\u0161\u00ed pr\u016fm\u011br \u2013 200 cm<\/li>\n<li>Vnit\u0159n\u00ed pr\u016fm\u011br \u2013 190 cm<\/li>\n<li>V\u00fd\u0161ka \u2013 95 cm<\/li>\n<li>Objem \u2013 cca 1800 l<\/li>\n<li>Tlou\u0161\u0165ka prkna \u2013 44 mm<\/li>\n<li>\u010cty\u0159i hydromas\u00e1\u017en\u00ed trysky<\/li>\n<li>Polypropylenov\u00e1 vlo\u017eka<\/li>\n<\/ul>\n<p><strong>Uvnit\u0159 jsou pohodln\u00e9 d\u0159ev\u011bn\u00e9 lavice pro 4-6 osob.<\/strong><\/p>\n<p><strong>Zahradn\u00ed v\u00ed\u0159ivka 200 \u2013 zdrav\u00ed a relaxace<\/strong><\/p>\n<p>Na\u0161e\u00a0<strong>zahradn\u00ed v\u00ed\u0159ivka<\/strong>\u00a0je ide\u00e1ln\u00edm \u0159e\u0161en\u00edm pro milovn\u00edky\u00a0<strong>relaxace a pohodl\u00ed na \u010derstv\u00e9m vzduchu<\/strong>.\u00a0Je vyrobena z prav\u00e9ho <strong>tepeln\u011b o\u0161et\u0159en\u00e9 d\u0159eva<\/strong>, a poskytuje nejen <strong>odolnost<\/strong>, ale tak\u00e9 <strong>estetick\u00fd vzhled<\/strong>, kter\u00fd se hod\u00ed do ka\u017ed\u00e9 <strong>zahrady<\/strong>.\u00a0Vanu dopl\u0148uje praktick\u00fd syst\u00e9m cirkulace vody s <strong>hydromas\u00e1\u017e\u00ed<\/strong> vybavenou \u010dty\u0159mi tryskami, kter\u00e9 v\u00e1m umo\u017en\u00ed\u00a0<strong>relaxovat se a uvolnit svaly<\/strong>. A\u0165 u\u017e si chcete odpo\u010dinout po n\u00e1ro\u010dn\u00e9m pracovn\u00edm dni, nebo si u\u017e\u00edt p\u0159\u00edjemn\u00e9 chv\u00edle se sv\u00fdmi bl\u00edzk\u00fdmi, na\u0161e v\u00ed\u0159ivka v\u00e1m poskytne <strong>n\u00e1dhern\u00fd z\u00e1\u017eitek<\/strong>.<\/p>\n<p><strong>V\u00ed\u0159iv\u00e9 zahradn\u00ed vany s hydromas\u00e1\u017e\u00ed<\/strong> p\u0159edstavuj\u00ed dokonal\u00fd zp\u016fsob relaxace a odpo\u010dinku v <strong>pohodl\u00ed va\u0161\u00ed zahrady<\/strong>. Tato <strong>elegantn\u00ed a funk\u010dn\u00ed<\/strong> konstrukce poskytuje nezapomenuteln\u00fd z\u00e1\u017eitek t\u00edm, \u017ee kombinuje pot\u011b\u0161en\u00ed z <strong>koupele<\/strong> v hork\u00e9 vod\u011b s terapeutickou <strong>mas\u00e1\u017e\u00ed<\/strong>.<\/p>\n<p><strong><img loading=\"lazy\" decoding=\"async\" class=\"aligncenter wp-image-13061 size-full\" src=\"https:\/\/domkysauny.cz\/wp-content\/uploads\/2023\/06\/jacuzzi-ogrodowe-balia-thermo-0-brak-impregnacji-w-scaled.jpg\" alt=\"\" width=\"2560\" height=\"1440\" srcset=\"https:\/\/dev.domkisauny.pl\/wp-content\/uploads\/2023\/06\/jacuzzi-ogrodowe-balia-thermo-0-brak-impregnacji-w-scaled.jpg 2560w, https:\/\/dev.domkisauny.pl\/wp-content\/uploads\/2023\/06\/jacuzzi-ogrodowe-balia-thermo-0-brak-impregnacji-w-300x169.jpg 300w, https:\/\/dev.domkisauny.pl\/wp-content\/uploads\/2023\/06\/jacuzzi-ogrodowe-balia-thermo-0-brak-impregnacji-w-scaled-1000x563.jpg 1000w, https:\/\/dev.domkisauny.pl\/wp-content\/uploads\/2023\/06\/jacuzzi-ogrodowe-balia-thermo-0-brak-impregnacji-w-1024x576.jpg 1024w, https:\/\/dev.domkisauny.pl\/wp-content\/uploads\/2023\/06\/jacuzzi-ogrodowe-balia-thermo-0-brak-impregnacji-w-768x432.jpg 768w, https:\/\/dev.domkisauny.pl\/wp-content\/uploads\/2023\/06\/jacuzzi-ogrodowe-balia-thermo-0-brak-impregnacji-w-1536x864.jpg 1536w, https:\/\/dev.domkisauny.pl\/wp-content\/uploads\/2023\/06\/jacuzzi-ogrodowe-balia-thermo-0-brak-impregnacji-w-2048x1152.jpg 2048w\" sizes=\"auto, (max-width: 2560px) 100vw, 2560px\" \/><\/strong><\/p>\n<p><strong>Technologie a dlouholet\u00e9 zku\u0161enosti<\/strong><\/p>\n<p>D\u00edky <strong>polypropylenov\u00e9 vlo\u017ece<\/strong> se koupac\u00ed sud <strong>snadno \u010dist\u00ed<\/strong> a je odoln\u00fd v\u016f\u010di <strong>pov\u011btrnostn\u00edm vliv\u016fm<\/strong>. Jeho kouzlo si m\u016f\u017eete u\u017e\u00edvat <strong>po mnoho let<\/strong> bez nutnosti n\u00e1ro\u010dn\u00e9 \u00fadr\u017eby. Polypropylenov\u00e1 vlo\u017eka tak\u00e9 zaru\u010duje vynikaj\u00edc\u00ed <strong>tepelnou izolaci<\/strong>, tak\u017ee voda ve van\u011b si udr\u017e\u00ed <strong>spr\u00e1vnou teplotu<\/strong> i b\u011bhem chladn\u011bj\u0161\u00edch ve\u010der\u016f. Zahradn\u00ed v\u00ed\u0159ivka je vyrobena <strong>z vysoce kvalitn\u00edch materi\u00e1l\u016f<\/strong> a nejen\u017ee vypad\u00e1 <strong>stylov\u011b<\/strong>, ale zaru\u010duje tak\u00e9 <strong>odolnost a v\u00fddr\u017e<\/strong> po <strong>mnoho let<\/strong> pou\u017e\u00edv\u00e1n\u00ed.<\/p>\n<p><strong>Pe\u010dujte o sebe a svou zahradu<\/strong><\/p>\n<p>Jej\u00ed <strong>estetick\u00fd vzhled<\/strong> slad\u011bn\u00fd s prost\u0159ed\u00edm zahrady vytv\u00e1\u0159\u00ed atmosf\u00e9ru <strong>luxusu a relaxace<\/strong>. A\u0165 u\u017e si chcete odpo\u010dinout po nam\u00e1hav\u00e9m tr\u00e9ninku, zbavit se stresu po n\u00e1ro\u010dn\u00e9m dni v pr\u00e1ci, nebo si prost\u011b jen u\u017e\u00edt pot\u011b\u0161en\u00ed z pobytu <strong>na \u010derstv\u00e9m vzduchu<\/strong> &#8211; <strong>hydromas\u00e1\u017en\u00ed zahradn\u00ed vana<\/strong> je ide\u00e1ln\u00edm \u0159e\u0161en\u00edm pro ty, kte\u0159\u00ed cht\u011bj\u00ed naj\u00edt harmonii a relaxaci <strong>na vlastn\u00ed zahrad\u011b<\/strong>.<\/p>\n<p><strong><img loading=\"lazy\" decoding=\"async\" class=\"aligncenter wp-image-17986 size-full\" src=\"https:\/\/domkysauny.sk\/wp-content\/uploads\/2024\/10\/jacuzzi-ogrodowe-balia-thermo-rzuty.jpg-200-cm-3-102.webp\" alt=\"\" width=\"2000\" height=\"1600\" srcset=\"https:\/\/dev.domkisauny.pl\/wp-content\/uploads\/2024\/10\/jacuzzi-ogrodowe-balia-thermo-rzuty.jpg-200-cm-3-102.webp 2000w, https:\/\/dev.domkisauny.pl\/wp-content\/uploads\/2024\/10\/jacuzzi-ogrodowe-balia-thermo-rzuty.jpg-200-cm-3-102-300x240.webp 300w, https:\/\/dev.domkisauny.pl\/wp-content\/uploads\/2024\/10\/jacuzzi-ogrodowe-balia-thermo-rzuty.jpg-200-cm-3-102-1024x819.webp 1024w, https:\/\/dev.domkisauny.pl\/wp-content\/uploads\/2024\/10\/jacuzzi-ogrodowe-balia-thermo-rzuty.jpg-200-cm-3-102-768x614.webp 768w, https:\/\/dev.domkisauny.pl\/wp-content\/uploads\/2024\/10\/jacuzzi-ogrodowe-balia-thermo-rzuty.jpg-200-cm-3-102-1536x1229.webp 1536w, https:\/\/dev.domkisauny.pl\/wp-content\/uploads\/2024\/10\/jacuzzi-ogrodowe-balia-thermo-rzuty.jpg-200-cm-3-102-1000x800.webp 1000w\" sizes=\"auto, (max-width: 2000px) 100vw, 2000px\" \/><\/strong><\/p>\n<p>&nbsp;<\/p>\n","protected":false},"excerpt":{"rendered":"<p>Sou\u010d\u00e1st\u00ed sady je: 3 kW oh\u0159\u00edva\u010d LED lampa D\u0159ev\u011bn\u00e9 sch\u016fdky D\u0159ev\u011bn\u00fd ochrann\u00fd kryt (v\u00edko) Specifikace: Vn\u011bj\u0161\u00ed pr\u016fm\u011br \u2013 200 cm<\/p>\n","protected":false},"featured_media":13061,"template":"","meta":{"_acf_changed":false},"product_brand":[],"product_cat":[117],"product_tag":[],"class_list":{"0":"post-16198","1":"product","2":"type-product","3":"status-publish","4":"has-post-thumbnail","6":"product_cat-jacuzzi","8":"first","9":"instock","10":"shipping-taxable","11":"purchasable","12":"product-type-variable"},"acf":[],"yoast_head":"<!-- This site is optimized with the Yoast SEO plugin v27.4 - https:\/\/yoast.com\/product\/yoast-seo-wordpress\/ -->\n<title>Zahradn\u00ed v\u00ed\u0159ivka Vana SIMPLE XL 200cm | Chaty, sauny<\/title>\n<meta name=\"robots\" content=\"noindex, follow, max-snippet:-1, max-image-preview:large, max-video-preview:-1\" \/>\n<meta property=\"og:locale\" content=\"cs_CZ\" \/>\n<meta property=\"og:type\" content=\"article\" \/>\n<meta property=\"og:title\" content=\"Zahradn\u00ed v\u00ed\u0159ivka Vana SIMPLE XL 200cm | Chaty, sauny\" \/>\n<meta property=\"og:description\" content=\"Sou\u010d\u00e1st\u00ed sady je: 3 kW oh\u0159\u00edva\u010d LED lampa D\u0159ev\u011bn\u00e9 sch\u016fdky D\u0159ev\u011bn\u00fd ochrann\u00fd kryt (v\u00edko) Specifikace: Vn\u011bj\u0161\u00ed pr\u016fm\u011br \u2013 200 cm\" \/>\n<meta property=\"og:url\" content=\"https:\/\/dev.domkisauny.pl\/cs\/produkt\/zahradni-virivka-vana-simple-xl-200cm\/\" \/>\n<meta property=\"og:site_name\" content=\"Chaty, sauny\" \/>\n<meta property=\"article:publisher\" content=\"https:\/\/www.facebook.com\/DomkiSauny\" \/>\n<meta property=\"article:modified_time\" content=\"2025-06-12T12:24:01+00:00\" \/>\n<meta property=\"og:image\" content=\"https:\/\/dev.domkisauny.pl\/wp-content\/uploads\/2023\/06\/jacuzzi-ogrodowe-balia-thermo-0-brak-impregnacji-w-scaled.jpg\" \/>\n\t<meta property=\"og:image:width\" content=\"2560\" \/>\n\t<meta property=\"og:image:height\" content=\"1440\" \/>\n\t<meta property=\"og:image:type\" content=\"image\/jpeg\" \/>\n<meta name=\"twitter:card\" content=\"summary_large_image\" \/>\n<meta name=\"twitter:label1\" content=\"Odhadovan\u00e1 doba \u010dten\u00ed\" \/>\n\t<meta name=\"twitter:data1\" content=\"3 minuty\" \/>\n<script type=\"application\/ld+json\" class=\"yoast-schema-graph\">{\"@context\":\"https:\\\/\\\/schema.org\",\"@graph\":[{\"@type\":\"WebPage\",\"@id\":\"https:\\\/\\\/dev.domkisauny.pl\\\/cs\\\/produkt\\\/zahradni-virivka-vana-simple-xl-200cm\\\/\",\"url\":\"https:\\\/\\\/dev.domkisauny.pl\\\/cs\\\/produkt\\\/zahradni-virivka-vana-simple-xl-200cm\\\/\",\"name\":\"Zahradn\u00ed v\u00ed\u0159ivka Vana SIMPLE XL 200cm | Chaty, sauny\",\"isPartOf\":{\"@id\":\"https:\\\/\\\/dev.domkisauny.pl\\\/cs\\\/#website\"},\"primaryImageOfPage\":{\"@id\":\"https:\\\/\\\/dev.domkisauny.pl\\\/cs\\\/produkt\\\/zahradni-virivka-vana-simple-xl-200cm\\\/#primaryimage\"},\"image\":{\"@id\":\"https:\\\/\\\/dev.domkisauny.pl\\\/cs\\\/produkt\\\/zahradni-virivka-vana-simple-xl-200cm\\\/#primaryimage\"},\"thumbnailUrl\":\"https:\\\/\\\/dev.domkisauny.pl\\\/wp-content\\\/uploads\\\/2023\\\/06\\\/jacuzzi-ogrodowe-balia-thermo-0-brak-impregnacji-w-scaled.jpg\",\"datePublished\":\"2024-10-08T10:23:53+00:00\",\"dateModified\":\"2025-06-12T12:24:01+00:00\",\"breadcrumb\":{\"@id\":\"https:\\\/\\\/dev.domkisauny.pl\\\/cs\\\/produkt\\\/zahradni-virivka-vana-simple-xl-200cm\\\/#breadcrumb\"},\"inLanguage\":\"cs\",\"potentialAction\":[{\"@type\":\"ReadAction\",\"target\":[\"https:\\\/\\\/dev.domkisauny.pl\\\/cs\\\/produkt\\\/zahradni-virivka-vana-simple-xl-200cm\\\/\"]}]},{\"@type\":\"ImageObject\",\"inLanguage\":\"cs\",\"@id\":\"https:\\\/\\\/dev.domkisauny.pl\\\/cs\\\/produkt\\\/zahradni-virivka-vana-simple-xl-200cm\\\/#primaryimage\",\"url\":\"https:\\\/\\\/dev.domkisauny.pl\\\/wp-content\\\/uploads\\\/2023\\\/06\\\/jacuzzi-ogrodowe-balia-thermo-0-brak-impregnacji-w-scaled.jpg\",\"contentUrl\":\"https:\\\/\\\/dev.domkisauny.pl\\\/wp-content\\\/uploads\\\/2023\\\/06\\\/jacuzzi-ogrodowe-balia-thermo-0-brak-impregnacji-w-scaled.jpg\",\"width\":2560,\"height\":1440},{\"@type\":\"BreadcrumbList\",\"@id\":\"https:\\\/\\\/dev.domkisauny.pl\\\/cs\\\/produkt\\\/zahradni-virivka-vana-simple-xl-200cm\\\/#breadcrumb\",\"itemListElement\":[{\"@type\":\"ListItem\",\"position\":1,\"name\":\"A&amp;M\",\"item\":\"https:\\\/\\\/dev.domkisauny.pl\\\/cs\\\/\"},{\"@type\":\"ListItem\",\"position\":2,\"name\":\"Produkty\",\"item\":\"https:\\\/\\\/dev.domkisauny.pl\\\/produkty\\\/\"},{\"@type\":\"ListItem\",\"position\":3,\"name\":\"Jacuzzi\",\"item\":\"https:\\\/\\\/dev.domkisauny.pl\\\/cs\\\/kategorie-produktu\\\/jacuzzi\\\/\"},{\"@type\":\"ListItem\",\"position\":4,\"name\":\"Zahradn\u00ed v\u00ed\u0159ivka Vana SIMPLE XL 200cm\"}]},{\"@type\":\"WebSite\",\"@id\":\"https:\\\/\\\/dev.domkisauny.pl\\\/cs\\\/#website\",\"url\":\"https:\\\/\\\/dev.domkisauny.pl\\\/cs\\\/\",\"name\":\"Chaty, sauny\",\"description\":\"\",\"publisher\":{\"@id\":\"https:\\\/\\\/dev.domkisauny.pl\\\/cs\\\/#organization\"},\"potentialAction\":[{\"@type\":\"SearchAction\",\"target\":{\"@type\":\"EntryPoint\",\"urlTemplate\":\"https:\\\/\\\/dev.domkisauny.pl\\\/cs\\\/?s={search_term_string}\"},\"query-input\":{\"@type\":\"PropertyValueSpecification\",\"valueRequired\":true,\"valueName\":\"search_term_string\"}}],\"inLanguage\":\"cs\"},{\"@type\":\"Organization\",\"@id\":\"https:\\\/\\\/dev.domkisauny.pl\\\/cs\\\/#organization\",\"name\":\"Chaty, sauny\",\"url\":\"https:\\\/\\\/dev.domkisauny.pl\\\/cs\\\/\",\"logo\":{\"@type\":\"ImageObject\",\"inLanguage\":\"cs\",\"@id\":\"https:\\\/\\\/dev.domkisauny.pl\\\/cs\\\/#\\\/schema\\\/logo\\\/image\\\/\",\"url\":\"https:\\\/\\\/domkisauny.pl\\\/wp-content\\\/uploads\\\/2022\\\/09\\\/logo_03.png\",\"contentUrl\":\"https:\\\/\\\/domkisauny.pl\\\/wp-content\\\/uploads\\\/2022\\\/09\\\/logo_03.png\",\"width\":95,\"height\":81,\"caption\":\"Chaty, sauny\"},\"image\":{\"@id\":\"https:\\\/\\\/dev.domkisauny.pl\\\/cs\\\/#\\\/schema\\\/logo\\\/image\\\/\"},\"sameAs\":[\"https:\\\/\\\/www.facebook.com\\\/DomkiSauny\"]}]}<\/script>\n<!-- \/ Yoast SEO plugin. -->","yoast_head_json":{"title":"Zahradn\u00ed v\u00ed\u0159ivka Vana SIMPLE XL 200cm | Chaty, sauny","robots":{"index":"noindex","follow":"follow","max-snippet":"max-snippet:-1","max-image-preview":"max-image-preview:large","max-video-preview":"max-video-preview:-1"},"og_locale":"cs_CZ","og_type":"article","og_title":"Zahradn\u00ed v\u00ed\u0159ivka Vana SIMPLE XL 200cm | Chaty, sauny","og_description":"Sou\u010d\u00e1st\u00ed sady je: 3 kW oh\u0159\u00edva\u010d LED lampa D\u0159ev\u011bn\u00e9 sch\u016fdky D\u0159ev\u011bn\u00fd ochrann\u00fd kryt (v\u00edko) Specifikace: Vn\u011bj\u0161\u00ed pr\u016fm\u011br \u2013 200 cm","og_url":"https:\/\/dev.domkisauny.pl\/cs\/produkt\/zahradni-virivka-vana-simple-xl-200cm\/","og_site_name":"Chaty, sauny","article_publisher":"https:\/\/www.facebook.com\/DomkiSauny","article_modified_time":"2025-06-12T12:24:01+00:00","og_image":[{"width":2560,"height":1440,"url":"https:\/\/dev.domkisauny.pl\/wp-content\/uploads\/2023\/06\/jacuzzi-ogrodowe-balia-thermo-0-brak-impregnacji-w-scaled.jpg","type":"image\/jpeg"}],"twitter_card":"summary_large_image","twitter_misc":{"Odhadovan\u00e1 doba \u010dten\u00ed":"3 minuty"},"schema":{"@context":"https:\/\/schema.org","@graph":[{"@type":"WebPage","@id":"https:\/\/dev.domkisauny.pl\/cs\/produkt\/zahradni-virivka-vana-simple-xl-200cm\/","url":"https:\/\/dev.domkisauny.pl\/cs\/produkt\/zahradni-virivka-vana-simple-xl-200cm\/","name":"Zahradn\u00ed v\u00ed\u0159ivka Vana SIMPLE XL 200cm | Chaty, sauny","isPartOf":{"@id":"https:\/\/dev.domkisauny.pl\/cs\/#website"},"primaryImageOfPage":{"@id":"https:\/\/dev.domkisauny.pl\/cs\/produkt\/zahradni-virivka-vana-simple-xl-200cm\/#primaryimage"},"image":{"@id":"https:\/\/dev.domkisauny.pl\/cs\/produkt\/zahradni-virivka-vana-simple-xl-200cm\/#primaryimage"},"thumbnailUrl":"https:\/\/dev.domkisauny.pl\/wp-content\/uploads\/2023\/06\/jacuzzi-ogrodowe-balia-thermo-0-brak-impregnacji-w-scaled.jpg","datePublished":"2024-10-08T10:23:53+00:00","dateModified":"2025-06-12T12:24:01+00:00","breadcrumb":{"@id":"https:\/\/dev.domkisauny.pl\/cs\/produkt\/zahradni-virivka-vana-simple-xl-200cm\/#breadcrumb"},"inLanguage":"cs","potentialAction":[{"@type":"ReadAction","target":["https:\/\/dev.domkisauny.pl\/cs\/produkt\/zahradni-virivka-vana-simple-xl-200cm\/"]}]},{"@type":"ImageObject","inLanguage":"cs","@id":"https:\/\/dev.domkisauny.pl\/cs\/produkt\/zahradni-virivka-vana-simple-xl-200cm\/#primaryimage","url":"https:\/\/dev.domkisauny.pl\/wp-content\/uploads\/2023\/06\/jacuzzi-ogrodowe-balia-thermo-0-brak-impregnacji-w-scaled.jpg","contentUrl":"https:\/\/dev.domkisauny.pl\/wp-content\/uploads\/2023\/06\/jacuzzi-ogrodowe-balia-thermo-0-brak-impregnacji-w-scaled.jpg","width":2560,"height":1440},{"@type":"BreadcrumbList","@id":"https:\/\/dev.domkisauny.pl\/cs\/produkt\/zahradni-virivka-vana-simple-xl-200cm\/#breadcrumb","itemListElement":[{"@type":"ListItem","position":1,"name":"A&amp;M","item":"https:\/\/dev.domkisauny.pl\/cs\/"},{"@type":"ListItem","position":2,"name":"Produkty","item":"https:\/\/dev.domkisauny.pl\/produkty\/"},{"@type":"ListItem","position":3,"name":"Jacuzzi","item":"https:\/\/dev.domkisauny.pl\/cs\/kategorie-produktu\/jacuzzi\/"},{"@type":"ListItem","position":4,"name":"Zahradn\u00ed v\u00ed\u0159ivka Vana SIMPLE XL 200cm"}]},{"@type":"WebSite","@id":"https:\/\/dev.domkisauny.pl\/cs\/#website","url":"https:\/\/dev.domkisauny.pl\/cs\/","name":"Chaty, sauny","description":"","publisher":{"@id":"https:\/\/dev.domkisauny.pl\/cs\/#organization"},"potentialAction":[{"@type":"SearchAction","target":{"@type":"EntryPoint","urlTemplate":"https:\/\/dev.domkisauny.pl\/cs\/?s={search_term_string}"},"query-input":{"@type":"PropertyValueSpecification","valueRequired":true,"valueName":"search_term_string"}}],"inLanguage":"cs"},{"@type":"Organization","@id":"https:\/\/dev.domkisauny.pl\/cs\/#organization","name":"Chaty, sauny","url":"https:\/\/dev.domkisauny.pl\/cs\/","logo":{"@type":"ImageObject","inLanguage":"cs","@id":"https:\/\/dev.domkisauny.pl\/cs\/#\/schema\/logo\/image\/","url":"https:\/\/domkisauny.pl\/wp-content\/uploads\/2022\/09\/logo_03.png","contentUrl":"https:\/\/domkisauny.pl\/wp-content\/uploads\/2022\/09\/logo_03.png","width":95,"height":81,"caption":"Chaty, sauny"},"image":{"@id":"https:\/\/dev.domkisauny.pl\/cs\/#\/schema\/logo\/image\/"},"sameAs":["https:\/\/www.facebook.com\/DomkiSauny"]}]}},"_links":{"self":[{"href":"https:\/\/dev.domkisauny.pl\/cs\/wp-json\/wp\/v2\/product\/16198","targetHints":{"allow":["GET"]}}],"collection":[{"href":"https:\/\/dev.domkisauny.pl\/cs\/wp-json\/wp\/v2\/product"}],"about":[{"href":"https:\/\/dev.domkisauny.pl\/cs\/wp-json\/wp\/v2\/types\/product"}],"wp:featuredmedia":[{"embeddable":true,"href":"https:\/\/dev.domkisauny.pl\/cs\/wp-json\/wp\/v2\/media\/13061"}],"wp:attachment":[{"href":"https:\/\/dev.domkisauny.pl\/cs\/wp-json\/wp\/v2\/media?parent=16198"}],"wp:term":[{"taxonomy":"product_brand","embeddable":true,"href":"https:\/\/dev.domkisauny.pl\/cs\/wp-json\/wp\/v2\/product_brand?post=16198"},{"taxonomy":"product_cat","embeddable":true,"href":"https:\/\/dev.domkisauny.pl\/cs\/wp-json\/wp\/v2\/product_cat?post=16198"},{"taxonomy":"product_tag","embeddable":true,"href":"https:\/\/dev.domkisauny.pl\/cs\/wp-json\/wp\/v2\/product_tag?post=16198"}],"curies":[{"name":"wp","href":"https:\/\/api.w.org\/{rel}","templated":true}]}}