{"id":1600,"date":"2022-10-05T09:29:25","date_gmt":"2022-10-05T07:29:25","guid":{"rendered":"https:\/\/domkisauny.pl\/produkt\/sauna-35-m-s-predsini\/"},"modified":"2025-05-21T15:15:13","modified_gmt":"2025-05-21T13:15:13","slug":"zahradni-sauna-sud-350-cm-s-balkonem-a-predsini","status":"publish","type":"product","link":"https:\/\/dev.domkisauny.pl\/cs\/produkt\/zahradni-sauna-sud-350-cm-s-balkonem-a-predsini\/","title":{"rendered":"Zahradn\u00ed sauna sud 350 cm s balk\u00f3nem a p\u0159eds\u00edn\u00ed"},"content":{"rendered":"<h3><strong>Specifikace:<\/strong><\/h3>\n<ul>\n<li>vn\u011bj\u0161\u00ed rozm\u011bry: d\u00e9lka 350 cm, v\u00fd\u0161ka 2 m<\/li>\n<li>p\u0159eds\u00ed\u0148 v p\u0159edn\u00ed \u010d\u00e1sti<\/li>\n<li>tlou\u0161\u0165ka st\u011bn: 45 mm<\/li>\n<li>d\u0159evo: smrk<\/li>\n<li>st\u0159echa pokryt\u00e1 \u0161ed\u00fdm bitumenov\u00fdm \u0161indelem<\/li>\n<li>t\u0159i obj\u00edmky k upevn\u011bn\u00ed sauny<\/li>\n<li>d\u0159ev\u011bn\u00e9 dve\u0159e s tvrzen\u00fdm sklem<\/li>\n<li>dva d\u0159ev\u011bn\u00e9 podstavce pro um\u00edst\u011bn\u00ed na zem<\/li>\n<li>d\u0159ev\u011bn\u00e9: podlaha a lavice<\/li>\n<\/ul>\n<p><strong><b>P\u0159\u00edrodn\u00ed d\u0159ev\u011bn\u00e1 konstrukce<\/b><\/strong> pro vysokoteplotn\u00ed sauny. Bude origin\u00e1ln\u00ed ozdobou zahrady nebo terasy. Dob\u0159e poslou\u017e\u00ed i jako <strong><b>atrakce pro ubytovny<\/b><\/strong>.<\/p>\n<p><strong><b>Zahradn\u00ed sauna od spole\u010dnosti A&amp;M<\/b><\/strong> je velkou konstrukc\u00ed s d\u00e9l. <strong><b>350 cm<\/b><\/strong> a v\u00fd\u0161. <strong><b>200 cm<\/b><\/strong> s praktickou <strong><b>p\u0159eds\u00edn\u00ed<\/b><\/strong> s lavi\u010dkami. Sauna je vyrobena z <strong><b>p\u0159\u00edrodn\u00edho polsk\u00e9ho smrkov\u00e9ho d\u0159eva<\/b><\/strong>. Stavebn\u00edmi <strong><b>kameny<\/b><\/strong> jsou prkna z tl. <strong><b>45 mm<\/b><\/strong>. Konstrukce vyztu\u017een\u00e1 <strong><b>4<\/b><\/strong> <strong><b>kovov\u00fdmi obj\u00edmkami<\/b><\/strong> a um\u00edst\u011bn\u00e1 na <strong><b>3 d\u0159ev\u011bn\u00fdch podstavc\u00edch<\/b><\/strong>. Interi\u00e9r vybaven\u00fd <strong><b>lavicemi<\/b><\/strong> a <strong><b>podlahou<\/b><\/strong>. D\u0159ev\u011bn\u00e9 dve\u0159e prosklen\u00e9 <strong><b>tvrzen\u00fdm<\/b><\/strong> <strong><b>sklem<\/b><\/strong>. St\u0159echa pokryt\u00e1 <strong><b>\u0161ed\u00fdm<\/b><\/strong> <strong><b>asfaltov\u00fdm<\/b><\/strong> \u0161indelem.<\/p>\n<p><strong><b>P\u0159eprava<\/b><\/strong> sestaven\u00e9ho v\u00fdrobku dom\u016f\/do zahrady\/firmy. Mo\u017enost objednat <strong><b>impregnaci<\/b><\/strong> lakem, instalaci <strong><b>vyt\u00e1p\u011bn\u00ed<\/b><\/strong> nebo <strong><b>zasklen\u00ed<\/b><\/strong> zadn\u00ed st\u011bny.<\/p>\n<p><img loading=\"lazy\" decoding=\"async\" class=\"aligncenter wp-image-8109 size-full\" src=\"https:\/\/domkysauny.cz\/wp-content\/uploads\/2022\/10\/sauna-ogrodowa-beczka-35m-z-balkonem-i-przedsionkiem-wizualizacja.jpg\" alt=\"Sauna ogrodowa beczka 3,5m z balkonem i przedsionkiem\" width=\"2000\" height=\"1125\" srcset=\"https:\/\/dev.domkisauny.pl\/wp-content\/uploads\/2022\/10\/sauna-ogrodowa-beczka-35m-z-balkonem-i-przedsionkiem-wizualizacja.jpg 2000w, https:\/\/dev.domkisauny.pl\/wp-content\/uploads\/2022\/10\/sauna-ogrodowa-beczka-35m-z-balkonem-i-przedsionkiem-wizualizacja-300x169.jpg 300w, https:\/\/dev.domkisauny.pl\/wp-content\/uploads\/2022\/10\/sauna-ogrodowa-beczka-35m-z-balkonem-i-przedsionkiem-wizualizacja-768x432.jpg 768w, https:\/\/dev.domkisauny.pl\/wp-content\/uploads\/2022\/10\/sauna-ogrodowa-beczka-35m-z-balkonem-i-przedsionkiem-wizualizacja-1024x576.jpg 1024w, https:\/\/dev.domkisauny.pl\/wp-content\/uploads\/2022\/10\/sauna-ogrodowa-beczka-35m-z-balkonem-i-przedsionkiem-wizualizacja-1536x864.jpg 1536w, https:\/\/dev.domkisauny.pl\/wp-content\/uploads\/2022\/10\/sauna-ogrodowa-beczka-35m-z-balkonem-i-przedsionkiem-wizualizacja-1000x563.jpg 1000w\" sizes=\"auto, (max-width: 2000px) 100vw, 2000px\" \/><\/p>\n<h3><strong><b>Regenerace a otu\u017een\u00ed<\/b><\/strong><\/h3>\n<p>Vy\u010derp\u00e1vaj\u00edc\u00ed a stresuj\u00edc\u00ed pr\u00e1ce je dnes normou. Po t\u00fddnu pln\u00e9m negativn\u00edch emoc\u00ed se vyplat\u00ed pe\u010dovat o zdrav\u00ed cel\u00e9ho t\u011bla. Bylo by dobr\u00e9 z\u0159\u00eddit si na zahrad\u011b saunu z A&amp;M, kter\u00e1 v\u00e1m umo\u017en\u00ed regeneraci a otu\u017eov\u00e1n\u00ed. Kr\u00e1tk\u00e9 posezen\u00ed ve vysok\u00e9 teplot\u011b prosp\u011bje fungov\u00e1n\u00ed Va\u0161eho t\u011bla, zbav\u00ed V\u00e1s starost\u00ed a sn\u00ed\u017e\u00ed stres. Je to tak\u00e9 sv\u00e1tek pro du\u0161i a jedine\u010dn\u00e1 relaxace, ze kter\u00e9 budete m\u00edt u\u017eitek vy, va\u0161e rodina, ale i p\u0159\u00e1tel\u00e9 a zn\u00e1m\u00ed. Pokud vlastn\u00edte ubytovac\u00ed chaty, m\u016f\u017eete sv\u00fdm host\u016fm nab\u00eddnout saunu jako jedine\u010dnou atrakci.<\/p>\n<h3><strong><b>P\u0159\u00edrodn\u00ed materi\u00e1ly<\/b><\/strong><\/h3>\n<p>Saunu vytvo\u0159ili nad\u0161enci a vyrobili ji z vybran\u00fdch 45 mm siln\u00fdch prken smrkov\u00e9ho d\u0159eva, kter\u00e9 se t\u011b\u017e\u00ed v\u00fdhradn\u011b z p\u016fvodn\u00edch polsk\u00fdch les\u016f. Jedn\u00e1 se o p\u0159\u00edrodn\u00ed materi\u00e1l, kter\u00fd neobsahuje \u0161kodliv\u00e9 l\u00e1tky. Konstrukce je velk\u00e1, proto\u017ee je 350 cm dlouh\u00e1 a 200 cm vysok\u00e1, a m\u00e1 funk\u010dn\u00ed p\u0159eds\u00ed\u0148 s lavicemi. To umo\u017e\u0148uje pohodlnou ch\u016fzi pro v\u00edce osob. Do interi\u00e9ru vedou d\u0159ev\u011bn\u00e9 dve\u0159e s prosklen\u00edm z tvrzen\u00e9ho skla. Uvnit\u0159 jsou pohodln\u00e9 lavice a speci\u00e1ln\u00ed d\u0159ev\u011bn\u00e1 podlaha. Celek je kryt\u00fd d\u0159ev\u011bnou st\u0159echou pokrytou \u0161ed\u00fdm asfaltov\u00fdm \u0161indelem. Konstrukce stoj\u00ed na 3 d\u0159ev\u011bn\u00fdch podstavc\u00edch a je upevn\u011bna 4 kovov\u00fdmi obj\u00edmkami. S nimi m\u016f\u017eete saunu postavit na jak\u00fdkoli povrch \u2013 m\u011bkk\u00fd i tvrd\u00fd.<\/p>\n<p><img loading=\"lazy\" decoding=\"async\" class=\"aligncenter size-full wp-image-7643\" src=\"https:\/\/domkysauny.cz\/wp-content\/uploads\/2022\/10\/sauna-ogrodowa-beczka-35m-z-balkonem-i-przedsionkiem-przekroj-2.jpg\" alt=\"sauna-ogrodowa-beczka-3,5m-z-balkonem-i-przedsionkiem---przekroj\" width=\"2000\" height=\"1600\" srcset=\"https:\/\/dev.domkisauny.pl\/wp-content\/uploads\/2022\/10\/sauna-ogrodowa-beczka-35m-z-balkonem-i-przedsionkiem-przekroj-2.jpg 2000w, https:\/\/dev.domkisauny.pl\/wp-content\/uploads\/2022\/10\/sauna-ogrodowa-beczka-35m-z-balkonem-i-przedsionkiem-przekroj-2-300x240.jpg 300w, https:\/\/dev.domkisauny.pl\/wp-content\/uploads\/2022\/10\/sauna-ogrodowa-beczka-35m-z-balkonem-i-przedsionkiem-przekroj-2-768x614.jpg 768w, https:\/\/dev.domkisauny.pl\/wp-content\/uploads\/2022\/10\/sauna-ogrodowa-beczka-35m-z-balkonem-i-przedsionkiem-przekroj-2-1024x819.jpg 1024w, https:\/\/dev.domkisauny.pl\/wp-content\/uploads\/2022\/10\/sauna-ogrodowa-beczka-35m-z-balkonem-i-przedsionkiem-przekroj-2-1536x1229.jpg 1536w, https:\/\/dev.domkisauny.pl\/wp-content\/uploads\/2022\/10\/sauna-ogrodowa-beczka-35m-z-balkonem-i-przedsionkiem-przekroj-2-1000x800.jpg 1000w\" sizes=\"auto, (max-width: 2000px) 100vw, 2000px\" \/><\/p>\n<h3><strong><b>Uspo\u0159\u00e1dejte podle sv\u00e9ho p\u0159\u00e1n\u00ed<\/b><\/strong><\/h3>\n<p>Sauna od spole\u010dnosti A&amp;M je nejen zaj\u00edmavou dekorac\u00ed Va\u0161\u00ed zahrady, kter\u00e1 vzbud\u00ed z\u00e1jem, ale tak\u00e9 p\u0159\u00edle\u017eitost\u00ed k relaxaci a otu\u017eov\u00e1n\u00ed t\u011bla. Nav\u00edc si m\u016f\u017eete za p\u0159\u00edplatek p\u0159izp\u016fsobit vybaven\u00ed konstrukce sv\u00fdm p\u0159edstav\u00e1m. M\u016f\u017eete si tak vybrat jednu z deseti barev impregna\u010dn\u00edho laku na d\u0159evo. v Samoz\u0159ejm\u011b si m\u016f\u017eete vybrat tak\u00e9 kvalitn\u00ed oh\u0159\u00edv\u010d Harvia \u2013 elektrick\u00fd nebo na d\u0159evo s pot\u0159ebn\u00fdm p\u0159\u00edstrojov\u00fdm vybaven\u00edm. Dod\u00e1vka smontovan\u00e9 sauny na zak\u00e1zku p\u0159\u00edmo k V\u00e1m dom\u016f, na zahradu nebo do ubytovac\u00edho za\u0159\u00edzen\u00ed.<\/p>\n<p><img loading=\"lazy\" decoding=\"async\" class=\"aligncenter wp-image-7227 size-large\" src=\"https:\/\/domkysauny.cz\/wp-content\/uploads\/2022\/10\/sauna-ogrodowa-beczka-35m-z-balkonem-i-przedsionkiem-rzut-1-1024x819.jpg\" alt=\"\" width=\"1024\" height=\"819\" srcset=\"https:\/\/dev.domkisauny.pl\/wp-content\/uploads\/2022\/10\/sauna-ogrodowa-beczka-35m-z-balkonem-i-przedsionkiem-rzut-1-1024x819.jpg 1024w, https:\/\/dev.domkisauny.pl\/wp-content\/uploads\/2022\/10\/sauna-ogrodowa-beczka-35m-z-balkonem-i-przedsionkiem-rzut-1-300x240.jpg 300w, https:\/\/dev.domkisauny.pl\/wp-content\/uploads\/2022\/10\/sauna-ogrodowa-beczka-35m-z-balkonem-i-przedsionkiem-rzut-1-768x614.jpg 768w, https:\/\/dev.domkisauny.pl\/wp-content\/uploads\/2022\/10\/sauna-ogrodowa-beczka-35m-z-balkonem-i-przedsionkiem-rzut-1-1536x1229.jpg 1536w, https:\/\/dev.domkisauny.pl\/wp-content\/uploads\/2022\/10\/sauna-ogrodowa-beczka-35m-z-balkonem-i-przedsionkiem-rzut-1-1000x800.jpg 1000w, https:\/\/dev.domkisauny.pl\/wp-content\/uploads\/2022\/10\/sauna-ogrodowa-beczka-35m-z-balkonem-i-przedsionkiem-rzut-1.jpg 2000w\" sizes=\"auto, (max-width: 1024px) 100vw, 1024px\" \/><\/p>\n<p>&nbsp;<\/p>\n<blockquote>\n<h3>O kamnech Harvia<\/h3>\n<p><img loading=\"lazy\" decoding=\"async\" class=\"alignright wp-image-972\" src=\"https:\/\/domkysauny.cz\/wp-content\/uploads\/2022\/09\/Harvia_Vega_BC45-90_p1-669x1024.png\" alt=\"\" width=\"360\" height=\"551\" srcset=\"https:\/\/dev.domkisauny.pl\/wp-content\/uploads\/2022\/09\/Harvia_Vega_BC45-90_p1-669x1024.png 669w, https:\/\/dev.domkisauny.pl\/wp-content\/uploads\/2022\/09\/Harvia_Vega_BC45-90_p1-196x300.png 196w, https:\/\/dev.domkisauny.pl\/wp-content\/uploads\/2022\/09\/Harvia_Vega_BC45-90_p1-768x1175.png 768w, https:\/\/dev.domkisauny.pl\/wp-content\/uploads\/2022\/09\/Harvia_Vega_BC45-90_p1-1004x1536.png 1004w, https:\/\/dev.domkisauny.pl\/wp-content\/uploads\/2022\/09\/Harvia_Vega_BC45-90_p1-1000x1530.png 1000w, https:\/\/dev.domkisauny.pl\/wp-content\/uploads\/2022\/09\/Harvia_Vega_BC45-90_p1-300x459.png 300w, https:\/\/dev.domkisauny.pl\/wp-content\/uploads\/2022\/09\/Harvia_Vega_BC45-90_p1.png 1158w\" sizes=\"auto, (max-width: 360px) 100vw, 360px\" \/>Sauny spole\u010dnosti <strong><b>A&amp;M<\/b><\/strong> jsou vybaveny <strong><b>modern\u00edmi a ekologick\u00fdmi kamny na d\u0159evo Harvia<\/b><\/strong>. Jedn\u00e1 se o spot\u0159ebi\u010de, kter\u00e9 vynikaj\u00ed nejen vysokou energetickou \u00fa\u010dinnost\u00ed, ale tak\u00e9 elegantn\u00edm designem. Hlavn\u00ed v\u00fdhodou <strong><b>kamen Harvia<\/b><\/strong> je, \u017ee poskytuj\u00ed spr\u00e1vnou teplotu pro zdrav\u00e9 a bezpe\u010dn\u00e9 plav\u00e1n\u00ed, p\u0159esn\u011b tak, jak to Finov\u00e9 d\u011blali po stalet\u00ed.<\/p>\n<p>Typick\u00e1 kamna obsa\u017een\u00e1 v sad\u011b m\u00e1 v\u00fdkon <strong><b>16,5 kW<\/b><\/strong>, co\u017e umo\u017e\u0148uje rychl\u00e9 zah\u0159\u00e1t\u00ed a\u017e <strong><b>30 kg kamen\u016f<\/b><\/strong> na va\u0159i\u010di a zv\u00fd\u0161en\u00ed teploty na po\u017eadovanou hodnotu. Kamna jsou vyrobena z <strong><b>nerezov\u00e9 oceli<\/b><\/strong>, tak\u017ee budou \u00fasp\u011b\u0161n\u011b slou\u017eit mnoho let a ne\u00fanavn\u011b poskytovat teplo. Sklen\u011bn\u00e1 dv\u00ed\u0159ka jsou <strong><b>naopak funk\u010dn\u00edm prvkem<\/b><\/strong>, kter\u00fd umo\u017e\u0148uje sledovat proces spalov\u00e1n\u00ed d\u0159eva a spolu s tlumenou grafitovou barvou kamen podtrhuje estetiku interi\u00e9ru. Nespornou v\u00fdhodou jednotky je tak\u00e9 <strong><b>kom\u00ednov\u00e1 n\u00e1dr\u017e na vodu<\/b><\/strong>. P\u0159irozen\u00e1 <strong><b>cirkulace vzduchu naproti<\/b><\/strong> tomu umo\u017e\u0148uje rovnom\u011brnou cirkulaci tepla v ka\u017ed\u00e9m z\u00e1kout\u00ed sauny.<\/p>\n<p>Stoj\u00ed za zm\u00ednku, \u017ee kompaktn\u00ed rozm\u011bry jednotky zaji\u0161\u0165uj\u00ed <strong><b>maxim\u00e1ln\u00ed prostor<\/b><\/strong> pro \u00fa\u010dastn\u00edky sezen\u00ed. P\u0159\u00edtomnost kotle na d\u0159evo v saun\u011b je tak\u00e9 z\u00e1rukou <strong><b>\u00fa\u017easn\u00e9 atmosf\u00e9ry<\/b><\/strong> a p\u0159\u00edle\u017eitosti ke spojen\u00ed s v\u011b\u010dn\u00fdm p\u0159\u00edrodn\u00edm \u017eivlem, kter\u00fdm je ohe\u0148. V\u0161echny sauny vybaven\u00e9 <strong><b>va\u0159i\u010di Harvia<\/b><\/strong> tak poskytuj\u00ed pocit <strong><b>v\u00fdjime\u010dn\u00e9ho pohodl\u00ed<\/b><\/strong> a umo\u017e\u0148uj\u00ed t\u011blu i mysli relaxovat v kouzeln\u00e9 atmosf\u00e9\u0159e.<\/p><\/blockquote>\n","protected":false},"excerpt":{"rendered":"<blockquote><p><strong><b>D\u016eLE\u017dIT\u00c9!<\/b><\/strong><\/p>\n<p>Fotografie produkt\u016f po\u0159izujeme ve \u0161pi\u010dkov\u00e9 kvalit\u011b. Av\u0161ak vzhledem k zp\u016fsobu reprodukce barev monitor\u016f po\u010d\u00edta\u010de se m\u016f\u017ee barva produkt\u016f na obrazovce m\u00edrn\u011b li\u0161it od skute\u010dnosti.<\/p>\n<p>Sauna je dod\u00e1v\u00e1na v pln\u00e9<\/p>\n<p>V p\u0159\u00edpad\u011b z\u00e1kladn\u00ed varianty dod\u00e1vky zaji\u0161\u0165uje vykl\u00e1dku na m\u00edst\u011b objednatel.<\/p><\/blockquote>\n","protected":false},"featured_media":8110,"template":"","meta":{"_acf_changed":false},"product_brand":[],"product_cat":[77],"product_tag":[],"class_list":{"0":"post-1600","1":"product","2":"type-product","3":"status-publish","4":"has-post-thumbnail","6":"product_cat-zahradni-sauny","7":"product_shipping_class-wysylka-grupa0","8":"pa_dodatki-sauny-s-balkonem","9":"pa_dodatki-sauny-s-predsini","10":"pa_ksztalt-sudove-sauny-cs","12":"first","13":"instock","14":"shipping-taxable","15":"purchasable","16":"product-type-variable"},"acf":[],"yoast_head":"<!-- This site is optimized with the Yoast SEO plugin v27.4 - https:\/\/yoast.com\/product\/yoast-seo-wordpress\/ -->\n<title>Sauna 350 cm s p\u0159eds\u00edn\u00ed | A&amp;M Przecisz\u00f3w | chaty, sauny.<\/title>\n<meta name=\"description\" content=\"Sauna 350 cm s p\u0159eds\u00edn\u00ed A&amp;M, polsk\u00e9 smrkov\u00e9 d\u0159evo, desky o tlou\u0161\u0165ce\" \/>\n<meta name=\"robots\" content=\"noindex, follow, max-snippet:-1, max-image-preview:large, max-video-preview:-1\" \/>\n<meta property=\"og:locale\" content=\"cs_CZ\" \/>\n<meta property=\"og:type\" content=\"article\" \/>\n<meta property=\"og:title\" content=\"Sauna 350 cm s p\u0159eds\u00edn\u00ed | A&amp;M Przecisz\u00f3w | chaty, sauny.\" \/>\n<meta property=\"og:description\" content=\"Sauna 350 cm s p\u0159eds\u00edn\u00ed A&amp;M, polsk\u00e9 smrkov\u00e9 d\u0159evo, desky o tlou\u0161\u0165ce\" \/>\n<meta property=\"og:url\" content=\"https:\/\/dev.domkisauny.pl\/cs\/produkt\/zahradni-sauna-sud-350-cm-s-balkonem-a-predsini\/\" \/>\n<meta property=\"og:site_name\" content=\"Chaty, sauny\" \/>\n<meta property=\"article:publisher\" content=\"https:\/\/www.facebook.com\/DomkiSauny\" \/>\n<meta property=\"article:modified_time\" content=\"2025-05-21T13:15:13+00:00\" \/>\n<meta property=\"og:image\" content=\"https:\/\/dev.domkisauny.pl\/wp-content\/uploads\/2022\/10\/sauna-ogrodowa-beczka-35m-z-balkonem-i-przedsionkiem-wizualizacja.jpg\" \/>\n\t<meta property=\"og:image:width\" content=\"2000\" \/>\n\t<meta property=\"og:image:height\" content=\"1125\" \/>\n\t<meta property=\"og:image:type\" content=\"image\/jpeg\" \/>\n<meta name=\"twitter:card\" content=\"summary_large_image\" \/>\n<meta name=\"twitter:label1\" content=\"Odhadovan\u00e1 doba \u010dten\u00ed\" \/>\n\t<meta name=\"twitter:data1\" content=\"4 minuty\" \/>\n<script type=\"application\/ld+json\" class=\"yoast-schema-graph\">{\"@context\":\"https:\\\/\\\/schema.org\",\"@graph\":[{\"@type\":\"WebPage\",\"@id\":\"https:\\\/\\\/dev.domkisauny.pl\\\/cs\\\/produkt\\\/zahradni-sauna-sud-350-cm-s-balkonem-a-predsini\\\/\",\"url\":\"https:\\\/\\\/dev.domkisauny.pl\\\/cs\\\/produkt\\\/zahradni-sauna-sud-350-cm-s-balkonem-a-predsini\\\/\",\"name\":\"Sauna 350 cm s p\u0159eds\u00edn\u00ed | A&M Przecisz\u00f3w | chaty, sauny.\",\"isPartOf\":{\"@id\":\"https:\\\/\\\/dev.domkisauny.pl\\\/cs\\\/#website\"},\"primaryImageOfPage\":{\"@id\":\"https:\\\/\\\/dev.domkisauny.pl\\\/cs\\\/produkt\\\/zahradni-sauna-sud-350-cm-s-balkonem-a-predsini\\\/#primaryimage\"},\"image\":{\"@id\":\"https:\\\/\\\/dev.domkisauny.pl\\\/cs\\\/produkt\\\/zahradni-sauna-sud-350-cm-s-balkonem-a-predsini\\\/#primaryimage\"},\"thumbnailUrl\":\"https:\\\/\\\/dev.domkisauny.pl\\\/wp-content\\\/uploads\\\/2022\\\/10\\\/sauna-ogrodowa-beczka-35m-z-balkonem-i-przedsionkiem-wizualizacja.jpg\",\"datePublished\":\"2022-10-05T07:29:25+00:00\",\"dateModified\":\"2025-05-21T13:15:13+00:00\",\"description\":\"Sauna 350 cm s p\u0159eds\u00edn\u00ed A&M, polsk\u00e9 smrkov\u00e9 d\u0159evo, desky o tlou\u0161\u0165ce\",\"breadcrumb\":{\"@id\":\"https:\\\/\\\/dev.domkisauny.pl\\\/cs\\\/produkt\\\/zahradni-sauna-sud-350-cm-s-balkonem-a-predsini\\\/#breadcrumb\"},\"inLanguage\":\"cs\",\"potentialAction\":[{\"@type\":\"ReadAction\",\"target\":[\"https:\\\/\\\/dev.domkisauny.pl\\\/cs\\\/produkt\\\/zahradni-sauna-sud-350-cm-s-balkonem-a-predsini\\\/\"]}]},{\"@type\":\"ImageObject\",\"inLanguage\":\"cs\",\"@id\":\"https:\\\/\\\/dev.domkisauny.pl\\\/cs\\\/produkt\\\/zahradni-sauna-sud-350-cm-s-balkonem-a-predsini\\\/#primaryimage\",\"url\":\"https:\\\/\\\/dev.domkisauny.pl\\\/wp-content\\\/uploads\\\/2022\\\/10\\\/sauna-ogrodowa-beczka-35m-z-balkonem-i-przedsionkiem-wizualizacja.jpg\",\"contentUrl\":\"https:\\\/\\\/dev.domkisauny.pl\\\/wp-content\\\/uploads\\\/2022\\\/10\\\/sauna-ogrodowa-beczka-35m-z-balkonem-i-przedsionkiem-wizualizacja.jpg\",\"width\":2000,\"height\":1125,\"caption\":\"Sauna ogrodowa beczka 3,5m z balkonem i przedsionkiem\"},{\"@type\":\"BreadcrumbList\",\"@id\":\"https:\\\/\\\/dev.domkisauny.pl\\\/cs\\\/produkt\\\/zahradni-sauna-sud-350-cm-s-balkonem-a-predsini\\\/#breadcrumb\",\"itemListElement\":[{\"@type\":\"ListItem\",\"position\":1,\"name\":\"A&amp;M\",\"item\":\"https:\\\/\\\/dev.domkisauny.pl\\\/cs\\\/\"},{\"@type\":\"ListItem\",\"position\":2,\"name\":\"Produkty\",\"item\":\"https:\\\/\\\/dev.domkisauny.pl\\\/produkty\\\/\"},{\"@type\":\"ListItem\",\"position\":3,\"name\":\"Sauny\",\"item\":\"https:\\\/\\\/dev.domkisauny.pl\\\/cs\\\/kategorie-produktu\\\/sauny\\\/\"},{\"@type\":\"ListItem\",\"position\":4,\"name\":\"Zahradn\u00ed sauny\",\"item\":\"https:\\\/\\\/dev.domkisauny.pl\\\/cs\\\/kategorie-produktu\\\/sauny\\\/zahradni-sauny\\\/\"},{\"@type\":\"ListItem\",\"position\":5,\"name\":\"Zahradn\u00ed sauna sud 350 cm s balk\u00f3nem a p\u0159eds\u00edn\u00ed\"}]},{\"@type\":\"WebSite\",\"@id\":\"https:\\\/\\\/dev.domkisauny.pl\\\/cs\\\/#website\",\"url\":\"https:\\\/\\\/dev.domkisauny.pl\\\/cs\\\/\",\"name\":\"Chaty, sauny\",\"description\":\"\",\"publisher\":{\"@id\":\"https:\\\/\\\/dev.domkisauny.pl\\\/cs\\\/#organization\"},\"potentialAction\":[{\"@type\":\"SearchAction\",\"target\":{\"@type\":\"EntryPoint\",\"urlTemplate\":\"https:\\\/\\\/dev.domkisauny.pl\\\/cs\\\/?s={search_term_string}\"},\"query-input\":{\"@type\":\"PropertyValueSpecification\",\"valueRequired\":true,\"valueName\":\"search_term_string\"}}],\"inLanguage\":\"cs\"},{\"@type\":\"Organization\",\"@id\":\"https:\\\/\\\/dev.domkisauny.pl\\\/cs\\\/#organization\",\"name\":\"Chaty, sauny\",\"url\":\"https:\\\/\\\/dev.domkisauny.pl\\\/cs\\\/\",\"logo\":{\"@type\":\"ImageObject\",\"inLanguage\":\"cs\",\"@id\":\"https:\\\/\\\/dev.domkisauny.pl\\\/cs\\\/#\\\/schema\\\/logo\\\/image\\\/\",\"url\":\"https:\\\/\\\/domkisauny.pl\\\/wp-content\\\/uploads\\\/2022\\\/09\\\/logo_03.png\",\"contentUrl\":\"https:\\\/\\\/domkisauny.pl\\\/wp-content\\\/uploads\\\/2022\\\/09\\\/logo_03.png\",\"width\":95,\"height\":81,\"caption\":\"Chaty, sauny\"},\"image\":{\"@id\":\"https:\\\/\\\/dev.domkisauny.pl\\\/cs\\\/#\\\/schema\\\/logo\\\/image\\\/\"},\"sameAs\":[\"https:\\\/\\\/www.facebook.com\\\/DomkiSauny\"]}]}<\/script>\n<!-- \/ Yoast SEO plugin. -->","yoast_head_json":{"title":"Sauna 350 cm s p\u0159eds\u00edn\u00ed | A&M Przecisz\u00f3w | chaty, sauny.","description":"Sauna 350 cm s p\u0159eds\u00edn\u00ed A&M, polsk\u00e9 smrkov\u00e9 d\u0159evo, desky o tlou\u0161\u0165ce","robots":{"index":"noindex","follow":"follow","max-snippet":"max-snippet:-1","max-image-preview":"max-image-preview:large","max-video-preview":"max-video-preview:-1"},"og_locale":"cs_CZ","og_type":"article","og_title":"Sauna 350 cm s p\u0159eds\u00edn\u00ed | A&M Przecisz\u00f3w | chaty, sauny.","og_description":"Sauna 350 cm s p\u0159eds\u00edn\u00ed A&M, polsk\u00e9 smrkov\u00e9 d\u0159evo, desky o tlou\u0161\u0165ce","og_url":"https:\/\/dev.domkisauny.pl\/cs\/produkt\/zahradni-sauna-sud-350-cm-s-balkonem-a-predsini\/","og_site_name":"Chaty, sauny","article_publisher":"https:\/\/www.facebook.com\/DomkiSauny","article_modified_time":"2025-05-21T13:15:13+00:00","og_image":[{"width":2000,"height":1125,"url":"https:\/\/dev.domkisauny.pl\/wp-content\/uploads\/2022\/10\/sauna-ogrodowa-beczka-35m-z-balkonem-i-przedsionkiem-wizualizacja.jpg","type":"image\/jpeg"}],"twitter_card":"summary_large_image","twitter_misc":{"Odhadovan\u00e1 doba \u010dten\u00ed":"4 minuty"},"schema":{"@context":"https:\/\/schema.org","@graph":[{"@type":"WebPage","@id":"https:\/\/dev.domkisauny.pl\/cs\/produkt\/zahradni-sauna-sud-350-cm-s-balkonem-a-predsini\/","url":"https:\/\/dev.domkisauny.pl\/cs\/produkt\/zahradni-sauna-sud-350-cm-s-balkonem-a-predsini\/","name":"Sauna 350 cm s p\u0159eds\u00edn\u00ed | A&M Przecisz\u00f3w | chaty, sauny.","isPartOf":{"@id":"https:\/\/dev.domkisauny.pl\/cs\/#website"},"primaryImageOfPage":{"@id":"https:\/\/dev.domkisauny.pl\/cs\/produkt\/zahradni-sauna-sud-350-cm-s-balkonem-a-predsini\/#primaryimage"},"image":{"@id":"https:\/\/dev.domkisauny.pl\/cs\/produkt\/zahradni-sauna-sud-350-cm-s-balkonem-a-predsini\/#primaryimage"},"thumbnailUrl":"https:\/\/dev.domkisauny.pl\/wp-content\/uploads\/2022\/10\/sauna-ogrodowa-beczka-35m-z-balkonem-i-przedsionkiem-wizualizacja.jpg","datePublished":"2022-10-05T07:29:25+00:00","dateModified":"2025-05-21T13:15:13+00:00","description":"Sauna 350 cm s p\u0159eds\u00edn\u00ed A&M, polsk\u00e9 smrkov\u00e9 d\u0159evo, desky o tlou\u0161\u0165ce","breadcrumb":{"@id":"https:\/\/dev.domkisauny.pl\/cs\/produkt\/zahradni-sauna-sud-350-cm-s-balkonem-a-predsini\/#breadcrumb"},"inLanguage":"cs","potentialAction":[{"@type":"ReadAction","target":["https:\/\/dev.domkisauny.pl\/cs\/produkt\/zahradni-sauna-sud-350-cm-s-balkonem-a-predsini\/"]}]},{"@type":"ImageObject","inLanguage":"cs","@id":"https:\/\/dev.domkisauny.pl\/cs\/produkt\/zahradni-sauna-sud-350-cm-s-balkonem-a-predsini\/#primaryimage","url":"https:\/\/dev.domkisauny.pl\/wp-content\/uploads\/2022\/10\/sauna-ogrodowa-beczka-35m-z-balkonem-i-przedsionkiem-wizualizacja.jpg","contentUrl":"https:\/\/dev.domkisauny.pl\/wp-content\/uploads\/2022\/10\/sauna-ogrodowa-beczka-35m-z-balkonem-i-przedsionkiem-wizualizacja.jpg","width":2000,"height":1125,"caption":"Sauna ogrodowa beczka 3,5m z balkonem i przedsionkiem"},{"@type":"BreadcrumbList","@id":"https:\/\/dev.domkisauny.pl\/cs\/produkt\/zahradni-sauna-sud-350-cm-s-balkonem-a-predsini\/#breadcrumb","itemListElement":[{"@type":"ListItem","position":1,"name":"A&amp;M","item":"https:\/\/dev.domkisauny.pl\/cs\/"},{"@type":"ListItem","position":2,"name":"Produkty","item":"https:\/\/dev.domkisauny.pl\/produkty\/"},{"@type":"ListItem","position":3,"name":"Sauny","item":"https:\/\/dev.domkisauny.pl\/cs\/kategorie-produktu\/sauny\/"},{"@type":"ListItem","position":4,"name":"Zahradn\u00ed sauny","item":"https:\/\/dev.domkisauny.pl\/cs\/kategorie-produktu\/sauny\/zahradni-sauny\/"},{"@type":"ListItem","position":5,"name":"Zahradn\u00ed sauna sud 350 cm s balk\u00f3nem a p\u0159eds\u00edn\u00ed"}]},{"@type":"WebSite","@id":"https:\/\/dev.domkisauny.pl\/cs\/#website","url":"https:\/\/dev.domkisauny.pl\/cs\/","name":"Chaty, sauny","description":"","publisher":{"@id":"https:\/\/dev.domkisauny.pl\/cs\/#organization"},"potentialAction":[{"@type":"SearchAction","target":{"@type":"EntryPoint","urlTemplate":"https:\/\/dev.domkisauny.pl\/cs\/?s={search_term_string}"},"query-input":{"@type":"PropertyValueSpecification","valueRequired":true,"valueName":"search_term_string"}}],"inLanguage":"cs"},{"@type":"Organization","@id":"https:\/\/dev.domkisauny.pl\/cs\/#organization","name":"Chaty, sauny","url":"https:\/\/dev.domkisauny.pl\/cs\/","logo":{"@type":"ImageObject","inLanguage":"cs","@id":"https:\/\/dev.domkisauny.pl\/cs\/#\/schema\/logo\/image\/","url":"https:\/\/domkisauny.pl\/wp-content\/uploads\/2022\/09\/logo_03.png","contentUrl":"https:\/\/domkisauny.pl\/wp-content\/uploads\/2022\/09\/logo_03.png","width":95,"height":81,"caption":"Chaty, sauny"},"image":{"@id":"https:\/\/dev.domkisauny.pl\/cs\/#\/schema\/logo\/image\/"},"sameAs":["https:\/\/www.facebook.com\/DomkiSauny"]}]}},"_links":{"self":[{"href":"https:\/\/dev.domkisauny.pl\/cs\/wp-json\/wp\/v2\/product\/1600","targetHints":{"allow":["GET"]}}],"collection":[{"href":"https:\/\/dev.domkisauny.pl\/cs\/wp-json\/wp\/v2\/product"}],"about":[{"href":"https:\/\/dev.domkisauny.pl\/cs\/wp-json\/wp\/v2\/types\/product"}],"wp:featuredmedia":[{"embeddable":true,"href":"https:\/\/dev.domkisauny.pl\/cs\/wp-json\/wp\/v2\/media\/8110"}],"wp:attachment":[{"href":"https:\/\/dev.domkisauny.pl\/cs\/wp-json\/wp\/v2\/media?parent=1600"}],"wp:term":[{"taxonomy":"product_brand","embeddable":true,"href":"https:\/\/dev.domkisauny.pl\/cs\/wp-json\/wp\/v2\/product_brand?post=1600"},{"taxonomy":"product_cat","embeddable":true,"href":"https:\/\/dev.domkisauny.pl\/cs\/wp-json\/wp\/v2\/product_cat?post=1600"},{"taxonomy":"product_tag","embeddable":true,"href":"https:\/\/dev.domkisauny.pl\/cs\/wp-json\/wp\/v2\/product_tag?post=1600"}],"curies":[{"name":"wp","href":"https:\/\/api.w.org\/{rel}","templated":true}]}}